{"id":765360,"date":"2025-04-17T17:28:52","date_gmt":"2025-04-18T00:28:52","guid":{"rendered":"https:\/\/www.santamonica.com\/?page_id=765360"},"modified":"2025-05-16T15:18:36","modified_gmt":"2025-05-16T22:18:36","slug":"mes-de-la-herencia-asiatico-americana-y-de-las-islas-del-pacifico","status":"publish","type":"page","link":"https:\/\/www.santamonica.com\/es\/asian-american-and-pacific-islander-heritage-month\/","title":{"rendered":"Ofertas especiales para empresas durante el Mes de la Herencia Asi\u00e1tico-Americana y de las Islas del Pac\u00edfico"},"content":{"rendered":"<section class=\"sun-title sm-block --theme6 --2col sm-block\">\n            <h2 class=\"sun-title__headline\">Ofertas especiales y eventos para empresas<\/h2>    \n            <div class=\"sun-title__body  --2col wysiwyg\">\n                    <div class=\"column-1\">\n                <p data-start=\"167\" data-end=\"493\"><strong data-start=\"167\" data-end=\"231\">Celebraci\u00f3n del Mes de la Herencia Asi\u00e1tico-Americana y de las Islas del Pac\u00edfico<\/strong><br data-start=\"231\" data-end=\"234\" \/><em data-start=\"234\" data-end=\"258\">S\u00e1bado, 17 de mayo de 2025<\/em><br data-start=\"258\" data-end=\"261\" \/>Un evento familiar y apto para perros en Third Street Promenade con actuaciones culturales, puestos y diversi\u00f3n para toda la comunidad.<br data-start=\"385\" data-end=\"388\" \/><strong><a class=\"cursor-pointer\" href=\"https:\/\/www.eventbrite.com\/e\/aapi-heritage-month-celebration-x-third-street-promenade-tickets-1331407247919\" target=\"_blank\" rel=\"noopener\" data-start=\"388\" data-end=\"493\">M\u00e1s informaci\u00f3n<\/a><\/strong><\/p>\n<p data-start=\"167\" data-end=\"493\"><b>Exposici\u00f3n de arte del patrimonio asi\u00e1tico-americano y de las islas del Pac\u00edfico (hasta mayo):<\/b><b><br \/>\n<\/b><span style=\"font-weight: 400;\"> Vea una colecci\u00f3n seleccionada de obras contempor\u00e1neas de artistas asi\u00e1tico-americanos y de las islas del Pac\u00edfico que exploran la identidad, el patrimonio y la resiliencia.<\/span><span style=\"font-weight: 400;\"><br \/>\n<\/span><span style=\"font-weight: 400;\"> @ Centro de Artes 18th Street<\/span><span style=\"font-weight: 400;\"><br \/>\n<\/span><strong><a href=\"https:\/\/www.santamonica.com\/es\/mes-de-la-herencia-asiatico-americana-y-de-las-islas-del-pacifico\/\" target=\"_blank\" rel=\"noopener\">M\u00e1s detalles aqu\u00ed<\/a><\/strong><\/p>\n<p data-start=\"495\" data-end=\"777\"><strong data-start=\"495\" data-end=\"536\">Servicio conmemorativo conjunto del D\u00eda de los Ca\u00eddos en Bay Cities<\/strong><br data-start=\"536\" data-end=\"539\" \/><em data-start=\"539\" data-end=\"561\">Lunes, 26 de mayo de 2025<\/em><br data-start=\"561\" data-end=\"564\" \/>Servicio conmemorativo en el cementerio Woodlawn en honor a los veteranos japoneses-estadounidenses que sirvieron durante la Segunda Guerra Mundial.<br data-start=\"676\" data-end=\"679\" \/><a class=\"\" href=\"https:\/\/rafu.com\/2022\/04\/bay-cities-joint-memorial-day-service-at-woodlawn-cemetery\/\" target=\"_new\" rel=\"noopener\" data-start=\"679\" data-end=\"777\"><strong>M\u00e1s informaci\u00f3n<\/strong><\/a><\/p>\n<p data-start=\"779\" data-end=\"1085\"><strong data-start=\"779\" data-end=\"808\">Patio de Santa M\u00f3nica<\/strong><br data-start=\"808\" data-end=\"811\" \/><em data-start=\"811\" data-end=\"849\">V\u00e1lido hasta el s\u00e1bado 31 de mayo de 2025.<\/em><br data-start=\"849\" data-end=\"852\" \/>Disfrute de un servicio gratuito de caf\u00e9 o t\u00e9 en todas las reuniones y eventos reservados durante el mes de mayo, en celebraci\u00f3n del Mes de la Herencia Asi\u00e1tico-Americana.<br data-start=\"992\" data-end=\"995\" \/><strong><a class=\"cursor-pointer\" href=\"https:\/\/www.santamonica.gov\/blog\/celebrate-asian-american-and-pacific-islander-heritage-month-this-may-with-events-and-activities-throughout-the-city\" target=\"_blank\" rel=\"noopener\" data-start=\"995\" data-end=\"1085\">M\u00e1s informaci\u00f3n<\/a><\/strong><\/p>\n<p data-start=\"779\" data-end=\"1085\"><strong data-start=\"1192\" data-end=\"1213\">Empanadillas chinas<\/strong><br data-start=\"1213\" data-end=\"1216\" \/><em data-start=\"1216\" data-end=\"1230\">31 de mayo de 2025<\/em><br data-start=\"1230\" data-end=\"1233\" \/>La Escuela Gourmandise en Santa Monica Place<br data-start=\"1277\" data-end=\"1280\" \/>Prepara tus propias empanadillas artesanales desde cero en esta clase interactiva centrada en el sabor, las t\u00e9cnicas de doblado y las tradiciones culturales.<br data-start=\"1416\" data-end=\"1419\" \/><strong><a class=\"cursor-pointer\" href=\"http:\/\/Chinese Dumplings May 31, 2025 The Gourmandise School at Santa Monica Place Craft your own handmade dumplings from scratch in this interactive class focused on flavor, folding techniques, and cultural traditions. Learn more\" target=\"_blank\" rel=\"noopener\" data-start=\"1419\" data-end=\"1481\">M\u00e1s informaci\u00f3n\u00a0<\/a><\/strong><\/p>\n<p data-start=\"779\" data-end=\"1085\"><strong>Cobi's\u00a0<\/strong><br \/>\nPlato especial de la cocina filipina que rinde homenaje al patrimonio y la tradici\u00f3n durante el Mes Filipino.<strong><br \/>\n<a href=\"https:\/\/www.santamonica.com\/es\/restaurantes\/currys-de-cobis\/\" target=\"_blank\" rel=\"noopener\">M\u00e1s informaci\u00f3n.\u00a0<\/a><\/strong><\/p>\n<p data-start=\"223\" data-end=\"558\"><strong data-start=\"223\" data-end=\"248\">Noche de cita: Sushi 101<\/strong><br data-start=\"248\" data-end=\"251\" \/><em data-start=\"251\" data-end=\"265\">10 de mayo de 2025<\/em><br data-start=\"265\" data-end=\"268\" \/>La Escuela Gourmandise en Santa Monica Place<br data-start=\"312\" data-end=\"315\" \/>Celebra el Mes de la Herencia Asi\u00e1tico-Americana con una clase pr\u00e1ctica de preparaci\u00f3n de sushi impartida por chefs expertos de origen asi\u00e1tico-americano. Aprende las t\u00e9cnicas b\u00e1sicas para preparar sushi fresco en un formato divertido, ideal para una cita nocturna.<br data-start=\"493\" data-end=\"496\" \/><strong><a class=\"cursor-pointer\" href=\"http:\/\/Chinese Dumplings May 31, 2025 The Gourmandise School at Santa Monica Place Craft your own handmade dumplings from scratch in this interactive class focused on flavor, folding techniques, and cultural traditions. Learn more\" target=\"_blank\" rel=\"noopener\" data-start=\"496\" data-end=\"558\">M\u00e1s informaci\u00f3n\u00a0<\/a><\/strong><\/p>\n<p data-start=\"223\" data-end=\"558\"><strong data-start=\"890\" data-end=\"913\">Vietnamita cotidiano<\/strong><br data-start=\"913\" data-end=\"916\" \/><em data-start=\"916\" data-end=\"930\">30 de mayo de 2025<\/em><br data-start=\"930\" data-end=\"933\" \/>La Escuela Gourmandise en Santa Monica Place<br data-start=\"977\" data-end=\"980\" \/>Descubre los fundamentos de la cocina casera vietnamita con rollitos frescos, ensalada de fideos de arroz y salsas para mojar, todo ello de la mano de aclamados chefs de la AAPI.<br data-start=\"1125\" data-end=\"1128\" \/><a class=\"cursor-pointer\" href=\"https:\/\/thegourmandiseschool.com\/?srsltid=AfmBOopGC6T-EHgUq3WyXSWfhzjEtJftBXVwYJmMoQSegdEEShfjmalP\" target=\"_blank\" rel=\"noopener\" data-start=\"1128\" data-end=\"1190\"><strong>M\u00e1s informaci\u00f3n<\/strong>\u00a0<\/a><\/p>\n                            <\/div>\n            <div class=\"column-2\">\n                <p data-start=\"1087\" data-end=\"1419\"><b>\u201cPop-up \u201dFeast From the East\u00bb del chef Chad Phuong (s\u00e1bado, de 12:00 a 18:00):<\/b><b><br \/>\n<\/b><span style=\"font-weight: 400;\"> El maestro barbacoero camboyano Chad Phuong (tambi\u00e9n conocido como \u201cel vaquero camboyano\u201d) lleva su pechuga ahumada, sus costillas y sus salsas inspiradas en el sudeste asi\u00e1tico a Santa M\u00f3nica para una pop-up especial de un d\u00eda con motivo del Mes de la Herencia Asi\u00e1tico-Americana.<\/span><span style=\"font-weight: 400;\"><br \/>\n<\/span><span style=\"font-weight: 400;\"> @ La Escuela Gourmandise, Santa Monica Place<\/span><span style=\"font-weight: 400;\"><br \/>\n<\/span><strong><a href=\"https:\/\/www.santamonica.com\/es\/mes-de-la-herencia-asiatico-americana-y-de-las-islas-del-pacifico\/\" target=\"_blank\" rel=\"noopener\">M\u00e1s detalles aqu\u00ed<\/a><\/strong><\/p>\n<p data-start=\"1087\" data-end=\"1419\"><strong data-start=\"1087\" data-end=\"1139\">DE JA A SHOHEI: El Proyecto de B\u00e9isbol Manzanar<\/strong><br data-start=\"1139\" data-end=\"1142\" \/><em data-start=\"1142\" data-end=\"1166\">S\u00e1bado, 10 de mayo de 2025<\/em><br data-start=\"1166\" data-end=\"1169\" \/>\u00danase al artista Dan Kwong en una presentaci\u00f3n multimedia que explora el b\u00e9isbol japon\u00e9s-estadounidense durante la Segunda Guerra Mundial, con videos, arte esc\u00e9nico y un panel de discusi\u00f3n.<br data-start=\"1328\" data-end=\"1331\" \/><strong><a class=\"cursor-pointer\" href=\"https:\/\/www.janm.org\/events\/2024-12-07\/manzanar-baseball-project\" target=\"_blank\" rel=\"noopener\" data-start=\"1331\" data-end=\"1419\">M\u00e1s informaci\u00f3n<\/a><\/strong><\/p>\n<p data-start=\"1087\" data-end=\"1419\"><b>Konamon Fest \u2013 Festival de comida callejera japonesa (s\u00e1bado y domingo):<\/b><b><br \/>\n<\/b><span style=\"font-weight: 400;\"> Este festival cultural y gastron\u00f3mico callejero regresa con una zona de degustaci\u00f3n de sake con m\u00e1s de 31 variedades, vendedores de Jap\u00f3n y una actuaci\u00f3n en vivo de viol\u00edn japon\u00e9s.<\/span><span style=\"font-weight: 400;\"><br \/>\n<\/span><span style=\"font-weight: 400;\"> @ Muelle de Santa M\u00f3nica<\/span><span style=\"font-weight: 400;\"><br \/>\n<\/span><strong><a href=\"https:\/\/www.konamonfest.com\" target=\"_blank\" rel=\"noopener\">M\u00e1s informaci\u00f3n<\/a><\/strong><\/p>\n<p data-start=\"1421\" data-end=\"1686\"><strong data-start=\"1421\" data-end=\"1454\">Casi exactamente igual que yo<\/strong><br data-start=\"1454\" data-end=\"1457\" \/><em data-start=\"1457\" data-end=\"1481\">S\u00e1bado, 17 de mayo de 2025<\/em><br data-start=\"1481\" data-end=\"1484\" \/>Lectura y firma de libros infantiles por Pearl AuYeung, en celebraci\u00f3n de la identidad, la diversidad y el Mes de la Herencia Asi\u00e1tico-Americana y de las Islas del Pac\u00edfico.<br data-start=\"1595\" data-end=\"1598\" \/><strong><a class=\"cursor-pointer\" href=\"https:\/\/santamonicanext.org\/2025\/04\/santa-monica-library-presents-the-manzanar-baseball-project-and-nearly-exactly-almost-like-me\/\" target=\"_blank\" rel=\"noopener\" data-start=\"1598\" data-end=\"1686\">M\u00e1s informaci\u00f3n<\/a><\/strong><\/p>\n<p data-start=\"1421\" data-end=\"1686\"><b>Oaxacalifornia \u2013 Proyecci\u00f3n de pel\u00edcula y mesa redonda (domingo, 16:00 h):<\/b><b><br \/>\n<\/b><span style=\"font-weight: 400;\"> Celebra la vibrante mezcla de las culturas mexicana y japonesa en esta aclamada proyecci\u00f3n documental, seguida de una sesi\u00f3n de preguntas y respuestas con la directora Bertha Aguilar.<\/span><span style=\"font-weight: 400;\"><br \/>\n<\/span><span style=\"font-weight: 400;\"> En el Santa Monica College, Aula de Humanidades.<\/span><span style=\"font-weight: 400;\"><br \/>\n<\/span><strong><a href=\"https:\/\/www.santamonica.com\/es\/mes-de-la-herencia-asiatico-americana-y-de-las-islas-del-pacifico\/\" target=\"_blank\" rel=\"noopener\">M\u00e1s detalles aqu\u00ed<\/a><\/strong><\/p>\n<p data-start=\"1688\" data-end=\"1955\"><strong data-start=\"1688\" data-end=\"1706\">Arroz, arroz, beb\u00e9.<\/strong><br data-start=\"1706\" data-end=\"1709\" \/><em data-start=\"1709\" data-end=\"1731\">Viernes, 16 de mayo de 2025<\/em><br data-start=\"1731\" data-end=\"1734\" \/>Noche de comedia con motivo del Mes de la Herencia Asi\u00e1tico-Americana y de las Islas del Pac\u00edfico, celebrada en The Crow, con un descuento especial en el restaurante Birdie G's para los asistentes.<br data-start=\"1861\" data-end=\"1864\" \/><strong><a class=\"cursor-pointer\" href=\"https:\/\/dola.com\/events\/2025\/5\/16\/rice-rice-baby-a-comedy-show-for-aapi-heritage-month-tickets\" target=\"_blank\" rel=\"noopener\" data-start=\"1864\" data-end=\"1955\">M\u00e1s informaci\u00f3n<\/a><\/strong><\/p>\n<p data-start=\"1688\" data-end=\"1955\"><b>Tai Chi en la playa (domingo, 9:00 a. m.):<\/b><b><br \/>\n<\/b><span style=\"font-weight: 400;\"> \u00danase al maestro Henry Lung en una sesi\u00f3n de tai chi suave y revitalizante que celebra las tradiciones de bienestar de la comunidad asi\u00e1tico-americana y de las islas del Pac\u00edfico. Gratuito y abierto a todos los niveles.<\/span><span style=\"font-weight: 400;\"><br \/>\n<\/span><span style=\"font-weight: 400;\"> @ Casa de playa comunitaria Annenberg<\/span><span style=\"font-weight: 400;\"><br \/>\n<\/span><strong><a href=\"https:\/\/www.santamonica.com\/es\/mes-de-la-herencia-asiatico-americana-y-de-las-islas-del-pacifico\/\" target=\"_blank\" rel=\"noopener\">M\u00e1s detalles aqu\u00ed<\/a><\/strong><\/p>\n<p data-start=\"1688\" data-end=\"1955\"><strong data-start=\"560\" data-end=\"591\">Cocina tradicional china<\/strong><br data-start=\"591\" data-end=\"594\" \/><em data-start=\"594\" data-end=\"608\">24 de mayo de 2025<\/em><br data-start=\"608\" data-end=\"611\" \/>La Escuela Gourmandise en Santa Monica Place<br data-start=\"655\" data-end=\"658\" \/>Domina los sabores intensos y las t\u00e9cnicas de la cocina tradicional china, incluyendo el pollo tres tazas, las espinacas salteadas con ajo y el tofu con almendras y albaricoques escalfados.<br data-start=\"823\" data-end=\"826\" \/><strong><a class=\"cursor-pointer\" href=\"http:\/\/Chinese Dumplings May 31, 2025 The Gourmandise School at Santa Monica Place Craft your own handmade dumplings from scratch in this interactive class focused on flavor, folding techniques, and cultural traditions. Learn more\" target=\"_blank\" rel=\"noopener\" data-start=\"826\" data-end=\"888\">M\u00e1s informaci\u00f3n\u00a0<\/a><\/strong><\/p>\n                            <\/div>\n            <\/div>\n    <\/section>","protected":false},"excerpt":{"rendered":"","protected":false},"author":1421,"featured_media":765784,"parent":0,"menu_order":0,"comment_status":"closed","ping_status":"closed","template":"template-editorial.php","meta":{"_acf_changed":false,"inline_featured_image":false,"footnotes":""},"silos":[],"class_list":["post-765360","page","type-page","status-publish","has-post-thumbnail","hentry"],"acf":[],"_links":{"self":[{"href":"https:\/\/www.santamonica.com\/es\/wp-json\/wp\/v2\/pages\/765360","targetHints":{"allow":["GET"]}}],"collection":[{"href":"https:\/\/www.santamonica.com\/es\/wp-json\/wp\/v2\/pages"}],"about":[{"href":"https:\/\/www.santamonica.com\/es\/wp-json\/wp\/v2\/types\/page"}],"author":[{"embeddable":true,"href":"https:\/\/www.santamonica.com\/es\/wp-json\/wp\/v2\/users\/1421"}],"replies":[{"embeddable":true,"href":"https:\/\/www.santamonica.com\/es\/wp-json\/wp\/v2\/comments?post=765360"}],"version-history":[{"count":11,"href":"https:\/\/www.santamonica.com\/es\/wp-json\/wp\/v2\/pages\/765360\/revisions"}],"predecessor-version":[{"id":766376,"href":"https:\/\/www.santamonica.com\/es\/wp-json\/wp\/v2\/pages\/765360\/revisions\/766376"}],"wp:featuredmedia":[{"embeddable":true,"href":"https:\/\/www.santamonica.com\/es\/wp-json\/wp\/v2\/media\/765784"}],"wp:attachment":[{"href":"https:\/\/www.santamonica.com\/es\/wp-json\/wp\/v2\/media?parent=765360"}],"wp:term":[{"taxonomy":"silos","embeddable":true,"href":"https:\/\/www.santamonica.com\/es\/wp-json\/wp\/v2\/silos?post=765360"}],"curies":[{"name":"wp","href":"https:\/\/api.w.org\/{rel}","templated":true}]}}