{"id":765201,"date":"2025-04-15T15:11:08","date_gmt":"2025-04-15T22:11:08","guid":{"rendered":"https:\/\/www.santamonica.com\/?page_id=765201"},"modified":"2025-11-04T09:48:17","modified_gmt":"2025-11-04T17:48:17","slug":"especialidades-empresariales-de-la-preparatoria-pali","status":"publish","type":"page","link":"https:\/\/www.santamonica.com\/es\/pali-high-school-business-specials\/","title":{"rendered":"Especiales de negocios para institutos"},"content":{"rendered":"<section class=\"sun-title sm-block --theme6 sm-block\">\n            <h2 class=\"sun-title__headline\">Ofertas gastron\u00f3micas<\/h2>    \n    <\/section>\n\n\n\n<div class=\"wp-block-columns is-layout-flex wp-container-core-columns-is-layout-28f84493 wp-block-columns-is-layout-flex base-block\">\n<div class=\"wp-block-column is-layout-flow wp-block-column-is-layout-flow base-block\">\n<p class=\"base-block\"><a href=\"https:\/\/www.santamonica.com\/es\/restaurantes\/el-paladar-curioso\/\">El paladar curioso<\/a><\/p>\n\n\n\n<p class=\"base-block\">10% de descuento en tu pedido con tu identificaci\u00f3n de estudiante de secundaria. Haz tu pedido en l\u00ednea con el c\u00f3digo promocional: HIGH SCHOOL* Oferta v\u00e1lida solo para estudiantes y profesores de Pali High School.<\/p>\n\n\n\n<p class=\"base-block\"><a href=\"https:\/\/www.santamonica.com\/es\/restaurantes\/espresso-cielo-14312\/\">Espresso Cielo<\/a><\/p>\n\n\n\n<p class=\"base-block\">Reciba un descuento de 10% en toda su compra con su identificaci\u00f3n de estudiante o maestro.<\/p>\n\n\n\n<p class=\"base-block\"><a href=\"https:\/\/www.santamonica.com\/es\/restaurantes\/costanera-en-el-muelle\/\">Seaside on the Pier \u2013 Santa M\u00f3nica<\/a><\/p>\n\n\n\n<p class=\"base-block\">Men\u00fas con todo incluido, impuestos estatales y cargo por servicio incluidos. Surfs UP $28.00 precio con todo incluido \/ $21.17 Hang 10 $38.00 con todo incluido \/ $28.73 Big Kahuna $48.00 con todo incluido \/ $36.29.<\/p>\n\n\n\n<p class=\"base-block\"><a href=\"https:\/\/www.santamonica.com\/es\/restaurantes\/espresso-cielo-14312\/\">Espresso Cielo<\/a><\/p>\n\n\n\n<p class=\"base-block\">10% de descuento en toda la compra con identificaci\u00f3n de estudiante o maestro.<\/p>\n\n\n\n<p class=\"base-block\"><a href=\"https:\/\/www.santamonica.com\/es\/restaurantes\/cafe-ugo\/\">UGO<\/a><\/p>\n\n\n\n<p class=\"base-block\">Descuento de 25% para las dos tiendas UGO situadas en el paseo mar\u00edtimo. Ubicaci\u00f3n 1: 1400 Third Street Promenade. Ubicaci\u00f3n 2: 1237 Third Street Promenade.<\/p>\n\n\n\n<p class=\"base-block\"><a href=\"https:\/\/www.santamonica.com\/es\/restaurantes\/edgemar\/\">Restaurante y sal\u00f3n Edgemar<\/a><\/p>\n\n\n\n<p class=\"base-block\">Descuento en el almuerzo 15% \u201cLos pap\u00e1s recogen y dejan a los ni\u00f1os en Edgemar\u201d.\u201d<\/p>\n\n\n\n<p class=\"base-block\"><a href=\"https:\/\/www.santamonica.com\/es\/restaurantes\/helados-mcconnells-fine-ice-creams\/\">Helados McConnell's Fine Ice Creams<\/a><\/p>\n\n\n\n<p class=\"base-block\">10% descuento para estudiantes de secundaria de Pali.<\/p>\n\n\n\n<p class=\"base-block\"><a href=\"https:\/\/www.santamonica.com\/es\/restaurantes\/pizzeria-stefanos\/\">Pizzer\u00eda Stefano's<\/a><\/p>\n\n\n\n<p class=\"base-block\">20% de descuento en cualquier compra para estudiantes y profesores con identificaci\u00f3n escolar.<\/p>\n<\/div>\n\n\n\n<div class=\"wp-block-column is-layout-flow wp-block-column-is-layout-flow base-block\">\n<p class=\"base-block\"><a href=\"https:\/\/www.santamonica.com\/es\/restaurantes\/comida-saludable-y-sensata\/\">Alimentos sensatos y saludables<\/a><\/p>\n\n\n\n<p class=\"base-block\">10% de descuento en tu pedido con tu identificaci\u00f3n de estudiante de Pali High School. *Oferta v\u00e1lida solo para estudiantes y profesores de Pali High School.<\/p>\n\n\n\n<p class=\"base-block\"><a href=\"https:\/\/www.santamonica.com\/es\/restaurantes\/taberna-en-la-calle-principal\/\">Taberna en Main<\/a><\/p>\n\n\n\n<p class=\"base-block\">Ofertas especiales durante la hora feliz, de lunes a viernes, de 2 a 7 p. m. Se puede aplicar un peque\u00f1o descuento para maestros y profesores.<\/p>\n\n\n\n<p class=\"base-block\"><a href=\"https:\/\/whalerbeachbar.com\" target=\"_blank\" rel=\"noopener\">Bar Whaler Beach<\/a><\/p>\n\n\n\n<p class=\"base-block\">Men\u00fa $15. Incluye un refresco. Disponible con identificaci\u00f3n escolar. Hamburguesa (servida con papas fritas o ensalada), s\u00e1ndwich de pollo a la parrilla BLTA (servido con papas fritas o ensalada) o s\u00e1ndwich de pollo frito (servido con papas fritas o ensalada), ensalada de col rizada, pizza de pepperoni, alitas de pollo Buffalo.<\/p>\n\n\n\n<p class=\"base-block\"><a href=\"https:\/\/www.santamonica.com\/es\/restaurantes\/nick-el-griego\/\">Nick el Griego<\/a><\/p>\n\n\n\n<p class=\"base-block\">Estudiantes y personal de Pali High: \u00a1esta oferta es solo para ustedes! Muestren su identificaci\u00f3n de estudiante o su identificaci\u00f3n de personal y obtengan un descuento de 10% en cualquier art\u00edculo del men\u00fa, O BIEN, obtengan una mejora GRATIS a papas fritas griegas o papas fritas Nick's al comprar cualquier combo. No se lo pierdan: \u00a1recarguen energ\u00edas con sabor y ahorren mientras lo hacen!<\/p>\n\n\n\n<p class=\"base-block\"><a href=\"https:\/\/www.santamonica.com\/es\/restaurantes\/el-zorro-surfista\/\">El zorro surfero<\/a><\/p>\n\n\n\n<p class=\"base-block\">El personal docente y los maestros tienen libre de 7:00 a. m. a 4:00 p. m. los d\u00edas laborables.<\/p>\n\n\n\n<p class=\"base-block\"><a href=\"https:\/\/www.santamonica.com\/es\/restaurantes\/captura-del-pacifico\/\">Captura en el Pac\u00edfico<\/a><\/p>\n\n\n\n<p class=\"base-block\">Dirigido a los miembros del cuerpo docente, tenemos una hora feliz diaria llamada \u201cAloha Hour\u2019 de 3 a 6 de la tarde. Comida a partir de $5, c\u00f3cteles a partir de $8. Tambi\u00e9n ofrecemos un descuento de 10% a todos los miembros del cuerpo docente de la escuela en cualquier momento y cualquier d\u00eda de la semana.<\/p>\n\n\n\n<p class=\"base-block\"><a href=\"https:\/\/www.santamonica.com\/es\/restaurantes\/rosti\/\">Rosti Cocina Toscana<\/a><\/p>\n\n\n\n<p class=\"base-block\">\u00a1Ahorra $5 cuando gastes $25 o m\u00e1s! Disponible para comer en el local o para llevar, es necesario mostrar una identificaci\u00f3n de estudiante. Usa el c\u00f3digo promocional: GOPALI*Oferta v\u00e1lida solo para estudiantes y profesores de Pali High School. V\u00e1lida hasta el 31 de mayo de 2026.<\/p>\n<\/div>\n<\/div>\n\n\n<section class=\"sun-title sm-block --theme6 sm-block\">\n            <h2 class=\"sun-title__headline\">Ofertas especiales para minoristas<\/h2>    \n    <\/section>\n\n\n\n<div class=\"wp-block-columns is-layout-flex wp-container-core-columns-is-layout-28f84493 wp-block-columns-is-layout-flex base-block\">\n<div class=\"wp-block-column is-layout-flow wp-block-column-is-layout-flow base-block\">\n<p class=\"base-block\"><a href=\"https:\/\/www.santamonica.com\/es\/ir-de-compras\/la-tienda-de-bicicletas\/\">La tienda de bicicletas Santa M\u00f3nica<\/a><\/p>\n\n\n\n<p class=\"base-block\">20% de descuento en bicicletas, 50% de descuento en la segunda cerradura con la compra, $25 de descuento en reparaciones superiores a $100.<\/p>\n\n\n\n<p class=\"base-block\"><a href=\"https:\/\/www.santamonica.com\/es\/ir-de-compras\/pintura-cox\/\">Cox Paint, S.A.<\/a><\/p>\n\n\n\n<p class=\"base-block\">20% de descuento en todas las pinturas y materiales de pintura con identificaci\u00f3n de estudiante (dom\u00e9stico) y cuentas escolares.<\/p>\n\n\n\n<p class=\"base-block\"><a href=\"https:\/\/www.santamonica.com\/es\/ir-de-compras\/arena-y-surf-13133\/\">Arena y surf<\/a><\/p>\n\n\n\n<p class=\"base-block\">15% de descuento en cualquier compra, incluyendo aperitivos y bebidas, con tu identificaci\u00f3n de estudiante de secundaria. \u00a1P\u00e1sate por nuestra tienda en Third Street Promenade y ll\u00e9vate un recuerdo especial de Santa M\u00f3nica!<\/p>\n\n\n\n<p class=\"base-block\"><a href=\"https:\/\/www.santamonica.com\/es\/ir-de-compras\/cami-y-jax\/\">CAMI AND JAX, trajes de ba\u00f1o de lujo para mujeres y ni\u00f1as<\/a><\/p>\n\n\n\n<p class=\"base-block\">30% Descuento en todo. V\u00e1lido tanto en tienda como en l\u00ednea. Usa el c\u00f3digo 30Pali.<\/p>\n\n\n\n<p class=\"base-block\"><a href=\"https:\/\/www.santamonica.com\/es\/ir-de-compras\/tienda-de-decenas\/\">Tenshoppe LA<\/a><\/p>\n\n\n\n<p class=\"base-block\">15% de descuento en tu pedido con tu identificaci\u00f3n de estudiante de secundaria. *Oferta v\u00e1lida solo para estudiantes y profesores de Pali High School y solo en nuestra tienda de Santa M\u00f3nica.<\/p>\n<\/div>\n\n\n\n<div class=\"wp-block-column is-layout-flow wp-block-column-is-layout-flow base-block\">\n<p class=\"base-block\"><a href=\"https:\/\/www.santamonica.com\/es\/ir-de-compras\/centro-de-informacion-turistica-de-santa-monica\/\">Centros de informaci\u00f3n tur\u00edstica de Santa M\u00f3nica<\/a><\/p>\n\n\n\n<p class=\"base-block\">Reciba un descuento de 30% en cualquier producto en cualquiera de los tres Centros de Informaci\u00f3n Tur\u00edstica de Santa M\u00f3nica.<\/p>\n\n\n\n<p class=\"base-block\"><a href=\"https:\/\/www.santamonica.com\/es\/ir-de-compras\/mar-de-plata\/\">Mar de plata<\/a><\/p>\n\n\n\n<p class=\"base-block\">25% de descuento en un art\u00edculo a precio normal con identificaci\u00f3n v\u00e1lida de la escuela secundaria Pali*.<br>*Oferta v\u00e1lida solo para estudiantes y profesores de la Escuela Secundaria Pali.<\/p>\n\n\n\n<p class=\"base-block\"><a href=\"https:\/\/www.santamonica.com\/es\/ir-de-compras\/colchones-japoneses-airweave\/\">Airweave<\/a><\/p>\n\n\n\n<p class=\"base-block\">Airweave, la marca japonesa de innovaci\u00f3n en descanso en la que conf\u00edan los atletas ol\u00edmpicos, lanza su mayor oferta de la temporada con motivo del D\u00eda del Trabajo, v\u00e1lida desde el lunes 18 de agosto hasta el 7 de septiembre.Las promociones incluyen: $300 de descuento en los colchones de la colecci\u00f3n Yume con el c\u00f3digo LABOR30010% de descuento en todos los futones y cubrecolchones con el c\u00f3digo LABOR1010% de descuento en los colchones Airweave y Advanced, que ya tienen un precio rebajado (no se necesita c\u00f3digo).<\/p>\n<\/div>\n<\/div>\n\n\n<section class=\"sun-title sm-block --theme6 sm-block\">\n            <h2 class=\"sun-title__headline\">Especiales para empresas<\/h2>    \n    <\/section>\n\n\n\n<div class=\"wp-block-columns is-layout-flex wp-container-core-columns-is-layout-28f84493 wp-block-columns-is-layout-flex base-block\">\n<div class=\"wp-block-column is-layout-flow wp-block-column-is-layout-flow base-block\">\n<p class=\"base-block\"><a href=\"https:\/\/www.santamonica.com\/es\/cosas-que-hacer\/teatro-de-santa-monica\/\">Teatro de Santa M\u00f3nica<\/a><\/p>\n\n\n\n<p class=\"base-block\">Los estudiantes reciben un descuento de 50% en cualquier espect\u00e1culo producido por Santa Monica Playhouse. Consulte la programaci\u00f3n en https:\/\/SantaMonicaPlayhouse.com, elija el espect\u00e1culo que desee ver y p\u00f3ngase en contacto con nosotros en el 1-310-394-9779 o en theatre@SantaMonicaPlayhouse.com e ind\u00edquenos que es estudiante de Pali o Samo para obtener su descuento.<\/p>\n\n\n\n<p class=\"base-block\"><a href=\"https:\/\/www.santamonica.com\/es\/restaurantes\/papilas-gustativas\/\">Papille Gustative<\/a><\/p>\n\n\n\n<p class=\"base-block\">\u00a1Reserva sin cargo nuestras salas privadas para tu FIESTA DE GRADUACI\u00d3N!<\/p>\n\n\n\n<p class=\"base-block\"><a href=\"https:\/\/www.santamonica.com\/es\/hoteles\/hotel-surestay-by-best-western-santa-monica\/\">SureStay by Best Western Santa M\u00f3nica<\/a><\/p>\n\n\n\n<p class=\"base-block\">\u00a115% fuera de nuestra tarifa p\u00fablica!<\/p>\n\n\n\n<p class=\"base-block\"><a href=\"https:\/\/www.santamonica.com\/es\/ir-de-compras\/spa-de-bienestar-radiance\/\">Spa Radiance Wellness<\/a><\/p>\n\n\n\n<p class=\"base-block\">\u00a1Oferta especial para estudiantes! 20% de descuento en los servicios de Radiance Wellness Spa. Para beneficiarse de la oferta, es necesario presentar una identificaci\u00f3n de estudiante v\u00e1lida.<\/p>\n\n\n\n<p class=\"base-block\"><a href=\"https:\/\/www.santamonica.com\/es\/cosas-que-hacer\/castillo-de-la-musica\/\">The Music Castle, S.A.<\/a><\/p>\n\n\n\n<p class=\"base-block\">50% descuento en la primera clase privada de canto, piano, guitarra, bater\u00eda, bajo o producci\u00f3n. \u00a1Solo $25! Primera clase grupal de arte de una hora de duraci\u00f3n para ni\u00f1os de 3 a 18 a\u00f1os los viernes para los estudiantes y familias de Palisades Charter High School.<\/p>\n\n\n\n<p class=\"base-block\"><a href=\"http:\/\/www.SportsFitPT.com\" target=\"_blank\" rel=\"noopener\">SportsFit PT<\/a><\/p>\n\n\n\n<p class=\"base-block\">SportsFit PT es el lugar de referencia en Santa M\u00f3nica y la zona oeste para mantener un estilo de vida saludable y activo, ayudando a nuestros clientes a tratar y evitar lesiones. Nuestro equipo de expertos ofrece fisioterapia de vanguardia, an\u00e1lisis de carrera, masajes terap\u00e9uticos, Pilates, yoga y programas de entrenamiento personalizados dise\u00f1ados para mantenerte libre de lesiones y rendir al m\u00e1ximo.Le invitamos a asociarse con SportsFit y experimentar la misma atenci\u00f3n de primera calidad en la que conf\u00edan muchos de los deportistas aficionados del oeste de Los \u00c1ngeles, as\u00ed como los atletas de \u00e9lite de resistencia de la ciudad. Disfrute de algunas de las siguientes ventajas exclusivas del club: Descuento de $50 en la sesi\u00f3n inicial de an\u00e1lisis de la carrera, ya sea con pago privado o con seguro (precio normal $185); Sesi\u00f3n gratuita de evaluaci\u00f3n de lesiones: el objetivo de esta sesi\u00f3n es evaluar cualquier posible lesi\u00f3n y determinar el mejor curso de acci\u00f3n (valor $185);Conjunto de 2 sesiones gratuitas de su elecci\u00f3n de nuestros servicios complementarios (masaje, pilates, yoga, entrenamiento privado); precio normal: $125 por sesi\u00f3n (valor de $250); 20% de descuento en cualquier servicio individual despu\u00e9s de las dos primeras sesiones;10% adicionales de descuento en cualquier paquete (entrenamiento personal, pilates, masajes, yoga, entrenamiento privado); $100 de descuento en las primeras 5 sesiones de cualquier tratamiento de fisioterapia privado o cubierto por el seguro; $100 de descuento en el paquete de 3 sesiones de tratamiento con ondas de choque: precio normal: $489.<\/p>\n\n\n\n<p class=\"base-block\"><a href=\"https:\/\/www.santamonica.com\/es\/hoteles\/motel-junto-al-mar\/\">Motel Sea Shore<\/a><\/p>\n\n\n\n<p class=\"base-block\">Tarifas con descuento para familias Pali y Samo. Env\u00ede un correo electr\u00f3nico a Sonia@seashoremotel.com para obtener m\u00e1s informaci\u00f3n.<\/p>\n<\/div>\n\n\n\n<div class=\"wp-block-column is-layout-flow wp-block-column-is-layout-flow base-block\">\n<p class=\"base-block\"><a href=\"https:\/\/www.pilatesplatinum.com\" target=\"_blank\" rel=\"noopener\">Pilates Platino<\/a><\/p>\n\n\n\n<p class=\"base-block\">Las clases de Pilates Platinum consisten en 45 minutos de entrenamiento completo del cuerpo en nuestro reformer de Pilates dise\u00f1ado a medida. Cada movimiento se controla lentamente para maximizar el tiempo bajo tensi\u00f3n y ayudar a los m\u00fasculos a alcanzar de manera eficiente el punto de fatiga. El resultado: un fortalecimiento fundamental del tronco y de los m\u00fasculos peque\u00f1os y dif\u00edciles de ver, lo que da lugar a unos resultados externos realmente sorprendentes, con un cuerpo largo, delgado y tonificado. Estamos encantados de darle la bienvenida al vecindario. Disfrute de 3 clases por $45. Env\u00ede un correo electr\u00f3nico a info@pilatesplatinum.com para canjearlo.<\/p>\n\n\n\n<p class=\"base-block\"><a href=\"https:\/\/www.santamonica.com\/es\/ir-de-compras\/bano-de-pies-bao\/\">Spa para pies BAO<\/a><\/p>\n\n\n\n<p class=\"base-block\">Compre 6 tratamientos y reciba 1 sesi\u00f3n gratis.<\/p>\n\n\n\n<p class=\"base-block\"><a href=\"https:\/\/www.myotbythesea.com\" target=\"_blank\" rel=\"noopener\">OT junto al mar<\/a><\/p>\n\n\n\n<p class=\"base-block\">En OT by the Sea, nuestros terapeutas ocupacionales trabajan con ni\u00f1os y adultos para fomentar la independencia y empoderar a toda la familia. Ya sea en relaci\u00f3n con la independencia y las habilidades de autocuidado, la ansiedad, la gesti\u00f3n de tareas, la regulaci\u00f3n emocional, el fortalecimiento f\u00edsico y la coordinaci\u00f3n, estamos aqu\u00ed para ayudarle a prosperar. Ofreceremos un descuento especial 10% en las evaluaciones a esta comunidad.<\/p>\n\n\n\n<p class=\"base-block\"><a href=\"https:\/\/www.santamonica.com\/es\/cosas-que-hacer\/intercambio-de-arte\/\">Intercambio art\u00edstico de Los \u00c1ngeles<\/a><\/p>\n\n\n\n<p class=\"base-block\">15% ofrece enmarcado personalizado de fotograf\u00edas para los estudiantes, padres, profesores y comunidad de la Escuela Secundaria Pali.<\/p>\n\n\n\n<p class=\"base-block\"><a href=\"https:\/\/www.santamonica.com\/es\/cosas-que-hacer\/sala-de-juegos\/\">Arcade Playland<\/a><\/p>\n\n\n\n<p class=\"base-block\">Los estudiantes y profesores reciben un cr\u00e9dito adicional de $5 por cada tarjeta de juego comprada de $20 o m\u00e1s. Valor de $25 por $20.<\/p>\n\n\n\n<p class=\"base-block\"><a href=\"https:\/\/www.santamonica.com\/es\/cosas-que-hacer\/salon-de-magia-ilusion\/\">Sal\u00f3n de magia Illusion<\/a><\/p>\n\n\n\n<p class=\"base-block\">50% de descuento en las entradas para nuestros espect\u00e1culos nocturnos Magic by the Sea (viernes y s\u00e1bados a las 19:00 h) para estudiantes de secundaria y sus familias. Es necesario presentar el carn\u00e9 de estudiante para poder beneficiarse de la oferta.<\/p>\n\n\n\n<p class=\"base-block\"><a href=\"https:\/\/www.santamonica.com\/es\/hoteles\/hotel-costero\/\">Hotel Shore <\/a><\/p>\n\n\n\n<p class=\"base-block\">Disfrute de la elegancia sin esfuerzo del principal hotel boutique de cuatro estrellas de Santa M\u00f3nica con una tarifa exclusiva para la comunidad. Desde ahora hasta fin de a\u00f1o, disfrute de una refinada escapada costera por $229\/noche, con la tarifa de destino exenta como nuestro regalo de bienvenida personal. Despi\u00e9rtese con la brisa del mar, d\u00e9 un paseo hasta el emblem\u00e1tico muelle y rel\u00e1jese con estilo gracias a las comodidades seleccionadas y al servicio de alta calidad, dise\u00f1ados para que cada momento sea excepcional. Prepago total, no reembolsable y no modificable. Disponibilidad limitada: asegure hoy mismo su escapada costera.<\/p>\n\n\n\n<p class=\"base-block\"><a href=\"https:\/\/www.santamonica.com\/es\/cosas-que-hacer\/museo-de-historia-de-santa-monica-2\/\">Museo de Historia de Santa M\u00f3nica<\/a><\/p>\n\n\n\n<p class=\"base-block\">Entrada gratuita para todos los estudiantes durante el horario habitual de apertura al p\u00fablico.<\/p>\n<\/div>\n<\/div>\n\n\n\n<p class=\"base-block\">Si usted es un negocio de Santa M\u00f3nica y ofrece men\u00fas especiales para el almuerzo, tarifas con descuento y\/o ofertas para despu\u00e9s de la escuela a los estudiantes, maestros y profesores de SaMo y Pali High, por favor env\u00edenoslos. <a href=\"https:\/\/www.santamonica.com\/es\/presentar-especiales-de-negocios-de-secundaria\/\">aqu\u00ed.<\/a><\/p>","protected":false},"excerpt":{"rendered":"<p>The Curious Palate 10% off your order with proof of High school ID. Order online with promo code: HIGH SCHOOL* Offer only valid for students and faculty of Pali High School. Espresso Cielo Receive 10% off entire purchase with student or teacher ID. Seaside on the Pier \u2013 Santa Monica All Inclusive Menus of State Tax and service charge\u00a0 Surfs UP $28.00 all inclusive pricing \/ $21.17 Hang 10 $38.00 all inclusive \/ $28.73Big Kahuna $48.00 all inclusive \/ $36.29. Espresso Cielo 10% off entire purchase w\/ student or teacher ID. UGO 25% discount for both UGO locations on promenade. [\u2026]<\/p>\n","protected":false},"author":1421,"featured_media":765016,"parent":0,"menu_order":0,"comment_status":"closed","ping_status":"closed","template":"template-editorial.php","meta":{"_acf_changed":false,"inline_featured_image":false,"footnotes":""},"silos":[],"class_list":["post-765201","page","type-page","status-publish","has-post-thumbnail","hentry"],"acf":[],"_links":{"self":[{"href":"https:\/\/www.santamonica.com\/es\/wp-json\/wp\/v2\/pages\/765201","targetHints":{"allow":["GET"]}}],"collection":[{"href":"https:\/\/www.santamonica.com\/es\/wp-json\/wp\/v2\/pages"}],"about":[{"href":"https:\/\/www.santamonica.com\/es\/wp-json\/wp\/v2\/types\/page"}],"author":[{"embeddable":true,"href":"https:\/\/www.santamonica.com\/es\/wp-json\/wp\/v2\/users\/1421"}],"replies":[{"embeddable":true,"href":"https:\/\/www.santamonica.com\/es\/wp-json\/wp\/v2\/comments?post=765201"}],"version-history":[{"count":88,"href":"https:\/\/www.santamonica.com\/es\/wp-json\/wp\/v2\/pages\/765201\/revisions"}],"predecessor-version":[{"id":775397,"href":"https:\/\/www.santamonica.com\/es\/wp-json\/wp\/v2\/pages\/765201\/revisions\/775397"}],"wp:featuredmedia":[{"embeddable":true,"href":"https:\/\/www.santamonica.com\/es\/wp-json\/wp\/v2\/media\/765016"}],"wp:attachment":[{"href":"https:\/\/www.santamonica.com\/es\/wp-json\/wp\/v2\/media?parent=765201"}],"wp:term":[{"taxonomy":"silos","embeddable":true,"href":"https:\/\/www.santamonica.com\/es\/wp-json\/wp\/v2\/silos?post=765201"}],"curies":[{"name":"wp","href":"https:\/\/api.w.org\/{rel}","templated":true}]}}