{"id":764873,"date":"2025-04-04T09:27:15","date_gmt":"2025-04-04T16:27:15","guid":{"rendered":"https:\/\/www.santamonica.com\/?page_id=764873"},"modified":"2026-01-14T08:45:06","modified_gmt":"2026-01-14T16:45:06","slug":"solicitud-de-propuesta","status":"publish","type":"page","link":"https:\/\/www.santamonica.com\/es\/request-for-proposal\/","title":{"rendered":"Solicitud de propuesta"},"content":{"rendered":"<p class=\"base-block\">Santa Monica Travel &amp; Tourism (SMTT) invita a las agencias de viajes y relaciones p\u00fablicas cualificadas del Reino Unido e Irlanda a presentar propuestas para representar al destino.<br><br>Buscamos una agencia colaboradora que nos ayude a aumentar la visibilidad y la demanda de Santa M\u00f3nica a trav\u00e9s de la participaci\u00f3n comercial, las relaciones con los medios de comunicaci\u00f3n, las actividades de venta, el marketing cooperativo y el an\u00e1lisis continuo del mercado. La agencia seleccionada trabajar\u00e1 en estrecha colaboraci\u00f3n con SMTT y organizaciones del sector, como Visit California y Brand USA, para dar a conocer la ciudad, inspirar viajes y obtener resultados medibles en el Reino Unido e Irlanda. Se anima a las agencias con experiencia relevante a que revisen la solicitud de propuestas completa y presenten una propuesta que destaque su estrategia, capacidades y precios.<br><br>Detalles clave de la solicitud de propuestas:<br><br>\u2022 Fecha l\u00edmite para la presentaci\u00f3n de propuestas: 20 de febrero de 2026 a las 5:00 p. m. PST.<br>\u2022 Fecha de inicio del servicio: 1 de julio de 2026<br>\u2022 Alcance del proyecto: representaci\u00f3n del sector tur\u00edstico en el Reino Unido e Irlanda, apoyo a MICE, relaciones p\u00fablicas, apoyo al consumidor\/digital, marketing cooperativo e informes.<br>\u2022 Duraci\u00f3n estimada: 1 a\u00f1o con posibilidad de pr\u00f3rroga de 1 a\u00f1o.<br><br><a href=\"https:\/\/www.santamonica.com\/wp-content\/uploads\/2025\/04\/SantaMonicacom-RFP.pdf\" target=\"_blank\" rel=\"noreferrer noopener\">Hazlo<\/a><a href=\"https:\/\/www.santamonica.com\/wp-content\/uploads\/2026\/01\/FINAL-RFP-SMTT-UK-Ireland-2026-2027-2.pdf\" target=\"_blank\" rel=\"noreferrer noopener\">Descargue el documento de solicitud de propuestas aqu\u00ed.<\/a><br><br>Esperamos tener noticias suyas.<\/p>\n\n\n<section class=\"travel-tips --theme7 sm-block base-block\">\n    <div class=\"travel-tips__inner\">\n        <div class=\"travel-tips__body-col\">\n                            <img decoding=\"async\" src=\"https:\/\/www.santamonica.com\/wp-content\/uploads\/2022\/06\/responsible-badge-1.svg\" alt=\"Viaja por Santa M\u00f3nica con responsabilidad\" title=\"\">\n                                        <p class=\"travel-tips__intro\">Viaja de forma segura y sostenible para ayudar a mantener la belleza de Santa M\u00f3nica al tiempo que te mantienes sano con estos consejos.<\/p>\n                    <\/div>\n        <div class=\"travel-tips__links-col\">\n                        <div class=\"travel-tips__link-row\">\n                                    <img decoding=\"async\" src=\"https:\/\/www.santamonica.com\/wp-content\/uploads\/2022\/06\/Parking-Information.svg\" alt=\"Aparcamiento en Santa M\u00f3nica\" title=\"\">\n                                                    <a class=\"travel-tips__link\" href=\"https:\/\/www.santamonica.com\/es\/transporte\/estacionamiento\/\">\n                        Informaci\u00f3n sobre el aparcamiento                    <\/a>\n                            <\/div>\n                        <div class=\"travel-tips__link-row\">\n                                    <img decoding=\"async\" src=\"https:\/\/www.santamonica.com\/wp-content\/uploads\/2022\/06\/What-to-Pack.svg\" alt=\"C\u00f3mo hacer la maleta para viajar a Santa M\u00f3nica\" title=\"\">\n                                                    <a class=\"travel-tips__link\" href=\"https:\/\/www.santamonica.com\/es\/vivir-santa-monica\/que-llevar\/\">\n                        Qu\u00e9 meter en la maleta                    <\/a>\n                            <\/div>\n                        <div class=\"travel-tips__link-row\">\n                                    <img decoding=\"async\" src=\"https:\/\/www.santamonica.com\/wp-content\/uploads\/2022\/06\/Health-and-Safety.svg\" alt=\"Consejos de seguridad para viajar a Santa M\u00f3nica\" title=\"\">\n                                                    <a class=\"travel-tips__link\" href=\"https:\/\/www.santamonica.com\/es\/vivir-santa-monica\/seguridad\/\">\n                        Salud y seguridad                    <\/a>\n                            <\/div>\n                        <div class=\"travel-tips__link-row\">\n                                    <img decoding=\"async\" src=\"https:\/\/www.santamonica.com\/wp-content\/uploads\/2022\/06\/The-Essentials.svg\" alt=\"Lo esencial del viaje a Santa M\u00f3nica\" title=\"\">\n                                                    <a class=\"travel-tips__link\" href=\"https:\/\/www.santamonica.com\/es\/vivir-santa-monica\/elementos-esenciales\/\">\n                        Lo esencial                    <\/a>\n                            <\/div>\n                    <\/div>\n\n    <\/div>\n<\/section>\n\n\n    <section class=\"booking-cta --theme5 sm-block\">\n    <div id=\"widget-container-2070\"><\/div>\n<script type=\"text\/javascript\">\n  (function() {\n    var script = document.createElement('script');\n    script.type = 'text\/javascript';\n    script.async = 'true';\n    script.src = \"https:\/\/admin.bookdirect.net\/hs4\/widgets\/2070.js?widget_element=widget-container-2070\";\n    document.body.appendChild(script);\n  })();\n<\/script>\n    <\/section>\n\n\n\n<section class=\"blog-feed --theme8 sm-block\">\n    <div class=\"blog-feed__content\">\n        <div class=\"blog-feed__intro\">\n                            <div class=\"blog-feed__eyebrow eyebrow\">Blogs<\/div>                                        <h1 class=\"blog-feed__headline\">Descubre Santa M\u00f3nica<\/h1>                                        <div class=\"blog-feed__body\"><p>Explore itinerarios, consejos locales, lugares de inter\u00e9s y aventuras seleccionadas para sacar el m\u00e1ximo partido a su experiencia en Santa M\u00f3nica.<\/p>\n<\/div>\n                                        <a class=\"blog-feed__cta\" href=\"https:\/\/www.santamonica.com\/es\/entradas-de-blog\/\">Ver todos los blogs<\/a>\n                    <\/div>\n\n        <ul class=\"blog-feed__list\">\n                                                <li class=\"blog-feed__item\">\n                        <a href=\"https:\/\/www.santamonica.com\/es\/experience-santa-monica\/diverse-santa-monica-businesses\/\" class=\"blog-feed__item-link\">\n                            <div class=\"blog-feed__image-ratio\">\n                                <img decoding=\"async\" class=\"blog-feed__image\" src=\"https:\/\/www.santamonica.com\/wp-content\/uploads\/2020\/12\/Minority-Owned-Businesses-in-Santa-Monica-featured-400x400.jpg\" alt=\"Empresas que celebran la diversidad de Santa M\u00f3nica\" title=\"\">\n                            <\/div>\n                            <div class=\"blog-feed__card-title\">Empresas que celebran la diversidad de Santa M\u00f3nica<\/div>\n                        <\/a>\n                    <\/li>\n                                                                <li class=\"blog-feed__item\">\n                        <a href=\"https:\/\/www.santamonica.com\/es\/shopping\/support-santa-monica-retail-and-buy-local\/\" class=\"blog-feed__item-link\">\n                            <div class=\"blog-feed__image-ratio\">\n                                <img decoding=\"async\" class=\"blog-feed__image\" src=\"https:\/\/www.santamonica.com\/wp-content\/uploads\/2020\/04\/Buy-Local-Santa-Monica-featured2-400x400.jpg\" alt=\"Apoye a los comercios minoristas de Santa M\u00f3nica y compre productos locales.\" title=\"\">\n                            <\/div>\n                            <div class=\"blog-feed__card-title\">Apoye a los comercios minoristas de Santa M\u00f3nica y compre productos locales.<\/div>\n                        <\/a>\n                    <\/li>\n                                                                <li class=\"blog-feed__item\">\n                        <a href=\"https:\/\/www.santamonica.com\/es\/experience-santa-monica\/female-owned-businesses-flourish-in-santa-monica\/\" class=\"blog-feed__item-link\">\n                            <div class=\"blog-feed__image-ratio\">\n                                <img decoding=\"async\" class=\"blog-feed__image\" src=\"https:\/\/www.santamonica.com\/wp-content\/uploads\/2021\/03\/WomenOwnedBusiness_Featured-400x400.jpg\" alt=\"Las empresas propiedad de mujeres prosperan en Santa M\u00f3nica\" title=\"\">\n                            <\/div>\n                            <div class=\"blog-feed__card-title\">Las empresas propiedad de mujeres prosperan en Santa M\u00f3nica<\/div>\n                        <\/a>\n                    <\/li>\n                                    <\/ul>\n    <\/div>\n<\/section>","protected":false},"excerpt":{"rendered":"<p>We\u2019re seeking an experienced agency to manage the maintenance and ongoing development of our website, SantaMonica.com. We are looking for a long-term agency partner to support technical maintenance, feature development, SEO optimization, and integrations in our WordPress CMS with key platforms such as BookDirect and Simpleview. If your team is interested, we encourage you to review the full RFP linked below and submit a proposal (for one or both of these services: web development and\/or digital solutions like SEO) while outlining your approach, experience, and pricing. Key RFP Details: \u2022 Proposal Submission Deadline: April 17, 2025, by 5:00 PM PT\u2022 [\u2026]<\/p>\n","protected":false},"author":1421,"featured_media":764874,"parent":0,"menu_order":0,"comment_status":"closed","ping_status":"closed","template":"","meta":{"_acf_changed":false,"inline_featured_image":false,"footnotes":""},"silos":[],"class_list":["post-764873","page","type-page","status-publish","has-post-thumbnail","hentry"],"acf":[],"_links":{"self":[{"href":"https:\/\/www.santamonica.com\/es\/wp-json\/wp\/v2\/pages\/764873","targetHints":{"allow":["GET"]}}],"collection":[{"href":"https:\/\/www.santamonica.com\/es\/wp-json\/wp\/v2\/pages"}],"about":[{"href":"https:\/\/www.santamonica.com\/es\/wp-json\/wp\/v2\/types\/page"}],"author":[{"embeddable":true,"href":"https:\/\/www.santamonica.com\/es\/wp-json\/wp\/v2\/users\/1421"}],"replies":[{"embeddable":true,"href":"https:\/\/www.santamonica.com\/es\/wp-json\/wp\/v2\/comments?post=764873"}],"version-history":[{"count":18,"href":"https:\/\/www.santamonica.com\/es\/wp-json\/wp\/v2\/pages\/764873\/revisions"}],"predecessor-version":[{"id":781719,"href":"https:\/\/www.santamonica.com\/es\/wp-json\/wp\/v2\/pages\/764873\/revisions\/781719"}],"wp:featuredmedia":[{"embeddable":true,"href":"https:\/\/www.santamonica.com\/es\/wp-json\/wp\/v2\/media\/764874"}],"wp:attachment":[{"href":"https:\/\/www.santamonica.com\/es\/wp-json\/wp\/v2\/media?parent=764873"}],"wp:term":[{"taxonomy":"silos","embeddable":true,"href":"https:\/\/www.santamonica.com\/es\/wp-json\/wp\/v2\/silos?post=764873"}],"curies":[{"name":"wp","href":"https:\/\/api.w.org\/{rel}","templated":true}]}}