{"id":410427,"date":"2024-04-17T12:50:52","date_gmt":"2024-04-17T19:50:52","guid":{"rendered":"https:\/\/www.santamonica.com\/?page_id=410427"},"modified":"2025-06-20T09:17:33","modified_gmt":"2025-06-20T16:17:33","slug":"2025-tourism-summit-follow-up","status":"publish","type":"page","link":"https:\/\/www.santamonica.com\/es\/2024-tourism-summit-follow-up\/","title":{"rendered":"Seguimiento de la Cumbre de Turismo de 2025"},"content":{"rendered":"<div class=\"wp-block-columns is-layout-flex wp-container-core-columns-is-layout-28f84493 wp-block-columns-is-layout-flex base-block\">\n<div class=\"wp-block-column is-layout-flow wp-block-column-is-layout-flow base-block\">\n<h5 class=\"wp-block-heading has-text-align-center base-block\" style=\"text-transform:none\"><a href=\"https:\/\/www.santamonica.com\/wp-content\/uploads\/2025\/06\/Tourism-Summit-PPT-2025.pdf\" target=\"_blank\" rel=\"noreferrer noopener\">Presentaci\u00f3n de la Cumbre de Turismo<\/a><\/h5>\n\n\n\n<p class=\"base-block\"><\/p>\n<\/div>\n\n\n\n<div class=\"wp-block-column is-layout-flow wp-block-column-is-layout-flow base-block\">\n<h5 class=\"wp-block-heading has-text-align-center base-block\" style=\"text-transform:none\"><a href=\"https:\/\/www.santamonica.com\/wp-content\/uploads\/2025\/06\/SMTT_FYR_2024-5.pdf\" target=\"_blank\" rel=\"noreferrer noopener\">Informe del a\u00f1o fiscal 2024\/2025<\/a><\/h5>\n<\/div>\n\n\n\n<div class=\"wp-block-column is-layout-flow wp-block-column-is-layout-flow base-block\">\n<h5 class=\"wp-block-heading has-text-align-center base-block\" style=\"text-transform:none\"><a href=\"https:\/\/www.santamonica.com\/wp-content\/uploads\/2025\/06\/2-Page-Economic-Impact-20241-1.pdf\" target=\"_blank\" rel=\"noreferrer noopener\">Informe sobre el impacto econ\u00f3mico de 2024<\/a><\/h5>\n\n\n\n<p class=\"base-block\">El informe completo est\u00e1 disponible por un costo de $600 cada uno, previa solicitud. Por favor, env\u00ede un correo electr\u00f3nico a&nbsp;<a href=\"mailto:eedwards@santamonica.com\">eedwards@santamonica.com<\/a>.<\/p>\n<\/div>\n<\/div>\n\n\n\n<section class=\"two-images container-max sm-block  sm-block\">\n    <div class=\"two-images__container\">\n\n        <div class=\"two-images__column\">\n            <div class=\"two-images__content\">\n                <div class=\"two-images__content-header-container\">\n                                            <h1 class=\"two-images__content-header\">Premio Thelma Parks al Esp\u00edritu Tur\u00edstico<\/h1>                                    <\/div>\n                                    <div class=\"two-images__content-body wysiwyg\">\n                        <p><strong>\u00a1Felicidades, chef Vittorio Lucariello! <\/strong><\/p>\n<p>El chef Vittorio Lucariello dirige con maestr\u00eda las operaciones culinarias de Shutters on the Beach y atiende con amabilidad a los comensales de Coast, The Living Room y 1 Pico, al tiempo que dedica su tiempo libre a apoyar con pasi\u00f3n a la comunidad a trav\u00e9s del voluntariado y la mentor\u00eda.<\/p>\n<p><a href=\"https:\/\/www.santamonica.com\/es\/premio-al-espiritu\/\" target=\"_blank\" rel=\"noopener\">Ver ganadores anteriores.\u00a0<\/a><\/p>\n                    <\/div>\n                                            <\/div>\n        <\/div>\n\n        <div class=\"two-images__column\">\n                            <div class=\"two-images__image-container\">\n                    <img decoding=\"async\" width=\"424\" height=\"504\" src=\"https:\/\/www.santamonica.com\/wp-content\/uploads\/2025\/06\/Adobe-Express-file-2.jpg\" class=\"two-images__image\" alt=\"\" loading=\"lazy\" srcset=\"https:\/\/www.santamonica.com\/wp-content\/uploads\/2025\/06\/Adobe-Express-file-2.jpg 424w, https:\/\/www.santamonica.com\/wp-content\/uploads\/2025\/06\/Adobe-Express-file-2-252x300.jpg 252w, https:\/\/www.santamonica.com\/wp-content\/uploads\/2025\/06\/Adobe-Express-file-2-126x150.jpg 126w\" sizes=\"auto, (max-width: 424px) 100vw, 424px\" title=\"\">                    \n\n                <\/div>\n                    <\/div>\n\n        <div class=\"two-images__column\">\n                            <div class=\"two-images__image-container\">\n                    <img decoding=\"async\" width=\"600\" height=\"564\" src=\"https:\/\/www.santamonica.com\/wp-content\/uploads\/2025\/06\/Adobe-Express-file-2-copy-2.jpg\" class=\"two-images__image\" alt=\"\" loading=\"lazy\" srcset=\"https:\/\/www.santamonica.com\/wp-content\/uploads\/2025\/06\/Adobe-Express-file-2-copy-2.jpg 600w, https:\/\/www.santamonica.com\/wp-content\/uploads\/2025\/06\/Adobe-Express-file-2-copy-2-300x282.jpg 300w, https:\/\/www.santamonica.com\/wp-content\/uploads\/2025\/06\/Adobe-Express-file-2-copy-2-160x150.jpg 160w\" sizes=\"auto, (max-width: 600px) 100vw, 600px\" title=\"\">                    \n\n                <\/div>\n                    <\/div>\n\n    <\/div>\n<\/section>\n\n\n<section class=\"image-slider --theme1 sm-block\" >\n    <div class=\"image-slider__wrapper\">\n                    <div class=\"image-slider__copy wysiwyg\"><h3><strong>Premio Jeff King al Campe\u00f3n del Turismo<\/strong><\/h3>\n<p><strong>\u00a1Felicidades al Departamento de Polic\u00eda de Santa M\u00f3nica, al Departamento de Bomberos de Santa M\u00f3nica y a la Oficina de Gesti\u00f3n de Emergencias de Santa M\u00f3nica!<\/strong><\/p>\n<p>Estos h\u00e9roes fueron homenajeados por su apoyo inquebrantable y su trabajo incansable para mantener la seguridad de nuestra comunidad durante los incendios forestales de Los \u00c1ngeles, al tiempo que mantuvieron los m\u00e1s altos est\u00e1ndares para los servicios de emergencia en todas partes.<\/p>\n<\/div>\n                <div class=\"image-slider__slider right\">\n                            <!-- Slider main container -->\n                <div class=\"swiper\">\n                    <!-- Additional required wrapper -->\n                    <div class=\"swiper-wrapper\">\n                        <!-- Slides -->\n                                                    <div class=\"swiper-slide\">\n                                <img decoding=\"async\" width=\"1024\" height=\"580\" src=\"https:\/\/www.santamonica.com\/wp-content\/uploads\/2025\/06\/JeffKing_2025.png\" class=\"swiper-slide__image\" alt=\"\" loading=\"lazy\" srcset=\"https:\/\/www.santamonica.com\/wp-content\/uploads\/2025\/06\/JeffKing_2025.png 1024w, https:\/\/www.santamonica.com\/wp-content\/uploads\/2025\/06\/JeffKing_2025-300x170.png 300w, https:\/\/www.santamonica.com\/wp-content\/uploads\/2025\/06\/JeffKing_2025-265x150.png 265w, https:\/\/www.santamonica.com\/wp-content\/uploads\/2025\/06\/JeffKing_2025-768x435.png 768w\" sizes=\"auto, (max-width: 1024px) 100vw, 1024px\" title=\"\">                                \n\n                            <\/div>\n                                            <\/div>\n                                    <\/div>\n                    <\/div>\n    <\/div>\n<\/section>\n\n\n<section class=\"image-slider --theme1 sm-block\" >\n    <div class=\"image-slider__wrapper\">\n                    <div class=\"image-slider__copy wysiwyg\"><h2>\u00a1Gracias a todos!<\/h2>\n<p>\u00a1Gracias por acompa\u00f1arnos en el evento de este a\u00f1o!<\/p>\n<p>Nos gustar\u00eda dar las gracias a nuestros ponentes y proveedores, as\u00ed como a los anfitriones de este precioso recinto, a todo el equipo de<span class=\"apple-converted-space\"> Club Jonathan<\/span>.<\/p>\n<\/div>\n                <div class=\"image-slider__slider left\">\n                            <!-- Slider main container -->\n                <div class=\"swiper\">\n                    <!-- Additional required wrapper -->\n                    <div class=\"swiper-wrapper\">\n                        <!-- Slides -->\n                                                    <div class=\"swiper-slide\">\n                                <img decoding=\"async\" width=\"940\" height=\"700\" src=\"https:\/\/www.santamonica.com\/wp-content\/uploads\/2025\/04\/Jonathan-Club_940x700.jpg\" class=\"swiper-slide__image\" alt=\"\" loading=\"lazy\" srcset=\"https:\/\/www.santamonica.com\/wp-content\/uploads\/2025\/04\/Jonathan-Club_940x700.jpg 940w, https:\/\/www.santamonica.com\/wp-content\/uploads\/2025\/04\/Jonathan-Club_940x700-300x223.jpg 300w, https:\/\/www.santamonica.com\/wp-content\/uploads\/2025\/04\/Jonathan-Club_940x700-201x150.jpg 201w, https:\/\/www.santamonica.com\/wp-content\/uploads\/2025\/04\/Jonathan-Club_940x700-768x572.jpg 768w\" sizes=\"auto, (max-width: 940px) 100vw, 940px\" title=\"\">                                \n\n                            <\/div>\n                                            <\/div>\n                                    <\/div>\n                    <\/div>\n    <\/div>\n<\/section>\n\n\n<section class=\"image-slider --theme1 sm-block\" >\n    <div class=\"image-slider__wrapper\">\n                    <div class=\"image-slider__copy wysiwyg\"><h2>Formas de asociarse con SMTT<\/h2>\n<p>Aprenda a\u00a0<a href=\"https:\/\/www.santamonica.com\/es\/socios\/promocione-su-negocio\/\">asociarse con SMTT<\/a>\u00a0y promociona tu negocio dentro de la comunidad local y m\u00e1s all\u00e1.<\/p>\n<\/div>\n                <div class=\"image-slider__slider right\">\n                            <!-- Slider main container -->\n                <div class=\"swiper\">\n                    <!-- Additional required wrapper -->\n                    <div class=\"swiper-wrapper\">\n                        <!-- Slides -->\n                                                    <div class=\"swiper-slide\">\n                                <img decoding=\"async\" width=\"1024\" height=\"576\" src=\"https:\/\/www.santamonica.com\/wp-content\/uploads\/2025\/06\/17-1024x576.jpg\" class=\"swiper-slide__image\" alt=\"\" loading=\"lazy\" srcset=\"https:\/\/www.santamonica.com\/wp-content\/uploads\/2025\/06\/17-1024x576.jpg 1024w, https:\/\/www.santamonica.com\/wp-content\/uploads\/2025\/06\/17-300x169.jpg 300w, https:\/\/www.santamonica.com\/wp-content\/uploads\/2025\/06\/17-267x150.jpg 267w, https:\/\/www.santamonica.com\/wp-content\/uploads\/2025\/06\/17-768x432.jpg 768w, https:\/\/www.santamonica.com\/wp-content\/uploads\/2025\/06\/17-1536x864.jpg 1536w, https:\/\/www.santamonica.com\/wp-content\/uploads\/2025\/06\/17-2048x1152.jpg 2048w\" sizes=\"auto, (max-width: 1024px) 100vw, 1024px\" title=\"\">                                \n\n                            <\/div>\n                                            <\/div>\n                                    <\/div>\n                    <\/div>\n    <\/div>\n<\/section>\n\n\n<section class=\"sun-title sm-block --theme6 --2col sm-block\">\n            <h5 class=\"sun-title__headline\">Visite California Materiales<\/h5>    \n            <div class=\"sun-title__body  --2col wysiwyg\">\n                    <div class=\"column-1\">\n                <h5><a style=\"text-transform: capitalize;\" href=\"https:\/\/www.nxtbook.com\/nxtbooks\/time\/california_vg2025\/index.php#\/p\/Intro\" target=\"_blank\" rel=\"noopener\">Gu\u00eda para visitantes de California<\/a><\/h5>\n                            <\/div>\n            <div class=\"column-2\">\n                <h5><a style=\"text-transform: capitalize;\" href=\"https:\/\/reader.emagazines.com\/issue\/visit-california\/california-road-trips-2025?ipt=a3a3d22c-0b81-4fa2-ae9c-311bc3b7f7b3#p1\" target=\"_blank\" rel=\"noopener\">Gu\u00eda de viajes por carretera en California<\/a><\/h5>\n                            <\/div>\n            <\/div>\n    <\/section>\n\n\n\n<p class=\"base-block\"><\/p>\n\n\n<section class=\"blog-feed --theme8 sm-block\">\n    <div class=\"blog-feed__content\">\n        <div class=\"blog-feed__intro\">\n                            <div class=\"blog-feed__eyebrow eyebrow\">Blogs<\/div>                                        <h2 class=\"blog-feed__headline\">Descubre Santa M\u00f3nica<\/h2>                                        <div class=\"blog-feed__body\"><p>Explore itinerarios, consejos locales, lugares de inter\u00e9s y aventuras seleccionadas para sacar el m\u00e1ximo partido a su experiencia en Santa M\u00f3nica.<\/p>\n<\/div>\n                                        <a class=\"blog-feed__cta\" href=\"https:\/\/www.santamonica.com\/es\/entradas-de-blog\/\">Ver todos los blogs<\/a>\n                    <\/div>\n\n        <ul class=\"blog-feed__list\">\n                                                <li class=\"blog-feed__item\">\n                        <a href=\"https:\/\/www.santamonica.com\/es\/mother-road-modern-meetings-route-66-meeting-spaces-set-to-shine-for-centennial-in-santa-monica\/\" class=\"blog-feed__item-link\">\n                            <div class=\"blog-feed__image-ratio\">\n                                <img decoding=\"async\" class=\"blog-feed__image\" src=\"https:\/\/www.santamonica.com\/wp-content\/uploads\/2025\/12\/untitledJuly20162C2020180010-182-2-400x400.jpg\" alt=\"MOTHER ROAD, REUNIONES MODERNAS: LOS ESPACIOS DE REUNI\u00d3N DE LA RUTA 66 LISTOS PARA BRILLAR EN EL CENTENARIO EN SANTA M\u00d3NICA\" title=\"\">\n                            <\/div>\n                            <div class=\"blog-feed__card-title\">MOTHER ROAD, REUNIONES MODERNAS: LOS ESPACIOS DE REUNI\u00d3N DE LA RUTA 66 LISTOS PARA BRILLAR EN EL CENTENARIO EN SANTA M\u00d3NICA<\/div>\n                        <\/a>\n                    <\/li>\n                                                                <li class=\"blog-feed__item\">\n                        <a href=\"https:\/\/www.santamonica.com\/es\/media\/news-release\/santa-monica-announces-song-contest-in-celebration-of-route-66-centennial\/\" class=\"blog-feed__item-link\">\n                            <div class=\"blog-feed__image-ratio\">\n                                <img decoding=\"async\" class=\"blog-feed__image\" src=\"https:\/\/www.santamonica.com\/wp-content\/uploads\/2025\/11\/DSC01084-400x400.jpg\" alt=\"SANTA M\u00d3NICA ANUNCIA UN CONCURSO DE CANCIONES PARA CELEBRAR EL CENTENARIO DE LA RUTA 66\" title=\"\">\n                            <\/div>\n                            <div class=\"blog-feed__card-title\">SANTA M\u00d3NICA ANUNCIA UN CONCURSO DE CANCIONES PARA CELEBRAR EL CENTENARIO DE LA RUTA 66<\/div>\n                        <\/a>\n                    <\/li>\n                                                                <li class=\"blog-feed__item\">\n                        <a href=\"https:\/\/www.santamonica.com\/es\/media\/news-release\/where-to-watch-the-world-series-in-santa-monica\/\" class=\"blog-feed__item-link\">\n                            <div class=\"blog-feed__image-ratio\">\n                                <img decoding=\"async\" class=\"blog-feed__image\" src=\"https:\/\/www.santamonica.com\/wp-content\/uploads\/2025\/10\/dodgers-logo-1-400x400.jpg\" alt=\"D\u00d3NDE VER LAS SERIES MUNDIALES EN SANTA MONICA\" title=\"\">\n                            <\/div>\n                            <div class=\"blog-feed__card-title\">D\u00d3NDE VER LAS SERIES MUNDIALES EN SANTA MONICA<\/div>\n                        <\/a>\n                    <\/li>\n                                    <\/ul>\n    <\/div>\n<\/section>","protected":false},"excerpt":{"rendered":"<p>Tourism Summit Presentation 2024\/2025 Fiscal Year Report 2024 Economic Impact Report A full report is available for a cost of $600 each upon request. Please email&nbsp;eedwards@santamonica.com.<\/p>","protected":false},"author":1421,"featured_media":767847,"parent":0,"menu_order":0,"comment_status":"closed","ping_status":"closed","template":"template-editorial.php","meta":{"_acf_changed":false,"inline_featured_image":false,"footnotes":""},"silos":[],"class_list":["post-410427","page","type-page","status-publish","has-post-thumbnail","hentry"],"acf":[],"_links":{"self":[{"href":"https:\/\/www.santamonica.com\/es\/wp-json\/wp\/v2\/pages\/410427","targetHints":{"allow":["GET"]}}],"collection":[{"href":"https:\/\/www.santamonica.com\/es\/wp-json\/wp\/v2\/pages"}],"about":[{"href":"https:\/\/www.santamonica.com\/es\/wp-json\/wp\/v2\/types\/page"}],"author":[{"embeddable":true,"href":"https:\/\/www.santamonica.com\/es\/wp-json\/wp\/v2\/users\/1421"}],"replies":[{"embeddable":true,"href":"https:\/\/www.santamonica.com\/es\/wp-json\/wp\/v2\/comments?post=410427"}],"version-history":[{"count":142,"href":"https:\/\/www.santamonica.com\/es\/wp-json\/wp\/v2\/pages\/410427\/revisions"}],"predecessor-version":[{"id":767853,"href":"https:\/\/www.santamonica.com\/es\/wp-json\/wp\/v2\/pages\/410427\/revisions\/767853"}],"wp:featuredmedia":[{"embeddable":true,"href":"https:\/\/www.santamonica.com\/es\/wp-json\/wp\/v2\/media\/767847"}],"wp:attachment":[{"href":"https:\/\/www.santamonica.com\/es\/wp-json\/wp\/v2\/media?parent=410427"}],"wp:term":[{"taxonomy":"silos","embeddable":true,"href":"https:\/\/www.santamonica.com\/es\/wp-json\/wp\/v2\/silos?post=410427"}],"curies":[{"name":"wp","href":"https:\/\/api.w.org\/{rel}","templated":true}]}}