{"id":405546,"date":"2024-03-08T10:46:26","date_gmt":"2024-03-08T18:46:26","guid":{"rendered":"https:\/\/www.santamonica.com\/?page_id=405546"},"modified":"2024-05-06T12:06:44","modified_gmt":"2024-05-06T19:06:44","slug":"fiesta-en-el-muelle","status":"publish","type":"page","link":"https:\/\/www.santamonica.com\/es\/partyonthepier\/","title":{"rendered":"Fiesta IPW en el muelle 2024"},"content":{"rendered":"<h3 class=\"wp-block-heading has-text-align-center base-block\"><em>El plazo para confirmar asistencia ha finalizado.<\/em><\/h3>\n\n\n<section class=\"sun-title sm-block --theme6 --2col sm-block\">\n            <h2 class=\"sun-title__headline\">Informaci\u00f3n sobre el evento<\/h2>    \n            <div class=\"sun-title__body  --2col wysiwyg\">\n                    <div class=\"column-1\">\n                <p><strong>Fechas<br \/>\n<\/strong>Domingo, 5 de mayo de 2024<br \/>\nLunes, 6 de mayo de 2024<strong><br \/>\n<\/strong><\/p>\n<p><strong>Tiempo<br \/>\n<\/strong>6:00 p. m. \u2013 9:30 p. m.<\/p>\n<p><strong>Ubicaci\u00f3n<br \/>\n<\/strong>Muelle de Santa M\u00f3nica<br \/>\n200 Muelle de Santa M\u00f3nica<br \/>\nSanta Monica, CA 90401<\/p>\n                            <\/div>\n            <div class=\"column-2\">\n                <p><strong>Detalles del evento<br \/>\n<\/strong>Traiga su credencial IPW, vista ropa c\u00f3moda y calzado adecuado, como tenis o zapatillas deportivas (no se recomienda llevar tacones en nuestro muelle de madera), y traiga una chamarra, ya que la brisa marina refresca por la noche. Una vez que llegue al muelle de Santa M\u00f3nica, siga las indicaciones para registrarse y recibir los vales que podr\u00e1 canjear por experiencias en el muelle. Cada noche se ofrecer\u00e1n las mismas experiencias, as\u00ed que no se preocupe si solo puede asistir una noche: \u00a1no se perder\u00e1 nada!<\/p>\n<p><strong>Sorteo RSVP<br \/>\n<\/strong>Si ambos confirman su asistencia <strong>Y<\/strong> Al registrarte en la fiesta en el muelle, participar\u00e1s autom\u00e1ticamente en el sorteo de una experiencia en cuatro hoteles \u00fanicos con un total de 7 noches en Santa M\u00f3nica, $1,500 en cr\u00e9dito para pasajes a\u00e9reos, experiencias culinarias, clases de surf y mucho m\u00e1s.<\/p>\n<p><em>El ganador se elegir\u00e1 entre los asistentes despu\u00e9s del evento y se le notificar\u00e1 por correo electr\u00f3nico. Los certificados de hotel tienen una validez de un a\u00f1o y pueden utilizarse en visitas separadas.<\/em><\/p>\n                            <\/div>\n            <\/div>\n    <\/section>\n\n\n<section class=\"sun-title sm-block --theme1 sm-block\">\n            <h2 class=\"sun-title__headline\">Transporte<\/h2>    \n            <div class=\"sun-title__body  wysiwyg\">\n                    <p>Santa Monica Travel &amp; Tourism ofrecer\u00e1 un servicio gratuito de autobuses de ida y vuelta desde el centro de Los \u00c1ngeles hasta el muelle de Santa M\u00f3nica a partir de las 5:20 p. m., con regresos al centro de Los \u00c1ngeles aproximadamente cada 30 minutos. Consulte los horarios del servicio de transporte a continuaci\u00f3n.<\/p>\n<p><a href=\"https:\/\/www.metro.net\/riding\/guide\/how-ride-rail\/\" target=\"_blank\" rel=\"noopener\">El metro de Los \u00c1ngeles<\/a> \u00a1Tambi\u00e9n es una opci\u00f3n r\u00e1pida y f\u00e1cil! La estaci\u00f3n de metro m\u00e1s cercana al Centro de Convenciones de Los \u00c1ngeles est\u00e1 a solo una cuadra de California Plaza (1250 Flower Street), a menos de 5 minutos a pie, y las tarjetas TAP se pueden comprar en las m\u00e1quinas expendedoras TAP de la estaci\u00f3n o en la <a href=\"https:\/\/www.taptogo.net\/articles\/en_US\/Website_content\/TAP-App\" target=\"_blank\" rel=\"noopener\">Aplicaci\u00f3n TAP<\/a> (el precio del pasaje de ida y vuelta es de $3.50).<\/p>\n<p>Tome el metro hasta la parada Downtown Santa Monica y el muelle se encuentra a 5 minutos a pie, con una acogedora vista del emblem\u00e1tico letrero del muelle de Santa M\u00f3nica.<\/p>\n<p><em>Env\u00ede un correo electr\u00f3nico a clientservices@santamonica.com si necesita adaptaciones conforme a la Ley de Estadounidenses con Discapacidades (ADA).<\/em><\/p>\n                        <\/div>\n    <\/section>\n\n\n\n<h4 class=\"wp-block-heading has-text-align-center base-block\">HORARIO DEL TRANSPORTE<\/h4>\n\n\n\n<div class=\"wp-block-columns is-layout-flex wp-container-core-columns-is-layout-28f84493 wp-block-columns-is-layout-flex base-block\">\n<div class=\"wp-block-column is-layout-flow wp-block-column-is-layout-flow base-block\">\n<p class=\"base-block\"><strong><u>LUNES<\/u><span style=\"text-decoration: underline;\">, 6 DE MAYO<\/span><\/strong><\/p>\n\n\n\n<p class=\"base-block\"><strong>Centro de Convenciones de Los \u00c1ngeles \u2013 Plaza Gilbert Lindsay<\/strong> (utilizar tambi\u00e9n para AC Hotel y Moxy Downtown Los \u00c1ngeles):&nbsp;<strong>5:20 p. m., 5:45 p. m., 6:00 p. m.<\/strong><\/p>\n\n\n\n<p class=\"base-block\"><strong>JW Marriott LA LIVE<\/strong> (util\u00edcelo tambi\u00e9n para The Ritz-Carlton, Residence Inn by Marriott, Courtyard by Marriott, Hotel Indigo, Hotel Figueroa, E-Central Downtown Los \u00c1ngeles):&nbsp;<strong>5:30 p. m., 5:45 p. m., 6:00 p. m., 7:00 p. m., 7:20 p. m., 7:25 p. m., 7:45 p. m., 8:10 p. m.<\/strong><\/p>\n\n\n\n<p class=\"base-block\"><strong>InterContinental Los \u00c1ngeles Downtown<\/strong> (utilizar tambi\u00e9n para Sheraton Grand Los \u00c1ngeles):&nbsp;<strong>5:45 p. m., 5:50 p. m., 5:55 p. m., 6:55 p. m., 7:15 p. m., 7:20 p. m., 7:40 p. m., 8:05 p. m.<\/strong><\/p>\n\n\n\n<p class=\"base-block\"><strong>Hilton Checkers Los \u00c1ngeles<\/strong> (utilizar tambi\u00e9n para The Biltmore Los \u00c1ngeles, Hotel Per La, The Delphi Downtown LA, The Westin Bonaventure, Level Los \u00c1ngeles Downtown South Olive):&nbsp;<strong>5:40 p. m., 5:50 p. m., 7:10 p. m., 7:20 p. m., 7:25 p. m., 7:35 p. m., 8:00 p. m.<\/strong><\/p>\n\n\n\n<p class=\"base-block\"><strong>Omni Los \u00c1ngeles<\/strong> (v\u00e1lido tambi\u00e9n para citizenM Los \u00c1ngeles Downtown y Conrad Los \u00c1ngeles):&nbsp;<strong>5:40 p. m., 5:45 p. m., 7:05 p. m., 7:15 p. m., 7:20 p. m., 7:30 p. m., 7:55 p. m.<\/strong><\/p>\n\n\n\n<p class=\"base-block\"><strong>Los viajes de regreso desde el muelle saldr\u00e1n aproximadamente cada 30 minutos y volver\u00e1n al Moxy Downtown Los \u00c1ngeles, JW Marriott LA LIVE, InterContinental Los \u00c1ngeles Downtown, Hilton Checkers y Omni Los \u00c1ngeles.&nbsp;<\/strong><\/p>\n<\/div>\n<\/div>\n\n\n<section class=\"image-slider --theme1 sm-block\" >\n    <div class=\"image-slider__wrapper\">\n                    <div class=\"image-slider__copy wysiwyg\"><h5><strong>\u00a1No te pierdas la diversi\u00f3n en Santa M\u00f3nica! Confirma tu asistencia a continuaci\u00f3n:<\/strong><\/h5>\n<ul>\n<li>Disfrute de la Pacific Wheel de Pacific Park, la \u00fanica noria del mundo que funciona con energ\u00eda solar.<\/li>\n<li>Disfruta de divertidos juegos recreativos en Playland Arcade y juegos de feria en Pacific Park.<\/li>\n<li>Observe c\u00f3mo los estudiantes de artes a\u00e9reas vuelan por los aires con la Escuela de Trapecio de Santa M\u00f3nica (actuaciones a las 7:00 p. m. y 8:45 p. m. todas las noches).<\/li>\n<li>Toma una foto en el emblem\u00e1tico letrero \u00abFin de la ruta\u00bb de la Ruta 66.<\/li>\n<li>Disfrute de ofertas especiales y descuentos en una variedad de negocios del muelle, como 50% de descuento en todo en el Centro de Visitantes del Muelle y alquiler gratuito de bicicletas en Blazing Saddles.<\/li>\n<\/ul>\n<p><!-- wp:paragraph {\"align\":\"left\"} --><\/p>\n<p><!-- \/wp:list-item --><\/p>\n<p><!-- \/wp:list --><\/p>\n<\/div>\n                <div class=\"image-slider__slider right\">\n                            <!-- Slider main container -->\n                <div class=\"swiper js-image-slider\">\n                    <!-- Additional required wrapper -->\n                    <div class=\"swiper-wrapper\">\n                        <!-- Slides -->\n                                                    <div class=\"swiper-slide\">\n                                <img decoding=\"async\" width=\"1024\" height=\"683\" src=\"https:\/\/www.santamonica.com\/wp-content\/uploads\/2024\/04\/O5C5508-1024x683.jpg\" class=\"swiper-slide__image\" alt=\"\" loading=\"lazy\" srcset=\"https:\/\/www.santamonica.com\/wp-content\/uploads\/2024\/04\/O5C5508-1024x683.jpg 1024w, https:\/\/www.santamonica.com\/wp-content\/uploads\/2024\/04\/O5C5508-300x200.jpg 300w, https:\/\/www.santamonica.com\/wp-content\/uploads\/2024\/04\/O5C5508-225x150.jpg 225w, https:\/\/www.santamonica.com\/wp-content\/uploads\/2024\/04\/O5C5508-768x512.jpg 768w, https:\/\/www.santamonica.com\/wp-content\/uploads\/2024\/04\/O5C5508-1536x1024.jpg 1536w, https:\/\/www.santamonica.com\/wp-content\/uploads\/2024\/04\/O5C5508-2048x1365.jpg 2048w\" sizes=\"auto, (max-width: 1024px) 100vw, 1024px\" title=\"\">                                \n\n                            <\/div>\n                                                    <div class=\"swiper-slide\">\n                                <img decoding=\"async\" width=\"1024\" height=\"683\" src=\"https:\/\/www.santamonica.com\/wp-content\/uploads\/2024\/04\/untitledJuly-16-20180011-419-1024x683.jpg\" class=\"swiper-slide__image\" alt=\"\" loading=\"lazy\" srcset=\"https:\/\/www.santamonica.com\/wp-content\/uploads\/2024\/04\/untitledJuly-16-20180011-419-1024x683.jpg 1024w, https:\/\/www.santamonica.com\/wp-content\/uploads\/2024\/04\/untitledJuly-16-20180011-419-300x200.jpg 300w, https:\/\/www.santamonica.com\/wp-content\/uploads\/2024\/04\/untitledJuly-16-20180011-419-225x150.jpg 225w, https:\/\/www.santamonica.com\/wp-content\/uploads\/2024\/04\/untitledJuly-16-20180011-419-768x512.jpg 768w, https:\/\/www.santamonica.com\/wp-content\/uploads\/2024\/04\/untitledJuly-16-20180011-419-1536x1024.jpg 1536w, https:\/\/www.santamonica.com\/wp-content\/uploads\/2024\/04\/untitledJuly-16-20180011-419-2048x1365.jpg 2048w\" sizes=\"auto, (max-width: 1024px) 100vw, 1024px\" title=\"\">                                \n\n                            <\/div>\n                                                    <div class=\"swiper-slide\">\n                                <img decoding=\"async\" width=\"1024\" height=\"683\" src=\"https:\/\/www.santamonica.com\/wp-content\/uploads\/2024\/04\/untitledJuly-16-20180010-854-1-1024x683.jpg\" class=\"swiper-slide__image\" alt=\"\" loading=\"lazy\" srcset=\"https:\/\/www.santamonica.com\/wp-content\/uploads\/2024\/04\/untitledJuly-16-20180010-854-1-1024x683.jpg 1024w, https:\/\/www.santamonica.com\/wp-content\/uploads\/2024\/04\/untitledJuly-16-20180010-854-1-300x200.jpg 300w, https:\/\/www.santamonica.com\/wp-content\/uploads\/2024\/04\/untitledJuly-16-20180010-854-1-225x150.jpg 225w, https:\/\/www.santamonica.com\/wp-content\/uploads\/2024\/04\/untitledJuly-16-20180010-854-1-768x512.jpg 768w, https:\/\/www.santamonica.com\/wp-content\/uploads\/2024\/04\/untitledJuly-16-20180010-854-1-1536x1024.jpg 1536w, https:\/\/www.santamonica.com\/wp-content\/uploads\/2024\/04\/untitledJuly-16-20180010-854-1-2048x1365.jpg 2048w\" sizes=\"auto, (max-width: 1024px) 100vw, 1024px\" title=\"\">                                \n\n                            <\/div>\n                                                    <div class=\"swiper-slide\">\n                                <img decoding=\"async\" width=\"1024\" height=\"683\" src=\"https:\/\/www.santamonica.com\/wp-content\/uploads\/2024\/04\/untitledJuly-17-20180010-828-1024x683.jpg\" class=\"swiper-slide__image\" alt=\"\" loading=\"lazy\" srcset=\"https:\/\/www.santamonica.com\/wp-content\/uploads\/2024\/04\/untitledJuly-17-20180010-828-1024x683.jpg 1024w, https:\/\/www.santamonica.com\/wp-content\/uploads\/2024\/04\/untitledJuly-17-20180010-828-300x200.jpg 300w, https:\/\/www.santamonica.com\/wp-content\/uploads\/2024\/04\/untitledJuly-17-20180010-828-225x150.jpg 225w, https:\/\/www.santamonica.com\/wp-content\/uploads\/2024\/04\/untitledJuly-17-20180010-828-768x512.jpg 768w, https:\/\/www.santamonica.com\/wp-content\/uploads\/2024\/04\/untitledJuly-17-20180010-828-1536x1024.jpg 1536w, https:\/\/www.santamonica.com\/wp-content\/uploads\/2024\/04\/untitledJuly-17-20180010-828-2048x1365.jpg 2048w\" sizes=\"auto, (max-width: 1024px) 100vw, 1024px\" title=\"\">                                \n\n                            <\/div>\n                                                    <div class=\"swiper-slide\">\n                                <img decoding=\"async\" width=\"1024\" height=\"683\" src=\"https:\/\/www.santamonica.com\/wp-content\/uploads\/2024\/04\/untitledJuly-16-20180011-765-1024x683.jpg\" class=\"swiper-slide__image\" alt=\"\" loading=\"lazy\" srcset=\"https:\/\/www.santamonica.com\/wp-content\/uploads\/2024\/04\/untitledJuly-16-20180011-765-1024x683.jpg 1024w, https:\/\/www.santamonica.com\/wp-content\/uploads\/2024\/04\/untitledJuly-16-20180011-765-300x200.jpg 300w, https:\/\/www.santamonica.com\/wp-content\/uploads\/2024\/04\/untitledJuly-16-20180011-765-225x150.jpg 225w, https:\/\/www.santamonica.com\/wp-content\/uploads\/2024\/04\/untitledJuly-16-20180011-765-768x512.jpg 768w, https:\/\/www.santamonica.com\/wp-content\/uploads\/2024\/04\/untitledJuly-16-20180011-765-1536x1024.jpg 1536w, https:\/\/www.santamonica.com\/wp-content\/uploads\/2024\/04\/untitledJuly-16-20180011-765-2048x1365.jpg 2048w\" sizes=\"auto, (max-width: 1024px) 100vw, 1024px\" title=\"\">                                \n\n                            <\/div>\n                                                    <div class=\"swiper-slide\">\n                                <img decoding=\"async\" width=\"1024\" height=\"683\" src=\"https:\/\/www.santamonica.com\/wp-content\/uploads\/2024\/04\/SantaMonicaTourism-553-1024x683.jpg\" class=\"swiper-slide__image\" alt=\"\" loading=\"lazy\" srcset=\"https:\/\/www.santamonica.com\/wp-content\/uploads\/2024\/04\/SantaMonicaTourism-553-1024x683.jpg 1024w, https:\/\/www.santamonica.com\/wp-content\/uploads\/2024\/04\/SantaMonicaTourism-553-300x200.jpg 300w, https:\/\/www.santamonica.com\/wp-content\/uploads\/2024\/04\/SantaMonicaTourism-553-225x150.jpg 225w, https:\/\/www.santamonica.com\/wp-content\/uploads\/2024\/04\/SantaMonicaTourism-553-768x512.jpg 768w, https:\/\/www.santamonica.com\/wp-content\/uploads\/2024\/04\/SantaMonicaTourism-553-1536x1024.jpg 1536w, https:\/\/www.santamonica.com\/wp-content\/uploads\/2024\/04\/SantaMonicaTourism-553.jpg 2048w\" sizes=\"auto, (max-width: 1024px) 100vw, 1024px\" title=\"\">                                \n\n                            <\/div>\n                                                    <div class=\"swiper-slide\">\n                                <img decoding=\"async\" width=\"1024\" height=\"683\" src=\"https:\/\/www.santamonica.com\/wp-content\/uploads\/2024\/04\/SantaMonicaTourism-566-1024x683.jpg\" class=\"swiper-slide__image\" alt=\"\" loading=\"lazy\" srcset=\"https:\/\/www.santamonica.com\/wp-content\/uploads\/2024\/04\/SantaMonicaTourism-566-1024x683.jpg 1024w, https:\/\/www.santamonica.com\/wp-content\/uploads\/2024\/04\/SantaMonicaTourism-566-300x200.jpg 300w, https:\/\/www.santamonica.com\/wp-content\/uploads\/2024\/04\/SantaMonicaTourism-566-225x150.jpg 225w, https:\/\/www.santamonica.com\/wp-content\/uploads\/2024\/04\/SantaMonicaTourism-566-768x512.jpg 768w, https:\/\/www.santamonica.com\/wp-content\/uploads\/2024\/04\/SantaMonicaTourism-566-1536x1024.jpg 1536w, https:\/\/www.santamonica.com\/wp-content\/uploads\/2024\/04\/SantaMonicaTourism-566.jpg 2048w\" sizes=\"auto, (max-width: 1024px) 100vw, 1024px\" title=\"\">                                \n\n                            <\/div>\n                                                    <div class=\"swiper-slide\">\n                                <img decoding=\"async\" width=\"1024\" height=\"683\" src=\"https:\/\/www.santamonica.com\/wp-content\/uploads\/2024\/04\/Option-3-1024x683.jpg\" class=\"swiper-slide__image\" alt=\"\" loading=\"lazy\" srcset=\"https:\/\/www.santamonica.com\/wp-content\/uploads\/2024\/04\/Option-3-1024x683.jpg 1024w, https:\/\/www.santamonica.com\/wp-content\/uploads\/2024\/04\/Option-3-300x200.jpg 300w, https:\/\/www.santamonica.com\/wp-content\/uploads\/2024\/04\/Option-3-225x150.jpg 225w, https:\/\/www.santamonica.com\/wp-content\/uploads\/2024\/04\/Option-3-768x512.jpg 768w, https:\/\/www.santamonica.com\/wp-content\/uploads\/2024\/04\/Option-3-1536x1024.jpg 1536w, https:\/\/www.santamonica.com\/wp-content\/uploads\/2024\/04\/Option-3-2048x1365.jpg 2048w\" sizes=\"auto, (max-width: 1024px) 100vw, 1024px\" title=\"\">                                \n\n                            <\/div>\n                                                    <div class=\"swiper-slide\">\n                                <img decoding=\"async\" width=\"1024\" height=\"683\" src=\"https:\/\/www.santamonica.com\/wp-content\/uploads\/2024\/04\/150522_Witchery_SantaMonica_Travel_Guide_0874-1024x683.jpg\" class=\"swiper-slide__image\" alt=\"\" loading=\"lazy\" srcset=\"https:\/\/www.santamonica.com\/wp-content\/uploads\/2024\/04\/150522_Witchery_SantaMonica_Travel_Guide_0874-1024x683.jpg 1024w, https:\/\/www.santamonica.com\/wp-content\/uploads\/2024\/04\/150522_Witchery_SantaMonica_Travel_Guide_0874-300x200.jpg 300w, https:\/\/www.santamonica.com\/wp-content\/uploads\/2024\/04\/150522_Witchery_SantaMonica_Travel_Guide_0874-225x150.jpg 225w, https:\/\/www.santamonica.com\/wp-content\/uploads\/2024\/04\/150522_Witchery_SantaMonica_Travel_Guide_0874-768x512.jpg 768w, https:\/\/www.santamonica.com\/wp-content\/uploads\/2024\/04\/150522_Witchery_SantaMonica_Travel_Guide_0874-1536x1024.jpg 1536w, https:\/\/www.santamonica.com\/wp-content\/uploads\/2024\/04\/150522_Witchery_SantaMonica_Travel_Guide_0874-2048x1365.jpg 2048w\" sizes=\"auto, (max-width: 1024px) 100vw, 1024px\" title=\"\">                                \n\n                            <\/div>\n                                                    <div class=\"swiper-slide\">\n                                <img decoding=\"async\" width=\"1024\" height=\"683\" src=\"https:\/\/www.santamonica.com\/wp-content\/uploads\/2024\/04\/SantaMonica2017-2621-1024x683.jpg\" class=\"swiper-slide__image\" alt=\"\" loading=\"lazy\" srcset=\"https:\/\/www.santamonica.com\/wp-content\/uploads\/2024\/04\/SantaMonica2017-2621-1024x683.jpg 1024w, https:\/\/www.santamonica.com\/wp-content\/uploads\/2024\/04\/SantaMonica2017-2621-300x200.jpg 300w, https:\/\/www.santamonica.com\/wp-content\/uploads\/2024\/04\/SantaMonica2017-2621-225x150.jpg 225w, https:\/\/www.santamonica.com\/wp-content\/uploads\/2024\/04\/SantaMonica2017-2621-768x512.jpg 768w, https:\/\/www.santamonica.com\/wp-content\/uploads\/2024\/04\/SantaMonica2017-2621-1536x1024.jpg 1536w, https:\/\/www.santamonica.com\/wp-content\/uploads\/2024\/04\/SantaMonica2017-2621-2048x1365.jpg 2048w\" sizes=\"auto, (max-width: 1024px) 100vw, 1024px\" title=\"\">                                \n\n                            <\/div>\n                                            <\/div>\n                                            <div class=\"image-slider__swiper-controls-wrapper-relocator\">\n                            <div class=\"image-slider__swiper-controls-wrapper\">\n                                <div class=\"swiper-pagination\"><\/div>\n                                <div class=\"swiper-button-prev-custom\">\n                                    <div class=\"arrow-button-left\"><\/div>\n                                <\/div>\n                                <div class=\"swiper-button-next-custom\">\n                                    <div class=\"arrow-button-right\"><\/div>\n                                <\/div>\n                            <\/div>\n                        <\/div>\n                                    <\/div>\n                    <\/div>\n    <\/div>\n<\/section>\n\n\n\n<p class=\"has-text-align-center base-block\"><strong>\u00bfTienes preguntas sobre el evento? Env\u00eda un correo electr\u00f3nico a <a href=\"mailto:clientservices@santamonica.com\" target=\"_blank\" rel=\"noreferrer noopener\">clientservices@santamonica.com<\/a>. <\/strong><br><strong>\u00a1Esperamos verte pronto!<\/strong><\/p>\n\n\n\n<div class=\"wp-block-columns is-layout-flex wp-container-core-columns-is-layout-28f84493 wp-block-columns-is-layout-flex base-block\">\n<div class=\"wp-block-column is-layout-flow wp-block-column-is-layout-flow base-block\">\n<p class=\"base-block\"><strong><em>Para disfrutar de m\u00e1s experiencias en Santa M\u00f3nica, \u00a1vis\u00edtenos en California Plaza, frente al Centro de Convenciones de Los \u00c1ngeles! Disfrute de una muestra de Santa M\u00f3nica entre las 8:00 y las 9:50 de la ma\u00f1ana y entre las 4:10 y las 6:00 de la tarde todos los d\u00edas de la IPW para:<\/em><\/strong><\/p>\n\n\n\n<ul class=\"wp-block-list base-block\">\n<li class=\"base-block\">Disfrute de un delicioso desayuno o un jugo fresco para empezar bien el d\u00eda.<\/li>\n\n\n\n<li class=\"base-block\">Recupera la atenci\u00f3n plena con Beach Yoga SoCal<\/li>\n\n\n\n<li class=\"base-block\">Pon a prueba tu fuerza en una versi\u00f3n en miniatura de la Original Muscle Beach.<\/li>\n\n\n\n<li class=\"base-block\">T\u00f3mate una foto frente a una versi\u00f3n en miniatura de la emblem\u00e1tica noria de Santa M\u00f3nica.<\/li>\n\n\n\n<li class=\"base-block\">Encuentre el letrero \u201cEnd of the Road\u201d (Fin del camino) de la Ruta 66 en nuestro stand y obtenga m\u00e1s informaci\u00f3n sobre el centenario de la Ruta 66, que se celebrar\u00e1 en 2026.<\/li>\n\n\n\n<li class=\"base-block\">Rel\u00e1jese despu\u00e9s de la feria comercial con una bebida y demostraciones diarias de los galardonados chefs de Santa M\u00f3nica.<\/li>\n<\/ul>\n<\/div>\n<\/div>","protected":false},"excerpt":{"rendered":"<p>RSVPs are now closed. SHUTTLE SCHEDULE MONDAY, MAY 6 Los Angeles Convention Center &#8211; Gilbert Lindsay Plaza (use also for AC Hotel and Moxy Downtown Los Angeles):&nbsp;5:20 p.m., 5:45 p.m., [&hellip;]<\/p>\n","protected":false},"author":1421,"featured_media":407820,"parent":0,"menu_order":0,"comment_status":"closed","ping_status":"closed","template":"","meta":{"_acf_changed":false,"inline_featured_image":false,"footnotes":""},"silos":[],"class_list":["post-405546","page","type-page","status-publish","has-post-thumbnail","hentry"],"acf":[],"_links":{"self":[{"href":"https:\/\/www.santamonica.com\/es\/wp-json\/wp\/v2\/pages\/405546","targetHints":{"allow":["GET"]}}],"collection":[{"href":"https:\/\/www.santamonica.com\/es\/wp-json\/wp\/v2\/pages"}],"about":[{"href":"https:\/\/www.santamonica.com\/es\/wp-json\/wp\/v2\/types\/page"}],"author":[{"embeddable":true,"href":"https:\/\/www.santamonica.com\/es\/wp-json\/wp\/v2\/users\/1421"}],"replies":[{"embeddable":true,"href":"https:\/\/www.santamonica.com\/es\/wp-json\/wp\/v2\/comments?post=405546"}],"version-history":[{"count":143,"href":"https:\/\/www.santamonica.com\/es\/wp-json\/wp\/v2\/pages\/405546\/revisions"}],"predecessor-version":[{"id":414274,"href":"https:\/\/www.santamonica.com\/es\/wp-json\/wp\/v2\/pages\/405546\/revisions\/414274"}],"wp:featuredmedia":[{"embeddable":true,"href":"https:\/\/www.santamonica.com\/es\/wp-json\/wp\/v2\/media\/407820"}],"wp:attachment":[{"href":"https:\/\/www.santamonica.com\/es\/wp-json\/wp\/v2\/media?parent=405546"}],"wp:term":[{"taxonomy":"silos","embeddable":true,"href":"https:\/\/www.santamonica.com\/es\/wp-json\/wp\/v2\/silos?post=405546"}],"curies":[{"name":"wp","href":"https:\/\/api.w.org\/{rel}","templated":true}]}}