{"id":397341,"date":"2023-12-15T05:14:12","date_gmt":"2023-12-15T13:14:12","guid":{"rendered":"https:\/\/www.santamonica.com\/?page_id=397341"},"modified":"2025-07-22T14:55:42","modified_gmt":"2025-07-22T21:55:42","slug":"plan-de-gestion-de-la-experiencia","status":"publish","type":"page","link":"https:\/\/www.santamonica.com\/es\/experience-management-plan\/","title":{"rendered":"Plan de gesti\u00f3n de la experiencia de Santa M\u00f3nica"},"content":{"rendered":"<section class=\"image-section-break sm-block\">\n    <div class=\"image-section-break__image-wrapper\">\n                \n\n    <\/div>\n    <div class=\"image-section-break__text-content\">\n        <div class=\"image-section-break__first-content --theme3\">\n                            <div class=\"image-section-break__eyebrow-text\">M\u00e1s informaci\u00f3n<\/div>\n                                        <h2 class=\"image-section-break__title\">\u00bfQu\u00e9 es el Plan de Gesti\u00f3n de la Experiencia?<\/h2>\n                                        <div class=\"image-section-break__body-copy wysiwyg\"><p>El Plan de Gesti\u00f3n de la Experiencia (EMP) es un marco de 10 a\u00f1os y una hoja de ruta compartida de ideas, estrategias y cursos de acci\u00f3n que podemos tomar para gestionar y mejorar la experiencia de Santa M\u00f3nica para los residentes, la fuerza laboral, los visitantes, las empresas y m\u00e1s. Su prop\u00f3sito es servir como veh\u00edculo de influencia para guiar nuestras acciones como comunidad, en lugar de como entidades dispares, con el fin de garantizar una mejor comunicaci\u00f3n, evitar la duplicaci\u00f3n de esfuerzos y maximizar nuestro impacto colectivo para avanzar de manera consistente hacia una visi\u00f3n compartida para el futuro.<\/p>\n<h4><strong>\u00bfPor qu\u00e9 es importante para Santa M\u00f3nica?<\/strong><\/h4>\n<p>El EMP es una oportunidad para participar de manera proactiva en la configuraci\u00f3n del futuro de Santa M\u00f3nica. Con la participaci\u00f3n de personas de toda la comunidad de Santa M\u00f3nica, podremos coordinar mejor nuestros esfuerzos para promover nuestros objetivos comunes. Esto se traducir\u00e1 en una mejor calidad de vida para los residentes de Santa M\u00f3nica, una experiencia memorable para los visitantes que resistir\u00e1 el paso del tiempo y una econom\u00eda local m\u00e1s fuerte y resiliente.<\/p>\n<h4><strong>\u00bfQu\u00e9 objetivos se abordar\u00e1n?<\/strong><\/h4>\n<p>Para empezar, nos estamos enfocando en poner en marcha cuatro estrategias, aunque se ir\u00e1n sumando m\u00e1s a lo largo de los pr\u00f3ximos diez a\u00f1os. Estas cuatro estrategias son:<\/p>\n<ol>\n<li>Garantizar que Santa M\u00f3nica sea un lugar seguro y limpio para vivir y visitar.,<\/li>\n<li>Destacar y aprovechar los acontecimientos culturales.,<\/li>\n<li>Apoyar la habitabilidad de la comunidad de Santa M\u00f3nica, y<\/li>\n<li>Promover la diversidad de experiencias en tiendas, restaurantes y actividades nocturnas.<\/li>\n<\/ol>\n<\/div>\n                                <\/div>\n        <div class=\"image-section-break__second-content\">\n                            <div class=\"image-section-break__body-copy wysiwyg\"><h4><strong>\u00bfC\u00f3mo se implementar\u00e1 el plan?<\/strong><\/h4>\n<p>El plan se implementar\u00e1 a trav\u00e9s de un marco de impacto colectivo. Esto significa que ninguna entidad de la comunidad es responsable de los objetivos que propone el plan; el EMP se comparte con toda la comunidad para mantener los esfuerzos alineados y reducir la presi\u00f3n sobre cualquier persona, empresa o grupo. Existen comit\u00e9s estrat\u00e9gicos (supervisados por un comit\u00e9 de gobernanza) que se han reunido para abordar c\u00f3mo avanzar en la materializaci\u00f3n de nuestra visi\u00f3n compartida de la experiencia de Santa M\u00f3nica. La integraci\u00f3n de sus numerosas y diversas actividades y puntos de vista maximizar\u00e1 el resultado final. El plan es flexible y se actualizar\u00e1 y ajustar\u00e1 seg\u00fan sea necesario a lo largo del tiempo.<\/p>\n<h4><strong>\u00bfCu\u00e1l es la funci\u00f3n del gobierno municipal?<\/strong><\/h4>\n<p>La ciudad de Santa M\u00f3nica es copatrocinadora y promotora del Plan de Gesti\u00f3n de Experiencias, y los empleados municipales forman parte de los comit\u00e9s del EMP.<\/p>\n<h4><strong>\u00bfCu\u00e1l es la funci\u00f3n de Santa Monica Travel &amp; Tourism?<\/strong><\/h4>\n<p>SMTT act\u00faa como organizaci\u00f3n de apoyo al EMP coordinando el trabajo de los comit\u00e9s. Ha proporcionado facilitadores para apoyar a cada comit\u00e9 y ayudar\u00e1 a comunicar los avances del EMP.<\/p>\n<h4><strong>\u00bfC\u00f3mo puedes participar?<\/strong><\/h4>\n<p>Si desea participar en el EMP, env\u00ede un correo electr\u00f3nico a <a href=\"mailto:EMP@santamonica.com\">EMP@santamonica.com<\/a>.<\/p>\n<\/div>\n                                <\/div>\n    <\/div>\n<\/section>\n\n\n\n<section class=\"image-section-break sm-block\">\n    <div class=\"image-section-break__image-wrapper\">\n                    <picture>\n                    <source\n                        media=\"(min-width: 768px)\"\n                        srcset=\"https:\/\/www.santamonica.com\/wp-content\/uploads\/2024\/01\/Beach-Long.jpg\"\n                    >\n                    <img decoding=\"async\" src=\"https:\/\/www.santamonica.com\/wp-content\/uploads\/2024\/01\/Beach-Tall.jpg\" class=\"image-section-break__image\" alt=\"\" title=\"\">\n            <\/picture>\n                \n\n    <\/div>\n    <div class=\"image-section-break__text-content\">\n        <div class=\"image-section-break__first-content --theme3\">\n                            <div class=\"image-section-break__eyebrow-text\">Resumen general<\/div>\n                                        <h2 class=\"image-section-break__title\">Comit\u00e9s, declaraciones de misi\u00f3n y contactos<\/h2>\n                                        <div class=\"image-section-break__body-copy wysiwyg\"><p><em>Resumen de los cinco comit\u00e9s del Plan de Gesti\u00f3n de Experiencias de Santa M\u00f3nica, su prop\u00f3sito, presidente, vicepresidente y facilitador SMTT.<\/em><\/p>\n<p>&nbsp;<\/p>\n<h4 class=\"p1\"><strong>Comit\u00e9 de Gobernanza<\/strong><\/h4>\n<p class=\"p1\">Apoyar los esfuerzos de los dem\u00e1s comit\u00e9s del EMP proporcionando orientaci\u00f3n, estableciendo pol\u00edticas, identificando posibles recursos, abordando las preocupaciones con medidas concretas, recomendando cu\u00e1ndo incorporar estrategias adicionales a lo largo de los 10 a\u00f1os del EMP, comunicando el impacto de los esfuerzos de los comit\u00e9s y garantizando que las acciones de los comit\u00e9s se ajusten a los principios rectores de administraci\u00f3n, sostenibilidad y DEIA (diversidad, equidad, inclusi\u00f3n y accesibilidad).<\/p>\n<p class=\"p1\"><strong>Presidente<\/strong>: Albin Gielicz<br \/>\nResidente, C\u00edrculo del Presidente de SMTT<\/p>\n<p class=\"p1\"><strong>Vicepresidente<\/strong>: Neil Carrey<br \/>\nPresidente del Consejo de Administraci\u00f3n de SMTT<\/p>\n<p><strong>Facilitador SMTT<\/strong>: Misti Kerns<\/p>\n<h4 class=\"p1\">Comit\u00e9<strong>\u00a0Garantizar que Santa M\u00f3nica sea un lugar seguro y limpio para vivir y visitar.<\/strong><\/h4>\n<p class=\"p1\">Identificar las iniciativas actuales emprendidas por la ciudad, las agencias locales, las organizaciones sin fines de lucro y otras organizaciones para abordar cuestiones relacionadas con la seguridad y la limpieza (incluidas las relacionadas con las personas sin hogar y la salud conductual); determinar si se necesitan otras iniciativas y\/o recursos; garantizar que haya un mensaje com\u00fan y una comunicaci\u00f3n clara y coherente; y proporcionar apoyo y defensa.<\/p>\n<p class=\"p1\"><strong>Presidente<\/strong>: Andrew Thomas<br \/>\nDirector general, centro de Santa M\u00f3nica<\/p>\n<p class=\"p1\"><strong>Vicepresidente<\/strong>: Becky Warren<br \/>\nResidente<\/p>\n<p><strong>Facilitadores del SMTT<\/strong>: Misti Kerns<\/p>\n<\/div>\n                                <\/div>\n        <div class=\"image-section-break__second-content\">\n                            <div class=\"image-section-break__body-copy wysiwyg\"><h4 class=\"p1\">Comit\u00e9<strong> a <\/strong><strong>Apoye la habitabilidad de la comunidad de Santa M\u00f3nica<\/strong><\/h4>\n<p class=\"p1\">Apoyar, coordinar y promover los esfuerzos que la ciudad, las organizaciones sin fines de lucro y otras organizaciones est\u00e1n realizando para garantizar que Santa M\u00f3nica sea percibida como una comunidad habitable por quienes viven, trabajan y visitan la comunidad en t\u00e9rminos de asequibilidad, mejora de la cubierta arb\u00f3rea urbana, opciones suficientes de movilidad y transporte, seguridad vial y peatonal, as\u00ed como actividades y ofertas de bienestar gratuitas y asequibles.<\/p>\n<p class=\"p1\"><strong>Presidente<\/strong>Tara Barauskas, directora ejecutiva de Community Corporation of Santa Monica.<\/p>\n<p><strong>Facilitador SMTT<\/strong>: Lauren Salisbury<\/p>\n<h4 class=\"p1\">Comit\u00e9<strong> a <\/strong>Destacar y aprovechar los acontecimientos culturales<\/h4>\n<p class=\"p1\">Promover y conectar los activos culturales y art\u00edsticos actuales, identificar las deficiencias en la oferta, apoyar nuevas propuestas y formular recomendaciones para ayudar a que la programaci\u00f3n sea m\u00e1s inclusiva y tenga un mayor impacto en la comunidad de Santa M\u00f3nica en general.<\/p>\n<p class=\"p1\"><strong>Presidente<\/strong>: Jan Williamson<br \/>\nDirector ejecutivo, 18<span class=\"s1\">th <\/span>Centro de Artes Callejeras; miembro de la Junta Directiva de SMTT.<\/p>\n<p class=\"p1\"><strong>Vicepresidente<\/strong>: Darlene Evans<br \/>\nMiembro de la Junta Directiva de SMTT<\/p>\n<p><strong>Facilitador SMTT<\/strong>: Rachel Lozano<\/p>\n<h4 class=\"p1\">Comit\u00e9<strong>\u00a0a <\/strong>Promover la diversidad de experiencias en tiendas, restaurantes y actividades nocturnas.<\/h4>\n<p class=\"p1\">Lograr resultados tangibles que impulsen mejoras para las empresas; ofrecer experiencias nuevas y diversas para los locales y los visitantes; y mejorar la experiencia general de Santa M\u00f3nica.<\/p>\n<p class=\"p1\"><strong>Presidente<\/strong>: Peter Trinh<br \/>\nMiembro de la junta directiva y propietario de un negocio, centro de Santa M\u00f3nica<\/p>\n<p><strong>Facilitador SMTT<\/strong>: Evan Edwards<\/p>\n<\/div>\n                                <\/div>\n    <\/div>\n<\/section>\n\n\n\n<section class=\"two-images container-max sm-block --flip sm-block\">\n    <div class=\"two-images__container --flip\">\n\n        <div class=\"two-images__column\">\n            <div class=\"two-images__content\">\n                <div class=\"two-images__content-header-container\">\n                                            <h2 class=\"two-images__content-header\">Enlaces y recursos \u00fatiles<\/h2>                                    <\/div>\n                                    <div class=\"two-images__content-body wysiwyg\">\n                        <ul>\n<li><a href=\"https:\/\/www.santamonica.com\/wp-content\/uploads\/2023\/12\/Santa-Monica-Experience-Management-Plan-4.13.23.pdf\" target=\"_blank\" rel=\"noopener\">Ver el Plan de Gesti\u00f3n de la Experiencia completo<\/a><\/li>\n<li><a href=\"https:\/\/lp.constantcontactpages.com\/sl\/0lZ3YEx\/SantaMonicaEMP\" target=\"_blank\" rel=\"noopener\">Suscr\u00edbase al bolet\u00edn informativo de EMP<\/a><\/li>\n<li><a href=\"https:\/\/www.santamonica.com\/wp-content\/uploads\/2023\/12\/Collective-Impact-Framework.pdf\" target=\"_blank\" rel=\"noopener\">Marco de impacto colectivo<\/a><\/li>\n<li><a href=\"https:\/\/www.santamonica.com\/wp-content\/uploads\/2023\/12\/Santa-Monica-EMP-Outline.pdf\" target=\"_blank\" rel=\"noopener\">Plataforma EMP<\/a>\u00bfQu\u00e9 es el EMP y cu\u00e1l es su prop\u00f3sito? \u00bfCu\u00e1les son los temas o l\u00edneas de acci\u00f3n?<\/li>\n<li>Cont\u00e1ctenos: <a href=\"mailto:EMP@santamonica.com\">EMP@santamonica.com<\/a><\/li>\n<\/ul>\n                    <\/div>\n                                            <\/div>\n        <\/div>\n\n        <div class=\"two-images__column\">\n                            <div class=\"two-images__image-container\">\n                    <img decoding=\"async\" width=\"424\" height=\"504\" src=\"https:\/\/www.santamonica.com\/wp-content\/uploads\/2023\/12\/Santa-Monica-Public-Art-Palisades-Park-424x504-1.jpg\" class=\"two-images__image\" alt=\"\" loading=\"lazy\" srcset=\"https:\/\/www.santamonica.com\/wp-content\/uploads\/2023\/12\/Santa-Monica-Public-Art-Palisades-Park-424x504-1.jpg 424w, https:\/\/www.santamonica.com\/wp-content\/uploads\/2023\/12\/Santa-Monica-Public-Art-Palisades-Park-424x504-1-252x300.jpg 252w, https:\/\/www.santamonica.com\/wp-content\/uploads\/2023\/12\/Santa-Monica-Public-Art-Palisades-Park-424x504-1-126x150.jpg 126w\" sizes=\"auto, (max-width: 424px) 100vw, 424px\" title=\"\">                    \n\n                <\/div>\n                    <\/div>\n\n        <div class=\"two-images__column\">\n                            <div class=\"two-images__image-container\">\n                    <img decoding=\"async\" width=\"600\" height=\"564\" src=\"https:\/\/www.santamonica.com\/wp-content\/uploads\/2023\/12\/Santa-Monica-Pier-Sign-Night-650x866-1.jpg\" class=\"two-images__image\" alt=\"\" loading=\"lazy\" srcset=\"https:\/\/www.santamonica.com\/wp-content\/uploads\/2023\/12\/Santa-Monica-Pier-Sign-Night-650x866-1.jpg 600w, https:\/\/www.santamonica.com\/wp-content\/uploads\/2023\/12\/Santa-Monica-Pier-Sign-Night-650x866-1-300x282.jpg 300w, https:\/\/www.santamonica.com\/wp-content\/uploads\/2023\/12\/Santa-Monica-Pier-Sign-Night-650x866-1-160x150.jpg 160w\" sizes=\"auto, (max-width: 600px) 100vw, 600px\" title=\"\">                    \n\n                <\/div>\n                    <\/div>\n\n    <\/div>\n<\/section>","protected":false},"excerpt":{"rendered":"","protected":false},"author":1421,"featured_media":404398,"parent":0,"menu_order":0,"comment_status":"closed","ping_status":"closed","template":"template-editorial.php","meta":{"_acf_changed":false,"inline_featured_image":false,"footnotes":""},"silos":[],"class_list":["post-397341","page","type-page","status-publish","has-post-thumbnail","hentry"],"acf":[],"_links":{"self":[{"href":"https:\/\/www.santamonica.com\/es\/wp-json\/wp\/v2\/pages\/397341","targetHints":{"allow":["GET"]}}],"collection":[{"href":"https:\/\/www.santamonica.com\/es\/wp-json\/wp\/v2\/pages"}],"about":[{"href":"https:\/\/www.santamonica.com\/es\/wp-json\/wp\/v2\/types\/page"}],"author":[{"embeddable":true,"href":"https:\/\/www.santamonica.com\/es\/wp-json\/wp\/v2\/users\/1421"}],"replies":[{"embeddable":true,"href":"https:\/\/www.santamonica.com\/es\/wp-json\/wp\/v2\/comments?post=397341"}],"version-history":[{"count":57,"href":"https:\/\/www.santamonica.com\/es\/wp-json\/wp\/v2\/pages\/397341\/revisions"}],"predecessor-version":[{"id":769633,"href":"https:\/\/www.santamonica.com\/es\/wp-json\/wp\/v2\/pages\/397341\/revisions\/769633"}],"wp:featuredmedia":[{"embeddable":true,"href":"https:\/\/www.santamonica.com\/es\/wp-json\/wp\/v2\/media\/404398"}],"wp:attachment":[{"href":"https:\/\/www.santamonica.com\/es\/wp-json\/wp\/v2\/media?parent=397341"}],"wp:term":[{"taxonomy":"silos","embeddable":true,"href":"https:\/\/www.santamonica.com\/es\/wp-json\/wp\/v2\/silos?post=397341"}],"curies":[{"name":"wp","href":"https:\/\/api.w.org\/{rel}","templated":true}]}}