{"id":381590,"date":"2023-06-01T09:47:39","date_gmt":"2023-06-01T16:47:39","guid":{"rendered":"https:\/\/www.santamonica.com\/?page_id=381590"},"modified":"2025-09-08T07:42:39","modified_gmt":"2025-09-08T14:42:39","slug":"muelle-del-castillo-de-arena-360","status":"publish","type":"page","link":"https:\/\/www.santamonica.com\/es\/sandcastle-competition-pier-360\/","title":{"rendered":"Espect\u00e1culo de castillos de arena en el muelle 360 de Santa M\u00f3nica"},"content":{"rendered":"<section class=\"sun-title sm-block --theme6 --2col sm-block\">\n            <h2 class=\"sun-title__headline\">Detalles del evento<\/h2>    \n            <div class=\"sun-title__body  --2col wysiwyg\">\n                    <div class=\"column-1\">\n                <p>Acomp\u00e1\u00f1enos en el \u201cSanta Monica Sandcastle Spectacular\u201d, un extraordinario evento de arte con arena en el muelle de Santa M\u00f3nica. <em>Festival de la playa Pier 360<\/em>Este a\u00f1o, en lugar de una competencia, marav\u00edllate con las impresionantes creaciones del maestro arquitecto de castillos de arena Greg LeBon.<\/p>\n                            <\/div>\n            <div class=\"column-2\">\n                <p>LeBon crear\u00e1 intrincadas esculturas de arena que celebran las actividades \u00fanicas y la vibrante cultura de Santa M\u00f3nica. Se trata de un evento familiar que no querr\u00e1 perderse, en el que se muestran las maravillas art\u00edsticas que se pueden crear con arena. Experimente la magia de Santa M\u00f3nica a trav\u00e9s de los ojos de un maestro constructor de castillos de arena y d\u00e9jese inspirar por la belleza de nuestro emblem\u00e1tico destino.<\/p>\n                            <\/div>\n            <\/div>\n    <\/section>\n\n\n\n<section class=\"two-images container-max sm-block  sm-block\">\n    <div class=\"two-images__container\">\n\n        <div class=\"two-images__column\">\n            <div class=\"two-images__content\">\n                <div class=\"two-images__content-header-container\">\n                                            <h1 class=\"two-images__content-header\">\u00bfQu\u00e9 es el Santa Monica Pier 360 Beach Festival?<\/h1>                                    <\/div>\n                                    <div class=\"two-images__content-body wysiwyg\">\n                        <p>Competiciones deportivas acu\u00e1ticas, m\u00fasica en vivo, comida y bebida, juegos interactivos y mucho m\u00e1s. Descubre en qu\u00e9 consiste el mayor evento anual del muelle de Santa M\u00f3nica y c\u00f3mo puedes disfrutar del aut\u00e9ntico ambiente del sur de California en este <a href=\"https:\/\/www.santamonicapier.org\/pier360\" target=\"_blank\" rel=\"noopener\">evento gratuito<\/a>.<\/p>\n                    <\/div>\n                                            <\/div>\n        <\/div>\n\n        <div class=\"two-images__column\">\n                            <div class=\"two-images__image-container\">\n                    <img decoding=\"async\" width=\"424\" height=\"504\" src=\"https:\/\/www.santamonica.com\/wp-content\/uploads\/2023\/06\/APP-SUP.png\" class=\"two-images__image\" alt=\"\" loading=\"lazy\" srcset=\"https:\/\/www.santamonica.com\/wp-content\/uploads\/2023\/06\/APP-SUP.png 424w, https:\/\/www.santamonica.com\/wp-content\/uploads\/2023\/06\/APP-SUP-252x300.png 252w, https:\/\/www.santamonica.com\/wp-content\/uploads\/2023\/06\/APP-SUP-126x150.png 126w\" sizes=\"auto, (max-width: 424px) 100vw, 424px\" title=\"\">                    \n\n                <\/div>\n                    <\/div>\n\n        <div class=\"two-images__column\">\n                            <div class=\"two-images__image-container\">\n                    <img decoding=\"async\" width=\"600\" height=\"564\" src=\"https:\/\/www.santamonica.com\/wp-content\/uploads\/2023\/06\/Sandcastle-1.png\" class=\"two-images__image\" alt=\"\" loading=\"lazy\" srcset=\"https:\/\/www.santamonica.com\/wp-content\/uploads\/2023\/06\/Sandcastle-1.png 600w, https:\/\/www.santamonica.com\/wp-content\/uploads\/2023\/06\/Sandcastle-1-300x282.png 300w, https:\/\/www.santamonica.com\/wp-content\/uploads\/2023\/06\/Sandcastle-1-160x150.png 160w\" sizes=\"auto, (max-width: 600px) 100vw, 600px\" title=\"\">                    \n\n                <\/div>\n                    <\/div>\n\n    <\/div>\n<\/section>\n\n\n<section class=\"links-grid --theme3 sm-block\">\n    <div class=\"links-grid__wrapper\">\n                                                    <a href=\"https:\/\/www.santamonica.com\/es\/things-to-do\/santa-monica-beach\/\" class=\"links-grid__card-link\" aria-label=\"Playa de Santa M\u00f3nica\">\n                    <div class=\"links-grid__card\">\n                                                    <div class=\"links-grid__card-image-wrapper\">\n                                <img decoding=\"async\" width=\"400\" height=\"400\" src=\"https:\/\/www.santamonica.com\/wp-content\/uploads\/2022\/05\/santa-monica-beach-guide-400x400.jpg\" class=\"links-grid__card-image\" alt=\"Gu\u00eda de la playa de Santa M\u00f3nica\" loading=\"lazy\" title=\"\">                            <\/div>\n                                                <div class=\"links-grid__card-text\">\n                                                            <div class=\"links-grid__card-title\">Playa de Santa M\u00f3nica<\/div>\n                                                                                <\/div>\n                    <\/div>\n                <\/a>\n                                            <a href=\"https:\/\/www.santamonica.com\/es\/things-to-do\/fun-for-kids-of-all-ages\/\" class=\"links-grid__card-link\" aria-label=\"Familias\">\n                    <div class=\"links-grid__card\">\n                                                    <div class=\"links-grid__card-image-wrapper\">\n                                <img decoding=\"async\" width=\"400\" height=\"400\" src=\"https:\/\/www.santamonica.com\/wp-content\/uploads\/2022\/06\/places-for-kids-in-santa-monica-400x400.jpg\" class=\"links-grid__card-image\" alt=\"Cosas que hacer en Santa M\u00f3nica con ni\u00f1os\" loading=\"lazy\" title=\"\">                            <\/div>\n                                                <div class=\"links-grid__card-text\">\n                                                            <div class=\"links-grid__card-title\">Familias<\/div>\n                                                                                <\/div>\n                    <\/div>\n                <\/a>\n                                            <a href=\"https:\/\/www.santamonica.com\/es\/experience-santa-monica\/like-a-local\/\" class=\"links-grid__card-link\" aria-label=\"Como un local\">\n                    <div class=\"links-grid__card\">\n                                                    <div class=\"links-grid__card-image-wrapper\">\n                                <img decoding=\"async\" width=\"400\" height=\"400\" src=\"https:\/\/www.santamonica.com\/wp-content\/uploads\/2022\/05\/santa-monica-things-to-do-2-400x400.jpg\" class=\"links-grid__card-image\" alt=\"Cosas que hacer en Santa M\u00f3nica\" loading=\"lazy\" title=\"\">                            <\/div>\n                                                <div class=\"links-grid__card-text\">\n                                                            <div class=\"links-grid__card-title\">Como un local<\/div>\n                                                                                <\/div>\n                    <\/div>\n                <\/a>\n                                            <a href=\"https:\/\/www.santamonica.com\/es\/things-to-do\/visiting-santa-monica-pier\/\" class=\"links-grid__card-link\" aria-label=\"Muelle de Santa M\u00f3nica\">\n                    <div class=\"links-grid__card\">\n                                                    <div class=\"links-grid__card-image-wrapper\">\n                                <img decoding=\"async\" width=\"400\" height=\"400\" src=\"https:\/\/www.santamonica.com\/wp-content\/uploads\/2026\/02\/Untitled-design-17-400x400.png\" class=\"links-grid__card-image\" alt=\"Muelle de Santa M\u00f3nica\" loading=\"lazy\" title=\"\">                            <\/div>\n                                                <div class=\"links-grid__card-text\">\n                                                            <div class=\"links-grid__card-title\">Muelle de Santa M\u00f3nica<\/div>\n                                                                                <\/div>\n                    <\/div>\n                <\/a>\n                        <\/div>\n<\/section>\n\n\n\n    <section class=\"booking-cta --theme5 sm-block\">\n    <div id=\"widget-container-2070\"><\/div>\n<script type=\"text\/javascript\">\n  (function() {\n    var script = document.createElement('script');\n    script.type = 'text\/javascript';\n    script.async = 'true';\n    script.src = \"https:\/\/admin.bookdirect.net\/hs4\/widgets\/2070.js?widget_element=widget-container-2070\";\n    document.body.appendChild(script);\n  })();\n<\/script>\n    <\/section>\n\n\n\n<section class=\"blog-feed --theme8 sm-block\">\n    <div class=\"blog-feed__content\">\n        <div class=\"blog-feed__intro\">\n                            <div class=\"blog-feed__eyebrow eyebrow\">Blogs<\/div>                                        <h1 class=\"blog-feed__headline\">Descubre Santa M\u00f3nica<\/h1>                                        <div class=\"blog-feed__body\"><p>Explore itinerarios, consejos locales, lugares de inter\u00e9s y aventuras seleccionadas para sacar el m\u00e1ximo partido a su experiencia en Santa M\u00f3nica.<\/p>\n<\/div>\n                                        <a class=\"blog-feed__cta\" href=\"https:\/\/www.santamonica.com\/es\/entradas-de-blog\/\">Ver todos los blogs<\/a>\n                    <\/div>\n\n        <ul class=\"blog-feed__list\">\n                                                <li class=\"blog-feed__item\">\n                        <a href=\"https:\/\/www.santamonica.com\/es\/things-to-do\/4-must-try-beach-activities\/\" class=\"blog-feed__item-link\">\n                            <div class=\"blog-feed__image-ratio\">\n                                <img decoding=\"async\" class=\"blog-feed__image\" src=\"https:\/\/www.santamonica.com\/wp-content\/uploads\/2015\/07\/Must-Do-Family-Friendly-Activites_SondraStocker.com-520x546-400x400.jpg\" alt=\"4 actividades playeras imprescindibles para toda la familia\" title=\"\">\n                            <\/div>\n                            <div class=\"blog-feed__card-title\">4 actividades playeras imprescindibles para toda la familia<\/div>\n                        <\/a>\n                    <\/li>\n                                                                <li class=\"blog-feed__item\">\n                        <a href=\"https:\/\/www.santamonica.com\/es\/best-spots-santa-monica-get-beach-gear\/\" class=\"blog-feed__item-link\">\n                            <div class=\"blog-feed__image-ratio\">\n                                <img decoding=\"async\" class=\"blog-feed__image\" src=\"https:\/\/www.santamonica.com\/wp-content\/uploads\/2018\/06\/Beach-Featured-1-400x400.jpg\" alt=\"Los mejores lugares en Santa M\u00f3nica para comprar art\u00edculos de playa\" title=\"\">\n                            <\/div>\n                            <div class=\"blog-feed__card-title\">Los mejores lugares en Santa M\u00f3nica para comprar art\u00edculos de playa<\/div>\n                        <\/a>\n                    <\/li>\n                                                                <li class=\"blog-feed__item\">\n                        <a href=\"https:\/\/www.santamonica.com\/es\/tips-to-plan-your-trip-to-santa-monica-pier\/\" class=\"blog-feed__item-link\">\n                            <div class=\"blog-feed__image-ratio\">\n                                <img decoding=\"async\" class=\"blog-feed__image\" src=\"https:\/\/www.santamonica.com\/wp-content\/uploads\/2021\/04\/Visiting-Santa-Monica-Pier-Featured-400x400.jpg\" alt=\"Consejos para planear tu viaje al muelle de Santa M\u00f3nica\" title=\"\">\n                            <\/div>\n                            <div class=\"blog-feed__card-title\">Consejos para planear tu viaje al muelle de Santa M\u00f3nica<\/div>\n                        <\/a>\n                    <\/li>\n                                    <\/ul>\n    <\/div>\n<\/section>","protected":false},"excerpt":{"rendered":"","protected":false},"author":1421,"featured_media":381951,"parent":0,"menu_order":0,"comment_status":"closed","ping_status":"closed","template":"template-editorial.php","meta":{"_acf_changed":false,"inline_featured_image":false,"footnotes":""},"silos":[],"class_list":["post-381590","page","type-page","status-publish","has-post-thumbnail","hentry"],"acf":[],"_links":{"self":[{"href":"https:\/\/www.santamonica.com\/es\/wp-json\/wp\/v2\/pages\/381590","targetHints":{"allow":["GET"]}}],"collection":[{"href":"https:\/\/www.santamonica.com\/es\/wp-json\/wp\/v2\/pages"}],"about":[{"href":"https:\/\/www.santamonica.com\/es\/wp-json\/wp\/v2\/types\/page"}],"author":[{"embeddable":true,"href":"https:\/\/www.santamonica.com\/es\/wp-json\/wp\/v2\/users\/1421"}],"replies":[{"embeddable":true,"href":"https:\/\/www.santamonica.com\/es\/wp-json\/wp\/v2\/comments?post=381590"}],"version-history":[{"count":104,"href":"https:\/\/www.santamonica.com\/es\/wp-json\/wp\/v2\/pages\/381590\/revisions"}],"predecessor-version":[{"id":419786,"href":"https:\/\/www.santamonica.com\/es\/wp-json\/wp\/v2\/pages\/381590\/revisions\/419786"}],"wp:featuredmedia":[{"embeddable":true,"href":"https:\/\/www.santamonica.com\/es\/wp-json\/wp\/v2\/media\/381951"}],"wp:attachment":[{"href":"https:\/\/www.santamonica.com\/es\/wp-json\/wp\/v2\/media?parent=381590"}],"wp:term":[{"taxonomy":"silos","embeddable":true,"href":"https:\/\/www.santamonica.com\/es\/wp-json\/wp\/v2\/silos?post=381590"}],"curies":[{"name":"wp","href":"https:\/\/api.w.org\/{rel}","templated":true}]}}