{"id":379977,"date":"2023-05-03T13:39:40","date_gmt":"2023-05-03T20:39:40","guid":{"rendered":"https:\/\/www.santamonica.com\/?page_id=379977"},"modified":"2025-06-18T14:49:02","modified_gmt":"2025-06-18T21:49:02","slug":"orgullo","status":"publish","type":"page","link":"https:\/\/www.santamonica.com\/es\/pride\/","title":{"rendered":"Ofertas y eventos especiales del Orgullo"},"content":{"rendered":"<section class=\"sun-title sm-block --theme6 --2col sm-block\">\n            <h2 class=\"sun-title__headline\">Eventos<\/h2>    \n            <div class=\"sun-title__body  --2col wysiwyg\">\n                    <div class=\"column-1\">\n                <p><strong>Hora del cuento de la familia Rainbow \u2013 Biblioteca Ocean Park Branch<br \/>\n<\/strong>\u00a0Martes, 17 de junio de 2025<br \/>\nAcomp\u00e1\u00f1enos en el 2601 de Main Street para disfrutar de cuentos inclusivos para todas las edades.<br \/>\n<a href=\"https:\/\/www.santamonica.gov\/events\/4j6y02qs54peay8x9wrkybqnm3\/202506171130\" target=\"_blank\" rel=\"noopener\"><strong>\u00a0M\u00e1s informaci\u00f3n<\/strong><\/a><\/p>\n<p><strong>PRIDE Nataci\u00f3n al atardecer + Hora feliz<br \/>\n<\/strong>\u00a0Viernes, 20 de junio de 2025<br \/>\nCelebra la puesta de sol con un ba\u00f1o y la Happy Hour del Orgullo en el Back on the Beach Caf\u00e9 (de 5 a 7 de la tarde).<br \/>\n<a href=\"https:\/\/annenbergbeachhouse.com\/events\" target=\"_blank\" rel=\"noopener\"><strong>\u00a0M\u00e1s informaci\u00f3n<\/strong><\/a><\/p>\n<p><strong>Orgullo deportivo en la playa<br \/>\n<\/strong>\u00a0S\u00e1bado, 21 de junio de 2025<br \/>\nDiversi\u00f3n deportiva y juegos al norte del muelle y en Belmar Park.<br \/>\n<a href=\"https:\/\/outloudsports.com\/losangeles\" target=\"_blank\" rel=\"noopener\"><strong>\u00a0M\u00e1s informaci\u00f3n<\/strong><\/a><\/p>\n<p><strong>Orgullo en el paseo mar\u00edtimo: 3rd Street Promenade<br \/>\n<\/strong>\u00a0S\u00e1bado, 21 de junio de 2025<br \/>\nUna celebraci\u00f3n llena de vida con actuaciones, puestos y orgullo comunitario.<br \/>\n<a href=\"https:\/\/downtownsm.com\/events-calendar\/8825\/pride-on-the-promenade\" target=\"_blank\" rel=\"noopener\"><strong>\u00a0M\u00e1s informaci\u00f3n<\/strong><\/a><\/p>\n<p><strong>Discoteca Pride y zona infantil \u2013 Santa Monica Place<br \/>\n<\/strong>\u00a0S\u00e1bado, 21 de junio de 2025<br \/>\nCelebra con m\u00fasica, baile y diversi\u00f3n para toda la familia.<br \/>\n<a href=\"https:\/\/www.eventbrite.com\/e\/pride-at-santa-monica-place-tickets-1383135217669\" target=\"_blank\" rel=\"noopener\"><strong>\u00a0M\u00e1s informaci\u00f3n<\/strong><\/a><\/p>\n<p><strong>Clases con tem\u00e1tica del Orgullo \u2013 La Clase<br \/>\n<\/strong>\u00a0Viernes, 14 y 21 de junio de 2025<br \/>\nClases especiales de movimiento en honor al Mes del Orgullo.<br \/>\n<a href=\"https:\/\/www.theclass.com\/la-studio\" target=\"_blank\" rel=\"noopener\"><strong>\u00a0M\u00e1s informaci\u00f3n<\/strong><\/a><\/p>\n<p><strong>Fiesta posterior al D\u00eda del Deporte \u2013 1212 3rd Street Promenade<br \/>\n<\/strong>\u00a0S\u00e1bado, 21 de junio de 2025<br \/>\nRel\u00e1jate y celebra con bebidas y baile despu\u00e9s de los juegos.<br \/>\n<a href=\"https:\/\/www.1212santamonica.com\/\" target=\"_blank\" rel=\"noopener\"><strong>\u00a0M\u00e1s informaci\u00f3n<\/strong><\/a><\/p>\n<p>&nbsp;<\/p>\n                            <\/div>\n            <div class=\"column-2\">\n                <p><strong>Historia de orgullo familiar: ehtom\u00eda \u2013 Comedia de cuervos<br \/>\n<\/strong>\u00a0S\u00e1bado, 21 de junio de 2025<br \/>\nUn evento c\u00f3mico para todas las edades en 2525 Michigan Ave., Unidad F4.<br \/>\n<a href=\"https:\/\/crowcomedy.com\/familypride\" target=\"_blank\" rel=\"noopener\"><strong>\u00a0M\u00e1s informaci\u00f3n<\/strong><\/a><\/p>\n<p><strong>F\u00e1bulas fabulosas: Drag Queen Pride Family Edition \u2013 Muelle de Santa M\u00f3nica<br \/>\n<\/strong>\u00a0S\u00e1bado, 21 de junio de 2025<br \/>\nDisfruta de la hora del cuento drag en el edificio hist\u00f3rico Merry Go-Round.<br \/>\n<a href=\"https:\/\/www.santamonicapier.org\/fabfables\" target=\"_blank\" rel=\"noopener\"><strong>\u00a0M\u00e1s informaci\u00f3n<\/strong><\/a><\/p>\n<p><strong>Torneo de voleibol Pride Point<br \/>\n<\/strong>\u00a0S\u00e1bado, 21 de junio de 2025<br \/>\nTorneo comunitario de voleibol cerca de Ocean Park.<br \/>\n<a href=\"https:\/\/www.pridepointvolleyball.com\/\" target=\"_blank\" rel=\"noopener\"><strong>\u00a0M\u00e1s informaci\u00f3n<\/strong><\/a><\/p>\n<p><strong>Orgullo en el muelle \u2013 Muelle de Santa M\u00f3nica<br \/>\n<\/strong>\u00a0Domingo, 22 de junio de 2025 (aplazado)<br \/>\nLa mayor celebraci\u00f3n del fin de semana con m\u00fasica, arte y alegr\u00eda comunitaria.<br \/>\n<a href=\"https:\/\/www.seetickets.us\/event\/PRIDE-ON-THE-PIER-SANTA-MONICA\/648376\" target=\"_blank\" rel=\"noopener\"><strong>\u00a0M\u00e1s informaci\u00f3n<\/strong><\/a><\/p>\n<p><strong>Noche de orgullo + c\u00f3ctel Fairy Dust \u2013 Viceroy Santa M\u00f3nica<br \/>\n<\/strong>\u00a0Viernes, 27 de junio de 2025<br \/>\nTaller de arcilla y c\u00f3ctel tem\u00e1tico para celebrar el Orgullo.<br \/>\n<a href=\"https:\/\/www.viceroyhotelsandresorts.com\/santa-monica\/sugar-palm\" target=\"_blank\" rel=\"noopener\"><strong>\u00a0M\u00e1s informaci\u00f3n<\/strong><\/a><\/p>\n<p><strong>Espect\u00e1culos circenses dominicales \u2013 Escuela de Trapecio de Santa M\u00f3nica<br \/>\n<\/strong>\u00a0Todos los domingos de junio (excepto el 1 de junio), \u00faltima funci\u00f3n el 29 de junio de 2025.<br \/>\nEspect\u00e1culos circenses gratuitos para deslumbrar y deleitar.<br \/>\n<a href=\"https:\/\/pacpark.com\/santa-monica-piers-trapeze-school-annual-pride-show\/\" target=\"_blank\" rel=\"noopener\"><strong>\u00a0M\u00e1s informaci\u00f3n<\/strong><\/a><\/p>\n                            <\/div>\n            <\/div>\n    <\/section>\n\n\n<section class=\"sun-title sm-block --theme6 --2col sm-block\">\n            <h4 class=\"sun-title__headline\">Especiales para empresas<\/h4>    \n            <div class=\"sun-title__body  --2col wysiwyg\">\n                    <div class=\"column-1\">\n                <p><b>Ele Keats Joyer\u00eda + Cristales<\/b><b><br \/>\n<\/b><span style=\"font-weight: 400;\"> 20% fuera de Angel Aura Quartz.<\/span><span style=\"font-weight: 400;\"><br \/>\n<\/span><span style=\"font-weight: 400;\"> V\u00e1lido hasta el 30 de junio de 2025.<\/span><span style=\"font-weight: 400;\"><br \/>\n<\/span><a href=\"https:\/\/elekeats.com\/?srsltid=AfmBOoqA443Vdu6QwgpVVkiGGtEbY414EkxicG4_llGl8iOOpy7BCyPM\" target=\"_blank\" rel=\"noopener\"><strong> M\u00e1s informaci\u00f3n<\/strong><\/a><\/p>\n<p><b>Vino Esters<\/b><b><br \/>\n<\/b><span style=\"font-weight: 400;\"> C\u00f3ctel Midnight Spark y degustaci\u00f3n de vinos. El 10% de los ingresos se destinar\u00e1 a The Trevor Project.<\/span><span style=\"font-weight: 400;\"><br \/>\n<\/span><span style=\"font-weight: 400;\"> V\u00e1lido hasta el 30 de junio de 2025.<\/span><span style=\"font-weight: 400;\"><br \/>\n<\/span><strong><a href=\"https:\/\/www.esterswineshop.com\/\" target=\"_blank\" rel=\"noopener\">M\u00e1s informaci\u00f3n<\/a><\/strong><\/p>\n<p><b>Ar\u00e1ndano<\/b><b><br \/>\n<\/b><span style=\"font-weight: 400;\"> Galleta de az\u00facar con forma de coraz\u00f3n y banda arco\u00edris. El 25% de los ingresos se destina al Trans Wellness Center.<\/span><span style=\"font-weight: 400;\"><br \/>\n<\/span><span style=\"font-weight: 400;\"> V\u00e1lido hasta el 30 de junio de 2025.<\/span><span style=\"font-weight: 400;\"><br \/>\n<\/span><a href=\"https:\/\/order.toasttab.com\/online\/huckleberrysantamonica\/item-pride-cookie_5e3839ed-921e-4ff5-8888-f951a488dc55\" target=\"_blank\" rel=\"noopener\"><strong> M\u00e1s informaci\u00f3n<\/strong><\/a><\/p>\n<p><b>Milo y Olive<\/b><b><br \/>\n<\/b><span style=\"font-weight: 400;\"> Pizza Zucca con 20% de ventas donadas a GLAAD.<\/span><span style=\"font-weight: 400;\"><br \/>\n<\/span><span style=\"font-weight: 400;\"> V\u00e1lido hasta el 30 de junio de 2025.<\/span><span style=\"font-weight: 400;\"><br \/>\n<\/span><strong><a href=\"https:\/\/www.miloandolive.com\/\" target=\"_blank\" rel=\"noopener\"> M\u00e1s informaci\u00f3n<\/a><\/strong><\/p>\n<p><b>Perspire Sauna Studio Santa M\u00f3nica<\/b><b><br \/>\n<\/b><span style=\"font-weight: 400;\"> 25% m\u00e1s sesiones en todos los paquetes.<\/span><span style=\"font-weight: 400;\"><br \/>\n<\/span><span style=\"font-weight: 400;\"> V\u00e1lido hasta el 30 de junio de 2025.<\/span><span style=\"font-weight: 400;\"><br \/>\n<\/span><strong><a href=\"https:\/\/www.perspiresaunastudio.com\/ca\/santa-monica\/?aw_pixel=AW-11447393179&amp;aw_conversion=AW-11447393179\/lqbUCK7QiYAZEJu3xdIq&amp;gad_source=1&amp;gad_campaignid=22509596566&amp;gbraid=0AAAAAqpRW5t087Bu2cShz2eSl42an6Hkg&amp;gclid=Cj0KCQjwgIXCBhDBARIsAELC9ZiaC0mm8GOnFVeKFulyd3H9d2T5HDiN053ZOqsEusQXxyRb9gd2800aAmoCEALw_wcB\" target=\"_blank\" rel=\"noopener\"> M\u00e1s informaci\u00f3n<\/a><\/strong><\/p>\n<p><b>Arena y surf<\/b><b><br \/>\n<\/b><span style=\"font-weight: 400;\"> Regalo gratis con cualquier compra de $25+.<\/span><span style=\"font-weight: 400;\"><br \/>\n<\/span><span style=\"font-weight: 400;\"> V\u00e1lido hasta el 30 de junio de 2025.<\/span><span style=\"font-weight: 400;\"><br \/>\n<\/span><strong><a href=\"https:\/\/sandnsurfsm.com\/?srsltid=AfmBOoqxqeLEU71X4bYOCvGQP-eLbD6Y8m4U6kkIrLSg1pl47QLlt4PY\" target=\"_blank\" rel=\"noopener\"> M\u00e1s informaci\u00f3n<\/a><\/strong><\/p>\n                            <\/div>\n            <div class=\"column-2\">\n                <p><b>Recuerdos de Santa M\u00f3nica<\/b><b><br \/>\n<\/b><span style=\"font-weight: 400;\"> Regalo gratis con cualquier compra de $25+.<\/span><span style=\"font-weight: 400;\"><br \/>\n<\/span><span style=\"font-weight: 400;\"> V\u00e1lido hasta el 30 de junio de 2025.<\/span><span style=\"font-weight: 400;\"><br \/>\n<\/span><strong><a href=\"https:\/\/www.santamonica.com\/es\/orgullo-samo\/\" target=\"_blank\" rel=\"noopener\"> M\u00e1s informaci\u00f3n<\/a><\/strong><\/p>\n<p><b>Hotel Shore<\/b><b><br \/>\n<\/b><span style=\"font-weight: 400;\"> V\u00e1lido hasta el domingo 23 de junio de 2025.<\/span><span style=\"font-weight: 400;\"><br \/>\n<\/span><span style=\"font-weight: 400;\"> Celebra el SaMo PRIDE: disfruta de una tarifa exclusiva para conmemorar el Mes del Orgullo, con comodidad de lujo y vistas a la costa en el coraz\u00f3n de Santa M\u00f3nica.<\/span><span style=\"font-weight: 400;\"><br \/>\n<\/span><strong><a href=\"https:\/\/be.synxis.com\/?Hotel=52507&amp;Chain=7692&amp;arrive=2025-06-15&amp;depart=2025-06-23&amp;adult=1&amp;child=0&amp;promo=SMPW\" target=\"_blank\" rel=\"noopener\"> M\u00e1s informaci\u00f3n<\/a><\/strong><\/p>\n<p><b>Regent Santa Monica Beach<\/b><b><br \/>\n<\/b><span style=\"font-weight: 400;\"> V\u00e1lido hasta el domingo 30 de junio de 2025.<\/span><span style=\"font-weight: 400;\"><br \/>\n<\/span><span style=\"font-weight: 400;\"> Paquete Pride: una experiencia Pride de lujo que incluye desayuno o brunch, noches con DJ, mayordomos de playa y transporte gratuito a los eventos del Orgullo de WeHo.<\/span><span style=\"font-weight: 400;\"><br \/>\n<\/span><strong><a href=\"https:\/\/santamonica.regenthotels.com\/offers\/stay-with-pride\/\" target=\"_blank\" rel=\"noopener\"> M\u00e1s informaci\u00f3n<\/a><\/strong><\/p>\n<p><b>Galer\u00eda Von Lintel<\/b><b><br \/>\n<\/b><span style=\"font-weight: 400;\"> La exposici\u00f3n se inaugura el s\u00e1bado 14 de junio de 2025.<\/span><span style=\"font-weight: 400;\"><br \/>\n<\/span><span style=\"font-weight: 400;\"> Renegades: una exposici\u00f3n de Chloe Sherman que captura la esencia del renacimiento cultural queer en el San Francisco de los a\u00f1os noventa a trav\u00e9s de la fotograf\u00eda.<\/span><span style=\"font-weight: 400;\"><br \/>\n<\/span><strong><a href=\"https:\/\/www.vonlintel.com\" target=\"_blank\" rel=\"noopener\"> M\u00e1s informaci\u00f3n<\/a><\/strong><\/p>\n<p><b>Galleta Buena<\/b><b><br \/>\n<\/b><span style=\"font-weight: 400;\"> V\u00e1lido hasta el s\u00e1bado 28 de junio de 2025.<\/span><span style=\"font-weight: 400;\"><br \/>\n<\/span><span style=\"font-weight: 400;\"> La galleta Pride: celebra el Mes del Orgullo con una colorida galleta repleta de chispas de colores, Golden Oreos, chips de chocolate blanco y un brillante ba\u00f1o de cristales de az\u00facar de colores.<\/span><span style=\"font-weight: 400;\"><br \/>\n<\/span><strong><a href=\"https:\/\/cookiegood.com\/products\/pride?_pos=1&amp;_psq=pride&amp;_ss=e&amp;_v=1.0\" target=\"_blank\" rel=\"noopener\"> M\u00e1s informaci\u00f3n<\/a><\/strong><\/p>\n                            <\/div>\n            <\/div>\n    <\/section>\n\n\n\n<p class=\"base-block\"><\/p>\n\n\n\n<p class=\"has-text-align-center base-block\">\u00bfTienes alg\u00fan evento o promoci\u00f3n especial del Orgullo que quieras compartir? Env\u00edanoslo. <a href=\"https:\/\/www.santamonica.com\/es\/formulario-de-envio-de-ofertas-especiales-para-empresas\/\">aqu\u00ed.<\/a><\/p>\n\n\n\n<figure class=\"wp-block-image size-large base-block\"><img decoding=\"async\" width=\"1024\" height=\"683\" src=\"https:\/\/www.santamonica.com\/wp-content\/uploads\/2025\/05\/EP8A3930-1-1024x683.jpg\" alt=\"\" class=\"wp-image-766899\" title=\"\" srcset=\"https:\/\/www.santamonica.com\/wp-content\/uploads\/2025\/05\/EP8A3930-1-1024x683.jpg 1024w, https:\/\/www.santamonica.com\/wp-content\/uploads\/2025\/05\/EP8A3930-1-300x200.jpg 300w, https:\/\/www.santamonica.com\/wp-content\/uploads\/2025\/05\/EP8A3930-1-225x150.jpg 225w, https:\/\/www.santamonica.com\/wp-content\/uploads\/2025\/05\/EP8A3930-1-768x512.jpg 768w, https:\/\/www.santamonica.com\/wp-content\/uploads\/2025\/05\/EP8A3930-1-1536x1024.jpg 1536w, https:\/\/www.santamonica.com\/wp-content\/uploads\/2025\/05\/EP8A3930-1-2048x1365.jpg 2048w\" sizes=\"(max-width: 1024px) 100vw, 1024px\" \/><\/figure>\n\n\n<\/figure>","protected":false},"excerpt":{"rendered":"<p>\u00bfTienes alg\u00fan evento del Orgullo o alguna oferta especial de tu negocio que quieras compartir? Env\u00edanosla aqu\u00ed.<\/p>","protected":false},"author":1421,"featured_media":766882,"parent":0,"menu_order":0,"comment_status":"closed","ping_status":"closed","template":"template-editorial.php","meta":{"_acf_changed":false,"inline_featured_image":false,"footnotes":""},"silos":[],"class_list":["post-379977","page","type-page","status-publish","has-post-thumbnail","hentry"],"acf":[],"_links":{"self":[{"href":"https:\/\/www.santamonica.com\/es\/wp-json\/wp\/v2\/pages\/379977","targetHints":{"allow":["GET"]}}],"collection":[{"href":"https:\/\/www.santamonica.com\/es\/wp-json\/wp\/v2\/pages"}],"about":[{"href":"https:\/\/www.santamonica.com\/es\/wp-json\/wp\/v2\/types\/page"}],"author":[{"embeddable":true,"href":"https:\/\/www.santamonica.com\/es\/wp-json\/wp\/v2\/users\/1421"}],"replies":[{"embeddable":true,"href":"https:\/\/www.santamonica.com\/es\/wp-json\/wp\/v2\/comments?post=379977"}],"version-history":[{"count":28,"href":"https:\/\/www.santamonica.com\/es\/wp-json\/wp\/v2\/pages\/379977\/revisions"}],"predecessor-version":[{"id":767810,"href":"https:\/\/www.santamonica.com\/es\/wp-json\/wp\/v2\/pages\/379977\/revisions\/767810"}],"wp:featuredmedia":[{"embeddable":true,"href":"https:\/\/www.santamonica.com\/es\/wp-json\/wp\/v2\/media\/766882"}],"wp:attachment":[{"href":"https:\/\/www.santamonica.com\/es\/wp-json\/wp\/v2\/media?parent=379977"}],"wp:term":[{"taxonomy":"silos","embeddable":true,"href":"https:\/\/www.santamonica.com\/es\/wp-json\/wp\/v2\/silos?post=379977"}],"curies":[{"name":"wp","href":"https:\/\/api.w.org\/{rel}","templated":true}]}}