{"id":379339,"date":"2023-04-27T17:18:51","date_gmt":"2023-04-28T00:18:51","guid":{"rendered":"https:\/\/www.santamonica.com\/?page_id=379339"},"modified":"2024-04-29T10:34:04","modified_gmt":"2024-04-29T17:34:04","slug":"es-una-vibra-familiar","status":"publish","type":"page","link":"https:\/\/www.santamonica.com\/es\/its-a-vibe-families\/","title":{"rendered":"Familias"},"content":{"rendered":"<section class=\"booking-cta --theme5 sm-block\">\n    <div id=\"widget-container-2070\"><\/div>\n<script type=\"text\/javascript\">\n  (function() {\n    var script = document.createElement('script');\n    script.type = 'text\/javascript';\n    script.async = 'true';\n    script.src = \"https:\/\/admin.bookdirect.net\/hs4\/widgets\/2070.js?widget_element=widget-container-2070\";\n    document.body.appendChild(script);\n  })();\n<\/script>\n    <\/section>\n\n\n\n\n    \n    <section class=\"subpage-links container-max sm-block\">\n        <div class=\"subpage-links__diamonds\"><\/div>\n                <div class=\"subpage-links__content\">\n            <div class=\"subpage-links__card\">\n                <div class=\"subpage-links__card-wrapper\">\n                    <a href=\"https:\/\/www.santamonica.com\/es\/vivir-santa-monica\/barrios\/muelle-de-santa-monica-ocean-avenue\/\" class=\"subpage-links__card-link\" aria-label=\"Muelle de Santa M\u00f3nica\">\n                                                    <img decoding=\"async\" width=\"1024\" height=\"647\" src=\"https:\/\/www.santamonica.com\/wp-content\/uploads\/2022\/07\/Pier-And-Bike-Path-1024x647.png\" class=\"subpage-links__card-image\" alt=\"Muelle y carril bici\" loading=\"lazy\" srcset=\"https:\/\/www.santamonica.com\/wp-content\/uploads\/2022\/07\/Pier-And-Bike-Path-1024x647.png 1024w, https:\/\/www.santamonica.com\/wp-content\/uploads\/2022\/07\/Pier-And-Bike-Path-300x190.png 300w, https:\/\/www.santamonica.com\/wp-content\/uploads\/2022\/07\/Pier-And-Bike-Path-237x150.png 237w, https:\/\/www.santamonica.com\/wp-content\/uploads\/2022\/07\/Pier-And-Bike-Path-768x485.png 768w, https:\/\/www.santamonica.com\/wp-content\/uploads\/2022\/07\/Pier-And-Bike-Path.png 1320w\" sizes=\"auto, (max-width: 1024px) 100vw, 1024px\" title=\"\">                                                                            <div class=\"subpage-links__card-description\">\n                                <span class=\"subpage-links__card-title\">Muelle de Santa M\u00f3nica<\/span>\n                                <div class=\"subpage-links__card-button card-arrow\">Explore<\/div>\n                            <\/div>\n                                            <\/a>\n                <\/div>\n            <\/div>\n            <div class=\"subpage-links__card\">\n                <div class=\"subpage-links__card-wrapper\">\n                    <a href=\"https:\/\/www.santamonica.com\/es\/cosas-que-hacer\/parques-de-santa-monica\/\" class=\"subpage-links__card-link\" aria-label=\"Parques locales\">\n                                                    <img decoding=\"async\" width=\"1024\" height=\"431\" src=\"https:\/\/www.santamonica.com\/wp-content\/uploads\/2022\/06\/Parks-desktop-slide--1024x431.jpg\" class=\"subpage-links__card-image\" alt=\"Parques-desktop-slide-\" loading=\"lazy\" srcset=\"https:\/\/www.santamonica.com\/wp-content\/uploads\/2022\/06\/Parks-desktop-slide--1024x431.jpg 1024w, https:\/\/www.santamonica.com\/wp-content\/uploads\/2022\/06\/Parks-desktop-slide--300x126.jpg 300w, https:\/\/www.santamonica.com\/wp-content\/uploads\/2022\/06\/Parks-desktop-slide--270x114.jpg 270w, https:\/\/www.santamonica.com\/wp-content\/uploads\/2022\/06\/Parks-desktop-slide--768x323.jpg 768w, https:\/\/www.santamonica.com\/wp-content\/uploads\/2022\/06\/Parks-desktop-slide--1536x647.jpg 1536w, https:\/\/www.santamonica.com\/wp-content\/uploads\/2022\/06\/Parks-desktop-slide-.jpg 1900w\" sizes=\"auto, (max-width: 1024px) 100vw, 1024px\" title=\"\">                                                                            <div class=\"subpage-links__card-description\">\n                                <div class=\"subpage-links__card-title\">Parques locales<\/div>\n                                <div class=\"subpage-links__card-button card-arrow\">Explore<\/div>\n                            <\/div>\n                                            <\/a>\n                <\/div>\n            <\/div>\n            <div class=\"subpage-links__card\">\n                <div class=\"subpage-links__card-wrapper\">\n                    <a href=\"https:\/\/www.santamonica.com\/es\/restaurantes\/restaurantes-de-playa\/\" class=\"subpage-links__card-link\" aria-label=\"Restaurantes de playa\">\n                                                    <img decoding=\"async\" width=\"1024\" height=\"765\" src=\"https:\/\/www.santamonica.com\/wp-content\/uploads\/2022\/06\/elephante-santa-monica-beach-restaurants-1024x765.jpg\" class=\"subpage-links__card-image\" alt=\"Elephante Santa Monica Beach Restaurantes\" loading=\"lazy\" srcset=\"https:\/\/www.santamonica.com\/wp-content\/uploads\/2022\/06\/elephante-santa-monica-beach-restaurants-1024x765.jpg 1024w, https:\/\/www.santamonica.com\/wp-content\/uploads\/2022\/06\/elephante-santa-monica-beach-restaurants-300x224.jpg 300w, https:\/\/www.santamonica.com\/wp-content\/uploads\/2022\/06\/elephante-santa-monica-beach-restaurants-201x150.jpg 201w, https:\/\/www.santamonica.com\/wp-content\/uploads\/2022\/06\/elephante-santa-monica-beach-restaurants-768x574.jpg 768w, https:\/\/www.santamonica.com\/wp-content\/uploads\/2022\/06\/elephante-santa-monica-beach-restaurants.jpg 1339w\" sizes=\"auto, (max-width: 1024px) 100vw, 1024px\" title=\"\">                                                                            <div class=\"subpage-links__card-description\">\n                                <div class=\"subpage-links__card-title\">Restaurantes de playa<\/div>\n                                <div class=\"subpage-links__card-button card-arrow\">Explore<\/div>\n                            <\/div>\n                                            <\/a>\n                <\/div>\n            <\/div>\n        <\/div>\n            <\/section>\n\n\n<section class=\"stakeholder-feed sm-block js-stk-root sm-block\">\n    <div class=\"stakeholder-feed__top\">\n        <div class=\"stakeholder-feed__intro\">\n                            <h2 class=\"stakeholder-feed__headline\">Espacio para todos<\/h2>                                        <div class=\"stakeholder-feed__intro-body wysiwyg\">\n                    <p>Descubra el hogar perfecto lejos de casa en Santa M\u00f3nica. Desde resorts junto a la playa hasta hoteles en el centro de la ciudad, en el coraz\u00f3n de la acci\u00f3n, hay una estancia para cada ambiente. (Adelante, dec\u00eddase por la suite, se lo merece).<\/p>\n                <\/div>\n                    <\/div>\n        <div class=\"stakeholder-feed__nav-section\">\n                            <h1 class=\"stakeholder-feed__feed-title\">Explorar los hoteles de Santa M\u00f3nica<\/h1>                                        <a href=\"https:\/\/www.santamonica.com\/es\/hoteles\/alojamiento-en-santa-monica\/\" class=\"stakeholder-feed__feed-cta button --primary-teal-button\" >Ver todos los hoteles<\/a>            \n                        <div class=\"stakeholder-feed__pagination xxx--desktop-hide\">\n                <div class=\"swiper-button-prev stakeholder-feed__pagination-prev\"><\/div>\n                <div class=\"swiper-button-next stakeholder-feed__pagination-next\"><\/div>\n            <\/div>\n        <\/div>\n    <\/div>\n    <div class=\"stakeholder-feed__bottom\">\n        <div class=\"stakeholder-feed__feed-list-wrapper swiper js-stk-swiper\">\n            <ul class=\"stakeholder-feed__feed-list swiper-wrapper js-stk-wrapper\">\n                    <li class=\"swiper-slide stakeholder-card --theme3\">\n        <a class=\"stakeholder-card__link\" href=\"https:\/\/www.santamonica.com\/es\/hotels\/days-inn-santa-monicalos-angeles\/\">\n            <div class=\"stakeholder-card__image\">\n                <img decoding=\"async\" src=\"https:\/\/assets.simpleviewinc.com\/simpleview\/image\/upload\/crm\/santamonica\/exterior-8_B43662CA-82E6-4F7B-B0C811AD19D91486_1b7635f8-2662-40a3-a38eb55f6e8d563d.jpg\" alt=\"Days Inn by Wyndham Santa M\u00f3nica\" title=\"\">\n            <\/div>\n            <div class=\"stakeholder-card__stk-info\">\n                <div class=\"stakeholder-card__stk-name\">Days Inn by Wyndham Santa M\u00f3nica<\/div>\n                <div class=\"stakeholder-card__stk-cat\">Presupuesto<\/div>\n            <\/div>\n        <\/a>\n    <\/li>\n        <li class=\"swiper-slide stakeholder-card --theme3\">\n        <a class=\"stakeholder-card__link\" href=\"https:\/\/www.santamonica.com\/es\/hotels\/huntley-santa-monica-beach\/\">\n            <div class=\"stakeholder-card__image\">\n                <img decoding=\"async\" src=\"https:\/\/assets.simpleviewinc.com\/simpleview\/image\/upload\/crm\/santamonica\/The-Regal-Terrace_EE59B3E0-CB4D-4433-A3639E1A2E4DB269_ccc98b7b-105e-438e-a81a6b2f2d595161.jpg\" alt=\"Huntley Playa de Santa M\u00f3nica\" title=\"\">\n            <\/div>\n            <div class=\"stakeholder-card__stk-info\">\n                <div class=\"stakeholder-card__stk-name\">Huntley Playa de Santa M\u00f3nica<\/div>\n                <div class=\"stakeholder-card__stk-cat\">Hotel<\/div>\n            <\/div>\n        <\/a>\n    <\/li>\n        <li class=\"swiper-slide stakeholder-card --theme3\">\n        <a class=\"stakeholder-card__link\" href=\"https:\/\/www.santamonica.com\/es\/hotels\/rest-haven-motel\/\">\n            <div class=\"stakeholder-card__image\">\n                <img decoding=\"async\" src=\"https:\/\/assets.simpleviewinc.com\/simpleview\/image\/upload\/crm\/santamonica\/OPI-147_bf63de97-5056-b365-ab1709629f45fa8b.jpg\" alt=\"Motel Refugio de Descanso\" title=\"\">\n            <\/div>\n            <div class=\"stakeholder-card__stk-info\">\n                <div class=\"stakeholder-card__stk-name\">Motel Refugio de Descanso<\/div>\n                <div class=\"stakeholder-card__stk-cat\">Alojamiento<\/div>\n            <\/div>\n        <\/a>\n    <\/li>\n        <li class=\"swiper-slide stakeholder-card --theme3\">\n        <a class=\"stakeholder-card__link\" href=\"https:\/\/www.santamonica.com\/es\/hotels\/gateway-hotel-santa-monica\/\">\n            <div class=\"stakeholder-card__image\">\n                <img decoding=\"async\" src=\"https:\/\/assets.simpleviewinc.com\/simpleview\/image\/upload\/crm\/santamonica\/Gateway-132-King_581189B0-ED3F-47A1-A7BAA234664797C7_4bea6d38-b3e3-4162-ac83f97a51ef4369.jpg\" alt=\"El Hotel Gateway Santa M\u00f3nica\" title=\"\">\n            <\/div>\n            <div class=\"stakeholder-card__stk-info\">\n                <div class=\"stakeholder-card__stk-name\">El Hotel Gateway Santa M\u00f3nica<\/div>\n                <div class=\"stakeholder-card__stk-cat\">Hotel<\/div>\n            <\/div>\n        <\/a>\n    <\/li>\n                <\/ul>\n        <\/div>\n    <\/div>\n<\/section>\n\n\n<section class=\"travel-tips --theme7 sm-block base-block\">\n    <div class=\"travel-tips__inner\">\n        <div class=\"travel-tips__body-col\">\n                            <img decoding=\"async\" src=\"https:\/\/www.santamonica.com\/wp-content\/uploads\/2022\/06\/responsible-badge-1.svg\" alt=\"Viaja por Santa M\u00f3nica con responsabilidad\" title=\"\">\n                                        <p class=\"travel-tips__intro\">Viaja de forma segura y sostenible para ayudar a mantener la belleza de Santa M\u00f3nica al tiempo que te mantienes sano con estos consejos.<\/p>\n                    <\/div>\n        <div class=\"travel-tips__links-col\">\n                        <div class=\"travel-tips__link-row\">\n                                    <img decoding=\"async\" src=\"https:\/\/www.santamonica.com\/wp-content\/uploads\/2022\/06\/Parking-Information.svg\" alt=\"Aparcamiento en Santa M\u00f3nica\" title=\"\">\n                                                    <a class=\"travel-tips__link\" href=\"https:\/\/www.santamonica.com\/es\/transporte\/estacionamiento\/\">\n                        Informaci\u00f3n sobre el aparcamiento                    <\/a>\n                            <\/div>\n                        <div class=\"travel-tips__link-row\">\n                                    <img decoding=\"async\" src=\"https:\/\/www.santamonica.com\/wp-content\/uploads\/2022\/06\/What-to-Pack.svg\" alt=\"C\u00f3mo hacer la maleta para viajar a Santa M\u00f3nica\" title=\"\">\n                                                    <a class=\"travel-tips__link\" href=\"https:\/\/www.santamonica.com\/es\/vivir-santa-monica\/que-llevar\/\">\n                        Qu\u00e9 meter en la maleta                    <\/a>\n                            <\/div>\n                        <div class=\"travel-tips__link-row\">\n                                    <img decoding=\"async\" src=\"https:\/\/www.santamonica.com\/wp-content\/uploads\/2022\/06\/Health-and-Safety.svg\" alt=\"Consejos de seguridad para viajar a Santa M\u00f3nica\" title=\"\">\n                                                    <a class=\"travel-tips__link\" href=\"https:\/\/www.santamonica.com\/es\/vivir-santa-monica\/seguridad\/\">\n                        Salud y seguridad                    <\/a>\n                            <\/div>\n                        <div class=\"travel-tips__link-row\">\n                                    <img decoding=\"async\" src=\"https:\/\/www.santamonica.com\/wp-content\/uploads\/2022\/06\/The-Essentials.svg\" alt=\"Lo esencial del viaje a Santa M\u00f3nica\" title=\"\">\n                                                    <a class=\"travel-tips__link\" href=\"https:\/\/www.santamonica.com\/es\/vivir-santa-monica\/elementos-esenciales\/\">\n                        Lo esencial                    <\/a>\n                            <\/div>\n                    <\/div>\n\n    <\/div>\n<\/section>\n\n\n<section class=\"events-feed sm-block sm-block\">\n    <div class=\"events-feed__inner\">\n        <div class=\"events-feed__body\">\n                            <div class=\"events-feed__body-eyebrow eyebrow\">Eventos destacados<\/div>                                        <h2 class=\"events-feed__body-headline\">Actividades para toda la familia<\/h2>                                        <div class=\"events-feed__body-intro wysiwyg\"><p><span style=\"font-weight: 400;\">Desde los viajeros m\u00e1s peque\u00f1os hasta los padres y los padres de los padres, Santa M\u00f3nica es un patio de recreo para familias de todas las formas y tama\u00f1os. Echa un vistazo a los conciertos en directo, festivales, eventos exclusivos para ni\u00f1os y otras formas de aprovechar al m\u00e1ximo tu visita con las personas que m\u00e1s te importan.<\/span><\/p>\n<\/div>\n                                        <a href=\"https:\/\/www.santamonica.com\/es\/eventos\/\" class=\"events-feed__body-cta button --primary-teal-button\" >Ver el calendario<\/a>                    <\/div>\n        <div class=\"events-feed__events\">\n                            <a class=\"events-feed__event\" href=\"https:\/\/www.santamonica.com\/es\/event\/karen-knorr-scavi\/2026-04-15\/\">\n                    <div class=\"events-feed__event-date\">\n                        <div class=\"events-feed__event-month\">\n                            Abr                        <\/div>\n                        <div class=\"events-feed__event-day\">\n                            15                        <\/div>\n                                            <\/div>\n                                            <div class=\"events-feed__event-cat --theme3\">Arte<\/div>\n                                        <div class=\"events-feed__event-details\">\n                        <h3 class=\"events-feed__event-title\">\n                            Karen Knorr \u2013 \u201cScavi\u201d                        <\/h3>\n                        <div class=\"events-feed__event-desc\">La Galer\u00eda Danziger se complace en presentar Scavi, la nueva serie en curso de Karen Knorr. \u201cScavi\u201d, la palabra italiana para \u201cexcavaciones\u201d, comenz\u00f3 en...<\/div>\n                    <\/div>\n                    <div class=\"events-feed__event-thumb\">\n                        <img decoding=\"async\" src=\"https:\/\/www.santamonica.com\/wp-content\/uploads\/2026\/02\/Screenshot-2026-02-27-at-2.11.02-PM-1024x768.png\" alt=\"Karen Knorr - \" title=\"\">\n                    <\/div>\n                <\/a>\n                            <a class=\"events-feed__event\" href=\"https:\/\/www.santamonica.com\/es\/event\/downtown-farmers-market\/2026-04-15\/\">\n                    <div class=\"events-feed__event-date\">\n                        <div class=\"events-feed__event-month\">\n                            Abr                        <\/div>\n                        <div class=\"events-feed__event-day\">\n                            15                        <\/div>\n                                            <\/div>\n                                            <div class=\"events-feed__event-cat --theme3\">Comida\/bebida<\/div>\n                                        <div class=\"events-feed__event-details\">\n                        <h3 class=\"events-feed__event-title\">\n                            Mercado de agricultores del centro \u2013 Mercado de los mi\u00e9rcoles                        <\/h3>\n                        <div class=\"events-feed__event-desc\">\u00a1El mercado agr\u00edcola certificado m\u00e1s grande del sur de California, exclusivo para productores, y uno de los favoritos de los chefs locales! Disfrute de uno de los mercados agr\u00edcolas de Santa M\u00f3nica...<\/div>\n                    <\/div>\n                    <div class=\"events-feed__event-thumb\">\n                        <img decoding=\"async\" src=\"https:\/\/www.santamonica.com\/wp-content\/uploads\/2022\/08\/All-Farmers-Markets.png\" alt=\"Mercado de agricultores del centro de la ciudad - Mercado de los mi\u00e9rcoles\" title=\"\">\n                    <\/div>\n                <\/a>\n                            <a class=\"events-feed__event\" href=\"https:\/\/www.santamonica.com\/es\/event\/betsys-tyler-wells-x-jolie-laides-scott-schultz-at-crudo-e-nudo\/\">\n                    <div class=\"events-feed__event-date\">\n                        <div class=\"events-feed__event-month\">\n                            Abr                        <\/div>\n                        <div class=\"events-feed__event-day\">\n                            15                        <\/div>\n                                            <\/div>\n                                            <div class=\"events-feed__event-cat --theme3\">Comida\/bebida<\/div>\n                                        <div class=\"events-feed__event-details\">\n                        <h3 class=\"events-feed__event-title\">\n                            Betsy&#8217;s Tyler Wells x Jolie Laide&#8217;s Scott Schultz at Crudo e Nudo                        <\/h3>\n                        <div class=\"events-feed__event-desc\">Del 13 al 19 de abril, la serie \u00abChef y en\u00f3logo invitados\u00bb con motivo del quinto aniversario de Crudo e Nudo re\u00fane a los amigos del chef y propietario Brian Bornemann\u2026<\/div>\n                    <\/div>\n                    <div class=\"events-feed__event-thumb\">\n                        <img decoding=\"async\" src=\"https:\/\/www.santamonica.com\/wp-content\/uploads\/2026\/03\/Screenshot-2026-03-24-at-3.19.36-PM-1024x1024.png\" alt=\"Tyler Wells, de Betsy, y Scott Schultz, de Jolie Laide, en Crudo e Nudo\" title=\"\">\n                    <\/div>\n                <\/a>\n                    <\/div>\n    <\/div>\n<\/section>\n\n\n<section class=\"blog-feed --theme8 sm-block\">\n    <div class=\"blog-feed__content\">\n        <div class=\"blog-feed__intro\">\n                            <div class=\"blog-feed__eyebrow eyebrow\">Blogs<\/div>                                        <h3 class=\"blog-feed__headline\">M\u00e1s actividades para toda la familia<\/h3>                                        <div class=\"blog-feed__body\"><p><span style=\"font-weight: 400;\">Prueba algo nuevo o haz lo que amas, con quien amas.<\/span><\/p>\n<\/div>\n                                        <a class=\"blog-feed__cta\" href=\"https:\/\/www.santamonica.com\/es\/entradas-de-blog\/\">Ver todos los blogs<\/a>\n                    <\/div>\n\n        <ul class=\"blog-feed__list\">\n                                                <li class=\"blog-feed__item\">\n                        <a href=\"https:\/\/www.santamonica.com\/es\/things-to-do\/family\/three-days-of-family-fun-in-santa-monica\/\" class=\"blog-feed__item-link\">\n                            <div class=\"blog-feed__image-ratio\">\n                                <img decoding=\"async\" class=\"blog-feed__image\" src=\"https:\/\/www.santamonica.com\/wp-content\/uploads\/2019\/08\/Annenberg-Beach-House-Santa-Monica-Featured-400x400.jpg\" alt=\"Tres d\u00edas de diversi\u00f3n familiar en Santa M\u00f3nica\" title=\"\">\n                            <\/div>\n                            <div class=\"blog-feed__card-title\">Tres d\u00edas de diversi\u00f3n familiar en Santa M\u00f3nica<\/div>\n                        <\/a>\n                    <\/li>\n                                                                <li class=\"blog-feed__item\">\n                        <a href=\"https:\/\/www.santamonica.com\/es\/hotels\/family-friendly-hotels-in-santa-monica\/\" class=\"blog-feed__item-link\">\n                            <div class=\"blog-feed__image-ratio\">\n                                <img decoding=\"async\" class=\"blog-feed__image\" src=\"https:\/\/www.santamonica.com\/wp-content\/uploads\/2019\/03\/family-friendly-hotels-featured-400x400.jpg\" alt=\"Hoteles familiares en Santa M\u00f3nica\" title=\"\">\n                            <\/div>\n                            <div class=\"blog-feed__card-title\">Hoteles familiares en Santa M\u00f3nica<\/div>\n                        <\/a>\n                    <\/li>\n                                                                <li class=\"blog-feed__item\">\n                        <a href=\"https:\/\/www.santamonica.com\/es\/things-to-do\/4-must-try-beach-activities\/\" class=\"blog-feed__item-link\">\n                            <div class=\"blog-feed__image-ratio\">\n                                <img decoding=\"async\" class=\"blog-feed__image\" src=\"https:\/\/www.santamonica.com\/wp-content\/uploads\/2015\/07\/Must-Do-Family-Friendly-Activites_SondraStocker.com-520x546-400x400.jpg\" alt=\"4 actividades playeras imprescindibles para toda la familia\" title=\"\">\n                            <\/div>\n                            <div class=\"blog-feed__card-title\">4 actividades playeras imprescindibles para toda la familia<\/div>\n                        <\/a>\n                    <\/li>\n                                    <\/ul>\n    <\/div>\n<\/section>","protected":false},"excerpt":{"rendered":"","protected":false},"author":1450,"featured_media":379343,"parent":0,"menu_order":0,"comment_status":"closed","ping_status":"closed","template":"template-editorial.php","meta":{"_acf_changed":false,"inline_featured_image":false,"footnotes":""},"silos":[],"class_list":["post-379339","page","type-page","status-publish","has-post-thumbnail","hentry"],"acf":[],"_links":{"self":[{"href":"https:\/\/www.santamonica.com\/es\/wp-json\/wp\/v2\/pages\/379339","targetHints":{"allow":["GET"]}}],"collection":[{"href":"https:\/\/www.santamonica.com\/es\/wp-json\/wp\/v2\/pages"}],"about":[{"href":"https:\/\/www.santamonica.com\/es\/wp-json\/wp\/v2\/types\/page"}],"author":[{"embeddable":true,"href":"https:\/\/www.santamonica.com\/es\/wp-json\/wp\/v2\/users\/1450"}],"replies":[{"embeddable":true,"href":"https:\/\/www.santamonica.com\/es\/wp-json\/wp\/v2\/comments?post=379339"}],"version-history":[{"count":30,"href":"https:\/\/www.santamonica.com\/es\/wp-json\/wp\/v2\/pages\/379339\/revisions"}],"predecessor-version":[{"id":413577,"href":"https:\/\/www.santamonica.com\/es\/wp-json\/wp\/v2\/pages\/379339\/revisions\/413577"}],"wp:featuredmedia":[{"embeddable":true,"href":"https:\/\/www.santamonica.com\/es\/wp-json\/wp\/v2\/media\/379343"}],"wp:attachment":[{"href":"https:\/\/www.santamonica.com\/es\/wp-json\/wp\/v2\/media?parent=379339"}],"wp:term":[{"taxonomy":"silos","embeddable":true,"href":"https:\/\/www.santamonica.com\/es\/wp-json\/wp\/v2\/silos?post=379339"}],"curies":[{"name":"wp","href":"https:\/\/api.w.org\/{rel}","templated":true}]}}