{"id":374399,"date":"2023-02-03T10:40:46","date_gmt":"2023-02-03T18:40:46","guid":{"rendered":"https:\/\/www.santamonica.com\/?page_id=374399"},"modified":"2026-02-06T15:08:18","modified_gmt":"2026-02-06T23:08:18","slug":"mes-de-la-historia-afroamericana","status":"publish","type":"page","link":"https:\/\/www.santamonica.com\/es\/black-history-month\/","title":{"rendered":"Mes de la Historia Negra 2026"},"content":{"rendered":"<section class=\"image-section-break sm-block\">\n    <div class=\"image-section-break__image-wrapper\">\n                    <picture>\n                    <source\n                        media=\"(min-width: 768px)\"\n                        srcset=\"https:\/\/www.santamonica.com\/wp-content\/uploads\/2025\/02\/Black_History_Month_1656x574.jpg\"\n                    >\n                    <img decoding=\"async\" src=\"https:\/\/www.santamonica.com\/wp-content\/uploads\/2025\/02\/Black_History_Month_650x866.jpg\" class=\"image-section-break__image\" alt=\"\" title=\"\">\n            <\/picture>\n                \n\n    <\/div>\n    <div class=\"image-section-break__text-content\">\n        <div class=\"image-section-break__first-content --theme3\">\n                                        <h2 class=\"image-section-break__title\">Eventos y acontecimientos<\/h2>\n                                        <div class=\"image-section-break__body-copy wysiwyg\"><h4>Grupo de libros de misterio y suspense: \u201cWhile Justice Sleeps\u201d (Mientras la justicia duerme), de Stacey Abrams.<\/h4>\n<p><em>Martes, 17 de febrero, de 19:00 a 20:00, a trav\u00e9s de Zoom.\u00a0<\/em><\/p>\n<p>Este grupo de debate literario mensual, dirigido por la comunidad, se re\u00fane virtualmente para debatir sobre t\u00edtulos nacionales e internacionales de los g\u00e9neros de misterio y suspense. Durante el mes de febrero, los participantes del grupo leer\u00e1n y debatir\u00e1n la novela de suspense pol\u00edtico de Stacey Abrams, \u2019While Justice Sleeps\u201c (Mientras la justicia duerme). Para inscribirse, env\u00ede un correo electr\u00f3nico a library@santamonica.gov.<\/p>\n<h4>SMPL presenta: La emblem\u00e1tica casa de Ninja<\/h4>\n<p><em>Mi\u00e9rcoles, 18 de febrero, de 19:00 a 20:00, en la Biblioteca Central, Auditorio MLK Jr.<\/em><\/p>\n<p>\u00a1Prep\u00e1rate para bailar! La ic\u00f3nica House of Ninja calienta el ambiente con un espect\u00e1culo de baile vogue que te garantizar\u00e1 una experiencia electrizante. Fundada en 1982 por el difunto Willi Ninja, el \u2018padrino del vogue\u2019, House of Ninja ha tenido un gran impacto tanto en la cultura ballroom como en la cultura mainstream, apareciendo en el galardonado documental Paris Is Burning y en la serie de competici\u00f3n ballroom de HBO Max Legendary. House of Ninja ha trabajado junto a algunos de los nombres m\u00e1s importantes de la moda y la m\u00fasica, como Madonna, Lady Gaga, Beyonc\u00e9 y Doechii, \u00a1y su actuaci\u00f3n seguro que obtendr\u00e1 un 10 en todos los aspectos!<\/p>\n<h4>Noche de los locales: Noche de jazz<\/h4>\n<p><em>Jueves, 19 de febrero, de 15:30 a 22:00, en el muelle de Santa M\u00f3nica.<\/em><\/p>\n<p>La Noche de los Locales trae el ritmo con la Noche de Jazz de BroadStage, en la que participan antiguos alumnos del programa de residencia art\u00edstica de Stanley Clarke. Disfrute de ritmos intensos para celebrar el Mes de la Historia Negra, mientras que Offhand Wine Bar mantiene el ambiente relajado con una selecci\u00f3n de vinos perfectamente maridados.<\/p>\n<h4>Grupo de libros de ficci\u00f3n destacados: \u201cThe Birdwatcher\u201d, de Gayl Jones.<\/h4>\n<p><em>S\u00e1bado, 21 de febrero, de 11:00 a 12:30, a trav\u00e9s de Zoom.\u00a0<\/em><\/p>\n<p>Este grupo de debate literario mensual, dirigido por la comunidad, se re\u00fane virtualmente para debatir sobre t\u00edtulos de ficci\u00f3n galardonados. Durante el mes de febrero, los participantes del grupo leer\u00e1n y debatir\u00e1n sobre \u201cThe Birdwatcher\u201d, finalista del Premio Nacional del Libro, que explora la expresi\u00f3n creativa de las mujeres negras. Para inscribirse, env\u00ede un correo electr\u00f3nico a library@santamonica.gov.<\/p>\n<h4>Sissies: Algo perfecto entre nosotros<\/h4>\n<p><em>S\u00e1bado, 21 de febrero, de 15:00 a 17:00, en la Annenberg Community Beach House.\u00a0<\/em><\/p>\n<p>Bernard Brown, director y core\u00f3grafo de bbmoves, presentar\u00e1 un avance de Sissies: Something Perfect between Ourselves, una actuaci\u00f3n e instalaci\u00f3n realizada por, para y sobre artistas queer negros, morenos e ind\u00edgenas que han creado espacios que alimentan la m\u00fasica, la danza, la moda y el latido creativo del underground queer de Los \u00c1ngeles.<\/p>\n<p>&nbsp;<\/p>\n<\/div>\n                                <\/div>\n        <div class=\"image-section-break__second-content\">\n                            <div class=\"image-section-break__body-copy wysiwyg\"><h4>Desaf\u00edo de lectura del Mes de la Historia Negra<\/h4>\n<p><em>Del domingo 1 de febrero al s\u00e1bado 28 de febrero \/ Visita <a href=\"https:\/\/smpl.beanstack.org\/reader365\" target=\"_blank\" rel=\"noopener\">smpl.beanstack.org<\/a> para registrarse\u00a0<\/em><\/p>\n<p>Explora y honra la rica historia, cultura y logros de los hombres y mujeres afroamericanos a trav\u00e9s de libros, entre los que se incluyen t\u00edtulos galardonados con el Premio Coretta Scott King. Estos premios se otorgan a destacados autores e ilustradores afroamericanos de libros para ni\u00f1os y j\u00f3venes que demuestran su aprecio por la cultura afroamericana y los valores humanos universales. Registra tus lecturas y actividades para ganar insignias y participar en el sorteo de un paquete de libros. Para edades comprendidas entre los 12 y los 17 a\u00f1os.<\/p>\n<h4>Homenaje a Eddie Davis, Departamento de Bomberos de Santa M\u00f3nica, 1960<\/h4>\n<p><em>Martes, 24 de febrero, de 17:30 a 18:30, en el Ayuntamiento de Santa M\u00f3nica.\u00a0<\/em><\/p>\n<p>\u00danase a la ciudad para honrar el legado de Eddie Davis, el primer bombero afroamericano de Santa M\u00f3nica, y conmemorar su servicio, determinaci\u00f3n e impacto duradero en nuestra comunidad.<\/p>\n<h4>11.\u00ba Festival Anual de los Verdes<\/h4>\n<p><em>S\u00e1bado, 28 de febrero, de 11:00 a. m. a 4:00 p. m., en Virginia Avenue Park.\u00a0<\/em><\/p>\n<p>Traiga a su familia, amigos y vecinos para disfrutar de un d\u00eda de cultura, conexi\u00f3n y celebraci\u00f3n en el 11.\u00ba Festival Anual Greens, una alegre celebraci\u00f3n del Mes de la Historia Afroamericana, presentado por el Grupo Comunitario Afroamericano de Santa M\u00f3nica en colaboraci\u00f3n con Virginia Avenue Park.<\/p>\n<p>El tema de este a\u00f1o, \u201cBoots on the Ground\u201d (Botas sobre el terreno), rinde homenaje a la comunidad y la cultura. Disfrute de demostraciones de cocina con verduras, m\u00fasica y baile, vendedores locales y puestos comunitarios que ofrecen recursos e informaci\u00f3n para la comunidad. Arron \u201cBobo\u201d Arnell vuelve a ser el maestro de ceremonias y DJ Dense, de KJLH, pinchar\u00e1 durante todo el evento.<\/p>\n<h4>Proyecci\u00f3n de pel\u00edcula con motivo del Mes de la Historia Negra: \u201cRuby Bridges\u201d<\/h4>\n<p><em>S\u00e1bado, 28 de febrero, de 15:00 a 17:00, en la Biblioteca Central.\u00a0<\/em><\/p>\n<p>Conoce a Ruby Bridges, una joven afroamericana, y su experiencia al integrarse en la escuela primaria William Frantz, que anteriormente era una escuela solo para blancos en Nueva Orleans. Duraci\u00f3n: 96 min. Para toda la familia.<\/p>\n<h4>El hogar bajo la piel<\/h4>\n<p><em>S\u00e1bado, 28 de febrero, a las 15:00, 16:00 y 17:00 h, en el hist\u00f3rico parque Belmar.\u00a0<\/em><\/p>\n<p>La obra \u2019Home Under One\u2019s Skin\u201c (Hogar bajo la piel) de Marcella Lewis se ha creado en di\u00e1logo con \u201dA Resurrection in Four Stanzas\u2019 (Una resurrecci\u00f3n en cuatro estrofas) de April Banks en el hist\u00f3rico Belmar Park, una escultura p\u00fablica que aborda las historias del desplazamiento y el recuerdo. Basada en el movimiento, la voz y la participaci\u00f3n directa del p\u00fablico, la obra de Lewis reflexiona sobre la memoria, el renacimiento y la nostalgia, centr\u00e1ndose en la p\u00e9rdida intergeneracional de la \u201cvida en el porche\u201d, un espacio cultural de reuni\u00f3n, narraci\u00f3n de historias y cuidado que en su d\u00eda fue fundamental para la vida comunitaria negra.<\/p>\n<p><!-- wp:heading {\"level\":4} --><\/p>\n<h4 class=\"wp-block-heading\">BroadStage<\/h4>\n<p><em>Durante todo el mes de febrero<\/em><\/p>\n<p><!-- \/wp:heading --> <!-- wp:paragraph --><\/p>\n<p>\u00danete a <a href=\"https:\/\/www.santamonica.com\/es\/cosas-que-hacer\/el-amplio-escenario\/\">BroadStage<\/a> para celebrar el Mes de la Historia Negra este febrero, con una OFERTA ESPECIAL en <em>Una noche de comedia con Dominique: \u00a1Ay, mam\u00e1, ah\u00ed va esa mujer!<\/em> y <em>Maestros del groove de Nueva Orleans<\/em>. Disfruta de un descuento de 25% en estos espect\u00e1culos utilizando el c\u00f3digo \u201cBHM25\u201d al finalizar la compra. Entradas en <a href=\"http:\/\/broadstage.org\" data-type=\"link\" data-id=\"broadstage.org\" target=\"_blank\" rel=\"noopener\">broadstage.org<\/a>!<!-- \/wp:paragraph --><\/p>\n<\/div>\n                                <\/div>\n    <\/div>\n<\/section>\n\n\n\n<section class=\"image-section-break sm-block\">\n    <div class=\"image-section-break__image-wrapper\">\n                    <picture>\n                    <source\n                        media=\"(min-width: 768px)\"\n                        srcset=\"https:\/\/www.santamonica.com\/wp-content\/uploads\/2023\/02\/Black-Owned-Business.jpg\"\n                    >\n                    <img decoding=\"async\" src=\"https:\/\/www.santamonica.com\/wp-content\/uploads\/2023\/02\/Black-Owned-Business-Tall.jpg\" class=\"image-section-break__image\" alt=\"Mujer de pie con orgullo frente a su tienda de ropa.\" title=\"\">\n            <\/picture>\n                \n\n    <\/div>\n    <div class=\"image-section-break__text-content\">\n        <div class=\"image-section-break__first-content --theme3\">\n                                        <h2 class=\"image-section-break__title\">Especiales para empresas<\/h2>\n                                        <div class=\"image-section-break__body-copy wysiwyg\"><p>\u00a1Pr\u00f3ximamente habr\u00e1 m\u00e1s ofertas especiales para empresas!<\/p>\n<\/div>\n                                <\/div>\n        <div class=\"image-section-break__second-content\">\n                                <\/div>\n    <\/div>\n<\/section>\n\n\n\n<p class=\"has-text-align-center base-block\"><em>Para m\u00e1s empresas propiedad de personas de raza negra, <a href=\"https:\/\/www.santamonica.gov\/blackownedbusinesses\" target=\"_blank\" rel=\"noreferrer noopener\">Consulte la lista completa en el sitio web de la ciudad de Santa M\u00f3nica.<\/a>.<\/em><\/p>\n\n\n<section class=\"travel-tips --theme7 sm-block base-block\">\n    <div class=\"travel-tips__inner\">\n        <div class=\"travel-tips__body-col\">\n                            <img decoding=\"async\" src=\"https:\/\/www.santamonica.com\/wp-content\/uploads\/2022\/06\/responsible-badge-1.svg\" alt=\"Viaja por Santa M\u00f3nica con responsabilidad\" title=\"\">\n                                        <p class=\"travel-tips__intro\">Viaja de forma segura y sostenible para ayudar a mantener la belleza de Santa M\u00f3nica al tiempo que te mantienes sano con estos consejos.<\/p>\n                    <\/div>\n        <div class=\"travel-tips__links-col\">\n                        <div class=\"travel-tips__link-row\">\n                                    <img decoding=\"async\" src=\"https:\/\/www.santamonica.com\/wp-content\/uploads\/2022\/06\/Parking-Information.svg\" alt=\"Aparcamiento en Santa M\u00f3nica\" title=\"\">\n                                                    <a class=\"travel-tips__link\" href=\"https:\/\/www.santamonica.com\/es\/transporte\/estacionamiento\/\">\n                        Informaci\u00f3n sobre el aparcamiento                    <\/a>\n                            <\/div>\n                        <div class=\"travel-tips__link-row\">\n                                    <img decoding=\"async\" src=\"https:\/\/www.santamonica.com\/wp-content\/uploads\/2022\/06\/What-to-Pack.svg\" alt=\"C\u00f3mo hacer la maleta para viajar a Santa M\u00f3nica\" title=\"\">\n                                                    <a class=\"travel-tips__link\" href=\"https:\/\/www.santamonica.com\/es\/vivir-santa-monica\/que-llevar\/\">\n                        Qu\u00e9 meter en la maleta                    <\/a>\n                            <\/div>\n                        <div class=\"travel-tips__link-row\">\n                                    <img decoding=\"async\" src=\"https:\/\/www.santamonica.com\/wp-content\/uploads\/2022\/06\/Health-and-Safety.svg\" alt=\"Consejos de seguridad para viajar a Santa M\u00f3nica\" title=\"\">\n                                                    <a class=\"travel-tips__link\" href=\"https:\/\/www.santamonica.com\/es\/vivir-santa-monica\/seguridad\/\">\n                        Salud y seguridad                    <\/a>\n                            <\/div>\n                        <div class=\"travel-tips__link-row\">\n                                    <img decoding=\"async\" src=\"https:\/\/www.santamonica.com\/wp-content\/uploads\/2022\/06\/The-Essentials.svg\" alt=\"Lo esencial del viaje a Santa M\u00f3nica\" title=\"\">\n                                                    <a class=\"travel-tips__link\" href=\"https:\/\/www.santamonica.com\/es\/vivir-santa-monica\/elementos-esenciales\/\">\n                        Lo esencial                    <\/a>\n                            <\/div>\n                    <\/div>\n\n    <\/div>\n<\/section>\n\n\n    <section class=\"booking-cta --theme5 sm-block\">\n    <div id=\"widget-container-2070\"><\/div>\n<script type=\"text\/javascript\">\n  (function() {\n    var script = document.createElement('script');\n    script.type = 'text\/javascript';\n    script.async = 'true';\n    script.src = \"https:\/\/admin.bookdirect.net\/hs4\/widgets\/2070.js?widget_element=widget-container-2070\";\n    document.body.appendChild(script);\n  })();\n<\/script>\n    <\/section>\n\n\n\n<section class=\"blog-feed --theme8 sm-block\">\n    <div class=\"blog-feed__content\">\n        <div class=\"blog-feed__intro\">\n                            <div class=\"blog-feed__eyebrow eyebrow\">Blogs<\/div>                                        <h1 class=\"blog-feed__headline\">Descubre Santa M\u00f3nica<\/h1>                                        <div class=\"blog-feed__body\"><p>Explore itinerarios, consejos locales, lugares de inter\u00e9s y aventuras seleccionadas para sacar el m\u00e1ximo partido a su experiencia en Santa M\u00f3nica.<\/p>\n<\/div>\n                                        <a class=\"blog-feed__cta\" href=\"https:\/\/www.santamonica.com\/es\/entradas-de-blog\/\">Ver todos los blogs<\/a>\n                    <\/div>\n\n        <ul class=\"blog-feed__list\">\n                                                <li class=\"blog-feed__item\">\n                        <a href=\"https:\/\/www.santamonica.com\/es\/experience-santa-monica\/diverse-santa-monica-businesses\/\" class=\"blog-feed__item-link\">\n                            <div class=\"blog-feed__image-ratio\">\n                                <img decoding=\"async\" class=\"blog-feed__image\" src=\"https:\/\/www.santamonica.com\/wp-content\/uploads\/2020\/12\/Minority-Owned-Businesses-in-Santa-Monica-featured-400x400.jpg\" alt=\"Empresas que celebran la diversidad de Santa M\u00f3nica\" title=\"\">\n                            <\/div>\n                            <div class=\"blog-feed__card-title\">Empresas que celebran la diversidad de Santa M\u00f3nica<\/div>\n                        <\/a>\n                    <\/li>\n                                                                <li class=\"blog-feed__item\">\n                        <a href=\"https:\/\/www.santamonica.com\/es\/shopping\/support-santa-monica-retail-and-buy-local\/\" class=\"blog-feed__item-link\">\n                            <div class=\"blog-feed__image-ratio\">\n                                <img decoding=\"async\" class=\"blog-feed__image\" src=\"https:\/\/www.santamonica.com\/wp-content\/uploads\/2020\/04\/Buy-Local-Santa-Monica-featured2-400x400.jpg\" alt=\"Apoye a los comercios minoristas de Santa M\u00f3nica y compre productos locales.\" title=\"\">\n                            <\/div>\n                            <div class=\"blog-feed__card-title\">Apoye a los comercios minoristas de Santa M\u00f3nica y compre productos locales.<\/div>\n                        <\/a>\n                    <\/li>\n                                                                <li class=\"blog-feed__item\">\n                        <a href=\"https:\/\/www.santamonica.com\/es\/experience-santa-monica\/female-owned-businesses-flourish-in-santa-monica\/\" class=\"blog-feed__item-link\">\n                            <div class=\"blog-feed__image-ratio\">\n                                <img decoding=\"async\" class=\"blog-feed__image\" src=\"https:\/\/www.santamonica.com\/wp-content\/uploads\/2021\/03\/WomenOwnedBusiness_Featured-400x400.jpg\" alt=\"Las empresas propiedad de mujeres prosperan en Santa M\u00f3nica\" title=\"\">\n                            <\/div>\n                            <div class=\"blog-feed__card-title\">Las empresas propiedad de mujeres prosperan en Santa M\u00f3nica<\/div>\n                        <\/a>\n                    <\/li>\n                                    <\/ul>\n    <\/div>\n<\/section>","protected":false},"excerpt":{"rendered":"<p>For more Black-owned businesses, check out the full list on City of Santa Monica\u2019s website.<\/p>","protected":false},"author":1421,"featured_media":374939,"parent":0,"menu_order":0,"comment_status":"closed","ping_status":"closed","template":"","meta":{"_acf_changed":false,"inline_featured_image":false,"footnotes":""},"silos":[],"class_list":["post-374399","page","type-page","status-publish","has-post-thumbnail","hentry"],"acf":[],"_links":{"self":[{"href":"https:\/\/www.santamonica.com\/es\/wp-json\/wp\/v2\/pages\/374399","targetHints":{"allow":["GET"]}}],"collection":[{"href":"https:\/\/www.santamonica.com\/es\/wp-json\/wp\/v2\/pages"}],"about":[{"href":"https:\/\/www.santamonica.com\/es\/wp-json\/wp\/v2\/types\/page"}],"author":[{"embeddable":true,"href":"https:\/\/www.santamonica.com\/es\/wp-json\/wp\/v2\/users\/1421"}],"replies":[{"embeddable":true,"href":"https:\/\/www.santamonica.com\/es\/wp-json\/wp\/v2\/comments?post=374399"}],"version-history":[{"count":120,"href":"https:\/\/www.santamonica.com\/es\/wp-json\/wp\/v2\/pages\/374399\/revisions"}],"predecessor-version":[{"id":784789,"href":"https:\/\/www.santamonica.com\/es\/wp-json\/wp\/v2\/pages\/374399\/revisions\/784789"}],"wp:featuredmedia":[{"embeddable":true,"href":"https:\/\/www.santamonica.com\/es\/wp-json\/wp\/v2\/media\/374939"}],"wp:attachment":[{"href":"https:\/\/www.santamonica.com\/es\/wp-json\/wp\/v2\/media?parent=374399"}],"wp:term":[{"taxonomy":"silos","embeddable":true,"href":"https:\/\/www.santamonica.com\/es\/wp-json\/wp\/v2\/silos?post=374399"}],"curies":[{"name":"wp","href":"https:\/\/api.w.org\/{rel}","templated":true}]}}