{"id":368163,"date":"2022-11-14T11:53:01","date_gmt":"2022-11-14T19:53:01","guid":{"rendered":"https:\/\/www.santamonica.com\/?page_id=368163"},"modified":"2022-11-15T13:25:57","modified_gmt":"2022-11-15T21:25:57","slug":"montanas-de-santa-monica","status":"publish","type":"page","link":"https:\/\/www.santamonica.com\/es\/experience-santa-monica\/santa-monica-mountains\/","title":{"rendered":"\u00c1rea recreativa nacional de las monta\u00f1as de Santa M\u00f3nica"},"content":{"rendered":"<p class=\"base-block\">La SMMNRA es una enorme \u00e1rea recreativa nacional que contiene muchos parques individuales y reservas de espacios abiertos, incluyendo algunas de las rutas de senderismo m\u00e1s hermosas del pa\u00eds. Los parques se encuentran principalmente en las monta\u00f1as de Santa M\u00f3nica, con dos tercios de ellos en el noroeste del condado de Los \u00c1ngeles y el tercio restante, incluyendo una extensi\u00f3n en Simi Hills, en el condado de Ventura. Las monta\u00f1as de Santa M\u00f3nica, una de las \u00fanicas zonas rurales abiertas que quedan en Los \u00c1ngeles, se extienden a lo largo de 80 kil\u00f3metros por el noroeste de la ciudad. Estas hermosas monta\u00f1as est\u00e1n cubiertas de bosques de robles y sic\u00f3moros, flores silvestres, salvia costera y m\u00e1s de 20 especies diferentes de plantas y animales.<\/p>\n\n\n<section class=\"sun-title sm-block --theme6 sm-block\">\n            <h2 class=\"sun-title__headline\">Cosas que hacer en el \u00c1rea Recreativa Nacional de las Monta\u00f1as de Santa M\u00f3nica<\/h2>    \n            <div class=\"sun-title__body  wysiwyg\">\n                    <p>\u00a1Prep\u00e1rate para explorar la naturaleza! Hay muchas oportunidades para descubrir lo que ofrece esta zona, como ciclismo, observaci\u00f3n de aves, avistamiento de ballenas desde tierra, campamento, senderismo, equitaci\u00f3n y escalada. El sendero Backbone Trail recorre casi 110 km a trav\u00e9s de las monta\u00f1as de Santa M\u00f3nica, entre el parque estatal Will Rogers y el parque estatal Point Mugu. No dudes en traer a tu perro e incluso hacer un picnic en el sendero.<\/p>\n<p>Si quieres hacer senderismo pero no quieres pasar demasiado tiempo al sol, prueba la ruta Circle X Ranch Trail. Desde el inicio de la ruta, sube al pico Sandstone Peak, de 948 metros de altura, para disfrutar de las vistas del oc\u00e9ano Pac\u00edfico y del centro de Los \u00c1ngeles. Esta ruta es ideal para senderistas de todos los niveles, ya que es mayoritariamente llana, con solo algunos tramos empinados.<\/p>\n                        <\/div>\n    <\/section>\n\n\n\n<figure class=\"wp-block-image aligncenter size-full base-block\"><img decoding=\"async\" width=\"937\" height=\"700\" src=\"https:\/\/www.santamonica.com\/wp-content\/uploads\/2022\/11\/paramount-ranch.jpg\" alt=\"rancho Paramount\" class=\"wp-image-368251\" title=\"\" srcset=\"https:\/\/www.santamonica.com\/wp-content\/uploads\/2022\/11\/paramount-ranch.jpg 937w, https:\/\/www.santamonica.com\/wp-content\/uploads\/2022\/11\/paramount-ranch-300x224.jpg 300w, https:\/\/www.santamonica.com\/wp-content\/uploads\/2022\/11\/paramount-ranch-201x150.jpg 201w, https:\/\/www.santamonica.com\/wp-content\/uploads\/2022\/11\/paramount-ranch-768x574.jpg 768w\" sizes=\"(max-width: 937px) 100vw, 937px\" \/>\n\n            <div class=\"img-lctn-tag --no-link wordpress-image__image-caption --right\">Foto de: @cruselaw<\/div>\n    <\/figure>\n\n<section class=\"sun-title sm-block --theme6 sm-block\">\n            <h3 class=\"sun-title__headline\">Vistas dignas de una pel\u00edcula en las monta\u00f1as<\/h3>    \n            <div class=\"sun-title__body  wysiwyg\">\n                    <p>Si dispone de m\u00e1s tiempo y prefiere una caminata m\u00e1s larga, pruebe el sendero Solstice Canyon Trail. Desde el inicio del sendero, camine a lo largo de un arroyo sombreado por robles y sic\u00f3moros y disfrute de las hermosas vistas de las cascadas a lo largo del camino. Esta caminata tambi\u00e9n es adecuada para todos los niveles, ya que no es ni demasiado dif\u00edcil ni demasiado f\u00e1cil, \u00a1es perfecta! Independientemente del sendero que elijas, aseg\u00farate de permanecer en los senderos se\u00f1alizados por tu seguridad y para no perturbar las propiedades privadas.<\/p>\n<p>Y si te interesa saber c\u00f3mo se hac\u00edan las pel\u00edculas en el pasado (y tal vez ver algunos sets de rodaje), \u00a1visita Paramount Ranch! Esta zona se ha utilizado como localizaci\u00f3n cinematogr\u00e1fica desde 1927 y ha servido de base para estrellas como Bob Hope y Gary Cooper.<\/p>\n                        <\/div>\n    <\/section>\n\n\n<section class=\"image-slider --theme1 sm-block\" >\n    <div class=\"image-slider__wrapper\">\n                    <div class=\"image-slider__copy wysiwyg\"><p><span style=\"font-weight: 400;\">Contin\u00faa con el recorrido hist\u00f3rico por Hollywood dirigi\u00e9ndote a <\/span><a href=\"https:\/\/www.parks.ca.gov\/?page_id=626\" target=\"_blank\" rel=\"noopener\"><span style=\"font-weight: 400;\"><strong>Parque Estatal Will Rogers<\/strong>.<\/span><\/a><span style=\"font-weight: 400;\"> El actor de vodevil que da nombre al parque compr\u00f3 el terreno al principio de su carrera para su familia, pero tras su muerte, en 1944, fue donado y se convirti\u00f3 en un parque estatal. Este parque tiene algo que ofrecer a todo el mundo, con 359 acres de las monta\u00f1as de Santa M\u00f3nica, una casa rural, un campo de polo, paseos a caballo y mucho m\u00e1s. <\/span><\/p>\n<\/div>\n                <div class=\"image-slider__slider right\">\n                            <!-- Slider main container -->\n                <div class=\"swiper js-image-slider\">\n                    <!-- Additional required wrapper -->\n                    <div class=\"swiper-wrapper\">\n                        <!-- Slides -->\n                                                    <div class=\"swiper-slide\">\n                                <img decoding=\"async\" width=\"1024\" height=\"576\" src=\"https:\/\/www.santamonica.com\/wp-content\/uploads\/2022\/11\/will-rogers-state-historic-park.jpg\" class=\"swiper-slide__image\" alt=\"\" loading=\"lazy\" srcset=\"https:\/\/www.santamonica.com\/wp-content\/uploads\/2022\/11\/will-rogers-state-historic-park.jpg 1024w, https:\/\/www.santamonica.com\/wp-content\/uploads\/2022\/11\/will-rogers-state-historic-park-300x169.jpg 300w, https:\/\/www.santamonica.com\/wp-content\/uploads\/2022\/11\/will-rogers-state-historic-park-267x150.jpg 267w, https:\/\/www.santamonica.com\/wp-content\/uploads\/2022\/11\/will-rogers-state-historic-park-768x432.jpg 768w\" sizes=\"auto, (max-width: 1024px) 100vw, 1024px\" title=\"\">                                \n\n            <div class=\"img-lctn-tag --no-link image-slider__image-caption --right\">Foto de: @michaelad567<\/div>\n                                <\/div>\n                                                    <div class=\"swiper-slide\">\n                                <img decoding=\"async\" width=\"1024\" height=\"576\" src=\"https:\/\/www.santamonica.com\/wp-content\/uploads\/2022\/11\/will-rogers-state-park-1.jpg\" class=\"swiper-slide__image\" alt=\"\" loading=\"lazy\" srcset=\"https:\/\/www.santamonica.com\/wp-content\/uploads\/2022\/11\/will-rogers-state-park-1.jpg 1024w, https:\/\/www.santamonica.com\/wp-content\/uploads\/2022\/11\/will-rogers-state-park-1-300x169.jpg 300w, https:\/\/www.santamonica.com\/wp-content\/uploads\/2022\/11\/will-rogers-state-park-1-267x150.jpg 267w, https:\/\/www.santamonica.com\/wp-content\/uploads\/2022\/11\/will-rogers-state-park-1-768x432.jpg 768w\" sizes=\"auto, (max-width: 1024px) 100vw, 1024px\" title=\"\">                                \n\n            <div class=\"img-lctn-tag --no-link image-slider__image-caption --right\">Foto de: @michaelad567<\/div>\n                                <\/div>\n                                            <\/div>\n                                            <div class=\"image-slider__swiper-controls-wrapper-relocator\">\n                            <div class=\"image-slider__swiper-controls-wrapper\">\n                                <div class=\"swiper-pagination\"><\/div>\n                                <div class=\"swiper-button-prev-custom\">\n                                    <div class=\"arrow-button-left\"><\/div>\n                                <\/div>\n                                <div class=\"swiper-button-next-custom\">\n                                    <div class=\"arrow-button-right\"><\/div>\n                                <\/div>\n                            <\/div>\n                        <\/div>\n                                    <\/div>\n                    <\/div>\n    <\/div>\n<\/section>\n\n\n\n<section class=\"two-images container-max sm-block  sm-block\">\n    <div class=\"two-images__container\">\n\n        <div class=\"two-images__column\">\n            <div class=\"two-images__content\">\n                <div class=\"two-images__content-header-container\">\n                                                                                <\/div>\n                                    <div class=\"two-images__content-body wysiwyg\">\n                        <p><span style=\"font-weight: 400;\">Para una experiencia m\u00e1s relajada, te recomendamos visitar los campamentos de las monta\u00f1as de Santa M\u00f3nica. Desde el Parque Estatal Leo Carillo hasta el Parque Estatal Point Mugu, hay una gran variedad de campamentos para disfrutar. Cuando salgan las estrellas, estar\u00e1s en el lugar perfecto para contemplarlas desde el ca\u00f1\u00f3n, y cuando salga el sol por la ma\u00f1ana, podr\u00e1s escuchar las olas rompiendo en la distancia.\u00a0<\/span><\/p>\n                    <\/div>\n                                            <\/div>\n        <\/div>\n\n        <div class=\"two-images__column\">\n                            <div class=\"two-images__image-container\">\n                    <img decoding=\"async\" width=\"425\" height=\"505\" src=\"https:\/\/www.santamonica.com\/wp-content\/uploads\/2022\/11\/santa-monica-mountains-camping.jpg\" class=\"two-images__image\" alt=\"\" loading=\"lazy\" srcset=\"https:\/\/www.santamonica.com\/wp-content\/uploads\/2022\/11\/santa-monica-mountains-camping.jpg 425w, https:\/\/www.santamonica.com\/wp-content\/uploads\/2022\/11\/santa-monica-mountains-camping-252x300.jpg 252w, https:\/\/www.santamonica.com\/wp-content\/uploads\/2022\/11\/santa-monica-mountains-camping-126x150.jpg 126w\" sizes=\"auto, (max-width: 425px) 100vw, 425px\" title=\"\">                    \n\n            <div class=\"img-lctn-tag --no-link two-images__image-caption --right\">Foto de: @walkinabouthistory<\/div>\n                    <\/div>\n                    <\/div>\n\n        <div class=\"two-images__column\">\n                            <div class=\"two-images__image-container\">\n                    <img decoding=\"async\" width=\"600\" height=\"565\" src=\"https:\/\/www.santamonica.com\/wp-content\/uploads\/2022\/11\/Hikers-in-Santa-Monica-Mountains-National-Recreation-Area.jpg\" class=\"two-images__image\" alt=\"Excursionistas en el \u00c1rea Recreativa Nacional de las Monta\u00f1as de Santa M\u00f3nica\" loading=\"lazy\" srcset=\"https:\/\/www.santamonica.com\/wp-content\/uploads\/2022\/11\/Hikers-in-Santa-Monica-Mountains-National-Recreation-Area.jpg 600w, https:\/\/www.santamonica.com\/wp-content\/uploads\/2022\/11\/Hikers-in-Santa-Monica-Mountains-National-Recreation-Area-300x283.jpg 300w, https:\/\/www.santamonica.com\/wp-content\/uploads\/2022\/11\/Hikers-in-Santa-Monica-Mountains-National-Recreation-Area-159x150.jpg 159w\" sizes=\"auto, (max-width: 600px) 100vw, 600px\" title=\"\">                    \n\n            <div class=\"img-lctn-tag --no-link two-images__image-caption --right\">Foto de: @feminine_mystique<\/div>\n                    <\/div>\n                    <\/div>\n\n    <\/div>\n<\/section>\n\n\n<section class=\"sun-title sm-block --theme6 sm-block\">\n            <h3 class=\"sun-title__headline\">Explora las monta\u00f1as de forma segura<\/h3>    \n            <div class=\"sun-title__body  wysiwyg\">\n                    <p>Visite el centro de visitantes del parque nacional en King Gillette Ranch, en Calabasas, para obtener mapas e informaci\u00f3n sobre las monta\u00f1as. Tenga en cuenta que la mayor\u00eda de los parques estatales tienen normas y reglamentos espec\u00edficos. Al entrar en una zona, usted es responsable de cumplir las normas que se aplican. Consulte en la entrada o en el quiosco las normas y reglamentos de cada parque.<\/p>\n                        <\/div>\n    <\/section>\n\n\n<section class=\"blog-feed --theme8 sm-block\">\n    <div class=\"blog-feed__content\">\n        <div class=\"blog-feed__intro\">\n                            <div class=\"blog-feed__eyebrow eyebrow\">Blogs<\/div>                                        <h2 class=\"blog-feed__headline\">Descubre Santa M\u00f3nica<\/h2>                                        <div class=\"blog-feed__body\"><p>Explore itinerarios, consejos locales, lugares de inter\u00e9s y aventuras seleccionadas para sacar el m\u00e1ximo partido a su experiencia en Santa M\u00f3nica.<\/p>\n<\/div>\n                                        <a class=\"blog-feed__cta\" href=\"https:\/\/www.santamonica.com\/es\/entradas-de-blog\/\">Ver todos los blogs<\/a>\n                    <\/div>\n\n        <ul class=\"blog-feed__list\">\n                                                <li class=\"blog-feed__item\">\n                        <a href=\"https:\/\/www.santamonica.com\/es\/trip-planner\/southern-california-road-trip\/\" class=\"blog-feed__item-link\">\n                            <div class=\"blog-feed__image-ratio\">\n                                <img decoding=\"async\" class=\"blog-feed__image\" src=\"https:\/\/www.santamonica.com\/wp-content\/uploads\/2021\/08\/Santa-Monica-Coast-Featured-400x400.jpg\" alt=\"Viaje de 10 d\u00edas por el sur de California\" title=\"\">\n                            <\/div>\n                            <div class=\"blog-feed__card-title\">Viaje de 10 d\u00edas por el sur de California<\/div>\n                        <\/a>\n                    <\/li>\n                                                                <li class=\"blog-feed__item\">\n                        <a href=\"https:\/\/www.santamonica.com\/es\/restaurants\/santa-monica-coffee-shops\/\" class=\"blog-feed__item-link\">\n                            <div class=\"blog-feed__image-ratio\">\n                                <img decoding=\"async\" class=\"blog-feed__image\" src=\"https:\/\/www.santamonica.com\/wp-content\/uploads\/2023\/10\/best-santa-monica-coffee-shops-400x400.jpg\" alt=\"Las 11 mejores cafeter\u00edas y teter\u00edas de Santa M\u00f3nica\" title=\"\">\n                            <\/div>\n                            <div class=\"blog-feed__card-title\">Las 11 mejores cafeter\u00edas y teter\u00edas de Santa M\u00f3nica<\/div>\n                        <\/a>\n                    <\/li>\n                                                                <li class=\"blog-feed__item\">\n                        <a href=\"https:\/\/www.santamonica.com\/es\/experience-santa-monica\/santa-monica-then-now\/\" class=\"blog-feed__item-link\">\n                            <div class=\"blog-feed__image-ratio\">\n                                <img decoding=\"async\" class=\"blog-feed__image\" src=\"https:\/\/www.santamonica.com\/wp-content\/uploads\/2021\/09\/Santa_Monica_Historic_Pier_Featured-400x400.jpg\" alt=\"Santa M\u00f3nica entonces y ahora\" title=\"\">\n                            <\/div>\n                            <div class=\"blog-feed__card-title\">Santa M\u00f3nica entonces y ahora<\/div>\n                        <\/a>\n                    <\/li>\n                                    <\/ul>\n    <\/div>\n<\/section>","protected":false},"excerpt":{"rendered":"<p>The SMMNRA is a massive national recreation area that contains many individual parks and open space preserves, including some of the most gorgeous hiking trails in the country. The parklands [&hellip;]<\/p>\n","protected":false},"author":1450,"featured_media":368188,"parent":0,"menu_order":0,"comment_status":"closed","ping_status":"closed","template":"template-editorial.php","meta":{"_acf_changed":false,"inline_featured_image":false,"footnotes":""},"silos":[3887],"class_list":["post-368163","page","type-page","status-publish","has-post-thumbnail","hentry"],"acf":[],"_links":{"self":[{"href":"https:\/\/www.santamonica.com\/es\/wp-json\/wp\/v2\/pages\/368163","targetHints":{"allow":["GET"]}}],"collection":[{"href":"https:\/\/www.santamonica.com\/es\/wp-json\/wp\/v2\/pages"}],"about":[{"href":"https:\/\/www.santamonica.com\/es\/wp-json\/wp\/v2\/types\/page"}],"author":[{"embeddable":true,"href":"https:\/\/www.santamonica.com\/es\/wp-json\/wp\/v2\/users\/1450"}],"replies":[{"embeddable":true,"href":"https:\/\/www.santamonica.com\/es\/wp-json\/wp\/v2\/comments?post=368163"}],"version-history":[{"count":63,"href":"https:\/\/www.santamonica.com\/es\/wp-json\/wp\/v2\/pages\/368163\/revisions"}],"predecessor-version":[{"id":368264,"href":"https:\/\/www.santamonica.com\/es\/wp-json\/wp\/v2\/pages\/368163\/revisions\/368264"}],"wp:featuredmedia":[{"embeddable":true,"href":"https:\/\/www.santamonica.com\/es\/wp-json\/wp\/v2\/media\/368188"}],"wp:attachment":[{"href":"https:\/\/www.santamonica.com\/es\/wp-json\/wp\/v2\/media?parent=368163"}],"wp:term":[{"taxonomy":"silos","embeddable":true,"href":"https:\/\/www.santamonica.com\/es\/wp-json\/wp\/v2\/silos?post=368163"}],"curies":[{"name":"wp","href":"https:\/\/api.w.org\/{rel}","templated":true}]}}