{"id":366998,"date":"2022-10-28T17:33:40","date_gmt":"2022-10-29T00:33:40","guid":{"rendered":"https:\/\/www.santamonica.com\/?page_id=366998"},"modified":"2022-10-30T19:54:51","modified_gmt":"2022-10-31T02:54:51","slug":"otono-invierno-puesta-de-sol","status":"publish","type":"page","link":"https:\/\/www.santamonica.com\/es\/fall-winter-sunset\/","title":{"rendered":"P\u00e1gina de aterrizaje de oto\u00f1o \u2013 Edici\u00f3n Puestas de sol"},"content":{"rendered":"<section class=\"image-slider --theme1 sm-block\" >\n    <div class=\"image-slider__wrapper\">\n                    <div class=\"image-slider__copy wysiwyg\"><h2>1. Muelle de Santa M\u00f3nica<\/h2>\n<p>Quiz\u00e1s la atracci\u00f3n m\u00e1s emblem\u00e1tica, el <a href=\"https:\/\/www.santamonica.com\/es\/cosas-que-hacer\/muelle-de-santa-monica\/\">Muelle de Santa M\u00f3nica<\/a> ofrece vistas panor\u00e1micas del oc\u00e9ano Pac\u00edfico. Y, al atardecer, disfrute de las luces del muelle que centellean en la luz azul mientras Santa M\u00f3nica cobra vida con la diversi\u00f3n nocturna.<\/p>\n<p>\u00bfNecesitas indicaciones? Aqu\u00ed tienes la direcci\u00f3n: <a href=\"https:\/\/www.google.com\/maps\/place\/Santa+Monica+Pier\/@34.0087686,-118.5000063,17z\/data=!3m1!4b1!4m5!3m4!1s0x80c2a4d74d5ea79b:0xcd9a111aced18f4d!8m2!3d34.0082821!4d-118.4987585\" target=\"_blank\" rel=\"noopener\">200 Muelle de Santa M\u00f3nica<\/a><\/p>\n<\/div>\n                <div class=\"image-slider__slider right\">\n                            <!-- Slider main container -->\n                <div class=\"swiper\">\n                    <!-- Additional required wrapper -->\n                    <div class=\"swiper-wrapper\">\n                        <!-- Slides -->\n                                                    <div class=\"swiper-slide\">\n                                <img decoding=\"async\" width=\"1024\" height=\"580\" src=\"https:\/\/www.santamonica.com\/wp-content\/uploads\/2022\/10\/Pier-Sunset-1024x580-1.jpg\" class=\"swiper-slide__image\" alt=\"Puesta de sol roja, rosa, morada y naranja sobre el muelle de Santa M\u00f3nica y la playa de Santa M\u00f3nica.\" loading=\"lazy\" srcset=\"https:\/\/www.santamonica.com\/wp-content\/uploads\/2022\/10\/Pier-Sunset-1024x580-1.jpg 1024w, https:\/\/www.santamonica.com\/wp-content\/uploads\/2022\/10\/Pier-Sunset-1024x580-1-300x170.jpg 300w, https:\/\/www.santamonica.com\/wp-content\/uploads\/2022\/10\/Pier-Sunset-1024x580-1-265x150.jpg 265w, https:\/\/www.santamonica.com\/wp-content\/uploads\/2022\/10\/Pier-Sunset-1024x580-1-768x435.jpg 768w\" sizes=\"auto, (max-width: 1024px) 100vw, 1024px\" title=\"\">                                \n\n                            <\/div>\n                                            <\/div>\n                                    <\/div>\n                    <\/div>\n    <\/div>\n<\/section>\n\n\n<section class=\"image-slider --theme1 sm-block\" >\n    <div class=\"image-slider__wrapper\">\n                    <div class=\"image-slider__copy wysiwyg\"><h2>2. El langostino<\/h2>\n<p><span style=\"font-weight: 400;\">Hablemos de un \u00edcono. <\/span><strong><a href=\"https:\/\/www.santamonica.com\/es\/restaurantes\/la-langosta\/\">La langosta<\/a><\/strong><span style=\"font-weight: 400;\"> lleva desde 1923 recibiendo comensales en su local junto a la playa, cerca del muelle de Santa M\u00f3nica, y ha sido nombrado uno de los restaurantes Michelin Plate de Santa M\u00f3nica. Aseg\u00farate de elegir una hora de reserva que coincida con la puesta de sol y disfrutar\u00e1s de una experiencia sensorial completa.<\/span><\/p>\n<p><span style=\"font-weight: 400;\">\u00bfNecesitas indicaciones? Aqu\u00ed tienes la direcci\u00f3n: <a href=\"https:\/\/www.google.com\/maps\/place\/1602+Ocean+Ave,+Santa+Monica,+CA+90401\/@34.0110378,-118.4972152,17z\/data=!3m1!4b1!4m5!3m4!1s0x80c2a4d1272f722d:0xe41202718745a269!8m2!3d34.0110334!4d-118.4950265\" target=\"_blank\" rel=\"noopener\">1602 Ocean Avenue<\/a><\/span><\/p>\n<\/div>\n                <div class=\"image-slider__slider left\">\n                            <!-- Slider main container -->\n                <div class=\"swiper\">\n                    <!-- Additional required wrapper -->\n                    <div class=\"swiper-wrapper\">\n                        <!-- Slides -->\n                                                    <div class=\"swiper-slide\">\n                                <img decoding=\"async\" width=\"1024\" height=\"576\" src=\"https:\/\/www.santamonica.com\/wp-content\/uploads\/2022\/10\/the-lobster-ocean-view.jpg\" class=\"swiper-slide__image\" alt=\"la vista al mar de langosta\" loading=\"lazy\" srcset=\"https:\/\/www.santamonica.com\/wp-content\/uploads\/2022\/10\/the-lobster-ocean-view.jpg 1024w, https:\/\/www.santamonica.com\/wp-content\/uploads\/2022\/10\/the-lobster-ocean-view-300x169.jpg 300w, https:\/\/www.santamonica.com\/wp-content\/uploads\/2022\/10\/the-lobster-ocean-view-267x150.jpg 267w, https:\/\/www.santamonica.com\/wp-content\/uploads\/2022\/10\/the-lobster-ocean-view-768x432.jpg 768w\" sizes=\"auto, (max-width: 1024px) 100vw, 1024px\" title=\"\">                                \n\n                            <\/div>\n                                            <\/div>\n                                    <\/div>\n                    <\/div>\n    <\/div>\n<\/section>\n\n\n    <section class=\"booking-cta --theme5 sm-block\">\n    <div id=\"widget-container-2070\"><\/div>\n<script type=\"text\/javascript\">\n  (function() {\n    var script = document.createElement('script');\n    script.type = 'text\/javascript';\n    script.async = 'true';\n    script.src = \"https:\/\/admin.bookdirect.net\/hs4\/widgets\/2070.js?widget_element=widget-container-2070\";\n    document.body.appendChild(script);\n  })();\n<\/script>\n    <\/section>\n\n\n\n<section class=\"image-slider --theme1 sm-block\" >\n    <div class=\"image-slider__wrapper\">\n                    <div class=\"image-slider__copy wysiwyg\"><h2>3. Playa de Santa M\u00f3nica<\/h2>\n<p>Hunda los pies en la arena y disfrute del relajante sonido de las olas rompiendo en la orilla en <a href=\"https:\/\/www.santamonica.com\/es\/cosas-que-hacer\/playa-de-santa-monica\/\">Playa de Santa M\u00f3nica<\/a>. Tanto si quieres traer una toalla y sentarte a disfrutar del momento como si prefieres dar un rom\u00e1ntico paseo, los 5,6 km de playa no tienen ning\u00fan \u00e1ngulo malo al atardecer.<\/p>\n<p>\u00bfNecesitas indicaciones? <a href=\"https:\/\/www.google.com\/maps\/place\/Santa+Monica+Beach\/@34.0091934,-118.5063833,15z\/data=!3m1!4b1!4m5!3m4!1s0x80c2a4d753e7d5f1:0x1730c10394bec38!8m2!3d34.0091764!4d-118.4976285\" target=\"_blank\" rel=\"noopener\">Dir\u00edgete hacia el oeste hasta llegar al agua.<\/a>. Hay 8 estacionamientos y estacionamiento en la calle a lo largo de toda la arena.<\/p>\n<\/div>\n                <div class=\"image-slider__slider right\">\n                            <!-- Slider main container -->\n                <div class=\"swiper\">\n                    <!-- Additional required wrapper -->\n                    <div class=\"swiper-wrapper\">\n                        <!-- Slides -->\n                                                    <div class=\"swiper-slide\">\n                                <img decoding=\"async\" width=\"1024\" height=\"580\" src=\"https:\/\/www.santamonica.com\/wp-content\/uploads\/2022\/07\/Beach1024x580.jpg\" class=\"swiper-slide__image\" alt=\"Playa de Santa M\u00f3nica al atardecer; el cielo reflejado en la arena h\u00fameda; cielo p\u00farpura, naranja y amarillo.\" loading=\"lazy\" srcset=\"https:\/\/www.santamonica.com\/wp-content\/uploads\/2022\/07\/Beach1024x580.jpg 1024w, https:\/\/www.santamonica.com\/wp-content\/uploads\/2022\/07\/Beach1024x580-300x170.jpg 300w, https:\/\/www.santamonica.com\/wp-content\/uploads\/2022\/07\/Beach1024x580-265x150.jpg 265w, https:\/\/www.santamonica.com\/wp-content\/uploads\/2022\/07\/Beach1024x580-768x435.jpg 768w\" sizes=\"auto, (max-width: 1024px) 100vw, 1024px\" title=\"\">                                \n\n                            <\/div>\n                                            <\/div>\n                                    <\/div>\n                    <\/div>\n    <\/div>\n<\/section>\n\n\n<section class=\"image-slider --theme1 sm-block\" >\n    <div class=\"image-slider__wrapper\">\n                    <div class=\"image-slider__copy wysiwyg\"><h2>4. Parque Palisades<\/h2>\n<p>Re\u00fana a sus seres queridos y salgan a dar un paseo por este <a href=\"https:\/\/www.santamonica.com\/es\/cosas-que-hacer\/parque-palisades\/\">Parque costero de 26 acres<\/a> con vistas a la bah\u00eda de Santa M\u00f3nica. Quiz\u00e1s te apetezca llevar una tabla de embutidos y disfrutar de un aperitivo en una mesa de picnic mientras contemplas la puesta de sol. Tambi\u00e9n hay un jard\u00edn de rosas, obras de arte p\u00fablico y mucho m\u00e1s por descubrir a lo largo del camino.<\/p>\n<p>\u00bfNecesitas indicaciones? Aqu\u00ed tienes la direcci\u00f3n: <a href=\"https:\/\/www.google.com\/maps\/place\/Palisades+Park\/@34.0230223,-118.5139451,17z\/data=!3m1!4b1!4m5!3m4!1s0x80c2a37ba2a581fb:0x442c2938801a9316!8m2!3d34.0230179!4d-118.5094604\" target=\"_blank\" rel=\"noopener\">Avenida del Oc\u00e9ano<\/a>, entre Colorado Avenue y Adelaide Drive<\/p>\n<\/div>\n                <div class=\"image-slider__slider left\">\n                            <!-- Slider main container -->\n                <div class=\"swiper\">\n                    <!-- Additional required wrapper -->\n                    <div class=\"swiper-wrapper\">\n                        <!-- Slides -->\n                                                    <div class=\"swiper-slide\">\n                                <img decoding=\"async\" width=\"1024\" height=\"576\" src=\"https:\/\/www.santamonica.com\/wp-content\/uploads\/2022\/06\/evening-things-to-do.jpg\" class=\"swiper-slide__image\" alt=\"cosas que hacer por la noche\" loading=\"lazy\" srcset=\"https:\/\/www.santamonica.com\/wp-content\/uploads\/2022\/06\/evening-things-to-do.jpg 1024w, https:\/\/www.santamonica.com\/wp-content\/uploads\/2022\/06\/evening-things-to-do-300x169.jpg 300w, https:\/\/www.santamonica.com\/wp-content\/uploads\/2022\/06\/evening-things-to-do-267x150.jpg 267w, https:\/\/www.santamonica.com\/wp-content\/uploads\/2022\/06\/evening-things-to-do-768x432.jpg 768w\" sizes=\"auto, (max-width: 1024px) 100vw, 1024px\" title=\"\">                                \n\n                            <\/div>\n                                            <\/div>\n                                    <\/div>\n                    <\/div>\n    <\/div>\n<\/section>\n\n\n<section class=\"image-slider --theme1 sm-block\" >\n    <div class=\"image-slider__wrapper\">\n                    <div class=\"image-slider__copy wysiwyg\"><h2>5. El \u00e1tico<\/h2>\n<p>Ubicado en el piso 18 del <a href=\"https:\/\/www.santamonica.com\/es\/hoteles\/playa-de-santa-monica-huntley\/\" target=\"_blank\" rel=\"noopener\">Huntley Playa de Santa M\u00f3nica <\/a>hotel, este popular local de c\u00f3cteles ofrece vistas panor\u00e1micas al atardecer. Este exclusivo oasis cuenta con talentosos mix\u00f3logos dispuestos a servirte algo espectacular, como su Aperol Smash, Penthouse Sangria o Grapefruit Superstar. Y s\u00ed, tambi\u00e9n tienen c\u00f3cteles sin alcohol. Aseg\u00farate de hacer una reservaci\u00f3n para garantizar tu lugar.<\/p>\n<p>\u00bfNecesitas indicaciones? Aqu\u00ed tienes la direcci\u00f3n: <a href=\"https:\/\/www.google.com\/maps\/place\/1111+2nd+St,+Santa+Monica,+CA+90403\/@34.0188097,-118.5031869,17z\/data=!3m1!4b1!4m5!3m4!1s0x80c2a4c42a987807:0x77789a6b5428fda4!8m2!3d34.0188053!4d-118.5009982\" target=\"_blank\" rel=\"noopener\">1111 Calle 2<\/a><\/p>\n<\/div>\n                <div class=\"image-slider__slider right\">\n                            <!-- Slider main container -->\n                <div class=\"swiper\">\n                    <!-- Additional required wrapper -->\n                    <div class=\"swiper-wrapper\">\n                        <!-- Slides -->\n                                                    <div class=\"swiper-slide\">\n                                <img decoding=\"async\" width=\"1024\" height=\"580\" src=\"https:\/\/www.santamonica.com\/wp-content\/uploads\/2022\/10\/Huntley-Sunset-1024x580-1.jpg\" class=\"swiper-slide__image\" alt=\"Atardecer en tonos pastel fuera de las ventanas panor\u00e1micas del restaurante del \u00e1tico con vistas a la playa y a la ciudad de Santa M\u00f3nica.\" loading=\"lazy\" srcset=\"https:\/\/www.santamonica.com\/wp-content\/uploads\/2022\/10\/Huntley-Sunset-1024x580-1.jpg 1024w, https:\/\/www.santamonica.com\/wp-content\/uploads\/2022\/10\/Huntley-Sunset-1024x580-1-300x170.jpg 300w, https:\/\/www.santamonica.com\/wp-content\/uploads\/2022\/10\/Huntley-Sunset-1024x580-1-265x150.jpg 265w, https:\/\/www.santamonica.com\/wp-content\/uploads\/2022\/10\/Huntley-Sunset-1024x580-1-768x435.jpg 768w\" sizes=\"auto, (max-width: 1024px) 100vw, 1024px\" title=\"\">                                \n\n                            <\/div>\n                                            <\/div>\n                                    <\/div>\n                    <\/div>\n    <\/div>\n<\/section>\n\n\n<section class=\"travel-tips --theme7 sm-block base-block\">\n    <div class=\"travel-tips__inner\">\n        <div class=\"travel-tips__body-col\">\n                            <img decoding=\"async\" src=\"https:\/\/www.santamonica.com\/wp-content\/uploads\/2022\/06\/responsible-badge-1.svg\" alt=\"Viaja por Santa M\u00f3nica con responsabilidad\" title=\"\">\n                                        <p class=\"travel-tips__intro\">Viaja de forma segura y sostenible para ayudar a mantener la belleza de Santa M\u00f3nica al tiempo que te mantienes sano con estos consejos.<\/p>\n                    <\/div>\n        <div class=\"travel-tips__links-col\">\n                        <div class=\"travel-tips__link-row\">\n                                    <img decoding=\"async\" src=\"https:\/\/www.santamonica.com\/wp-content\/uploads\/2022\/06\/Parking-Information.svg\" alt=\"Aparcamiento en Santa M\u00f3nica\" title=\"\">\n                                                    <a class=\"travel-tips__link\" href=\"https:\/\/www.santamonica.com\/es\/transporte\/estacionamiento\/\">\n                        Informaci\u00f3n sobre el aparcamiento                    <\/a>\n                            <\/div>\n                        <div class=\"travel-tips__link-row\">\n                                    <img decoding=\"async\" src=\"https:\/\/www.santamonica.com\/wp-content\/uploads\/2022\/06\/What-to-Pack.svg\" alt=\"C\u00f3mo hacer la maleta para viajar a Santa M\u00f3nica\" title=\"\">\n                                                    <a class=\"travel-tips__link\" href=\"https:\/\/www.santamonica.com\/es\/vivir-santa-monica\/que-llevar\/\">\n                        Qu\u00e9 meter en la maleta                    <\/a>\n                            <\/div>\n                        <div class=\"travel-tips__link-row\">\n                                    <img decoding=\"async\" src=\"https:\/\/www.santamonica.com\/wp-content\/uploads\/2022\/06\/Health-and-Safety.svg\" alt=\"Consejos de seguridad para viajar a Santa M\u00f3nica\" title=\"\">\n                                                    <a class=\"travel-tips__link\" href=\"https:\/\/www.santamonica.com\/es\/vivir-santa-monica\/seguridad\/\">\n                        Salud y seguridad                    <\/a>\n                            <\/div>\n                        <div class=\"travel-tips__link-row\">\n                                    <img decoding=\"async\" src=\"https:\/\/www.santamonica.com\/wp-content\/uploads\/2022\/06\/The-Essentials.svg\" alt=\"Lo esencial del viaje a Santa M\u00f3nica\" title=\"\">\n                                                    <a class=\"travel-tips__link\" href=\"https:\/\/www.santamonica.com\/es\/vivir-santa-monica\/elementos-esenciales\/\">\n                        Lo esencial                    <\/a>\n                            <\/div>\n                    <\/div>\n\n    <\/div>\n<\/section>\n\n\n<section class=\"blog-feed --theme8 sm-block\">\n    <div class=\"blog-feed__content\">\n        <div class=\"blog-feed__intro\">\n                            <div class=\"blog-feed__eyebrow eyebrow\">Blogs<\/div>                                        <h2 class=\"blog-feed__headline\">M\u00e1s buenas vibras en Santa M\u00f3nica<\/h2>                                        <div class=\"blog-feed__body\"><p>Hay mucho m\u00e1s que ver adem\u00e1s de las puestas de sol. Descubre m\u00e1s ideas para viajar en nuestras \u00faltimas entradas del blog.<\/p>\n<\/div>\n                                        <a class=\"blog-feed__cta\" href=\"https:\/\/www.santamonica.com\/es\/entradas-de-blog\/\">Ver todos los blogs<\/a>\n                    <\/div>\n\n        <ul class=\"blog-feed__list\">\n                                                <li class=\"blog-feed__item\">\n                        <a href=\"https:\/\/www.santamonica.com\/es\/restaurants\/wine-craft-beer-craft-cocktails\/\" class=\"blog-feed__item-link\">\n                            <div class=\"blog-feed__image-ratio\">\n                                <img decoding=\"async\" class=\"blog-feed__image\" src=\"https:\/\/www.santamonica.com\/wp-content\/uploads\/2021\/06\/Santa-Monica-Local-Libations-Featured-400x400.jpg\" alt=\"Bebidas locales en Santa M\u00f3nica\" title=\"\">\n                            <\/div>\n                            <div class=\"blog-feed__card-title\">Bebidas locales en Santa M\u00f3nica<\/div>\n                        <\/a>\n                    <\/li>\n                                                                <li class=\"blog-feed__item\">\n                        <a href=\"https:\/\/www.santamonica.com\/es\/things-to-do\/best-hidden-gems-in-santa-monica\/\" class=\"blog-feed__item-link\">\n                            <div class=\"blog-feed__image-ratio\">\n                                <img decoding=\"async\" class=\"blog-feed__image\" src=\"https:\/\/www.santamonica.com\/wp-content\/uploads\/2019\/10\/hideen-gems-2-400x400.jpg\" alt=\"Las mejores joyas gastron\u00f3micas de Santa M\u00f3nica\" title=\"\">\n                            <\/div>\n                            <div class=\"blog-feed__card-title\">Las mejores joyas gastron\u00f3micas de Santa M\u00f3nica<\/div>\n                        <\/a>\n                    <\/li>\n                                                                <li class=\"blog-feed__item\">\n                        <a href=\"https:\/\/www.santamonica.com\/es\/things-to-do\/a-24-48-and-72-hour-guide-to-santa-monica\/\" class=\"blog-feed__item-link\">\n                            <div class=\"blog-feed__image-ratio\">\n                                <img decoding=\"async\" class=\"blog-feed__image\" src=\"https:\/\/www.santamonica.com\/wp-content\/uploads\/2019\/08\/feature-3-400x400.jpg\" alt=\"Gu\u00eda de 24, 48 y 72 horas en Santa M\u00f3nica\" title=\"\">\n                            <\/div>\n                            <div class=\"blog-feed__card-title\">Gu\u00eda de 24, 48 y 72 horas en Santa M\u00f3nica<\/div>\n                        <\/a>\n                    <\/li>\n                                    <\/ul>\n    <\/div>\n<\/section>","protected":false},"excerpt":{"rendered":"<p>No es por presumir, pero las puestas de sol en Santa M\u00f3nica son algo realmente especial. Es impresionante ver c\u00f3mo el sol se sumerge en el oc\u00e9ano Pac\u00edfico y ba\u00f1a la ciudad con tonos naranjas y rosados. Es sencillamente espectacular. Y nosotros tenemos los mejores lugares para contemplarlas.<\/p>","protected":false},"author":1450,"featured_media":367093,"parent":0,"menu_order":0,"comment_status":"closed","ping_status":"closed","template":"template-editorial.php","meta":{"_acf_changed":false,"inline_featured_image":false,"footnotes":""},"silos":[],"class_list":["post-366998","page","type-page","status-publish","has-post-thumbnail","hentry"],"acf":[],"_links":{"self":[{"href":"https:\/\/www.santamonica.com\/es\/wp-json\/wp\/v2\/pages\/366998","targetHints":{"allow":["GET"]}}],"collection":[{"href":"https:\/\/www.santamonica.com\/es\/wp-json\/wp\/v2\/pages"}],"about":[{"href":"https:\/\/www.santamonica.com\/es\/wp-json\/wp\/v2\/types\/page"}],"author":[{"embeddable":true,"href":"https:\/\/www.santamonica.com\/es\/wp-json\/wp\/v2\/users\/1450"}],"replies":[{"embeddable":true,"href":"https:\/\/www.santamonica.com\/es\/wp-json\/wp\/v2\/comments?post=366998"}],"version-history":[{"count":23,"href":"https:\/\/www.santamonica.com\/es\/wp-json\/wp\/v2\/pages\/366998\/revisions"}],"predecessor-version":[{"id":367339,"href":"https:\/\/www.santamonica.com\/es\/wp-json\/wp\/v2\/pages\/366998\/revisions\/367339"}],"wp:featuredmedia":[{"embeddable":true,"href":"https:\/\/www.santamonica.com\/es\/wp-json\/wp\/v2\/media\/367093"}],"wp:attachment":[{"href":"https:\/\/www.santamonica.com\/es\/wp-json\/wp\/v2\/media?parent=366998"}],"wp:term":[{"taxonomy":"silos","embeddable":true,"href":"https:\/\/www.santamonica.com\/es\/wp-json\/wp\/v2\/silos?post=366998"}],"curies":[{"name":"wp","href":"https:\/\/api.w.org\/{rel}","templated":true}]}}