{"id":365000,"date":"2022-10-13T17:06:30","date_gmt":"2022-10-14T00:06:30","guid":{"rendered":"https:\/\/www.santamonica.com\/?page_id=365000"},"modified":"2025-10-22T11:09:36","modified_gmt":"2025-10-22T18:09:36","slug":"barras-de-vinos","status":"publish","type":"page","link":"https:\/\/www.santamonica.com\/es\/nightlife\/guide-to-santa-monica-bars\/wine-bars\/","title":{"rendered":"Bares de vinos"},"content":{"rendered":"<section class=\"sun-title sm-block --theme6 sm-block\">\n            <h2 class=\"sun-title__headline\">Bares de vinos que no te puedes perder en Santa M\u00f3nica<\/h2>    \n            <div class=\"sun-title__body  wysiwyg\">\n                    <p><span style=\"font-weight: 400;\">Tanto si buscas un lugar tranquilo para saborear una copa de vino tinto como si prefieres el bullicio de un bar animado, tenemos lo que necesitas. Estos son algunos de los locales favoritos:<\/span><\/p>\n<h3>El vino de Wally<\/h3>\n<p><strong><a href=\"https:\/\/www.santamonica.com\/es\/restaurantes\/wallys-santa-monica\/\">Wally's Santa M\u00f3nica<\/a><\/strong><span style=\"font-weight: 400;\"> ofrece un ambiente elegante pero informal que combina bien con un polo y un pinot o un traje y un sauvignon. Wally's Wine ofrece una experiencia \u00fanica que combina gastronom\u00eda y compras. Explore el tentador men\u00fa de Wally's y pruebe vinos de su selecci\u00f3n de m\u00e1s de 100 vinos por copa, o det\u00e9ngase y compre en su mostrador gourmet carnes de primera calidad, quesos y chocolates artesanales. Rel\u00e1jese y disfrute solo, o traiga a sus amigos y reserve su espacio privado para eventos, inspirado en una bodega, para vivir una experiencia inolvidable. Tanto si busca un c\u00f3ctel informal y aperitivos para la tarde como una experiencia gastron\u00f3mica de lujo para una cita nocturna, Wally's es el lugar ideal.<\/span><\/p>\n                        <\/div>\n    <\/section>\n\n\n<section class=\"image-slider --theme1 sm-block\" >\n    <div class=\"image-slider__wrapper\">\n                    <div class=\"image-slider__copy wysiwyg\"><p><span style=\"font-weight: 400;\">A solo ocho minutos a pie del mercado agr\u00edcola de Santa M\u00f3nica, la chef Sheyna McCallister aprovecha al m\u00e1ximo los productos locales de la zona para crear una variedad de aperitivos y platos perfectamente elaborados para el almuerzo, la hora feliz, la cena y el brunch de fin de semana, todos ellos maridados a la perfecci\u00f3n con su carta de vinos, que incluye productores respetuosos con el medio ambiente. \u00a1No te pierdas las almendras con lavanda y los d\u00e1tiles ahumados! Adem\u00e1s, no hay mejor lugar para ver la puesta de sol que su patio al aire libre. Disfrute.<\/span>\u00a0<a href=\"https:\/\/www.santamonica.com\/es\/restaurantes\/brunch\/\"><span style=\"font-weight: 400;\"><strong>brunch<\/strong><\/span><\/a><span style=\"font-weight: 400;\"> el s\u00e1bado y el domingo, o <\/span><strong><a href=\"https:\/\/www.santamonica.com\/es\/restaurantes\/hora-feliz\/\">hora feliz<\/a><\/strong><span style=\"font-weight: 400;\"> todas las tardes.<\/span><\/p>\n<\/div>\n                <div class=\"image-slider__slider right\">\n                            <!-- Slider main container -->\n                <div class=\"swiper\">\n                    <!-- Additional required wrapper -->\n                    <div class=\"swiper-wrapper\">\n                        <!-- Slides -->\n                                                    <div class=\"swiper-slide\">\n                                <img decoding=\"async\" width=\"1024\" height=\"576\" src=\"https:\/\/www.santamonica.com\/wp-content\/uploads\/2022\/09\/wine-bars-in-santa-monica.jpg\" class=\"swiper-slide__image\" alt=\"bares de vinos en Santa M\u00f3nica\" loading=\"lazy\" srcset=\"https:\/\/www.santamonica.com\/wp-content\/uploads\/2022\/09\/wine-bars-in-santa-monica.jpg 1024w, https:\/\/www.santamonica.com\/wp-content\/uploads\/2022\/09\/wine-bars-in-santa-monica-300x169.jpg 300w, https:\/\/www.santamonica.com\/wp-content\/uploads\/2022\/09\/wine-bars-in-santa-monica-267x150.jpg 267w, https:\/\/www.santamonica.com\/wp-content\/uploads\/2022\/09\/wine-bars-in-santa-monica-768x432.jpg 768w\" sizes=\"auto, (max-width: 1024px) 100vw, 1024px\" title=\"\">                                \n\n            <a href=\"https:\/\/www.santamonica.com\/es\/restaurantes\/tienda-de-vinos-y-bar-esters\/\"  class=\"img-lctn-tag --right\">\n            <div class=\"img-lctn-tag-inside-link image-slider__image-caption right\">Tienda y bar de vinos Esters<\/div>\n        <\/a>\n                                <\/div>\n                                            <\/div>\n                                    <\/div>\n                    <\/div>\n    <\/div>\n<\/section>\n\n\n<section class=\"sun-title sm-block --theme6 sm-block\">\n            <h3 class=\"sun-title__headline\">Bodega Wine Bar<\/h3>    \n            <div class=\"sun-title__body  wysiwyg\">\n                    <p><strong><a href=\"https:\/\/www.santamonica.com\/es\/restaurante\/bodega-bar-de-vinos\/\">Bodega Wine Bar<\/a><\/strong><span style=\"font-weight: 400;\"> aporta un ambiente acogedor y relajante a los habitantes de Santa M\u00f3nica. Su carta de vinos cuenta con m\u00e1s de 60 vinos por copa y cientos m\u00e1s por botella, incluyendo tintos, blancos e incluso sake. El men\u00fa cuidadosamente elaborado de Bodega tambi\u00e9n incluye tablas de embutidos y quesos de productores locales, as\u00ed como otros platos peque\u00f1os, s\u00e1ndwiches, hamburguesas y ensaladas. Ofrecen comidas en el interior y al aire libre, as\u00ed como comida para llevar y entrega a domicilio. Bodega sirve brunch los s\u00e1bados y domingos de 9:00 a 15:00, y ofrece los mi\u00e9rcoles de vino, donde los clientes pueden disfrutar de botellas de vino $25 desde las 15:00 hasta el cierre.<\/span><\/p>\n                        <\/div>\n    <\/section>\n\n\n<section class=\"sun-title sm-block --theme6 sm-block\">\n            <h3 class=\"sun-title__headline\">Caf\u00e9 y bar de vinos Sogno Toscano<\/h3>    \n            <div class=\"sun-title__body  wysiwyg\">\n                    <p class=\"p1\"><span class=\"s1\">Entra en\u00a0<a href=\"https:\/\/www.santamonica.com\/es\/restaurantes\/sueno-toscano\/\"><span class=\"s2\"><b>Sogno<\/b><\/span><span class=\"s3\"><b> Caf\u00e9 y bar de vinos Toscano<\/b><\/span><\/a>\u00a0y emprenda un viaje a Italia en este encantador restaurante con un elegante patio. Famoso por su ambiente acogedor y su aut\u00e9ntica cocina toscana, del\u00e9itese con una deliciosa variedad de exquisiteces italianas atemporales preparadas con los mejores y m\u00e1s frescos ingredientes. Disfrute de pizzas al horno de le\u00f1a, una tentadora selecci\u00f3n de antipasti y postres decadentes. Rel\u00e1jese con una copa de buen vino en el encantador y acogedor patio al aire libre.<\/span><\/p>\n                        <\/div>\n    <\/section>\n\n\n<section class=\"image-slider --theme1 sm-block\" >\n    <div class=\"image-slider__wrapper\">\n                    <div class=\"image-slider__copy wysiwyg\"><p><span style=\"font-weight: 400;\">Sogno Toscano Caf\u00e9 &amp; Wine Bar abre todos los d\u00edas de 8:00 a. m. a 9:00 p. m. de domingo a martes, y de 8:00 a. m. a 10:00 p. m. de mi\u00e9rcoles a s\u00e1bado, \u00a1as\u00ed que siempre hay tiempo para pasar antes del trabajo o para cenar!<\/span><\/p>\n<\/div>\n                <div class=\"image-slider__slider left\">\n                            <!-- Slider main container -->\n                <div class=\"swiper js-image-slider\">\n                    <!-- Additional required wrapper -->\n                    <div class=\"swiper-wrapper\">\n                        <!-- Slides -->\n                                                    <div class=\"swiper-slide\">\n                                <img decoding=\"async\" width=\"1024\" height=\"580\" src=\"https:\/\/www.santamonica.com\/wp-content\/uploads\/2024\/01\/Sogno-Toscano-Interior-Santa-Monica-2024.jpg\" class=\"swiper-slide__image\" alt=\"Interior del Sogno Toscano Caf\u00e9 &amp; Wine Bar\" loading=\"lazy\" srcset=\"https:\/\/www.santamonica.com\/wp-content\/uploads\/2024\/01\/Sogno-Toscano-Interior-Santa-Monica-2024.jpg 1024w, https:\/\/www.santamonica.com\/wp-content\/uploads\/2024\/01\/Sogno-Toscano-Interior-Santa-Monica-2024-300x170.jpg 300w, https:\/\/www.santamonica.com\/wp-content\/uploads\/2024\/01\/Sogno-Toscano-Interior-Santa-Monica-2024-265x150.jpg 265w, https:\/\/www.santamonica.com\/wp-content\/uploads\/2024\/01\/Sogno-Toscano-Interior-Santa-Monica-2024-768x435.jpg 768w\" sizes=\"auto, (max-width: 1024px) 100vw, 1024px\" title=\"\">                                \n\n            <div class=\"img-lctn-tag --no-link image-slider__image-caption --right\">Caf\u00e9 y bar de vinos Sogno Toscano<\/div>\n                                <\/div>\n                                                    <div class=\"swiper-slide\">\n                                <img decoding=\"async\" width=\"1024\" height=\"580\" src=\"https:\/\/www.santamonica.com\/wp-content\/uploads\/2024\/01\/Sogno-Toscano-Exterior-Santa-Monica-2024.jpg\" class=\"swiper-slide__image\" alt=\"Patio del Sogno Toscano Caf\u00e9 &amp; Wine Bar\" loading=\"lazy\" srcset=\"https:\/\/www.santamonica.com\/wp-content\/uploads\/2024\/01\/Sogno-Toscano-Exterior-Santa-Monica-2024.jpg 1024w, https:\/\/www.santamonica.com\/wp-content\/uploads\/2024\/01\/Sogno-Toscano-Exterior-Santa-Monica-2024-300x170.jpg 300w, https:\/\/www.santamonica.com\/wp-content\/uploads\/2024\/01\/Sogno-Toscano-Exterior-Santa-Monica-2024-265x150.jpg 265w, https:\/\/www.santamonica.com\/wp-content\/uploads\/2024\/01\/Sogno-Toscano-Exterior-Santa-Monica-2024-768x435.jpg 768w\" sizes=\"auto, (max-width: 1024px) 100vw, 1024px\" title=\"\">                                \n\n            <div class=\"img-lctn-tag --no-link image-slider__image-caption --right\">Caf\u00e9 y bar de vinos Sogno Toscano<\/div>\n                                <\/div>\n                                                    <div class=\"swiper-slide\">\n                                <img decoding=\"async\" width=\"1024\" height=\"580\" src=\"https:\/\/www.santamonica.com\/wp-content\/uploads\/2024\/01\/Sogno-Tosacno-Food-Santa-Monica-2024.jpg\" class=\"swiper-slide__image\" alt=\"foto de platos de comida\" loading=\"lazy\" srcset=\"https:\/\/www.santamonica.com\/wp-content\/uploads\/2024\/01\/Sogno-Tosacno-Food-Santa-Monica-2024.jpg 1024w, https:\/\/www.santamonica.com\/wp-content\/uploads\/2024\/01\/Sogno-Tosacno-Food-Santa-Monica-2024-300x170.jpg 300w, https:\/\/www.santamonica.com\/wp-content\/uploads\/2024\/01\/Sogno-Tosacno-Food-Santa-Monica-2024-265x150.jpg 265w, https:\/\/www.santamonica.com\/wp-content\/uploads\/2024\/01\/Sogno-Tosacno-Food-Santa-Monica-2024-768x435.jpg 768w\" sizes=\"auto, (max-width: 1024px) 100vw, 1024px\" title=\"\">                                \n\n            <div class=\"img-lctn-tag --no-link image-slider__image-caption --right\">Caf\u00e9 y bar de vinos Sogno Toscano<\/div>\n                                <\/div>\n                                            <\/div>\n                                            <div class=\"image-slider__swiper-controls-wrapper-relocator\">\n                            <div class=\"image-slider__swiper-controls-wrapper\">\n                                <div class=\"swiper-pagination\"><\/div>\n                                <div class=\"swiper-button-prev-custom\">\n                                    <div class=\"arrow-button-left\"><\/div>\n                                <\/div>\n                                <div class=\"swiper-button-next-custom\">\n                                    <div class=\"arrow-button-right\"><\/div>\n                                <\/div>\n                            <\/div>\n                        <\/div>\n                                    <\/div>\n                    <\/div>\n    <\/div>\n<\/section>\n\n\n\n<section class=\"two-images container-max sm-block --flip sm-block\">\n    <div class=\"two-images__container --flip\">\n\n        <div class=\"two-images__column\">\n            <div class=\"two-images__content\">\n                <div class=\"two-images__content-header-container\">\n                                            <h3 class=\"two-images__content-header\">Cocina local y bar de vinos<\/h3>                                    <\/div>\n                                    <div class=\"two-images__content-body wysiwyg\">\n                        <p><strong><a href=\"https:\/\/www.santamonica.com\/es\/restaurante\/bar-de-vinos-local\/\">Cocina local y bar de vinos<\/a><\/strong><span style=\"font-weight: 400;\"> tiene profundas ra\u00edces en Santa M\u00f3nica. Los propietarios llevan tres generaciones viviendo en la zona y apoyan a las granjas y productores locales adquiriendo ingredientes de la zona. Local Kitchen &amp; Wine Bar ofrece una experiencia gastron\u00f3mica informal con opciones para comer al aire libre en Santa M\u00f3nica, que combina peque\u00f1os platos de temporada y pizza artesanal al estilo napolitano con vinos excepcionales y c\u00f3cteles de producci\u00f3n limitada. Su men\u00fa cuenta con una amplia selecci\u00f3n de vinos, la mayor\u00eda de los cuales se elaboran aqu\u00ed, en California. Una de sus especialidades es el vino naranja del valle de Anderson.<\/span><\/p>\n                    <\/div>\n                                            <\/div>\n        <\/div>\n\n        <div class=\"two-images__column\">\n                            <div class=\"two-images__image-container\">\n                    <img decoding=\"async\" width=\"425\" height=\"505\" src=\"https:\/\/www.santamonica.com\/wp-content\/uploads\/2022\/09\/local-wine-bar.jpg\" class=\"two-images__image\" alt=\"bar de vinos local\" loading=\"lazy\" srcset=\"https:\/\/www.santamonica.com\/wp-content\/uploads\/2022\/09\/local-wine-bar.jpg 425w, https:\/\/www.santamonica.com\/wp-content\/uploads\/2022\/09\/local-wine-bar-252x300.jpg 252w, https:\/\/www.santamonica.com\/wp-content\/uploads\/2022\/09\/local-wine-bar-126x150.jpg 126w\" sizes=\"auto, (max-width: 425px) 100vw, 425px\" title=\"\">                    \n\n                <\/div>\n                    <\/div>\n\n        <div class=\"two-images__column\">\n                            <div class=\"two-images__image-container\">\n                    <img decoding=\"async\" width=\"600\" height=\"565\" src=\"https:\/\/www.santamonica.com\/wp-content\/uploads\/2022\/09\/santa-monica-wine-bar.jpg\" class=\"two-images__image\" alt=\"bar de vinos de Santa M\u00f3nica\" loading=\"lazy\" srcset=\"https:\/\/www.santamonica.com\/wp-content\/uploads\/2022\/09\/santa-monica-wine-bar.jpg 600w, https:\/\/www.santamonica.com\/wp-content\/uploads\/2022\/09\/santa-monica-wine-bar-300x283.jpg 300w, https:\/\/www.santamonica.com\/wp-content\/uploads\/2022\/09\/santa-monica-wine-bar-159x150.jpg 159w\" sizes=\"auto, (max-width: 600px) 100vw, 600px\" title=\"\">                    \n\n            <a href=\"https:\/\/www.santamonica.com\/es\/restaurantes\/bar-de-vinos-local\/\"  class=\"img-lctn-tag --right\">\n            <div class=\"img-lctn-tag-inside-link two-images__image-caption right\">Cocina local y bar de vinos<\/div>\n        <\/a>\n                    <\/div>\n                    <\/div>\n\n    <\/div>\n<\/section>\n\n\n\n<p class=\"base-block\">Ning\u00fan viaje a Santa M\u00f3nica est\u00e1 completo sin visitar algunos de estos bares de vinos locales y disfrutar de sus happy hours. La ciudad costera de Santa M\u00f3nica se ha ganado una reputaci\u00f3n por su <a href=\"https:\/\/www.santamonica.com\/es\/restaurantes-en-santa-monica\/santa-monica-happy-hour\/\"><strong>hora feliz<\/strong><\/a> Ofertas, con una gran variedad de lugares divertidos e informales donde disfrutar de buen vino y buena comida.<\/p>\n\n\n<section class=\"blog-feed --theme8 sm-block\">\n    <div class=\"blog-feed__content\">\n        <div class=\"blog-feed__intro\">\n                            <div class=\"blog-feed__eyebrow eyebrow\">Blogs<\/div>                                        <h2 class=\"blog-feed__headline\">Descubre Santa M\u00f3nica<\/h2>                                        <div class=\"blog-feed__body\"><p>Explore itinerarios, consejos locales, lugares de inter\u00e9s y aventuras seleccionadas para sacar el m\u00e1ximo partido a su experiencia en Santa M\u00f3nica.<\/p>\n<\/div>\n                                        <a class=\"blog-feed__cta\" href=\"https:\/\/www.santamonica.com\/es\/entradas-de-blog\/\">Ver todos los blogs<\/a>\n                    <\/div>\n\n        <ul class=\"blog-feed__list\">\n                                                <li class=\"blog-feed__item\">\n                        <a href=\"https:\/\/www.santamonica.com\/es\/things-to-do\/coastal-chronicles-the-history-of-santa-monicas-libraries\/\" class=\"blog-feed__item-link\">\n                            <div class=\"blog-feed__image-ratio\">\n                                <img decoding=\"async\" class=\"blog-feed__image\" src=\"https:\/\/www.santamonica.com\/wp-content\/uploads\/2024\/04\/Untitled-design-34-400x400.jpg\" alt=\"Cr\u00f3nicas costeras: La historia de las bibliotecas de Santa M\u00f3nica\" title=\"\">\n                            <\/div>\n                            <div class=\"blog-feed__card-title\">Cr\u00f3nicas costeras: La historia de las bibliotecas de Santa M\u00f3nica<\/div>\n                        <\/a>\n                    <\/li>\n                                                                <li class=\"blog-feed__item\">\n                        <a href=\"https:\/\/www.santamonica.com\/es\/things-to-do\/sweets-for-your-sweet-desserts-to-celebrate-valentines-day\/\" class=\"blog-feed__item-link\">\n                            <div class=\"blog-feed__image-ratio\">\n                                <img decoding=\"async\" class=\"blog-feed__image\" src=\"https:\/\/www.santamonica.com\/wp-content\/uploads\/2024\/01\/Couple-Drinking-600x564-2-400x400.jpg\" alt=\"Dulces para tu dulce: Postres para celebrar San Valent\u00edn\" title=\"\">\n                            <\/div>\n                            <div class=\"blog-feed__card-title\">Dulces para tu pareja: postres para celebrar el D\u00eda de San Valent\u00edn<\/div>\n                        <\/a>\n                    <\/li>\n                                                                <li class=\"blog-feed__item\">\n                        <a href=\"https:\/\/www.santamonica.com\/es\/restaurants\/santa-monica-coffee-shops\/\" class=\"blog-feed__item-link\">\n                            <div class=\"blog-feed__image-ratio\">\n                                <img decoding=\"async\" class=\"blog-feed__image\" src=\"https:\/\/www.santamonica.com\/wp-content\/uploads\/2023\/10\/best-santa-monica-coffee-shops-400x400.jpg\" alt=\"Las 11 mejores cafeter\u00edas y teter\u00edas de Santa M\u00f3nica\" title=\"\">\n                            <\/div>\n                            <div class=\"blog-feed__card-title\">Las 11 mejores cafeter\u00edas y teter\u00edas de Santa M\u00f3nica<\/div>\n                        <\/a>\n                    <\/li>\n                                    <\/ul>\n    <\/div>\n<\/section>","protected":false},"excerpt":{"rendered":"<p>No trip to Santa Monica is complete without stopping by at some of these local wine bars and happy hours.The beach-side city of Santa Monica has built a reputation for [&hellip;]<\/p>\n","protected":false},"author":1450,"featured_media":365024,"parent":0,"menu_order":0,"comment_status":"closed","ping_status":"closed","template":"template-editorial.php","meta":{"_acf_changed":false,"inline_featured_image":false,"footnotes":""},"silos":[3931,3895],"class_list":["post-365000","page","type-page","status-publish","has-post-thumbnail","hentry"],"acf":[],"_links":{"self":[{"href":"https:\/\/www.santamonica.com\/es\/wp-json\/wp\/v2\/pages\/365000","targetHints":{"allow":["GET"]}}],"collection":[{"href":"https:\/\/www.santamonica.com\/es\/wp-json\/wp\/v2\/pages"}],"about":[{"href":"https:\/\/www.santamonica.com\/es\/wp-json\/wp\/v2\/types\/page"}],"author":[{"embeddable":true,"href":"https:\/\/www.santamonica.com\/es\/wp-json\/wp\/v2\/users\/1450"}],"replies":[{"embeddable":true,"href":"https:\/\/www.santamonica.com\/es\/wp-json\/wp\/v2\/comments?post=365000"}],"version-history":[{"count":65,"href":"https:\/\/www.santamonica.com\/es\/wp-json\/wp\/v2\/pages\/365000\/revisions"}],"predecessor-version":[{"id":774973,"href":"https:\/\/www.santamonica.com\/es\/wp-json\/wp\/v2\/pages\/365000\/revisions\/774973"}],"wp:featuredmedia":[{"embeddable":true,"href":"https:\/\/www.santamonica.com\/es\/wp-json\/wp\/v2\/media\/365024"}],"wp:attachment":[{"href":"https:\/\/www.santamonica.com\/es\/wp-json\/wp\/v2\/media?parent=365000"}],"wp:term":[{"taxonomy":"silos","embeddable":true,"href":"https:\/\/www.santamonica.com\/es\/wp-json\/wp\/v2\/silos?post=365000"}],"curies":[{"name":"wp","href":"https:\/\/api.w.org\/{rel}","templated":true}]}}