{"id":360663,"date":"2022-08-30T15:07:34","date_gmt":"2022-08-30T22:07:34","guid":{"rendered":"https:\/\/www.santamonica.com\/?page_id=360663"},"modified":"2025-02-06T10:47:29","modified_gmt":"2025-02-06T18:47:29","slug":"feria-comercial-imex-america","status":"publish","type":"page","link":"https:\/\/www.santamonica.com\/es\/imex-america-tradeshow\/","title":{"rendered":"IMEX Am\u00e9rica"},"content":{"rendered":"<section class=\"sun-title sm-block --theme6 --2col sm-block\">\n            <h2 class=\"sun-title__headline\">IMEX<\/h2>    \n            <div class=\"sun-title__body  --2col wysiwyg\">\n                    <div class=\"column-1\">\n                <h4>Cuotas de participaci\u00f3n equitativa<\/h4>\n<p>La cuota de participaci\u00f3n de los socios se reducir\u00e1 considerablemente a $3,500. Tambi\u00e9n ofreceremos un precio especial por inscripci\u00f3n anticipada de $3,000 si el socio se inscribe antes del lunes 31 de marzo.<sup>st<\/sup>, 2025.<\/p>\n<p>Los socios con propiedades dobles tendr\u00e1n una tarifa de participaci\u00f3n justa con un descuento considerable de $5,000. Tambi\u00e9n ofreceremos un precio de inscripci\u00f3n anticipada con un descuento de $4,500 si el socio se inscribe y paga antes del lunes 31 de marzo.<sup>st<\/sup> , 2025.<\/p>\n<p>Todos los gastos de avi\u00f3n, alojamiento, transporte y comidas correr\u00e1n a cargo del socio, salvo que SMTT especifique lo contrario. SMTT proporcionar\u00e1 recomendaciones sobre oportunidades de reserva de habitaciones y vuelos, ya que se recomienda encarecidamente que todos nos alojemos cerca. Los gastos de viaje no est\u00e1n incluidos.<\/p>\n<p>Lo siguiente est\u00e1 incluido en su cuota de socio:<\/p>\n<ul>\n<li>Iniciativas de precomercializaci\u00f3n dirigidas a clientes y\/o asistentes a ferias comerciales (cuando corresponda), que pueden incluir env\u00edos por correo directo, boletines electr\u00f3nicos con lo m\u00e1s destacado, inclusi\u00f3n del logotipo en todo el material promocional y las invitaciones, y material de marketing impreso.<\/li>\n<li>Asistencia al evento para clientes de SMTT<\/li>\n<li>Dise\u00f1o y producci\u00f3n de material publicitario<\/li>\n<li>Gastos relacionados con eventos, como eventos para clientes, cenas, almuerzos, regalos, etc.<\/li>\n<li>Transporte de la delegaci\u00f3n hacia y desde las citas y hacia y desde el hotel designado.<\/li>\n<li>Resumen posterior a la misi\u00f3n, informaci\u00f3n de contacto del cliente y fotos.<\/li>\n<li>Recomendaciones sobre oportunidades de bloques de habitaciones y vuelos<\/li>\n<\/ul>\n                            <\/div>\n            <div class=\"column-2\">\n                <h4>\u00bfQui\u00e9n debe venir?<\/h4>\n<p>Hoteles y socios tur\u00edsticos de Santa M\u00f3nica interesados en mantener y ampliar su presencia en diversos mercados MICE.<\/p>\n<h4>Inversi\u00f3n total para el mercado<\/h4>\n<p>SMTT ha invertido $300 000 en el mercado nacional de MICE para el a\u00f1o fiscal 2024\/2025.<\/p>\n<h4>Inscripci\u00f3n<\/h4>\n<p><a href=\"https:\/\/www.santamonica.com\/es\/socios\/formulario-de-oportunidades-de-colaboracion\/\"><strong>Haga clic aqu\u00ed para registrarse.<\/strong><\/a><\/p>\n<h4>Informaci\u00f3n de contacto<\/h4>\n<p>Comun\u00edquese con Ozzie Otero al 310-433-9781 o\u00a0<a href=\"mailto:ootero@santamonica.com\">ootero@santamonica.com<\/a>.<\/p>\n                            <\/div>\n            <\/div>\n    <\/section>\n\n\n\n<div class=\"wp-block-buttons is-layout-flex wp-block-buttons-is-layout-flex base-block\"><\/div>","protected":false},"excerpt":{"rendered":"","protected":false},"author":1421,"featured_media":0,"parent":0,"menu_order":0,"comment_status":"closed","ping_status":"closed","template":"template-editorial.php","meta":{"_acf_changed":false,"inline_featured_image":false,"footnotes":""},"silos":[],"class_list":["post-360663","page","type-page","status-publish","hentry"],"acf":[],"_links":{"self":[{"href":"https:\/\/www.santamonica.com\/es\/wp-json\/wp\/v2\/pages\/360663","targetHints":{"allow":["GET"]}}],"collection":[{"href":"https:\/\/www.santamonica.com\/es\/wp-json\/wp\/v2\/pages"}],"about":[{"href":"https:\/\/www.santamonica.com\/es\/wp-json\/wp\/v2\/types\/page"}],"author":[{"embeddable":true,"href":"https:\/\/www.santamonica.com\/es\/wp-json\/wp\/v2\/users\/1421"}],"replies":[{"embeddable":true,"href":"https:\/\/www.santamonica.com\/es\/wp-json\/wp\/v2\/comments?post=360663"}],"version-history":[{"count":68,"href":"https:\/\/www.santamonica.com\/es\/wp-json\/wp\/v2\/pages\/360663\/revisions"}],"predecessor-version":[{"id":759606,"href":"https:\/\/www.santamonica.com\/es\/wp-json\/wp\/v2\/pages\/360663\/revisions\/759606"}],"wp:attachment":[{"href":"https:\/\/www.santamonica.com\/es\/wp-json\/wp\/v2\/media?parent=360663"}],"wp:term":[{"taxonomy":"silos","embeddable":true,"href":"https:\/\/www.santamonica.com\/es\/wp-json\/wp\/v2\/silos?post=360663"}],"curies":[{"name":"wp","href":"https:\/\/api.w.org\/{rel}","templated":true}]}}