{"id":355778,"date":"2022-08-05T14:06:17","date_gmt":"2022-08-05T21:06:17","guid":{"rendered":"https:\/\/www.santamonica.com\/?page_id=355778"},"modified":"2022-08-08T16:13:08","modified_gmt":"2022-08-08T23:13:08","slug":"comentarios-de-los-socios","status":"publish","type":"page","link":"https:\/\/www.santamonica.com\/es\/partner-feedback\/","title":{"rendered":"Comentarios de los socios"},"content":{"rendered":"<div class=\"wp-block-columns is-layout-flex wp-container-core-columns-is-layout-28f84493 wp-block-columns-is-layout-flex base-block\">\n<div class=\"wp-block-column is-layout-flow wp-block-column-is-layout-flow base-block\">\n<section class=\"simpleview-form-block sm-block\">\n        <h2 class=\"simpleview-form-block__heading\">\n            Formulario de comentarios de los socios        <\/h2>\n    <div class=\"simpleview-form-block__form sm-form\">\n        <form action=\"\" method=\"post\" name=\"frm_168\" class=\"simpleForm\" onsubmit=\"return svcrm.formBuilderScripts.validateForm(this);\" data-trp-original-action=\"\">\r\n\t\t\t\t<input id=\"formid\" name=\"formid\" type=\"hidden\" value=\"168\">\r\n\t\t\t\t<input id=\"groupid\" name=\"groupid\" type=\"hidden\" value=\"16\">\r\n\t\t\t\t<input id=\"isSubmitted\" name=\"isSubmitted\" value=\"1\" type=\"hidden\">\r\n\t\t\t\t\r\n\t\t\t\t\r\n\t\t\t\t\t<h3>Comentarios de los socios<\/h3>\r\n\t\t\t\t\t\r\n\t\t\t\t\t\t\t\t<div id=\"rowcontainer_contact_fname\" class=\"row\">\t\t\t\t\t\t\t\t\t\r\n\t\t\t\t\t\t\t\t\t\r\n\t\t\t\t\t\t\t\t\t\t<div id=\"labelcontainer_contact_fname\" class=\"medium-3 columns\">\r\n\t\t\t\t\t\t\t\t\t\t\t<div id=\"td_contact_fname\">\r\n\t\t\t\t\t\t\t\t\t\t\t\t<label id=\"label_contact_fname\" for=\"contact_fname\" class=\"formreq\">Nombre*:<\/label>\r\n\t\t\t\t\t\t\t\t\t\t\t\t\r\n\t\t\t\t\t\t\t\t\t\t\t<\/div>\r\n\t\t\t\t\t\t\t\t\t\t<\/div>\t\r\n\t\t\t\t\t\t\t\t\t\r\n\t\t\t\t\t\t\t\t\t<div id=\"fieldcontainer_contact_fname\" class=\"medium-9 columns\">\r\n\t\t\t\t\t\t\t\t\t\t\r\n\t\t\t\r\n\t\t\t<input class=\"\" id=\"contact_fname\" name=\"contact_fname\" type=\"text\" size=\"25\" value=\"\">\r\n\t\t\t\r\n\t\t\t\t\t\t\t\t\t<\/div>\t\t\t\t\t\t\t\t\t\r\n\t\t\t\t\t\t\t\t<\/div>\r\n\t\t\t\t\t\t\t\r\n\t\t\t\t\t\t\t\t<div id=\"rowcontainer_contact_lname\" class=\"row\">\t\t\t\t\t\t\t\t\t\r\n\t\t\t\t\t\t\t\t\t\r\n\t\t\t\t\t\t\t\t\t\t<div id=\"labelcontainer_contact_lname\" class=\"medium-3 columns\">\r\n\t\t\t\t\t\t\t\t\t\t\t<div id=\"td_contact_lname\">\r\n\t\t\t\t\t\t\t\t\t\t\t\t<label id=\"label_contact_lname\" for=\"contact_lname\" class=\"formreq\">Apellido*:<\/label>\r\n\t\t\t\t\t\t\t\t\t\t\t\t\r\n\t\t\t\t\t\t\t\t\t\t\t<\/div>\r\n\t\t\t\t\t\t\t\t\t\t<\/div>\t\r\n\t\t\t\t\t\t\t\t\t\r\n\t\t\t\t\t\t\t\t\t<div id=\"fieldcontainer_contact_lname\" class=\"medium-9 columns\">\r\n\t\t\t\t\t\t\t\t\t\t\r\n\t\t\t\r\n\t\t\t<input class=\"\" id=\"contact_lname\" name=\"contact_lname\" type=\"text\" size=\"25\" value=\"\">\r\n\t\t\t\r\n\t\t\t\t\t\t\t\t\t<\/div>\t\t\t\t\t\t\t\t\t\r\n\t\t\t\t\t\t\t\t<\/div>\r\n\t\t\t\t\t\t\t\r\n\t\t\t\t\t\t\t\t<div id=\"rowcontainer_udf_1036\" class=\"row\">\t\t\t\t\t\t\t\t\t\r\n\t\t\t\t\t\t\t\t\t\r\n\t\t\t\t\t\t\t\t\t\t<div id=\"labelcontainer_udf_1036\" class=\"medium-3 columns\">\r\n\t\t\t\t\t\t\t\t\t\t\t<div id=\"td_udf_1036\">\r\n\t\t\t\t\t\t\t\t\t\t\t\t<label id=\"label_udf_1036\" for=\"udf_1036\" class=\"formreq\">Feria comercial \/ Misi\u00f3n comercial*:<\/label>\r\n\t\t\t\t\t\t\t\t\t\t\t\t\r\n\t\t\t\t\t\t\t\t\t\t\t<\/div>\r\n\t\t\t\t\t\t\t\t\t\t<\/div>\t\r\n\t\t\t\t\t\t\t\t\t\r\n\t\t\t\t\t\t\t\t\t<div id=\"fieldcontainer_udf_1036\" class=\"medium-9 columns\">\r\n\t\t\t\t\t\t\t\t\t\t\r\n\t\t\t\r\n\t\t\t<input class=\"\" id=\"udf_1036\" name=\"udf_1036\" type=\"text\" size=\"25\" value=\"\">\r\n\t\t\t\r\n\t\t\t\t\t\t\t\t\t<\/div>\t\t\t\t\t\t\t\t\t\r\n\t\t\t\t\t\t\t\t<\/div>\r\n\t\t\t\t\t\t\t\r\n\t\t\t\t\t\t\t\t<div id=\"rowcontainer_udf_715\" class=\"row\">\t\t\t\t\t\t\t\t\t\r\n\t\t\t\t\t\t\t\t\t\r\n\t\t\t\t\t\t\t\t\t\t<div id=\"labelcontainer_udf_715\" class=\"medium-3 columns\">\r\n\t\t\t\t\t\t\t\t\t\t\t<div id=\"td_udf_715\">\r\n\t\t\t\t\t\t\t\t\t\t\t\t<label id=\"label_udf_715\" class=\"formreq\">\u00bfEra la primera vez que participabas en este programa SMTT?*:<\/label>\r\n\t\t\t\t\t\t\t\t\t\t\t\t\r\n\t\t\t\t\t\t\t\t\t\t\t<\/div>\r\n\t\t\t\t\t\t\t\t\t\t<\/div>\t\r\n\t\t\t\t\t\t\t\t\t\r\n\t\t\t\t\t\t\t\t\t<div id=\"fieldcontainer_udf_715\" class=\"medium-9 columns\">\r\n\t\t\t\t\t\t\t\t\t\t\r\n\t\t\t\t\t\t<fieldset style=\"border:0px;\">\r\n\t\t\t\t\t\t\t<legend style=\"display:none;\">udf_715<\/legend>\r\n\t\t\t\t\t<input class=\"\" id=\"udf_715_1\" name=\"udf_715\" type=\"radio\" value=\"1\"><label class=\"formreq\" for=\"udf_715_1\"> S\u00ed <\/label>\r\n\t\t\t\t\t<input class=\"\" id=\"udf_715_0\" name=\"udf_715\" type=\"radio\" value=\"0\"><label class=\"formreq\" for=\"udf_715_0\"> No <\/label>\r\n\t\t\t\t\t\t<\/fieldset>\r\n\t\t\t\t\t\r\n\t\t\t\t\t\t\t\t\t<\/div>\t\t\t\t\t\t\t\t\t\r\n\t\t\t\t\t\t\t\t<\/div>\r\n\t\t\t\t\t\t\t\r\n\t\t\t\t\t\t\t\t<div id=\"rowcontainer_udf_761\" class=\"row\">\t\t\t\t\t\t\t\t\t\r\n\t\t\t\t\t\t\t\t\t\r\n\t\t\t\t\t\t\t\t\t\t<div id=\"labelcontainer_udf_761\" class=\"medium-3 columns\">\r\n\t\t\t\t\t\t\t\t\t\t\t<div id=\"td_udf_761\">\r\n\t\t\t\t\t\t\t\t\t\t\t\t<label id=\"label_udf_761\" for=\"udf_761\" class=\"formreq\">\u00bfC\u00f3mo calificar\u00eda su experiencia en general?*:<\/label>\r\n\t\t\t\t\t\t\t\t\t\t\t\t\r\n\t\t\t\t\t\t\t\t\t\t\t<\/div>\r\n\t\t\t\t\t\t\t\t\t\t<\/div>\t\r\n\t\t\t\t\t\t\t\t\t\r\n\t\t\t\t\t\t\t\t\t<div id=\"fieldcontainer_udf_761\" class=\"medium-9 columns\">\r\n\t\t\t\t\t\t\t\t\t\t\t\t\t\t\t\r\n\t\t\t\t\t<select class=\"\" id=\"udf_761\" name=\"udf_761\">\r\n\t\t\t\t\t<option value=\"\">\u2013Ninguna\u2013<\/option> \r\n\t\t\t\t\t<option value=\"930\">1 \u2013 Muy insatisfecho<\/option>\r\n\t\t\t\t\t\r\n\t\t\t\t\t<option value=\"929\">2 \u2013 Insatisfecho<\/option>\r\n\t\t\t\t\t\r\n\t\t\t\t\t<option value=\"928\">3 \u2013 Adecuado<\/option>\r\n\t\t\t\t\t\r\n\t\t\t\t\t<option value=\"927\">4 \u2013 Satisfecho<\/option>\r\n\t\t\t\t\t\r\n\t\t\t\t\t<option value=\"926\">5 \u2013 Muy satisfecho<\/option>\r\n\t\t\t\t\t\r\n\t\t\t\t\t<\/select>\r\n\t\t\t\t\r\n\t\t\t\t\t\t\t\t\t<\/div>\t\t\t\t\t\t\t\t\t\r\n\t\t\t\t\t\t\t\t<\/div>\r\n\t\t\t\t\t\t\t\r\n\t\t\t\t\t\t\t\t<div id=\"rowcontainer_udf_764\" class=\"row\">\t\t\t\t\t\t\t\t\t\r\n\t\t\t\t\t\t\t\t\t\r\n\t\t\t\t\t\t\t\t\t\t<div id=\"labelcontainer_udf_764\" class=\"medium-3 columns\">\r\n\t\t\t\t\t\t\t\t\t\t\t<div id=\"td_udf_764\">\r\n\t\t\t\t\t\t\t\t\t\t\t\t<label id=\"label_udf_764\" for=\"udf_764\" class=\"formreq\">\u00bfQu\u00e9 le pareci\u00f3 m\u00e1s valioso?*:<\/label>\r\n\t\t\t\t\t\t\t\t\t\t\t\t\r\n\t\t\t\t\t\t\t\t\t\t\t<\/div>\r\n\t\t\t\t\t\t\t\t\t\t<\/div>\t\r\n\t\t\t\t\t\t\t\t\t\r\n\t\t\t\t\t\t\t\t\t<div id=\"fieldcontainer_udf_764\" class=\"medium-9 columns\">\r\n\t\t\t\t\t\t\t\t\t\t\t\t\t\r\n\t\t\t<textarea class=\"\" id=\"udf_764\" name=\"udf_764\" cols=\"40\" rows=\"6\"><\/textarea>\r\n\t\t\t\r\n\t\t\t\t\t\t\t\t\t<\/div>\t\t\t\t\t\t\t\t\t\r\n\t\t\t\t\t\t\t\t<\/div>\r\n\t\t\t\t\t\t\t\r\n\t\t\t\t\t\t\t\t<div id=\"rowcontainer_udf_763\" class=\"row\">\t\t\t\t\t\t\t\t\t\r\n\t\t\t\t\t\t\t\t\t\r\n\t\t\t\t\t\t\t\t\t\t<div id=\"labelcontainer_udf_763\" class=\"medium-3 columns\">\r\n\t\t\t\t\t\t\t\t\t\t\t<div id=\"td_udf_763\">\r\n\t\t\t\t\t\t\t\t\t\t\t\t<label id=\"label_udf_763\" for=\"udf_763\" class=\"formreq\">\u00bfC\u00f3mo calificar\u00eda la calidad de las citas y el retorno de la inversi\u00f3n?*:<\/label>\r\n\t\t\t\t\t\t\t\t\t\t\t\t\r\n\t\t\t\t\t\t\t\t\t\t\t<\/div>\r\n\t\t\t\t\t\t\t\t\t\t<\/div>\t\r\n\t\t\t\t\t\t\t\t\t\r\n\t\t\t\t\t\t\t\t\t<div id=\"fieldcontainer_udf_763\" class=\"medium-9 columns\">\r\n\t\t\t\t\t\t\t\t\t\t\t\t\t\t\t\r\n\t\t\t\t\t<select class=\"\" id=\"udf_763\" name=\"udf_763\">\r\n\t\t\t\t\t<option value=\"\">\u2013Ninguna\u2013<\/option> \r\n\t\t\t\t\t<option value=\"940\">1 \u2013 Muy insatisfecho<\/option>\r\n\t\t\t\t\t\r\n\t\t\t\t\t<option value=\"939\">2 \u2013 Insatisfecho<\/option>\r\n\t\t\t\t\t\r\n\t\t\t\t\t<option value=\"938\">3 \u2013 Adecuado<\/option>\r\n\t\t\t\t\t\r\n\t\t\t\t\t<option value=\"937\">4 \u2013 Satisfecho<\/option>\r\n\t\t\t\t\t\r\n\t\t\t\t\t<option value=\"936\">5 \u2013 Muy satisfecho<\/option>\r\n\t\t\t\t\t\r\n\t\t\t\t\t<\/select>\r\n\t\t\t\t\r\n\t\t\t\t\t\t\t\t\t<\/div>\t\t\t\t\t\t\t\t\t\r\n\t\t\t\t\t\t\t\t<\/div>\r\n\t\t\t\t\t\t\t\r\n\t\t\t\t\t\t\t\t<div id=\"rowcontainer_udf_765\" class=\"row\">\t\t\t\t\t\t\t\t\t\r\n\t\t\t\t\t\t\t\t\t\r\n\t\t\t\t\t\t\t\t\t\t<div id=\"labelcontainer_udf_765\" class=\"medium-3 columns\">\r\n\t\t\t\t\t\t\t\t\t\t\t<div id=\"td_udf_765\">\r\n\t\t\t\t\t\t\t\t\t\t\t\t<label id=\"label_udf_765\" for=\"udf_765\" class=\"formtext\">Comentarios adicionales sobre citas y retorno de la inversi\u00f3n<\/label>\r\n\t\t\t\t\t\t\t\t\t\t\t\t\r\n\t\t\t\t\t\t\t\t\t\t\t<\/div>\r\n\t\t\t\t\t\t\t\t\t\t<\/div>\t\r\n\t\t\t\t\t\t\t\t\t\r\n\t\t\t\t\t\t\t\t\t<div id=\"fieldcontainer_udf_765\" class=\"medium-9 columns\">\r\n\t\t\t\t\t\t\t\t\t\t\t\t\t\r\n\t\t\t<textarea class=\"\" id=\"udf_765\" name=\"udf_765\" cols=\"40\" rows=\"6\"><\/textarea>\r\n\t\t\t\r\n\t\t\t\t\t\t\t\t\t<\/div>\t\t\t\t\t\t\t\t\t\r\n\t\t\t\t\t\t\t\t<\/div>\r\n\t\t\t\t\t\t\t\r\n\t\t\t\t\t\t\t\t<div id=\"rowcontainer_udf_762\" class=\"row\">\t\t\t\t\t\t\t\t\t\r\n\t\t\t\t\t\t\t\t\t\r\n\t\t\t\t\t\t\t\t\t\t<div id=\"labelcontainer_udf_762\" class=\"medium-3 columns\">\r\n\t\t\t\t\t\t\t\t\t\t\t<div id=\"td_udf_762\">\r\n\t\t\t\t\t\t\t\t\t\t\t\t<label id=\"label_udf_762\" for=\"udf_762\" class=\"formreq\">\u00bfC\u00f3mo calificar\u00eda el nivel de organizaci\u00f3n, comunicaci\u00f3n y seguimiento de SMTT para este programa?*:<\/label>\r\n\t\t\t\t\t\t\t\t\t\t\t\t\r\n\t\t\t\t\t\t\t\t\t\t\t<\/div>\r\n\t\t\t\t\t\t\t\t\t\t<\/div>\t\r\n\t\t\t\t\t\t\t\t\t\r\n\t\t\t\t\t\t\t\t\t<div id=\"fieldcontainer_udf_762\" class=\"medium-9 columns\">\r\n\t\t\t\t\t\t\t\t\t\t\t\t\t\t\t\r\n\t\t\t\t\t<select class=\"\" id=\"udf_762\" name=\"udf_762\">\r\n\t\t\t\t\t<option value=\"\">\u2013Ninguna\u2013<\/option> \r\n\t\t\t\t\t<option value=\"935\">1 \u2013 Muy insatisfecho<\/option>\r\n\t\t\t\t\t\r\n\t\t\t\t\t<option value=\"934\">2 \u2013 Insatisfecho<\/option>\r\n\t\t\t\t\t\r\n\t\t\t\t\t<option value=\"933\">3 \u2013 Adecuado<\/option>\r\n\t\t\t\t\t\r\n\t\t\t\t\t<option value=\"932\">4 \u2013 Satisfecho<\/option>\r\n\t\t\t\t\t\r\n\t\t\t\t\t<option value=\"931\">5 \u2013 Muy satisfecho<\/option>\r\n\t\t\t\t\t\r\n\t\t\t\t\t<\/select>\r\n\t\t\t\t\r\n\t\t\t\t\t\t\t\t\t<\/div>\t\t\t\t\t\t\t\t\t\r\n\t\t\t\t\t\t\t\t<\/div>\r\n\t\t\t\t\t\t\t\r\n\t\t\t\t\t\t\t\t<div id=\"rowcontainer_udf_766\" class=\"row\">\t\t\t\t\t\t\t\t\t\r\n\t\t\t\t\t\t\t\t\t\r\n\t\t\t\t\t\t\t\t\t\t<div id=\"labelcontainer_udf_766\" class=\"medium-3 columns\">\r\n\t\t\t\t\t\t\t\t\t\t\t<div id=\"td_udf_766\">\r\n\t\t\t\t\t\t\t\t\t\t\t\t<label id=\"label_udf_766\" for=\"udf_766\" class=\"formtext\">Comentarios adicionales sobre el nivel de organizaci\u00f3n, comunicaci\u00f3n y seguimiento.<\/label>\r\n\t\t\t\t\t\t\t\t\t\t\t\t\r\n\t\t\t\t\t\t\t\t\t\t\t<\/div>\r\n\t\t\t\t\t\t\t\t\t\t<\/div>\t\r\n\t\t\t\t\t\t\t\t\t\r\n\t\t\t\t\t\t\t\t\t<div id=\"fieldcontainer_udf_766\" class=\"medium-9 columns\">\r\n\t\t\t\t\t\t\t\t\t\t\t\t\t\r\n\t\t\t<textarea class=\"\" id=\"udf_766\" name=\"udf_766\" cols=\"40\" rows=\"6\"><\/textarea>\r\n\t\t\t\r\n\t\t\t\t\t\t\t\t\t<\/div>\t\t\t\t\t\t\t\t\t\r\n\t\t\t\t\t\t\t\t<\/div>\r\n\t\t\t\t\t\t\t\r\n\t\t\t\t\t\t\t\t<div id=\"rowcontainer_udf_767\" class=\"row\">\t\t\t\t\t\t\t\t\t\r\n\t\t\t\t\t\t\t\t\t\r\n\t\t\t\t\t\t\t\t\t\t<div id=\"labelcontainer_udf_767\" class=\"medium-3 columns\">\r\n\t\t\t\t\t\t\t\t\t\t\t<div id=\"td_udf_767\">\r\n\t\t\t\t\t\t\t\t\t\t\t\t<label id=\"label_udf_767\" for=\"udf_767\" class=\"formtext\">\u00bfC\u00f3mo podemos mejorar este programa para el pr\u00f3ximo a\u00f1o?:<\/label>\r\n\t\t\t\t\t\t\t\t\t\t\t\t\r\n\t\t\t\t\t\t\t\t\t\t\t<\/div>\r\n\t\t\t\t\t\t\t\t\t\t<\/div>\t\r\n\t\t\t\t\t\t\t\t\t\r\n\t\t\t\t\t\t\t\t\t<div id=\"fieldcontainer_udf_767\" class=\"medium-9 columns\">\r\n\t\t\t\t\t\t\t\t\t\t\t\t\t\r\n\t\t\t<textarea class=\"\" id=\"udf_767\" name=\"udf_767\" cols=\"40\" rows=\"6\"><\/textarea>\r\n\t\t\t\r\n\t\t\t\t\t\t\t\t\t<\/div>\t\t\t\t\t\t\t\t\t\r\n\t\t\t\t\t\t\t\t<\/div>\r\n\t\t\t\t\t\t\t\r\n\t\t\t\t\t\t\t\t<div id=\"rowcontainer_udf_768\" class=\"row\">\t\t\t\t\t\t\t\t\t\r\n\t\t\t\t\t\t\t\t\t\r\n\t\t\t\t\t\t\t\t\t\t<div id=\"labelcontainer_udf_768\" class=\"medium-3 columns\">\r\n\t\t\t\t\t\t\t\t\t\t\t<div id=\"td_udf_768\">\r\n\t\t\t\t\t\t\t\t\t\t\t\t<label id=\"label_udf_768\" class=\"formreq\">\u00bfParticipar\u00edas de nuevo en este programa?*:<\/label>\r\n\t\t\t\t\t\t\t\t\t\t\t\t\r\n\t\t\t\t\t\t\t\t\t\t\t<\/div>\r\n\t\t\t\t\t\t\t\t\t\t<\/div>\t\r\n\t\t\t\t\t\t\t\t\t\r\n\t\t\t\t\t\t\t\t\t<div id=\"fieldcontainer_udf_768\" class=\"medium-9 columns\">\r\n\t\t\t\t\t\t\t\t\t\t\r\n\t\t\t\t\t\t<fieldset style=\"border:0px;\">\r\n\t\t\t\t\t\t\t<legend style=\"display:none;\">udf_768<\/legend>\r\n\t\t\t\t\t<input class=\"\" id=\"udf_768_1\" name=\"udf_768\" type=\"radio\" value=\"1\"><label class=\"formreq\" for=\"udf_768_1\"> S\u00ed <\/label>\r\n\t\t\t\t\t<input class=\"\" id=\"udf_768_0\" name=\"udf_768\" type=\"radio\" value=\"0\"><label class=\"formreq\" for=\"udf_768_0\"> No <\/label>\r\n\t\t\t\t\t\t<\/fieldset>\r\n\t\t\t\t\t\r\n\t\t\t\t\t\t\t\t\t<\/div>\t\t\t\t\t\t\t\t\t\r\n\t\t\t\t\t\t\t\t<\/div>\r\n\t\t\t\t\t\t\t\r\n\t\t\t\t\t\t\t\t<div id=\"rowcontainer_udf_769\" class=\"row\">\t\t\t\t\t\t\t\t\t\r\n\t\t\t\t\t\t\t\t\t\r\n\t\t\t\t\t\t\t\t\t\t<div id=\"labelcontainer_udf_769\" class=\"medium-3 columns\">\r\n\t\t\t\t\t\t\t\t\t\t\t<div id=\"td_udf_769\">\r\n\t\t\t\t\t\t\t\t\t\t\t\t<label id=\"label_udf_769\" for=\"udf_769\" class=\"formtext\">Si no, \u00bfpor qu\u00e9?:<\/label>\r\n\t\t\t\t\t\t\t\t\t\t\t\t\r\n\t\t\t\t\t\t\t\t\t\t\t<\/div>\r\n\t\t\t\t\t\t\t\t\t\t<\/div>\t\r\n\t\t\t\t\t\t\t\t\t\r\n\t\t\t\t\t\t\t\t\t<div id=\"fieldcontainer_udf_769\" class=\"medium-9 columns\">\r\n\t\t\t\t\t\t\t\t\t\t\r\n\t\t\t\r\n\t\t\t<input class=\"\" id=\"udf_769\" name=\"udf_769\" type=\"text\" size=\"25\" value=\"\">\r\n\t\t\t\r\n\t\t\t\t\t\t\t\t\t<\/div>\t\t\t\t\t\t\t\t\t\r\n\t\t\t\t\t\t\t\t<\/div>\r\n\t\t\t\t\t\t\t\r\n\t\t\t\t\t\t\t\t<div id=\"rowcontainer_udf_680\" class=\"row\">\t\t\t\t\t\t\t\t\t\r\n\t\t\t\t\t\t\t\t\t\r\n\t\t\t\t\t\t\t\t\t\t<div id=\"labelcontainer_udf_680\" class=\"medium-3 columns\">\r\n\t\t\t\t\t\t\t\t\t\t\t<div id=\"td_udf_680\">\r\n\t\t\t\t\t\t\t\t\t\t\t\t<label id=\"label_udf_680\" for=\"udf_680\" class=\"formtext\">Comentarios adicionales<\/label>\r\n\t\t\t\t\t\t\t\t\t\t\t\t\r\n\t\t\t\t\t\t\t\t\t\t\t<\/div>\r\n\t\t\t\t\t\t\t\t\t\t<\/div>\t\r\n\t\t\t\t\t\t\t\t\t\r\n\t\t\t\t\t\t\t\t\t<div id=\"fieldcontainer_udf_680\" class=\"medium-9 columns\">\r\n\t\t\t\t\t\t\t\t\t\t\t\t\t\r\n\t\t\t<textarea class=\"\" id=\"udf_680\" name=\"udf_680\" cols=\"40\" rows=\"6\"><\/textarea>\r\n\t\t\t\r\n\t\t\t\t\t\t\t\t\t<\/div>\t\t\t\t\t\t\t\t\t\r\n\t\t\t\t\t\t\t\t<\/div>\r\n\t\t\t\t\t\t\t\r\n\r\n\t\t\t\t<p class=\"hint formreq text-center\">* Indica un campo obligatorio.<\/p>\r\n\t\t\t\t<hr size=\"1\" color=\"cccccc\" width=\"100%\">\r\n\t\t\t\t<div class=\"row\">\r\n\t\t\t\t\t<div class=\"medium-6 small-centered captcha columns\">\r\n\t\t\t\t\t\t\r\n                    <div id=\"g-recaptcha\" class=\"g-recaptcha\"><\/div>\r\n                \r\n            <input type=\"hidden\" name=\"code\" id=\"code\" value=\"1234\">\r\n            <input type=\"hidden\" name=\"code_key\" id=\"code_key\" value=\"rO0ABXQABDEyMzQ=\">\r\n            \r\n\t\t\t\t\t<\/div>\r\n\t\t\t\t<\/div>\r\n\r\n\t\t\t\t<hr size=\"1\" color=\"cccccc\" width=\"100%\">\r\n\t\t\t\t<div class=\"row\">\r\n\t\t\t\t\t<div class=\"medium-6 small-centered columns formCntrls\">\r\n\t\t\t\t\t\t<label for=\"savefrm_button\" style=\"display:none;\">Enviar<\/label>\r\n\t\t\t\t\t\t<input class=\"button\" id=\"savefrm_button\" name=\"savefrm\" type=\"Submit\" value=\"Submit\">\r\n\t\t\t\t\t\t<label for=\"resetfrm_button\" style=\"display:none;\">Restablecer<\/label>\r\n\t\t\t\t\t\t<input class=\"button\" id=\"resetfrm_button\" type=\"Reset\" value=\"Reset\">\r\n\t\t\t\t\t<\/div>\r\n\t\t\t\t<\/div>\r\n\t\t\t<input type=\"hidden\" name=\"trp-form-language\" value=\"es\"\/><\/form>    <\/div>\n<\/section>\n<\/div>\n<\/div>","protected":false},"excerpt":{"rendered":"","protected":false},"author":1421,"featured_media":355796,"parent":0,"menu_order":0,"comment_status":"closed","ping_status":"closed","template":"","meta":{"_acf_changed":false,"inline_featured_image":false,"footnotes":""},"silos":[],"class_list":["post-355778","page","type-page","status-publish","has-post-thumbnail","hentry"],"acf":[],"_links":{"self":[{"href":"https:\/\/www.santamonica.com\/es\/wp-json\/wp\/v2\/pages\/355778","targetHints":{"allow":["GET"]}}],"collection":[{"href":"https:\/\/www.santamonica.com\/es\/wp-json\/wp\/v2\/pages"}],"about":[{"href":"https:\/\/www.santamonica.com\/es\/wp-json\/wp\/v2\/types\/page"}],"author":[{"embeddable":true,"href":"https:\/\/www.santamonica.com\/es\/wp-json\/wp\/v2\/users\/1421"}],"replies":[{"embeddable":true,"href":"https:\/\/www.santamonica.com\/es\/wp-json\/wp\/v2\/comments?post=355778"}],"version-history":[{"count":4,"href":"https:\/\/www.santamonica.com\/es\/wp-json\/wp\/v2\/pages\/355778\/revisions"}],"predecessor-version":[{"id":355801,"href":"https:\/\/www.santamonica.com\/es\/wp-json\/wp\/v2\/pages\/355778\/revisions\/355801"}],"wp:featuredmedia":[{"embeddable":true,"href":"https:\/\/www.santamonica.com\/es\/wp-json\/wp\/v2\/media\/355796"}],"wp:attachment":[{"href":"https:\/\/www.santamonica.com\/es\/wp-json\/wp\/v2\/media?parent=355778"}],"wp:term":[{"taxonomy":"silos","embeddable":true,"href":"https:\/\/www.santamonica.com\/es\/wp-json\/wp\/v2\/silos?post=355778"}],"curies":[{"name":"wp","href":"https:\/\/api.w.org\/{rel}","templated":true}]}}