{"id":351225,"date":"2022-08-05T16:40:35","date_gmt":"2022-08-05T23:40:35","guid":{"rendered":"https:\/\/www.santamonica.com\/?page_id=351225"},"modified":"2026-02-09T08:43:38","modified_gmt":"2026-02-09T16:43:38","slug":"golf","status":"publish","type":"page","link":"https:\/\/www.santamonica.com\/es\/things-to-do\/golf\/","title":{"rendered":"Golf en Santa M\u00f3nica"},"content":{"rendered":"<h2 class=\"wp-block-heading base-block\">Campos de golf p\u00fablicos cerca de Santa M\u00f3nica<\/h2>\n\n\n\n<div class=\"wp-block-columns is-layout-flex wp-container-core-columns-is-layout-28f84493 wp-block-columns-is-layout-flex base-block\">\n<div class=\"wp-block-column is-layout-flow wp-block-column-is-layout-flow base-block\">\n<h4 class=\"wp-block-heading base-block\">Los Angeles<\/h4>\n\n\n\n<p class=\"base-block\"><a href=\"https:\/\/heroesgolfcourse.com\/\" target=\"_blank\" rel=\"noreferrer noopener\">Campo de golf Heroes<\/a> \u00a1Est\u00e1 abierto todos los d\u00edas de la semana y todos los veteranos militares pueden jugar sin costo alguno!<\/p>\n<\/div>\n\n\n\n<div class=\"wp-block-column is-layout-flow wp-block-column-is-layout-flow base-block\">\n<h4 class=\"wp-block-heading base-block\">Westchester <\/h4>\n\n\n\n<p class=\"base-block\">En <a href=\"https:\/\/www.westchestergc.com\/\" target=\"_blank\" rel=\"noreferrer noopener\">Campo de golf Westchester<\/a> Este campo informal est\u00e1 situado cerca del aeropuerto LAX y es conocido por ser asequible y sin pretensiones.<\/p>\n<\/div>\n\n\n\n<div class=\"wp-block-column is-layout-flow wp-block-column-is-layout-flow base-block\">\n<h4 class=\"wp-block-heading base-block\">Van Nuys <\/h4>\n\n\n\n<p class=\"base-block\"><a href=\"https:\/\/www.scga.org\/courses\/details\/van-nuys-golf-course\" target=\"_blank\" rel=\"noreferrer noopener\">Campo de golf Van Nuys <\/a>tiene un total de 27 hoyos y es ideal para golfistas de cualquier nivel. Si tienes suerte, incluso podr\u00e1s avistar algunos animales salvajes en este campo tan asequible.<\/p>\n<\/div>\n\n\n\n<div class=\"wp-block-column is-layout-flow wp-block-column-is-layout-flow base-block\">\n<h4 class=\"wp-block-heading base-block\">Playa de Manhattan<\/h4>\n\n\n\n<p class=\"base-block\"><a href=\"https:\/\/westdrift.com\/experience\/golf\/\" target=\"_blank\" rel=\"noreferrer noopener\">Campo de golf Westdrift<\/a> Es un campo de golf p\u00fablico ubicado en Manhattan Beach que ofrece un d\u00eda divertido y desafiante para jugadores de golf de cualquier nivel.<\/p>\n<\/div>\n\n\n\n<div class=\"wp-block-column is-layout-flow wp-block-column-is-layout-flow base-block\">\n<h4 class=\"wp-block-heading base-block\">Studio City<\/h4>\n\n\n\n<p class=\"base-block\">Propiedad de una familia durante m\u00e1s de 100 a\u00f1os, el <a href=\"https:\/\/www.weddingtongolfandtennis.com\/\" target=\"_blank\" rel=\"noreferrer noopener\">Weddington Golf y Tenis<\/a> El club ofrece 9 hoyos y un campo de pr\u00e1cticas con 25 puestos.<\/p>\n<\/div>\n<\/div>\n\n\n\n<h2 class=\"wp-block-heading base-block\">Campos de golf municipales cerca de Santa M\u00f3nica<\/h2>\n\n\n\n<div class=\"wp-block-columns is-layout-flex wp-container-core-columns-is-layout-28f84493 wp-block-columns-is-layout-flex base-block\">\n<div class=\"wp-block-column is-layout-flow wp-block-column-is-layout-flow base-block\">\n<h4 class=\"wp-block-heading base-block\">Parque Rancho<\/h4>\n\n\n\n<p class=\"base-block\"><a href=\"https:\/\/golf.lacity.org\/course_rancho_park\/\" target=\"_blank\" rel=\"noreferrer noopener\">Campo de golf y club de golf Rancho Park<\/a>, Es un campo PAR-3 con 18 hoyos que lleva abierto m\u00e1s de 70 a\u00f1os.<\/p>\n<\/div>\n\n\n\n<div class=\"wp-block-column is-layout-flow wp-block-column-is-layout-flow base-block\">\n<h4 class=\"wp-block-heading base-block\">Venecia<\/h4>\n\n\n\n<p class=\"base-block\">En <a href=\"https:\/\/penmargolf.com\/\" target=\"_blank\" rel=\"noreferrer noopener\">Club de golf Penmar y campo de golf Penmar<\/a> cuenta con 9 hoyos y est\u00e1 situado en la cercana Venice, California, a poca distancia en coche o a 15 minutos en bicicleta desde la mayor\u00eda de los hoteles de Santa M\u00f3nica.<\/p>\n<\/div>\n\n\n\n<div class=\"wp-block-column is-layout-flow wp-block-column-is-layout-flow base-block\">\n<h4 class=\"wp-block-heading base-block\">Parque Griffith<\/h4>\n\n\n\n<p class=\"base-block\">En <a href=\"https:\/\/golf.lacity.org\/course_roosevelt\/\" target=\"_blank\" rel=\"noreferrer noopener\">Campo de golf municipal Roosevelt<\/a> Se encuentra a pocos pasos del Teatro Griego en Griffith Park. Este campo cuenta con 9 hoyos y unas vistas incre\u00edbles de Los \u00c1ngeles mientras juegas.<\/p>\n<\/div>\n\n\n\n<div class=\"wp-block-column is-layout-flow wp-block-column-is-layout-flow base-block\">\n<h4 class=\"wp-block-heading base-block\">El Segundo<\/h4>\n\n\n\n<p class=\"base-block\">En <a href=\"https:\/\/www.golfthelakes.com\/\" target=\"_blank\" rel=\"noreferrer noopener\">Lagos en El Segundo <\/a>Lleva abierto m\u00e1s de 25 a\u00f1os y ofrece clases, cl\u00ednicas y un campo de pr\u00e1cticas, adem\u00e1s de sus 9 hoyos.<\/p>\n<\/div>\n<\/div>\n\n\n\n<h2 class=\"wp-block-heading base-block\">Campos de golf privados cerca de Santa M\u00f3nica<\/h2>\n\n\n\n<div class=\"wp-block-columns is-layout-flex wp-container-core-columns-is-layout-28f84493 wp-block-columns-is-layout-flex base-block\">\n<div class=\"wp-block-column is-layout-flow wp-block-column-is-layout-flow base-block\">\n<h4 class=\"wp-block-heading base-block\">Palisades del Pac\u00edfico<\/h4>\n\n\n\n<p class=\"base-block\">Sede del Abierto de Los \u00c1ngeles, el <a href=\"https:\/\/www.therivieracountryclub.com\/\" target=\"_blank\" rel=\"noreferrer noopener\">Club de campo Riveria<\/a> celebra el famoso Genesis Invitational cada mes de febrero.<\/p>\n<\/div>\n\n\n\n<div class=\"wp-block-column is-layout-flow wp-block-column-is-layout-flow base-block\">\n<h4 class=\"wp-block-heading base-block\">Brentwood<\/h4>\n\n\n\n<p class=\"base-block\">En <a href=\"https:\/\/www.brentwoodcc.net\/\" target=\"_blank\" rel=\"noreferrer noopener\">Club de campo Brentwood<\/a>, un club de campo privado, es considerado lujoso por los socios y hu\u00e9spedes que juegan en sus campos de golf y pistas de tenis.<\/p>\n<\/div>\n\n\n\n<div class=\"wp-block-column is-layout-flow wp-block-column-is-layout-flow base-block\">\n<h4 class=\"wp-block-heading base-block\">Bel-Air<\/h4>\n\n\n\n<p class=\"base-block\">En <a href=\"https:\/\/www.bel-aircc.golf\/\" target=\"_blank\" rel=\"noreferrer noopener\">Club de campo Bel-Air<\/a> Es un campo de golf y club privado que ofrece un ambiente sofisticado a sus socios e invitados.<\/p>\n<\/div>\n\n\n\n<div class=\"wp-block-column is-layout-flow wp-block-column-is-layout-flow base-block\">\n<h4 class=\"wp-block-heading base-block\">Los Angeles<\/h4>\n\n\n\n<p class=\"base-block\">Como el campo de golf m\u00e1s antiguo cerca de Santa M\u00f3nica, el <a href=\"https:\/\/www.thelacc.org\/\" target=\"_blank\" rel=\"noreferrer noopener\">Club de campo de Los \u00c1ngeles<\/a>, fue creada por George C. Thomas y lleva m\u00e1s de 120 a\u00f1os en funcionamiento.<\/p>\n<\/div>\n<\/div>\n\n\n\n<section class=\"image-section-break sm-block\">\n    <div class=\"image-section-break__image-wrapper\">\n                    <picture>\n                    <source\n                        media=\"(min-width: 768px)\"\n                        srcset=\"https:\/\/www.santamonica.com\/wp-content\/uploads\/2022\/07\/Downtown-Santa-Monica-Aerial-1656x574-1.png\"\n                    >\n                    <img decoding=\"async\" src=\"https:\/\/www.santamonica.com\/wp-content\/uploads\/2022\/07\/Downtown-Santa-Monica-Aerial-650x866-1.png\" class=\"image-section-break__image\" alt=\"Vista a\u00e9rea del centro de Santa M\u00f3nica.\" title=\"\">\n            <\/picture>\n                \n\n    <\/div>\n    <div class=\"image-section-break__text-content\">\n        <div class=\"image-section-break__first-content --theme3\">\n                                        <h2 class=\"image-section-break__title\">Otras actividades de golf en Santa M\u00f3nica<\/h2>\n                                        <div class=\"image-section-break__body-copy wysiwyg\"><p>Si buscas otras experiencias \u00fanicas relacionadas con el golf en Santa M\u00f3nica, \u00a1echa un vistazo a algunas de estas opciones de golf virtual!<\/p>\n<p>Si te interesa recibir clases de golf o una evaluaci\u00f3n de tu swing, visita\u00a0<a href=\"https:\/\/www.santamonica.com\/es\/que-hacer\/golftec-santa-monica\/\"><strong>GOLFTEC Santa M\u00f3nica<\/strong><\/a>\u00a0y uno de sus entrenadores profesionales cualificados te ayudar\u00e1 en su zona de entrenamiento a mejorar tu swing con tecnolog\u00eda de vanguardia.<\/p>\n<\/div>\n                                <\/div>\n        <div class=\"image-section-break__second-content\">\n                            <div class=\"image-section-break__body-copy wysiwyg\"><p>Si est\u00e1s buscando un palo de golf personalizado, echa un vistazo a\u00a0<a href=\"https:\/\/www.santamonica.com\/es\/tienda\/campeon-del-club\/\"><strong>Campe\u00f3n del club<\/strong><\/a>\u00a0en Santa M\u00f3nica para todas sus necesidades personalizadas de golf.<\/p>\n<p>Tambi\u00e9n puede disfrutar de una variedad de prestigiosos campos de golf completos en interiores cuando visite\u00a0<a href=\"https:\/\/www.santamonica.com\/es\/que-hacer\/golf-con-cable\/\"><strong>Golf con cable<\/strong><\/a>\u00a0en Santa M\u00f3nica. Wired Golf es un club de golf totalmente cubierto donde puedes practicar en un campo de pr\u00e1cticas virtual, jugar 18 hoyos en un campo simulado e incluso entrenar con los profesionales de la PGA de Wired Golf.<\/p>\n<p>Visite <a href=\"https:\/\/topgolf.com\/us\/el-segundo\/\" target=\"_blank\" rel=\"noopener\">Top Golf<\/a> en El Segundo para disfrutar de comodidad durante todo el a\u00f1o, con zonas de pr\u00e1ctica climatizadas, un bar deportivo y un restaurante. Apunte a los enormes objetivos del campo exterior utilizando palos de golf gratuitos o los suyos propios, mientras que las pelotas de golf de alta tecnolog\u00eda se punt\u00faan solas.<\/p>\n<\/div>\n                                <\/div>\n    <\/div>\n<\/section>\n\n\n<section class=\"blog-feed --theme8 sm-block\">\n    <div class=\"blog-feed__content\">\n        <div class=\"blog-feed__intro\">\n                            <div class=\"blog-feed__eyebrow eyebrow\">Cosas que hacer en Santa M\u00f3nica<\/div>                                        <h1 class=\"blog-feed__headline\">Consejos<\/h1>                                        <div class=\"blog-feed__body\"><p>Encuentre itinerarios, consejos locales y emocionantes aventuras que le ayudar\u00e1n a configurar su agenda de Santa M\u00f3nica.<\/p>\n<\/div>\n                                        <a class=\"blog-feed__cta\" href=\"https:\/\/www.santamonica.com\/es\/entradas-de-blog\/\">Ver todos los blogs<\/a>\n                    <\/div>\n\n        <ul class=\"blog-feed__list\">\n                                                <li class=\"blog-feed__item\">\n                        <a href=\"https:\/\/www.santamonica.com\/es\/things-to-do\/outdoors\/\" class=\"blog-feed__item-link\">\n                            <div class=\"blog-feed__image-ratio\">\n                                <img decoding=\"async\" class=\"blog-feed__image\" src=\"https:\/\/www.santamonica.com\/wp-content\/uploads\/2020\/04\/Santa-Monica-Virtual-Beach-blog-post-featured-400x400.jpg\" alt=\"Salga al aire libre y disfrute del aire fresco y la brisa marina en Santa M\u00f3nica\" title=\"\">\n                            <\/div>\n                            <div class=\"blog-feed__card-title\">Salga al aire libre y disfrute del aire fresco y la brisa marina en Santa M\u00f3nica<\/div>\n                        <\/a>\n                    <\/li>\n                                                                <li class=\"blog-feed__item\">\n                        <a href=\"https:\/\/www.santamonica.com\/es\/things-to-do\/coastal-chronicles-the-history-of-santa-monicas-libraries\/\" class=\"blog-feed__item-link\">\n                            <div class=\"blog-feed__image-ratio\">\n                                <img decoding=\"async\" class=\"blog-feed__image\" src=\"https:\/\/www.santamonica.com\/wp-content\/uploads\/2024\/04\/Untitled-design-34-400x400.jpg\" alt=\"Cr\u00f3nicas costeras: La historia de las bibliotecas de Santa M\u00f3nica\" title=\"\">\n                            <\/div>\n                            <div class=\"blog-feed__card-title\">Cr\u00f3nicas costeras: La historia de las bibliotecas de Santa M\u00f3nica<\/div>\n                        <\/a>\n                    <\/li>\n                                                                <li class=\"blog-feed__item\">\n                        <a href=\"https:\/\/www.santamonica.com\/es\/experience-santa-monica\/15-movies-to-satiate-your-santa-monica-wanderlust\/\" class=\"blog-feed__item-link\">\n                            <div class=\"blog-feed__image-ratio\">\n                                <img decoding=\"async\" class=\"blog-feed__image\" src=\"https:\/\/www.santamonica.com\/wp-content\/uploads\/2020\/03\/Movies-Filmed-in-Santa-Monica-blog-post-featured-400x400.jpg\" alt=\"Pel\u00edculas y programas de televisi\u00f3n para saciar su apetito por Santa M\u00f3nica\" title=\"\">\n                            <\/div>\n                            <div class=\"blog-feed__card-title\">Pel\u00edculas y programas de televisi\u00f3n para saciar su apetito por Santa M\u00f3nica<\/div>\n                        <\/a>\n                    <\/li>\n                                    <\/ul>\n    <\/div>\n<\/section>\n\n\n    <section class=\"booking-cta --theme5 sm-block\">\n    <div id=\"widget-container-2070\"><\/div>\n<script type=\"text\/javascript\">\n  (function() {\n    var script = document.createElement('script');\n    script.type = 'text\/javascript';\n    script.async = 'true';\n    script.src = \"https:\/\/admin.bookdirect.net\/hs4\/widgets\/2070.js?widget_element=widget-container-2070\";\n    document.body.appendChild(script);\n  })();\n<\/script>\n    <\/section>","protected":false},"excerpt":{"rendered":"<p>Public Golf Courses near Santa Monica Los Angeles Heroes Golf Course is open every day of the week and all military veterans are welcomed to play for no cost! Westchester The Westchester Golf Course is casual course is located near LAX and is known for being affordable and unpretentious. Van Nuys Van Nuys Golf Course has a total of 27 holes and is great for golfers of any skill level. If you\u2019re lucky, you may even have a chance to spot some wildlife at this affordable course. Manhattan Beach Westdrift Golf Course is a public golf course located in Manhattan [\u2026]<\/p>\n","protected":false},"author":1421,"featured_media":336928,"parent":0,"menu_order":0,"comment_status":"closed","ping_status":"closed","template":"template-editorial.php","meta":{"_acf_changed":false,"inline_featured_image":false,"footnotes":""},"silos":[3899],"class_list":["post-351225","page","type-page","status-publish","has-post-thumbnail","hentry"],"acf":[],"_links":{"self":[{"href":"https:\/\/www.santamonica.com\/es\/wp-json\/wp\/v2\/pages\/351225","targetHints":{"allow":["GET"]}}],"collection":[{"href":"https:\/\/www.santamonica.com\/es\/wp-json\/wp\/v2\/pages"}],"about":[{"href":"https:\/\/www.santamonica.com\/es\/wp-json\/wp\/v2\/types\/page"}],"author":[{"embeddable":true,"href":"https:\/\/www.santamonica.com\/es\/wp-json\/wp\/v2\/users\/1421"}],"replies":[{"embeddable":true,"href":"https:\/\/www.santamonica.com\/es\/wp-json\/wp\/v2\/comments?post=351225"}],"version-history":[{"count":32,"href":"https:\/\/www.santamonica.com\/es\/wp-json\/wp\/v2\/pages\/351225\/revisions"}],"predecessor-version":[{"id":785076,"href":"https:\/\/www.santamonica.com\/es\/wp-json\/wp\/v2\/pages\/351225\/revisions\/785076"}],"wp:featuredmedia":[{"embeddable":true,"href":"https:\/\/www.santamonica.com\/es\/wp-json\/wp\/v2\/media\/336928"}],"wp:attachment":[{"href":"https:\/\/www.santamonica.com\/es\/wp-json\/wp\/v2\/media?parent=351225"}],"wp:term":[{"taxonomy":"silos","embeddable":true,"href":"https:\/\/www.santamonica.com\/es\/wp-json\/wp\/v2\/silos?post=351225"}],"curies":[{"name":"wp","href":"https:\/\/api.w.org\/{rel}","templated":true}]}}