{"id":351204,"date":"2022-08-05T16:15:09","date_gmt":"2022-08-05T23:15:09","guid":{"rendered":"https:\/\/www.santamonica.com\/?page_id=351204"},"modified":"2026-04-08T11:30:40","modified_gmt":"2026-04-08T18:30:40","slug":"caminatas","status":"publish","type":"page","link":"https:\/\/www.santamonica.com\/es\/things-to-do\/hikes\/","title":{"rendered":"Caminatas en Santa M\u00f3nica"},"content":{"rendered":"<section class=\"image-section-break sm-block\">\n    <div class=\"image-section-break__image-wrapper\">\n                    <picture>\n                    <source\n                        media=\"(min-width: 768px)\"\n                        srcset=\"https:\/\/www.santamonica.com\/wp-content\/uploads\/2023\/09\/santa-monica-hiking-trails-1.jpg\"\n                    >\n                    <img decoding=\"async\" src=\"https:\/\/www.santamonica.com\/wp-content\/uploads\/2023\/09\/santa-monica-hiking-trails-M.jpg\" class=\"image-section-break__image\" alt=\"Rutas de senderismo en Santa M\u00f3nica\" title=\"\">\n            <\/picture>\n                \n\n    <\/div>\n    <div class=\"image-section-break__text-content\">\n        <div class=\"image-section-break__first-content --theme3\">\n                                        <h2 class=\"image-section-break__title\">\u00bfSe puede practicar senderismo en las monta\u00f1as de Santa M\u00f3nica?<\/h2>\n                                        <div class=\"image-section-break__body-copy wysiwyg\"><p>Algunas de las rutas de senderismo m\u00e1s impresionantes y bonitas cerca de Santa M\u00f3nica se encuentran en el <strong><a href=\"https:\/\/www.santamonica.com\/es\/vivir-santa-monica\/montanas-de-santa-monica\/\">\u00c1rea recreativa nacional de las monta\u00f1as de Santa M\u00f3nica<\/a><\/strong>\u2019Las colinas costeras y las zonas cercanas. La zona es conocida por sus vistas panor\u00e1micas de Los \u00c1ngeles y la costa, y por los cientos de rutas de senderismo que se extienden a lo largo de miles de hect\u00e1reas.<\/p>\n<\/div>\n                                <\/div>\n        <div class=\"image-section-break__second-content\">\n                            <div class=\"image-section-break__body-copy wysiwyg\"><p>No importa cu\u00e1l de estas u otras muchas <strong><a href=\"https:\/\/www.santamonica.com\/es\/vivir-santa-monica\/montanas-de-santa-monica\/\">Caminatas en Santa M\u00f3nica<\/a><\/strong>\u00a0Elijas lo que elijas, seguro que disfrutar\u00e1s de las magn\u00edficas vistas y la belleza natural de la zona. Hay numerosas rutas de senderismo cerca de Santa M\u00f3nica, con opciones para todos los gustos, que son una forma estupenda de <strong><a href=\"https:\/\/www.santamonica.com\/es\/vivir-santa-monica\/excursiones-de-un-dia\/\">pasar un d\u00eda<\/a><\/strong> durante tu visita a Santa M\u00f3nica, California.<\/p>\n<p>Sigue leyendo para descubrir algunas de las rutas de senderismo m\u00e1s interesantes que ofrece la zona de Santa M\u00f3nica.<\/p>\n<\/div>\n                                <\/div>\n    <\/div>\n<\/section>\n\n\n<section class=\"sun-title sm-block --theme6 sm-block\">\n            <h2 class=\"sun-title__headline\">Rutas de senderismo en Santa M\u00f3nica<\/h2>    \n    <\/section>\n\n\n\n<div class=\"wp-block-columns is-layout-flex wp-container-core-columns-is-layout-28f84493 wp-block-columns-is-layout-flex base-block\">\n<div class=\"wp-block-column is-layout-flow wp-block-column-is-layout-flow base-block\">\n<h3 class=\"wp-block-heading base-block\"><strong>Sendero Los Leones<\/strong><\/h3>\n\n\n\n<p class=\"base-block\">El sendero Los Leones es una ruta de senderismo panor\u00e1mica situada a unos 10 km de Santa M\u00f3nica. Tiene una longitud de 7 km y un desnivel de unos 360 metros. Es una ruta muy popular, por lo que a menudo te encontrar\u00e1s con otros excursionistas, observadores de aves o corredores. Desde aqu\u00ed podr\u00e1s disfrutar de unas vistas impresionantes de Santa M\u00f3nica y del oc\u00e9ano Pac\u00edfico.<\/p>\n<\/div>\n\n\n\n<div class=\"wp-block-column is-layout-flow wp-block-column-is-layout-flow base-block\">\n<h3 class=\"wp-block-heading base-block\">Sendero Mishe Mokwa<\/h3>\n\n\n\n<p class=\"base-block\"><a href=\"https:\/\/www.alltrails.com\/trail\/us\/california\/mishe-mokwa-to-tri-peaks-and-sandstone-peak\" target=\"_blank\" rel=\"noopener\">El sendero Mishe Mokwa<\/a> est\u00e1 abierto a los excursionistas y sus perros con correa durante todo el a\u00f1o y ofrece paisajes hermosos y variados. Tiene un desnivel de unos 450 metros, por lo que se considera una buena ruta para excursionistas de nivel moderado. Puede seguir las se\u00f1ales del sendero durante toda la caminata hasta llegar a varios lugares emblem\u00e1ticos, el primero de ellos es Split Rock, cerca de unos impresionantes robles, y otro es Sandstone Peak, el punto m\u00e1s alto del \u00c1rea Recreativa Nacional de las Monta\u00f1as de Santa M\u00f3nica, con m\u00e1s de 945 metros. Aseg\u00farese de llevar agua y algo para comer, ya que esta ruta de senderismo de Santa M\u00f3nica tiene casi 11 kil\u00f3metros si decide continuar hasta los lugares emblem\u00e1ticos mencionados.<\/p>\n<\/div>\n\n\n\n<div class=\"wp-block-column is-layout-flow wp-block-column-is-layout-flow base-block\">\n<h3 class=\"wp-block-heading base-block\">Circuito del Ca\u00f1\u00f3n Solstice<\/h3>\n\n\n\n<p class=\"base-block\"><a href=\"https:\/\/www.alltrails.com\/trail\/us\/california\/solstice-canyon-loop-trail\" target=\"_blank\" rel=\"noopener\">El circuito del Ca\u00f1\u00f3n del Solsticio <\/a>Es una ruta de senderismo apta para toda la familia, considerada de dificultad moderada, aunque relativamente corta. Disfrute de un hermoso arroyo que murmura a lo largo de su recorrido hasta llegar a una pintoresca cascada. El desnivel es de unos 240 metros en este circuito de 5 kil\u00f3metros, y el sendero est\u00e1 muy bien cuidado. Otras caracter\u00edsticas divertidas de esta caminata son las vistas panor\u00e1micas del oc\u00e9ano y las ruinas de una antigua mansi\u00f3n ganadera que los lugare\u00f1os llaman la \u201cTerraza Tropical\u201d. El Servicio de Parques Nacionales mantiene estas ruinas para que los visitantes puedan explorar esta atracci\u00f3n \u00fanica durante sus caminatas por Santa M\u00f3nica.<\/p>\n<\/div>\n\n\n\n<div class=\"wp-block-column is-layout-flow wp-block-column-is-layout-flow base-block\">\n<h3 class=\"wp-block-heading base-block\">Rancho Paramount<\/h3>\n\n\n\n<p class=\"base-block\">Otra atracci\u00f3n \u00fanica que se puede ver durante las caminatas cerca de Santa M\u00f3nica es el <a href=\"https:\/\/www.nps.gov\/samo\/planyourvisit\/paramountranch.htm\" target=\"_blank\" rel=\"noopener\">Rancho Paramount <\/a>en el \u00c1rea Recreativa Nacional de las Monta\u00f1as de Santa M\u00f3nica. Paramount Pictures Corporation utiliz\u00f3 esta zona para rodar muchas pel\u00edculas y series de televisi\u00f3n emblem\u00e1ticas a lo largo de d\u00e9cadas, y ahora la atracci\u00f3n est\u00e1 gestionada por el Servicio de Parques Nacionales, donde los visitantes pueden disfrutar de varias rutas cortas de senderismo alrededor de la zona del rancho y ver d\u00f3nde se rodaron t\u00edtulos famosos como M*A*S*H y Westworld. Aprovecha para disfrutar de otras actividades como rutas de ciclismo de monta\u00f1a, observaci\u00f3n de la fauna y paseos a caballo mientras est\u00e1s all\u00ed.<\/p>\n<\/div>\n<\/div>\n\n\n\n<div class=\"wp-block-columns is-layout-flex wp-container-core-columns-is-layout-28f84493 wp-block-columns-is-layout-flex base-block\">\n<div class=\"wp-block-column is-layout-flow wp-block-column-is-layout-flow base-block\">\n<h3 class=\"wp-block-heading base-block\">Circuito del Ca\u00f1\u00f3n Temescal <\/h3>\n\n\n\n<p class=\"base-block\">Una excelente caminata dentro del Parque Estatal Topanga es la <a href=\"https:\/\/www.alltrails.com\/trail\/us\/california\/temescal-canyon-loop-trail\" target=\"_blank\" rel=\"noopener\">Ruta circular del ca\u00f1\u00f3n Temescal<\/a>, situado cerca de la zona del parque Temescal Gateway. El sendero cuenta con un estacionamiento por un m\u00f3dico precio y tiene un desnivel de poco menos de 275 metros en unos 5 kil\u00f3metros. Si desea completar una extensi\u00f3n m\u00e1s larga y ligeramente m\u00e1s dif\u00edcil de esta caminata, podr\u00e1 ver la famosa Skull Rock y unas vistas impresionantes de la bah\u00eda de Santa M\u00f3nica.<\/p>\n<\/div>\n\n\n\n<div class=\"wp-block-column is-layout-flow wp-block-column-is-layout-flow base-block\">\n<h3 class=\"wp-block-heading base-block\">Sendero Paseo Miramar<\/h3>\n\n\n\n<p class=\"base-block\">Otra ruta de senderismo de Santa M\u00f3nica que no te puedes perder en el Parque Estatal Topanga es la <a href=\"https:\/\/www.alltrails.com\/trail\/us\/california\/paseo-miramar-trail\" target=\"_blank\" rel=\"noopener\">Sendero Paseo Miramar<\/a>. Es conocida por ser extremadamente pintoresca, aunque un poco m\u00e1s dif\u00edcil que moderada. Los excursionistas pueden esperar ganar m\u00e1s de 1200 pies de elevaci\u00f3n durante la caminata de 5 millas. Ofrece hermosas vistas de las casas cercanas al barrio de Pacific Palisades, as\u00ed como vistas panor\u00e1micas del mar que sorprender\u00e1n a cualquiera en esta caminata por Santa M\u00f3nica.<\/p>\n<\/div>\n\n\n\n<div class=\"wp-block-column is-layout-flow wp-block-column-is-layout-flow base-block\">\n<h3 class=\"wp-block-heading base-block\">Sendero del Ca\u00f1\u00f3n R\u00fastico<\/h3>\n\n\n\n<p class=\"base-block\">El Parque Estatal Will Rogers es un parque estatal hist\u00f3rico lleno de rutas de senderismo cerca de Santa M\u00f3nica. Tambi\u00e9n es el punto de partida de una de las rutas de senderismo m\u00e1s dif\u00edciles de Santa M\u00f3nica en la zona., <a href=\"https:\/\/www.alltrails.com\/trail\/us\/california\/rustic-canyon-loop-trail\" target=\"_blank\" rel=\"noopener\">Sendero del Ca\u00f1\u00f3n R\u00fastico<\/a>, que lleva a los excursionistas por hermosos paisajes y pasa por un sitio hist\u00f3rico de la Segunda Guerra Mundial. Sin embargo, esta ruta no es para los d\u00e9biles de coraz\u00f3n. Tiene una longitud de unos 7 km y un desnivel de unos 300 metros en un terreno accidentado. Aunque est\u00e1 abierta todo el a\u00f1o, aseg\u00farate de comprobar las condiciones antes de emprenderla, ya que la calidad del sendero var\u00eda seg\u00fan el clima.<\/p>\n<\/div>\n\n\n\n<div class=\"wp-block-column is-layout-flow wp-block-column-is-layout-flow base-block\">\n<h3 class=\"wp-block-heading base-block\">Sendero Inspiration Point<\/h3>\n\n\n\n<p class=\"base-block\"><a href=\"https:\/\/www.alltrails.com\/trail\/us\/california\/will-rogers-state-park-inspiration-point-trail\" target=\"_blank\" rel=\"noopener\">Sendero Inspiration Point<\/a> Es una ruta de senderismo m\u00e1s r\u00e1pida y moderada cerca de Santa M\u00f3nica, en el Parque Estatal Will Rogers, apta para excursionistas de todos los niveles. Es ideal para familias, ya que tiene poco m\u00e1s de 3 km y un desnivel muy suave de poco m\u00e1s de 90 metros. Esta ruta de senderismo de Santa M\u00f3nica tambi\u00e9n permite a los visitantes ver la casa del rancho Will Rogers y disfrutar de una vista panor\u00e1mica de los alrededores de Los \u00c1ngeles.<\/p>\n<\/div>\n<\/div>\n\n\n<section class=\"blog-feed --theme8 sm-block\">\n    <div class=\"blog-feed__content\">\n        <div class=\"blog-feed__intro\">\n                            <div class=\"blog-feed__eyebrow eyebrow\">Cosas que hacer en Santa M\u00f3nica<\/div>                                        <h1 class=\"blog-feed__headline\">Consejos<\/h1>                                        <div class=\"blog-feed__body\"><p>Encuentre itinerarios, consejos locales y emocionantes aventuras que le ayudar\u00e1n a configurar su agenda de Santa M\u00f3nica.<\/p>\n<\/div>\n                                        <a class=\"blog-feed__cta\" href=\"https:\/\/www.santamonica.com\/es\/entradas-de-blog\/\">Ver todos los blogs<\/a>\n                    <\/div>\n\n        <ul class=\"blog-feed__list\">\n                                                <li class=\"blog-feed__item\">\n                        <a href=\"https:\/\/www.santamonica.com\/es\/things-to-do\/outdoors\/\" class=\"blog-feed__item-link\">\n                            <div class=\"blog-feed__image-ratio\">\n                                <img decoding=\"async\" class=\"blog-feed__image\" src=\"https:\/\/www.santamonica.com\/wp-content\/uploads\/2020\/04\/Santa-Monica-Virtual-Beach-blog-post-featured-400x400.jpg\" alt=\"Salga al aire libre y disfrute del aire fresco y la brisa marina en Santa M\u00f3nica\" title=\"\">\n                            <\/div>\n                            <div class=\"blog-feed__card-title\">Salga al aire libre y disfrute del aire fresco y la brisa marina en Santa M\u00f3nica<\/div>\n                        <\/a>\n                    <\/li>\n                                                                <li class=\"blog-feed__item\">\n                        <a href=\"https:\/\/www.santamonica.com\/es\/things-to-do\/coastal-chronicles-the-history-of-santa-monicas-libraries\/\" class=\"blog-feed__item-link\">\n                            <div class=\"blog-feed__image-ratio\">\n                                <img decoding=\"async\" class=\"blog-feed__image\" src=\"https:\/\/www.santamonica.com\/wp-content\/uploads\/2024\/04\/Untitled-design-34-400x400.jpg\" alt=\"Cr\u00f3nicas costeras: La historia de las bibliotecas de Santa M\u00f3nica\" title=\"\">\n                            <\/div>\n                            <div class=\"blog-feed__card-title\">Cr\u00f3nicas costeras: La historia de las bibliotecas de Santa M\u00f3nica<\/div>\n                        <\/a>\n                    <\/li>\n                                                                <li class=\"blog-feed__item\">\n                        <a href=\"https:\/\/www.santamonica.com\/es\/experience-santa-monica\/15-movies-to-satiate-your-santa-monica-wanderlust\/\" class=\"blog-feed__item-link\">\n                            <div class=\"blog-feed__image-ratio\">\n                                <img decoding=\"async\" class=\"blog-feed__image\" src=\"https:\/\/www.santamonica.com\/wp-content\/uploads\/2020\/03\/Movies-Filmed-in-Santa-Monica-blog-post-featured-400x400.jpg\" alt=\"Pel\u00edculas y programas de televisi\u00f3n para saciar su apetito por Santa M\u00f3nica\" title=\"\">\n                            <\/div>\n                            <div class=\"blog-feed__card-title\">Pel\u00edculas y programas de televisi\u00f3n para saciar su apetito por Santa M\u00f3nica<\/div>\n                        <\/a>\n                    <\/li>\n                                    <\/ul>\n    <\/div>\n<\/section>\n\n\n    <section class=\"booking-cta --theme5 sm-block\">\n    <div id=\"widget-container-2070\"><\/div>\n<script type=\"text\/javascript\">\n  (function() {\n    var script = document.createElement('script');\n    script.type = 'text\/javascript';\n    script.async = 'true';\n    script.src = \"https:\/\/admin.bookdirect.net\/hs4\/widgets\/2070.js?widget_element=widget-container-2070\";\n    document.body.appendChild(script);\n  })();\n<\/script>\n    <\/section>","protected":false},"excerpt":{"rendered":"<p>Los Leones Trail Los Leones Trail is a scenic hiking trail about 6 miles from Santa Monica. It Is a 4.4 mile train with an elevation gain of around 1190 feet. This is a popular trail and you will often find other hiker, bird watchers or runners along the way. Here you will get some amazing views of Santa Monica and the Pacific Ocean. Mishe Mokwa Trail The Mishe Mokwa Trail is open to hikers and their leashed dogs all year-round and features beautiful and diverse landscapes. It has an elevation gain of around 1,500 feet, so it is considered [\u2026]<\/p>\n","protected":false},"author":1421,"featured_media":388870,"parent":0,"menu_order":0,"comment_status":"closed","ping_status":"closed","template":"template-editorial.php","meta":{"_acf_changed":false,"inline_featured_image":false,"footnotes":""},"silos":[3899],"class_list":["post-351204","page","type-page","status-publish","has-post-thumbnail","hentry"],"acf":[],"_links":{"self":[{"href":"https:\/\/www.santamonica.com\/es\/wp-json\/wp\/v2\/pages\/351204","targetHints":{"allow":["GET"]}}],"collection":[{"href":"https:\/\/www.santamonica.com\/es\/wp-json\/wp\/v2\/pages"}],"about":[{"href":"https:\/\/www.santamonica.com\/es\/wp-json\/wp\/v2\/types\/page"}],"author":[{"embeddable":true,"href":"https:\/\/www.santamonica.com\/es\/wp-json\/wp\/v2\/users\/1421"}],"replies":[{"embeddable":true,"href":"https:\/\/www.santamonica.com\/es\/wp-json\/wp\/v2\/comments?post=351204"}],"version-history":[{"count":38,"href":"https:\/\/www.santamonica.com\/es\/wp-json\/wp\/v2\/pages\/351204\/revisions"}],"predecessor-version":[{"id":794636,"href":"https:\/\/www.santamonica.com\/es\/wp-json\/wp\/v2\/pages\/351204\/revisions\/794636"}],"wp:featuredmedia":[{"embeddable":true,"href":"https:\/\/www.santamonica.com\/es\/wp-json\/wp\/v2\/media\/388870"}],"wp:attachment":[{"href":"https:\/\/www.santamonica.com\/es\/wp-json\/wp\/v2\/media?parent=351204"}],"wp:term":[{"taxonomy":"silos","embeddable":true,"href":"https:\/\/www.santamonica.com\/es\/wp-json\/wp\/v2\/silos?post=351204"}],"curies":[{"name":"wp","href":"https:\/\/api.w.org\/{rel}","templated":true}]}}