{"id":351176,"date":"2022-08-05T16:52:41","date_gmt":"2022-08-05T23:52:41","guid":{"rendered":"https:\/\/www.santamonica.com\/?page_id=351176"},"modified":"2026-02-09T08:37:17","modified_gmt":"2026-02-09T16:37:17","slug":"pickleball","status":"publish","type":"page","link":"https:\/\/www.santamonica.com\/es\/things-to-do\/pickleball\/","title":{"rendered":"Pickleball"},"content":{"rendered":"<div class=\"wp-block-columns is-layout-flex wp-container-core-columns-is-layout-28f84493 wp-block-columns-is-layout-flex base-block\">\n<div class=\"wp-block-column is-layout-flow wp-block-column-is-layout-flow base-block\">\n<h4 class=\"wp-block-heading base-block\">\u00bfQu\u00e9 es el pickleball?<\/h4>\n\n\n\n<p class=\"base-block\">El pickleball se invent\u00f3 en la isla de Bainbridge, en el estado de Washington, en 1965. Este deporte se puede practicar tanto en interiores como en exteriores y se juega con una pelota Wiffle y una pala ligeramente m\u00e1s grande y larga que una pala de ping pong.<\/p>\n\n\n\n<p class=\"base-block\">Una cancha de pickleball es igual que una cancha de b\u00e1dminton, con 6.1 metros de ancho por 13.4 metros de largo, y una red de 86.4 cent\u00edmetros de alto en el centro. Debe haber una zona de no volea de 2.1 metros cerca de las redes y de las pistas de servicio derecha e izquierda, similar a la disposici\u00f3n de una pista de tenis.<\/p>\n<\/div>\n\n\n\n<div class=\"wp-block-column is-layout-flow wp-block-column-is-layout-flow base-block\">\n<h4 class=\"wp-block-heading base-block\">Reglas del pickleball<\/h4>\n\n\n\n<p class=\"base-block\">Las reglas del pickleball son sencillas: se puede jugar en dobles o individuales, y el primer servicio se realiza en diagonal desde la parte derecha de la cancha del lado que saca. Una vez que se anota un punto, el servidor cambia de lado y saca desde la parte izquierda de la cancha. Los jugadores contin\u00faan hasta que uno de los equipos comete una falta y pierde el servicio a favor del otro equipo. Solo el equipo que saca puede anotar, y el equipo receptor debe dejar que la pelota rebote antes de golpearla. Los juegos se juegan a 11 puntos.<\/p>\n<\/div>\n<\/div>\n\n\n\n<div class=\"wp-block-columns is-layout-flex wp-container-core-columns-is-layout-28f84493 wp-block-columns-is-layout-flex base-block\">\n<div class=\"wp-block-column is-layout-flow wp-block-column-is-layout-flow base-block\">\n<h4 class=\"wp-block-heading base-block\">C\u00f3mo llegar<\/h4>\n\n\n\n<p class=\"base-block\">La calle 17&nbsp;<a href=\"https:\/\/www.santamonica.com\/es\/transporte\/metro-de-santa-monica\/\">L\u00ednea E del metro<\/a>&nbsp;La parada est\u00e1 convenientemente ubicada cerca de las canchas de pickleball del Memorial Park, as\u00ed que s\u00fabete al metro para llegar f\u00e1cilmente al lugar del partido. Despu\u00e9s, vuelve a subir al tren para dar un r\u00e1pido paseo hasta&nbsp;<a href=\"https:\/\/www.santamonica.com\/es\/barrios-de-santa-monica\/downtown-santa-monica-third-street-promenade\/\">Centro de Santa M\u00f3nica<\/a>&nbsp;\u00a1Para comer algo y divertirse en la ciudad!<\/p>\n<\/div>\n<\/div>\n\n\n\n<section class=\"image-section-break sm-block\">\n    <div class=\"image-section-break__image-wrapper\">\n                    <picture>\n                    <source\n                        media=\"(min-width: 768px)\"\n                        srcset=\"https:\/\/www.santamonica.com\/wp-content\/uploads\/2024\/03\/Santa-Monica-Pickleball-Center-1656x574-1.png\"\n                    >\n                    <img decoding=\"async\" src=\"https:\/\/www.santamonica.com\/wp-content\/uploads\/2024\/03\/Santa-Monica-Pickleball-Center-650x866px.png\" class=\"image-section-break__image\" alt=\"Gente jugando al pickleball en el centro de pickleball de Santa M\u00f3nica.\" title=\"\">\n            <\/picture>\n                \n\n    <\/div>\n    <div class=\"image-section-break__text-content\">\n        <div class=\"image-section-break__first-content --theme3\">\n                            <div class=\"image-section-break__eyebrow-text\">D\u00f3nde jugar<\/div>\n                                        <h2 class=\"image-section-break__title\">Canchas de pickleball en Santa M\u00f3nica<\/h2>\n                                        <div class=\"image-section-break__body-copy wysiwyg\"><p>Tanto los profesionales como los principiantes pueden disfrutar de la vida en\u00a0<a href=\"https:\/\/www.santamonica.com\/es\/cosas-que-hacer\/centro-de-pickleball-de-santa-monica\/\">Centro de Pickleball de Santa M\u00f3nica<\/a>. Acceda a cuatro canchas al aire libre y cubiertas e inscr\u00edbase en clases privadas y grupales. Como parte de una de las operaciones de tenis m\u00e1s reconocidas del sur de California, estas instalaciones tambi\u00e9n ofrecen venta al por menor y uno de los inventarios m\u00e1s variados de equipamiento de pickleball de todo Los \u00c1ngeles.<br data-rich-text-line-break=\"true\" \/><br data-rich-text-line-break=\"true\" \/>Tres canchas de pickleball cubiertas, boutique y aprobadas por la PPA, torneos de juego libre, eventos sociales en el oeste de Los \u00c1ngeles y fiestas privadas, todo ello en Third Street Promenade.<a href=\"https:\/\/www.santamonica.com\/es\/pickle-pop\/\">Pickle Pop<\/a> lo tiene todo. Para a\u00f1adir m\u00e1s diversi\u00f3n, los jugadores pueden unirse a una liga personalizada o crear la suya propia.<\/p>\n<\/div>\n                                <\/div>\n        <div class=\"image-section-break__second-content\">\n                            <div class=\"image-section-break__body-copy wysiwyg\"><p>Ac\u00e9rquese a las canchas de pickleball de la Escuela Secundaria John Adams los fines de semana para jugar gratis de 8:00 a. m. a 12:00 p. m. Los fines de semana despu\u00e9s de las 12:00 p. m. y los d\u00edas de semana, de 5:00 p. m. hasta el anochecer, est\u00e1n disponibles por orden de llegada.<\/p>\n<p>Ubicado en el centro de Santa M\u00f3nica, los fan\u00e1ticos del pickleball pueden inscribirse en cl\u00ednicas para adultos y liveball, cl\u00ednicas de pickleball para ni\u00f1os, minicampamentos de 3 horas una vez al mes y reservar tiempo en canchas cubiertas y al aire libre en <a href=\"https:\/\/www.santamonica.com\/es\/pickletown-la\/\">Pickletown, Los \u00c1ngeles<\/a>. Es el lugar perfecto para jugar en familia, con amigos o con nuevos conocidos.<\/p>\n<p><a href=\"https:\/\/www.santamonica.com\/es\/que-hacer\/parque-conmemorativo\/\">Parque Conmemorativo<\/a>\u00a0cuenta con cuatro canchas de tenis pintadas con l\u00edneas de pickleball, y cada una tiene capacidad para cuatro canchas de pickleball. Estas canchas se asignan por orden de llegada cuando no est\u00e1n siendo utilizadas por programas municipales o reservas. Consulte los recursos de la ciudad de Santa M\u00f3nica para obtener informaci\u00f3n sobre c\u00f3mo reservar canchas de tenis y pickleball.\u00a0<a href=\"https:\/\/www.santamonica.gov\/programs\/tennis-and-pickleball\" target=\"_blank\" rel=\"noreferrer noopener\">aqu\u00ed<\/a>.<\/p>\n<\/div>\n                                <\/div>\n    <\/div>\n<\/section>\n\n\n    <section class=\"booking-cta --theme5 sm-block\">\n    <div id=\"widget-container-2070\"><\/div>\n<script type=\"text\/javascript\">\n  (function() {\n    var script = document.createElement('script');\n    script.type = 'text\/javascript';\n    script.async = 'true';\n    script.src = \"https:\/\/admin.bookdirect.net\/hs4\/widgets\/2070.js?widget_element=widget-container-2070\";\n    document.body.appendChild(script);\n  })();\n<\/script>\n    <\/section>\n\n\n\n<section class=\"blog-feed --theme8 sm-block\">\n    <div class=\"blog-feed__content\">\n        <div class=\"blog-feed__intro\">\n                            <div class=\"blog-feed__eyebrow eyebrow\">Qu\u00e9 hacer en Santa M\u00f3nica<\/div>                                        <h1 class=\"blog-feed__headline\">Consejos<\/h1>                                        <div class=\"blog-feed__body\"><p>Encuentre itinerarios, consejos locales y emocionantes aventuras que le ayudar\u00e1n a configurar su agenda de Santa M\u00f3nica.<\/p>\n<\/div>\n                                        <a class=\"blog-feed__cta\" href=\"https:\/\/www.santamonica.com\/es\/entradas-de-blog\/\">Ver todos los blogs<\/a>\n                    <\/div>\n\n        <ul class=\"blog-feed__list\">\n                                                <li class=\"blog-feed__item\">\n                        <a href=\"https:\/\/www.santamonica.com\/es\/things-to-do\/outdoors\/\" class=\"blog-feed__item-link\">\n                            <div class=\"blog-feed__image-ratio\">\n                                <img decoding=\"async\" class=\"blog-feed__image\" src=\"https:\/\/www.santamonica.com\/wp-content\/uploads\/2020\/04\/Santa-Monica-Virtual-Beach-blog-post-featured-400x400.jpg\" alt=\"Salga al aire libre y disfrute del aire fresco y la brisa marina en Santa M\u00f3nica\" title=\"\">\n                            <\/div>\n                            <div class=\"blog-feed__card-title\">Salga al aire libre y disfrute del aire fresco y la brisa marina en Santa M\u00f3nica<\/div>\n                        <\/a>\n                    <\/li>\n                                                                <li class=\"blog-feed__item\">\n                        <a href=\"https:\/\/www.santamonica.com\/es\/things-to-do\/coastal-chronicles-the-history-of-santa-monicas-libraries\/\" class=\"blog-feed__item-link\">\n                            <div class=\"blog-feed__image-ratio\">\n                                <img decoding=\"async\" class=\"blog-feed__image\" src=\"https:\/\/www.santamonica.com\/wp-content\/uploads\/2024\/04\/Untitled-design-34-400x400.jpg\" alt=\"Cr\u00f3nicas costeras: La historia de las bibliotecas de Santa M\u00f3nica\" title=\"\">\n                            <\/div>\n                            <div class=\"blog-feed__card-title\">Cr\u00f3nicas costeras: La historia de las bibliotecas de Santa M\u00f3nica<\/div>\n                        <\/a>\n                    <\/li>\n                                                                <li class=\"blog-feed__item\">\n                        <a href=\"https:\/\/www.santamonica.com\/es\/experience-santa-monica\/15-movies-to-satiate-your-santa-monica-wanderlust\/\" class=\"blog-feed__item-link\">\n                            <div class=\"blog-feed__image-ratio\">\n                                <img decoding=\"async\" class=\"blog-feed__image\" src=\"https:\/\/www.santamonica.com\/wp-content\/uploads\/2020\/03\/Movies-Filmed-in-Santa-Monica-blog-post-featured-400x400.jpg\" alt=\"Pel\u00edculas y programas de televisi\u00f3n para saciar su apetito por Santa M\u00f3nica\" title=\"\">\n                            <\/div>\n                            <div class=\"blog-feed__card-title\">Pel\u00edculas y programas de televisi\u00f3n para saciar su apetito por Santa M\u00f3nica<\/div>\n                        <\/a>\n                    <\/li>\n                                    <\/ul>\n    <\/div>\n<\/section>","protected":false},"excerpt":{"rendered":"<p>What is pickleball? Pickleball was invented on Bainbridge Island in Washington state in 1965. The sport can be played indoors or outdoors and uses a Wiffle ball and a paddle that is slightly larger and longer than a ping pong paddle. A pickleball court is the same as a badminton-sized court, 20 feet (6.1 meters) wide by 44 feet (13.4 meters) long, with a net measuring 34 inches (86.4 centimeters) tall in the middle. There should be a 7-foot (2.1-meter) no volley zone nearest the nets and right and left service courts, similar to a tennis court layout. Pickleball rules [\u2026]<\/p>\n","protected":false},"author":1421,"featured_media":351191,"parent":0,"menu_order":0,"comment_status":"closed","ping_status":"closed","template":"template-editorial.php","meta":{"_acf_changed":false,"inline_featured_image":false,"footnotes":""},"silos":[3899],"class_list":["post-351176","page","type-page","status-publish","has-post-thumbnail","hentry"],"acf":[],"_links":{"self":[{"href":"https:\/\/www.santamonica.com\/es\/wp-json\/wp\/v2\/pages\/351176","targetHints":{"allow":["GET"]}}],"collection":[{"href":"https:\/\/www.santamonica.com\/es\/wp-json\/wp\/v2\/pages"}],"about":[{"href":"https:\/\/www.santamonica.com\/es\/wp-json\/wp\/v2\/types\/page"}],"author":[{"embeddable":true,"href":"https:\/\/www.santamonica.com\/es\/wp-json\/wp\/v2\/users\/1421"}],"replies":[{"embeddable":true,"href":"https:\/\/www.santamonica.com\/es\/wp-json\/wp\/v2\/comments?post=351176"}],"version-history":[{"count":52,"href":"https:\/\/www.santamonica.com\/es\/wp-json\/wp\/v2\/pages\/351176\/revisions"}],"predecessor-version":[{"id":785059,"href":"https:\/\/www.santamonica.com\/es\/wp-json\/wp\/v2\/pages\/351176\/revisions\/785059"}],"wp:featuredmedia":[{"embeddable":true,"href":"https:\/\/www.santamonica.com\/es\/wp-json\/wp\/v2\/media\/351191"}],"wp:attachment":[{"href":"https:\/\/www.santamonica.com\/es\/wp-json\/wp\/v2\/media?parent=351176"}],"wp:term":[{"taxonomy":"silos","embeddable":true,"href":"https:\/\/www.santamonica.com\/es\/wp-json\/wp\/v2\/silos?post=351176"}],"curies":[{"name":"wp","href":"https:\/\/api.w.org\/{rel}","templated":true}]}}