{"id":349482,"date":"2022-07-25T21:18:44","date_gmt":"2022-07-26T04:18:44","guid":{"rendered":"https:\/\/www.santamonica.com\/?page_id=349482"},"modified":"2025-03-18T16:48:14","modified_gmt":"2025-03-18T23:48:14","slug":"formulario-de-nominacion-al-premio-spirit","status":"publish","type":"page","link":"https:\/\/www.santamonica.com\/es\/i-am-santa-monica\/spirit-award-nomination-form\/","title":{"rendered":"Formulario de nominaci\u00f3n para el Premio Thelma Spirit"},"content":{"rendered":"<div class=\"wp-block-columns is-layout-flex wp-container-core-columns-is-layout-28f84493 wp-block-columns-is-layout-flex base-block\">\n<div class=\"wp-block-column is-layout-flow wp-block-column-is-layout-flow base-block\">\n<section class=\"simpleview-form-block sm-block\">\n        <h2 class=\"simpleview-form-block__heading\">\n            Formulario de nominaci\u00f3n al Premio Thelma Parks Spirit        <\/h2>\n    <div class=\"simpleview-form-block__form sm-form\">\n        <form action=\"\" method=\"post\" name=\"frm_105\" class=\"simpleForm\" onsubmit=\"return svcrm.formBuilderScripts.validateForm(this);\" data-trp-original-action=\"\">\r\n\t\t\t\t<input id=\"formid\" name=\"formid\" type=\"hidden\" value=\"105\">\r\n\t\t\t\t<input id=\"groupid\" name=\"groupid\" type=\"hidden\" value=\"16\">\r\n\t\t\t\t<input id=\"isSubmitted\" name=\"isSubmitted\" value=\"1\" type=\"hidden\">\r\n\t\t\t\t\r\n\t\t\t\t\r\n\t\t\t\t\t<h3>Formulario de env\u00edo<\/h3>\r\n\t\t\t\t\t\r\n\t\t\t\t\t\t\t\t<div id=\"rowcontainer_udf_501\" class=\"row\">\r\n\t\t\t\t\t\t\t\t\t\r\n\t\t\t\t\t\t\t\t\t\t\t<div id=\"labelcontainer_udf_501\" class=\"medium-3 columns\">\r\n\t\t\t\t\t\t\t\t\t\t\t\t<div id=\"td_udf_501\">\r\n\t\t\t\t\t\t\t\t\t\t\t\t\t<label id=\"label_udf_501\" for=\"udf_501\" class=\"formreq\">Nombre del candidato*:<\/label>\r\n\t\t\t\t\t\t\t\t\t\t\t\t\t\r\n\t\t\t\t\t\t\t\t\t\t\t\t<\/div>\r\n\t\t\t\t\t\t\t\t\t\t\t<\/div>\t\r\n\t\t\t\t\t\t\t\t\t\t\r\n\t\t\t\t\t\t\t\t\t<div id=\"fieldcontainer_udf_501\" class=\"medium-9 columns\">\r\n\t\t\t\t\t\t\t\t\t\t\r\n\t\t\t\r\n\t\t\t<input class=\"\" id=\"udf_501\" name=\"udf_501\" type=\"text\" size=\"25\" value=\"\">\r\n\t\t\t\r\n\t\t\t\t\t\t\t\t\t<\/div>\t\t\t\t\t\t\t\t\t\r\n\t\t\t\t\t\t\t\t<\/div>\r\n\t\t\t\t\t\t\t\r\n\t\t\t\t\t\t\t\t<div id=\"rowcontainer_contact_title\" class=\"row\">\r\n\t\t\t\t\t\t\t\t\t\r\n\t\t\t\t\t\t\t\t\t\t\t<div id=\"labelcontainer_contact_title\" class=\"medium-3 columns\">\r\n\t\t\t\t\t\t\t\t\t\t\t\t<div id=\"td_contact_title\">\r\n\t\t\t\t\t\t\t\t\t\t\t\t\t<label id=\"label_contact_title\" for=\"contact_title\" class=\"formreq\">T\u00edtulo*:<\/label>\r\n\t\t\t\t\t\t\t\t\t\t\t\t\t\r\n\t\t\t\t\t\t\t\t\t\t\t\t<\/div>\r\n\t\t\t\t\t\t\t\t\t\t\t<\/div>\t\r\n\t\t\t\t\t\t\t\t\t\t\r\n\t\t\t\t\t\t\t\t\t<div id=\"fieldcontainer_contact_title\" class=\"medium-9 columns\">\r\n\t\t\t\t\t\t\t\t\t\t\r\n\t\t\t\r\n\t\t\t<input class=\"\" id=\"contact_title\" name=\"contact_title\" type=\"text\" size=\"25\" value=\"\">\r\n\t\t\t\r\n\t\t\t\t\t\t\t\t\t<\/div>\t\t\t\t\t\t\t\t\t\r\n\t\t\t\t\t\t\t\t<\/div>\r\n\t\t\t\t\t\t\t\r\n\t\t\t\t\t\t\t\t<div id=\"rowcontainer_contact_company\" class=\"row\">\r\n\t\t\t\t\t\t\t\t\t\r\n\t\t\t\t\t\t\t\t\t\t\t<div id=\"labelcontainer_contact_company\" class=\"medium-3 columns\">\r\n\t\t\t\t\t\t\t\t\t\t\t\t<div id=\"td_contact_company\">\r\n\t\t\t\t\t\t\t\t\t\t\t\t\t<label id=\"label_contact_company\" for=\"contact_company\" class=\"formreq\">Negocios*:<\/label>\r\n\t\t\t\t\t\t\t\t\t\t\t\t\t\r\n\t\t\t\t\t\t\t\t\t\t\t\t<\/div>\r\n\t\t\t\t\t\t\t\t\t\t\t<\/div>\t\r\n\t\t\t\t\t\t\t\t\t\t\r\n\t\t\t\t\t\t\t\t\t<div id=\"fieldcontainer_contact_company\" class=\"medium-9 columns\">\r\n\t\t\t\t\t\t\t\t\t\t\r\n\t\t\t\r\n\t\t\t<input class=\"\" id=\"contact_company\" name=\"contact_company\" type=\"text\" size=\"25\" value=\"\">\r\n\t\t\t\r\n\t\t\t\t\t\t\t\t\t<\/div>\t\t\t\t\t\t\t\t\t\r\n\t\t\t\t\t\t\t\t<\/div>\r\n\t\t\t\t\t\t\t\r\n\t\t\t\t\t\t\t\t<div id=\"rowcontainer_contact_addr1\" class=\"row\">\r\n\t\t\t\t\t\t\t\t\t\r\n\t\t\t\t\t\t\t\t\t\t\t<div id=\"labelcontainer_contact_addr1\" class=\"medium-3 columns\">\r\n\t\t\t\t\t\t\t\t\t\t\t\t<div id=\"td_contact_addr1\">\r\n\t\t\t\t\t\t\t\t\t\t\t\t\t<label id=\"label_contact_addr1\" for=\"contact_addr1\" class=\"formreq\">Direcci\u00f3n*:<\/label>\r\n\t\t\t\t\t\t\t\t\t\t\t\t\t\r\n\t\t\t\t\t\t\t\t\t\t\t\t<\/div>\r\n\t\t\t\t\t\t\t\t\t\t\t<\/div>\t\r\n\t\t\t\t\t\t\t\t\t\t\r\n\t\t\t\t\t\t\t\t\t<div id=\"fieldcontainer_contact_addr1\" class=\"medium-9 columns\">\r\n\t\t\t\t\t\t\t\t\t\t\r\n\t\t\t\r\n\t\t\t<input class=\"\" id=\"contact_addr1\" name=\"contact_addr1\" type=\"text\" size=\"25\" value=\"\">\r\n\t\t\t\r\n\t\t\t\t\t\t\t\t\t<\/div>\t\t\t\t\t\t\t\t\t\r\n\t\t\t\t\t\t\t\t<\/div>\r\n\t\t\t\t\t\t\t\r\n\t\t\t\t\t\t\t\t<div id=\"rowcontainer_contact_city\" class=\"row\">\r\n\t\t\t\t\t\t\t\t\t\r\n\t\t\t\t\t\t\t\t\t\t\t<div id=\"labelcontainer_contact_city\" class=\"medium-3 columns\">\r\n\t\t\t\t\t\t\t\t\t\t\t\t<div id=\"td_contact_city\">\r\n\t\t\t\t\t\t\t\t\t\t\t\t\t<label id=\"label_contact_city\" for=\"contact_city\" class=\"formreq\">Ciudad*:<\/label>\r\n\t\t\t\t\t\t\t\t\t\t\t\t\t\r\n\t\t\t\t\t\t\t\t\t\t\t\t<\/div>\r\n\t\t\t\t\t\t\t\t\t\t\t<\/div>\t\r\n\t\t\t\t\t\t\t\t\t\t\r\n\t\t\t\t\t\t\t\t\t<div id=\"fieldcontainer_contact_city\" class=\"medium-9 columns\">\r\n\t\t\t\t\t\t\t\t\t\t\r\n\t\t\t\r\n\t\t\t<input class=\"\" id=\"contact_city\" name=\"contact_city\" type=\"text\" size=\"25\" value=\"\">\r\n\t\t\t\r\n\t\t\t\t\t\t\t\t\t<\/div>\t\t\t\t\t\t\t\t\t\r\n\t\t\t\t\t\t\t\t<\/div>\r\n\t\t\t\t\t\t\t\r\n\t\t\t\t\t\t\t\t<div id=\"rowcontainer_contact_state\" class=\"row\">\r\n\t\t\t\t\t\t\t\t\t\r\n\t\t\t\t\t\t\t\t\t\t\t<div id=\"labelcontainer_contact_state\" class=\"medium-3 columns\">\r\n\t\t\t\t\t\t\t\t\t\t\t\t<div id=\"td_contact_state\">\r\n\t\t\t\t\t\t\t\t\t\t\t\t\t<label id=\"label_contact_state\" for=\"contact_state\" class=\"formreq\">Estado*:<\/label>\r\n\t\t\t\t\t\t\t\t\t\t\t\t\t\r\n\t\t\t\t\t\t\t\t\t\t\t\t<\/div>\r\n\t\t\t\t\t\t\t\t\t\t\t<\/div>\t\r\n\t\t\t\t\t\t\t\t\t\t\r\n\t\t\t\t\t\t\t\t\t<div id=\"fieldcontainer_contact_state\" class=\"medium-9 columns\">\r\n\t\t\t\t\t\t\t\t\t\t\t\t\t\t\t\r\n\t\t\t\t\t<select class=\"\" id=\"contact_state\" name=\"contact_state\">\r\n\t\t\t\t\t<option value=\"\">\u2013Ninguna\u2013<\/option> \r\n\t\t\t\t\t<option value=\"**\">** \u2013 **<\/option>\r\n\t\t\t\t\t\r\n\t\t\t\t\t<option value=\"AB\">AB \u2013 Alberta<\/option>\r\n\t\t\t\t\t\r\n\t\t\t\t\t<option value=\"AK\">AK \u2013 Alaska<\/option>\r\n\t\t\t\t\t\r\n\t\t\t\t\t<option value=\"AL\">AL \u2013 Alabama<\/option>\r\n\t\t\t\t\t\r\n\t\t\t\t\t<option value=\"AR\">AR \u2013 Arkansas<\/option>\r\n\t\t\t\t\t\r\n\t\t\t\t\t<option value=\"AZ\">AZ \u2013 Arizona<\/option>\r\n\t\t\t\t\t\r\n\t\t\t\t\t<option value=\"BC\">BC \u2013 Columbia Brit\u00e1nica<\/option>\r\n\t\t\t\t\t\r\n\t\t\t\t\t<option value=\"CA\">CA \u2013 California<\/option>\r\n\t\t\t\t\t\r\n\t\t\t\t\t<option value=\"CO\">CO \u2013 Colorado<\/option>\r\n\t\t\t\t\t\r\n\t\t\t\t\t<option value=\"CT\">CT \u2013 Connecticut<\/option>\r\n\t\t\t\t\t\r\n\t\t\t\t\t<option value=\"DC\">DC \u2013 Distrito de Columbia<\/option>\r\n\t\t\t\t\t\r\n\t\t\t\t\t<option value=\"DE\">DE \u2013 Delaware<\/option>\r\n\t\t\t\t\t\r\n\t\t\t\t\t<option value=\"FL\">FL \u2013 Florida<\/option>\r\n\t\t\t\t\t\r\n\t\t\t\t\t<option value=\"GA\">GA \u2013 Georgia<\/option>\r\n\t\t\t\t\t\r\n\t\t\t\t\t<option value=\"HI\">HI \u2013 Haw\u00e1i<\/option>\r\n\t\t\t\t\t\r\n\t\t\t\t\t<option value=\"IA\">IA \u2013 Iowa<\/option>\r\n\t\t\t\t\t\r\n\t\t\t\t\t<option value=\"ID\">ID \u2013 Idaho<\/option>\r\n\t\t\t\t\t\r\n\t\t\t\t\t<option value=\"IL\">IL \u2013 Illinois<\/option>\r\n\t\t\t\t\t\r\n\t\t\t\t\t<option value=\"IN\">IN \u2013 Indiana<\/option>\r\n\t\t\t\t\t\r\n\t\t\t\t\t<option value=\"KS\">KS \u2013 Kansas<\/option>\r\n\t\t\t\t\t\r\n\t\t\t\t\t<option value=\"KY\">KY \u2013 Kentucky<\/option>\r\n\t\t\t\t\t\r\n\t\t\t\t\t<option value=\"LA\">LA \u2013 Luisiana<\/option>\r\n\t\t\t\t\t\r\n\t\t\t\t\t<option value=\"MA\">MA \u2013 Massachusetts<\/option>\r\n\t\t\t\t\t\r\n\t\t\t\t\t<option value=\"MB\">MB \u2013 Manitoba<\/option>\r\n\t\t\t\t\t\r\n\t\t\t\t\t<option value=\"MD\">MD \u2013 Maryland<\/option>\r\n\t\t\t\t\t\r\n\t\t\t\t\t<option value=\"ME\">ME \u2013 Maine<\/option>\r\n\t\t\t\t\t\r\n\t\t\t\t\t<option value=\"MH\">MH \u2013 Islas Marshall<\/option>\r\n\t\t\t\t\t\r\n\t\t\t\t\t<option value=\"MI\">MI \u2013 M\u00edchigan<\/option>\r\n\t\t\t\t\t\r\n\t\t\t\t\t<option value=\"MN\">MN \u2013 Minnesota<\/option>\r\n\t\t\t\t\t\r\n\t\t\t\t\t<option value=\"MO\">MO \u2013 Misuri<\/option>\r\n\t\t\t\t\t\r\n\t\t\t\t\t<option value=\"MS\">MS \u2013 Misisipi<\/option>\r\n\t\t\t\t\t\r\n\t\t\t\t\t<option value=\"MT\">MT \u2013 Montana<\/option>\r\n\t\t\t\t\t\r\n\t\t\t\t\t<option value=\"NB\">NB \u2013 Nuevo Brunswick<\/option>\r\n\t\t\t\t\t\r\n\t\t\t\t\t<option value=\"NC\">NC \u2013 Carolina del Norte<\/option>\r\n\t\t\t\t\t\r\n\t\t\t\t\t<option value=\"ND\">ND \u2013 Dakota del Norte<\/option>\r\n\t\t\t\t\t\r\n\t\t\t\t\t<option value=\"NE\">NE \u2013 Nebraska<\/option>\r\n\t\t\t\t\t\r\n\t\t\t\t\t<option value=\"NH\">NH \u2013 Nuevo Hampshire<\/option>\r\n\t\t\t\t\t\r\n\t\t\t\t\t<option value=\"NJ\">NJ \u2013 Nueva Jersey<\/option>\r\n\t\t\t\t\t\r\n\t\t\t\t\t<option value=\"NL\">NL \u2013 Terranova y Labrador<\/option>\r\n\t\t\t\t\t\r\n\t\t\t\t\t<option value=\"NM\">NM \u2013 Nuevo M\u00e9xico<\/option>\r\n\t\t\t\t\t\r\n\t\t\t\t\t<option value=\"NS\">NS \u2013 Nueva Escocia<\/option>\r\n\t\t\t\t\t\r\n\t\t\t\t\t<option value=\"NSW\">NSW \u2013 Nueva Gales del Sur<\/option>\r\n\t\t\t\t\t\r\n\t\t\t\t\t<option value=\"NT\">NT \u2013 Territorio del Noroeste<\/option>\r\n\t\t\t\t\t\r\n\t\t\t\t\t<option value=\"NU\">NU \u2013 Nunavut<\/option>\r\n\t\t\t\t\t\r\n\t\t\t\t\t<option value=\"NV\">NV \u2013 Nevada<\/option>\r\n\t\t\t\t\t\r\n\t\t\t\t\t<option value=\"NY\">NY \u2013 Nueva York<\/option>\r\n\t\t\t\t\t\r\n\t\t\t\t\t<option value=\"OH\">OH \u2013 Ohio<\/option>\r\n\t\t\t\t\t\r\n\t\t\t\t\t<option value=\"OK\">OK \u2013 Oklahoma<\/option>\r\n\t\t\t\t\t\r\n\t\t\t\t\t<option value=\"ON\">ON \u2013 Ontario<\/option>\r\n\t\t\t\t\t\r\n\t\t\t\t\t<option value=\"OR\">OR \u2013 Oreg\u00f3n<\/option>\r\n\t\t\t\t\t\r\n\t\t\t\t\t<option value=\"PA\">PA \u2013 Pensilvania<\/option>\r\n\t\t\t\t\t\r\n\t\t\t\t\t<option value=\"PE\">PE \u2013 Isla del Pr\u00edncipe Eduardo<\/option>\r\n\t\t\t\t\t\r\n\t\t\t\t\t<option value=\"QC\">QC \u2013 Quebec<\/option>\r\n\t\t\t\t\t\r\n\t\t\t\t\t<option value=\"Qld\">Qld \u2013 Queensland<\/option>\r\n\t\t\t\t\t\r\n\t\t\t\t\t<option value=\"RI\">RI \u2013 Rhode Island<\/option>\r\n\t\t\t\t\t\r\n\t\t\t\t\t<option value=\"SA\">SA \u2013 Australia Meridional<\/option>\r\n\t\t\t\t\t\r\n\t\t\t\t\t<option value=\"SC\">SC \u2013 Carolina del Sur<\/option>\r\n\t\t\t\t\t\r\n\t\t\t\t\t<option value=\"SD\">SD \u2013 Dakota del Sur<\/option>\r\n\t\t\t\t\t\r\n\t\t\t\t\t<option value=\"SK\">SK \u2013 Saskatchewan<\/option>\r\n\t\t\t\t\t\r\n\t\t\t\t\t<option value=\"Tas\">Tas \u2013 Tasmania<\/option>\r\n\t\t\t\t\t\r\n\t\t\t\t\t<option value=\"TN\">TN \u2013 Tennessee<\/option>\r\n\t\t\t\t\t\r\n\t\t\t\t\t<option value=\"TX\">TX \u2013 Texas<\/option>\r\n\t\t\t\t\t\r\n\t\t\t\t\t<option value=\"UT\">UT \u2013 Utah<\/option>\r\n\t\t\t\t\t\r\n\t\t\t\t\t<option value=\"VA\">VA \u2013 Virginia<\/option>\r\n\t\t\t\t\t\r\n\t\t\t\t\t<option value=\"Vic\">Vic \u2013 Victoria<\/option>\r\n\t\t\t\t\t\r\n\t\t\t\t\t<option value=\"VT\">VT \u2013 Vermont<\/option>\r\n\t\t\t\t\t\r\n\t\t\t\t\t<option value=\"WA\">WA \u2013 Washington<\/option>\r\n\t\t\t\t\t\r\n\t\t\t\t\t<option value=\"WA\">WA \u2013 Australia Occidental<\/option>\r\n\t\t\t\t\t\r\n\t\t\t\t\t<option value=\"WI\">WI \u2013 Wisconsin<\/option>\r\n\t\t\t\t\t\r\n\t\t\t\t\t<option value=\"WV\">WV \u2013 Virginia Occidental<\/option>\r\n\t\t\t\t\t\r\n\t\t\t\t\t<option value=\"WY\">WY \u2013 Wyoming<\/option>\r\n\t\t\t\t\t\r\n\t\t\t\t\t<option value=\"YT\">YT \u2013 Yuk\u00f3n<\/option>\r\n\t\t\t\t\t\r\n\t\t\t\t\t<\/select>\r\n\t\t\t\t\r\n\t\t\t\t\t\t\t\t\t<\/div>\t\t\t\t\t\t\t\t\t\r\n\t\t\t\t\t\t\t\t<\/div>\r\n\t\t\t\t\t\t\t\r\n\t\t\t\t\t\t\t\t<div id=\"rowcontainer_contact_zip\" class=\"row\">\r\n\t\t\t\t\t\t\t\t\t\r\n\t\t\t\t\t\t\t\t\t\t\t<div id=\"labelcontainer_contact_zip\" class=\"medium-3 columns\">\r\n\t\t\t\t\t\t\t\t\t\t\t\t<div id=\"td_contact_zip\">\r\n\t\t\t\t\t\t\t\t\t\t\t\t\t<label id=\"label_contact_zip\" for=\"contact_zip\" class=\"formreq\">C\u00f3digo postal*:<\/label>\r\n\t\t\t\t\t\t\t\t\t\t\t\t\t\r\n\t\t\t\t\t\t\t\t\t\t\t\t<\/div>\r\n\t\t\t\t\t\t\t\t\t\t\t<\/div>\t\r\n\t\t\t\t\t\t\t\t\t\t\r\n\t\t\t\t\t\t\t\t\t<div id=\"fieldcontainer_contact_zip\" class=\"medium-9 columns\">\r\n\t\t\t\t\t\t\t\t\t\t\r\n\t\t\t\r\n\t\t\t<input class=\"\" id=\"contact_zip\" name=\"contact_zip\" type=\"text\" size=\"20\" value=\"\" onblur=\"svcrm.formBuilderScripts.zipLookup('\/', this.value, document.frm_105.contact_city, document.frm_105.contact_state, true); \">\r\n\t\t\t\r\n\t\t\t\t\t\t\t\t\t<\/div>\t\t\t\t\t\t\t\t\t\r\n\t\t\t\t\t\t\t\t<\/div>\r\n\t\t\t\t\t\t\t\r\n\t\t\t\t\t\t\t\t<div id=\"rowcontainer_contact_phone\" class=\"row\">\r\n\t\t\t\t\t\t\t\t\t\r\n\t\t\t\t\t\t\t\t\t\t\t<div id=\"labelcontainer_contact_phone\" class=\"medium-3 columns\">\r\n\t\t\t\t\t\t\t\t\t\t\t\t<div id=\"td_contact_phone\">\r\n\t\t\t\t\t\t\t\t\t\t\t\t\t<label id=\"label_contact_phone\" for=\"contact_phone\" class=\"formtext\">Tel\u00e9fono:<\/label>\r\n\t\t\t\t\t\t\t\t\t\t\t\t\t\r\n\t\t\t\t\t\t\t\t\t\t\t\t<\/div>\r\n\t\t\t\t\t\t\t\t\t\t\t<\/div>\t\r\n\t\t\t\t\t\t\t\t\t\t\r\n\t\t\t\t\t\t\t\t\t<div id=\"fieldcontainer_contact_phone\" class=\"medium-9 columns\">\r\n\t\t\t\t\t\t\t\t\t\t\r\n\t\t\t\r\n\t\t\t<input class=\"\" id=\"contact_phone\" name=\"contact_phone\" type=\"text\" size=\"25\" value=\"\" onblur=\"svcrm.formBuilderScripts.checkPhone(this); svcrm.formBuilderScripts.fmtPhone(this,'xxx-xxx-xxxx'); \">\r\n\t\t\t\r\n\t\t\t\t\t\t\t\t\t<\/div>\t\t\t\t\t\t\t\t\t\r\n\t\t\t\t\t\t\t\t<\/div>\r\n\t\t\t\t\t\t\t\r\n\t\t\t\t\t\t\t\t<div id=\"rowcontainer_contact_email\" class=\"row\">\r\n\t\t\t\t\t\t\t\t\t\r\n\t\t\t\t\t\t\t\t\t\t\t<div id=\"labelcontainer_contact_email\" class=\"medium-3 columns\">\r\n\t\t\t\t\t\t\t\t\t\t\t\t<div id=\"td_contact_email\">\r\n\t\t\t\t\t\t\t\t\t\t\t\t\t<label id=\"label_contact_email\" for=\"contact_email\" class=\"formtext\">Direcci\u00f3n de correo electr\u00f3nico:<\/label>\r\n\t\t\t\t\t\t\t\t\t\t\t\t\t\r\n\t\t\t\t\t\t\t\t\t\t\t\t<\/div>\r\n\t\t\t\t\t\t\t\t\t\t\t<\/div>\t\r\n\t\t\t\t\t\t\t\t\t\t\r\n\t\t\t\t\t\t\t\t\t<div id=\"fieldcontainer_contact_email\" class=\"medium-9 columns\">\r\n\t\t\t\t\t\t\t\t\t\t\r\n\t\t\t\r\n\t\t\t<input class=\"\" id=\"contact_email\" name=\"contact_email\" type=\"text\" size=\"25\" value=\"\" onblur=\"svcrm.formBuilderScripts.checkEmail(this); \">\r\n\t\t\t\r\n\t\t\t\t\t\t\t\t\t<\/div>\t\t\t\t\t\t\t\t\t\r\n\t\t\t\t\t\t\t\t<\/div>\r\n\t\t\t\t\t\t\t\r\n\t\t\t\t\t\t\t\t<div id=\"rowcontainer_udf_789\" class=\"row\">\r\n\t\t\t\t\t\t\t\t\t\r\n\t\t\t\t\t\t\t\t\t\t\t<div id=\"labelcontainer_udf_789\" class=\"medium-3 columns\">\r\n\t\t\t\t\t\t\t\t\t\t\t\t<div id=\"td_udf_789\">\r\n\t\t\t\t\t\t\t\t\t\t\t\t\t<label id=\"label_udf_789\" for=\"udf_789\" class=\"formreq\">Motivo de la nominaci\u00f3n*:<\/label>\r\n\t\t\t\t\t\t\t\t\t\t\t\t\t<p class=\"hint\">L\u00edmite de 500 caracteres<\/p>\r\n\t\t\t\t\t\t\t\t\t\t\t\t<\/div>\r\n\t\t\t\t\t\t\t\t\t\t\t<\/div>\t\r\n\t\t\t\t\t\t\t\t\t\t\r\n\t\t\t\t\t\t\t\t\t<div id=\"fieldcontainer_udf_789\" class=\"medium-9 columns\">\r\n\t\t\t\t\t\t\t\t\t\t\t\t\t\r\n\t\t\t<textarea class=\"\" id=\"udf_789\" name=\"udf_789\" cols=\"40\" rows=\"6\"><\/textarea>\r\n\t\t\t\r\n\t\t\t\t\t\t\t\t\t<\/div>\t\t\t\t\t\t\t\t\t\r\n\t\t\t\t\t\t\t\t<\/div>\r\n\t\t\t\t\t\t\t\r\n\t\t\t\t\t\t\t\t<div id=\"rowcontainer_udf_499\" class=\"row\">\r\n\t\t\t\t\t\t\t\t\t\r\n\t\t\t\t\t\t\t\t\t\t\t\t<div id=\"labelcontainer_udf_499\" class=\"medium-3 columns\">\r\n\t\t\t\t\t\t\t\t\t\t\t\t\t<div id=\"td_udf_499\">\r\n\t\t\t\t\t\t\t\t\t\t\t\t\t\t\u00a0\r\n\t\t\t\t\t\t\t\t\t\t\t\t\t<\/div>\r\n\t\t\t\t\t\t\t\t\t\t\t\t<\/div>\r\n\t\t\t\t\t\t\t\t\t\t\t\r\n\t\t\t\t\t\t\t\t\t<div id=\"fieldcontainer_udf_499\" class=\"medium-9 columns\">\r\n\t\t\t\t\t\t\t\t\t\t\t\r\n\t\t\t\t\t<input class=\"\" id=\"udf_499\" name=\"udf_499\" type=\"checkbox\" value=\"1\"><label class=\"formreq\" for=\"udf_499\"> He le\u00eddo y acepto lo siguiente: Informaci\u00f3n general, Reglas para las nominaciones y Categor\u00edas. <\/label>\r\n\t\t\t\t\t\r\n\t\t\t\t\t\t\t\t\t<\/div>\t\t\t\t\t\t\t\t\t\r\n\t\t\t\t\t\t\t\t<\/div>\r\n\t\t\t\t\t\t\t\r\n\t\t\t\t\t<h3>Tu informaci\u00f3n de contacto<\/h3>\r\n\t\t\t\t\t\r\n\t\t\t\t\t\t\t\t<div id=\"rowcontainer_udf_497\" class=\"row\">\r\n\t\t\t\t\t\t\t\t\t\r\n\t\t\t\t\t\t\t\t\t\t\t<div id=\"labelcontainer_udf_497\" class=\"medium-3 columns\">\r\n\t\t\t\t\t\t\t\t\t\t\t\t<div id=\"td_udf_497\">\r\n\t\t\t\t\t\t\t\t\t\t\t\t\t<label id=\"label_udf_497\" for=\"udf_497\" class=\"formreq\">Tu nombre:*:<\/label>\r\n\t\t\t\t\t\t\t\t\t\t\t\t\t\r\n\t\t\t\t\t\t\t\t\t\t\t\t<\/div>\r\n\t\t\t\t\t\t\t\t\t\t\t<\/div>\t\r\n\t\t\t\t\t\t\t\t\t\t\r\n\t\t\t\t\t\t\t\t\t<div id=\"fieldcontainer_udf_497\" class=\"medium-9 columns\">\r\n\t\t\t\t\t\t\t\t\t\t\r\n\t\t\t\r\n\t\t\t<input class=\"\" id=\"udf_497\" name=\"udf_497\" type=\"text\" size=\"25\" value=\"\">\r\n\t\t\t\r\n\t\t\t\t\t\t\t\t\t<\/div>\t\t\t\t\t\t\t\t\t\r\n\t\t\t\t\t\t\t\t<\/div>\r\n\t\t\t\t\t\t\t\r\n\t\t\t\t\t\t\t\t<div id=\"rowcontainer_udf_498\" class=\"row\">\r\n\t\t\t\t\t\t\t\t\t\r\n\t\t\t\t\t\t\t\t\t\t\t<div id=\"labelcontainer_udf_498\" class=\"medium-3 columns\">\r\n\t\t\t\t\t\t\t\t\t\t\t\t<div id=\"td_udf_498\">\r\n\t\t\t\t\t\t\t\t\t\t\t\t\t<label id=\"label_udf_498\" for=\"udf_498\" class=\"formreq\">Empleador y cargo:*:<\/label>\r\n\t\t\t\t\t\t\t\t\t\t\t\t\t\r\n\t\t\t\t\t\t\t\t\t\t\t\t<\/div>\r\n\t\t\t\t\t\t\t\t\t\t\t<\/div>\t\r\n\t\t\t\t\t\t\t\t\t\t\r\n\t\t\t\t\t\t\t\t\t<div id=\"fieldcontainer_udf_498\" class=\"medium-9 columns\">\r\n\t\t\t\t\t\t\t\t\t\t\r\n\t\t\t\r\n\t\t\t<input class=\"\" id=\"udf_498\" name=\"udf_498\" type=\"text\" size=\"25\" value=\"\">\r\n\t\t\t\r\n\t\t\t\t\t\t\t\t\t<\/div>\t\t\t\t\t\t\t\t\t\r\n\t\t\t\t\t\t\t\t<\/div>\r\n\t\t\t\t\t\t\t\r\n\t\t\t\t\t\t\t\t<div id=\"rowcontainer_udf_503\" class=\"row\">\r\n\t\t\t\t\t\t\t\t\t\r\n\t\t\t\t\t\t\t\t\t\t\t<div id=\"labelcontainer_udf_503\" class=\"medium-3 columns\">\r\n\t\t\t\t\t\t\t\t\t\t\t\t<div id=\"td_udf_503\">\r\n\t\t\t\t\t\t\t\t\t\t\t\t\t<label id=\"label_udf_503\" for=\"udf_503\" class=\"formtext\">Tel\u00e9fono<\/label>\r\n\t\t\t\t\t\t\t\t\t\t\t\t\t\r\n\t\t\t\t\t\t\t\t\t\t\t\t<\/div>\r\n\t\t\t\t\t\t\t\t\t\t\t<\/div>\t\r\n\t\t\t\t\t\t\t\t\t\t\r\n\t\t\t\t\t\t\t\t\t<div id=\"fieldcontainer_udf_503\" class=\"medium-9 columns\">\r\n\t\t\t\t\t\t\t\t\t\t\r\n\t\t\t\r\n\t\t\t<input class=\"\" id=\"udf_503\" name=\"udf_503\" type=\"text\" size=\"25\" value=\"\" onblur=\"svcrm.formBuilderScripts.checkPhone(this); svcrm.formBuilderScripts.fmtPhone(this,'xxx-xxx-xxxx'); \">\r\n\t\t\t\r\n\t\t\t\t\t\t\t\t\t<\/div>\t\t\t\t\t\t\t\t\t\r\n\t\t\t\t\t\t\t\t<\/div>\r\n\t\t\t\t\t\t\t\r\n\t\t\t\t\t\t\t\t<div id=\"rowcontainer_udf_502\" class=\"row\">\r\n\t\t\t\t\t\t\t\t\t\r\n\t\t\t\t\t\t\t\t\t\t\t<div id=\"labelcontainer_udf_502\" class=\"medium-3 columns\">\r\n\t\t\t\t\t\t\t\t\t\t\t\t<div id=\"td_udf_502\">\r\n\t\t\t\t\t\t\t\t\t\t\t\t\t<label id=\"label_udf_502\" for=\"udf_502\" class=\"formreq\">Direcci\u00f3n de correo electr\u00f3nico:*:<\/label>\r\n\t\t\t\t\t\t\t\t\t\t\t\t\t\r\n\t\t\t\t\t\t\t\t\t\t\t\t<\/div>\r\n\t\t\t\t\t\t\t\t\t\t\t<\/div>\t\r\n\t\t\t\t\t\t\t\t\t\t\r\n\t\t\t\t\t\t\t\t\t<div id=\"fieldcontainer_udf_502\" class=\"medium-9 columns\">\r\n\t\t\t\t\t\t\t\t\t\t\r\n\t\t\t\r\n\t\t\t<input class=\"\" id=\"udf_502\" name=\"udf_502\" type=\"text\" size=\"25\" value=\"\">\r\n\t\t\t\r\n\t\t\t\t\t\t\t\t\t<\/div>\t\t\t\t\t\t\t\t\t\r\n\t\t\t\t\t\t\t\t<\/div>\r\n\t\t\t\t\t\t\t\r\n\r\n\t\t\t\t<p class=\"hint formreq text-center\">* Indica un campo obligatorio.<\/p>\r\n\t\t\t\t<hr size=\"1\" color=\"cccccc\" width=\"100%\">\r\n\t\t\t\t<div class=\"row\">\r\n\t\t\t\t\t<div class=\"medium-6 small-centered captcha columns\">\r\n\t\t\t\t\t\t\r\n                    <div id=\"g-recaptcha\" class=\"g-recaptcha\"><\/div>\r\n                \r\n            <input type=\"hidden\" name=\"code\" id=\"code\" value=\"1234\">\r\n            <input type=\"hidden\" name=\"code_key\" id=\"code_key\" value=\"rO0ABXQABDEyMzQ=\">\r\n            \r\n\t\t\t\t\t<\/div>\r\n\t\t\t\t<\/div>\r\n\r\n\t\t\t\t<hr size=\"1\" color=\"cccccc\" width=\"100%\">\r\n\t\t\t\t<div class=\"row\">\r\n\t\t\t\t\t<div class=\"medium-6 small-centered columns formCntrls\">\r\n\t\t\t\t\t\t<label for=\"savefrm_button\" class=\"label_hidden\">Enviar<\/label>\r\n\t\t\t\t\t\t<input class=\"button\" id=\"savefrm_button\" name=\"savefrm\" type=\"Submit\" value=\"Submit\">\r\n\t\t\t\t\t\t<label for=\"resetfrm_button\" class=\"label_hidden\">Restablecer<\/label>\r\n\t\t\t\t\t\t<input class=\"button\" id=\"resetfrm_button\" type=\"Reset\" value=\"Reset\">\r\n\t\t\t\t\t<\/div>\r\n\t\t\t\t<\/div>\r\n\t\t\t<input type=\"hidden\" name=\"trp-form-language\" value=\"es\"\/><\/form>    <\/div>\n<\/section>\n<\/div>\n<\/div>","protected":false},"excerpt":{"rendered":"","protected":false},"author":1421,"featured_media":0,"parent":0,"menu_order":0,"comment_status":"closed","ping_status":"closed","template":"template-editorial.php","meta":{"_acf_changed":false,"inline_featured_image":false,"footnotes":""},"silos":[3922],"class_list":["post-349482","page","type-page","status-publish","hentry"],"acf":[],"_links":{"self":[{"href":"https:\/\/www.santamonica.com\/es\/wp-json\/wp\/v2\/pages\/349482","targetHints":{"allow":["GET"]}}],"collection":[{"href":"https:\/\/www.santamonica.com\/es\/wp-json\/wp\/v2\/pages"}],"about":[{"href":"https:\/\/www.santamonica.com\/es\/wp-json\/wp\/v2\/types\/page"}],"author":[{"embeddable":true,"href":"https:\/\/www.santamonica.com\/es\/wp-json\/wp\/v2\/users\/1421"}],"replies":[{"embeddable":true,"href":"https:\/\/www.santamonica.com\/es\/wp-json\/wp\/v2\/comments?post=349482"}],"version-history":[{"count":7,"href":"https:\/\/www.santamonica.com\/es\/wp-json\/wp\/v2\/pages\/349482\/revisions"}],"predecessor-version":[{"id":763828,"href":"https:\/\/www.santamonica.com\/es\/wp-json\/wp\/v2\/pages\/349482\/revisions\/763828"}],"wp:attachment":[{"href":"https:\/\/www.santamonica.com\/es\/wp-json\/wp\/v2\/media?parent=349482"}],"wp:term":[{"taxonomy":"silos","embeddable":true,"href":"https:\/\/www.santamonica.com\/es\/wp-json\/wp\/v2\/silos?post=349482"}],"curies":[{"name":"wp","href":"https:\/\/api.w.org\/{rel}","templated":true}]}}