{"id":349028,"date":"2022-07-25T12:49:54","date_gmt":"2022-07-25T19:49:54","guid":{"rendered":"https:\/\/www.santamonica.com\/?page_id=349028"},"modified":"2024-06-03T21:03:07","modified_gmt":"2024-06-04T04:03:07","slug":"viaja-de-manera-responsable","status":"publish","type":"page","link":"https:\/\/www.santamonica.com\/es\/travel-responsibly\/","title":{"rendered":"Viajar con responsabilidad"},"content":{"rendered":"<section class=\"sun-title sm-block --theme6 --2col sm-block\">\n            <h2 class=\"sun-title__headline\">Viaja de manera responsable en Santa M\u00f3nica<\/h2>    \n            <div class=\"sun-title__body  --2col wysiwyg\">\n                    <div class=\"column-1\">\n                <p><!-- wp:heading {\"level\":4} --><\/p>\n<h3 class=\"wp-block-heading\"><strong>Planifique con anticipaci\u00f3n<\/strong><\/h3>\n<p>Investiga sobre el negocio o la actividad que te interesa realizar antes de ir. Llama directamente al negocio o consulta sus sitios web y redes sociales para averiguar si sus operaciones son diferentes.<\/p>\n<p><!-- \/wp:paragraph --> <!-- wp:paragraph --><\/p>\n<p>Si quieres ir a un restaurante o museo en particular, intenta reservar con anticipaci\u00f3n o ve en horas de menor afluencia. Si quieres evitar las multitudes, prueba visitar uno de los siguientes lugares: <a href=\"https:\/\/www.santamonica.com\/es\/vivir-santa-monica\/barrios\/\">Los ocho barrios de Santa M\u00f3nica<\/a>, que ofrecen una gran variedad de opciones gastron\u00f3micas y comerciales tanto a los visitantes como a los locales.<\/p>\n<p><!-- \/wp:paragraph --> <!-- wp:paragraph --><\/p>\n<p>Si a\u00fan tiene preguntas, llame a nuestro Centro de Visitantes al 310-319-6263 o env\u00ede un mensaje de texto al 424-443-8830, los siete d\u00edas de la semana, de 9:00 a. m. a 5:00 p. m., o ac\u00e9rquese a 2427 Main Street, abierto de lunes a viernes, de 9:00 a. m. a 5:30 p. m.; s\u00e1bados y domingos, de 9:00 a. m. a 5:00 p. m. Estaremos encantados de responder a cualquier pregunta que tenga sobre su visita a Santa M\u00f3nica en estos momentos.<\/p>\n<p><!-- \/wp:paragraph --> <!-- wp:heading {\"level\":5} --><\/p>\n<h3 class=\"wp-block-heading\"><strong>Establezca expectativas para su visita<\/strong><\/h3>\n<p>Le pedimos que sea paciente y sea flexible con sus planes de viaje y actividades. La comunidad de Santa M\u00f3nica recibe a los visitantes con amabilidad y agradece que estos correspondan con el mismo trato. Sea generoso con los negocios locales y contribuya a preservar la prosperidad a largo plazo de los lugares que visita.<\/p>\n<p><!-- \/wp:paragraph --> <!-- wp:paragraph --><\/p>\n<p>Aunque la playa y el muelle son visitas obligadas durante tus vacaciones, hay muchos otros barrios \u00fanicos en Santa M\u00f3nica que explorar y que pueden estar menos concurridos. Echa un vistazo a los numerosos murales de arte callejero en\u00a0<a href=\"https:\/\/www.santamonica.com\/es\/vivir-santa-monica\/barrios\/pico-bulevar\/\">Bulevar Pico<\/a>\u00a0con un recorrido a pie autoguiado, date un capricho en las boutiques y cafeter\u00edas de\u00a0<a href=\"https:\/\/www.santamonica.com\/es\/vivir-santa-monica\/barrios\/avenida-montana\/\">Avenida Montana<\/a>, cene al aire libre en uno de los muchos restaurantes de\u00a0<a href=\"https:\/\/www.santamonica.com\/es\/vivir-santa-monica\/barrios\/calle-principal\/\">Calle Mayor<\/a>, visita una o dos galer\u00edas en\u00a0<a href=\"https:\/\/www.santamonica.com\/es\/vivir-santa-monica\/barrios\/centro-de-la-ciudad\/\">Centro de la ciudad<\/a>\u2019pr\u00f3spero distrito art\u00edstico, compra productos frescos de temporada en uno de los\u00a0<a href=\"https:\/\/www.santamonica.com\/es\/vivir-santa-monica\/barrios\/centro-de-santa-monica-paseo-maritimo-de-la-calle-3\/\">Centro de Santa M\u00f3nica<\/a>\u2019de\u00a0<a href=\"https:\/\/www.santamonica.com\/es\/vivir-santa-monica\/mercados-de-agricultores\/\">mercados de agricultores<\/a>\u00a0o comprar tesoros en la\u00a0<a href=\"https:\/\/www.santamonica.com\/es\/vivir-santa-monica\/barrios\/parque-oceanico\/\">Ocean Park Boulevard\/\u00c1rea del Aeropuerto de Santa M\u00f3nica<\/a>.<\/p>\n<h3 class=\"wp-block-heading\"><strong>Sin coche<\/strong><\/h3>\n<p><!-- \/wp:heading --> <!-- wp:paragraph --><\/p>\n<p>Es f\u00e1cil prescindir del coche en los 21,5 km\u00b2 de Santa M\u00f3nica, que cuenta con aceras aptas para peatones, kil\u00f3metros y kil\u00f3metros de carriles bici, un tren ligero que conecta Santa M\u00f3nica con el centro de Los \u00c1ngeles, servicios de transporte compartido y patinetes el\u00e9ctricos. Ver todo lo que ofrece Santa M\u00f3nica.\u00a0<a href=\"https:\/\/www.santamonica.com\/es\/transporte\/transporte-publico\/\">opciones de transporte p\u00fablico<\/a>\u00a0y revisar\u00a0<a href=\"https:\/\/www.santamonica.com\/es\/vivir-santa-monica\/seguridad\/\">informaci\u00f3n de seguridad<\/a>\u00a0para desplazarse por la ciudad.<\/p>\n<p><!-- \/wp:paragraph --> <!-- wp:paragraph --><\/p>\n<p>Si debe traer un veh\u00edculo, lea nuestra\u00a0<a href=\"https:\/\/www.santamonica.com\/es\/transporte\/estacionamiento\/\">p\u00e1gina de estacionamiento<\/a>\u00a0Para obtener m\u00e1s informaci\u00f3n.<\/p>\n<p><!-- \/wp:paragraph --><\/p>\n                            <\/div>\n            <div class=\"column-2\">\n                <p><!-- wp:heading {\"level\":4} --><\/p>\n<h3 class=\"wp-block-heading\"><strong>Ayuda a mantener limpia Santa M\u00f3nica<\/strong><\/h3>\n<p>Mantenga el m\u00e1ximo respeto por todas las personas y todo lo que encuentre durante su estancia en Santa M\u00f3nica. Esto incluye el medio ambiente en el que vivimos. Para mantener el esplendor de nuestra ciudad costera, recoja sus residuos y des\u00e9chelos en los contenedores habilitados a tal efecto a lo largo de la playa y por toda la ciudad, o ll\u00e9veselos consigo. Todos compartimos la responsabilidad de proteger Santa M\u00f3nica.<\/p>\n<p><!-- \/wp:paragraph --> <!-- wp:heading {\"level\":5} --><\/p>\n<h3 class=\"wp-block-heading\"><strong>Apoye a las empresas locales y celebre la cultura<\/strong><\/h3>\n<p class=\"wp-block-heading\">Asistir a eventos locales, comer en restaurantes locales y comprar en tiendas locales contribuye al bienestar y la econom\u00eda de la comunidad local. La inmersi\u00f3n en las numerosas culturas y tradiciones locales de Santa M\u00f3nica contribuye al crecimiento de la ciudad como un destino costero \u00fanico que las generaciones futuras podr\u00e1n visitar y disfrutar.<\/p>\n<p><!-- \/wp:paragraph --> <!-- wp:paragraph --><\/p>\n<p>\u00bfSab\u00edas que por cada $10 que se gasta en un negocio de Santa M\u00f3nica, hasta $7 se queda en la comunidad a trav\u00e9s de impuestos, n\u00f3minas y otros gastos? Con cada compra que realices en Santa M\u00f3nica durante tu visita, est\u00e1s invirtiendo en nuestra econom\u00eda local, ahorrando tiempo y reduciendo tu huella de carbono.<\/p>\n<p><!-- \/wp:paragraph --> <!-- wp:heading {\"level\":5} --><\/p>\n<h3 class=\"wp-block-heading\">Mant\u00e9ngase saludable<\/h3>\n<p class=\"wp-block-heading\">A partir de\u00a0<a href=\"http:\/\/publichealth.lacounty.gov\/phcommon\/public\/media\/mediapubdetail.cfm?unit=media&amp;ou=ph&amp;prog=media&amp;prid=4344\" target=\"_blank\" rel=\"noreferrer noopener\">31 de marzo de 2023<\/a>, Las declaraciones de emergencia por COVID-19 a nivel local, regional, estatal y federal han concluido. Aunque ya no es obligatorio usar cubrebocas en lugares p\u00fablicos, en el transporte p\u00fablico y al entrar y salir de los Estados Unidos, Santa M\u00f3nica sigue fomentando los viajes responsables y el bienestar general de su comunidad local y de los viajeros que visitan el destino. Parte de protegerse a s\u00ed mismo y a los dem\u00e1s consiste en hacerse la prueba si presenta s\u00edntomas o si ha estado expuesto a alguien que ha dado positivo. La mejor herramienta para prevenir y protegerse de la propagaci\u00f3n de la COVID-19 es vacunarse y ponerse la dosis de refuerzo. Puede vacunarse contra la gripe. <a href=\"https:\/\/www.vaccines.gov\/\" target=\"_blank\" rel=\"noopener\">al mismo tiempo<\/a> como vacuna contra el COVID-19.<\/p>\n<p><!-- \/wp:paragraph --><\/p>\n                            <\/div>\n            <\/div>\n    <\/section>\n\n\n\n<p class=\"base-block\"><\/p>\n\n\n\n<p class=\"has-text-align-center base-block\">Si desea continuar su viaje despu\u00e9s de visitar Santa M\u00f3nica, consulte\u00a0<a href=\"https:\/\/www.visitcalifornia.com\/things-to-do\/travel-california-respect-california\/\" target=\"_blank\" rel=\"noreferrer noopener\">Visite el C\u00f3digo de Viaje Responsable de California.<\/a>.<\/p>\n\n\n    <section class=\"booking-cta --theme5 sm-block\">\n    <div id=\"widget-container-2070\"><\/div>\n<script type=\"text\/javascript\">\n  (function() {\n    var script = document.createElement('script');\n    script.type = 'text\/javascript';\n    script.async = 'true';\n    script.src = \"https:\/\/admin.bookdirect.net\/hs4\/widgets\/2070.js?widget_element=widget-container-2070\";\n    document.body.appendChild(script);\n  })();\n<\/script>\n    <\/section>\n\n\n\n<section class=\"blog-feed --theme8 sm-block\">\n    <div class=\"blog-feed__content\">\n        <div class=\"blog-feed__intro\">\n                            <div class=\"blog-feed__eyebrow eyebrow\">Blogs<\/div>                                        <h2 class=\"blog-feed__headline\">Descubre Santa M\u00f3nica<\/h2>                                        <div class=\"blog-feed__body\"><p>Explore itinerarios, consejos locales, lugares de inter\u00e9s y aventuras seleccionadas para sacar el m\u00e1ximo partido a su experiencia en Santa M\u00f3nica.<\/p>\n<\/div>\n                                        <a class=\"blog-feed__cta\" href=\"https:\/\/www.santamonica.com\/es\/entradas-de-blog\/\">Ver todos los blogs<\/a>\n                    <\/div>\n\n        <ul class=\"blog-feed__list\">\n                                                <li class=\"blog-feed__item\">\n                        <a href=\"https:\/\/www.santamonica.com\/es\/mother-road-modern-meetings-route-66-meeting-spaces-set-to-shine-for-centennial-in-santa-monica\/\" class=\"blog-feed__item-link\">\n                            <div class=\"blog-feed__image-ratio\">\n                                <img decoding=\"async\" class=\"blog-feed__image\" src=\"https:\/\/www.santamonica.com\/wp-content\/uploads\/2025\/12\/untitledJuly20162C2020180010-182-2-400x400.jpg\" alt=\"MOTHER ROAD, REUNIONES MODERNAS: LOS ESPACIOS DE REUNI\u00d3N DE LA RUTA 66 LISTOS PARA BRILLAR EN EL CENTENARIO EN SANTA M\u00d3NICA\" title=\"\">\n                            <\/div>\n                            <div class=\"blog-feed__card-title\">MOTHER ROAD, REUNIONES MODERNAS: LOS ESPACIOS DE REUNI\u00d3N DE LA RUTA 66 LISTOS PARA BRILLAR EN EL CENTENARIO EN SANTA M\u00d3NICA<\/div>\n                        <\/a>\n                    <\/li>\n                                                                <li class=\"blog-feed__item\">\n                        <a href=\"https:\/\/www.santamonica.com\/es\/media\/news-release\/santa-monica-announces-song-contest-in-celebration-of-route-66-centennial\/\" class=\"blog-feed__item-link\">\n                            <div class=\"blog-feed__image-ratio\">\n                                <img decoding=\"async\" class=\"blog-feed__image\" src=\"https:\/\/www.santamonica.com\/wp-content\/uploads\/2025\/11\/DSC01084-400x400.jpg\" alt=\"SANTA M\u00d3NICA ANUNCIA UN CONCURSO DE CANCIONES PARA CELEBRAR EL CENTENARIO DE LA RUTA 66\" title=\"\">\n                            <\/div>\n                            <div class=\"blog-feed__card-title\">SANTA M\u00d3NICA ANUNCIA UN CONCURSO DE CANCIONES PARA CELEBRAR EL CENTENARIO DE LA RUTA 66<\/div>\n                        <\/a>\n                    <\/li>\n                                                                <li class=\"blog-feed__item\">\n                        <a href=\"https:\/\/www.santamonica.com\/es\/media\/news-release\/where-to-watch-the-world-series-in-santa-monica\/\" class=\"blog-feed__item-link\">\n                            <div class=\"blog-feed__image-ratio\">\n                                <img decoding=\"async\" class=\"blog-feed__image\" src=\"https:\/\/www.santamonica.com\/wp-content\/uploads\/2025\/10\/dodgers-logo-1-400x400.jpg\" alt=\"D\u00d3NDE VER LAS SERIES MUNDIALES EN SANTA MONICA\" title=\"\">\n                            <\/div>\n                            <div class=\"blog-feed__card-title\">D\u00d3NDE VER LAS SERIES MUNDIALES EN SANTA MONICA<\/div>\n                        <\/a>\n                    <\/li>\n                                    <\/ul>\n    <\/div>\n<\/section>","protected":false},"excerpt":{"rendered":"<p>If you want to continue your journey after visiting Santa Monica, please review\u00a0Visit California\u2019s Travel Responsibly Code.<\/p>","protected":false},"author":1421,"featured_media":349681,"parent":0,"menu_order":0,"comment_status":"closed","ping_status":"closed","template":"","meta":{"_acf_changed":false,"inline_featured_image":false,"footnotes":""},"silos":[],"class_list":["post-349028","page","type-page","status-publish","has-post-thumbnail","hentry"],"acf":[],"_links":{"self":[{"href":"https:\/\/www.santamonica.com\/es\/wp-json\/wp\/v2\/pages\/349028","targetHints":{"allow":["GET"]}}],"collection":[{"href":"https:\/\/www.santamonica.com\/es\/wp-json\/wp\/v2\/pages"}],"about":[{"href":"https:\/\/www.santamonica.com\/es\/wp-json\/wp\/v2\/types\/page"}],"author":[{"embeddable":true,"href":"https:\/\/www.santamonica.com\/es\/wp-json\/wp\/v2\/users\/1421"}],"replies":[{"embeddable":true,"href":"https:\/\/www.santamonica.com\/es\/wp-json\/wp\/v2\/comments?post=349028"}],"version-history":[{"count":112,"href":"https:\/\/www.santamonica.com\/es\/wp-json\/wp\/v2\/pages\/349028\/revisions"}],"predecessor-version":[{"id":416707,"href":"https:\/\/www.santamonica.com\/es\/wp-json\/wp\/v2\/pages\/349028\/revisions\/416707"}],"wp:featuredmedia":[{"embeddable":true,"href":"https:\/\/www.santamonica.com\/es\/wp-json\/wp\/v2\/media\/349681"}],"wp:attachment":[{"href":"https:\/\/www.santamonica.com\/es\/wp-json\/wp\/v2\/media?parent=349028"}],"wp:term":[{"taxonomy":"silos","embeddable":true,"href":"https:\/\/www.santamonica.com\/es\/wp-json\/wp\/v2\/silos?post=349028"}],"curies":[{"name":"wp","href":"https:\/\/api.w.org\/{rel}","templated":true}]}}