{"id":347698,"date":"2022-07-22T13:01:18","date_gmt":"2022-07-22T20:01:18","guid":{"rendered":"https:\/\/www.santamonica.com\/?page_id=347698"},"modified":"2026-01-13T13:33:17","modified_gmt":"2026-01-13T21:33:17","slug":"surf","status":"publish","type":"page","link":"https:\/\/www.santamonica.com\/es\/things-to-do\/surfing\/","title":{"rendered":"Surf"},"content":{"rendered":"<section class=\"two-images container-max sm-block --flip sm-block\">\n    <div class=\"two-images__container --flip\">\n\n        <div class=\"two-images__column\">\n            <div class=\"two-images__content\">\n                <div class=\"two-images__content-header-container\">\n                                                                                <\/div>\n                                    <div class=\"two-images__content-body wysiwyg\">\n                        <p>Nombrada deporte oficial del estado en 2018, la cultura del surf en Santa M\u00f3nica existe desde siempre, y el surf ha sido durante mucho tiempo una parte emblem\u00e1tica del estilo de vida californiano. Disfrute de las olas y los eventos de surf durante todo el a\u00f1o y no se pierda la emblem\u00e1tica fiesta del surf de Santa M\u00f3nica, que se celebra cada mes de mayo. <a href=\"https:\/\/www.santamonicapier.org\/pier360\" target=\"_blank\" rel=\"noopener\">Muelle 360<\/a> evento, en el que se celebrar\u00e1n competiciones cl\u00e1sicas de surf y carreras amistosas de surf TANDM.<\/p>\n<p>La playa de Santa M\u00f3nica, con una extensi\u00f3n de 5,6 kil\u00f3metros, goza de una ubicaci\u00f3n \u00fanica a pocos pasos de muchos de los lugares de inter\u00e9s de la ciudad. <a href=\"https:\/\/www.santamonica.com\/es\/hoteles\/\" rel=\"noopener\">hoteles<\/a> lo convierte en un lugar f\u00e1cil y accesible para practicar surf para los visitantes. Tanto los principiantes como los entusiastas avanzados encontrar\u00e1n escuelas de surf c\u00f3modas y gestionadas por profesionales que ofrecen <a href=\"#surflessons\">clases de surf<\/a> en Santa M\u00f3nica con un instructor de surf experto a su disposici\u00f3n para mejorar sus habilidades.<\/p>\n                    <\/div>\n                                            <\/div>\n        <\/div>\n\n        <div class=\"two-images__column\">\n                            <div class=\"two-images__image-container\">\n                    <img decoding=\"async\" width=\"425\" height=\"505\" src=\"https:\/\/www.santamonica.com\/wp-content\/uploads\/2022\/06\/surfing-1.jpg\" class=\"two-images__image\" alt=\"Hombre surfeando una ola en el mar.\" loading=\"lazy\" srcset=\"https:\/\/www.santamonica.com\/wp-content\/uploads\/2022\/06\/surfing-1.jpg 425w, https:\/\/www.santamonica.com\/wp-content\/uploads\/2022\/06\/surfing-1-252x300.jpg 252w, https:\/\/www.santamonica.com\/wp-content\/uploads\/2022\/06\/surfing-1-126x150.jpg 126w\" sizes=\"auto, (max-width: 425px) 100vw, 425px\" title=\"\">                    \n\n                <\/div>\n                    <\/div>\n\n        <div class=\"two-images__column\">\n                            <div class=\"two-images__image-container\">\n                    <img decoding=\"async\" width=\"600\" height=\"565\" src=\"https:\/\/www.santamonica.com\/wp-content\/uploads\/2022\/05\/surfing-santa-monica-1.jpg\" class=\"two-images__image\" alt=\"surf en Santa M\u00f3nica\" loading=\"lazy\" srcset=\"https:\/\/www.santamonica.com\/wp-content\/uploads\/2022\/05\/surfing-santa-monica-1.jpg 600w, https:\/\/www.santamonica.com\/wp-content\/uploads\/2022\/05\/surfing-santa-monica-1-300x283.jpg 300w, https:\/\/www.santamonica.com\/wp-content\/uploads\/2022\/05\/surfing-santa-monica-1-159x150.jpg 159w\" sizes=\"auto, (max-width: 600px) 100vw, 600px\" title=\"\">                    \n\n                <\/div>\n                    <\/div>\n\n    <\/div>\n<\/section>\n\n\n\n<section class=\"image-section-break sm-block\">\n    <div class=\"image-section-break__image-wrapper\">\n                    <picture>\n                    <source\n                        media=\"(min-width: 768px)\"\n                        srcset=\"https:\/\/www.santamonica.com\/wp-content\/uploads\/2022\/06\/surf-lessons-santa-monica.jpg\"\n                    >\n                    <img decoding=\"async\" src=\"https:\/\/www.santamonica.com\/wp-content\/uploads\/2022\/06\/surf-lessons-santa-monica-M.jpg\" class=\"image-section-break__image\" alt=\"clases-de-surf-santa-m\u00f3nica\" title=\"\">\n            <\/picture>\n                \n\n    <\/div>\n    <div class=\"image-section-break__text-content\">\n        <div class=\"image-section-break__first-content --theme3\">\n                            <div class=\"image-section-break__eyebrow-text\">Consejos para hacer un \u00abhang ten\u00bb<\/div>\n                                        <h2 class=\"image-section-break__title\">Sin reglas, solo olas<\/h2>\n                                        <div class=\"image-section-break__body-copy wysiwyg\"><p>\u201cEl surf se diferencia de otros deportes en que no hay reglas escritas\u201d, afirma Eric Gross, surfista, practicante de surf de remo y gerente de la tienda Poseidon Paddle &amp; Surf. \u201cSin duda, es recomendable contar con un instructor la primera vez para aprender no solo a surfear, sino tambi\u00e9n lo que se debe y no se debe hacer en cuanto a etiqueta del surf\u201d.\u201d<\/p>\n<\/div>\n                                <\/div>\n        <div class=\"image-section-break__second-content\">\n                            <div class=\"image-section-break__body-copy wysiwyg\"><p>\u00c9l ofrece estos consejos para surfear en Santa M\u00f3nica:<\/p>\n<ul>\n<li>Sal al mar por la ma\u00f1ana, cuando es probable que los vientos est\u00e9n en calma. Consulta el informe de olas y el pron\u00f3stico del tiempo antes de salir.<\/li>\n<li>Para mantener el equilibrio en cualquier tipo de tabla, mant\u00e9n la cabeza erguida. \u201cMira hacia arriba, mantente erguido\u201d, dice Gross. \u201cSi miras hacia abajo, te caer\u00e1s\u201d.\u201d<\/li>\n<li>En una tabla de surf de remo, \u201cla velocidad es tu aliada\u201d, afirma Gross. \u201cAl igual que cuando vas en bicicleta, cuanto m\u00e1s lento vas, menos estabilidad tienes\u201d.\u201d<\/li>\n<\/ul>\n<\/div>\n                                <\/div>\n    <\/div>\n<\/section>\n\n\n\n<section class=\"two-images container-max sm-block  sm-block\">\n    <div class=\"two-images__container\">\n\n        <div class=\"two-images__column\">\n            <div class=\"two-images__content\">\n                <div class=\"two-images__content-header-container\">\n                                            <h1 class=\"two-images__content-header\">Inteligencia costera<\/h1>                                    <\/div>\n                                    <div class=\"two-images__content-body wysiwyg\">\n                        <p>Aseg\u00farate de <a href=\"http:\/\/ph.lacounty.gov\/beach\" target=\"_blank\" rel=\"noopener\">Revisa las condiciones y temperaturas del agua.<\/a> antes de sumergirte, ya que la temperatura media del oc\u00e9ano en Santa M\u00f3nica oscila entre los 12 \u00b0C y los 16 \u00b0C a principios de febrero y entre los 17 \u00b0C y los 21 \u00b0C a principios de septiembre. Si las condiciones son adecuadas, ponte protector solar y v\u00edstete con un traje de neopreno de cuerpo entero. Toma <a href=\"https:\/\/www.santamonica.com\/es\/cosas-que-hacer\/ciclismo-y-alquiler-de-bicicletas\/\" rel=\"noopener\">dos ruedas<\/a> en lugar de cuatro a la playa y recuerda siempre mantenerte hidratado. Cuando est\u00e9s listo para comer, recarga energ\u00edas en los lugares favoritos de los aficionados. <a href=\"https:\/\/www.santamonica.com\/es\/restaurantes\/de-vuelta-en-la-playa\/\" rel=\"noopener\">De vuelta al Beach Caf\u00e9<\/a> o <a href=\"https:\/\/www.santamonica.com\/es\/reuniones\/perrys-cafe-y-alquiler-de-material-de-playa\/\" target=\"_blank\" rel=\"noopener\">Perry's en la playa<\/a>, donde puedes comer con los pies en la arena o disfrutar de una de las muchas otras <a href=\"https:\/\/www.santamonica.com\/es\/restaurantes\/restaurantes-de-playa\/\" rel=\"noopener\">restaurantes de playa<\/a>.<\/p>\n                    <\/div>\n                                            <\/div>\n        <\/div>\n\n        <div class=\"two-images__column\">\n                            <div class=\"two-images__image-container\">\n                    <img decoding=\"async\" width=\"424\" height=\"504\" src=\"https:\/\/www.santamonica.com\/wp-content\/uploads\/2022\/07\/Surf424x504.jpg\" class=\"two-images__image\" alt=\"Hombre en la playa de Santa M\u00f3nica con una tabla de surf en la mano dirigi\u00e9ndose al mar.\" loading=\"lazy\" srcset=\"https:\/\/www.santamonica.com\/wp-content\/uploads\/2022\/07\/Surf424x504.jpg 424w, https:\/\/www.santamonica.com\/wp-content\/uploads\/2022\/07\/Surf424x504-252x300.jpg 252w, https:\/\/www.santamonica.com\/wp-content\/uploads\/2022\/07\/Surf424x504-126x150.jpg 126w\" sizes=\"auto, (max-width: 424px) 100vw, 424px\" title=\"\">                    \n\n                <\/div>\n                    <\/div>\n\n        <div class=\"two-images__column\">\n                            <div class=\"two-images__image-container\">\n                    <img decoding=\"async\" width=\"600\" height=\"464\" src=\"https:\/\/www.santamonica.com\/wp-content\/uploads\/2022\/07\/Perrys600x464.jpg\" class=\"two-images__image\" alt=\"Cena al aire libre en la arena de la playa de Santa M\u00f3nica; sombrillas naranjas que dan sombra a las personas sentadas y comiendo.\" loading=\"lazy\" srcset=\"https:\/\/www.santamonica.com\/wp-content\/uploads\/2022\/07\/Perrys600x464.jpg 600w, https:\/\/www.santamonica.com\/wp-content\/uploads\/2022\/07\/Perrys600x464-300x232.jpg 300w, https:\/\/www.santamonica.com\/wp-content\/uploads\/2022\/07\/Perrys600x464-194x150.jpg 194w\" sizes=\"auto, (max-width: 600px) 100vw, 600px\" title=\"\">                    \n\n                <\/div>\n                    <\/div>\n\n    <\/div>\n<\/section>\n\n\n<section class=\"stakeholder-feed sm-block js-stk-root sm-block\" id=\"surflessons\">\n    <div class=\"stakeholder-feed__top\">\n        <div class=\"stakeholder-feed__intro\">\n                            <h1 class=\"stakeholder-feed__headline\">Clases de surf en Santa M\u00f3nica<\/h1>                                        <div class=\"stakeholder-feed__intro-body wysiwyg\">\n                    <p>Si est\u00e1s buscando una tienda de surf cerca de Santa M\u00f3nica, no busques m\u00e1s all\u00e1 de estos negocios de la zona de Los \u00c1ngeles. Estas tiendas de surf locales en Santa M\u00f3nica ofrecen alquiler de equipo y\/o clases de surf.<\/p>\n                <\/div>\n                    <\/div>\n        <div class=\"stakeholder-feed__nav-section\">\n                            <h1 class=\"stakeholder-feed__feed-title\">Alquiler de tablas de surf y clases<\/h1>                        \n                        <div class=\"stakeholder-feed__pagination\">\n                <div class=\"swiper-button-prev stakeholder-feed__pagination-prev\"><\/div>\n                <div class=\"swiper-button-next stakeholder-feed__pagination-next\"><\/div>\n            <\/div>\n        <\/div>\n    <\/div>\n    <div class=\"stakeholder-feed__bottom\">\n        <div class=\"stakeholder-feed__feed-list-wrapper swiper js-stk-swiper\">\n            <ul class=\"stakeholder-feed__feed-list swiper-wrapper js-stk-wrapper\">\n                    <li class=\"swiper-slide stakeholder-card --theme3\">\n        <a class=\"stakeholder-card__link\" href=\"https:\/\/www.santamonica.com\/es\/things-to-do\/aqua-surf-school\/\">\n            <div class=\"stakeholder-card__image\">\n                <img decoding=\"async\" src=\"https:\/\/assets.simpleviewinc.com\/simpleview\/image\/upload\/crm\/santamonica\/Lesson-One15000_c005d575-5056-b365-ab14ff2b996337c9.jpg\" alt=\"Escuela de surf Aqua\" title=\"\">\n            <\/div>\n            <div class=\"stakeholder-card__stk-info\">\n                <div class=\"stakeholder-card__stk-name\">Escuela de surf Aqua<\/div>\n                <div class=\"stakeholder-card__stk-cat\">Apto para toda la familia<\/div>\n            <\/div>\n        <\/a>\n    <\/li>\n        <li class=\"swiper-slide stakeholder-card --theme3\">\n        <a class=\"stakeholder-card__link\" href=\"https:\/\/www.santamonica.com\/es\/things-to-do\/learn-to-surf-la\/\">\n            <div class=\"stakeholder-card__image\">\n                <img decoding=\"async\" src=\"https:\/\/assets.simpleviewinc.com\/simpleview\/image\/upload\/crm\/santamonica\/DSC080340_bf5a3c6f-5056-b365-aba6df99e5febc95.jpg\" alt=\"Aprende a surfear en Los \u00c1ngeles\" title=\"\">\n            <\/div>\n            <div class=\"stakeholder-card__stk-info\">\n                <div class=\"stakeholder-card__stk-name\">Aprende a surfear en Los \u00c1ngeles<\/div>\n                <div class=\"stakeholder-card__stk-cat\">Cosas que hacer<\/div>\n            <\/div>\n        <\/a>\n    <\/li>\n        <li class=\"swiper-slide stakeholder-card --theme3\">\n        <a class=\"stakeholder-card__link\" href=\"https:\/\/www.santamonica.com\/es\/things-to-do\/poseidon-paddle-and-surf\/\">\n            <div class=\"stakeholder-card__image\">\n                <img decoding=\"async\" src=\"https:\/\/api.threshold360.com\/step\/v2\/locations\/1324111\/thumbnail\" alt=\"Poseidon Paddle y Surf\" title=\"\">\n            <\/div>\n            <div class=\"stakeholder-card__stk-info\">\n                <div class=\"stakeholder-card__stk-name\">Poseidon Paddle y Surf<\/div>\n                <div class=\"stakeholder-card__stk-cat\">Playa\/Aire libre<\/div>\n            <\/div>\n        <\/a>\n    <\/li>\n                <\/ul>\n        <\/div>\n    <\/div>\n<\/section>\n\n\n<section class=\"blog-feed --theme8 sm-block\">\n    <div class=\"blog-feed__content\">\n        <div class=\"blog-feed__intro\">\n                            <div class=\"blog-feed__eyebrow eyebrow\">Blogs<\/div>                                        <h2 class=\"blog-feed__headline\">Descubre Santa M\u00f3nica<\/h2>                                        <div class=\"blog-feed__body\"><p>Explore itinerarios, consejos locales, lugares de inter\u00e9s y aventuras seleccionadas para sacar el m\u00e1ximo partido a su experiencia en Santa M\u00f3nica.<\/p>\n<\/div>\n                                        <a class=\"blog-feed__cta\" href=\"https:\/\/www.santamonica.com\/es\/entradas-de-blog\/\">Ver todos los blogs<\/a>\n                    <\/div>\n\n        <ul class=\"blog-feed__list\">\n                                                <li class=\"blog-feed__item\">\n                        <a href=\"https:\/\/www.santamonica.com\/es\/mother-road-modern-meetings-route-66-meeting-spaces-set-to-shine-for-centennial-in-santa-monica\/\" class=\"blog-feed__item-link\">\n                            <div class=\"blog-feed__image-ratio\">\n                                <img decoding=\"async\" class=\"blog-feed__image\" src=\"https:\/\/www.santamonica.com\/wp-content\/uploads\/2025\/12\/untitledJuly20162C2020180010-182-2-400x400.jpg\" alt=\"MOTHER ROAD, REUNIONES MODERNAS: LOS ESPACIOS DE REUNI\u00d3N DE LA RUTA 66 LISTOS PARA BRILLAR EN EL CENTENARIO EN SANTA M\u00d3NICA\" title=\"\">\n                            <\/div>\n                            <div class=\"blog-feed__card-title\">MOTHER ROAD, REUNIONES MODERNAS: LOS ESPACIOS DE REUNI\u00d3N DE LA RUTA 66 LISTOS PARA BRILLAR EN EL CENTENARIO EN SANTA M\u00d3NICA<\/div>\n                        <\/a>\n                    <\/li>\n                                                                <li class=\"blog-feed__item\">\n                        <a href=\"https:\/\/www.santamonica.com\/es\/media\/news-release\/santa-monica-announces-song-contest-in-celebration-of-route-66-centennial\/\" class=\"blog-feed__item-link\">\n                            <div class=\"blog-feed__image-ratio\">\n                                <img decoding=\"async\" class=\"blog-feed__image\" src=\"https:\/\/www.santamonica.com\/wp-content\/uploads\/2025\/11\/DSC01084-400x400.jpg\" alt=\"SANTA M\u00d3NICA ANUNCIA UN CONCURSO DE CANCIONES PARA CELEBRAR EL CENTENARIO DE LA RUTA 66\" title=\"\">\n                            <\/div>\n                            <div class=\"blog-feed__card-title\">SANTA M\u00d3NICA ANUNCIA UN CONCURSO DE CANCIONES PARA CELEBRAR EL CENTENARIO DE LA RUTA 66<\/div>\n                        <\/a>\n                    <\/li>\n                                                                <li class=\"blog-feed__item\">\n                        <a href=\"https:\/\/www.santamonica.com\/es\/media\/news-release\/where-to-watch-the-world-series-in-santa-monica\/\" class=\"blog-feed__item-link\">\n                            <div class=\"blog-feed__image-ratio\">\n                                <img decoding=\"async\" class=\"blog-feed__image\" src=\"https:\/\/www.santamonica.com\/wp-content\/uploads\/2025\/10\/dodgers-logo-1-400x400.jpg\" alt=\"D\u00d3NDE VER LAS SERIES MUNDIALES EN SANTA MONICA\" title=\"\">\n                            <\/div>\n                            <div class=\"blog-feed__card-title\">D\u00d3NDE VER LAS SERIES MUNDIALES EN SANTA MONICA<\/div>\n                        <\/a>\n                    <\/li>\n                                    <\/ul>\n    <\/div>\n<\/section>","protected":false},"excerpt":{"rendered":"","protected":false},"author":1421,"featured_media":347789,"parent":0,"menu_order":0,"comment_status":"closed","ping_status":"closed","template":"template-editorial.php","meta":{"_acf_changed":false,"inline_featured_image":false,"footnotes":""},"silos":[3899],"class_list":["post-347698","page","type-page","status-publish","has-post-thumbnail","hentry"],"acf":[],"_links":{"self":[{"href":"https:\/\/www.santamonica.com\/es\/wp-json\/wp\/v2\/pages\/347698","targetHints":{"allow":["GET"]}}],"collection":[{"href":"https:\/\/www.santamonica.com\/es\/wp-json\/wp\/v2\/pages"}],"about":[{"href":"https:\/\/www.santamonica.com\/es\/wp-json\/wp\/v2\/types\/page"}],"author":[{"embeddable":true,"href":"https:\/\/www.santamonica.com\/es\/wp-json\/wp\/v2\/users\/1421"}],"replies":[{"embeddable":true,"href":"https:\/\/www.santamonica.com\/es\/wp-json\/wp\/v2\/comments?post=347698"}],"version-history":[{"count":31,"href":"https:\/\/www.santamonica.com\/es\/wp-json\/wp\/v2\/pages\/347698\/revisions"}],"predecessor-version":[{"id":415362,"href":"https:\/\/www.santamonica.com\/es\/wp-json\/wp\/v2\/pages\/347698\/revisions\/415362"}],"wp:featuredmedia":[{"embeddable":true,"href":"https:\/\/www.santamonica.com\/es\/wp-json\/wp\/v2\/media\/347789"}],"wp:attachment":[{"href":"https:\/\/www.santamonica.com\/es\/wp-json\/wp\/v2\/media?parent=347698"}],"wp:term":[{"taxonomy":"silos","embeddable":true,"href":"https:\/\/www.santamonica.com\/es\/wp-json\/wp\/v2\/silos?post=347698"}],"curies":[{"name":"wp","href":"https:\/\/api.w.org\/{rel}","templated":true}]}}