{"id":346357,"date":"2022-07-20T14:35:48","date_gmt":"2022-07-20T21:35:48","guid":{"rendered":"https:\/\/www.santamonica.com\/?page_id=346357"},"modified":"2022-08-04T13:33:23","modified_gmt":"2022-08-04T20:33:23","slug":"enviar-una-solicitud-de-oferta","status":"publish","type":"page","link":"https:\/\/www.santamonica.com\/es\/meetings-conventions\/submit-an-rfp\/","title":{"rendered":"Enviar una solicitud de propuesta"},"content":{"rendered":"<script type=\"text\/javascript\" charset=\"utf-8\" class=\"base-block\">\nvar srfp_prot = ((\"https:\" == document.location.protocol) ? \"https:\/\/\" : \"http:\/\/\");\ndocument.write(unescape(\"%3Cscript src='\" + srfp_prot + \"www.speedrfp.com\/irfps\/js\/widget\/' type='text\/javascript'%3E%3C\/script%3E\"));\n<\/script>\n\n<script type=\"text\/javascript\" charset=\"utf-8\">\nvar options = {};\noptions.display = \"inline\";\noptions.key = \"f901d87615c8ff1d\"; \noptions.uid = \"MFLZB\";\nvar srfp_widget = new srfp.widget(options);\n<\/script>\n\n\n<section class=\"stakeholder-feed sm-block js-stk-root sm-block\">\n    <div class=\"stakeholder-feed__top\">\n        <div class=\"stakeholder-feed__intro\">\n                            <h1 class=\"stakeholder-feed__headline\">Explora los lugares de Santa M\u00f3nica<\/h1>                                        <div class=\"stakeholder-feed__intro-body wysiwyg\">\n                    <p>\u00a1Nuestros expertos en locales de Santa M\u00f3nica pueden ayudarte a encontrar el lugar perfecto para tu reuni\u00f3n, boda o evento! A continuaci\u00f3n, puedes consultar algunas de las ofertas de locales de Santa M\u00f3nica.<\/p>\n                <\/div>\n                    <\/div>\n        <div class=\"stakeholder-feed__nav-section\">\n                            <h1 class=\"stakeholder-feed__feed-title\">D\u00f3nde celebrar tu evento<\/h1>                                        <a href=\"https:\/\/www.santamonica.com\/es\/reuniones-convenciones\/hoteles-lugares\/\" class=\"stakeholder-feed__feed-cta button --primary-teal-button\" >Ver todos los lugares<\/a>            \n                        <div class=\"stakeholder-feed__pagination xxx--desktop-hide\">\n                <div class=\"swiper-button-prev stakeholder-feed__pagination-prev\"><\/div>\n                <div class=\"swiper-button-next stakeholder-feed__pagination-next\"><\/div>\n            <\/div>\n        <\/div>\n    <\/div>\n    <div class=\"stakeholder-feed__bottom\">\n        <div class=\"stakeholder-feed__feed-list-wrapper swiper js-stk-swiper\">\n            <ul class=\"stakeholder-feed__feed-list swiper-wrapper js-stk-wrapper\">\n                    <li class=\"swiper-slide stakeholder-card --theme3\">\n        <a class=\"stakeholder-card__link\" href=\"https:\/\/www.santamonica.com\/es\/things-to-do\/m-i-s-westside-comedy-theater\/\">\n            <div class=\"stakeholder-card__image\">\n                <img decoding=\"async\" src=\"https:\/\/assets.simpleviewinc.com\/simpleview\/image\/upload\/crm\/santamonica\/Westside-Comedy-Theater_D7639A0D-D519-45E1-EC5DECAB8D2EA621-d763992b049afe9_d763a20e-d6fe-e38f-76a7643981e9cc19.jpg\" alt=\"Teatro de comedia Westside de M.i.\" title=\"\">\n            <\/div>\n            <div class=\"stakeholder-card__stk-info\">\n                <div class=\"stakeholder-card__stk-name\">Teatro de comedia Westside de M.i.<\/div>\n                <div class=\"stakeholder-card__stk-cat\">Cosas que hacer<\/div>\n            <\/div>\n        <\/a>\n    <\/li>\n        <li class=\"swiper-slide stakeholder-card --theme3\">\n        <a class=\"stakeholder-card__link\" href=\"https:\/\/www.santamonica.com\/es\/things-to-do\/robert-berman-gallery\/\">\n            <div class=\"stakeholder-card__image\">\n                <img decoding=\"async\" src=\"https:\/\/assets.simpleviewinc.com\/simpleview\/image\/upload\/crm\/santamonica\/-Robert-Berman-Gallery-Artwork3_3697E817-A588-71B8-008A1A76DF985222-3697e5c39e8d940_3697fdb7-bd57-fec3-b8b0ef51118e71f6.png\" alt=\"Galer\u00eda Robert Berman\" title=\"\">\n            <\/div>\n            <div class=\"stakeholder-card__stk-info\">\n                <div class=\"stakeholder-card__stk-name\">Galer\u00eda Robert Berman<\/div>\n                <div class=\"stakeholder-card__stk-cat\">Galer\u00eda\/Museo<\/div>\n            <\/div>\n        <\/a>\n    <\/li>\n        <li class=\"swiper-slide stakeholder-card --theme3\">\n        <a class=\"stakeholder-card__link\" href=\"https:\/\/www.santamonica.com\/es\/shopping\/santa-monica-place-2\/\">\n            <div class=\"stakeholder-card__image\">\n                <img decoding=\"async\" src=\"https:\/\/assets.simpleviewinc.com\/simpleview\/image\/upload\/crm\/santamonica\/QUIKSPACE_03_20_20221888_74098668-6E0E-469D-901344F1E5F73346_74fa4f02-dcf9-4889-a3afbfe569263f18.jpg\" alt=\"Santa Monica Place\" title=\"\">\n            <\/div>\n            <div class=\"stakeholder-card__stk-info\">\n                <div class=\"stakeholder-card__stk-name\">Santa Monica Place<\/div>\n                <div class=\"stakeholder-card__stk-cat\">Cosas que hacer<\/div>\n            <\/div>\n        <\/a>\n    <\/li>\n        <li class=\"swiper-slide stakeholder-card --theme3\">\n        <a class=\"stakeholder-card__link\" href=\"https:\/\/www.santamonica.com\/es\/restaurants\/aja-vineyards\/\">\n            <div class=\"stakeholder-card__image\">\n                <img decoding=\"async\" src=\"https:\/\/assets.simpleviewinc.com\/simpleview\/image\/upload\/crm\/santamonica\/AJA-Vineyards-Estate_31EC8A8F-CFBA-44CD-92F0FEDF73D54A48-31ec82fdc6f8ff6_31ec9284-0666-a631-2aecb5f72470e03b.png\" alt=\"Vi\u00f1edos AJA\" title=\"\">\n            <\/div>\n            <div class=\"stakeholder-card__stk-info\">\n                <div class=\"stakeholder-card__stk-name\">Vi\u00f1edos AJA<\/div>\n                <div class=\"stakeholder-card__stk-cat\">Bar de vinos<\/div>\n            <\/div>\n        <\/a>\n    <\/li>\n                <\/ul>\n        <\/div>\n    <\/div>\n<\/section>","protected":false},"excerpt":{"rendered":"","protected":false},"author":1421,"featured_media":347396,"parent":0,"menu_order":0,"comment_status":"closed","ping_status":"closed","template":"template-meetings-default.php","meta":{"_acf_changed":false,"inline_featured_image":false,"footnotes":""},"silos":[3894],"class_list":["post-346357","page","type-page","status-publish","has-post-thumbnail","hentry"],"acf":[],"_links":{"self":[{"href":"https:\/\/www.santamonica.com\/es\/wp-json\/wp\/v2\/pages\/346357","targetHints":{"allow":["GET"]}}],"collection":[{"href":"https:\/\/www.santamonica.com\/es\/wp-json\/wp\/v2\/pages"}],"about":[{"href":"https:\/\/www.santamonica.com\/es\/wp-json\/wp\/v2\/types\/page"}],"author":[{"embeddable":true,"href":"https:\/\/www.santamonica.com\/es\/wp-json\/wp\/v2\/users\/1421"}],"replies":[{"embeddable":true,"href":"https:\/\/www.santamonica.com\/es\/wp-json\/wp\/v2\/comments?post=346357"}],"version-history":[{"count":32,"href":"https:\/\/www.santamonica.com\/es\/wp-json\/wp\/v2\/pages\/346357\/revisions"}],"predecessor-version":[{"id":355268,"href":"https:\/\/www.santamonica.com\/es\/wp-json\/wp\/v2\/pages\/346357\/revisions\/355268"}],"wp:featuredmedia":[{"embeddable":true,"href":"https:\/\/www.santamonica.com\/es\/wp-json\/wp\/v2\/media\/347396"}],"wp:attachment":[{"href":"https:\/\/www.santamonica.com\/es\/wp-json\/wp\/v2\/media?parent=346357"}],"wp:term":[{"taxonomy":"silos","embeddable":true,"href":"https:\/\/www.santamonica.com\/es\/wp-json\/wp\/v2\/silos?post=346357"}],"curies":[{"name":"wp","href":"https:\/\/api.w.org\/{rel}","templated":true}]}}