{"id":346291,"date":"2022-07-20T13:24:37","date_gmt":"2022-07-20T20:24:37","guid":{"rendered":"https:\/\/www.santamonica.com\/?page_id=346291"},"modified":"2024-08-22T10:23:35","modified_gmt":"2024-08-22T17:23:35","slug":"contacto-con-los-medios-de-comunicacion","status":"publish","type":"page","link":"https:\/\/www.santamonica.com\/es\/media-contact\/","title":{"rendered":"Contacto para la prensa"},"content":{"rendered":"<section class=\"sun-title sm-block --theme6 --2col sm-block\">\n            <h2 class=\"sun-title__headline\">Conozca a nuestro equipo de relaciones con los medios de comunicaci\u00f3n<\/h2>    \n            <div class=\"sun-title__body  --2col wysiwyg\">\n                    <div class=\"column-1\">\n                <p><strong>Lauren Salisbury<br \/>\n<\/strong><em>Vicepresidente de Comunicaciones<br \/>\n<\/em><a href=\"mailto:lsalisbury@santamonica.com\">lsalisbury@santamonica.com<\/a><em>\u00a0<\/em><\/p>\n<p><strong>Emily Ohara<\/strong><em><br \/>\nResponsable de Relaciones P\u00fablicas<\/em><br \/>\n<a href=\"mailto:eohara@santamonica.com\">eohara@santamonica.com<\/a><\/p>\n                            <\/div>\n            <div class=\"column-2\">\n                <p><strong>Michelle Cassidy<\/strong><em><br \/>\nGerente de Comunicaciones<\/em><br \/>\n<a href=\"mailto:mcassidy@santamonica.com\">mcassidy@santamonica.com<\/a><\/p>\n<p><strong>Jamie Hogan<\/strong><em><br \/>\nCoordinador de Relaciones P\u00fablicas<\/em><br \/>\n<a href=\"mailto:jhogan@santamonica.com\" target=\"_blank\" rel=\"noopener\">jhogan@santamonica.com<\/a><\/p>\n                            <\/div>\n            <\/div>\n    <\/section>\n\n\n<section class=\"links-grid --theme3 sm-block\">\n    <div class=\"links-grid__wrapper\">\n                                                    <a href=\"https:\/\/www.santamonica.com\/es\/media\/press-kit\/\" class=\"links-grid__card-link\" aria-label=\"Dossier de prensa\" >\n                    <div class=\"links-grid__card\">\n                                                    <div class=\"links-grid__card-image-wrapper\">\n                                <img decoding=\"async\" width=\"400\" height=\"400\" src=\"https:\/\/www.santamonica.com\/wp-content\/uploads\/2022\/07\/Santa-Monica-Picnic-Co-940x700-1-400x400.jpg\" class=\"links-grid__card-image\" alt=\"Dossier de prensa\" loading=\"lazy\" title=\"\">                            <\/div>\n                                                <div class=\"links-grid__card-text\">\n                                                            <div class=\"links-grid__card-title\">Dossier de prensa<\/div>\n                                                                                        <div class=\"links-grid__card-description\">El kit de prensa descargable de SMTT contiene toda la informaci\u00f3n, las cifras y las ideas necesarias para complementar cualquier art\u00edculo sobre Santa M\u00f3nica como destino tur\u00edstico.<\/div>\n                                                    <\/div>\n                    <\/div>\n                <\/a>\n                                            <a href=\"https:\/\/www.santamonica.com\/es\/media\/media-library\/\" class=\"links-grid__card-link\" aria-label=\"Biblioteca multimedia\" >\n                    <div class=\"links-grid__card\">\n                                                    <div class=\"links-grid__card-image-wrapper\">\n                                <img decoding=\"async\" width=\"400\" height=\"400\" src=\"https:\/\/www.santamonica.com\/wp-content\/uploads\/2022\/07\/Santa-Monica-Public-Library-540x540-1-400x400.jpg\" class=\"links-grid__card-image\" alt=\"Biblioteca multimedia\" loading=\"lazy\" srcset=\"https:\/\/www.santamonica.com\/wp-content\/uploads\/2022\/07\/Santa-Monica-Public-Library-540x540-1-400x400.jpg 400w, https:\/\/www.santamonica.com\/wp-content\/uploads\/2022\/07\/Santa-Monica-Public-Library-540x540-1-300x300.jpg 300w, https:\/\/www.santamonica.com\/wp-content\/uploads\/2022\/07\/Santa-Monica-Public-Library-540x540-1-150x150.jpg 150w, https:\/\/www.santamonica.com\/wp-content\/uploads\/2022\/07\/Santa-Monica-Public-Library-540x540-1.jpg 540w\" sizes=\"auto, (max-width: 400px) 100vw, 400px\" title=\"\">                            <\/div>\n                                                <div class=\"links-grid__card-text\">\n                                                            <div class=\"links-grid__card-title\">Biblioteca multimedia<\/div>\n                                                                                        <div class=\"links-grid__card-description\">\u00bfEst\u00e1s escribiendo un art\u00edculo sobre Santa M\u00f3nica y necesitas fotos en alta resoluci\u00f3n? \u00bfNecesitas material audiovisual para un reportaje? Puedes solicitar acceso a nuestro banco de im\u00e1genes y clips aqu\u00ed.<\/div>\n                                                    <\/div>\n                    <\/div>\n                <\/a>\n                                            <a href=\"https:\/\/www.santamonica.com\/es\/media\/media-visit-rfp\/\" class=\"links-grid__card-link\" aria-label=\"Solicitud de oferta de medios\" >\n                    <div class=\"links-grid__card\">\n                                                    <div class=\"links-grid__card-image-wrapper\">\n                                <img decoding=\"async\" width=\"400\" height=\"400\" src=\"https:\/\/www.santamonica.com\/wp-content\/uploads\/2022\/07\/Flowers-540x540-1-400x400.jpg\" class=\"links-grid__card-image\" alt=\"Solicitud de oferta de medios\" loading=\"lazy\" srcset=\"https:\/\/www.santamonica.com\/wp-content\/uploads\/2022\/07\/Flowers-540x540-1-400x400.jpg 400w, https:\/\/www.santamonica.com\/wp-content\/uploads\/2022\/07\/Flowers-540x540-1-300x300.jpg 300w, https:\/\/www.santamonica.com\/wp-content\/uploads\/2022\/07\/Flowers-540x540-1-150x150.jpg 150w, https:\/\/www.santamonica.com\/wp-content\/uploads\/2022\/07\/Flowers-540x540-1.jpg 540w\" sizes=\"auto, (max-width: 400px) 100vw, 400px\" title=\"\">                            <\/div>\n                                                <div class=\"links-grid__card-text\">\n                                                            <div class=\"links-grid__card-title\">Solicitud de oferta de medios<\/div>\n                                                                                        <div class=\"links-grid__card-description\">\u00bfQuieres experimentar todo lo que Santa M\u00f3nica tiene para ofrecer con tus lectores? Env\u00edanos una solicitud y veamos c\u00f3mo podemos trabajar juntos.<\/div>\n                                                    <\/div>\n                    <\/div>\n                <\/a>\n                        <\/div>\n<\/section>","protected":false},"excerpt":{"rendered":"","protected":false},"author":1431,"featured_media":349626,"parent":0,"menu_order":0,"comment_status":"closed","ping_status":"closed","template":"template-editorial.php","meta":{"_acf_changed":false,"inline_featured_image":false,"footnotes":""},"silos":[],"class_list":["post-346291","page","type-page","status-publish","has-post-thumbnail","hentry"],"acf":[],"_links":{"self":[{"href":"https:\/\/www.santamonica.com\/es\/wp-json\/wp\/v2\/pages\/346291","targetHints":{"allow":["GET"]}}],"collection":[{"href":"https:\/\/www.santamonica.com\/es\/wp-json\/wp\/v2\/pages"}],"about":[{"href":"https:\/\/www.santamonica.com\/es\/wp-json\/wp\/v2\/types\/page"}],"author":[{"embeddable":true,"href":"https:\/\/www.santamonica.com\/es\/wp-json\/wp\/v2\/users\/1431"}],"replies":[{"embeddable":true,"href":"https:\/\/www.santamonica.com\/es\/wp-json\/wp\/v2\/comments?post=346291"}],"version-history":[{"count":85,"href":"https:\/\/www.santamonica.com\/es\/wp-json\/wp\/v2\/pages\/346291\/revisions"}],"predecessor-version":[{"id":428239,"href":"https:\/\/www.santamonica.com\/es\/wp-json\/wp\/v2\/pages\/346291\/revisions\/428239"}],"wp:featuredmedia":[{"embeddable":true,"href":"https:\/\/www.santamonica.com\/es\/wp-json\/wp\/v2\/media\/349626"}],"wp:attachment":[{"href":"https:\/\/www.santamonica.com\/es\/wp-json\/wp\/v2\/media?parent=346291"}],"wp:term":[{"taxonomy":"silos","embeddable":true,"href":"https:\/\/www.santamonica.com\/es\/wp-json\/wp\/v2\/silos?post=346291"}],"curies":[{"name":"wp","href":"https:\/\/api.w.org\/{rel}","templated":true}]}}