{"id":346289,"date":"2022-07-20T13:24:32","date_gmt":"2022-07-20T20:24:32","guid":{"rendered":"https:\/\/www.santamonica.com\/?page_id=346289"},"modified":"2024-10-08T12:14:50","modified_gmt":"2024-10-08T19:14:50","slug":"biblioteca-multimedia","status":"publish","type":"page","link":"https:\/\/www.santamonica.com\/es\/media\/media-library\/","title":{"rendered":"Biblioteca multimedia"},"content":{"rendered":"<h2 class=\"wp-block-heading base-block\">Solicitar activos de Santa M\u00f3nica<\/h2>\n\n\n\n<p class=\"base-block\">Gracias por su inter\u00e9s en las fotograf\u00edas y el material audiovisual de Santa M\u00f3nica. Acceda a los enlaces que aparecen a continuaci\u00f3n para solicitar el uso de im\u00e1genes y v\u00eddeos para sus necesidades medi\u00e1ticas y period\u00edsticas. Las fotograf\u00edas y los v\u00eddeos solo pueden ser utilizados por los medios de comunicaci\u00f3n para promocionar los viajes y el turismo en Santa M\u00f3nica.<\/p>\n\n\n\n<p class=\"has-text-align-center base-block\"><a href=\"https:\/\/www.santamonica.com\/es\/medios-de-comunicacion\/formulario-de-solicitud-de-fotos-y-videos\/\">Formulario de solicitud de fotos y videos<\/a><\/p>\n\n\n\n<p class=\"has-text-align-center base-block\">A continuaci\u00f3n, se muestran algunas muestras de nuestras fotos libres de derechos de autor:<\/p>\n\n\n\n<figure class=\"wp-block-image aligncenter size-full is-resized base-block\"><img decoding=\"async\" width=\"500\" height=\"111\" src=\"https:\/\/www.santamonica.com\/wp-content\/uploads\/2022\/07\/Santa-Monica-sample-media-library-images.jpg\" alt=\"\" class=\"wp-image-348609\" style=\"width:500px;height:auto\" title=\"\" srcset=\"https:\/\/www.santamonica.com\/wp-content\/uploads\/2022\/07\/Santa-Monica-sample-media-library-images.jpg 500w, https:\/\/www.santamonica.com\/wp-content\/uploads\/2022\/07\/Santa-Monica-sample-media-library-images-300x67.jpg 300w, https:\/\/www.santamonica.com\/wp-content\/uploads\/2022\/07\/Santa-Monica-sample-media-library-images-270x60.jpg 270w\" sizes=\"(max-width: 500px) 100vw, 500px\" \/><\/figure>\n\n\n<\/figure>\n\n\n<p class=\"base-block\"><\/p>\n\n\n\n<p style=\"font-size:10px\" class=\"base-block\"><em>Acuerdo legalmente vinculante: El uso de las im\u00e1genes que acompa\u00f1an a esta comunicaci\u00f3n (individualmente y colectivamente, las \u201c<strong>Im\u00e1genes<\/strong>\u201d) est\u00e1 sujeto a los siguientes t\u00e9rminos y condiciones legalmente vinculantes. Santa Monica Travel &amp; Tourism (\u201c<strong>SMTT<\/strong>\u201d) concede a la entidad que controla la direcci\u00f3n de correo electr\u00f3nico a la que se dirige esta comunicaci\u00f3n (la \u201c<strong>Negocios<\/strong>\u201d) una licencia limitada, no exclusiva, intransferible y no sublicenciable para reproducir y mostrar las Im\u00e1genes \u00fanicamente como parte de los materiales de marketing y promoci\u00f3n de la Empresa, siempre que: (i) las Im\u00e1genes no se alteren ni modifiquen de ninguna manera, ni se utilicen para crear obras derivadas; (ii) la Empresa se asegure de que todos esos materiales de marketing y promoci\u00f3n cumplan con todas las leyes aplicables; (iii) todos esos materiales de marketing y promoci\u00f3n se distribuyan y\/o ofrezcan de forma gratuita; (iv) en todos esos materiales de marketing y promoci\u00f3n que se distribuyan y\/u ofrezcan al p\u00fablico, la Empresa debe incluir un cr\u00e9dito para las Im\u00e1genes que identifique a SMTT como la fuente y el propietario de los derechos de autor; y (v) la persona que reciba esta comunicaci\u00f3n est\u00e9 legalmente autorizada para vincular a la Empresa a estos t\u00e9rminos y condiciones. La licencia anterior: (i) no transmite ning\u00fan derecho, t\u00edtulo o inter\u00e9s, incluyendo, sin limitaci\u00f3n, cualquier inter\u00e9s de derechos de autor, sobre las Im\u00e1genes, todos los cuales est\u00e1n expresamente reservados a SMTT; (ii) puede ser revocada por SMTT en cualquier momento; y (iii) se ofrece sin ninguna declaraci\u00f3n o garant\u00eda de ning\u00fan tipo, ya sea expresa o impl\u00edcita, con respecto a las Im\u00e1genes. Si la Empresa no est\u00e1 de acuerdo con todos los t\u00e9rminos y condiciones anteriores, no debe utilizar las Im\u00e1genes y no se le permite hacerlo.<\/em><\/p>\n\n\n<section class=\"links-grid --theme3 sm-block\">\n    <div class=\"links-grid__wrapper\">\n                                                    <a href=\"https:\/\/www.santamonica.com\/es\/media\/press-kit\/\" class=\"links-grid__card-link\" aria-label=\"Dossier de prensa\" >\n                    <div class=\"links-grid__card\">\n                                                    <div class=\"links-grid__card-image-wrapper\">\n                                <img decoding=\"async\" width=\"400\" height=\"400\" src=\"https:\/\/www.santamonica.com\/wp-content\/uploads\/2022\/07\/Santa-Monica-Picnic-Co-940x700-1-400x400.jpg\" class=\"links-grid__card-image\" alt=\"Dossier de prensa\" loading=\"lazy\" title=\"\">                            <\/div>\n                                                <div class=\"links-grid__card-text\">\n                                                            <div class=\"links-grid__card-title\">Dossier de prensa<\/div>\n                                                                                        <div class=\"links-grid__card-description\">El kit de prensa descargable de SMTT contiene toda la informaci\u00f3n, las cifras y las ideas necesarias para complementar cualquier art\u00edculo sobre Santa M\u00f3nica como destino tur\u00edstico.<\/div>\n                                                    <\/div>\n                    <\/div>\n                <\/a>\n                                            <a href=\"https:\/\/www.santamonica.com\/es\/media\/media-visit-rfp\/\" class=\"links-grid__card-link\" aria-label=\"Solicitud de oferta de medios\" >\n                    <div class=\"links-grid__card\">\n                                                    <div class=\"links-grid__card-image-wrapper\">\n                                <img decoding=\"async\" width=\"400\" height=\"400\" src=\"https:\/\/www.santamonica.com\/wp-content\/uploads\/2022\/07\/Flowers-540x540-1-400x400.jpg\" class=\"links-grid__card-image\" alt=\"Solicitud de oferta de medios\" loading=\"lazy\" srcset=\"https:\/\/www.santamonica.com\/wp-content\/uploads\/2022\/07\/Flowers-540x540-1-400x400.jpg 400w, https:\/\/www.santamonica.com\/wp-content\/uploads\/2022\/07\/Flowers-540x540-1-300x300.jpg 300w, https:\/\/www.santamonica.com\/wp-content\/uploads\/2022\/07\/Flowers-540x540-1-150x150.jpg 150w, https:\/\/www.santamonica.com\/wp-content\/uploads\/2022\/07\/Flowers-540x540-1.jpg 540w\" sizes=\"auto, (max-width: 400px) 100vw, 400px\" title=\"\">                            <\/div>\n                                                <div class=\"links-grid__card-text\">\n                                                            <div class=\"links-grid__card-title\">Solicitud de oferta de medios<\/div>\n                                                                                        <div class=\"links-grid__card-description\">\u00bfQuieres experimentar todo lo que Santa M\u00f3nica tiene para ofrecer y compartirlo con tus lectores? Env\u00edanos una solicitud y veamos c\u00f3mo podemos trabajar juntos.<\/div>\n                                                    <\/div>\n                    <\/div>\n                <\/a>\n                                            <a href=\"https:\/\/www.santamonica.com\/es\/media-contact\/\" class=\"links-grid__card-link\" aria-label=\"Contacto para la prensa\" >\n                    <div class=\"links-grid__card\">\n                                                    <div class=\"links-grid__card-image-wrapper\">\n                                <img decoding=\"async\" width=\"400\" height=\"400\" src=\"https:\/\/www.santamonica.com\/wp-content\/uploads\/2022\/07\/Feature-Pier-And-Bike-Path-400x400.png\" class=\"links-grid__card-image\" alt=\"Caracter\u00edstica: muelle y carril bici\" loading=\"lazy\" srcset=\"https:\/\/www.santamonica.com\/wp-content\/uploads\/2022\/07\/Feature-Pier-And-Bike-Path-400x400.png 400w, https:\/\/www.santamonica.com\/wp-content\/uploads\/2022\/07\/Feature-Pier-And-Bike-Path-300x300.png 300w, https:\/\/www.santamonica.com\/wp-content\/uploads\/2022\/07\/Feature-Pier-And-Bike-Path-150x150.png 150w, https:\/\/www.santamonica.com\/wp-content\/uploads\/2022\/07\/Feature-Pier-And-Bike-Path.png 540w\" sizes=\"auto, (max-width: 400px) 100vw, 400px\" title=\"\">                            <\/div>\n                                                <div class=\"links-grid__card-text\">\n                                                            <div class=\"links-grid__card-title\">Contacto para la prensa<\/div>\n                                                                                        <div class=\"links-grid__card-description\">El equipo de relaciones con los medios de SMTT se complace en ser un recurso para todo lo relacionado con Santa M\u00f3nica. Si tiene alguna pregunta relacionada con los medios, comun\u00edquese con nosotros aqu\u00ed.<\/div>\n                                                    <\/div>\n                    <\/div>\n                <\/a>\n                        <\/div>\n<\/section>","protected":false},"excerpt":{"rendered":"<p>Request Santa Monica Assets Thank you for your interest in photography and b-roll footage of Santa Monica. Please access the links below&nbsp;to request image and video usage for your media [&hellip;]<\/p>\n","protected":false},"author":1431,"featured_media":348188,"parent":0,"menu_order":0,"comment_status":"closed","ping_status":"closed","template":"template-editorial.php","meta":{"_acf_changed":false,"inline_featured_image":false,"footnotes":""},"silos":[3891],"class_list":["post-346289","page","type-page","status-publish","has-post-thumbnail","hentry"],"acf":[],"_links":{"self":[{"href":"https:\/\/www.santamonica.com\/es\/wp-json\/wp\/v2\/pages\/346289","targetHints":{"allow":["GET"]}}],"collection":[{"href":"https:\/\/www.santamonica.com\/es\/wp-json\/wp\/v2\/pages"}],"about":[{"href":"https:\/\/www.santamonica.com\/es\/wp-json\/wp\/v2\/types\/page"}],"author":[{"embeddable":true,"href":"https:\/\/www.santamonica.com\/es\/wp-json\/wp\/v2\/users\/1431"}],"replies":[{"embeddable":true,"href":"https:\/\/www.santamonica.com\/es\/wp-json\/wp\/v2\/comments?post=346289"}],"version-history":[{"count":49,"href":"https:\/\/www.santamonica.com\/es\/wp-json\/wp\/v2\/pages\/346289\/revisions"}],"predecessor-version":[{"id":431715,"href":"https:\/\/www.santamonica.com\/es\/wp-json\/wp\/v2\/pages\/346289\/revisions\/431715"}],"wp:featuredmedia":[{"embeddable":true,"href":"https:\/\/www.santamonica.com\/es\/wp-json\/wp\/v2\/media\/348188"}],"wp:attachment":[{"href":"https:\/\/www.santamonica.com\/es\/wp-json\/wp\/v2\/media?parent=346289"}],"wp:term":[{"taxonomy":"silos","embeddable":true,"href":"https:\/\/www.santamonica.com\/es\/wp-json\/wp\/v2\/silos?post=346289"}],"curies":[{"name":"wp","href":"https:\/\/api.w.org\/{rel}","templated":true}]}}