{"id":346288,"date":"2022-07-20T13:24:27","date_gmt":"2022-07-20T20:24:27","guid":{"rendered":"https:\/\/www.santamonica.com\/?page_id=346288"},"modified":"2024-10-04T16:18:57","modified_gmt":"2024-10-04T23:18:57","slug":"dossier-de-prensa","status":"publish","type":"page","link":"https:\/\/www.santamonica.com\/es\/media\/press-kit\/","title":{"rendered":"Dossier de prensa"},"content":{"rendered":"<h2 class=\"wp-block-heading base-block\">Ideas para historias:<\/h2>\n\n\n\n<h3 class=\"wp-block-heading base-block\">Qu\u00e9date en Santa M\u00f3nica para explorar Los \u00c1ngeles<\/h3>\n\n\n\n<p class=\"base-block\">Santa M\u00f3nica se encuentra situada a orillas del oc\u00e9ano Pac\u00edfico, en el cruce de la autopista Pacific Coast Highway y la autopista interestatal California Interstate Highway 10, a solo 13 km por carretera del Aeropuerto Internacional de Los \u00c1ngeles y muy cerca de todos los lugares de inter\u00e9s y atracciones m\u00e1s famosos de Los \u00c1ngeles.<\/p>\n\n\n\n<p class=\"base-block\">La ubicaci\u00f3n privilegiada de Santa M\u00f3nica dentro del \u00e1rea metropolitana de Los \u00c1ngeles permite f\u00e1cilmente&nbsp;<a href=\"https:\/\/www.santamonica.com\/es\/vivir-santa-monica\/excursiones-de-un-dia\/\">excursiones de un d\u00eda<\/a>&nbsp;Disfrutar del brillo y el glamour de Beverly Hills, la vida nocturna de West Hollywood, la emoci\u00f3n de Universal Studios o una caminata detr\u00e1s del letrero de Hollywood, sin tener que renunciar a una paradis\u00edaca ubicaci\u00f3n junto a la playa.<\/p>\n\n\n\n<p class=\"base-block\">En mayo de 2016, el nuevo <a href=\"https:\/\/www.santamonica.com\/es\/transporte\/metro-de-santa-monica\/\">Metro Expo Tren Ligero<\/a>&nbsp;abri\u00f3 sus puertas, conectando el centro de Santa M\u00f3nica con el \u00e1rea metropolitana de Los \u00c1ngeles por ferrocarril por primera vez en m\u00e1s de 50 a\u00f1os. Ahora, tanto los visitantes como los locales pueden viajar al centro de Los \u00c1ngeles (donde se encuentran el Staples Center, el Nokia Theater y una oferta gastron\u00f3mica y de ocio nocturno de fama mundial) en menos de 50 minutos, independientemente de la hora del d\u00eda.<\/p>\n\n\n\n<h3 class=\"wp-block-heading base-block\">Los ocho barrios \u00fanicos de Santa M\u00f3nica<\/h3>\n\n\n\n<p class=\"base-block\">Si has visitado Los \u00c1ngeles, es probable que hayas pasado alg\u00fan tiempo en&nbsp;<a href=\"https:\/\/www.santamonica.com\/es\/cosas-que-hacer\/playa-de-santa-monica\/\">Playa de Santa M\u00f3nica<\/a>, pero Santa M\u00f3nica es mucho m\u00e1s de lo que parece. Al\u00e9jese de lo previsible y descubra&nbsp;<a href=\"https:\/\/www.santamonica.com\/es\/vivir-santa-monica\/barrios\/\">ocho barrios \u00fanicos<\/a>&nbsp;que dan vida al aut\u00e9ntico car\u00e1cter y los sabores locales de Santa M\u00f3nica. Elige tu escenario y vive esta ciudad junto al mar como un aut\u00e9ntico local.<\/p>\n\n\n\n<ul class=\"wp-block-list base-block\">\n<li class=\"base-block\">Disfruta de un espect\u00e1culo de comedia improvisada en el centro de Santa M\u00f3nica.<\/li>\n\n\n\n<li class=\"base-block\">Disfrute de un d\u00eda de mimos inspirado en las celebridades en Montana Avenue.<\/li>\n\n\n\n<li class=\"base-block\">Vuela por encima del oc\u00e9ano Pac\u00edfico en la escuela de trapecio del muelle de Santa M\u00f3nica.<\/li>\n\n\n\n<li class=\"base-block\">No te pierdas uno de los programas musicales semanales de McCabe en Pico Boulevard.<\/li>\n\n\n\n<li class=\"base-block\">Explora el lugar de nacimiento de la aviaci\u00f3n moderna en el Museo del Vuelo del Aeropuerto de Santa M\u00f3nica.<\/li>\n\n\n\n<li class=\"base-block\">Cod\u00e9ate con surfistas locales, yoguis y chefs famosos en el mercado de agricultores de Main Street Santa Monica.<\/li>\n\n\n\n<li class=\"base-block\">Disfrute de un espect\u00e1culo en Mid-City, en el acogedor Broad Stage, un moderno recinto con 499 butacas que acoge desde \u00f3peras y conciertos de jazz hasta danza contempor\u00e1nea y estrenos cinematogr\u00e1ficos.<\/li>\n\n\n\n<li class=\"base-block\">Practique boliche sobre c\u00e9sped en Douglas Park, en Wilshire Boulevard.<\/li>\n<\/ul>\n\n\n\n<h3 class=\"wp-block-heading base-block\">Santa M\u00f3nica, barata y elegante<\/h3>\n\n\n\n<p class=\"base-block\">Aunque las resplandecientes playas de la ciudad y los barrios repletos de famosos transmiten una clara sensaci\u00f3n de lujo, es f\u00e1cil disfrutar de un\u00a0<a href=\"https:\/\/www.santamonica.com\/es\/hoteles\/alojamiento-en-santa-monica\/\">Escapada a Santa M\u00f3nica<\/a>\u00a0sin arruinarte. Reserva una habitaci\u00f3n por menos de $200 la noche en el Hotel Carmel o el Sea Shore Motel para disfrutar de las puestas de sol a pocos pasos de la arena. Da un paseo por el id\u00edlico\u00a0<a href=\"https:\/\/www.santamonica.com\/es\/vivir-santa-monica\/barrios\/avenida-montana\/\">Avenida Montana<\/a>, un barrio repleto de glamurosas experiencias de bienestar, gastronom\u00eda y compras, para curiosear en las boutiques preferidas por las celebridades locales. Disfrute de los beneficios para la salud y el bolsillo de comprar productos locales en los mundialmente famosos mercados de agricultores de Santa M\u00f3nica y, a continuaci\u00f3n, haga ejercicio de forma gratuita en la Original Muscle Beach, a los pies de la\u00a0<a href=\"https:\/\/www.santamonica.com\/es\/cosas-que-hacer\/visitar-el-muelle-de-santa-monica\/\">Muelle de Santa M\u00f3nica<\/a>. Termine el d\u00eda con un paseo en la Pacific Wheel para disfrutar de unas vistas impresionantes desde la \u00fanica noria del mundo que funciona con energ\u00eda solar por solo $5 por viaje, seguido de una hora feliz rodeado de lujo en\u00a0<a href=\"https:\/\/www.santamonica.com\/es\/restaurantes\/el-atico\/\">El \u00e1tico<\/a>, el restaurante del \u00e1tico del Huntley Santa Monica Beach, donde los hu\u00e9spedes pueden disfrutar de unas vistas panor\u00e1micas de la bah\u00eda de Santa M\u00f3nica y de bebidas durante la hora feliz $5.<\/p>\n\n\n\n<h3 class=\"wp-block-heading base-block\">Experiencias culinarias interactivas<\/h3>\n\n\n\n<p class=\"base-block\">Santa M\u00f3nica se convirti\u00f3 en un destino gastron\u00f3mico internacional en la d\u00e9cada de 1980 y se ha mantenido en la \u00e9lite de la gastronom\u00eda estadounidense gracias a los innovadores culinarios locales, a su firme compromiso con la gastronom\u00eda \u00abde la granja a la mesa\u00bb y al acceso durante todo el a\u00f1o a los mejores ingredientes del mundo. La importancia de la escena gastron\u00f3mica de Santa M\u00f3nica se ha convertido en una parte fundamental de la cultura del destino, y las experiencias culinarias interactivas ofrecen a los visitantes una emocionante oportunidad de integrarse aut\u00e9nticamente en ella. Algunas experiencias podr\u00edan incluir:<\/p>\n\n\n\n<ul class=\"wp-block-list base-block\">\n<li class=\"base-block\">Pasea por una de las calles m\u00e1s famosas de Santa M\u00f3nica.&nbsp;<a href=\"https:\/\/www.santamonica.com\/es\/vivir-santa-monica\/mercados-de-agricultores\/\">mercados de agricultores<\/a>&nbsp;para adquirir una muestra de los productos m\u00e1s frescos del pa\u00eds, como flores, carnes, quesos, frutos secos y mucho m\u00e1s.<\/li>\n\n\n\n<li class=\"base-block\">Navega tranquilamente&nbsp;<a href=\"https:\/\/www.santamonica.com\/es\/cosas-que-hacer\/centro-de-bicicletas-de-santa-monica\/\">Centro Ciclista de Santa M\u00f3nica<\/a>\u2018Sweet Spots Tour, una visita guiada por los principales distritos comerciales y barrios emblem\u00e1ticos de Santa M\u00f3nica, y una gu\u00eda privilegiada de los secretos m\u00e1s dulces de la ciudad.<\/li>\n\n\n\n<li class=\"base-block\">Cursos pr\u00e1cticos de cocina en&nbsp;<a href=\"https:\/\/www.santamonica.com\/es\/cosas-que-hacer\/la-escuela-de-la-gula\/\">La Escuela Gourmandise<\/a>, ubicado en Santa Monica Place, ense\u00f1a a los estudiantes t\u00e9cnicas cl\u00e1sicas de cocina y reposter\u00eda que utilizan \u00fanicamente ingredientes de temporada y de origen local. Entre los favoritos de los locales se encuentran \u201cIntroducci\u00f3n a los macarrones franceses\u201d y \u201cComidas del mercado de agricultores\u201d.\u201d<\/li>\n<\/ul>\n\n\n\n<p class=\"base-block\"><\/p>\n\n\n<section class=\"links-grid --theme3 sm-block\">\n    <div class=\"links-grid__wrapper\">\n                                                    <a href=\"https:\/\/www.santamonica.com\/es\/media\/media-library\/\" class=\"links-grid__card-link\" aria-label=\"Biblioteca multimedia\" >\n                    <div class=\"links-grid__card\">\n                                                    <div class=\"links-grid__card-image-wrapper\">\n                                <img decoding=\"async\" width=\"400\" height=\"400\" src=\"https:\/\/www.santamonica.com\/wp-content\/uploads\/2022\/07\/Santa-Monica-Public-Library-540x540-1-400x400.jpg\" class=\"links-grid__card-image\" alt=\"Biblioteca multimedia\" loading=\"lazy\" srcset=\"https:\/\/www.santamonica.com\/wp-content\/uploads\/2022\/07\/Santa-Monica-Public-Library-540x540-1-400x400.jpg 400w, https:\/\/www.santamonica.com\/wp-content\/uploads\/2022\/07\/Santa-Monica-Public-Library-540x540-1-300x300.jpg 300w, https:\/\/www.santamonica.com\/wp-content\/uploads\/2022\/07\/Santa-Monica-Public-Library-540x540-1-150x150.jpg 150w, https:\/\/www.santamonica.com\/wp-content\/uploads\/2022\/07\/Santa-Monica-Public-Library-540x540-1.jpg 540w\" sizes=\"auto, (max-width: 400px) 100vw, 400px\" title=\"\">                            <\/div>\n                                                <div class=\"links-grid__card-text\">\n                                                            <div class=\"links-grid__card-title\">Biblioteca multimedia<\/div>\n                                                                                        <div class=\"links-grid__card-description\">\u00bfEst\u00e1s escribiendo un art\u00edculo sobre Santa M\u00f3nica y necesitas fotos en alta resoluci\u00f3n? \u00bfNecesitas material audiovisual para un reportaje? Puedes solicitar acceso a nuestro banco de im\u00e1genes y clips aqu\u00ed.<\/div>\n                                                    <\/div>\n                    <\/div>\n                <\/a>\n                                            <a href=\"https:\/\/www.santamonica.com\/es\/media\/media-visit-rfp\/\" class=\"links-grid__card-link\" aria-label=\"Solicitud de oferta de medios\" >\n                    <div class=\"links-grid__card\">\n                                                    <div class=\"links-grid__card-image-wrapper\">\n                                <img decoding=\"async\" width=\"400\" height=\"400\" src=\"https:\/\/www.santamonica.com\/wp-content\/uploads\/2022\/07\/Flowers-540x540-1-400x400.jpg\" class=\"links-grid__card-image\" alt=\"Solicitud de oferta de medios\" loading=\"lazy\" srcset=\"https:\/\/www.santamonica.com\/wp-content\/uploads\/2022\/07\/Flowers-540x540-1-400x400.jpg 400w, https:\/\/www.santamonica.com\/wp-content\/uploads\/2022\/07\/Flowers-540x540-1-300x300.jpg 300w, https:\/\/www.santamonica.com\/wp-content\/uploads\/2022\/07\/Flowers-540x540-1-150x150.jpg 150w, https:\/\/www.santamonica.com\/wp-content\/uploads\/2022\/07\/Flowers-540x540-1.jpg 540w\" sizes=\"auto, (max-width: 400px) 100vw, 400px\" title=\"\">                            <\/div>\n                                                <div class=\"links-grid__card-text\">\n                                                            <div class=\"links-grid__card-title\">Solicitud de oferta de medios<\/div>\n                                                                                        <div class=\"links-grid__card-description\">\u00bfQuieres experimentar todo lo que Santa M\u00f3nica tiene para ofrecer y compartirlo con tus lectores? Env\u00edanos una solicitud y veamos c\u00f3mo podemos trabajar juntos.<\/div>\n                                                    <\/div>\n                    <\/div>\n                <\/a>\n                                            <a href=\"https:\/\/www.santamonica.com\/es\/media-contact\/\" class=\"links-grid__card-link\" aria-label=\"Contacto para la prensa\" >\n                    <div class=\"links-grid__card\">\n                                                    <div class=\"links-grid__card-image-wrapper\">\n                                <img decoding=\"async\" width=\"400\" height=\"400\" src=\"https:\/\/www.santamonica.com\/wp-content\/uploads\/2022\/07\/Feature-Pier-And-Bike-Path-400x400.png\" class=\"links-grid__card-image\" alt=\"Caracter\u00edstica: muelle y carril bici\" loading=\"lazy\" srcset=\"https:\/\/www.santamonica.com\/wp-content\/uploads\/2022\/07\/Feature-Pier-And-Bike-Path-400x400.png 400w, https:\/\/www.santamonica.com\/wp-content\/uploads\/2022\/07\/Feature-Pier-And-Bike-Path-300x300.png 300w, https:\/\/www.santamonica.com\/wp-content\/uploads\/2022\/07\/Feature-Pier-And-Bike-Path-150x150.png 150w, https:\/\/www.santamonica.com\/wp-content\/uploads\/2022\/07\/Feature-Pier-And-Bike-Path.png 540w\" sizes=\"auto, (max-width: 400px) 100vw, 400px\" title=\"\">                            <\/div>\n                                                <div class=\"links-grid__card-text\">\n                                                            <div class=\"links-grid__card-title\">Contacto para la prensa<\/div>\n                                                                                        <div class=\"links-grid__card-description\">El equipo de relaciones con los medios de SMTT se complace en ser un recurso para todo lo relacionado con Santa M\u00f3nica. Si tiene alguna pregunta relacionada con los medios, comun\u00edquese con nosotros aqu\u00ed.<\/div>\n                                                    <\/div>\n                    <\/div>\n                <\/a>\n                        <\/div>\n<\/section>","protected":false},"excerpt":{"rendered":"<p>Story Ideas: Stay in Santa Monica to Explore Los Angeles Santa Monica sits perched on the Pacific Ocean at the crossroads of Pacific Coast Highway and California Interstate Highway 10, [&hellip;]<\/p>\n","protected":false},"author":1431,"featured_media":348183,"parent":0,"menu_order":0,"comment_status":"closed","ping_status":"closed","template":"template-editorial.php","meta":{"_acf_changed":false,"inline_featured_image":false,"footnotes":""},"silos":[3891],"class_list":["post-346288","page","type-page","status-publish","has-post-thumbnail","hentry"],"acf":[],"_links":{"self":[{"href":"https:\/\/www.santamonica.com\/es\/wp-json\/wp\/v2\/pages\/346288","targetHints":{"allow":["GET"]}}],"collection":[{"href":"https:\/\/www.santamonica.com\/es\/wp-json\/wp\/v2\/pages"}],"about":[{"href":"https:\/\/www.santamonica.com\/es\/wp-json\/wp\/v2\/types\/page"}],"author":[{"embeddable":true,"href":"https:\/\/www.santamonica.com\/es\/wp-json\/wp\/v2\/users\/1431"}],"replies":[{"embeddable":true,"href":"https:\/\/www.santamonica.com\/es\/wp-json\/wp\/v2\/comments?post=346288"}],"version-history":[{"count":39,"href":"https:\/\/www.santamonica.com\/es\/wp-json\/wp\/v2\/pages\/346288\/revisions"}],"predecessor-version":[{"id":431478,"href":"https:\/\/www.santamonica.com\/es\/wp-json\/wp\/v2\/pages\/346288\/revisions\/431478"}],"wp:featuredmedia":[{"embeddable":true,"href":"https:\/\/www.santamonica.com\/es\/wp-json\/wp\/v2\/media\/348183"}],"wp:attachment":[{"href":"https:\/\/www.santamonica.com\/es\/wp-json\/wp\/v2\/media?parent=346288"}],"wp:term":[{"taxonomy":"silos","embeddable":true,"href":"https:\/\/www.santamonica.com\/es\/wp-json\/wp\/v2\/silos?post=346288"}],"curies":[{"name":"wp","href":"https:\/\/api.w.org\/{rel}","templated":true}]}}