{"id":346145,"date":"2022-07-20T14:33:41","date_gmt":"2022-07-20T21:33:41","guid":{"rendered":"https:\/\/www.santamonica.com\/?page_id=346145"},"modified":"2025-01-14T12:39:31","modified_gmt":"2025-01-14T20:39:31","slug":"medios-de-comunicacion","status":"publish","type":"page","link":"https:\/\/www.santamonica.com\/es\/media\/","title":{"rendered":"Medios de comunicaci\u00f3n"},"content":{"rendered":"<section class=\"links-grid --theme3 sm-block\">\n    <div class=\"links-grid__wrapper\">\n                                                    <a href=\"https:\/\/www.santamonica.com\/es\/media\/press-kit\/\" class=\"links-grid__card-link\" aria-label=\"Dossier de prensa\" >\n                    <div class=\"links-grid__card\">\n                                                    <div class=\"links-grid__card-image-wrapper\">\n                                <img decoding=\"async\" width=\"400\" height=\"400\" src=\"https:\/\/www.santamonica.com\/wp-content\/uploads\/2022\/07\/Santa-Monica-Picnic-Co-940x700-1-400x400.jpg\" class=\"links-grid__card-image\" alt=\"Dossier de prensa\" loading=\"lazy\" title=\"\">                            <\/div>\n                                                <div class=\"links-grid__card-text\">\n                                                            <div class=\"links-grid__card-title\">Dossier de prensa<\/div>\n                                                                                        <div class=\"links-grid__card-description\">El kit de prensa descargable de SMTT contiene toda la informaci\u00f3n, las cifras y las ideas necesarias para complementar cualquier art\u00edculo sobre Santa M\u00f3nica como destino tur\u00edstico.<\/div>\n                                                    <\/div>\n                    <\/div>\n                <\/a>\n                                            <a href=\"https:\/\/www.santamonica.com\/es\/media\/media-library\/\" class=\"links-grid__card-link\" aria-label=\"Biblioteca multimedia\" >\n                    <div class=\"links-grid__card\">\n                                                    <div class=\"links-grid__card-image-wrapper\">\n                                <img decoding=\"async\" width=\"400\" height=\"400\" src=\"https:\/\/www.santamonica.com\/wp-content\/uploads\/2022\/07\/Santa-Monica-Public-Library-540x540-1-400x400.jpg\" class=\"links-grid__card-image\" alt=\"Biblioteca multimedia\" loading=\"lazy\" srcset=\"https:\/\/www.santamonica.com\/wp-content\/uploads\/2022\/07\/Santa-Monica-Public-Library-540x540-1-400x400.jpg 400w, https:\/\/www.santamonica.com\/wp-content\/uploads\/2022\/07\/Santa-Monica-Public-Library-540x540-1-300x300.jpg 300w, https:\/\/www.santamonica.com\/wp-content\/uploads\/2022\/07\/Santa-Monica-Public-Library-540x540-1-150x150.jpg 150w, https:\/\/www.santamonica.com\/wp-content\/uploads\/2022\/07\/Santa-Monica-Public-Library-540x540-1.jpg 540w\" sizes=\"auto, (max-width: 400px) 100vw, 400px\" title=\"\">                            <\/div>\n                                                <div class=\"links-grid__card-text\">\n                                                            <div class=\"links-grid__card-title\">Biblioteca multimedia<\/div>\n                                                                                        <div class=\"links-grid__card-description\">\u00bfEst\u00e1s escribiendo un art\u00edculo sobre Santa M\u00f3nica y necesitas fotos en alta resoluci\u00f3n? \u00bfNecesitas material audiovisual para un reportaje? Puedes solicitar acceso a nuestro banco de im\u00e1genes y clips aqu\u00ed.<\/div>\n                                                    <\/div>\n                    <\/div>\n                <\/a>\n                                            <a href=\"https:\/\/www.santamonica.com\/es\/media\/media-visit-rfp\/\" class=\"links-grid__card-link\" aria-label=\"Solicitud de oferta de medios\" >\n                    <div class=\"links-grid__card\">\n                                                    <div class=\"links-grid__card-image-wrapper\">\n                                <img decoding=\"async\" width=\"400\" height=\"400\" src=\"https:\/\/www.santamonica.com\/wp-content\/uploads\/2022\/07\/Flowers-540x540-1-400x400.jpg\" class=\"links-grid__card-image\" alt=\"Solicitud de oferta de medios\" loading=\"lazy\" srcset=\"https:\/\/www.santamonica.com\/wp-content\/uploads\/2022\/07\/Flowers-540x540-1-400x400.jpg 400w, https:\/\/www.santamonica.com\/wp-content\/uploads\/2022\/07\/Flowers-540x540-1-300x300.jpg 300w, https:\/\/www.santamonica.com\/wp-content\/uploads\/2022\/07\/Flowers-540x540-1-150x150.jpg 150w, https:\/\/www.santamonica.com\/wp-content\/uploads\/2022\/07\/Flowers-540x540-1.jpg 540w\" sizes=\"auto, (max-width: 400px) 100vw, 400px\" title=\"\">                            <\/div>\n                                                <div class=\"links-grid__card-text\">\n                                                            <div class=\"links-grid__card-title\">Solicitud de oferta de medios<\/div>\n                                                                                        <div class=\"links-grid__card-description\">\u00bfQuieres experimentar todo lo que Santa M\u00f3nica tiene para ofrecer y compartirlo con tus lectores? Env\u00edanos una solicitud y veamos c\u00f3mo podemos trabajar juntos.<\/div>\n                                                    <\/div>\n                    <\/div>\n                <\/a>\n                                            <a href=\"https:\/\/www.santamonica.com\/es\/media-contact\/\" class=\"links-grid__card-link\" aria-label=\"Contacto para la prensa\" >\n                    <div class=\"links-grid__card\">\n                                                    <div class=\"links-grid__card-image-wrapper\">\n                                <img decoding=\"async\" width=\"400\" height=\"400\" src=\"https:\/\/www.santamonica.com\/wp-content\/uploads\/2022\/07\/Feature-Pier-And-Bike-Path-400x400.png\" class=\"links-grid__card-image\" alt=\"Caracter\u00edstica: muelle y carril bici\" loading=\"lazy\" srcset=\"https:\/\/www.santamonica.com\/wp-content\/uploads\/2022\/07\/Feature-Pier-And-Bike-Path-400x400.png 400w, https:\/\/www.santamonica.com\/wp-content\/uploads\/2022\/07\/Feature-Pier-And-Bike-Path-300x300.png 300w, https:\/\/www.santamonica.com\/wp-content\/uploads\/2022\/07\/Feature-Pier-And-Bike-Path-150x150.png 150w, https:\/\/www.santamonica.com\/wp-content\/uploads\/2022\/07\/Feature-Pier-And-Bike-Path.png 540w\" sizes=\"auto, (max-width: 400px) 100vw, 400px\" title=\"\">                            <\/div>\n                                                <div class=\"links-grid__card-text\">\n                                                            <div class=\"links-grid__card-title\">Contacto para la prensa<\/div>\n                                                                                        <div class=\"links-grid__card-description\">El equipo de relaciones con los medios de SMTT se complace en ser un recurso para todo lo relacionado con Santa M\u00f3nica. Si tiene alguna pregunta relacionada con los medios, comun\u00edquese con nosotros aqu\u00ed.<\/div>\n                                                    <\/div>\n                    <\/div>\n                <\/a>\n                        <\/div>\n<\/section>\n\n\n\n\n<figure class=\"wp-block-image aligncenter size-full is-resized base-block\"><img decoding=\"async\" src=\"https:\/\/www.santamonica.com\/wp-content\/uploads\/2022\/12\/AdrianAwards_2022_Winners_PR_Com.png\" alt=\"\" class=\"wp-image-371149\" width=\"250\" height=\"117\" title=\"\" srcset=\"https:\/\/www.santamonica.com\/wp-content\/uploads\/2022\/12\/AdrianAwards_2022_Winners_PR_Com.png 400w, https:\/\/www.santamonica.com\/wp-content\/uploads\/2022\/12\/AdrianAwards_2022_Winners_PR_Com-300x140.png 300w, https:\/\/www.santamonica.com\/wp-content\/uploads\/2022\/12\/AdrianAwards_2022_Winners_PR_Com-270x126.png 270w\" sizes=\"(max-width: 250px) 100vw, 250px\" \/><\/figure>\n\n\n<\/figure>","protected":false},"excerpt":{"rendered":"","protected":false},"author":1431,"featured_media":348619,"parent":0,"menu_order":0,"comment_status":"closed","ping_status":"closed","template":"template-editorial.php","meta":{"_acf_changed":false,"inline_featured_image":false,"footnotes":""},"silos":[],"class_list":["post-346145","page","type-page","status-publish","has-post-thumbnail","hentry"],"acf":[],"_links":{"self":[{"href":"https:\/\/www.santamonica.com\/es\/wp-json\/wp\/v2\/pages\/346145","targetHints":{"allow":["GET"]}}],"collection":[{"href":"https:\/\/www.santamonica.com\/es\/wp-json\/wp\/v2\/pages"}],"about":[{"href":"https:\/\/www.santamonica.com\/es\/wp-json\/wp\/v2\/types\/page"}],"author":[{"embeddable":true,"href":"https:\/\/www.santamonica.com\/es\/wp-json\/wp\/v2\/users\/1431"}],"replies":[{"embeddable":true,"href":"https:\/\/www.santamonica.com\/es\/wp-json\/wp\/v2\/comments?post=346145"}],"version-history":[{"count":56,"href":"https:\/\/www.santamonica.com\/es\/wp-json\/wp\/v2\/pages\/346145\/revisions"}],"predecessor-version":[{"id":379756,"href":"https:\/\/www.santamonica.com\/es\/wp-json\/wp\/v2\/pages\/346145\/revisions\/379756"}],"wp:featuredmedia":[{"embeddable":true,"href":"https:\/\/www.santamonica.com\/es\/wp-json\/wp\/v2\/media\/348619"}],"wp:attachment":[{"href":"https:\/\/www.santamonica.com\/es\/wp-json\/wp\/v2\/media?parent=346145"}],"wp:term":[{"taxonomy":"silos","embeddable":true,"href":"https:\/\/www.santamonica.com\/es\/wp-json\/wp\/v2\/silos?post=346145"}],"curies":[{"name":"wp","href":"https:\/\/api.w.org\/{rel}","templated":true}]}}