{"id":345870,"date":"2022-07-18T23:12:57","date_gmt":"2022-07-19T06:12:57","guid":{"rendered":"https:\/\/www.santamonica.com\/?page_id=345870"},"modified":"2023-06-27T19:39:47","modified_gmt":"2023-06-28T02:39:47","slug":"actividades-de-formacion-de-equipos","status":"publish","type":"page","link":"https:\/\/www.santamonica.com\/es\/meetings-conventions\/team-building-activities\/","title":{"rendered":"Actividades de formaci\u00f3n de equipos"},"content":{"rendered":"<section class=\"sun-title sm-block --theme6 sm-block\">\n            <h2 class=\"sun-title__headline\">Conexi\u00f3n y colaboraci\u00f3n<\/h2>    \n            <div class=\"sun-title__body  wysiwyg\">\n                    <p>Santa M\u00f3nica ofrece de forma natural el entorno perfecto para fortalecer tu equipo y promover la conexi\u00f3n y la colaboraci\u00f3n. Desde experiencias en la arena hasta aventuras de alto vuelo, cualquier equipo se llevar\u00e1 consigo experiencias compartidas y recuerdos divertidos.<\/p>\n                        <\/div>\n    <\/section>\n\n\n\n<section class=\"two-images container-max sm-block  sm-block\">\n    <div class=\"two-images__container\">\n\n        <div class=\"two-images__column\">\n            <div class=\"two-images__content\">\n                <div class=\"two-images__content-header-container\">\n                                            <h1 class=\"two-images__content-header\">Del mar al cielo<\/h1>                                    <\/div>\n                                    <div class=\"two-images__content-body wysiwyg\">\n                        <p>Re\u00fana al equipo para vivir experiencias \u00fanicas en <a href=\"https:\/\/www.santamonica.com\/es\/cosas-que-hacer\/playa-de-santa-monica\/\">Playa de Santa M\u00f3nica<\/a>. Fortalece tus habilidades de trabajo en equipo participando en una clase de voleibol de playa con <a href=\"https:\/\/www.santamonica.com\/es\/lugar-2\/voleibol-de-playa-en-santa-monica\/\">Voleibol de playa en Santa M\u00f3nica<\/a> o traiga a su equipo por su cuenta para disfrutar de una competici\u00f3n amistosa en una de las canchas p\u00fablicas de la playa. Hay muchos deportes de playa en los que participar, entre ellos: <a href=\"https:\/\/www.santamonica.com\/es\/cosas-que-hacer\/ola-tenis-de-playa\/\">tenis de playa<\/a>, f\u00fatbol y <a href=\"https:\/\/www.santamonica.com\/es\/cosas-que-hacer\/pickleball\/\">pickleball<\/a>. \u00bfBuscas algo m\u00e1s relajado? Traslada f\u00e1cilmente los ejercicios y juegos cl\u00e1sicos de team building a la arena y dale un toque especial reservando un picnic en la playa a la medida con <a href=\"https:\/\/www.santamonica.com\/es\/cosas-que-hacer\/santa-monica-picnic-co\/\">Santa Monica Picnic Co<\/a>. A\u00f1ade juegos a tu experiencia de picnic, como b\u00e1dminton, escaleras, cornhole y spike ball, para a\u00f1adir diversi\u00f3n extra a cualquier ejercicio de trabajo en equipo. Los equipos que busquen aventuras m\u00e1s emocionantes no tienen que buscar m\u00e1s all\u00e1 de la <a href=\"https:\/\/www.santamonica.com\/es\/lugar-2\/escuela-de-trapecio-de-nueva-york-2\/\">Escuela de trapecio de Nueva York<\/a>. Ubicado en el muelle de Santa M\u00f3nica, grupos de todos los tama\u00f1os pueden inscribirse en clases de trapecio y telas acrob\u00e1ticas y experimentar la m\u00e1xima ca\u00edda de confianza.<\/p>\n                    <\/div>\n                                            <\/div>\n        <\/div>\n\n        <div class=\"two-images__column\">\n                            <div class=\"two-images__image-container\">\n                    <img decoding=\"async\" width=\"424\" height=\"504\" src=\"https:\/\/www.santamonica.com\/wp-content\/uploads\/2022\/07\/Volleyball424x504.jpg\" class=\"two-images__image\" alt=\"Hombre y mujer saltando uno frente al otro sobre la red de voleibol; hombre rematando la pelota; mujer y hombre jugando voleibol de playa.\" loading=\"lazy\" srcset=\"https:\/\/www.santamonica.com\/wp-content\/uploads\/2022\/07\/Volleyball424x504.jpg 424w, https:\/\/www.santamonica.com\/wp-content\/uploads\/2022\/07\/Volleyball424x504-252x300.jpg 252w, https:\/\/www.santamonica.com\/wp-content\/uploads\/2022\/07\/Volleyball424x504-126x150.jpg 126w\" sizes=\"auto, (max-width: 424px) 100vw, 424px\" title=\"\">                    \n\n                <\/div>\n                    <\/div>\n\n        <div class=\"two-images__column\">\n                            <div class=\"two-images__image-container\">\n                    <img decoding=\"async\" width=\"600\" height=\"464\" src=\"https:\/\/www.santamonica.com\/wp-content\/uploads\/2022\/07\/Trapeze600x464.jpg\" class=\"two-images__image\" alt=\"Mujer haciendo una voltereta en el trapecio boca abajo; la noria Pacific Wheel del muelle de Santa M\u00f3nica al fondo.\" loading=\"lazy\" srcset=\"https:\/\/www.santamonica.com\/wp-content\/uploads\/2022\/07\/Trapeze600x464.jpg 600w, https:\/\/www.santamonica.com\/wp-content\/uploads\/2022\/07\/Trapeze600x464-300x232.jpg 300w, https:\/\/www.santamonica.com\/wp-content\/uploads\/2022\/07\/Trapeze600x464-194x150.jpg 194w\" sizes=\"auto, (max-width: 600px) 100vw, 600px\" title=\"\">                    \n\n                <\/div>\n                    <\/div>\n\n    <\/div>\n<\/section>\n\n\n\n<div class=\"wp-block-columns is-layout-flex wp-container-core-columns-is-layout-28f84493 wp-block-columns-is-layout-flex base-block\">\n<div class=\"wp-block-column is-layout-flow wp-block-column-is-layout-flow base-block\">\n<h2 class=\"wp-block-heading base-block\"><strong>Rompe el molde<\/strong><\/h2>\n\n\n\n<p class=\"base-block\">Enciende la imaginaci\u00f3n con <a href=\"https:\/\/www.santamonica.com\/es\/arte-y-cultura\/\">clases de arte y cer\u00e1mica<\/a> por toda Santa M\u00f3nica para inspirar pensamientos introspectivos, reflexi\u00f3n personal y una sensaci\u00f3n de logro. Para actividades que refuerzan la familiaridad, la colaboraci\u00f3n y la confianza, clases de improvisaci\u00f3n en <a href=\"https:\/\/www.santamonica.com\/es\/lugar-2\/m-i-s-teatro-de-comedia-westside-8\/\">Teatro de comedia M.I. Westside<\/a> seguro que acercar\u00e1n a los equipos gracias al humor y la diversi\u00f3n desenfadada.<\/p>\n<\/div>\n\n\n\n<div class=\"wp-block-column is-layout-flow wp-block-column-is-layout-flow base-block\">\n<h2 class=\"wp-block-heading base-block\"><strong>Diversi\u00f3n gastron\u00f3mica<\/strong><\/h2>\n\n\n\n<p class=\"base-block\">Inscr\u00edbase en las clases en <a href=\"https:\/\/www.santamonica.com\/es\/lugar-2\/k-food-chef-junior\/\">La Escuela Gourmandise<\/a> \u00a1Donde los equipos pueden cocinar su propia comida y tambi\u00e9n comerla! Pon a prueba la comunicaci\u00f3n y la cohesi\u00f3n del equipo mientras trabajan juntos para seguir diversas recetas \u00fanicas bajo la atenta mirada de un maestro cocinero. Una vez cocinada la comida, saborea el gusto del logro mientras os sent\u00e1is juntos para disfrutar de una cena en equipo.<\/p>\n<\/div>\n\n\n\n<div class=\"wp-block-column is-layout-flow wp-block-column-is-layout-flow base-block\">\n<h2 class=\"wp-block-heading base-block\"><strong>Descanso y relajaci\u00f3n<\/strong><\/h2>\n\n\n\n<p class=\"base-block\">Disfruta de un momento de relajaci\u00f3n con clases de yoga en el estudio o en la playa. <a href=\"https:\/\/www.santamonica.com\/es\/lugar-2\/yoga-en-la-playa-en-el-sur-de-california\/\">Yoga en la playa en el sur de California<\/a> Organizamos diversas clases a lo largo de la semana para grupos con distintos niveles de experiencia. Participe en una clase de yoga en la playa al atardecer para disfrutar de momentos tranquilos de reflexi\u00f3n en equipo o refuerce su confianza con una clase de Beach Power Flow. <\/p>\n<\/div>\n<\/div>\n\n\n<section class=\"links-grid --theme3 sm-block\">\n    <div class=\"links-grid__wrapper\">\n                                                    <a href=\"https:\/\/www.santamonica.com\/es\/meetings-conventions\/transportation-accessibility\/\" class=\"links-grid__card-link\" aria-label=\"Accesibilidad y transporte\" >\n                    <div class=\"links-grid__card\">\n                                                    <div class=\"links-grid__card-image-wrapper\">\n                                <img decoding=\"async\" width=\"366\" height=\"330\" src=\"https:\/\/www.santamonica.com\/wp-content\/uploads\/2022\/07\/Bike366x330.jpg\" class=\"links-grid__card-image\" alt=\"Gran grupo montando en bicicleta por la playa\" loading=\"lazy\" srcset=\"https:\/\/www.santamonica.com\/wp-content\/uploads\/2022\/07\/Bike366x330.jpg 366w, https:\/\/www.santamonica.com\/wp-content\/uploads\/2022\/07\/Bike366x330-300x270.jpg 300w, https:\/\/www.santamonica.com\/wp-content\/uploads\/2022\/07\/Bike366x330-166x150.jpg 166w\" sizes=\"auto, (max-width: 366px) 100vw, 366px\" title=\"\">                            <\/div>\n                                                <div class=\"links-grid__card-text\">\n                                                            <div class=\"links-grid__card-title\">Accesibilidad y transporte<\/div>\n                                                                                        <div class=\"links-grid__card-description\">Descubre las mejores formas de llevar a tu equipo por Santa M\u00f3nica.<\/div>\n                                                    <\/div>\n                    <\/div>\n                <\/a>\n                                            <a href=\"https:\/\/www.santamonica.com\/es\/travel-trade\/group-tours\/\" class=\"links-grid__card-link\" aria-label=\"Viajes en grupo\" >\n                    <div class=\"links-grid__card\">\n                                                    <div class=\"links-grid__card-image-wrapper\">\n                                <img decoding=\"async\" width=\"366\" height=\"330\" src=\"https:\/\/www.santamonica.com\/wp-content\/uploads\/2022\/07\/GroupTour366x330.jpg\" class=\"links-grid__card-image\" alt=\"Grupo escuchando a una mujer que da una visita guiada; muro de ladrillo con escritos deteriorados al fondo.\" loading=\"lazy\" srcset=\"https:\/\/www.santamonica.com\/wp-content\/uploads\/2022\/07\/GroupTour366x330.jpg 366w, https:\/\/www.santamonica.com\/wp-content\/uploads\/2022\/07\/GroupTour366x330-300x270.jpg 300w, https:\/\/www.santamonica.com\/wp-content\/uploads\/2022\/07\/GroupTour366x330-166x150.jpg 166w\" sizes=\"auto, (max-width: 366px) 100vw, 366px\" title=\"\">                            <\/div>\n                                                <div class=\"links-grid__card-text\">\n                                                            <div class=\"links-grid__card-title\">Viajes en grupo<\/div>\n                                                                                        <div class=\"links-grid__card-description\">Descubre los tours grupales para grupos peque\u00f1os y grandes.<\/div>\n                                                    <\/div>\n                    <\/div>\n                <\/a>\n                                            <a href=\"https:\/\/www.santamonica.com\/es\/dining-guide-2\/\" class=\"links-grid__card-link\" aria-label=\"Gu\u00eda gastron\u00f3mica\" >\n                    <div class=\"links-grid__card\">\n                                                    <div class=\"links-grid__card-image-wrapper\">\n                                <img decoding=\"async\" width=\"366\" height=\"330\" src=\"https:\/\/www.santamonica.com\/wp-content\/uploads\/2022\/07\/PartnerBrunch366x330.jpg\" class=\"links-grid__card-image\" alt=\"C\u00f3ctel martini rojo con adorno; pizza al fondo.\" loading=\"lazy\" srcset=\"https:\/\/www.santamonica.com\/wp-content\/uploads\/2022\/07\/PartnerBrunch366x330.jpg 366w, https:\/\/www.santamonica.com\/wp-content\/uploads\/2022\/07\/PartnerBrunch366x330-300x270.jpg 300w, https:\/\/www.santamonica.com\/wp-content\/uploads\/2022\/07\/PartnerBrunch366x330-166x150.jpg 166w\" sizes=\"auto, (max-width: 366px) 100vw, 366px\" title=\"\">                            <\/div>\n                                                <div class=\"links-grid__card-text\">\n                                                            <div class=\"links-grid__card-title\">Gu\u00eda gastron\u00f3mica<\/div>\n                                                                                        <div class=\"links-grid__card-description\">Explora opciones gastron\u00f3micas que sin duda satisfar\u00e1n cualquier paladar.<\/div>\n                                                    <\/div>\n                    <\/div>\n                <\/a>\n                                            <a href=\"https:\/\/www.santamonica.com\/es\/travel-trade\/planning-toolkit\/\" class=\"links-grid__card-link\" aria-label=\"Kit de herramientas de planificaci\u00f3n\" >\n                    <div class=\"links-grid__card\">\n                                                    <div class=\"links-grid__card-image-wrapper\">\n                                <img decoding=\"async\" width=\"366\" height=\"330\" src=\"https:\/\/www.santamonica.com\/wp-content\/uploads\/2022\/07\/Partner366x330-1.jpg\" class=\"links-grid__card-image\" alt=\"Playa y olas del mar; gente en la playa; toma a\u00e9rea.\" loading=\"lazy\" srcset=\"https:\/\/www.santamonica.com\/wp-content\/uploads\/2022\/07\/Partner366x330-1.jpg 366w, https:\/\/www.santamonica.com\/wp-content\/uploads\/2022\/07\/Partner366x330-1-300x270.jpg 300w, https:\/\/www.santamonica.com\/wp-content\/uploads\/2022\/07\/Partner366x330-1-166x150.jpg 166w\" sizes=\"auto, (max-width: 366px) 100vw, 366px\" title=\"\">                            <\/div>\n                                                <div class=\"links-grid__card-text\">\n                                                            <div class=\"links-grid__card-title\">Kit de herramientas de planificaci\u00f3n<\/div>\n                                                                                        <div class=\"links-grid__card-description\">Planifica tu pr\u00f3ximo viaje a Santa M\u00f3nica f\u00e1cilmente con el kit de herramientas de planificaci\u00f3n.<\/div>\n                                                    <\/div>\n                    <\/div>\n                <\/a>\n                        <\/div>\n<\/section>\n\n\n\n<section class=\"meetings-contact-us sm-block\">\n    <div class=\"meetings-contact-us__inner\">\n        <div class=\"meetings-contact-us__image-wrap\">\n            <img decoding=\"async\" width=\"1024\" height=\"304\" src=\"https:\/\/www.santamonica.com\/wp-content\/uploads\/2022\/07\/Help1280x380-1024x304.jpg\" class=\"attachment-large size-large\" alt=\"Imagen del edificio del centro de visitantes; edificio gris con un letrero informativo en la parte superior.\" srcset=\"https:\/\/www.santamonica.com\/wp-content\/uploads\/2022\/07\/Help1280x380-1024x304.jpg 1024w, https:\/\/www.santamonica.com\/wp-content\/uploads\/2022\/07\/Help1280x380-300x89.jpg 300w, https:\/\/www.santamonica.com\/wp-content\/uploads\/2022\/07\/Help1280x380-270x80.jpg 270w, https:\/\/www.santamonica.com\/wp-content\/uploads\/2022\/07\/Help1280x380-768x228.jpg 768w, https:\/\/www.santamonica.com\/wp-content\/uploads\/2022\/07\/Help1280x380.jpg 1280w\" sizes=\"(max-width: 1024px) 100vw, 1024px\" title=\"\">        <\/div>\n        <div class=\"meetings-contact-us__body\">\n            <h1 class=\"meetings-contact-us__heading\">\n                \u00bfTiene alguna pregunta?            <\/h1>\n            <p class=\"meetings-contact-us__intro\">\n                \u00a1Si\u00e9ntete respaldado al contactar hoy mismo con el equipo de expertos de Santa Monica Travel &amp; Tourism!            <\/p>\n            <div class=\"meetings-contact-us__phone-numbers wysiwyg\">\n                                                            <\/div>\n            <div class=\"meetings-contact-us__ctas\">\n                                            <a class=\"meetings-contact-us__primary-cta\" href=\"https:\/\/www.santamonica.com\/es\/reuniones-convenciones\/reuniones-contactenos\/\">P\u00f3ngase en contacto con nosotros<\/a>\n                                                    <\/div>\n        <\/div>\n    <\/div>\n\n<\/section>\n\n\n<section class=\"blog-feed --theme8 sm-block\">\n    <div class=\"blog-feed__content\">\n        <div class=\"blog-feed__intro\">\n                            <div class=\"blog-feed__eyebrow eyebrow\">Blogs<\/div>                                        <h2 class=\"blog-feed__headline\">Descubre Santa M\u00f3nica<\/h2>                                        <div class=\"blog-feed__body\"><p>Explore itinerarios, consejos locales, lugares de inter\u00e9s y aventuras seleccionadas para sacar el m\u00e1ximo partido a su experiencia en Santa M\u00f3nica.<\/p>\n<\/div>\n                                        <a class=\"blog-feed__cta\" href=\"https:\/\/www.santamonica.com\/es\/entradas-de-blog\/\">Ver todos los blogs<\/a>\n                    <\/div>\n\n        <ul class=\"blog-feed__list\">\n                                                <li class=\"blog-feed__item\">\n                        <a href=\"https:\/\/www.santamonica.com\/es\/mother-road-modern-meetings-route-66-meeting-spaces-set-to-shine-for-centennial-in-santa-monica\/\" class=\"blog-feed__item-link\">\n                            <div class=\"blog-feed__image-ratio\">\n                                <img decoding=\"async\" class=\"blog-feed__image\" src=\"https:\/\/www.santamonica.com\/wp-content\/uploads\/2025\/12\/untitledJuly20162C2020180010-182-2-400x400.jpg\" alt=\"MOTHER ROAD, REUNIONES MODERNAS: LOS ESPACIOS DE REUNI\u00d3N DE LA RUTA 66 LISTOS PARA BRILLAR EN EL CENTENARIO EN SANTA M\u00d3NICA\" title=\"\">\n                            <\/div>\n                            <div class=\"blog-feed__card-title\">MOTHER ROAD, REUNIONES MODERNAS: LOS ESPACIOS DE REUNI\u00d3N DE LA RUTA 66 LISTOS PARA BRILLAR EN EL CENTENARIO EN SANTA M\u00d3NICA<\/div>\n                        <\/a>\n                    <\/li>\n                                                                <li class=\"blog-feed__item\">\n                        <a href=\"https:\/\/www.santamonica.com\/es\/media\/news-release\/santa-monica-announces-song-contest-in-celebration-of-route-66-centennial\/\" class=\"blog-feed__item-link\">\n                            <div class=\"blog-feed__image-ratio\">\n                                <img decoding=\"async\" class=\"blog-feed__image\" src=\"https:\/\/www.santamonica.com\/wp-content\/uploads\/2025\/11\/DSC01084-400x400.jpg\" alt=\"SANTA M\u00d3NICA ANUNCIA UN CONCURSO DE CANCIONES PARA CELEBRAR EL CENTENARIO DE LA RUTA 66\" title=\"\">\n                            <\/div>\n                            <div class=\"blog-feed__card-title\">SANTA M\u00d3NICA ANUNCIA UN CONCURSO DE CANCIONES PARA CELEBRAR EL CENTENARIO DE LA RUTA 66<\/div>\n                        <\/a>\n                    <\/li>\n                                                                <li class=\"blog-feed__item\">\n                        <a href=\"https:\/\/www.santamonica.com\/es\/media\/news-release\/where-to-watch-the-world-series-in-santa-monica\/\" class=\"blog-feed__item-link\">\n                            <div class=\"blog-feed__image-ratio\">\n                                <img decoding=\"async\" class=\"blog-feed__image\" src=\"https:\/\/www.santamonica.com\/wp-content\/uploads\/2025\/10\/dodgers-logo-1-400x400.jpg\" alt=\"D\u00d3NDE VER LAS SERIES MUNDIALES EN SANTA MONICA\" title=\"\">\n                            <\/div>\n                            <div class=\"blog-feed__card-title\">D\u00d3NDE VER LAS SERIES MUNDIALES EN SANTA MONICA<\/div>\n                        <\/a>\n                    <\/li>\n                                    <\/ul>\n    <\/div>\n<\/section>","protected":false},"excerpt":{"rendered":"<p>Break the Mold Ignite imagination with art and pottery classes throughout Santa Monica to inspire introspective thoughts, personal reflection and a sense of accomplishment. For activities that strengthen familiarity, collaboration [&hellip;]<\/p>\n","protected":false},"author":1421,"featured_media":348981,"parent":0,"menu_order":0,"comment_status":"closed","ping_status":"closed","template":"template-editorial.php","meta":{"_acf_changed":false,"inline_featured_image":false,"footnotes":""},"silos":[3894],"class_list":["post-345870","page","type-page","status-publish","has-post-thumbnail","hentry"],"acf":[],"_links":{"self":[{"href":"https:\/\/www.santamonica.com\/es\/wp-json\/wp\/v2\/pages\/345870","targetHints":{"allow":["GET"]}}],"collection":[{"href":"https:\/\/www.santamonica.com\/es\/wp-json\/wp\/v2\/pages"}],"about":[{"href":"https:\/\/www.santamonica.com\/es\/wp-json\/wp\/v2\/types\/page"}],"author":[{"embeddable":true,"href":"https:\/\/www.santamonica.com\/es\/wp-json\/wp\/v2\/users\/1421"}],"replies":[{"embeddable":true,"href":"https:\/\/www.santamonica.com\/es\/wp-json\/wp\/v2\/comments?post=345870"}],"version-history":[{"count":29,"href":"https:\/\/www.santamonica.com\/es\/wp-json\/wp\/v2\/pages\/345870\/revisions"}],"predecessor-version":[{"id":383158,"href":"https:\/\/www.santamonica.com\/es\/wp-json\/wp\/v2\/pages\/345870\/revisions\/383158"}],"wp:featuredmedia":[{"embeddable":true,"href":"https:\/\/www.santamonica.com\/es\/wp-json\/wp\/v2\/media\/348981"}],"wp:attachment":[{"href":"https:\/\/www.santamonica.com\/es\/wp-json\/wp\/v2\/media?parent=345870"}],"wp:term":[{"taxonomy":"silos","embeddable":true,"href":"https:\/\/www.santamonica.com\/es\/wp-json\/wp\/v2\/silos?post=345870"}],"curies":[{"name":"wp","href":"https:\/\/api.w.org\/{rel}","templated":true}]}}