{"id":345236,"date":"2022-07-14T15:01:34","date_gmt":"2022-07-14T22:01:34","guid":{"rendered":"https:\/\/www.santamonica.com\/?page_id=345236"},"modified":"2022-09-28T10:40:11","modified_gmt":"2022-09-28T17:40:11","slug":"testimonios","status":"publish","type":"page","link":"https:\/\/www.santamonica.com\/es\/i-am-santa-monica\/testimonials\/","title":{"rendered":"Soy Santa M\u00f3nica \u2013 Testimonios"},"content":{"rendered":"<div class=\"wp-block-columns is-layout-flex wp-container-core-columns-is-layout-28f84493 wp-block-columns-is-layout-flex base-block\">\n<div class=\"wp-block-column is-layout-flow wp-block-column-is-layout-flow base-block\">\n<p class=\"base-block\"><em>\u201cMuy informativo, con datos \u00fatiles para los trabajadores del sector hotelero que no viven en Santa M\u00f3nica o no est\u00e1n familiarizados con la ciudad\u201d.\u201d <\/em>\u2013 <strong>Claudio Henrique, Hotel Ambrose<\/strong><\/p>\n<\/div>\n\n\n\n<div class=\"wp-block-column is-layout-flow wp-block-column-is-layout-flow base-block\">\n<p class=\"base-block\">\u201c\u00a1Ser\u00eda una gran idea que la mayor\u00eda de los empleados del sector hotelero de Santa M\u00f3nica recibieran esta formaci\u00f3n!\u201d.&nbsp;<strong>Katharine V\u00e1zquez, Pacific Park<\/strong><\/p>\n<\/div>\n\n\n\n<div class=\"wp-block-column is-layout-flow wp-block-column-is-layout-flow base-block\">\n<p class=\"base-block\"><em>\u201cUna excelente oportunidad para conocer las zonas a las que enviamos a nuestros hu\u00e9spedes\u201d.\u201d<\/em> \u2013\u00a0<strong>Enrique C\u00e1rdenas, Sandbourne Santa M\u00f3nica<\/strong> <strong>Santa Monica<\/strong><\/p>\n<\/div>\n\n\n\n<div class=\"wp-block-column is-layout-flow wp-block-column-is-layout-flow base-block\">\n<p class=\"base-block\"><em>\u201cFue una fuente excelente para informar a los visitantes y residentes del condado de Los \u00c1ngeles. Fue realmente una forma fant\u00e1stica y divertida de aprender sobre la ciudad de Santa M\u00f3nica\u201d.\u201d<\/em> \u2013&nbsp;<strong>David Garc\u00eda, Holiday Inn<\/strong><\/p>\n<\/div>\n<\/div>\n\n\n\n<div class=\"wp-block-columns is-layout-flex wp-container-core-columns-is-layout-28f84493 wp-block-columns-is-layout-flex base-block\">\n<div class=\"wp-block-column is-layout-flow wp-block-column-is-layout-flow base-block\">\n<p class=\"base-block\"><em>\u201cEnviar a nuestro equipo a \u201cI am Santa Monica\u201d no solo fue educativo, sino tambi\u00e9n divertido. Es una fant\u00e1stica introducci\u00f3n a la ciudad y a su historia. \u00a1Este taller nos permite promocionar Santa M\u00f3nica con entusiasmo y conocimiento ante nuestros visitantes de todo el mundo!\u201d.\u201d<\/em>&nbsp;\u2013 <strong>Christina Maranon, Hotel Shore<\/strong><\/p>\n<\/div>\n\n\n\n<div class=\"wp-block-column is-layout-flow wp-block-column-is-layout-flow base-block\">\n<p class=\"base-block\"><em>\u201cEsto ser\u00eda excelente para el personal de mi oficina, que trabaja mucho con el p\u00fablico y con clientes que no son de Santa M\u00f3nica\u201d.\u201d<\/em> \u2013 <strong>Donn Umber, Departamento de Polic\u00eda de Santa M\u00f3nica<\/strong><\/p>\n<\/div>\n\n\n\n<div class=\"wp-block-column is-layout-flow wp-block-column-is-layout-flow base-block\">\n<p class=\"base-block\"><em>\u201cLa charla sobre el servicio al cliente fue muy eficaz y sincera. Es muy importante ser positivo, hacer que la gente se sienta c\u00f3moda y anticiparse a sus necesidades\u201d.\u201d<\/em> \u2013&nbsp;<strong>Carrie Weil, Maguire Properties<\/strong><\/p>\n<\/div>\n\n\n\n<div class=\"wp-block-column is-layout-flow wp-block-column-is-layout-flow base-block\">\n<p class=\"base-block\"><em>\u201cEste programa te ayuda a orientarte si no tienes informaci\u00f3n sobre Santa M\u00f3nica. Yo no sab\u00eda nada sobre Santa M\u00f3nica, pero ahora s\u00e9 muchas cosas y \u00a1estoy empezando a gustarme este lugar!\u201d.\u201d<\/em> \u2013&nbsp;<strong>Tugce Cakir, empleada internacional, Pacific Park<\/strong><\/p>\n<\/div>\n<\/div>\n\n\n\n<div class=\"wp-block-columns is-layout-flex wp-container-core-columns-is-layout-28f84493 wp-block-columns-is-layout-flex base-block\">\n<div class=\"wp-block-column is-layout-flow wp-block-column-is-layout-flow base-block\">\n<h4 class=\"wp-block-heading base-block\">Inscribirse<\/h4>\n\n\n\n<p class=\"base-block\"><a href=\"https:\/\/www.santamonica.com\/es\/soy-santa-monica\/inscribirse\/\">Inscr\u00edbase usted o inscriba a su equipo.<\/a> Ahora en el taller gratuito \u00abSoy Santa M\u00f3nica\u00bb, organizado por Santa M\u00f3nica Travel &amp; Tourism.<\/p>\n<\/div>\n\n\n\n<div class=\"wp-block-column is-layout-flow wp-block-column-is-layout-flow base-block\">\n<h4 class=\"wp-block-heading base-block\">Solicitar reuni\u00f3n<\/h4>\n\n\n\n<p class=\"base-block\"><a href=\"https:\/\/www.santamonica.com\/es\/soy-santa-monica\/solicitar-reunion\/\">Organiza un taller \u00abYo soy Santa M\u00f3nica\u00bb<\/a> en su empresa. Se ofrecen sesiones de capacitaci\u00f3n fuera de las instalaciones para grupos de un m\u00ednimo de 20 personas.<\/p>\n<\/div>\n\n\n\n<div class=\"wp-block-column is-layout-flow wp-block-column-is-layout-flow base-block\">\n<h4 class=\"wp-block-heading base-block\">Premio de Turismo<\/h4>\n\n\n\n<p class=\"base-block\">Cada a\u00f1o, honramos a empleados espec\u00edficos nomin\u00e1ndolos para el <a href=\"https:\/\/www.santamonica.com\/es\/premio-al-espiritu\/\">Premio Thelma Parks al Esp\u00edritu Tur\u00edstico<\/a>.<\/p>\n<\/div>\n\n\n\n<div class=\"wp-block-column is-layout-flow wp-block-column-is-layout-flow base-block\">\n<h4 class=\"wp-block-heading base-block\">Expandir Yo soy<\/h4>\n\n\n\n<p class=\"base-block\"><a href=\"https:\/\/www.santamonica.com\/es\/soy-santa-monica\/tu-destino\/\">Crea tu propio \u201cYo soy\u201d<\/a> programa, dise\u00f1ado para educar e informar a las empresas y a los empleados que viven y trabajan en su destino.<\/p>\n<\/div>\n<\/div>","protected":false},"excerpt":{"rendered":"<p>&#8220;Highly informative with useful information for hospitality workers who don&#8217;t live or are not familiar with Santa Monica.&#8221; &#8211; Claudio Henrique, The Ambrose Hotel &#8220;It would be a great idea [&hellip;]<\/p>\n","protected":false},"author":1421,"featured_media":336928,"parent":0,"menu_order":0,"comment_status":"closed","ping_status":"closed","template":"template-editorial.php","meta":{"_acf_changed":false,"inline_featured_image":false,"footnotes":""},"silos":[3922],"class_list":["post-345236","page","type-page","status-publish","has-post-thumbnail","hentry"],"acf":[],"_links":{"self":[{"href":"https:\/\/www.santamonica.com\/es\/wp-json\/wp\/v2\/pages\/345236","targetHints":{"allow":["GET"]}}],"collection":[{"href":"https:\/\/www.santamonica.com\/es\/wp-json\/wp\/v2\/pages"}],"about":[{"href":"https:\/\/www.santamonica.com\/es\/wp-json\/wp\/v2\/types\/page"}],"author":[{"embeddable":true,"href":"https:\/\/www.santamonica.com\/es\/wp-json\/wp\/v2\/users\/1421"}],"replies":[{"embeddable":true,"href":"https:\/\/www.santamonica.com\/es\/wp-json\/wp\/v2\/comments?post=345236"}],"version-history":[{"count":10,"href":"https:\/\/www.santamonica.com\/es\/wp-json\/wp\/v2\/pages\/345236\/revisions"}],"predecessor-version":[{"id":365188,"href":"https:\/\/www.santamonica.com\/es\/wp-json\/wp\/v2\/pages\/345236\/revisions\/365188"}],"wp:featuredmedia":[{"embeddable":true,"href":"https:\/\/www.santamonica.com\/es\/wp-json\/wp\/v2\/media\/336928"}],"wp:attachment":[{"href":"https:\/\/www.santamonica.com\/es\/wp-json\/wp\/v2\/media?parent=345236"}],"wp:term":[{"taxonomy":"silos","embeddable":true,"href":"https:\/\/www.santamonica.com\/es\/wp-json\/wp\/v2\/silos?post=345236"}],"curies":[{"name":"wp","href":"https:\/\/api.w.org\/{rel}","templated":true}]}}