{"id":345210,"date":"2022-07-14T14:13:00","date_gmt":"2022-07-14T21:13:00","guid":{"rendered":"https:\/\/www.santamonica.com\/?page_id=345210"},"modified":"2024-08-16T12:43:19","modified_gmt":"2024-08-16T19:43:19","slug":"tu-destino","status":"publish","type":"page","link":"https:\/\/www.santamonica.com\/es\/i-am-santa-monica\/your-destination\/","title":{"rendered":"Soy tu destino"},"content":{"rendered":"<section class=\"sun-title sm-block --theme6 --2col sm-block\">\n            <h2 class=\"sun-title__headline\">\u00bfQu\u00e9 es \u201cSoy tu destino\u201d y qu\u00e9 ventajas ofrece?<\/h2>    \n            <div class=\"sun-title__body  --2col wysiwyg\">\n                    <div class=\"column-1\">\n                <ul>\n<li style=\"font-weight: 400;\" aria-level=\"1\"><span style=\"font-weight: 400;\">Un programa de capacitaci\u00f3n personalizable e interactivo dise\u00f1ado para la industria hotelera y tur\u00edstica.<\/span><\/li>\n<li style=\"font-weight: 400;\" aria-level=\"1\"><span style=\"font-weight: 400;\">Proporciona familiarizaci\u00f3n con el destino y transmite el mensaje de su marca directamente a los empleados que atienden a los visitantes, incluyendo a las partes interesadas clave, los empleados de primera l\u00ednea del sector hotelero y los voluntarios.<\/span><\/li>\n<li style=\"font-weight: 400;\" aria-level=\"1\"><span style=\"font-weight: 400;\">Posiciona a\u00fan m\u00e1s a tu DMO como \u201cla\u201d fuente de informaci\u00f3n tur\u00edstica sobre la marca de tu destino.<\/span><\/li>\n<li style=\"font-weight: 400;\" aria-level=\"1\"><span style=\"font-weight: 400;\">Involucra a todos los niveles de la comunidad, desde el personal de seguridad, los l\u00edderes c\u00edvicos, la educaci\u00f3n, las empresas y las organizaciones sin fines de lucro.<\/span><\/li>\n<li style=\"font-weight: 400;\" aria-level=\"1\"><span style=\"font-weight: 400;\">Crea \u201cpromotores tur\u00edsticos\u201d que cuentan con informaci\u00f3n sobre el destino.<\/span><\/li>\n<li style=\"font-weight: 400;\" aria-level=\"1\"><span style=\"font-weight: 400;\">Desarrolla una sinergia y comunicaci\u00f3n continuas con los graduados del programa.<\/span><\/li>\n<li>Formato probado y m\u00f3dulos de capacitaci\u00f3n creados para las DMO por una DMO, y disponibles en formato presencial, digital o combinado (presencial y digital).<\/li>\n<li>F\u00e1cil de adaptar a cada ciudad o municipio, rentable e incluye asesoramiento y asistencia para la configuraci\u00f3n.<\/li>\n<\/ul>\n                            <\/div>\n            <div class=\"column-2\">\n                <p><strong>Participantes recientes de \u201cYo soy tu destino\u201d<\/strong><\/p>\n<p><span style=\"font-weight: 400;\">Cerca de 2500 empleados del sector hotelero de Santa M\u00f3nica han recibido formaci\u00f3n sobre la marca del destino. \u00danase a otros destinos \u201cI Am\u201d, entre los que se incluyen:<\/span><\/p>\n<ul>\n<li style=\"font-weight: 400;\" aria-level=\"1\"><span style=\"font-weight: 400;\">Oficina de Turismo del Condado de Macon-Bibb<\/span><\/li>\n<li style=\"font-weight: 400;\" aria-level=\"1\"><span style=\"font-weight: 400;\">Visita Oakland<\/span><\/li>\n<li style=\"font-weight: 400;\" aria-level=\"1\"><span style=\"font-weight: 400;\">Visita Newport Beach<\/span><\/li>\n<li style=\"font-weight: 400;\" aria-level=\"1\"><span style=\"font-weight: 400;\">Visita West Hollywood<\/span><\/li>\n<li aria-level=\"1\">Oficina de Convenciones y Visitantes del Gran Ontario<\/li>\n<li style=\"font-weight: 400;\" aria-level=\"1\"><span style=\"font-weight: 400;\">Visita Santa B\u00e1rbara<\/span><\/li>\n<li aria-level=\"1\">Oficina de Turismo de Fargo-Moorhead<\/li>\n<li style=\"font-weight: 400;\" aria-level=\"1\"><span style=\"font-weight: 400;\">Visita Tri-Valley<\/span><\/li>\n<\/ul>\n<p><!-- wp:paragraph --><\/p>\n<p><!-- \/wp:paragraph --><\/p>\n                            <\/div>\n            <\/div>\n    <\/section>\n\n\n\n<figure class=\"wp-block-image aligncenter size-large base-block\"><img decoding=\"async\" width=\"1024\" height=\"307\" src=\"https:\/\/www.santamonica.com\/wp-content\/uploads\/2022\/09\/I-Am-Your-Destination-Logo-Horizontal-1024x307.png\" alt=\"Soy tu destino. Logotipo.\" class=\"wp-image-361265\" title=\"\" srcset=\"https:\/\/www.santamonica.com\/wp-content\/uploads\/2022\/09\/I-Am-Your-Destination-Logo-Horizontal-1024x307.png 1024w, https:\/\/www.santamonica.com\/wp-content\/uploads\/2022\/09\/I-Am-Your-Destination-Logo-Horizontal-300x90.png 300w, https:\/\/www.santamonica.com\/wp-content\/uploads\/2022\/09\/I-Am-Your-Destination-Logo-Horizontal-270x81.png 270w, https:\/\/www.santamonica.com\/wp-content\/uploads\/2022\/09\/I-Am-Your-Destination-Logo-Horizontal-768x230.png 768w, https:\/\/www.santamonica.com\/wp-content\/uploads\/2022\/09\/I-Am-Your-Destination-Logo-Horizontal-1536x461.png 1536w, https:\/\/www.santamonica.com\/wp-content\/uploads\/2022\/09\/I-Am-Your-Destination-Logo-Horizontal.png 2000w\" sizes=\"(max-width: 1024px) 100vw, 1024px\" \/><\/figure>\n\n\n<\/figure>\n\n<section class=\"sun-title sm-block --theme6 --2col sm-block\">\n            <h2 class=\"sun-title__headline\">Opiniones de destinos que utilizan \u201cSoy tu destino\u201d<\/h2>    \n            <div class=\"sun-title__body  --2col wysiwyg\">\n                    <div class=\"column-1\">\n                <p>\u201cSiempre hemos sabido que nuestros equipos locales de hosteler\u00eda eran los mejores embajadores de Tri-Valley. Gracias al programa I Am, hemos podido formar y entretener a nuestro personal de atenci\u00f3n al cliente, involucr\u00e1ndolos en nuestra misi\u00f3n de atraer a los visitantes a Tri-Valley una y otra vez\u201d.\u201d<\/p>\n<p><!-- \/wp:paragraph --> <!-- wp:paragraph --><\/p>\n<p>- <em>Robin Fahr, Director de Marketing y Comunicaciones, Visit Tri-Valley<\/em><\/p>\n<p><!-- \/wp:paragraph --> <!-- wp:paragraph --><\/p>\n<p>\u201cEl programa I Am Santa Monica result\u00f3 ser una herramienta muy valiosa para todo mi personal. Aquellos que han vivido y trabajado en esta ciudad durante a\u00f1os salieron del taller habiendo aprendido algo nuevo sobre esta gran ciudad y sobre c\u00f3mo atender mejor a nuestros visitantes\u201d.\u201d<\/p>\n<p><!-- \/wp:paragraph --> <!-- wp:paragraph --><\/p>\n<p>- <em>Timothy Jackman, jefe jubilado del Departamento de Polic\u00eda de Santa M\u00f3nica<\/em><\/p>\n                            <\/div>\n            <div class=\"column-2\">\n                <p><!-- wp:paragraph --><\/p>\n<p class=\"p1\">\u201cEl programa de embajadores \u201dI Am West Hollywood\u00bb ense\u00f1a a los propietarios de negocios de West Hollywood y a sus empleados todo lo que West Hollywood tiene para ofrecer. Desde su lanzamiento en septiembre de 2014, \u00abI Am West Hollywood\u00bb ha formado a casi 200 embajadores, proporcion\u00e1ndoles herramientas que pueden utilizar para informar mejor a los visitantes sobre West Hollywood y representar a la ciudad en su vida laboral y personal. Estoy muy orgulloso de formar parte de este incre\u00edble y pr\u00f3spero programa.\u201d<\/p>\n<p class=\"p1\">- <i>Erin Hennessay, directora de mercadotecnia, Visit West Hollywood<\/i><\/p>\n<p><!-- \/wp:paragraph --><\/p>\n                            <\/div>\n            <\/div>\n    <\/section>","protected":false},"excerpt":{"rendered":"","protected":false},"author":1421,"featured_media":336928,"parent":0,"menu_order":0,"comment_status":"closed","ping_status":"closed","template":"template-editorial.php","meta":{"_acf_changed":false,"inline_featured_image":false,"footnotes":""},"silos":[3922],"class_list":["post-345210","page","type-page","status-publish","has-post-thumbnail","hentry"],"acf":[],"_links":{"self":[{"href":"https:\/\/www.santamonica.com\/es\/wp-json\/wp\/v2\/pages\/345210","targetHints":{"allow":["GET"]}}],"collection":[{"href":"https:\/\/www.santamonica.com\/es\/wp-json\/wp\/v2\/pages"}],"about":[{"href":"https:\/\/www.santamonica.com\/es\/wp-json\/wp\/v2\/types\/page"}],"author":[{"embeddable":true,"href":"https:\/\/www.santamonica.com\/es\/wp-json\/wp\/v2\/users\/1421"}],"replies":[{"embeddable":true,"href":"https:\/\/www.santamonica.com\/es\/wp-json\/wp\/v2\/comments?post=345210"}],"version-history":[{"count":97,"href":"https:\/\/www.santamonica.com\/es\/wp-json\/wp\/v2\/pages\/345210\/revisions"}],"predecessor-version":[{"id":427945,"href":"https:\/\/www.santamonica.com\/es\/wp-json\/wp\/v2\/pages\/345210\/revisions\/427945"}],"wp:featuredmedia":[{"embeddable":true,"href":"https:\/\/www.santamonica.com\/es\/wp-json\/wp\/v2\/media\/336928"}],"wp:attachment":[{"href":"https:\/\/www.santamonica.com\/es\/wp-json\/wp\/v2\/media?parent=345210"}],"wp:term":[{"taxonomy":"silos","embeddable":true,"href":"https:\/\/www.santamonica.com\/es\/wp-json\/wp\/v2\/silos?post=345210"}],"curies":[{"name":"wp","href":"https:\/\/api.w.org\/{rel}","templated":true}]}}