{"id":345148,"date":"2022-07-13T17:14:38","date_gmt":"2022-07-14T00:14:38","guid":{"rendered":"https:\/\/www.santamonica.com\/?page_id=345148"},"modified":"2025-12-09T08:27:35","modified_gmt":"2025-12-09T16:27:35","slug":"soy-santa-monica","status":"publish","type":"page","link":"https:\/\/www.santamonica.com\/es\/i-am-santa-monica\/","title":{"rendered":"Soy Santa M\u00f3nica"},"content":{"rendered":"<section class=\"two-images container-max sm-block  sm-block\">\n    <div class=\"two-images__container\">\n\n        <div class=\"two-images__column\">\n            <div class=\"two-images__content\">\n                <div class=\"two-images__content-header-container\">\n                                            <h2 class=\"two-images__content-header\">Empod\u00e9rate<\/h2>                                    <\/div>\n                                    <div class=\"two-images__content-body wysiwyg\">\n                        <p><span style=\"font-weight: 400;\">Dirige a tu equipo asistiendo a un taller gratuito y a una visita guiada por Santa M\u00f3nica y convi\u00e9rtete en embajador de informaci\u00f3n. Es importante recordar que cuanto m\u00e1s ayudemos a los visitantes durante su estancia, m\u00e1s felices estar\u00e1n mientras est\u00e9n aqu\u00ed. \u00a1Los clientes satisfechos gastan m\u00e1s dinero!<\/span><\/p>\n<p><span style=\"font-weight: 400;\">He aqu\u00ed por qu\u00e9 deber\u00edas hacerlo. <\/span><a href=\"https:\/\/santamonicatraveltourism.formstack.com\/forms\/i_am_santa_monica\" target=\"_blank\" rel=\"noopener\"><span style=\"font-weight: 400;\"><strong>Reg\u00edstrese ahora<\/strong>!<\/span><\/a><\/p>\n<ul>\n<li>Taller gratuito y recorrido en autob\u00fas<\/li>\n<li>Inf\u00f3rmate mejor sobre Santa M\u00f3nica.<\/li>\n<li>Descubra datos curiosos y recursos valiosos para compartir con sus clientes.<\/li>\n<li>Con\u00e9ctate con la comunidad en la que trabajas.<\/li>\n<li>Reciba un certificado que acredite la finalizaci\u00f3n del curso e incl\u00fayalo en su curr\u00edculum.<\/li>\n<li>Inf\u00f3rmate sobre sostenibilidad, opciones de transporte local, recursos disponibles para personas sin hogar y mucho m\u00e1s.<\/li>\n<li>Inf\u00f3rmate sobre las oportunidades de voluntariado en Santa M\u00f3nica.<\/li>\n<\/ul>\n                    <\/div>\n                                            <\/div>\n        <\/div>\n\n        <div class=\"two-images__column\">\n                            <div class=\"two-images__image-container\">\n                    <img decoding=\"async\" width=\"424\" height=\"504\" src=\"https:\/\/www.santamonica.com\/wp-content\/uploads\/2022\/07\/Carlos-Bakery-Employee424x504-e1658448873692.png\" class=\"two-images__image\" alt=\"Empleado de la panader\u00eda Carlos\" loading=\"lazy\" srcset=\"https:\/\/www.santamonica.com\/wp-content\/uploads\/2022\/07\/Carlos-Bakery-Employee424x504-e1658448873692.png 424w, https:\/\/www.santamonica.com\/wp-content\/uploads\/2022\/07\/Carlos-Bakery-Employee424x504-e1658448873692-252x300.png 252w, https:\/\/www.santamonica.com\/wp-content\/uploads\/2022\/07\/Carlos-Bakery-Employee424x504-e1658448873692-126x150.png 126w\" sizes=\"auto, (max-width: 424px) 100vw, 424px\" title=\"\">                    \n\n                <\/div>\n                    <\/div>\n\n        <div class=\"two-images__column\">\n                            <div class=\"two-images__image-container\">\n                    <img decoding=\"async\" width=\"424\" height=\"504\" src=\"https:\/\/www.santamonica.com\/wp-content\/uploads\/2022\/07\/Hot-Dog-on-a-Stick-Employee-424x504-1-e1658449364260.png\" class=\"two-images__image\" alt=\"Empleado de Hot Dog on a Stick\" loading=\"lazy\" srcset=\"https:\/\/www.santamonica.com\/wp-content\/uploads\/2022\/07\/Hot-Dog-on-a-Stick-Employee-424x504-1-e1658449364260.png 424w, https:\/\/www.santamonica.com\/wp-content\/uploads\/2022\/07\/Hot-Dog-on-a-Stick-Employee-424x504-1-e1658449364260-252x300.png 252w, https:\/\/www.santamonica.com\/wp-content\/uploads\/2022\/07\/Hot-Dog-on-a-Stick-Employee-424x504-1-e1658449364260-126x150.png 126w\" sizes=\"auto, (max-width: 424px) 100vw, 424px\" title=\"\">                    \n\n                <\/div>\n                    <\/div>\n\n    <\/div>\n<\/section>\n\n\n\n<section class=\"two-images container-max sm-block --flip sm-block\">\n    <div class=\"two-images__container --flip\">\n\n        <div class=\"two-images__column\">\n            <div class=\"two-images__content\">\n                <div class=\"two-images__content-header-container\">\n                                            <h2 class=\"two-images__content-header\">Empoderar a los empleados<\/h2>                                    <\/div>\n                                    <div class=\"two-images__content-body wysiwyg\">\n                        <p><span style=\"font-weight: 400;\">Dos horas gratis. <\/span>El taller interactivo y el recorrido por Santa M\u00f3nica ense\u00f1an y educan a los empleados sobre Santa M\u00f3nica, con \u00e9nfasis en el servicio al cliente y la hospitalidad. Las personas capacitadas se convierten en \u201cEmbajadores Oficiales de Informaci\u00f3n\u201d y se les proporciona datos, cifras y an\u00e9cdotas divertidas sobre Santa M\u00f3nica para que las utilicen en sus interacciones con los clientes.<\/p>\n<p><span style=\"font-weight: 400;\">He aqu\u00ed por qu\u00e9 deber\u00edas hacerlo. <\/span><a href=\"https:\/\/santamonicatraveltourism.formstack.com\/forms\/i_am_santa_monica\" target=\"_blank\" rel=\"noopener\"><span style=\"font-weight: 400;\"><strong>Reg\u00edstrese ahora<\/strong>!<\/span><\/a><\/p>\n<ul>\n<li>Taller gratuito y recorrido en autob\u00fas<\/li>\n<li>Inf\u00f3rmese mejor sobre Santa M\u00f3nica para atender mejor a nuestros clientes y a la comunidad.<\/li>\n<li>Descubra datos curiosos y recursos valiosos para compartir con sus clientes.<\/li>\n<li>Con\u00e9ctate con la comunidad en la que trabajas.<\/li>\n<li>Inf\u00f3rmate sobre sostenibilidad, opciones de transporte local, recursos disponibles para personas sin hogar y mucho m\u00e1s.<\/li>\n<li>Inf\u00f3rmate sobre las oportunidades de voluntariado en Santa M\u00f3nica.<\/li>\n<\/ul>\n                    <\/div>\n                                            <\/div>\n        <\/div>\n\n        <div class=\"two-images__column\">\n                            <div class=\"two-images__image-container\">\n                    <img decoding=\"async\" width=\"424\" height=\"504\" src=\"https:\/\/www.santamonica.com\/wp-content\/uploads\/2022\/07\/Cheese-Shop-Employee-424x504-1-e1658449346603.png\" class=\"two-images__image\" alt=\"Empleado de una tienda de quesos\" loading=\"lazy\" srcset=\"https:\/\/www.santamonica.com\/wp-content\/uploads\/2022\/07\/Cheese-Shop-Employee-424x504-1-e1658449346603.png 424w, https:\/\/www.santamonica.com\/wp-content\/uploads\/2022\/07\/Cheese-Shop-Employee-424x504-1-e1658449346603-252x300.png 252w, https:\/\/www.santamonica.com\/wp-content\/uploads\/2022\/07\/Cheese-Shop-Employee-424x504-1-e1658449346603-126x150.png 126w\" sizes=\"auto, (max-width: 424px) 100vw, 424px\" title=\"\">                    \n\n                <\/div>\n                    <\/div>\n\n        <div class=\"two-images__column\">\n                            <div class=\"two-images__image-container\">\n                    <img decoding=\"async\" width=\"424\" height=\"504\" src=\"https:\/\/www.santamonica.com\/wp-content\/uploads\/2022\/07\/Coffee-Shop-Employee-424x504-1-e1658449324216.png\" class=\"two-images__image\" alt=\"Empleado de cafeter\u00eda\" loading=\"lazy\" srcset=\"https:\/\/www.santamonica.com\/wp-content\/uploads\/2022\/07\/Coffee-Shop-Employee-424x504-1-e1658449324216.png 424w, https:\/\/www.santamonica.com\/wp-content\/uploads\/2022\/07\/Coffee-Shop-Employee-424x504-1-e1658449324216-252x300.png 252w, https:\/\/www.santamonica.com\/wp-content\/uploads\/2022\/07\/Coffee-Shop-Employee-424x504-1-e1658449324216-126x150.png 126w\" sizes=\"auto, (max-width: 424px) 100vw, 424px\" title=\"\">                    \n\n                <\/div>\n                    <\/div>\n\n    <\/div>\n<\/section>\n\n\n\n<div class=\"wp-block-columns is-layout-flex wp-container-core-columns-is-layout-28f84493 wp-block-columns-is-layout-flex base-block\">\n<div class=\"wp-block-column is-layout-flow wp-block-column-is-layout-flow base-block\">\n<h5 class=\"wp-block-heading base-block\">Inscribirse<\/h5>\n\n\n\n<p class=\"base-block\"><a href=\"https:\/\/santamonicatraveltourism.formstack.com\/forms\/i_am_santa_monica\" target=\"_blank\" rel=\"noreferrer noopener\">Inscr\u00edbase usted o inscriba a su equipo.<\/a> Ahora en el taller gratuito \u00abI Am Santa Monica\u00bb, organizado por SMTT.<\/p>\n<\/div>\n\n\n\n<div class=\"wp-block-column is-layout-flow wp-block-column-is-layout-flow base-block\">\n<h5 class=\"wp-block-heading base-block\">Solicitar reuni\u00f3n<\/h5>\n\n\n\n<p class=\"base-block\"><a href=\"https:\/\/www.santamonica.com\/es\/soy-santa-monica\/solicitar-reunion\/\">Organiza un taller \u00abYo soy Santa M\u00f3nica\u00bb<\/a> en su empresa. Se ofrecen sesiones de capacitaci\u00f3n fuera de las instalaciones para grupos de un m\u00ednimo de 20 personas.<\/p>\n<\/div>\n\n\n\n<div class=\"wp-block-column is-layout-flow wp-block-column-is-layout-flow base-block\">\n<h5 class=\"wp-block-heading base-block\">Premio de Turismo<\/h5>\n\n\n\n<p class=\"base-block\">Cada a\u00f1o, honramos a empleados espec\u00edficos nomin\u00e1ndolos para el <a href=\"https:\/\/www.santamonica.com\/es\/premio-al-espiritu\/\">Premio Thelma Parks al Esp\u00edritu Tur\u00edstico<\/a>.<\/p>\n<\/div>\n\n\n\n<div class=\"wp-block-column is-layout-flow wp-block-column-is-layout-flow base-block\">\n<h5 class=\"wp-block-heading base-block\">Testimonios<\/h5>\n\n\n\n<p class=\"base-block\"><a href=\"https:\/\/www.santamonica.com\/es\/soy-santa-monica\/testimonios\/\">Escucha a los embajadores de informaci\u00f3n de I Am Santa Monica<\/a> mientras comparten sus experiencias y los beneficios del programa Yo Soy.<\/p>\n<\/div>\n\n\n\n<div class=\"wp-block-column is-layout-flow wp-block-column-is-layout-flow base-block\">\n<h5 class=\"wp-block-heading base-block\">Expandir Yo soy<\/h5>\n\n\n\n<p class=\"base-block\"><a href=\"https:\/\/www.santamonica.com\/es\/soy-santa-monica\/tu-destino\/\">Crea tu propio \u201cYo soy\u201d <\/a>programa, dise\u00f1ado para educar e informar a las empresas y a los empleados que viven y trabajan en su destino.<\/p>\n<\/div>\n<\/div>\n\n\n\n<figure class=\"wp-block-image aligncenter size-large is-resized base-block\"><img decoding=\"async\" width=\"1024\" height=\"406\" src=\"https:\/\/www.santamonica.com\/wp-content\/uploads\/2023\/10\/I-Am-SM-Logo-Horiz_BLACK-1024x406.png\" alt=\"\" class=\"wp-image-394504\" style=\"width:371px;height:148px\" title=\"\" srcset=\"https:\/\/www.santamonica.com\/wp-content\/uploads\/2023\/10\/I-Am-SM-Logo-Horiz_BLACK-1024x406.png 1024w, https:\/\/www.santamonica.com\/wp-content\/uploads\/2023\/10\/I-Am-SM-Logo-Horiz_BLACK-300x119.png 300w, https:\/\/www.santamonica.com\/wp-content\/uploads\/2023\/10\/I-Am-SM-Logo-Horiz_BLACK-270x107.png 270w, https:\/\/www.santamonica.com\/wp-content\/uploads\/2023\/10\/I-Am-SM-Logo-Horiz_BLACK-768x304.png 768w, https:\/\/www.santamonica.com\/wp-content\/uploads\/2023\/10\/I-Am-SM-Logo-Horiz_BLACK-1536x609.png 1536w, https:\/\/www.santamonica.com\/wp-content\/uploads\/2023\/10\/I-Am-SM-Logo-Horiz_BLACK-2048x812.png 2048w\" sizes=\"(max-width: 1024px) 100vw, 1024px\" \/><\/figure>\n\n\n<\/figure>","protected":false},"excerpt":{"rendered":"<p>Enroll Enroll yourself or your team now in the free I Am Santa Monica workshop, hosted by SMTT. Request Meeting Host an I Am Santa Monica workshop at your business. Offsite training sessions are available for groups with a minimum of 20 people. Tourism Award Every year, we honor specific employees by nominating them for the Thelma Parks Tourism Spirit Award. Testimonials Hear from I Am Santa Monica Information Ambassadors as they share their experiences and the benefits of the I Am program.. Expand I Am Create your own \u201cI Am\u201d program, designed to educate and inform businesses and employees [\u2026]<\/p>\n","protected":false},"author":1421,"featured_media":349569,"parent":0,"menu_order":0,"comment_status":"closed","ping_status":"closed","template":"template-editorial.php","meta":{"_acf_changed":false,"inline_featured_image":false,"footnotes":""},"silos":[],"class_list":["post-345148","page","type-page","status-publish","has-post-thumbnail","hentry"],"acf":[],"_links":{"self":[{"href":"https:\/\/www.santamonica.com\/es\/wp-json\/wp\/v2\/pages\/345148","targetHints":{"allow":["GET"]}}],"collection":[{"href":"https:\/\/www.santamonica.com\/es\/wp-json\/wp\/v2\/pages"}],"about":[{"href":"https:\/\/www.santamonica.com\/es\/wp-json\/wp\/v2\/types\/page"}],"author":[{"embeddable":true,"href":"https:\/\/www.santamonica.com\/es\/wp-json\/wp\/v2\/users\/1421"}],"replies":[{"embeddable":true,"href":"https:\/\/www.santamonica.com\/es\/wp-json\/wp\/v2\/comments?post=345148"}],"version-history":[{"count":66,"href":"https:\/\/www.santamonica.com\/es\/wp-json\/wp\/v2\/pages\/345148\/revisions"}],"predecessor-version":[{"id":778659,"href":"https:\/\/www.santamonica.com\/es\/wp-json\/wp\/v2\/pages\/345148\/revisions\/778659"}],"wp:featuredmedia":[{"embeddable":true,"href":"https:\/\/www.santamonica.com\/es\/wp-json\/wp\/v2\/media\/349569"}],"wp:attachment":[{"href":"https:\/\/www.santamonica.com\/es\/wp-json\/wp\/v2\/media?parent=345148"}],"wp:term":[{"taxonomy":"silos","embeddable":true,"href":"https:\/\/www.santamonica.com\/es\/wp-json\/wp\/v2\/silos?post=345148"}],"curies":[{"name":"wp","href":"https:\/\/api.w.org\/{rel}","templated":true}]}}