{"id":344327,"date":"2022-07-15T13:31:14","date_gmt":"2022-07-15T20:31:14","guid":{"rendered":"https:\/\/www.santamonica.com\/?page_id=344327"},"modified":"2024-07-23T14:56:41","modified_gmt":"2024-07-23T21:56:41","slug":"conjunto-de-herramientas","status":"publish","type":"page","link":"https:\/\/www.santamonica.com\/es\/travel-trade\/toolkit\/","title":{"rendered":"Kit de herramientas para socios"},"content":{"rendered":"<section class=\"sun-title sm-block --theme6 sm-block\">\n            <h2 class=\"sun-title__headline\">Descargar se\u00f1alizaci\u00f3n<\/h2>    \n            <div class=\"sun-title__body  wysiwyg\">\n                    <p><a href=\"https:\/\/www.santamonica.com\/wp-content\/uploads\/2022\/09\/SMTT_Welcome_Windows.pdf\" target=\"_blank\" rel=\"noopener\">Descargar carteles \u00abTodos son bienvenidos\u00bb<\/a> para exhibir en todo su negocio.<\/p>\n                        <\/div>\n    <\/section>\n\n\n<section class=\"links-grid --theme3 sm-block\">\n    <div class=\"links-grid__wrapper\">\n                                                    <a href=\"https:\/\/www.santamonica.com\/es\/request-santa-monica-vistors-guide\/\" class=\"links-grid__card-link\" aria-label=\"Gu\u00eda del visitante\" >\n                    <div class=\"links-grid__card\">\n                                                    <div class=\"links-grid__card-image-wrapper\">\n                                <img decoding=\"async\" width=\"366\" height=\"330\" src=\"https:\/\/www.santamonica.com\/wp-content\/uploads\/2022\/07\/PartnerVisitor366x330.jpg\" class=\"links-grid__card-image\" alt=\"Mujer fingiendo tener miedo de una ola pintada en una gran pared; mural callejero.\" loading=\"lazy\" srcset=\"https:\/\/www.santamonica.com\/wp-content\/uploads\/2022\/07\/PartnerVisitor366x330.jpg 366w, https:\/\/www.santamonica.com\/wp-content\/uploads\/2022\/07\/PartnerVisitor366x330-300x270.jpg 300w, https:\/\/www.santamonica.com\/wp-content\/uploads\/2022\/07\/PartnerVisitor366x330-166x150.jpg 166w\" sizes=\"auto, (max-width: 366px) 100vw, 366px\" title=\"\">                            <\/div>\n                                                <div class=\"links-grid__card-text\">\n                                                            <div class=\"links-grid__card-title\">Gu\u00eda del visitante<\/div>\n                                                                                        <div class=\"links-grid__card-description\">Solicite gu\u00edas y mapas impresos gratuitos para visitantes de Santa M\u00f3nica.<\/div>\n                                                    <\/div>\n                    <\/div>\n                <\/a>\n                                            <a href=\"https:\/\/www.santamonica.com\/es\/partners\/promote-your-business\/\" class=\"links-grid__card-link\" aria-label=\"Promocione su empresa\" >\n                    <div class=\"links-grid__card\">\n                                                    <div class=\"links-grid__card-image-wrapper\">\n                                <img decoding=\"async\" width=\"366\" height=\"330\" src=\"https:\/\/www.santamonica.com\/wp-content\/uploads\/2022\/07\/Partner366x330.jpg\" class=\"links-grid__card-image\" alt=\"Piso abierto en la convenci\u00f3n con la marca Santa Monica.\" loading=\"lazy\" srcset=\"https:\/\/www.santamonica.com\/wp-content\/uploads\/2022\/07\/Partner366x330.jpg 366w, https:\/\/www.santamonica.com\/wp-content\/uploads\/2022\/07\/Partner366x330-300x270.jpg 300w, https:\/\/www.santamonica.com\/wp-content\/uploads\/2022\/07\/Partner366x330-166x150.jpg 166w\" sizes=\"auto, (max-width: 366px) 100vw, 366px\" title=\"\">                            <\/div>\n                                                <div class=\"links-grid__card-text\">\n                                                            <div class=\"links-grid__card-title\">Promocione su empresa<\/div>\n                                                                                        <div class=\"links-grid__card-description\">Aproveche los recursos de SMTT para maximizar el alcance de su negocio.<\/div>\n                                                    <\/div>\n                    <\/div>\n                <\/a>\n                                            <a href=\"https:\/\/www.santamonica.com\/es\/2024-tourism-summit-follow-up\/\" class=\"links-grid__card-link\" aria-label=\"Seguimiento de la Cumbre de Turismo de 2025\" >\n                    <div class=\"links-grid__card\">\n                                                    <div class=\"links-grid__card-image-wrapper\">\n                                <img decoding=\"async\" width=\"400\" height=\"400\" src=\"https:\/\/www.santamonica.com\/wp-content\/uploads\/2025\/06\/Adobe-Express-file-2-copy-1-400x400.jpg\" class=\"links-grid__card-image\" alt=\"Seguimiento de la Cumbre de Turismo de 2025\" loading=\"lazy\" title=\"\">                            <\/div>\n                                                <div class=\"links-grid__card-text\">\n                                                            <div class=\"links-grid__card-title\">Seguimiento de la Cumbre de Turismo de 2025<\/div>\n                                                                                        <div class=\"links-grid__card-description\">Acceda a los recursos posteriores al evento de la Cumbre de Turismo de SMTT.<\/div>\n                                                    <\/div>\n                    <\/div>\n                <\/a>\n                                            <a href=\"https:\/\/www.santamonica.com\/es\/economic-value-of-tourism\/\" class=\"links-grid__card-link\" aria-label=\"Turismo en Santa M\u00f3nica\" >\n                    <div class=\"links-grid__card\">\n                                                    <div class=\"links-grid__card-image-wrapper\">\n                                <img decoding=\"async\" width=\"366\" height=\"330\" src=\"https:\/\/www.santamonica.com\/wp-content\/uploads\/2022\/07\/Essential366x330.jpg\" class=\"links-grid__card-image\" alt=\"Vista a\u00e9rea del muelle de Santa M\u00f3nica; oc\u00e9ano azul y verde a su alrededor.\" loading=\"lazy\" srcset=\"https:\/\/www.santamonica.com\/wp-content\/uploads\/2022\/07\/Essential366x330.jpg 366w, https:\/\/www.santamonica.com\/wp-content\/uploads\/2022\/07\/Essential366x330-300x270.jpg 300w, https:\/\/www.santamonica.com\/wp-content\/uploads\/2022\/07\/Essential366x330-166x150.jpg 166w\" sizes=\"auto, (max-width: 366px) 100vw, 366px\" title=\"\">                            <\/div>\n                                                <div class=\"links-grid__card-text\">\n                                                            <div class=\"links-grid__card-title\">Turismo en Santa M\u00f3nica<\/div>\n                                                                                        <div class=\"links-grid__card-description\">Conozca los datos concretos y descubra el impacto econ\u00f3mico del turismo en Santa M\u00f3nica.<\/div>\n                                                    <\/div>\n                    <\/div>\n                <\/a>\n                                            <a href=\"https:\/\/www.santamonica.com\/es\/about\/contact-us\/\" class=\"links-grid__card-link\" aria-label=\"P\u00f3ngase en contacto con nosotros\" >\n                    <div class=\"links-grid__card\">\n                                                    <div class=\"links-grid__card-image-wrapper\">\n                                <img decoding=\"async\" width=\"366\" height=\"330\" src=\"https:\/\/www.santamonica.com\/wp-content\/uploads\/2022\/07\/Partner366x330-1.jpg\" class=\"links-grid__card-image\" alt=\"Playa y olas del mar; gente en la playa; toma a\u00e9rea.\" loading=\"lazy\" srcset=\"https:\/\/www.santamonica.com\/wp-content\/uploads\/2022\/07\/Partner366x330-1.jpg 366w, https:\/\/www.santamonica.com\/wp-content\/uploads\/2022\/07\/Partner366x330-1-300x270.jpg 300w, https:\/\/www.santamonica.com\/wp-content\/uploads\/2022\/07\/Partner366x330-1-166x150.jpg 166w\" sizes=\"auto, (max-width: 366px) 100vw, 366px\" title=\"\">                            <\/div>\n                                                <div class=\"links-grid__card-text\">\n                                                            <div class=\"links-grid__card-title\">P\u00f3ngase en contacto con nosotros<\/div>\n                                                                                        <div class=\"links-grid__card-description\">Consulte las \u00faltimas novedades tur\u00edsticas enviadas por correo electr\u00f3nico por SMTT y suscr\u00edbase para recibir boletines informativos.<\/div>\n                                                    <\/div>\n                    <\/div>\n                <\/a>\n                                            <a href=\"https:\/\/www.santamonica.com\/es\/restaurants\/brunch-happy-hour-form\/\" class=\"links-grid__card-link\" aria-label=\"Formulario de brunch\/hora feliz\" >\n                    <div class=\"links-grid__card\">\n                                                    <div class=\"links-grid__card-image-wrapper\">\n                                <img decoding=\"async\" width=\"366\" height=\"330\" src=\"https:\/\/www.santamonica.com\/wp-content\/uploads\/2022\/07\/PartnerBrunch366x330.jpg\" class=\"links-grid__card-image\" alt=\"C\u00f3ctel martini rojo con adorno; pizza al fondo.\" loading=\"lazy\" srcset=\"https:\/\/www.santamonica.com\/wp-content\/uploads\/2022\/07\/PartnerBrunch366x330.jpg 366w, https:\/\/www.santamonica.com\/wp-content\/uploads\/2022\/07\/PartnerBrunch366x330-300x270.jpg 300w, https:\/\/www.santamonica.com\/wp-content\/uploads\/2022\/07\/PartnerBrunch366x330-166x150.jpg 166w\" sizes=\"auto, (max-width: 366px) 100vw, 366px\" title=\"\">                            <\/div>\n                                                <div class=\"links-grid__card-text\">\n                                                            <div class=\"links-grid__card-title\">Formulario de brunch\/hora feliz<\/div>\n                                                                                        <div class=\"links-grid__card-description\">Env\u00ede la oferta especial de brunch o Happy Hour de su restaurante para promocionarla en el sitio web de SMTT.<\/div>\n                                                    <\/div>\n                    <\/div>\n                <\/a>\n                                            <a href=\"https:\/\/www.santamonica.com\/es\/business-specials-submission-form\/\" class=\"links-grid__card-link\" aria-label=\"Enviar ofertas especiales para empresas\" >\n                    <div class=\"links-grid__card\">\n                                                    <div class=\"links-grid__card-image-wrapper\">\n                                <img decoding=\"async\" width=\"366\" height=\"330\" src=\"https:\/\/www.santamonica.com\/wp-content\/uploads\/2022\/07\/PartnerSpecial366x330.jpg\" class=\"links-grid__card-image\" alt=\"Mujer sirviendo vino en una copa en la barra de un restaurante.\" loading=\"lazy\" srcset=\"https:\/\/www.santamonica.com\/wp-content\/uploads\/2022\/07\/PartnerSpecial366x330.jpg 366w, https:\/\/www.santamonica.com\/wp-content\/uploads\/2022\/07\/PartnerSpecial366x330-300x270.jpg 300w, https:\/\/www.santamonica.com\/wp-content\/uploads\/2022\/07\/PartnerSpecial366x330-166x150.jpg 166w\" sizes=\"auto, (max-width: 366px) 100vw, 366px\" title=\"\">                            <\/div>\n                                                <div class=\"links-grid__card-text\">\n                                                            <div class=\"links-grid__card-title\">Enviar ofertas especiales para empresas<\/div>\n                                                                                        <div class=\"links-grid__card-description\">Env\u00ede la oferta especial de su negocio y comp\u00e1rtala con la comunidad a trav\u00e9s del sitio web de SMTT.<\/div>\n                                                    <\/div>\n                    <\/div>\n                <\/a>\n                                            <a href=\"https:\/\/www.santamonica.com\/es\/events\/\" class=\"links-grid__card-link\" aria-label=\"Eventos\" >\n                    <div class=\"links-grid__card\">\n                                                    <div class=\"links-grid__card-image-wrapper\">\n                                <img decoding=\"async\" width=\"366\" height=\"330\" src=\"https:\/\/www.santamonica.com\/wp-content\/uploads\/2022\/07\/PartnerEvents366x330.jpg\" class=\"links-grid__card-image\" alt=\"Hombre corriendo por la playa desde el mar con una pala; APP World Tour; el muelle de Santa M\u00f3nica al fondo.\" loading=\"lazy\" srcset=\"https:\/\/www.santamonica.com\/wp-content\/uploads\/2022\/07\/PartnerEvents366x330.jpg 366w, https:\/\/www.santamonica.com\/wp-content\/uploads\/2022\/07\/PartnerEvents366x330-300x270.jpg 300w, https:\/\/www.santamonica.com\/wp-content\/uploads\/2022\/07\/PartnerEvents366x330-166x150.jpg 166w\" sizes=\"auto, (max-width: 366px) 100vw, 366px\" title=\"\">                            <\/div>\n                                                <div class=\"links-grid__card-text\">\n                                                            <div class=\"links-grid__card-title\">Eventos<\/div>\n                                                                                        <div class=\"links-grid__card-description\">\u00bfVas a organizar un evento? \u00a1An\u00fancialo en el calendario de eventos de SMTT!<\/div>\n                                                    <\/div>\n                    <\/div>\n                <\/a>\n                        <\/div>\n<\/section>\n\n\n\n<section class=\"sun-title sm-block --theme6 sm-block\">\n            <h2 class=\"sun-title__headline\">Programas comunitarios<\/h2>    \n            <div class=\"sun-title__body  wysiwyg\">\n                    <p>\u00bfTienes un negocio en Santa M\u00f3nica y quieres involucrarte m\u00e1s en la comunidad? Explora nuestra lista de organizaciones locales para ver c\u00f3mo puedes participar:<\/p>\n<ul>\n<li><a href=\"https:\/\/www.santamonica.gov\/programs\/buy-local-santa-monica\" target=\"_blank\" rel=\"noopener\">Compra productos locales en Santa M\u00f3nica<\/a><\/li>\n<li><a href=\"https:\/\/smchamber.com\/\" target=\"_blank\" rel=\"noopener\">C\u00e1mara de Comercio<\/a><\/li>\n<li><a href=\"https:\/\/www.downtownsm.com\/about-us\" target=\"_blank\" rel=\"noopener\">Downtown Santa Monica, Inc. (DTSM)<\/a><\/li>\n<li><a href=\"https:\/\/www.mainstreetsm.com\/msbia\/\" target=\"_blank\" rel=\"noopener\">Asociaci\u00f3n para la Mejora Comercial de la Calle Principal<\/a><\/li>\n<li><a href=\"https:\/\/www.montanaave.com\/merchants\" target=\"_blank\" rel=\"noopener\">Asociaci\u00f3n de Comerciantes de Montana Avenue<\/a><\/li>\n<li><a href=\"https:\/\/picopassport.com\/about\" target=\"_blank\" rel=\"noopener\">Organizaci\u00f3n para la Mejora de Pico<\/a><\/li>\n<li><a href=\"https:\/\/www.sustainableworks.org\/\" target=\"_blank\" rel=\"noopener\">Trabajos Sostenibles<\/a><\/li>\n<\/ul>\n                        <\/div>\n    <\/section>\n\n\n<section class=\"meetings-contact-us sm-block\">\n    <div class=\"meetings-contact-us__inner\">\n        <div class=\"meetings-contact-us__image-wrap\">\n            <img decoding=\"async\" width=\"1024\" height=\"304\" src=\"https:\/\/www.santamonica.com\/wp-content\/uploads\/2022\/07\/Help1280x380-1024x304.jpg\" class=\"attachment-large size-large\" alt=\"Imagen del edificio del centro de visitantes; edificio gris con un letrero informativo en la parte superior.\" srcset=\"https:\/\/www.santamonica.com\/wp-content\/uploads\/2022\/07\/Help1280x380-1024x304.jpg 1024w, https:\/\/www.santamonica.com\/wp-content\/uploads\/2022\/07\/Help1280x380-300x89.jpg 300w, https:\/\/www.santamonica.com\/wp-content\/uploads\/2022\/07\/Help1280x380-270x80.jpg 270w, https:\/\/www.santamonica.com\/wp-content\/uploads\/2022\/07\/Help1280x380-768x228.jpg 768w, https:\/\/www.santamonica.com\/wp-content\/uploads\/2022\/07\/Help1280x380.jpg 1280w\" sizes=\"(max-width: 1024px) 100vw, 1024px\" title=\"\">        <\/div>\n        <div class=\"meetings-contact-us__body\">\n            <h1 class=\"meetings-contact-us__heading\">\n                \u00bfTiene alguna pregunta?            <\/h1>\n            <p class=\"meetings-contact-us__intro\">\n                \u00a1Si\u00e9ntete respaldado al contactar hoy mismo con el equipo de expertos de Santa Monica Travel &amp; Tourism!            <\/p>\n            <div class=\"meetings-contact-us__phone-numbers wysiwyg\">\n                                                            <\/div>\n            <div class=\"meetings-contact-us__ctas\">\n                                            <a class=\"meetings-contact-us__primary-cta\" href=\"https:\/\/www.santamonica.com\/es\/reuniones-convenciones\/reuniones-contactenos\/\">P\u00f3ngase en contacto con nosotros<\/a>\n                                                    <\/div>\n        <\/div>\n    <\/div>\n\n<\/section>\n\n\n<section class=\"blog-feed --theme8 sm-block\">\n    <div class=\"blog-feed__content\">\n        <div class=\"blog-feed__intro\">\n                                        <h1 class=\"blog-feed__headline\">Blogs<\/h1>                                            <\/div>\n\n        <ul class=\"blog-feed__list\">\n                                                <li class=\"blog-feed__item\">\n                        <a href=\"https:\/\/www.santamonica.com\/es\/santa-monica-hotels-offer-spring-staycation-discounts-to-residents-of-los-angeles-county-2\/\" class=\"blog-feed__item-link\">\n                            <div class=\"blog-feed__image-ratio\">\n                                <img decoding=\"async\" class=\"blog-feed__image\" src=\"https:\/\/www.santamonica.com\/wp-content\/uploads\/2026\/03\/1-240423_01_SMTT_1143-400x400.jpg\" alt=\"LOS HOTELES DE SANTA M\u00d3NICA OFRECEN DESCUENTOS EN ESTANCIAS DE PRIMAVERA A LOS RESIDENTES DEL CONDADO DE LOS \u00c1NGELES\" title=\"\">\n                            <\/div>\n                            <div class=\"blog-feed__card-title\">LOS HOTELES DE SANTA M\u00d3NICA OFRECEN DESCUENTOS EN ESTANCIAS DE PRIMAVERA A LOS RESIDENTES DEL CONDADO DE LOS \u00c1NGELES<\/div>\n                        <\/a>\n                    <\/li>\n                                                                <li class=\"blog-feed__item\">\n                        <a href=\"https:\/\/www.santamonica.com\/es\/whats-new-in-santa-monica-winter-2026\/\" class=\"blog-feed__item-link\">\n                            <div class=\"blog-feed__image-ratio\">\n                                <img decoding=\"async\" class=\"blog-feed__image\" src=\"https:\/\/www.santamonica.com\/wp-content\/uploads\/2026\/02\/Hotel-Casa-del-Mar-400x400.jpg\" alt=\"NOVEDADES EN SANTA M\u00d3NICA \u2013 INVIERNO DE 2026\" title=\"\">\n                            <\/div>\n                            <div class=\"blog-feed__card-title\">NOVEDADES EN SANTA M\u00d3NICA \u2013 INVIERNO DE 2026<\/div>\n                        <\/a>\n                    <\/li>\n                                                                <li class=\"blog-feed__item\">\n                        <a href=\"https:\/\/www.santamonica.com\/es\/media\/news-release\/base-yourself-beachside-in-santa-monica-for-fifa-world-cup-2026\/\" class=\"blog-feed__item-link\">\n                            <div class=\"blog-feed__image-ratio\">\n                                <img decoding=\"async\" class=\"blog-feed__image\" src=\"https:\/\/www.santamonica.com\/wp-content\/uploads\/2026\/02\/0-4-1-400x400.jpg\" alt=\"AL\u00d3JATE JUNTO A LA PLAYA EN SANTA M\u00d3NICA PARA DISFRUTAR DE LA COPA MUNDIAL DE LA FIFA 2026\u2122\" title=\"\">\n                            <\/div>\n                            <div class=\"blog-feed__card-title\">AL\u00d3JATE JUNTO A LA PLAYA EN SANTA M\u00d3NICA PARA DISFRUTAR DE LA COPA MUNDIAL DE LA FIFA 2026\u2122<\/div>\n                        <\/a>\n                    <\/li>\n                                    <\/ul>\n    <\/div>\n<\/section>","protected":false},"excerpt":{"rendered":"","protected":false},"author":1421,"featured_media":348936,"parent":0,"menu_order":0,"comment_status":"closed","ping_status":"closed","template":"template-things-to-do.php","meta":{"_acf_changed":false,"inline_featured_image":false,"footnotes":""},"silos":[3908],"class_list":["post-344327","page","type-page","status-publish","has-post-thumbnail","hentry"],"acf":[],"_links":{"self":[{"href":"https:\/\/www.santamonica.com\/es\/wp-json\/wp\/v2\/pages\/344327","targetHints":{"allow":["GET"]}}],"collection":[{"href":"https:\/\/www.santamonica.com\/es\/wp-json\/wp\/v2\/pages"}],"about":[{"href":"https:\/\/www.santamonica.com\/es\/wp-json\/wp\/v2\/types\/page"}],"author":[{"embeddable":true,"href":"https:\/\/www.santamonica.com\/es\/wp-json\/wp\/v2\/users\/1421"}],"replies":[{"embeddable":true,"href":"https:\/\/www.santamonica.com\/es\/wp-json\/wp\/v2\/comments?post=344327"}],"version-history":[{"count":75,"href":"https:\/\/www.santamonica.com\/es\/wp-json\/wp\/v2\/pages\/344327\/revisions"}],"predecessor-version":[{"id":424437,"href":"https:\/\/www.santamonica.com\/es\/wp-json\/wp\/v2\/pages\/344327\/revisions\/424437"}],"wp:featuredmedia":[{"embeddable":true,"href":"https:\/\/www.santamonica.com\/es\/wp-json\/wp\/v2\/media\/348936"}],"wp:attachment":[{"href":"https:\/\/www.santamonica.com\/es\/wp-json\/wp\/v2\/media?parent=344327"}],"wp:term":[{"taxonomy":"silos","embeddable":true,"href":"https:\/\/www.santamonica.com\/es\/wp-json\/wp\/v2\/silos?post=344327"}],"curies":[{"name":"wp","href":"https:\/\/api.w.org\/{rel}","templated":true}]}}