{"id":343597,"date":"2022-06-24T17:22:59","date_gmt":"2022-06-25T00:22:59","guid":{"rendered":"https:\/\/www.santamonica.com\/?page_id=343597"},"modified":"2023-12-12T10:58:51","modified_gmt":"2023-12-12T18:58:51","slug":"copa-de-rosa","status":"publish","type":"page","link":"https:\/\/www.santamonica.com\/es\/things-to-do\/rose-bowl\/","title":{"rendered":"Copa Rosa"},"content":{"rendered":"<section class=\"booking-cta --theme5 sm-block\">\n    <div id=\"widget-container-2070\"><\/div>\n<script type=\"text\/javascript\">\n  (function() {\n    var script = document.createElement('script');\n    script.type = 'text\/javascript';\n    script.async = 'true';\n    script.src = \"https:\/\/admin.bookdirect.net\/hs4\/widgets\/2070.js?widget_element=widget-container-2070\";\n    document.body.appendChild(script);\n  })();\n<\/script>\n    <\/section>\n\n\n\n\n    \n    <section class=\"subpage-links container-max sm-block\">\n        <div class=\"subpage-links__diamonds\"><\/div>\n                <div class=\"subpage-links__content\">\n            <div class=\"subpage-links__card\">\n                <div class=\"subpage-links__card-wrapper\">\n                    <a href=\"https:\/\/www.santamonica.com\/es\/hoteles\/\" class=\"subpage-links__card-link\" aria-label=\"Reserve su hotel\">\n                                                    <img decoding=\"async\" width=\"550\" height=\"782\" src=\"https:\/\/www.santamonica.com\/wp-content\/uploads\/2022\/12\/Loews-Santa-Monica-Hotel.jpg\" class=\"subpage-links__card-image\" alt=\"\" loading=\"lazy\" srcset=\"https:\/\/www.santamonica.com\/wp-content\/uploads\/2022\/12\/Loews-Santa-Monica-Hotel.jpg 550w, https:\/\/www.santamonica.com\/wp-content\/uploads\/2022\/12\/Loews-Santa-Monica-Hotel-211x300.jpg 211w, https:\/\/www.santamonica.com\/wp-content\/uploads\/2022\/12\/Loews-Santa-Monica-Hotel-105x150.jpg 105w\" sizes=\"auto, (max-width: 550px) 100vw, 550px\" title=\"\">                                                                            <div class=\"subpage-links__card-description\">\n                                <span class=\"subpage-links__card-title\">Reserve su hotel<\/span>\n                                <div class=\"subpage-links__card-button card-arrow\">Explore<\/div>\n                            <\/div>\n                                            <\/a>\n                <\/div>\n            <\/div>\n            <div class=\"subpage-links__card\">\n                <div class=\"subpage-links__card-wrapper\">\n                    <a href=\"https:\/\/www.santamonica.com\/es\/eventos\/new-years-eve\/\" class=\"subpage-links__card-link\" aria-label=\"Recibe el A\u00f1o Nuevo\">\n                                                    <img decoding=\"async\" width=\"550\" height=\"782\" src=\"https:\/\/www.santamonica.com\/wp-content\/uploads\/2022\/12\/NY-Victorian.jpg\" class=\"subpage-links__card-image\" alt=\"Imagen de luces colgando de un \u00e1rbol en la oscuridad; The Victorian en Santa M\u00f3nica.\" loading=\"lazy\" srcset=\"https:\/\/www.santamonica.com\/wp-content\/uploads\/2022\/12\/NY-Victorian.jpg 550w, https:\/\/www.santamonica.com\/wp-content\/uploads\/2022\/12\/NY-Victorian-211x300.jpg 211w, https:\/\/www.santamonica.com\/wp-content\/uploads\/2022\/12\/NY-Victorian-105x150.jpg 105w\" sizes=\"auto, (max-width: 550px) 100vw, 550px\" title=\"\">                                                                            <div class=\"subpage-links__card-description\">\n                                <div class=\"subpage-links__card-title\">Recibe el A\u00f1o Nuevo<\/div>\n                                <div class=\"subpage-links__card-button card-arrow\">Explore<\/div>\n                            <\/div>\n                                            <\/a>\n                <\/div>\n            <\/div>\n            <div class=\"subpage-links__card\">\n                <div class=\"subpage-links__card-wrapper\">\n                    <a href=\"\/es\/planificador-de-viajes\/\" class=\"subpage-links__card-link\" aria-label=\"Crea tu viaje\">\n                                                    <img decoding=\"async\" width=\"600\" height=\"565\" src=\"https:\/\/www.santamonica.com\/wp-content\/uploads\/2022\/06\/santa-monica-royalty-free-images.jpg\" class=\"subpage-links__card-image\" alt=\"Im\u00e1genes libres de derechos de autor de Santa M\u00f3nica\" loading=\"lazy\" srcset=\"https:\/\/www.santamonica.com\/wp-content\/uploads\/2022\/06\/santa-monica-royalty-free-images.jpg 600w, https:\/\/www.santamonica.com\/wp-content\/uploads\/2022\/06\/santa-monica-royalty-free-images-300x283.jpg 300w, https:\/\/www.santamonica.com\/wp-content\/uploads\/2022\/06\/santa-monica-royalty-free-images-159x150.jpg 159w\" sizes=\"auto, (max-width: 600px) 100vw, 600px\" title=\"\">                                                                            <div class=\"subpage-links__card-description\">\n                                <div class=\"subpage-links__card-title\">Crea tu viaje<\/div>\n                                <div class=\"subpage-links__card-button card-arrow\">Explore<\/div>\n                            <\/div>\n                                            <\/a>\n                <\/div>\n            <\/div>\n        <\/div>\n            <\/section>\n\n\n<section class=\"travel-tips --theme7 sm-block base-block\">\n    <div class=\"travel-tips__inner\">\n        <div class=\"travel-tips__body-col\">\n                            <img decoding=\"async\" src=\"https:\/\/www.santamonica.com\/wp-content\/uploads\/2022\/06\/responsible-badge-1.svg\" alt=\"Viaja por Santa M\u00f3nica con responsabilidad\" title=\"\">\n                                        <p class=\"travel-tips__intro\">Viaja de forma segura y sostenible para ayudar a mantener la belleza de Santa M\u00f3nica al tiempo que te mantienes sano con estos consejos.<\/p>\n                    <\/div>\n        <div class=\"travel-tips__links-col\">\n                        <div class=\"travel-tips__link-row\">\n                                    <img decoding=\"async\" src=\"https:\/\/www.santamonica.com\/wp-content\/uploads\/2022\/06\/Parking-Information.svg\" alt=\"Aparcamiento en Santa M\u00f3nica\" title=\"\">\n                                                    <a class=\"travel-tips__link\" href=\"https:\/\/www.santamonica.com\/es\/transporte\/estacionamiento\/\">\n                        Informaci\u00f3n sobre el aparcamiento                    <\/a>\n                            <\/div>\n                        <div class=\"travel-tips__link-row\">\n                                    <img decoding=\"async\" src=\"https:\/\/www.santamonica.com\/wp-content\/uploads\/2022\/06\/What-to-Pack.svg\" alt=\"C\u00f3mo hacer la maleta para viajar a Santa M\u00f3nica\" title=\"\">\n                                                    <a class=\"travel-tips__link\" href=\"https:\/\/www.santamonica.com\/es\/vivir-santa-monica\/que-llevar\/\">\n                        Qu\u00e9 meter en la maleta                    <\/a>\n                            <\/div>\n                        <div class=\"travel-tips__link-row\">\n                                    <img decoding=\"async\" src=\"https:\/\/www.santamonica.com\/wp-content\/uploads\/2022\/06\/Health-and-Safety.svg\" alt=\"Consejos de seguridad para viajar a Santa M\u00f3nica\" title=\"\">\n                                                    <a class=\"travel-tips__link\" href=\"https:\/\/www.santamonica.com\/es\/vivir-santa-monica\/seguridad\/\">\n                        Salud y seguridad                    <\/a>\n                            <\/div>\n                        <div class=\"travel-tips__link-row\">\n                                    <img decoding=\"async\" src=\"https:\/\/www.santamonica.com\/wp-content\/uploads\/2022\/06\/The-Essentials.svg\" alt=\"Lo esencial del viaje a Santa M\u00f3nica\" title=\"\">\n                                                    <a class=\"travel-tips__link\" href=\"https:\/\/www.santamonica.com\/es\/vivir-santa-monica\/elementos-esenciales\/\">\n                        Lo esencial                    <\/a>\n                            <\/div>\n                    <\/div>\n\n    <\/div>\n<\/section>\n\n\n<section class=\"links-grid --theme3 sm-block\">\n    <div class=\"links-grid__wrapper\">\n                                                    <a href=\"https:\/\/www.santamonica.com\/es\/things-to-do\/santa-monica-beach\/\" class=\"links-grid__card-link\" aria-label=\"Playa de Santa M\u00f3nica\" >\n                    <div class=\"links-grid__card\">\n                                                    <div class=\"links-grid__card-image-wrapper\">\n                                <img decoding=\"async\" width=\"400\" height=\"400\" src=\"https:\/\/www.santamonica.com\/wp-content\/uploads\/2022\/05\/santa-monica-beach-guide-400x400.jpg\" class=\"links-grid__card-image\" alt=\"Gu\u00eda de la playa de Santa M\u00f3nica\" loading=\"lazy\" title=\"\">                            <\/div>\n                                                <div class=\"links-grid__card-text\">\n                                                            <div class=\"links-grid__card-title\">Playa de Santa M\u00f3nica<\/div>\n                                                                                        <div class=\"links-grid__card-description\"> Santa M\u00f3nica cuenta con 5,6 kil\u00f3metros de costa resplandeciente y 280 d\u00edas de sol al a\u00f1o.<\/div>\n                                                    <\/div>\n                    <\/div>\n                <\/a>\n                                            <a href=\"https:\/\/www.santamonica.com\/es\/transportation\/\" class=\"links-grid__card-link\" aria-label=\"Transporte - C\u00f3mo desplazarse\" >\n                    <div class=\"links-grid__card\">\n                                                    <div class=\"links-grid__card-image-wrapper\">\n                                <img decoding=\"async\" width=\"400\" height=\"400\" src=\"https:\/\/www.santamonica.com\/wp-content\/uploads\/2022\/06\/santa-monica-directions-400x400.jpg\" class=\"links-grid__card-image\" alt=\"Viaje desde LAX a Santa M\u00f3nica\" loading=\"lazy\" title=\"\">                            <\/div>\n                                                <div class=\"links-grid__card-text\">\n                                                            <div class=\"links-grid__card-title\">Transporte: c\u00f3mo desplazarse<\/div>\n                                                                                        <div class=\"links-grid__card-description\">Planifica tu ruta hasta el partido y descubre experiencias por toda la ciudad.<\/div>\n                                                    <\/div>\n                    <\/div>\n                <\/a>\n                                            <a href=\"https:\/\/www.santamonica.com\/es\/dining-guide-2\/\" class=\"links-grid__card-link\" aria-label=\"Gu\u00eda gastron\u00f3mica\" >\n                    <div class=\"links-grid__card\">\n                                                    <div class=\"links-grid__card-image-wrapper\">\n                                <img decoding=\"async\" width=\"400\" height=\"400\" src=\"https:\/\/www.santamonica.com\/wp-content\/uploads\/2022\/06\/santa-monica-eateries-2-400x400.jpg\" class=\"links-grid__card-image\" alt=\"restaurantes de santa monica\" loading=\"lazy\" title=\"\">                            <\/div>\n                                                <div class=\"links-grid__card-text\">\n                                                            <div class=\"links-grid__card-title\">Gu\u00eda gastron\u00f3mica<\/div>\n                                                                                        <div class=\"links-grid__card-description\">Mejora tu experiencia gastron\u00f3mica antes y despu\u00e9s del partido en uno de los m\u00e1s de 400 restaurantes.<\/div>\n                                                    <\/div>\n                    <\/div>\n                <\/a>\n                                            <a href=\"https:\/\/www.santamonica.com\/es\/nightlife\/guide-to-santa-monica-bars\/\" class=\"links-grid__card-link\" aria-label=\"Bares y vida nocturna\" >\n                    <div class=\"links-grid__card\">\n                                                    <div class=\"links-grid__card-image-wrapper\">\n                                <img decoding=\"async\" width=\"400\" height=\"400\" src=\"https:\/\/www.santamonica.com\/wp-content\/uploads\/2022\/06\/santa-monica-bars-400x400.jpg\" class=\"links-grid__card-image\" alt=\"bares de Santa M\u00f3nica\" loading=\"lazy\" title=\"\">                            <\/div>\n                                                <div class=\"links-grid__card-text\">\n                                                            <div class=\"links-grid__card-title\">Bares y vida nocturna<\/div>\n                                                                                        <div class=\"links-grid__card-description\">Celebra tus grandes victorias en los bares favoritos de Santa M\u00f3nica.<\/div>\n                                                    <\/div>\n                    <\/div>\n                <\/a>\n                        <\/div>\n<\/section>\n\n\n\n<section class=\"blog-feed --theme8 sm-block\">\n    <div class=\"blog-feed__content\">\n        <div class=\"blog-feed__intro\">\n                            <div class=\"blog-feed__eyebrow eyebrow\">Blogs<\/div>                                        <h2 class=\"blog-feed__headline\">Descubre Santa M\u00f3nica<\/h2>                                        <div class=\"blog-feed__body\"><p>Explore itinerarios, consejos locales, lugares de inter\u00e9s y aventuras seleccionadas para sacar el m\u00e1ximo partido a su experiencia en Santa M\u00f3nica.<\/p>\n<\/div>\n                                        <a class=\"blog-feed__cta\" href=\"https:\/\/www.santamonica.com\/es\/entradas-de-blog\/\">Ver todos los blogs<\/a>\n                    <\/div>\n\n        <ul class=\"blog-feed__list\">\n                                                <li class=\"blog-feed__item\">\n                        <a href=\"https:\/\/www.santamonica.com\/es\/things-to-do\/100-free-things-to-do-santa-monica\/\" class=\"blog-feed__item-link\">\n                            <div class=\"blog-feed__image-ratio\">\n                                <img decoding=\"async\" class=\"blog-feed__image\" src=\"https:\/\/www.santamonica.com\/wp-content\/uploads\/2015\/04\/100-Free-Things-Featured-Image__520x546.jpg\" alt=\"Actividades gratuitas en Santa M\u00f3nica\" title=\"\">\n                            <\/div>\n                            <div class=\"blog-feed__card-title\">Actividades gratuitas en Santa M\u00f3nica<\/div>\n                        <\/a>\n                    <\/li>\n                                                                <li class=\"blog-feed__item\">\n                        <a href=\"https:\/\/www.santamonica.com\/es\/restaurants\/allergy-friendly-dining-options-in-santa-monica\/\" class=\"blog-feed__item-link\">\n                            <div class=\"blog-feed__image-ratio\">\n                                <img decoding=\"async\" class=\"blog-feed__image\" src=\"https:\/\/www.santamonica.com\/wp-content\/uploads\/2021\/04\/FlowerchildBowl_Featured-400x400.jpg\" alt=\"Opciones gastron\u00f3micas aptas para al\u00e9rgicos en Santa M\u00f3nica\" title=\"\">\n                            <\/div>\n                            <div class=\"blog-feed__card-title\">Opciones gastron\u00f3micas aptas para al\u00e9rgicos en Santa M\u00f3nica<\/div>\n                        <\/a>\n                    <\/li>\n                                    <\/ul>\n    <\/div>\n<\/section>","protected":false},"excerpt":{"rendered":"","protected":false},"author":1450,"featured_media":336928,"parent":0,"menu_order":0,"comment_status":"closed","ping_status":"closed","template":"template-editorial.php","meta":{"_acf_changed":false,"inline_featured_image":false,"footnotes":""},"silos":[3899],"class_list":["post-343597","page","type-page","status-publish","has-post-thumbnail","hentry"],"acf":[],"_links":{"self":[{"href":"https:\/\/www.santamonica.com\/es\/wp-json\/wp\/v2\/pages\/343597","targetHints":{"allow":["GET"]}}],"collection":[{"href":"https:\/\/www.santamonica.com\/es\/wp-json\/wp\/v2\/pages"}],"about":[{"href":"https:\/\/www.santamonica.com\/es\/wp-json\/wp\/v2\/types\/page"}],"author":[{"embeddable":true,"href":"https:\/\/www.santamonica.com\/es\/wp-json\/wp\/v2\/users\/1450"}],"replies":[{"embeddable":true,"href":"https:\/\/www.santamonica.com\/es\/wp-json\/wp\/v2\/comments?post=343597"}],"version-history":[{"count":58,"href":"https:\/\/www.santamonica.com\/es\/wp-json\/wp\/v2\/pages\/343597\/revisions"}],"predecessor-version":[{"id":397222,"href":"https:\/\/www.santamonica.com\/es\/wp-json\/wp\/v2\/pages\/343597\/revisions\/397222"}],"wp:featuredmedia":[{"embeddable":true,"href":"https:\/\/www.santamonica.com\/es\/wp-json\/wp\/v2\/media\/336928"}],"wp:attachment":[{"href":"https:\/\/www.santamonica.com\/es\/wp-json\/wp\/v2\/media?parent=343597"}],"wp:term":[{"taxonomy":"silos","embeddable":true,"href":"https:\/\/www.santamonica.com\/es\/wp-json\/wp\/v2\/silos?post=343597"}],"curies":[{"name":"wp","href":"https:\/\/api.w.org\/{rel}","templated":true}]}}