{"id":343594,"date":"2022-06-24T17:21:51","date_gmt":"2022-06-25T00:21:51","guid":{"rendered":"https:\/\/www.santamonica.com\/?page_id=343594"},"modified":"2026-03-06T15:02:38","modified_gmt":"2026-03-06T23:02:38","slug":"dia-de-san-patricio","status":"publish","type":"page","link":"https:\/\/www.santamonica.com\/es\/things-to-do\/st-patricks-day\/","title":{"rendered":"D\u00eda de San Patricio en Santa M\u00f3nica"},"content":{"rendered":"<section class=\"sun-title-images sm-block\">\n    <div class=\"sun-title-images__inner\">\n\n        <div class=\"sun-title-images__bottom\">\n            <div class=\"sun-title-images__bottom-content\">\n                <h2 class=\"sun-title-images__bottom-headline\">\n                    Ofertas especiales del D\u00eda de San Patricio                <\/h2>\n                <div class=\"sun-title-images__bottom-text wysiwyg\">\n                    <p><strong>\u00a1Caramba!<br \/>\n<\/strong>Un poco de valor irland\u00e9s da para mucho en <a href=\"https:\/\/www.santamonica.com\/es\/cosas-que-hacer\/caramba\/\">Agujereado<\/a><a href=\"https:\/\/www.santamonica.com\/es\/cosas-que-hacer\/caramba\/\"> Moley<\/a>. Elige entre dos tragos especiales por $8, o combina tu elecci\u00f3n con cualquier cerveza por solo $12. Es la excusa perfecta para reunir a tu grupo, brindar y tener suerte entre partida y partida de minigolf. Disponible por tiempo limitado: \u00a1ven a divertirte con nosotros!<\/p>\n<p><strong>Pub Jameson's<br \/>\n<\/strong>Toma esto como tu excusa oficial para empezar la fiesta antes de tiempo. El fin de semana de San Patricio en <a href=\"https:\/\/www.santamonica.com\/es\/restaurantes\/pub-jamesons\/\">Pub Jameson's<\/a> significa cerveza verde a raudales, whisky a chorros y cero remordimientos. Abrimos a las 6 a. m. del lunes 17 de marzo, porque el D\u00eda de San Patricio no espera a nadie. \u00a1Ven a disfrutar de bebidas especiales, comida deliciosa, entretenimiento en vivo y toda la suerte que necesitas para pasar el fin de semana!<\/p>\n<p><strong>Arcade Playland<\/strong><br \/>\nV\u00edstete de verde para <a href=\"https:\/\/www.santamonica.com\/es\/cosas-que-hacer\/sala-de-juegos\/\">Arcade Playland<\/a> y ll\u00e9vate 200 puntos extra en tu tarjeta de juego, adem\u00e1s de un collar de regalo, al pedir una de nuestras ofertas especiales del D\u00eda de San Patricio el martes 17 de marzo.<\/p>\n                <\/div>\n            <\/div>\n            <div class=\"sun-title-images__bottom-images\">\n                <div class=\"sun-title-images__bottom-images-wrap\">\n                                    <img decoding=\"async\" class=\"sun-title-images__bottom-image-tall\" src=\"https:\/\/www.santamonica.com\/wp-content\/uploads\/2022\/06\/mcgregor-mural-santa-monica2.jpg\" alt=\"mural-de-mcgregor-en-santa-m\u00f3nica2\" title=\"\">\n                                                             <img decoding=\"async\" class=\"sun-title-images__bottom-image-square\" src=\"https:\/\/www.santamonica.com\/wp-content\/uploads\/2022\/06\/santa-monica-irish-pub.jpg\" alt=\"pub irland\u00e9s de Santa M\u00f3nica\" title=\"\">\n                                    <\/div>\n            <\/div>\n        <\/div>\n\n    <\/div>\n<\/section>\n\n\n<section class=\"sun-title sm-block --theme6 --2col sm-block\" id=\"events\">\n            <h2 class=\"sun-title__headline\">Eventos del D\u00eda de San Patricio<\/h2>    \n            <div class=\"sun-title__body  --2col wysiwyg\">\n                    <div class=\"column-1\">\n                <p><strong>Gaitas en Library Ale House<br \/>\n<\/strong><em>Domingo 15 de marzo y martes 17 de marzo<\/em><br \/>\n\u00danete a <a href=\"https:\/\/www.santamonica.com\/es\/restaurantes\/la-biblioteca-cerveceria\/\">La Cervecer\u00eda de la Biblioteca<\/a> \u00a1Para el fin de semana del D\u00eda de San Patricio! Disfruta de un espect\u00e1culo de gaita el domingo a las 3 p. m. y el martes a las 6 p. m., acompa\u00f1ado de un s\u00e1ndwich Reuben especial, estofado de carne en salmuera y cerveza Guinness y whisky Jameson toda la noche.<\/p>\n<p><strong>Hora feliz en 1212 Santa M\u00f3nica<br \/>\n<\/strong><em>S\u00e1bado, 14 de marzo<br \/>\n<\/em>Santa M\u00f3nica, \u00a1ponte verde! \u2013 el s\u00e1bado 14 de marzo <a href=\"https:\/\/www.santamonica.com\/es\/restaurantes\/1212-santa-monica\/\">1212 Santa Monica<\/a> Se prepara para celebrar el D\u00eda de San Patricio a lo grande, con torres de cerveza verde, bebidas para llevar y toda la diversi\u00f3n irlandesa que puedas imaginar. \u00a1Disfruta de unas copas al aire libre en la Zona de Entretenimiento y vive el fin de semana del D\u00eda de San Patricio m\u00e1s \u00e9pico hasta la fecha!<\/p>\n<p><strong>El Festival de Cine Irland\u00e9s en Santa M\u00f3nica<br \/>\n<\/strong><em>Del viernes 20 de marzo al domingo 22 de marzo<\/em><br \/>\nEl Festival de Cine Irland\u00e9s de Los \u00c1ngeles vuelve con una emocionante celebraci\u00f3n de tres d\u00edas dedicada al cine irland\u00e9s en el <a href=\"https:\/\/www.santamonica.com\/es\/cosas-que-hacer\/cines-laemmles-monica-4-plex\/\">Centro cinematogr\u00e1fico Laemmle Monica<\/a>. El programa incluye seis largometrajes, tres documentales y m\u00e1s de 30 cortometrajes repartidos en cuatro secciones tem\u00e1ticas. El programa tambi\u00e9n incluye cine en lengua irlandesa, sesiones de preguntas y respuestas con cineastas y mesas redondas del sector en las que se analizan las nuevas tendencias cinematogr\u00e1ficas. Comprar entradas <a href=\"https:\/\/ciacla.com\/film\/\" target=\"_blank\" rel=\"noopener\">aqu\u00ed<\/a> \u00a1Ahora!<\/p>\n<p><strong>Ruta de bares del D\u00eda de San Patricio 2026 en Santa M\u00f3nica<\/strong><br \/>\n<em>Viernes, 13 de marzo, de 19:30 a 02:00, y s\u00e1bado, 14 de marzo, de 19:30 a 02:00<\/em><br \/>\nCelebra el D\u00eda de San Patricio con una noche de fiesta en Santa M\u00f3nica. Visita m\u00e1s de cuatro locales participantes, entra gratis en ellos durante el horario del recorrido por los bares y termina la noche en la \u00faltima parada para disfrutar de la energ\u00eda de la fiesta nocturna. Compra tus entradas <a href=\"https:\/\/www.eventbrite.ca\/e\/santa-monica-st-patricks-day-2026-bar-crawl-friday-march-13th-tickets-1980857407830?aff=odcleoeventsincollection\" target=\"_blank\" rel=\"noopener\">aqu\u00ed<\/a> \u00a1Ahora!<\/p>\n                            <\/div>\n            <div class=\"column-2\">\n                <p><strong>Ruta de bares por San Patricio en Lucky's<\/strong><br \/>\n<em>S\u00e1bado, 14 de marzo, de 16:00 a 22:00<\/em><br \/>\n\u00a1Disfruta de una inolvidable ruta por los bares llena de bebidas verdes, tr\u00e9boles y diversi\u00f3n sin fin! Empieza en <a href=\"https:\/\/www.santamonica.com\/es\/restaurantes\/cabo-cantina\/\">Cabo Cantina<\/a>, y luego recorre los mejores bares de Santa M\u00f3nica, disfruta de bebidas especiales exclusivas, obsequios festivos y toda la energ\u00eda del D\u00eda de San Patricio. Compra tus boletos. <a href=\"https:\/\/crawlwith.us\/santamonica\/stpattys\/\" target=\"_blank\" rel=\"noopener\">aqu\u00ed.<\/a><\/p>\n<p><strong>\u00a1B\u00e9same, soy irland\u00e9s! Fiesta para solteros del D\u00eda de San Patricio en Weary Livers<br \/>\n<\/strong><em>S\u00e1bado, 14 de marzo, de 19:00 a 23:00<\/em><br \/>\nPrep\u00e1rate para bailar al ritmo del tr\u00e9bol en <a href=\"https:\/\/www.santamonica.com\/es\/higados-cansados\/\">H\u00edgados cansados\u2019<\/a> \u00a1Fiesta para solteros y noche de karaoke por el D\u00eda de San Patricio! Ya sea que vengas por la cerveza verde, nuestros famosos batidos de tr\u00e9bol o la oportunidad de cantar a todo pulm\u00f3n tus canciones favoritas, \u00a1este es el lugar ideal! M\u00e1s informaci\u00f3n <a href=\"https:\/\/www.santamonica.com\/es\/evento\/besame-soy-irlandes-evento-social-para-solteros-en-santa-monica\/\" target=\"_blank\" rel=\"noopener\">aqu\u00ed.<\/a><\/p>\n<p><strong>Las travesuras de San Patricio en Ye Olde King Head's<\/strong><br \/>\n<em>Martes, 17 de marzo, de 10:00 a. m. a 2:00 a. m.<\/em><br \/>\nDisfruta del D\u00eda de San Patricio en <a href=\"https:\/\/www.santamonica.com\/es\/restaurantes\/la-antigua-cabeza-del-rey\/\">Ye Olde King Head's<\/a> \u00a1Con DJ, gaitero, cerveza verde, carne en conserva con repollo, ofertas en bebidas y mucho m\u00e1s! \u00a1Ven a disfrutar de la diversi\u00f3n y qu\u00e9date a pasar un buen rato! M\u00e1s informaci\u00f3n <a href=\"https:\/\/www.yeoldekingshead.com\/events\/st-patricks-day-tuesday-march-17th\" target=\"_blank\" rel=\"noopener\">aqu\u00ed.<\/a><\/p>\n                            <\/div>\n            <\/div>\n    <\/section>\n\n\n<section class=\"stakeholder-feed sm-block js-stk-root sm-block\" id=\"irishbars\">\n    <div class=\"stakeholder-feed__top\">\n        <div class=\"stakeholder-feed__intro\">\n                            <h2 class=\"stakeholder-feed__headline\">Bares irlandeses en Santa M\u00f3nica<\/h2>                                <\/div>\n        <div class=\"stakeholder-feed__nav-section\">\n                            <h3 class=\"stakeholder-feed__feed-title\">Celebra en estos bares<\/h3>                                        <a href=\"https:\/\/www.santamonica.com\/es\/restaurantes\/?stake-cat=3522&#038;stake-price=any&#038;page-num=1\" class=\"stakeholder-feed__feed-cta button --primary-teal-button\">Ver todos los bares de Santa M\u00f3nica<\/a>            \n                        <div class=\"stakeholder-feed__pagination xxx--desktop-hide\">\n                <div class=\"swiper-button-prev stakeholder-feed__pagination-prev\"><\/div>\n                <div class=\"swiper-button-next stakeholder-feed__pagination-next\"><\/div>\n            <\/div>\n        <\/div>\n    <\/div>\n    <div class=\"stakeholder-feed__bottom\">\n        <div class=\"stakeholder-feed__feed-list-wrapper swiper js-stk-swiper\">\n            <ul class=\"stakeholder-feed__feed-list swiper-wrapper js-stk-wrapper\">\n                    <li class=\"swiper-slide stakeholder-card --theme3\">\n        <a class=\"stakeholder-card__link\" href=\"https:\/\/www.santamonica.com\/es\/restaurants\/jamesons-pub\/\">\n            <div class=\"stakeholder-card__image\">\n                <img decoding=\"async\" src=\"https:\/\/assets.simpleviewinc.com\/simpleview\/image\/upload\/crm\/santamonica\/full-1_AC41F6E0-A2D1-B06A-387E52DCFBCF43B1-ac41f563ac0630e_ac41fe91-e034-7018-499f11fb0ec2ae09.jpg\" alt=\"Pub Jameson&#039;s\" title=\"\">\n            <\/div>\n            <div class=\"stakeholder-card__stk-info\">\n                <div class=\"stakeholder-card__stk-name\">Pub Jameson's<\/div>\n                <div class=\"stakeholder-card__stk-cat\">M\u00fasica en vivo<\/div>\n            <\/div>\n        <\/a>\n    <\/li>\n        <li class=\"swiper-slide stakeholder-card --theme3\">\n        <a class=\"stakeholder-card__link\" href=\"https:\/\/www.santamonica.com\/es\/restaurants\/obriens-irish-pub\/\">\n            <div class=\"stakeholder-card__image\">\n                <img decoding=\"async\" src=\"https:\/\/api.threshold360.com\/step\/v2\/locations\/1323295\/thumbnail\" alt=\"O&#039;Briens Irish Pub &amp; Restaurant\" title=\"\">\n            <\/div>\n            <div class=\"stakeholder-card__stk-info\">\n                <div class=\"stakeholder-card__stk-name\">O'Briens Irish Pub &amp; Restaurant<\/div>\n                <div class=\"stakeholder-card__stk-cat\">estadounidense<\/div>\n            <\/div>\n        <\/a>\n    <\/li>\n        <li class=\"swiper-slide stakeholder-card --theme3\">\n        <a class=\"stakeholder-card__link\" href=\"https:\/\/www.santamonica.com\/es\/restaurants\/sonny-mcleans-irish-pub\/\">\n            <div class=\"stakeholder-card__image\">\n                <img decoding=\"async\" src=\"https:\/\/api.threshold360.com\/step\/v2\/locations\/1323265\/thumbnail\" alt=\"Pub irland\u00e9s Sonny McLean&#039;s\" title=\"\">\n            <\/div>\n            <div class=\"stakeholder-card__stk-info\">\n                <div class=\"stakeholder-card__stk-name\">Pub irland\u00e9s Sonny McLean's<\/div>\n                <div class=\"stakeholder-card__stk-cat\">Comedor<\/div>\n            <\/div>\n        <\/a>\n    <\/li>\n        <li class=\"swiper-slide stakeholder-card --theme3\">\n        <a class=\"stakeholder-card__link\" href=\"https:\/\/www.santamonica.com\/es\/restaurants\/ye-olde-kings-head\/\">\n            <div class=\"stakeholder-card__image\">\n                <img decoding=\"async\" src=\"https:\/\/assets.simpleviewinc.com\/simpleview\/image\/upload\/crm\/santamonica\/Bangers-and-mash1_c6d37c8e-5056-b365-ab4ac1d494c3fd11.jpg\" alt=\"La antigua cabeza del rey\" title=\"\">\n            <\/div>\n            <div class=\"stakeholder-card__stk-info\">\n                <div class=\"stakeholder-card__stk-name\">La antigua cabeza del rey<\/div>\n                <div class=\"stakeholder-card__stk-cat\">brit\u00e1nico<\/div>\n            <\/div>\n        <\/a>\n    <\/li>\n                <\/ul>\n        <\/div>\n    <\/div>\n<\/section>\n\n\n<section class=\"blog-feed --theme8 sm-block\">\n    <div class=\"blog-feed__content\">\n        <div class=\"blog-feed__intro\">\n                            <div class=\"blog-feed__eyebrow eyebrow\">Blogs<\/div>                                        <h2 class=\"blog-feed__headline\">Descubre Santa M\u00f3nica<\/h2>                                        <div class=\"blog-feed__body\"><p>Explore itinerarios, consejos locales, lugares de inter\u00e9s y aventuras seleccionadas para sacar el m\u00e1ximo partido a su experiencia en Santa M\u00f3nica.<\/p>\n<\/div>\n                                        <a class=\"blog-feed__cta\" href=\"https:\/\/www.santamonica.com\/es\/entradas-de-blog\/\">Ver todos los blogs<\/a>\n                    <\/div>\n\n        <ul class=\"blog-feed__list\">\n                                                <li class=\"blog-feed__item\">\n                        <a href=\"https:\/\/www.santamonica.com\/es\/restaurants\/wine-craft-beer-craft-cocktails\/\" class=\"blog-feed__item-link\">\n                            <div class=\"blog-feed__image-ratio\">\n                                <img decoding=\"async\" class=\"blog-feed__image\" src=\"https:\/\/www.santamonica.com\/wp-content\/uploads\/2021\/06\/Santa-Monica-Local-Libations-Featured-400x400.jpg\" alt=\"Bebidas locales en Santa M\u00f3nica\" title=\"\">\n                            <\/div>\n                            <div class=\"blog-feed__card-title\">Bebidas locales en Santa M\u00f3nica<\/div>\n                        <\/a>\n                    <\/li>\n                                                                <li class=\"blog-feed__item\">\n                        <a href=\"https:\/\/www.santamonica.com\/es\/restaurants\/a-guide-to-santa-monicas-hotel-bars\/\" class=\"blog-feed__item-link\">\n                            <div class=\"blog-feed__image-ratio\">\n                                <img decoding=\"async\" class=\"blog-feed__image\" src=\"https:\/\/www.santamonica.com\/wp-content\/uploads\/2019\/07\/desktop-1-e1563912356679-400x400.jpg\" alt=\"Gu\u00eda de los bares de los hoteles de Santa M\u00f3nica\" title=\"\">\n                            <\/div>\n                            <div class=\"blog-feed__card-title\">Gu\u00eda de los bares de los hoteles de Santa M\u00f3nica<\/div>\n                        <\/a>\n                    <\/li>\n                                                                <li class=\"blog-feed__item\">\n                        <a href=\"https:\/\/www.santamonica.com\/es\/things-to-do\/arts-culture\/live-music-santa-monica\/\" class=\"blog-feed__item-link\">\n                            <div class=\"blog-feed__image-ratio\">\n                                <img decoding=\"async\" class=\"blog-feed__image\" src=\"https:\/\/www.santamonica.com\/wp-content\/uploads\/2018\/05\/Live-Music-Blog-Featured-400x400.jpg\" alt=\"M\u00fasica en directo en Santa M\u00f3nica\" title=\"\">\n                            <\/div>\n                            <div class=\"blog-feed__card-title\">M\u00fasica en directo en Santa M\u00f3nica<\/div>\n                        <\/a>\n                    <\/li>\n                                    <\/ul>\n    <\/div>\n<\/section>","protected":false},"excerpt":{"rendered":"","protected":false},"author":1450,"featured_media":350202,"parent":0,"menu_order":0,"comment_status":"closed","ping_status":"closed","template":"template-editorial.php","meta":{"_acf_changed":false,"inline_featured_image":false,"footnotes":""},"silos":[3899],"class_list":["post-343594","page","type-page","status-publish","has-post-thumbnail","hentry"],"acf":[],"_links":{"self":[{"href":"https:\/\/www.santamonica.com\/es\/wp-json\/wp\/v2\/pages\/343594","targetHints":{"allow":["GET"]}}],"collection":[{"href":"https:\/\/www.santamonica.com\/es\/wp-json\/wp\/v2\/pages"}],"about":[{"href":"https:\/\/www.santamonica.com\/es\/wp-json\/wp\/v2\/types\/page"}],"author":[{"embeddable":true,"href":"https:\/\/www.santamonica.com\/es\/wp-json\/wp\/v2\/users\/1450"}],"replies":[{"embeddable":true,"href":"https:\/\/www.santamonica.com\/es\/wp-json\/wp\/v2\/comments?post=343594"}],"version-history":[{"count":143,"href":"https:\/\/www.santamonica.com\/es\/wp-json\/wp\/v2\/pages\/343594\/revisions"}],"predecessor-version":[{"id":789686,"href":"https:\/\/www.santamonica.com\/es\/wp-json\/wp\/v2\/pages\/343594\/revisions\/789686"}],"wp:featuredmedia":[{"embeddable":true,"href":"https:\/\/www.santamonica.com\/es\/wp-json\/wp\/v2\/media\/350202"}],"wp:attachment":[{"href":"https:\/\/www.santamonica.com\/es\/wp-json\/wp\/v2\/media?parent=343594"}],"wp:term":[{"taxonomy":"silos","embeddable":true,"href":"https:\/\/www.santamonica.com\/es\/wp-json\/wp\/v2\/silos?post=343594"}],"curies":[{"name":"wp","href":"https:\/\/api.w.org\/{rel}","templated":true}]}}