{"id":343591,"date":"2022-06-24T17:20:48","date_gmt":"2022-06-25T00:20:48","guid":{"rendered":"https:\/\/www.santamonica.com\/?page_id=343591"},"modified":"2025-11-25T16:06:16","modified_gmt":"2025-11-26T00:06:16","slug":"accion-de-gracias","status":"publish","type":"page","link":"https:\/\/www.santamonica.com\/es\/things-to-do\/thanksgiving\/","title":{"rendered":"Acci\u00f3n de Gracias en Santa M\u00f3nica"},"content":{"rendered":"<h2 class=\"wp-block-heading has-text-align-center base-block\" id=\"meal\">Restaurantes abiertos para la cena de Acci\u00f3n de Gracias en Santa M\u00f3nica<\/h2>\n\n\n\n<div class=\"wp-block-columns is-layout-flex wp-container-core-columns-is-layout-28f84493 wp-block-columns-is-layout-flex base-block\">\n<div class=\"wp-block-column is-layout-flow wp-block-column-is-layout-flow base-block\">\n<h6 class=\"wp-block-heading base-block\"><a href=\"https:\/\/www.santamonica.com\/es\/restaurantes\/un-restaurante-pico\/\">1 Pico<\/a><\/h6>\n\n\n\n<p class=\"base-block\">Disfrute de una comida de Acci\u00f3n de Gracias frente al mar en 1 Pico, donde se sirven platos cl\u00e1sicos con opciones veganas y sin gluten. Disfrute de platos tradicionales o comb\u00ednelos con sabores costeros, como las vieiras de Maine salteadas. <a href=\"https:\/\/www.shuttersonthebeach.com\/dining\/1-pico\/\" target=\"_blank\" rel=\"noreferrer noopener\">Ver el men\u00fa.<\/a><br><br><a href=\"https:\/\/www.shuttersonthebeach.com\/dining\/1-pico\/\" target=\"_blank\" rel=\"noreferrer noopener\">Hacer una reservaci\u00f3n<\/a><\/p>\n\n\n\n<h6 class=\"wp-block-heading base-block\"><a href=\"https:\/\/www.santamonica.com\/es\/restaurantes\/1212-santa-monica\/\">1212 Santa Monica<\/a><\/h6>\n\n\n\n<p class=\"base-block\">\u00a1Olv\u00eddate del estr\u00e9s de cocinar y deja que 1212 se encargue del banquete! Disfruta de un men\u00fa especial con todos tus platos favoritos de las fiestas, combinados con algunos de los platos m\u00e1s apreciados de 1212. Las plazas son limitadas, \u00a1as\u00ed que reserva pronto! <a href=\"https:\/\/www.1212santamonica.com\/menus\/#thanksgiving-day\" target=\"_blank\" rel=\"noreferrer noopener\">Ver el men\u00fa.<\/a><br><br><a href=\"https:\/\/www.1212santamonica.com\/menus\/#thanksgiving-day\" target=\"_blank\" rel=\"noreferrer noopener\">Hacer una reservaci\u00f3n<\/a><\/p>\n\n\n\n<h6 class=\"wp-block-heading base-block\"><a href=\"https:\/\/www.santamonica.com\/es\/partes-interesadas\/la-monique\/\">La Monique<\/a><\/h6>\n\n\n\n<p class=\"base-block\">\u00a1Visita uno de los restaurantes m\u00e1s nuevos de Santa M\u00f3nica, ubicado en Oceana Santa Monica! La Monique ofrece aperitivos festivos como langosta y bisque y velout\u00e9 de casta\u00f1as, platos principales de temporada, como rollitos de pavo asado y lomo de res asado, y deliciosos postres, como tarta Tatin de calabaza y pavlova de manzana. <br><br><a href=\"https:\/\/www.opentable.com\/booking\/experiences-availability?rid=1243696&amp;restref=1243696&amp;experienceId=582195&amp;utm_source=opentable&amp;utm_medium=tms_email&amp;utm_campaign=shared\" target=\"_blank\" rel=\"noreferrer noopener\">Hacer una reservaci\u00f3n<\/a><\/p>\n\n\n\n<h6 class=\"wp-block-heading base-block\"><a href=\"https:\/\/www.santamonica.com\/es\/restaurantes\/luneta\/\">Lunetta<\/a><\/h6>\n\n\n\n<p class=\"base-block\">Da las gracias con una cena californiana de tres platos servida de 2 a 7 de la tarde. Disfruta del servicio de cena. <a href=\"http:\/\/chrome-extension:\/\/efaidnbmnnnibpcajpcglclefindmkaj\/https:\/\/www.lunettasm.com\/wp-content\/uploads\/2025\/10\/Thanksgiving2025.pdf\" target=\"_blank\" rel=\"noreferrer noopener\">Ver el men\u00fa.<\/a><br><br><a href=\"http:\/\/opentable.com\/r\/lunetta-reservations-santa-monica?restref=985057&amp;lang=en-US&amp;ot_source=Restaurant%20website\" target=\"_blank\" rel=\"noreferrer noopener\">Hacer una reservaci\u00f3n<\/a><\/p>\n\n\n\n<h6 class=\"wp-block-heading base-block\"><a href=\"https:\/\/www.santamonica.com\/es\/restaurantes\/marelle\/\">Marelle Santa M\u00f3nica<\/a><\/h6>\n\n\n\n<p class=\"base-block\">Ya sea que se re\u00fana con familiares o amigos o disfrute de una cena rom\u00e1ntica de Acci\u00f3n de Gracias, celebre con comida deliciosa, un servicio excepcional y un toque del encanto costero de California. \u00a1Reserve su mesa, ya que los lugares se est\u00e1n llenando r\u00e1pidamente! <a href=\"https:\/\/www.marelle.com\/menus\/#thanksgiving\" target=\"_blank\" rel=\"noreferrer noopener\">Ver el men\u00fa.<\/a><br><br><a href=\"https:\/\/www.marelle.com\/\" target=\"_blank\" rel=\"noreferrer noopener\">Hacer una reservaci\u00f3n<\/a><\/p>\n<\/div>\n\n\n\n<div class=\"wp-block-column is-layout-flow wp-block-column-is-layout-flow base-block\">\n<h6 class=\"wp-block-heading base-block\"><a href=\"https:\/\/www.santamonica.com\/es\/restaurantes\/carne-en-el-oceano-2\/\">Carne en el oc\u00e9ano<\/a><\/h6>\n\n\n\n<p class=\"base-block\">Re\u00fanete, cena y da gracias en Meat on Ocean, donde preparan la parrilla y el asador con un men\u00fa especial de tres platos, adem\u00e1s del men\u00fa completo durante todo el d\u00eda. <a href=\"https:\/\/cdn.prod.website-files.com\/5be7bb74dc46209d37cfe185\/6905249d5664f1fd56b4b5f0_364e143ea7cdb7e501a4a63f4db0328c_MOO-menu.png\" target=\"_blank\" rel=\"noreferrer noopener\">Ver el men\u00fa.<\/a><br><br><a href=\"https:\/\/www.opentable.com\/booking\/restref\/availability?searchdatetime=2025-11-27T12%3A00&amp;correlationId=922c133c-3391-48ef-8cb0-c3997cb14536&amp;restRef=449833&amp;dateTime=2025-11-27T12%3A00&amp;partySize=4&amp;otCampaign=Thnxgvn2025\" target=\"_blank\" rel=\"noreferrer noopener\">Hacer una reservaci\u00f3n<\/a><\/p>\n\n\n\n<h6 class=\"wp-block-heading base-block\"><a href=\"https:\/\/www.santamonica.com\/es\/restaurantes\/el-zorro-surfista\/\">Solidaridad<\/a><\/h6>\n\n\n\n<p class=\"base-block\">Disfrute de un c\u00e1lido y acogedor D\u00eda de Acci\u00f3n de Gracias en Solidarity, en Santa M\u00f3nica, donde esta festividad se celebra con un aut\u00e9ntico toque polaco. Saboree platos tradicionales elaborados artesanalmente e inspirados en recetas familiares, todos ellos servidos en un ambiente acogedor y festivo que le har\u00e1 sentirse como en casa. Es la forma perfecta de vivir el D\u00eda de Acci\u00f3n de Gracias con sabores intensos, una hospitalidad sincera y el esp\u00edritu de la tradici\u00f3n polaca.<\/p>\n\n\n\n<p class=\"base-block\"><a href=\"https:\/\/www.solidarityla.com\/\" target=\"_blank\" rel=\"noreferrer noopener\">Hacer una reservaci\u00f3n<\/a><\/p>\n\n\n\n<h6 class=\"wp-block-heading base-block\"><a href=\"https:\/\/www.santamonica.com\/es\/restaurantes\/el-zorro-surfista\/\">El zorro surfero<\/a><\/h6>\n\n\n\n<p class=\"base-block\">Re\u00fana a sus seres queridos en la guarida del zorro y disfruten de una cena tradicional de Acci\u00f3n de Gracias de tres platos con todos los acompa\u00f1amientos y los platos favoritos del p\u00fablico, como el ceviche y el s\u00e1ndwich de pollo caliente. <a href=\"https:\/\/www.thesurfingfoxsm.com\/events\/the-surfing-fox-thanksgiving-specials\/\" target=\"_blank\" rel=\"noreferrer noopener\">Ver el men\u00fa.<\/a><\/p>\n\n\n\n<p class=\"base-block\"><a href=\"https:\/\/www.opentable.com\/restref\/client\/?restref=1272778&amp;lang=en-US&amp;ot_source=Restaurant%20website&amp;corrid=78d4c0c3-309f-4e74-b517-ec549f7d87bc\" target=\"_blank\" rel=\"noreferrer noopener\">Hacer una reservaci\u00f3n<\/a><\/p>\n\n\n\n<h6 class=\"wp-block-heading base-block\"><a href=\"https:\/\/www.santamonica.com\/es\/restaurantes\/restaurante-terraza\/\">Terraza<\/a><\/h6>\n\n\n\n<p class=\"base-block\">Deje los platos en manos de Terrazza y disfrute de una relajada comida de Acci\u00f3n de Gracias de tres platos frente a la hermosa playa de Santa M\u00f3nica. Hay opciones veganas y vegetarianas disponibles. <a href=\"https:\/\/www.hotelcasadelmar.com\/dining\/terrazza\/\" target=\"_blank\" rel=\"noreferrer noopener\">Ver el men\u00fa.<\/a><br><br><a href=\"https:\/\/www.hotelcasadelmar.com\/dining\/terrazza\/\" target=\"_blank\" rel=\"noreferrer noopener\">Hacer una reservaci\u00f3n<\/a><\/p>\n\n\n\n<h6 class=\"wp-block-heading base-block\"><a href=\"https:\/\/www.santamonica.com\/es\/restaurantes\/parrilla-de-agua\/\">Parrilla de agua<\/a><\/h6>\n\n\n\n<p class=\"base-block\">Re\u00fanete en Water Grill el D\u00eda de Acci\u00f3n de Gracias para disfrutar de su men\u00fa especial de tres platos, disponible durante todo el d\u00eda adem\u00e1s de su men\u00fa completo. <a href=\"https:\/\/cdn.prod.website-files.com\/5bd78ffdfc757ce771e4bf46\/6904ee403f49ac4bc82b7088_5ae8ba65e4ffc4b67b680304f1230f8e_wg-thanksgiving-menu.png\" target=\"_blank\" rel=\"noreferrer noopener\">Ver el men\u00fa.<\/a><br><br><a href=\"https:\/\/www.opentable.com\/restref\/client\/?restref=108970&amp;datetime=2025-11-27T12%3A00&amp;searchdatetime=2025-11-27T12%3A00&amp;covers=4&amp;partysize=4&amp;corrid=1fbd68a5-2430-4370-8e7b-0729ba9cde11&amp;ot_campaign=Thnxgvn2025\" target=\"_blank\" rel=\"noreferrer noopener\">Hacer una reservaci\u00f3n<\/a><\/p>\n<\/div>\n<\/div>\n\n\n\n<h2 class=\"wp-block-heading has-text-align-center base-block\" id=\"desserts\">Catering para Acci\u00f3n de Gracias<\/h2>\n\n\n\n<div class=\"wp-block-columns is-layout-flex wp-container-core-columns-is-layout-28f84493 wp-block-columns-is-layout-flex base-block\">\n<div class=\"wp-block-column is-layout-flow wp-block-column-is-layout-flow base-block\">\n<h6 class=\"wp-block-heading base-block\"><a href=\"https:\/\/www.santamonica.com\/es\/restaurantes\/augies-en-la-calle-principal\/\">Augies en la calle principal<\/a><\/h6>\n\n\n\n<p class=\"base-block\">Augie's on Main ofrecer\u00e1 varios paquetes para recoger y recalentar. Las opciones incluir\u00e1n tanto el paquete para llevar Dirty Chicken como la opci\u00f3n para llevar Prime Rib. <br><br><a href=\"https:\/\/www.augiesonmain.com\/thanksgiving-2025\" target=\"_blank\" rel=\"noreferrer noopener\">Consulte el men\u00fa completo y haga su pedido por adelantado aqu\u00ed.<\/a><\/p>\n\n\n\n<h6 class=\"wp-block-heading base-block\"><a href=\"https:\/\/www.santamonica.com\/es\/restaurantes\/tienda-agricola\/\">tienda agr\u00edcola<\/a><\/h6>\n\n\n\n<p class=\"base-block\">Celebra la temporada con una comida de Acci\u00f3n de Gracias completamente preparada, con pavo tierno, guarniciones cl\u00e1sicas y postres reci\u00e9n horneados elaborados con los mejores ingredientes locales. Haz tu pedido por adelantado hoy mismo y disfruta de unas vacaciones sin complicaciones. Se requiere un aviso previo de 48 horas para todos los pedidos.<br><br><a href=\"https:\/\/www.toasttab.com\/catering\/farmshop-santa-monica-225-26th-street\/menu\/thanksgiving%202025\/?mode=fulfillment\" target=\"_blank\" rel=\"noreferrer noopener\">Consulte el men\u00fa completo y haga su pedido por adelantado aqu\u00ed.<\/a><\/p>\n\n\n\n<h6 class=\"wp-block-heading base-block\"><a href=\"https:\/\/www.santamonica.com\/es\/restaurantes\/restaurante-fia\/\">restaurante fia<\/a><\/h6>\n\n\n\n<p class=\"base-block\">C\u00e9ntrate en la compa\u00f1\u00eda alrededor de la mesa con los paquetes para llevar de Fia's, que ofrecen una cena cl\u00e1sica de Acci\u00f3n de Gracias o una cena vegana de Acci\u00f3n de Gracias. Mejora a\u00fan m\u00e1s la comida pidiendo maridajes de vinos seleccionados por el en\u00f3logo de Fia's.<br><br><a href=\"https:\/\/www.fiarestaurant.com\/store\" target=\"_blank\" rel=\"noreferrer noopener\">Consulte el men\u00fa completo y haga su pedido por adelantado aqu\u00ed.<\/a><\/p>\n<\/div>\n\n\n\n<div class=\"wp-block-column is-layout-flow wp-block-column-is-layout-flow base-block\">\n<h6 class=\"wp-block-heading base-block\"><a href=\"https:\/\/www.santamonica.com\/es\/restaurantes\/melisa\/\">Melisse<\/a><\/h6>\n\n\n\n<p class=\"base-block\">Este a\u00f1o, re\u00fanete alrededor de un fest\u00edn preparado en Melisse, un restaurante con dos estrellas Michelin, y disfruta de una cena repleta de sabores de temporada, detalles cuidados y una atenci\u00f3n atemporal.<br><br><a href=\"https:\/\/www.exploretock.com\/melisse?tock_medium=search_nav&amp;tock_source=tock\" target=\"_blank\" rel=\"noreferrer noopener\">Consulte el men\u00fa completo y haga su pedido por adelantado aqu\u00ed.<\/a><\/p>\n\n\n\n<h6 class=\"wp-block-heading base-block\"><a href=\"https:\/\/www.santamonica.com\/es\/restaurantes\/socalo\/\">socalo<\/a><\/h6>\n\n\n\n<p class=\"base-block\">Celebra las fiestas con un fest\u00edn repleto de los platos favoritos de la temporada, elaborados por las chefs Susan Feniger y Mary Sue Milliken. Haz tu pedido y disfruta de la cena en casa con sencillas instrucciones para calentar y servir, que har\u00e1n que recibir invitados sea muy f\u00e1cil.<br><br><a href=\"https:\/\/www.toasttab.com\/catering\/socalo?mode=fulfillment\" target=\"_blank\" rel=\"noreferrer noopener\">Consulte el men\u00fa completo y haga su pedido por adelantado aqu\u00ed.<\/a><\/p>\n\n\n\n<h6 class=\"wp-block-heading base-block\"><a href=\"https:\/\/www.santamonica.com\/es\/restaurantes\/cafeteria-tiato-market-garden\/\">tiato<\/a><\/h6>\n\n\n\n<p class=\"base-block\">\u00bfVas a organizar una cena de Acci\u00f3n de Gracias con amigos, celebrar con compa\u00f1eros de trabajo o familiares, o simplemente te apetece disfrutar de una comida reconfortante? Los chefs de Tiato han creado el men\u00fa perfecto para estas fiestas, para que t\u00fa puedas centrarte en disfrutar de la celebraci\u00f3n.<br><br><a href=\"https:\/\/www.toasttab.com\/catering\/tiato-kitchen-garden-2700-colorado-blvd\" target=\"_blank\" rel=\"noreferrer noopener\">Consulte el men\u00fa completo y haga su pedido por adelantado aqu\u00ed.<\/a><\/p>\n<\/div>\n<\/div>\n\n\n\n<h2 class=\"wp-block-heading has-text-align-center base-block\" id=\"activities\">Cosas que hacer durante el D\u00eda de Acci\u00f3n de Gracias<\/h2>\n\n\n\n<div class=\"wp-block-columns is-layout-flex wp-container-core-columns-is-layout-28f84493 wp-block-columns-is-layout-flex base-block\">\n<div class=\"wp-block-column is-layout-flow wp-block-column-is-layout-flow base-block\">\n<h6 class=\"wp-block-heading base-block\"><a href=\"https:\/\/www.santamonica.com\/es\/cosas-que-hacer\/la-escuela-de-la-gula\/\">la escuela de la gula<\/a><\/h6>\n\n\n\n<p class=\"base-block\">Disfruta de una variedad de clases sobre el D\u00eda de Acci\u00f3n de Gracias, desde pasteles oto\u00f1ales hasta acompa\u00f1amientos para esta festividad, pasando por la comida t\u00edpica de Acci\u00f3n de Gracias y mucho m\u00e1s. <a href=\"https:\/\/thegourmandiseschool.com\/\" target=\"_blank\" rel=\"noreferrer noopener\">Consulte el calendario y reserve su parada aqu\u00ed.<\/a>.<\/p>\n\n\n\n<h6 class=\"wp-block-heading base-block\"><a href=\"https:\/\/www.santamonica.com\/es\/evento\/hielo-en-santa-monica\/2025-01-20\/\">hielo santa m\u00f3nica<\/a><\/h6>\n\n\n\n<p class=\"base-block\">Disfruta de las vacaciones patinando en la pista de hielo m\u00e1s grande de Santa M\u00f3nica, situada en pleno centro de la ciudad.<\/p>\n<\/div>\n\n\n\n<div class=\"wp-block-column is-layout-flow wp-block-column-is-layout-flow base-block\">\n<h6 class=\"wp-block-heading base-block\"><a href=\"https:\/\/www.santamonica.com\/es\/evento\/carrera-de-accion-de-gracias\/\">carrera de Acci\u00f3n de Gracias<\/a><\/h6>\n\n\n\n<p class=\"base-block\">Corre la media marat\u00f3n Turkey Trot, 15 km, 10 km y 5 km, y haz ejercicio antes de sumergirte en el fest\u00edn de Acci\u00f3n de Gracias.<\/p>\n<\/div>\n<\/div>\n\n\n\n<p class=\"has-text-align-center base-block\"><strong>Negocios de Santa M\u00f3nica:<\/strong><br>Env\u00ede una oferta especial para que se a\u00f1ada a esta p\u00e1gina.,&nbsp;<a href=\"https:\/\/www.santamonica.com\/es\/formulario-de-envio-de-ofertas-especiales-para-empresas\/\">Por favor, env\u00ede sus ofertas aqu\u00ed.<\/a>.<\/p>\n\n\n    <section class=\"booking-cta --theme5 sm-block\">\n    <div id=\"widget-container-2070\"><\/div>\n<script type=\"text\/javascript\">\n  (function() {\n    var script = document.createElement('script');\n    script.type = 'text\/javascript';\n    script.async = 'true';\n    script.src = \"https:\/\/admin.bookdirect.net\/hs4\/widgets\/2070.js?widget_element=widget-container-2070\";\n    document.body.appendChild(script);\n  })();\n<\/script>\n    <\/section>\n\n\n\n<section class=\"blog-feed --theme8 sm-block\">\n    <div class=\"blog-feed__content\">\n        <div class=\"blog-feed__intro\">\n                            <div class=\"blog-feed__eyebrow eyebrow\">Blogs<\/div>                                        <h2 class=\"blog-feed__headline\">Descubre Santa M\u00f3nica<\/h2>                                        <div class=\"blog-feed__body\"><p>Explore itinerarios, consejos locales, lugares de inter\u00e9s y aventuras seleccionadas para sacar el m\u00e1ximo partido a su experiencia en Santa M\u00f3nica.<\/p>\n<\/div>\n                                        <a class=\"blog-feed__cta\" href=\"https:\/\/www.santamonica.com\/es\/entradas-de-blog\/\">Ver todos los blogs<\/a>\n                    <\/div>\n\n        <ul class=\"blog-feed__list\">\n                                                <li class=\"blog-feed__item\">\n                        <a href=\"https:\/\/www.santamonica.com\/es\/trip-planner\/southern-california-road-trip\/\" class=\"blog-feed__item-link\">\n                            <div class=\"blog-feed__image-ratio\">\n                                <img decoding=\"async\" class=\"blog-feed__image\" src=\"https:\/\/www.santamonica.com\/wp-content\/uploads\/2021\/08\/Santa-Monica-Coast-Featured-400x400.jpg\" alt=\"Viaje de 10 d\u00edas por el sur de California\" title=\"\">\n                            <\/div>\n                            <div class=\"blog-feed__card-title\">Viaje de 10 d\u00edas por el sur de California<\/div>\n                        <\/a>\n                    <\/li>\n                                                                <li class=\"blog-feed__item\">\n                        <a href=\"https:\/\/www.santamonica.com\/es\/restaurants\/santa-monica-coffee-shops\/\" class=\"blog-feed__item-link\">\n                            <div class=\"blog-feed__image-ratio\">\n                                <img decoding=\"async\" class=\"blog-feed__image\" src=\"https:\/\/www.santamonica.com\/wp-content\/uploads\/2023\/10\/best-santa-monica-coffee-shops-400x400.jpg\" alt=\"Las 11 mejores cafeter\u00edas y teter\u00edas de Santa M\u00f3nica\" title=\"\">\n                            <\/div>\n                            <div class=\"blog-feed__card-title\">Las 11 mejores cafeter\u00edas y teter\u00edas de Santa M\u00f3nica<\/div>\n                        <\/a>\n                    <\/li>\n                                                                <li class=\"blog-feed__item\">\n                        <a href=\"https:\/\/www.santamonica.com\/es\/restaurants\/wine-craft-beer-craft-cocktails\/\" class=\"blog-feed__item-link\">\n                            <div class=\"blog-feed__image-ratio\">\n                                <img decoding=\"async\" class=\"blog-feed__image\" src=\"https:\/\/www.santamonica.com\/wp-content\/uploads\/2021\/06\/Santa-Monica-Local-Libations-Featured-400x400.jpg\" alt=\"Bebidas locales en Santa M\u00f3nica\" title=\"\">\n                            <\/div>\n                            <div class=\"blog-feed__card-title\">Bebidas locales en Santa M\u00f3nica<\/div>\n                        <\/a>\n                    <\/li>\n                                    <\/ul>\n    <\/div>\n<\/section>","protected":false},"excerpt":{"rendered":"<p>Restaurants Open for Thanksgiving Dinner in Santa Monica FIA Restaurant Fia will be open for Thanksgiving dining. See the menu here. Jameson\u2019s Pub Join Jameson\u2019s Pub for all you can eat holiday dinner on Thanksgiving Day for only $19.90 per person. Your choice of Roasted Turkey, Honey Baked Ham, or Prime Rib Roast with all the fixin\u2019s. Lunetta Enjoy Thanksgiving at Lunetta. Dine-in 2PM-7PM by reservations only. View menu here. Marelle Santa Monica Join Marelle for a festive Thanksgiving Brunch, available from 11AM to 3PM. From 4 PM to 10 PM, enjoy special Thanksgiving family dinner, featuring a pre-set menu [\u2026]<\/p>\n","protected":false},"author":1450,"featured_media":299767,"parent":0,"menu_order":0,"comment_status":"closed","ping_status":"closed","template":"template-editorial.php","meta":{"_acf_changed":false,"inline_featured_image":false,"footnotes":""},"silos":[3899],"class_list":["post-343591","page","type-page","status-publish","has-post-thumbnail","hentry"],"acf":[],"_links":{"self":[{"href":"https:\/\/www.santamonica.com\/es\/wp-json\/wp\/v2\/pages\/343591","targetHints":{"allow":["GET"]}}],"collection":[{"href":"https:\/\/www.santamonica.com\/es\/wp-json\/wp\/v2\/pages"}],"about":[{"href":"https:\/\/www.santamonica.com\/es\/wp-json\/wp\/v2\/types\/page"}],"author":[{"embeddable":true,"href":"https:\/\/www.santamonica.com\/es\/wp-json\/wp\/v2\/users\/1450"}],"replies":[{"embeddable":true,"href":"https:\/\/www.santamonica.com\/es\/wp-json\/wp\/v2\/comments?post=343591"}],"version-history":[{"count":160,"href":"https:\/\/www.santamonica.com\/es\/wp-json\/wp\/v2\/pages\/343591\/revisions"}],"predecessor-version":[{"id":777927,"href":"https:\/\/www.santamonica.com\/es\/wp-json\/wp\/v2\/pages\/343591\/revisions\/777927"}],"wp:featuredmedia":[{"embeddable":true,"href":"https:\/\/www.santamonica.com\/es\/wp-json\/wp\/v2\/media\/299767"}],"wp:attachment":[{"href":"https:\/\/www.santamonica.com\/es\/wp-json\/wp\/v2\/media?parent=343591"}],"wp:term":[{"taxonomy":"silos","embeddable":true,"href":"https:\/\/www.santamonica.com\/es\/wp-json\/wp\/v2\/silos?post=343591"}],"curies":[{"name":"wp","href":"https:\/\/api.w.org\/{rel}","templated":true}]}}