{"id":342957,"date":"2022-06-24T08:57:52","date_gmt":"2022-06-24T15:57:52","guid":{"rendered":"https:\/\/www.santamonica.com\/?page_id=342957"},"modified":"2026-04-08T11:29:19","modified_gmt":"2026-04-08T18:29:19","slug":"cuatro-de-julio","status":"publish","type":"page","link":"https:\/\/www.santamonica.com\/es\/things-to-do\/fourth-of-july\/","title":{"rendered":"Cuatro de julio"},"content":{"rendered":"<section class=\"image-section-break sm-block\" id=\"goody\">\n    <div class=\"image-section-break__image-wrapper\">\n                    <picture>\n                    <source\n                        media=\"(min-width: 768px)\"\n                        srcset=\"https:\/\/www.santamonica.com\/wp-content\/uploads\/2024\/06\/smtt-4th-of-july-bag-1656x574-2.jpg\"\n                    >\n                    <img decoding=\"async\" src=\"https:\/\/www.santamonica.com\/wp-content\/uploads\/2024\/06\/smtt-4th-of-july-bag-650x866-2.jpg\" class=\"image-section-break__image\" alt=\"\" title=\"\">\n            <\/picture>\n                \n\n    <\/div>\n    <div class=\"image-section-break__text-content\">\n        <div class=\"image-section-break__first-content --theme3\">\n                            <div class=\"image-section-break__eyebrow-text\">Celebra las artes<\/div>\n                                        <h2 class=\"image-section-break__title\">Recoge tu bolsa de regalos gratis para divertirte en familia.<\/h2>\n                                        <div class=\"image-section-break__body-copy wysiwyg\"><p>Centro de Visitantes de Main Street<br \/>\n2427 Calle Principal<br \/>\nSanta Monica, CA 90405<\/p>\n<\/div>\n                                <\/div>\n        <div class=\"image-section-break__second-content\">\n                            <div class=\"image-section-break__body-copy wysiwyg\"><p><em>Celebra las artes<\/em> \u00a1con Santa M\u00f3nica este 4 de julio! Comenzaremos con 200 bolsas de regalos GRATIS para los ni\u00f1os, que incluyen un kit de arte, hojas para colorear y algunos obsequios con motivos de Santa M\u00f3nica. Pase por nuestro Centro de Informaci\u00f3n Tur\u00edstica de Main Street, ubicado en 2427 Main Street, abierto de 9:00 a. m. a 5:00 p. m. los siete d\u00edas de la semana, para recoger su bolsa y dar rienda suelta a su creatividad. No olvide devolver su obra maestra terminada para que se exhiba en el escaparate del Centro de Visitantes.<\/p>\n<\/div>\n                                <\/div>\n    <\/div>\n<\/section>\n\n\n\n<section class=\"two-images container-max sm-block --flip sm-block\">\n    <div class=\"two-images__container --flip\">\n\n        <div class=\"two-images__column\">\n            <div class=\"two-images__content\">\n                <div class=\"two-images__content-header-container\">\n                                            <h2 class=\"two-images__content-header\">Eventos gratuitos del 4 de julio<\/h2>                                    <\/div>\n                                    <div class=\"two-images__content-body wysiwyg\">\n                        <p>Dir\u00edgete al muelle de Santa M\u00f3nica y al Pacific Park, del 3 al 7 de julio, desde el atardecer hasta las 12:30 a. m., para ver el <a href=\"https:\/\/www.santamonica.com\/es\/evento\/celebracion-del-fin-de-semana-del-4-de-julio-en-pacific-wheels\/2024-07-07\/\">Pacific Wheel's<\/a> Exposici\u00f3n especial en rojo, blanco y azul, en celebraci\u00f3n del D\u00eda de la Independencia.<\/p>\n<p>\u00danete a los habitantes y visitantes de Santa M\u00f3nica en el evento para todas las edades. <a href=\"https:\/\/www.santamonica.com\/es\/evento\/desfile-del-cuatro-de-julio\/\" rel=\"noopener\">Desfile anual del 4 de julio<\/a>, que tendr\u00e1 lugar el martes 4 de julio a partir de las 9:30 a. m. Con 16 a\u00f1os de historia, este desfile es uno de los que realmente muestra el esp\u00edritu rojo, blanco y azul.<\/p>\n<p>Pasa por el Ocean View Hotel para disfrutar de la <a href=\"https:\/\/www.santamonica.com\/es\/evento\/velada-del-4-de-julio-con-banderas-de-estados-unidos\/\">Velada del 4 de julio con banderas estadounidenses<\/a>, con pintura facial profesional, m\u00fasica a cargo de Dani Rox DJ y mucho m\u00e1s. Las festividades tendr\u00e1n lugar en el patio delantero de 3 a 5 de la tarde el 4 de julio.<\/p>\n                    <\/div>\n                                            <\/div>\n        <\/div>\n\n        <div class=\"two-images__column\">\n                            <div class=\"two-images__image-container\">\n                    <img decoding=\"async\" width=\"424\" height=\"504\" src=\"https:\/\/www.santamonica.com\/wp-content\/uploads\/2022\/06\/july-4-parade-santa-monica.jpg\" class=\"two-images__image\" alt=\"\" loading=\"lazy\" srcset=\"https:\/\/www.santamonica.com\/wp-content\/uploads\/2022\/06\/july-4-parade-santa-monica.jpg 424w, https:\/\/www.santamonica.com\/wp-content\/uploads\/2022\/06\/july-4-parade-santa-monica-252x300.jpg 252w, https:\/\/www.santamonica.com\/wp-content\/uploads\/2022\/06\/july-4-parade-santa-monica-126x150.jpg 126w\" sizes=\"auto, (max-width: 424px) 100vw, 424px\" title=\"\">                    \n\n            <div class=\"img-lctn-tag --no-link two-images__image-caption --right\">Desfile del 4 de julio en Santa M\u00f3nica<\/div>\n                    <\/div>\n                    <\/div>\n\n        <div class=\"two-images__column\">\n                            <div class=\"two-images__image-container\">\n                    <img decoding=\"async\" width=\"600\" height=\"564\" src=\"https:\/\/www.santamonica.com\/wp-content\/uploads\/2022\/06\/santa-monica-college-independance.jpg\" class=\"two-images__image\" alt=\"Desfile del 4 de julio en Santa M\u00f3nica\" loading=\"lazy\" srcset=\"https:\/\/www.santamonica.com\/wp-content\/uploads\/2022\/06\/santa-monica-college-independance.jpg 600w, https:\/\/www.santamonica.com\/wp-content\/uploads\/2022\/06\/santa-monica-college-independance-300x282.jpg 300w, https:\/\/www.santamonica.com\/wp-content\/uploads\/2022\/06\/santa-monica-college-independance-160x150.jpg 160w\" sizes=\"auto, (max-width: 600px) 100vw, 600px\" title=\"\">                    \n\n            <div class=\"img-lctn-tag --no-link two-images__image-caption --right\">Desfile del 4 de julio en Santa M\u00f3nica<\/div>\n                    <\/div>\n                    <\/div>\n\n    <\/div>\n<\/section>\n\n\n<section class=\"sun-title sm-block --theme6 sm-block\">\n            <h3 class=\"sun-title__headline\">Disfruta de unas vistas espectaculares del 4 de julio en Los \u00c1ngeles desde Santa M\u00f3nica.<\/h3>    \n            <div class=\"sun-title__body  wysiwyg\">\n                    <p>\u00a1Re\u00fane a unos cuantos amigos o a toda la familia y organiza tu propia fiesta del 4 de julio! Aqu\u00ed te presentamos algunos lugares de Santa M\u00f3nica conocidos por sus impresionantes vistas del oc\u00e9ano Pac\u00edfico, para que puedas celebrar el D\u00eda de la Independencia al estilo de Los \u00c1ngeles:<\/p>\n<ul>\n<li>En lo alto del <a href=\"https:\/\/www.santamonica.com\/es\/evento\/celebracion-del-fin-de-semana-del-4-de-julio-en-pacific-wheels\/2024-07-03\/\">Parque del Pac\u00edfico<\/a> Noria en el muelle de Santa M\u00f3nica<\/li>\n<li>En <a href=\"http:\/\/www.smgov.net\/Portals\/Beach\/\" target=\"_blank\" rel=\"noopener noreferrer\">Playa de Santa M\u00f3nica<\/a><\/li>\n<li>El \u00e1tico en <a href=\"https:\/\/www.santamonica.com\/es\/hotel\/playa-de-santa-monica-huntley\/\">Huntley Playa de Santa M\u00f3nica<\/a><\/li>\n<li><a href=\"https:\/\/www.santamonica.com\/es\/tienda\/santa-monica-place\/\">Santa Monica Place<\/a> cubierta comedor<\/li>\n<li>Descansando en <a href=\"https:\/\/www.santamonica.com\/es\/restaurante\/casa-de-playa-elefante\/\">Casa de playa \u00c9lephante<\/a><\/li>\n<li>El bar\/piscina de la azotea en <a href=\"https:\/\/www.santamonica.com\/es\/hotel\/hotel-en-santa-monica\/\">Hotel Santa Monica Proper<\/a><\/li>\n<li>O prueba cualquiera de los <a href=\"https:\/\/www.santamonica.com\/es\/restaurantes-en-santa-monica\/#?filters=%7B%22neighborhood%22:%22santa-monica-pier-area-ocean-avenue%22%7D\">restaurantes en Ocean Avenue<\/a><\/li>\n<\/ul>\n                        <\/div>\n    <\/section>\n\n\n\n<p class=\"base-block\"><\/p>\n\n\n\n<section class=\"image-section-break sm-block\">\n    <div class=\"image-section-break__image-wrapper\">\n                    <picture>\n                    <source\n                        media=\"(min-width: 768px)\"\n                        srcset=\"https:\/\/www.santamonica.com\/wp-content\/uploads\/2022\/06\/july-fourth-fireworks-d.jpg\"\n                    >\n                    <img decoding=\"async\" src=\"https:\/\/www.santamonica.com\/wp-content\/uploads\/2022\/06\/july-fourth-fireworks-m.jpg\" class=\"image-section-break__image\" alt=\"\" title=\"\">\n            <\/picture>\n                \n\n    <\/div>\n    <div class=\"image-section-break__text-content\">\n        <div class=\"image-section-break__first-content --theme3\">\n                                        <h3 class=\"image-section-break__title\">Areas circundantes de los espect\u00e1culos de fuegos artificiales de Santa M\u00f3nica<\/h3>\n                                        <div class=\"image-section-break__body-copy wysiwyg\"><p>Disfrute de hermosos espect\u00e1culos de fuegos artificiales en lugares famosos de Los \u00c1ngeles, como Pacific Palisades y Marina Del Ray, con m\u00fasica en vivo, pel\u00edculas y desfiles.<\/p>\n<p><a href=\"https:\/\/www.visitlongbeach.com\/blog\/4th-of-july-in-long-beach\/\" target=\"_blank\" rel=\"noopener\">Fuegos artificiales en el paseo mar\u00edtimo de Long Beach<\/a><a href=\"http:\/\/palisades4th.com\/\" target=\"_blank\" rel=\"noopener noreferrer\"><br \/>\n<\/a>A lo largo de la costa de Long Beach<br \/>\nViernes, 4 de julio | 21:00 h<br \/>\nCosto: Gratis<\/p>\n<p><a href=\"https:\/\/www.universalstudioshollywood.com\/web\/en\/us\/things-to-do\/events-and-seasonal-activities\/fourth-of-july-celebration\" target=\"_blank\" rel=\"noopener\">Celebraci\u00f3n del 4 de julio en Universal Studios<\/a><br \/>\n100 Universal City Plaza<br \/>\nViernes, 4 de julio | Todo el d\u00eda<br \/>\nCosto: Precio del boleto de entrada.<\/p>\n<\/div>\n                                <\/div>\n        <div class=\"image-section-break__second-content\">\n                            <div class=\"image-section-break__body-copy wysiwyg\"><p><a href=\"https:\/\/visitmdr.com\/events\/july-4-fireworks-marina-del-rey\" target=\"_blank\" rel=\"noopener noreferrer\">Celebraci\u00f3n con fuegos artificiales en Marina Del Rey<\/a><br \/>\nParque Burton Chace (13650 Mindanao Way) o Fisherman\u2019s Village (13755 Fiji Way)<br \/>\nViernes, 4 de julio | 21:00-21:20<br \/>\nCosto: Gratis<\/p>\n<p><a href=\"https:\/\/www.sixflags.com\/magicmountain\/events\/july-celebration\" target=\"_blank\" rel=\"noopener\">Six Flags Magic Mountain<\/a><br \/>\n26101 Magic Mountain Pkwy<br \/>\nJueves, 4-6 de julio | 21:15 h<br \/>\nCosto: Precio del boleto de entrada.<\/p>\n<\/div>\n                                <\/div>\n    <\/div>\n<\/section>\n\n\n\n<section class=\"two-images container-max sm-block  sm-block\">\n    <div class=\"two-images__container\">\n\n        <div class=\"two-images__column\">\n            <div class=\"two-images__content\">\n                <div class=\"two-images__content-header-container\">\n                                            <h2 class=\"two-images__content-header\">Descubre los eventos de Santa M\u00f3nica<\/h2>                                    <\/div>\n                                    <div class=\"two-images__content-body wysiwyg\">\n                        <p>Santa M\u00f3nica es un lugar ideal para asistir a eventos gracias a su clima templado durante todo el a\u00f1o, su proximidad a Los \u00c1ngeles y sus exclusivos recintos para eventos. Camine, vaya en bicicleta o s\u00fabase a la l\u00ednea E del metro y disfrute de los numerosos eventos que ofrece Santa M\u00f3nica. Este refugio costero cuenta con eventos y entretenimiento \u00fanicos durante todo el a\u00f1o, muchos de los cuales son gratuitos y se celebran al aire libre. Lleve a su familia a conocer el emblem\u00e1tico Pacific Park o planifique una salida perfecta para el s\u00e1bado descubriendo los eventos que se celebran en Los \u00c1ngeles este fin de semana.<\/p>\n                    <\/div>\n                                                    <div class=\"two-images__content-cta\">\n                        <a class=\"two-images__cta\" href=\"https:\/\/www.santamonica.com\/es\/eventos\/eventos-anuales\/\" target=\"\">Ver los eventos m\u00e1s destacados<\/a>\n                    <\/div>\n                            <\/div>\n        <\/div>\n\n        <div class=\"two-images__column\">\n                            <div class=\"two-images__image-container\">\n                    <img decoding=\"async\" width=\"425\" height=\"505\" src=\"https:\/\/www.santamonica.com\/wp-content\/uploads\/2022\/06\/events-santa-monica.jpg\" class=\"two-images__image\" alt=\"eventos santa monica\" loading=\"lazy\" srcset=\"https:\/\/www.santamonica.com\/wp-content\/uploads\/2022\/06\/events-santa-monica.jpg 425w, https:\/\/www.santamonica.com\/wp-content\/uploads\/2022\/06\/events-santa-monica-252x300.jpg 252w, https:\/\/www.santamonica.com\/wp-content\/uploads\/2022\/06\/events-santa-monica-126x150.jpg 126w\" sizes=\"auto, (max-width: 425px) 100vw, 425px\" title=\"\">                    \n\n                <\/div>\n                    <\/div>\n\n        <div class=\"two-images__column\">\n                            <div class=\"two-images__image-container\">\n                    <img decoding=\"async\" width=\"600\" height=\"565\" src=\"https:\/\/www.santamonica.com\/wp-content\/uploads\/2022\/06\/fall-events-santa-monica.jpg\" class=\"two-images__image\" alt=\"eventos de oto\u00f1o en Santa M\u00f3nica\" loading=\"lazy\" srcset=\"https:\/\/www.santamonica.com\/wp-content\/uploads\/2022\/06\/fall-events-santa-monica.jpg 600w, https:\/\/www.santamonica.com\/wp-content\/uploads\/2022\/06\/fall-events-santa-monica-300x283.jpg 300w, https:\/\/www.santamonica.com\/wp-content\/uploads\/2022\/06\/fall-events-santa-monica-159x150.jpg 159w\" sizes=\"auto, (max-width: 600px) 100vw, 600px\" title=\"\">                    \n\n                <\/div>\n                    <\/div>\n\n    <\/div>\n<\/section>\n\n\n<section class=\"blog-feed --theme8 sm-block\">\n    <div class=\"blog-feed__content\">\n        <div class=\"blog-feed__intro\">\n                            <div class=\"blog-feed__eyebrow eyebrow\">Blogs<\/div>                                        <h2 class=\"blog-feed__headline\">Descubre Santa M\u00f3nica<\/h2>                                        <div class=\"blog-feed__body\"><p>Explore itinerarios, consejos locales, lugares de inter\u00e9s y aventuras seleccionadas para sacar el m\u00e1ximo partido a su experiencia en Santa M\u00f3nica.<\/p>\n<\/div>\n                                        <a class=\"blog-feed__cta\" href=\"https:\/\/www.santamonica.com\/es\/entradas-de-blog\/\">Ver todos los blogs<\/a>\n                    <\/div>\n\n        <ul class=\"blog-feed__list\">\n                                                <li class=\"blog-feed__item\">\n                        <a href=\"https:\/\/www.santamonica.com\/es\/mother-road-modern-meetings-route-66-meeting-spaces-set-to-shine-for-centennial-in-santa-monica\/\" class=\"blog-feed__item-link\">\n                            <div class=\"blog-feed__image-ratio\">\n                                <img decoding=\"async\" class=\"blog-feed__image\" src=\"https:\/\/www.santamonica.com\/wp-content\/uploads\/2025\/12\/untitledJuly20162C2020180010-182-2-400x400.jpg\" alt=\"MOTHER ROAD, REUNIONES MODERNAS: LOS ESPACIOS DE REUNI\u00d3N DE LA RUTA 66 LISTOS PARA BRILLAR EN EL CENTENARIO EN SANTA M\u00d3NICA\" title=\"\">\n                            <\/div>\n                            <div class=\"blog-feed__card-title\">MOTHER ROAD, REUNIONES MODERNAS: LOS ESPACIOS DE REUNI\u00d3N DE LA RUTA 66 LISTOS PARA BRILLAR EN EL CENTENARIO EN SANTA M\u00d3NICA<\/div>\n                        <\/a>\n                    <\/li>\n                                                                <li class=\"blog-feed__item\">\n                        <a href=\"https:\/\/www.santamonica.com\/es\/media\/news-release\/santa-monica-announces-song-contest-in-celebration-of-route-66-centennial\/\" class=\"blog-feed__item-link\">\n                            <div class=\"blog-feed__image-ratio\">\n                                <img decoding=\"async\" class=\"blog-feed__image\" src=\"https:\/\/www.santamonica.com\/wp-content\/uploads\/2025\/11\/DSC01084-400x400.jpg\" alt=\"SANTA M\u00d3NICA ANUNCIA UN CONCURSO DE CANCIONES PARA CELEBRAR EL CENTENARIO DE LA RUTA 66\" title=\"\">\n                            <\/div>\n                            <div class=\"blog-feed__card-title\">SANTA M\u00d3NICA ANUNCIA UN CONCURSO DE CANCIONES PARA CELEBRAR EL CENTENARIO DE LA RUTA 66<\/div>\n                        <\/a>\n                    <\/li>\n                                                                <li class=\"blog-feed__item\">\n                        <a href=\"https:\/\/www.santamonica.com\/es\/media\/news-release\/where-to-watch-the-world-series-in-santa-monica\/\" class=\"blog-feed__item-link\">\n                            <div class=\"blog-feed__image-ratio\">\n                                <img decoding=\"async\" class=\"blog-feed__image\" src=\"https:\/\/www.santamonica.com\/wp-content\/uploads\/2025\/10\/dodgers-logo-1-400x400.jpg\" alt=\"D\u00d3NDE VER LAS SERIES MUNDIALES EN SANTA MONICA\" title=\"\">\n                            <\/div>\n                            <div class=\"blog-feed__card-title\">D\u00d3NDE VER LAS SERIES MUNDIALES EN SANTA MONICA<\/div>\n                        <\/a>\n                    <\/li>\n                                    <\/ul>\n    <\/div>\n<\/section>","protected":false},"excerpt":{"rendered":"","protected":false},"author":1450,"featured_media":343332,"parent":0,"menu_order":0,"comment_status":"closed","ping_status":"closed","template":"template-editorial.php","meta":{"_acf_changed":false,"inline_featured_image":false,"footnotes":""},"silos":[3899],"class_list":["post-342957","page","type-page","status-publish","has-post-thumbnail","hentry"],"acf":[],"_links":{"self":[{"href":"https:\/\/www.santamonica.com\/es\/wp-json\/wp\/v2\/pages\/342957","targetHints":{"allow":["GET"]}}],"collection":[{"href":"https:\/\/www.santamonica.com\/es\/wp-json\/wp\/v2\/pages"}],"about":[{"href":"https:\/\/www.santamonica.com\/es\/wp-json\/wp\/v2\/types\/page"}],"author":[{"embeddable":true,"href":"https:\/\/www.santamonica.com\/es\/wp-json\/wp\/v2\/users\/1450"}],"replies":[{"embeddable":true,"href":"https:\/\/www.santamonica.com\/es\/wp-json\/wp\/v2\/comments?post=342957"}],"version-history":[{"count":93,"href":"https:\/\/www.santamonica.com\/es\/wp-json\/wp\/v2\/pages\/342957\/revisions"}],"predecessor-version":[{"id":767997,"href":"https:\/\/www.santamonica.com\/es\/wp-json\/wp\/v2\/pages\/342957\/revisions\/767997"}],"wp:featuredmedia":[{"embeddable":true,"href":"https:\/\/www.santamonica.com\/es\/wp-json\/wp\/v2\/media\/343332"}],"wp:attachment":[{"href":"https:\/\/www.santamonica.com\/es\/wp-json\/wp\/v2\/media?parent=342957"}],"wp:term":[{"taxonomy":"silos","embeddable":true,"href":"https:\/\/www.santamonica.com\/es\/wp-json\/wp\/v2\/silos?post=342957"}],"curies":[{"name":"wp","href":"https:\/\/api.w.org\/{rel}","templated":true}]}}