{"id":342861,"date":"2022-06-24T07:45:55","date_gmt":"2022-06-24T14:45:55","guid":{"rendered":"https:\/\/www.santamonica.com\/?page_id=342861"},"modified":"2026-01-12T07:47:04","modified_gmt":"2026-01-12T15:47:04","slug":"viajes-en-grupo","status":"publish","type":"page","link":"https:\/\/www.santamonica.com\/es\/travel-trade\/group-tours\/","title":{"rendered":"Viajes en grupo"},"content":{"rendered":"<section class=\"two-images container-max sm-block --flip sm-block\">\n    <div class=\"two-images__container --flip\">\n\n        <div class=\"two-images__column\">\n            <div class=\"two-images__content\">\n                <div class=\"two-images__content-header-container\">\n                                            <h2 class=\"two-images__content-header\">Nuevas zonas de carga de autobuses<\/h2>                                    <\/div>\n                                    <div class=\"two-images__content-body wysiwyg\">\n                        <p>A partir del 1 de junio de 2023, la ciudad de Santa M\u00f3nica reubic\u00f3 varias de las zonas activas de carga y descarga de autobuses tur\u00edsticos. Ahora hay una zona exclusiva en el lado oeste de Ocean Ave, entre otros cambios, para acceder de manera directa y f\u00e1cil a Santa Monica Place, el centro de Santa M\u00f3nica y el mundialmente famoso muelle de Santa M\u00f3nica.<\/p>\n<p><a href=\"https:\/\/www.santamonica.com\/wp-content\/uploads\/2025\/10\/2024-Tour-Bus-Final-24.pdf\">Consulte el mapa y la lista completa de zonas activas de carga y descarga.<\/a><\/p>\n                    <\/div>\n                                            <\/div>\n        <\/div>\n\n        <div class=\"two-images__column\">\n                            <div class=\"two-images__image-container\">\n                    <img decoding=\"async\" width=\"425\" height=\"505\" src=\"https:\/\/www.santamonica.com\/wp-content\/uploads\/2022\/06\/santa-monica-group-tours.jpg\" class=\"two-images__image\" alt=\"Excursiones en grupo a Santa M\u00f3nica\" loading=\"lazy\" srcset=\"https:\/\/www.santamonica.com\/wp-content\/uploads\/2022\/06\/santa-monica-group-tours.jpg 425w, https:\/\/www.santamonica.com\/wp-content\/uploads\/2022\/06\/santa-monica-group-tours-252x300.jpg 252w, https:\/\/www.santamonica.com\/wp-content\/uploads\/2022\/06\/santa-monica-group-tours-126x150.jpg 126w\" sizes=\"auto, (max-width: 425px) 100vw, 425px\" title=\"\">                    \n\n            <div class=\"img-lctn-tag --no-link two-images__image-caption --right\">Muelle de Santa M\u00f3nica<\/div>\n                    <\/div>\n                    <\/div>\n\n        <div class=\"two-images__column\">\n                            <div class=\"two-images__image-container\">\n                    <img decoding=\"async\" width=\"600\" height=\"565\" src=\"https:\/\/www.santamonica.com\/wp-content\/uploads\/2022\/06\/group-tours-bus-parking.jpg\" class=\"two-images__image\" alt=\"estacionamiento para autobuses de grupos tur\u00edsticos\" loading=\"lazy\" srcset=\"https:\/\/www.santamonica.com\/wp-content\/uploads\/2022\/06\/group-tours-bus-parking.jpg 600w, https:\/\/www.santamonica.com\/wp-content\/uploads\/2022\/06\/group-tours-bus-parking-300x283.jpg 300w, https:\/\/www.santamonica.com\/wp-content\/uploads\/2022\/06\/group-tours-bus-parking-159x150.jpg 159w\" sizes=\"auto, (max-width: 600px) 100vw, 600px\" title=\"\">                    \n\n            <div class=\"img-lctn-tag --no-link two-images__image-caption --right\">Centro de la ciudad \/ Third Street Promenade<\/div>\n                    <\/div>\n                    <\/div>\n\n    <\/div>\n<\/section>\n\n\n<section class=\"sun-title sm-block --theme6 sm-block\">\n            <h2 class=\"sun-title__headline\">Programa de permisos de estacionamiento para autobuses tur\u00edsticos<\/h2>    \n            <div class=\"sun-title__body  wysiwyg\">\n                    <p>La ciudad de Santa M\u00f3nica, junto con Santa Monica Travel &amp; Tourism (SMTT) y Downtown Santa Monica, da la bienvenida a los operadores de autobuses tur\u00edsticos a nuestra comunidad. La ciudad desea ofrecer estacionamiento de cortes\u00eda y el uso de zonas designadas dentro de la ciudad a los operadores de autobuses tur\u00edsticos certificados por SMTT por su contribuci\u00f3n a la industria tur\u00edstica de Santa M\u00f3nica.<\/p>\n<p>Si usted es un operador de autobuses tur\u00edsticos interesado en obtener la certificaci\u00f3n y acceder al estacionamiento de cortes\u00eda, <a href=\"https:\/\/www.santamonica.com\/wp-content\/uploads\/2025\/06\/25-26-Tour-Bus-Application-FINAL.pdf\" target=\"_blank\" rel=\"noopener\">descargar la aplicaci\u00f3n<\/a>. Env\u00ede por correo electr\u00f3nico las solicitudes completadas, junto con al menos un itinerario de muestra que incluya Santa M\u00f3nica durante un m\u00ednimo de cuatro horas, a <a href=\"mailto:trade@santamonica.com\">trade@santamonica.com<\/a>.<\/p>\n                        <\/div>\n    <\/section>\n\n\n<section class=\"sun-title sm-block --theme6 sm-block\">\n            <h2 class=\"sun-title__headline\">Estacionamiento de autobuses de pago<\/h2>    \n            <div class=\"sun-title__body  wysiwyg\">\n                    <p>Actualmente hay estacionamiento de pago disponible en el Lote 4 Sur (2030 Barnard Way). El estacionamiento est\u00e1 abierto desde el amanecer hasta el atardecer y <a href=\"https:\/\/www.santamonica.com\/wp-content\/uploads\/2024\/05\/2023-Santa-Monica-Parking-Rate-Table.pdf\" target=\"_blank\" rel=\"noopener\">tasas<\/a> var\u00edan seg\u00fan la temporada. Por favor, env\u00ede un correo electr\u00f3nico a\u00a0 <a href=\"mailto:parking@santamonica.gov\">parking@santamonica.gov<\/a>\u00a0Para obtener m\u00e1s informaci\u00f3n.<\/p>\n<p>Tambi\u00e9n hay estacionamiento nocturno para autobuses en la cercana Marina del Rey. Es necesario avisar con antelaci\u00f3n para reservar estacionamiento nocturno para autobuses tur\u00edsticos y veh\u00edculos de gran tama\u00f1o. <a href=\"https:\/\/beaches.lacounty.gov\/marina-del-rey-overnight-parking\/\" target=\"_blank\" rel=\"noopener\">M\u00e1s informaci\u00f3n.<\/a><\/p>\n                        <\/div>\n    <\/section>\n\n\n<section class=\"image-slider --theme1 sm-block\" >\n    <div class=\"image-slider__wrapper\">\n                    <div class=\"image-slider__copy wysiwyg\"><h2>Cenar en Santa M\u00f3nica<\/h2>\n<p><a href=\"https:\/\/www.santamonica.com\/es\/restaurantes\/\">Restaurantes de Santa M\u00f3nica<\/a> ofrecen algunos de los restaurantes m\u00e1s variados y de mayor prestigio de todo Los \u00c1ngeles y el sur de California. Desde comida org\u00e1nica y vegetariana y fusi\u00f3n californiana hasta marisco fresco y carnes de primera calidad, hay opciones para todos los paladares, gustos y presupuestos.<\/p>\n<\/div>\n                <div class=\"image-slider__slider right\">\n                            <!-- Slider main container -->\n                <div class=\"swiper\">\n                    <!-- Additional required wrapper -->\n                    <div class=\"swiper-wrapper\">\n                        <!-- Slides -->\n                                                    <div class=\"swiper-slide\">\n                                <img decoding=\"async\" width=\"1024\" height=\"576\" src=\"https:\/\/www.santamonica.com\/wp-content\/uploads\/2022\/06\/group-dining-3.jpg\" class=\"swiper-slide__image\" alt=\"cena grupal\" loading=\"lazy\" srcset=\"https:\/\/www.santamonica.com\/wp-content\/uploads\/2022\/06\/group-dining-3.jpg 1024w, https:\/\/www.santamonica.com\/wp-content\/uploads\/2022\/06\/group-dining-3-300x169.jpg 300w, https:\/\/www.santamonica.com\/wp-content\/uploads\/2022\/06\/group-dining-3-267x150.jpg 267w, https:\/\/www.santamonica.com\/wp-content\/uploads\/2022\/06\/group-dining-3-768x432.jpg 768w\" sizes=\"auto, (max-width: 1024px) 100vw, 1024px\" title=\"\">                                \n\n            <a href=\"https:\/\/www.santamonica.com\/es\/restaurantes\/costanera-en-el-muelle\/\" class=\"img-lctn-tag --right\">\n            <div class=\"img-lctn-tag-inside-link image-slider__image-caption right\">Junto al mar en el muelle<\/div>\n        <\/a>\n                                <\/div>\n                                            <\/div>\n                                    <\/div>\n                    <\/div>\n    <\/div>\n<\/section>\n\n\n<section class=\"blog-feed --theme8 sm-block\">\n    <div class=\"blog-feed__content\">\n        <div class=\"blog-feed__intro\">\n                            <div class=\"blog-feed__eyebrow eyebrow\">Blogs<\/div>                                        <h2 class=\"blog-feed__headline\">Descubre Santa M\u00f3nica<\/h2>                                        <div class=\"blog-feed__body\"><p>Explore itinerarios, consejos locales, lugares de inter\u00e9s y aventuras seleccionadas para sacar el m\u00e1ximo partido a su experiencia en Santa M\u00f3nica.<\/p>\n<\/div>\n                                        <a class=\"blog-feed__cta\" href=\"https:\/\/www.santamonica.com\/es\/entradas-de-blog\/\">Ver todos los blogs<\/a>\n                    <\/div>\n\n        <ul class=\"blog-feed__list\">\n                                                <li class=\"blog-feed__item\">\n                        <a href=\"https:\/\/www.santamonica.com\/es\/mother-road-modern-meetings-route-66-meeting-spaces-set-to-shine-for-centennial-in-santa-monica\/\" class=\"blog-feed__item-link\">\n                            <div class=\"blog-feed__image-ratio\">\n                                <img decoding=\"async\" class=\"blog-feed__image\" src=\"https:\/\/www.santamonica.com\/wp-content\/uploads\/2025\/12\/untitledJuly20162C2020180010-182-2-400x400.jpg\" alt=\"MOTHER ROAD, REUNIONES MODERNAS: LOS ESPACIOS DE REUNI\u00d3N DE LA RUTA 66 LISTOS PARA BRILLAR EN EL CENTENARIO EN SANTA M\u00d3NICA\" title=\"\">\n                            <\/div>\n                            <div class=\"blog-feed__card-title\">MOTHER ROAD, REUNIONES MODERNAS: LOS ESPACIOS DE REUNI\u00d3N DE LA RUTA 66 LISTOS PARA BRILLAR EN EL CENTENARIO EN SANTA M\u00d3NICA<\/div>\n                        <\/a>\n                    <\/li>\n                                                                <li class=\"blog-feed__item\">\n                        <a href=\"https:\/\/www.santamonica.com\/es\/media\/news-release\/santa-monica-announces-song-contest-in-celebration-of-route-66-centennial\/\" class=\"blog-feed__item-link\">\n                            <div class=\"blog-feed__image-ratio\">\n                                <img decoding=\"async\" class=\"blog-feed__image\" src=\"https:\/\/www.santamonica.com\/wp-content\/uploads\/2025\/11\/DSC01084-400x400.jpg\" alt=\"SANTA M\u00d3NICA ANUNCIA UN CONCURSO DE CANCIONES PARA CELEBRAR EL CENTENARIO DE LA RUTA 66\" title=\"\">\n                            <\/div>\n                            <div class=\"blog-feed__card-title\">SANTA M\u00d3NICA ANUNCIA UN CONCURSO DE CANCIONES PARA CELEBRAR EL CENTENARIO DE LA RUTA 66<\/div>\n                        <\/a>\n                    <\/li>\n                                                                <li class=\"blog-feed__item\">\n                        <a href=\"https:\/\/www.santamonica.com\/es\/media\/news-release\/where-to-watch-the-world-series-in-santa-monica\/\" class=\"blog-feed__item-link\">\n                            <div class=\"blog-feed__image-ratio\">\n                                <img decoding=\"async\" class=\"blog-feed__image\" src=\"https:\/\/www.santamonica.com\/wp-content\/uploads\/2025\/10\/dodgers-logo-1-400x400.jpg\" alt=\"D\u00d3NDE VER LAS SERIES MUNDIALES EN SANTA MONICA\" title=\"\">\n                            <\/div>\n                            <div class=\"blog-feed__card-title\">D\u00d3NDE VER LAS SERIES MUNDIALES EN SANTA MONICA<\/div>\n                        <\/a>\n                    <\/li>\n                                    <\/ul>\n    <\/div>\n<\/section>","protected":false},"excerpt":{"rendered":"","protected":false},"author":1450,"featured_media":343233,"parent":0,"menu_order":0,"comment_status":"closed","ping_status":"closed","template":"template-meetings-editorial-detail.php","meta":{"_acf_changed":false,"inline_featured_image":false,"footnotes":""},"silos":[3908],"class_list":["post-342861","page","type-page","status-publish","has-post-thumbnail","hentry"],"acf":[],"_links":{"self":[{"href":"https:\/\/www.santamonica.com\/es\/wp-json\/wp\/v2\/pages\/342861","targetHints":{"allow":["GET"]}}],"collection":[{"href":"https:\/\/www.santamonica.com\/es\/wp-json\/wp\/v2\/pages"}],"about":[{"href":"https:\/\/www.santamonica.com\/es\/wp-json\/wp\/v2\/types\/page"}],"author":[{"embeddable":true,"href":"https:\/\/www.santamonica.com\/es\/wp-json\/wp\/v2\/users\/1450"}],"replies":[{"embeddable":true,"href":"https:\/\/www.santamonica.com\/es\/wp-json\/wp\/v2\/comments?post=342861"}],"version-history":[{"count":77,"href":"https:\/\/www.santamonica.com\/es\/wp-json\/wp\/v2\/pages\/342861\/revisions"}],"predecessor-version":[{"id":774606,"href":"https:\/\/www.santamonica.com\/es\/wp-json\/wp\/v2\/pages\/342861\/revisions\/774606"}],"wp:featuredmedia":[{"embeddable":true,"href":"https:\/\/www.santamonica.com\/es\/wp-json\/wp\/v2\/media\/343233"}],"wp:attachment":[{"href":"https:\/\/www.santamonica.com\/es\/wp-json\/wp\/v2\/media?parent=342861"}],"wp:term":[{"taxonomy":"silos","embeddable":true,"href":"https:\/\/www.santamonica.com\/es\/wp-json\/wp\/v2\/silos?post=342861"}],"curies":[{"name":"wp","href":"https:\/\/api.w.org\/{rel}","templated":true}]}}