{"id":342771,"date":"2022-06-24T07:01:25","date_gmt":"2022-06-24T14:01:25","guid":{"rendered":"https:\/\/www.santamonica.com\/?page_id=342771"},"modified":"2026-02-23T17:31:28","modified_gmt":"2026-02-24T01:31:28","slug":"kit-de-herramientas-de-planificacion","status":"publish","type":"page","link":"https:\/\/www.santamonica.com\/es\/travel-trade\/planning-toolkit\/","title":{"rendered":"Kit de herramientas de planificaci\u00f3n"},"content":{"rendered":"<section class=\"two-images container-max sm-block --flip sm-block\">\n    <div class=\"two-images__container --flip\">\n\n        <div class=\"two-images__column\">\n            <div class=\"two-images__content\">\n                <div class=\"two-images__content-header-container\">\n                                            <h2 class=\"two-images__content-header\">Programa de capacitaci\u00f3n de Santa M\u00f3nica<\/h2>                                    <\/div>\n                                    <div class=\"two-images__content-body wysiwyg\">\n                        <p>\u00a1Convi\u00e9rtete en una estrella de California! Visita California. <a href=\"https:\/\/santamonica.thesource.travel\/\" target=\"_blank\" rel=\"noopener\">Programa de capacitaci\u00f3n STAR<\/a> (disponible para computadoras de escritorio, celulares y tabletas) incluye los recursos y la informaci\u00f3n clave para convertirse en un experto en California.<\/p>\n<p>Una vez que hayas terminado la capacitaci\u00f3n introductoria sobre California, puedes completar el m\u00f3dulo de Santa M\u00f3nica para convertirte en un experto en la venta de la ciudad costera de Los \u00c1ngeles.<\/p>\n                    <\/div>\n                                            <\/div>\n        <\/div>\n\n        <div class=\"two-images__column\">\n                            <div class=\"two-images__image-container\">\n                    <img decoding=\"async\" width=\"424\" height=\"504\" src=\"https:\/\/www.santamonica.com\/wp-content\/uploads\/2025\/01\/Bikes_PlanningToolkit.jpg\" class=\"two-images__image\" alt=\"\" loading=\"lazy\" srcset=\"https:\/\/www.santamonica.com\/wp-content\/uploads\/2025\/01\/Bikes_PlanningToolkit.jpg 424w, https:\/\/www.santamonica.com\/wp-content\/uploads\/2025\/01\/Bikes_PlanningToolkit-252x300.jpg 252w, https:\/\/www.santamonica.com\/wp-content\/uploads\/2025\/01\/Bikes_PlanningToolkit-126x150.jpg 126w\" sizes=\"auto, (max-width: 424px) 100vw, 424px\" title=\"\">                    \n\n                <\/div>\n                    <\/div>\n\n        <div class=\"two-images__column\">\n                            <div class=\"two-images__image-container\">\n                    <img decoding=\"async\" width=\"600\" height=\"564\" src=\"https:\/\/www.santamonica.com\/wp-content\/uploads\/2025\/01\/PierSign_PlanningToolkit.jpg\" class=\"two-images__image\" alt=\"\" loading=\"lazy\" srcset=\"https:\/\/www.santamonica.com\/wp-content\/uploads\/2025\/01\/PierSign_PlanningToolkit.jpg 600w, https:\/\/www.santamonica.com\/wp-content\/uploads\/2025\/01\/PierSign_PlanningToolkit-300x282.jpg 300w, https:\/\/www.santamonica.com\/wp-content\/uploads\/2025\/01\/PierSign_PlanningToolkit-160x150.jpg 160w\" sizes=\"auto, (max-width: 600px) 100vw, 600px\" title=\"\">                    \n\n                <\/div>\n                    <\/div>\n\n    <\/div>\n<\/section>\n\n\n<section class=\"sun-title sm-block --theme6 sm-block\">\n            <h2 class=\"sun-title__headline\">Itinerarios de muestra<\/h2>    \n            <div class=\"sun-title__body  wysiwyg\">\n                    <p>Tanto si tus clientes vienen a pasar la semana como el fin de semana, hemos recopilado nuestros itinerarios con lo mejor que ver, hacer y comer en Santa M\u00f3nica. Incluyen las principales atracciones y consejos para vivir como un local. \u00a1Explora nuestros divertidos itinerarios para uno, dos, tres d\u00edas o toda una semana! Adem\u00e1s, ll\u00e9vate gratis tu <a href=\"https:\/\/issuu.com\/santamonicatravelandtourism\/docs\/santa_monica_insider\" target=\"_blank\" rel=\"noopener\">Santa M\u00f3nica Insider<\/a> y <a href=\"https:\/\/www.santamonica.com\/wp-content\/uploads\/2024\/11\/English-itinerary-SINGLE-PAGES-2024-10-08.pdf\" target=\"_blank\" rel=\"noopener\">Gu\u00eda de tres d\u00edas<\/a> (ingl\u00e9s) y <a href=\"https:\/\/www.santamonica.com\/wp-content\/uploads\/2026\/02\/SMTT-LUX-French-lowres.pdf\">Gu\u00eda de tres d\u00edas<\/a> (Franc\u00e9s) para que disfrutes al m\u00e1ximo de tu aventura.<\/p>\n                        <\/div>\n    <\/section>\n\n\n<section class=\"links-grid --theme3 sm-block\">\n    <div class=\"links-grid__wrapper\">\n                                                    <a href=\"https:\/\/www.santamonica.com\/es\/trip-planner\/one-day-itinerary\/\" class=\"links-grid__card-link\" aria-label=\"Itinerario de un d\u00eda\">\n                    <div class=\"links-grid__card\">\n                                                    <div class=\"links-grid__card-image-wrapper\">\n                                <img decoding=\"async\" width=\"400\" height=\"400\" src=\"https:\/\/www.santamonica.com\/wp-content\/uploads\/2025\/01\/OneDayItinerary-400x400.jpg\" class=\"links-grid__card-image\" alt=\"Itinerario de un d\u00eda\" loading=\"lazy\" title=\"\">                            <\/div>\n                                                <div class=\"links-grid__card-text\">\n                                                            <div class=\"links-grid__card-title\">Itinerario de un d\u00eda<\/div>\n                                                                                <\/div>\n                    <\/div>\n                <\/a>\n                                            <a href=\"https:\/\/www.santamonica.com\/es\/trip-planner\/two-day-itinerary\/\" class=\"links-grid__card-link\" aria-label=\"Itinerario de dos d\u00edas\">\n                    <div class=\"links-grid__card\">\n                                                    <div class=\"links-grid__card-image-wrapper\">\n                                <img decoding=\"async\" width=\"400\" height=\"400\" src=\"https:\/\/www.santamonica.com\/wp-content\/uploads\/2022\/06\/two-day-itinerary-400x400.jpg\" class=\"links-grid__card-image\" alt=\"itinerario de dos d\u00edas\" loading=\"lazy\" title=\"\">                            <\/div>\n                                                <div class=\"links-grid__card-text\">\n                                                            <div class=\"links-grid__card-title\">Itinerario de dos d\u00edas<\/div>\n                                                                                <\/div>\n                    <\/div>\n                <\/a>\n                                            <a href=\"https:\/\/www.santamonica.com\/es\/trip-planner\/three-day-itinerary\/\" class=\"links-grid__card-link\" aria-label=\"Itinerario de tres d\u00edas\">\n                    <div class=\"links-grid__card\">\n                                                    <div class=\"links-grid__card-image-wrapper\">\n                                <img decoding=\"async\" width=\"400\" height=\"400\" src=\"https:\/\/www.santamonica.com\/wp-content\/uploads\/2022\/06\/three-day-itinerary-400x400.jpg\" class=\"links-grid__card-image\" alt=\"Qu\u00e9 hacer en Santa M\u00f3nica este fin de semana\" loading=\"lazy\" title=\"\">                            <\/div>\n                                                <div class=\"links-grid__card-text\">\n                                                            <div class=\"links-grid__card-title\">Itinerario de tres d\u00edas<\/div>\n                                                                                <\/div>\n                    <\/div>\n                <\/a>\n                                            <a href=\"https:\/\/www.santamonica.com\/es\/trip-planner\/seven-day-itinerary\/\" class=\"links-grid__card-link\" aria-label=\"Itinerario semanal\">\n                    <div class=\"links-grid__card\">\n                                                    <div class=\"links-grid__card-image-wrapper\">\n                                <img decoding=\"async\" width=\"400\" height=\"400\" src=\"https:\/\/www.santamonica.com\/wp-content\/uploads\/2022\/06\/santa-monica-seven-day-itinerary-400x400.jpg\" class=\"links-grid__card-image\" alt=\"santa monica itinerario de siete d\u00edas\" loading=\"lazy\" title=\"\">                            <\/div>\n                                                <div class=\"links-grid__card-text\">\n                                                            <div class=\"links-grid__card-title\">Itinerario semanal<\/div>\n                                                                                <\/div>\n                    <\/div>\n                <\/a>\n                        <\/div>\n<\/section>\n\n\n\n<section class=\"image-slider --theme1 sm-block\" >\n    <div class=\"image-slider__wrapper\">\n                    <div class=\"image-slider__copy wysiwyg\"><p><strong>Lujo relajado<\/strong><br \/>\nLa combinaci\u00f3n de la belleza natural de Santa M\u00f3nica, sus restaurantes galardonados y sus famosas tiendas, todo ello en uno de los tramos de costa m\u00e1s emblem\u00e1ticos de California, ofrece una experiencia de lujo verdaderamente relajada. Para obtener m\u00e1s informaci\u00f3n, explore el <a href=\"https:\/\/issuu.com\/santamonicatravelandtourism\/docs\/santa_monica_insider\" target=\"_blank\" rel=\"noopener\">Santa M\u00f3nica Insider<\/a>.<\/p>\n<p><strong>Viaje por carretera por el sur de California<\/strong><br \/>\nLo mejor del sur de California incluye tres regiones incre\u00edbles y \u00fanicas, todas ellas a pocas horas unas de otras: Santa M\u00f3nica, Greater Palm Springs y San Diego.<\/p>\n<p>Tanto si eres un amante de la playa como un conocedor de la cultura, apreciar\u00e1s el <a href=\"https:\/\/www.santamonica.com\/es\/planificador-de-viajes\/viaje-por-carretera-por-el-sur-de-california\/\">variedad de experiencias<\/a> que te esperan en cada destino, y que puedes disfrutar en solo 10 d\u00edas.<\/p>\n<\/div>\n                <div class=\"image-slider__slider right\">\n                            <!-- Slider main container -->\n                <div class=\"swiper\">\n                    <!-- Additional required wrapper -->\n                    <div class=\"swiper-wrapper\">\n                        <!-- Slides -->\n                                                    <div class=\"swiper-slide\">\n                                <img decoding=\"async\" width=\"1024\" height=\"580\" src=\"https:\/\/www.santamonica.com\/wp-content\/uploads\/2025\/01\/LaidBackLuxury_PlanningToolkit.jpg\" class=\"swiper-slide__image\" alt=\"\" loading=\"lazy\" srcset=\"https:\/\/www.santamonica.com\/wp-content\/uploads\/2025\/01\/LaidBackLuxury_PlanningToolkit.jpg 1024w, https:\/\/www.santamonica.com\/wp-content\/uploads\/2025\/01\/LaidBackLuxury_PlanningToolkit-300x170.jpg 300w, https:\/\/www.santamonica.com\/wp-content\/uploads\/2025\/01\/LaidBackLuxury_PlanningToolkit-265x150.jpg 265w, https:\/\/www.santamonica.com\/wp-content\/uploads\/2025\/01\/LaidBackLuxury_PlanningToolkit-768x435.jpg 768w\" sizes=\"auto, (max-width: 1024px) 100vw, 1024px\" title=\"\">                                \n\n                            <\/div>\n                                            <\/div>\n                                    <\/div>\n                    <\/div>\n    <\/div>\n<\/section>\n\n\n<section class=\"sun-title sm-block --theme6 sm-block\">\n            <h2 class=\"sun-title__headline\">Viajar con responsabilidad<\/h2>    \n            <div class=\"sun-title__body  wysiwyg\">\n                    <p>Santa M\u00f3nica siempre les dar\u00e1 la bienvenida a ustedes y a sus clientes con los brazos abiertos, y queremos ayudarles a aprovechar al m\u00e1ximo sus vacaciones junto al mar. Obtengan consejos sobre c\u00f3mo planear con anticipaci\u00f3n., <a href=\"https:\/\/www.santamonica.com\/es\/viaja-de-manera-responsable\/\">viaja de manera responsable<\/a>, establezca expectativas y tome las precauciones adecuadas mientras explora Santa M\u00f3nica y sus alrededores.<\/p>\n                        <\/div>\n    <\/section>\n\n\n\n<section class=\"two-images container-max sm-block  sm-block\">\n    <div class=\"two-images__container\">\n\n        <div class=\"two-images__column\">\n            <div class=\"two-images__content\">\n                <div class=\"two-images__content-header-container\">\n                                            <h2 class=\"two-images__content-header\">Im\u00e1genes libres de derechos de autor<\/h2>                                    <\/div>\n                                    <div class=\"two-images__content-body wysiwyg\">\n                        <p><a href=\"https:\/\/www.santamonica.com\/es\/medios-de-comunicacion\/formulario-de-solicitud-de-fotos-y-videos\/\">Solicitar fotograf\u00edas pintorescas libres de derechos de autor<\/a> de Santa M\u00f3nica por sus folletos y cat\u00e1logos.<\/p>\n                    <\/div>\n                                            <\/div>\n        <\/div>\n\n        <div class=\"two-images__column\">\n                            <div class=\"two-images__image-container\">\n                    <img decoding=\"async\" width=\"425\" height=\"505\" src=\"https:\/\/www.santamonica.com\/wp-content\/uploads\/2022\/06\/request-royalty-free-photos-santa-monica.jpg\" class=\"two-images__image\" alt=\"solicitar fotos libres de derechos de autor santa monica\" loading=\"lazy\" srcset=\"https:\/\/www.santamonica.com\/wp-content\/uploads\/2022\/06\/request-royalty-free-photos-santa-monica.jpg 425w, https:\/\/www.santamonica.com\/wp-content\/uploads\/2022\/06\/request-royalty-free-photos-santa-monica-252x300.jpg 252w, https:\/\/www.santamonica.com\/wp-content\/uploads\/2022\/06\/request-royalty-free-photos-santa-monica-126x150.jpg 126w\" sizes=\"auto, (max-width: 425px) 100vw, 425px\" title=\"\">                    \n\n                <\/div>\n                    <\/div>\n\n        <div class=\"two-images__column\">\n                            <div class=\"two-images__image-container\">\n                    <img decoding=\"async\" width=\"600\" height=\"565\" src=\"https:\/\/www.santamonica.com\/wp-content\/uploads\/2022\/06\/santa-monica-royalty-free-images.jpg\" class=\"two-images__image\" alt=\"Im\u00e1genes libres de derechos de autor de Santa M\u00f3nica\" loading=\"lazy\" srcset=\"https:\/\/www.santamonica.com\/wp-content\/uploads\/2022\/06\/santa-monica-royalty-free-images.jpg 600w, https:\/\/www.santamonica.com\/wp-content\/uploads\/2022\/06\/santa-monica-royalty-free-images-300x283.jpg 300w, https:\/\/www.santamonica.com\/wp-content\/uploads\/2022\/06\/santa-monica-royalty-free-images-159x150.jpg 159w\" sizes=\"auto, (max-width: 600px) 100vw, 600px\" title=\"\">                    \n\n                <\/div>\n                    <\/div>\n\n    <\/div>\n<\/section>\n\n\n<section class=\"image-slider --theme1 sm-block\" >\n    <div class=\"image-slider__wrapper\">\n                    <div class=\"image-slider__copy wysiwyg\"><h2>Actividades gratuitas<\/h2>\n<p>M\u00e1s informaci\u00f3n sobre <a href=\"https:\/\/www.santamonica.com\/es\/cosas-que-hacer\/100-cosas-gratis-que-hacer-en-santa-monica\/\">Cosas gratis que hacer en Santa M\u00f3nica<\/a> \u00a1Incluyendo conciertos de m\u00fasica de verano, recorridos por la ciudad, actividades en la playa y mucho m\u00e1s!<\/p>\n<\/div>\n                <div class=\"image-slider__slider right\">\n                            <!-- Slider main container -->\n                <div class=\"swiper\">\n                    <!-- Additional required wrapper -->\n                    <div class=\"swiper-wrapper\">\n                        <!-- Slides -->\n                                                    <div class=\"swiper-slide\">\n                                <img decoding=\"async\" width=\"1024\" height=\"576\" src=\"https:\/\/www.santamonica.com\/wp-content\/uploads\/2022\/06\/santa-monica-free-activities.jpg\" class=\"swiper-slide__image\" alt=\"Actividades gratuitas en Santa M\u00f3nica\" loading=\"lazy\" srcset=\"https:\/\/www.santamonica.com\/wp-content\/uploads\/2022\/06\/santa-monica-free-activities.jpg 1024w, https:\/\/www.santamonica.com\/wp-content\/uploads\/2022\/06\/santa-monica-free-activities-300x169.jpg 300w, https:\/\/www.santamonica.com\/wp-content\/uploads\/2022\/06\/santa-monica-free-activities-267x150.jpg 267w, https:\/\/www.santamonica.com\/wp-content\/uploads\/2022\/06\/santa-monica-free-activities-768x432.jpg 768w\" sizes=\"auto, (max-width: 1024px) 100vw, 1024px\" title=\"\">                                \n\n                            <\/div>\n                                            <\/div>\n                                    <\/div>\n                    <\/div>\n    <\/div>\n<\/section>\n\n\n<section class=\"sun-title sm-block --theme6 sm-block\">\n            <h2 class=\"sun-title__headline\">Solicitar materiales<\/h2>    \n            <div class=\"sun-title__body  wysiwyg\">\n                    <p>Santa Monica Travel &amp; Tourism ofrece una serie de gu\u00edas completas para ayudar a informar a sus clientes sobre el destino. Para solicitar gu\u00edas impresas o para preguntas adicionales e informaci\u00f3n sobre capacitaci\u00f3n, p\u00f3ngase en contacto con nuestro equipo de ventas en <a href=\"tel:3103196263\">(310) 319.6263<\/a> o <a href=\"mailto:trade@santamonica.com\">trade@santamonica.com<\/a>.<\/p>\n<p><a href=\"https:\/\/www.santamonica.com\/es\/solicitar-guia-para-visitantes-de-santa-monica\/\" rel=\"noopener\">Gu\u00eda oficial para visitantes y mapa de Santa M\u00f3nica<\/a><\/p>\n                        <\/div>\n    <\/section>\n\n\n\n<section class=\"two-images container-max sm-block  sm-block\">\n    <div class=\"two-images__container\">\n\n        <div class=\"two-images__column\">\n            <div class=\"two-images__content\">\n                <div class=\"two-images__content-header-container\">\n                                            <h2 class=\"two-images__content-header\">Servicios del Centro de Visitantes \/ Tienda<\/h2>                                    <\/div>\n                                    <div class=\"two-images__content-body wysiwyg\">\n                        <p>\u00bfTiene un cliente especial que va a visitar Santa M\u00f3nica y quiere impresionarlo? P\u00f3ngase en contacto con Santa Monica Travel &amp; Tourism y estaremos encantados de entregarle en mano una bolsa de bienvenida a Santa M\u00f3nica para su llegada, que incluye una nota personal de SMTT, una gu\u00eda oficial para visitantes de Santa M\u00f3nica, un mapa para visitantes de Santa M\u00f3nica y un regalo especial de recuerdo de Santa M\u00f3nica. Para obtener m\u00e1s informaci\u00f3n, p\u00f3ngase en contacto con\u00a0<a href=\"mailto:trade@santamonica.com\">trade@santamonica.com<\/a>.<\/p>\n                    <\/div>\n                                            <\/div>\n        <\/div>\n\n        <div class=\"two-images__column\">\n                            <div class=\"two-images__image-container\">\n                    <img decoding=\"async\" width=\"425\" height=\"505\" src=\"https:\/\/www.santamonica.com\/wp-content\/uploads\/2022\/06\/visitor-center-retail.jpg\" class=\"two-images__image\" alt=\"centro de visitantes minorista\" loading=\"lazy\" srcset=\"https:\/\/www.santamonica.com\/wp-content\/uploads\/2022\/06\/visitor-center-retail.jpg 425w, https:\/\/www.santamonica.com\/wp-content\/uploads\/2022\/06\/visitor-center-retail-252x300.jpg 252w, https:\/\/www.santamonica.com\/wp-content\/uploads\/2022\/06\/visitor-center-retail-126x150.jpg 126w\" sizes=\"auto, (max-width: 425px) 100vw, 425px\" title=\"\">                    \n\n            <div class=\"img-lctn-tag --no-link two-images__image-caption --right\">Tienda del muelle<\/div>\n                    <\/div>\n                    <\/div>\n\n        <div class=\"two-images__column\">\n                            <div class=\"two-images__image-container\">\n                    <img decoding=\"async\" width=\"600\" height=\"565\" src=\"https:\/\/www.santamonica.com\/wp-content\/uploads\/2022\/06\/santa-monica-visitors-center.jpg\" class=\"two-images__image\" alt=\"centro de visitantes de santa m\u00f3nica\" loading=\"lazy\" srcset=\"https:\/\/www.santamonica.com\/wp-content\/uploads\/2022\/06\/santa-monica-visitors-center.jpg 600w, https:\/\/www.santamonica.com\/wp-content\/uploads\/2022\/06\/santa-monica-visitors-center-300x283.jpg 300w, https:\/\/www.santamonica.com\/wp-content\/uploads\/2022\/06\/santa-monica-visitors-center-159x150.jpg 159w\" sizes=\"auto, (max-width: 600px) 100vw, 600px\" title=\"\">                    \n\n            <div class=\"img-lctn-tag --no-link two-images__image-caption --right\">Tienda del muelle y centro de visitantes<\/div>\n                    <\/div>\n                    <\/div>\n\n    <\/div>\n<\/section>\n\n\n<section class=\"blog-feed --theme8 sm-block\">\n    <div class=\"blog-feed__content\">\n        <div class=\"blog-feed__intro\">\n                            <div class=\"blog-feed__eyebrow eyebrow\">Blogs<\/div>                                        <h2 class=\"blog-feed__headline\">Descubre Santa M\u00f3nica<\/h2>                                        <div class=\"blog-feed__body\"><p>Explore itinerarios, consejos locales, lugares de inter\u00e9s y aventuras seleccionadas para sacar el m\u00e1ximo partido a su experiencia en Santa M\u00f3nica.<\/p>\n<\/div>\n                                        <a class=\"blog-feed__cta\" href=\"https:\/\/www.santamonica.com\/es\/entradas-de-blog\/\">Ver todos los blogs<\/a>\n                    <\/div>\n\n        <ul class=\"blog-feed__list\">\n                                                <li class=\"blog-feed__item\">\n                        <a href=\"https:\/\/www.santamonica.com\/es\/mother-road-modern-meetings-route-66-meeting-spaces-set-to-shine-for-centennial-in-santa-monica\/\" class=\"blog-feed__item-link\">\n                            <div class=\"blog-feed__image-ratio\">\n                                <img decoding=\"async\" class=\"blog-feed__image\" src=\"https:\/\/www.santamonica.com\/wp-content\/uploads\/2025\/12\/untitledJuly20162C2020180010-182-2-400x400.jpg\" alt=\"MOTHER ROAD, REUNIONES MODERNAS: LOS ESPACIOS DE REUNI\u00d3N DE LA RUTA 66 LISTOS PARA BRILLAR EN EL CENTENARIO EN SANTA M\u00d3NICA\" title=\"\">\n                            <\/div>\n                            <div class=\"blog-feed__card-title\">MOTHER ROAD, REUNIONES MODERNAS: LOS ESPACIOS DE REUNI\u00d3N DE LA RUTA 66 LISTOS PARA BRILLAR EN EL CENTENARIO EN SANTA M\u00d3NICA<\/div>\n                        <\/a>\n                    <\/li>\n                                                                <li class=\"blog-feed__item\">\n                        <a href=\"https:\/\/www.santamonica.com\/es\/media\/news-release\/santa-monica-announces-song-contest-in-celebration-of-route-66-centennial\/\" class=\"blog-feed__item-link\">\n                            <div class=\"blog-feed__image-ratio\">\n                                <img decoding=\"async\" class=\"blog-feed__image\" src=\"https:\/\/www.santamonica.com\/wp-content\/uploads\/2025\/11\/DSC01084-400x400.jpg\" alt=\"SANTA M\u00d3NICA ANUNCIA UN CONCURSO DE CANCIONES PARA CELEBRAR EL CENTENARIO DE LA RUTA 66\" title=\"\">\n                            <\/div>\n                            <div class=\"blog-feed__card-title\">SANTA M\u00d3NICA ANUNCIA UN CONCURSO DE CANCIONES PARA CELEBRAR EL CENTENARIO DE LA RUTA 66<\/div>\n                        <\/a>\n                    <\/li>\n                                                                <li class=\"blog-feed__item\">\n                        <a href=\"https:\/\/www.santamonica.com\/es\/media\/news-release\/where-to-watch-the-world-series-in-santa-monica\/\" class=\"blog-feed__item-link\">\n                            <div class=\"blog-feed__image-ratio\">\n                                <img decoding=\"async\" class=\"blog-feed__image\" src=\"https:\/\/www.santamonica.com\/wp-content\/uploads\/2025\/10\/dodgers-logo-1-400x400.jpg\" alt=\"D\u00d3NDE VER LAS SERIES MUNDIALES EN SANTA MONICA\" title=\"\">\n                            <\/div>\n                            <div class=\"blog-feed__card-title\">D\u00d3NDE VER LAS SERIES MUNDIALES EN SANTA MONICA<\/div>\n                        <\/a>\n                    <\/li>\n                                    <\/ul>\n    <\/div>\n<\/section>","protected":false},"excerpt":{"rendered":"","protected":false},"author":1450,"featured_media":342804,"parent":0,"menu_order":0,"comment_status":"closed","ping_status":"closed","template":"template-editorial.php","meta":{"_acf_changed":false,"inline_featured_image":false,"footnotes":""},"silos":[3908],"class_list":["post-342771","page","type-page","status-publish","has-post-thumbnail","hentry"],"acf":[],"_links":{"self":[{"href":"https:\/\/www.santamonica.com\/es\/wp-json\/wp\/v2\/pages\/342771","targetHints":{"allow":["GET"]}}],"collection":[{"href":"https:\/\/www.santamonica.com\/es\/wp-json\/wp\/v2\/pages"}],"about":[{"href":"https:\/\/www.santamonica.com\/es\/wp-json\/wp\/v2\/types\/page"}],"author":[{"embeddable":true,"href":"https:\/\/www.santamonica.com\/es\/wp-json\/wp\/v2\/users\/1450"}],"replies":[{"embeddable":true,"href":"https:\/\/www.santamonica.com\/es\/wp-json\/wp\/v2\/comments?post=342771"}],"version-history":[{"count":58,"href":"https:\/\/www.santamonica.com\/es\/wp-json\/wp\/v2\/pages\/342771\/revisions"}],"predecessor-version":[{"id":787260,"href":"https:\/\/www.santamonica.com\/es\/wp-json\/wp\/v2\/pages\/342771\/revisions\/787260"}],"wp:featuredmedia":[{"embeddable":true,"href":"https:\/\/www.santamonica.com\/es\/wp-json\/wp\/v2\/media\/342804"}],"wp:attachment":[{"href":"https:\/\/www.santamonica.com\/es\/wp-json\/wp\/v2\/media?parent=342771"}],"wp:term":[{"taxonomy":"silos","embeddable":true,"href":"https:\/\/www.santamonica.com\/es\/wp-json\/wp\/v2\/silos?post=342771"}],"curies":[{"name":"wp","href":"https:\/\/api.w.org\/{rel}","templated":true}]}}