{"id":342651,"date":"2022-06-23T18:35:44","date_gmt":"2022-06-24T01:35:44","guid":{"rendered":"https:\/\/www.santamonica.com\/?page_id=342651"},"modified":"2026-01-12T07:32:16","modified_gmt":"2026-01-12T15:32:16","slug":"accesibilidad-del-transporte","status":"publish","type":"page","link":"https:\/\/www.santamonica.com\/es\/meetings-conventions\/transportation-accessibility\/","title":{"rendered":"Accesibilidad y transporte"},"content":{"rendered":"<section class=\"sun-title sm-block --theme6 sm-block\">\n            <h2 class=\"sun-title__headline\">Caminata por Santa M\u00f3nica<\/h2>    \n            <div class=\"sun-title__body  wysiwyg\">\n                    <p>Con solo 8,3 millas cuadradas, se puede llegar f\u00e1cilmente a pie a muchos de los lugares de inter\u00e9s, tiendas y restaurantes de Santa M\u00f3nica. Recorrer las calles, que cuentan con amplias aceras aptas para peatones, es una forma estupenda de conocer los barrios locales.<\/p>\n                        <\/div>\n    <\/section>\n\n\n\n<section class=\"two-images container-max sm-block  sm-block\">\n    <div class=\"two-images__container\">\n\n        <div class=\"two-images__column\">\n            <div class=\"two-images__content\">\n                <div class=\"two-images__content-header-container\">\n                                            <h2 class=\"two-images__content-header\">Bicicleta Santa M\u00f3nica<\/h2>                                    <\/div>\n                                    <div class=\"two-images__content-body wysiwyg\">\n                        <p>Entre el carril bici Marvin Braude, de 35 km de longitud, y los numerosos kil\u00f3metros de carriles bici verdes que recorren toda la ciudad, hay muchas rutas para desplazarse por Santa M\u00f3nica en bicicleta. Visite nuestro <a href=\"https:\/\/www.santamonica.com\/es\/cosas-que-hacer\/ciclismo-y-alquiler-de-bicicletas\/\">Bicicleta Santa M\u00f3nica<\/a> p\u00e1gina para obtener informaci\u00f3n sobre el alquiler de bicicletas.<\/p>\n                    <\/div>\n                                            <\/div>\n        <\/div>\n\n        <div class=\"two-images__column\">\n                            <div class=\"two-images__image-container\">\n                    <img decoding=\"async\" width=\"340\" height=\"610\" src=\"https:\/\/www.santamonica.com\/wp-content\/uploads\/2022\/06\/group-biking.jpg\" class=\"two-images__image\" alt=\"ciclismo en grupo\" loading=\"lazy\" srcset=\"https:\/\/www.santamonica.com\/wp-content\/uploads\/2022\/06\/group-biking.jpg 340w, https:\/\/www.santamonica.com\/wp-content\/uploads\/2022\/06\/group-biking-167x300.jpg 167w, https:\/\/www.santamonica.com\/wp-content\/uploads\/2022\/06\/group-biking-84x150.jpg 84w\" sizes=\"auto, (max-width: 340px) 100vw, 340px\" title=\"\">                    \n\n                <\/div>\n                    <\/div>\n\n        <div class=\"two-images__column\">\n                            <div class=\"two-images__image-container\">\n                    <img decoding=\"async\" width=\"600\" height=\"565\" src=\"https:\/\/www.santamonica.com\/wp-content\/uploads\/2022\/06\/beach-biking-trail.jpg\" class=\"two-images__image\" alt=\"sendero ciclista de playa\" loading=\"lazy\" srcset=\"https:\/\/www.santamonica.com\/wp-content\/uploads\/2022\/06\/beach-biking-trail.jpg 600w, https:\/\/www.santamonica.com\/wp-content\/uploads\/2022\/06\/beach-biking-trail-300x283.jpg 300w, https:\/\/www.santamonica.com\/wp-content\/uploads\/2022\/06\/beach-biking-trail-159x150.jpg 159w\" sizes=\"auto, (max-width: 600px) 100vw, 600px\" title=\"\">                    \n\n            <div class=\"img-lctn-tag --no-link two-images__image-caption --right\">Carril bici Marvin Braude<\/div>\n                    <\/div>\n                    <\/div>\n\n    <\/div>\n<\/section>\n\n\n<section class=\"image-slider --theme1 sm-block\" >\n    <div class=\"image-slider__wrapper\">\n                    <div class=\"image-slider__copy wysiwyg\"><h2>Metro E Tren ligero<\/h2>\n<p>En <a href=\"https:\/\/www.santamonica.com\/es\/transporte\/metro-de-santa-monica\/\" target=\"_blank\" rel=\"noopener\">L\u00ednea E del metro<\/a> conecta Santa M\u00f3nica con el centro de Los \u00c1ngeles en menos de 50 minutos mediante un tren ligero. Con tres estaciones ubicadas a lo largo de Santa M\u00f3nica, desde el centro de la ciudad hasta Mid-City, la l\u00ednea E del metro es una excelente manera de desplazarse dentro del destino y de conectar con Pasadena, el valle de San Fernando, South Bay, Long Beach y docenas de puntos intermedios.<\/p>\n<\/div>\n                <div class=\"image-slider__slider right\">\n                            <!-- Slider main container -->\n                <div class=\"swiper\">\n                    <!-- Additional required wrapper -->\n                    <div class=\"swiper-wrapper\">\n                        <!-- Slides -->\n                                                    <div class=\"swiper-slide\">\n                                <img decoding=\"async\" width=\"1024\" height=\"576\" src=\"https:\/\/www.santamonica.com\/wp-content\/uploads\/2022\/06\/santa-monica-transportation-1.jpg\" class=\"swiper-slide__image\" alt=\"transporte en Santa M\u00f3nica\" loading=\"lazy\" srcset=\"https:\/\/www.santamonica.com\/wp-content\/uploads\/2022\/06\/santa-monica-transportation-1.jpg 1024w, https:\/\/www.santamonica.com\/wp-content\/uploads\/2022\/06\/santa-monica-transportation-1-300x169.jpg 300w, https:\/\/www.santamonica.com\/wp-content\/uploads\/2022\/06\/santa-monica-transportation-1-267x150.jpg 267w, https:\/\/www.santamonica.com\/wp-content\/uploads\/2022\/06\/santa-monica-transportation-1-768x432.jpg 768w\" sizes=\"auto, (max-width: 1024px) 100vw, 1024px\" title=\"\">                                \n\n                            <\/div>\n                                            <\/div>\n                                    <\/div>\n                    <\/div>\n    <\/div>\n<\/section>\n\n\n<section class=\"sun-title sm-block --theme6 sm-block\">\n            <h2 class=\"sun-title__headline\">Autob\u00fas de Santa M\u00f3nica<\/h2>    \n            <div class=\"sun-title__body  wysiwyg\">\n                    <p>En <a href=\"https:\/\/www.bigbluebus.com\/\" target=\"_blank\" rel=\"noopener\">Autob\u00fas Big Blue<\/a> sale del centro de autobuses urbanos de LAX mediante la ruta 3 o Rapid 3; es una excelente opci\u00f3n para llegar a Santa M\u00f3nica desde LAX. Los boletos cuestan solo $1.25. Una vez en Santa M\u00f3nica, el autob\u00fas Big Blue Bus de Santa M\u00f3nica tambi\u00e9n es una forma muy eficiente de desplazarse.<\/p>\n                        <\/div>\n    <\/section>\n\n\n\n<section class=\"two-images container-max sm-block  sm-block\">\n    <div class=\"two-images__container\">\n\n        <div class=\"two-images__column\">\n            <div class=\"two-images__content\">\n                <div class=\"two-images__content-header-container\">\n                                            <h2 class=\"two-images__content-header\">Circuito de Santa M\u00f3nica<\/h2>                                    <\/div>\n                                    <div class=\"two-images__content-body wysiwyg\">\n                        <p>Los peatones pueden utilizar una aplicaci\u00f3n para llamar al <a href=\"https:\/\/www.santamonica.com\/es\/transporte\/circuito-gratuito\/\">Circuito de Santa M\u00f3nica<\/a>, taxis tipo carrito de golf que ofrecen transporte gratuito en cualquier lugar dentro de su \u00e1rea de servicio, entre Wilshire Boulevard y Marine Street, y desde el oc\u00e9ano hasta la calle 5. Los carritos operan todos los d\u00edas de 11:30 a. m. a 9 p. m. Muchos hoteles locales tambi\u00e9n ofrecen servicio de transporte por la ciudad.<\/p>\n                    <\/div>\n                                            <\/div>\n        <\/div>\n\n        <div class=\"two-images__column\">\n                            <div class=\"two-images__image-container\">\n                    <img decoding=\"async\" width=\"425\" height=\"505\" src=\"https:\/\/www.santamonica.com\/wp-content\/uploads\/2022\/06\/santa-monica-free-transportation.jpg\" class=\"two-images__image\" alt=\"Transporte gratuito en Santa M\u00f3nica\" loading=\"lazy\" srcset=\"https:\/\/www.santamonica.com\/wp-content\/uploads\/2022\/06\/santa-monica-free-transportation.jpg 425w, https:\/\/www.santamonica.com\/wp-content\/uploads\/2022\/06\/santa-monica-free-transportation-252x300.jpg 252w, https:\/\/www.santamonica.com\/wp-content\/uploads\/2022\/06\/santa-monica-free-transportation-126x150.jpg 126w\" sizes=\"auto, (max-width: 425px) 100vw, 425px\" title=\"\">                    \n\n                <\/div>\n                    <\/div>\n\n        <div class=\"two-images__column\">\n                            <div class=\"two-images__image-container\">\n                    <img decoding=\"async\" width=\"600\" height=\"564\" src=\"https:\/\/www.santamonica.com\/wp-content\/uploads\/2022\/07\/Circuit-Santa-Monica-600x564-1.jpg\" class=\"two-images__image\" alt=\"\" loading=\"lazy\" srcset=\"https:\/\/www.santamonica.com\/wp-content\/uploads\/2022\/07\/Circuit-Santa-Monica-600x564-1.jpg 600w, https:\/\/www.santamonica.com\/wp-content\/uploads\/2022\/07\/Circuit-Santa-Monica-600x564-1-300x282.jpg 300w, https:\/\/www.santamonica.com\/wp-content\/uploads\/2022\/07\/Circuit-Santa-Monica-600x564-1-160x150.jpg 160w\" sizes=\"auto, (max-width: 600px) 100vw, 600px\" title=\"\">                    \n\n                <\/div>\n                    <\/div>\n\n    <\/div>\n<\/section>\n\n\n<section class=\"image-slider --theme1 sm-block\" >\n    <div class=\"image-slider__wrapper\">\n                    <div class=\"image-slider__copy wysiwyg\"><h2>Patinetas y bicicletas el\u00e9ctricas<\/h2>\n<p><a href=\"https:\/\/www.veoride.com\/\" target=\"_blank\" rel=\"noopener\">Veo<\/a> y <a href=\"https:\/\/www.spin.app\/\" target=\"_blank\" rel=\"noopener\">Giro<\/a> son las dos marcas de aplicaciones de patinetes el\u00e9ctricos y bicicletas que operan actualmente en Santa M\u00f3nica. Spin ofrece patinetes de 2 y 3 ruedas y Veo ofrece patinetes de 2 ruedas y bicicletas el\u00e9ctricas de clase 2. <a href=\"https:\/\/www.santamonica.com\/es\/transporte\/como-andar-en-patineta-de-manera-segura-en-santa-monica\/\">Pulse aqu\u00ed<\/a> para obtener m\u00e1s informaci\u00f3n sobre los patinetes y bicicletas el\u00e9ctricos de Santa M\u00f3nica.<\/p>\n<\/div>\n                <div class=\"image-slider__slider right\">\n                            <!-- Slider main container -->\n                <div class=\"swiper\">\n                    <!-- Additional required wrapper -->\n                    <div class=\"swiper-wrapper\">\n                        <!-- Slides -->\n                                                    <div class=\"swiper-slide\">\n                                <img decoding=\"async\" width=\"1024\" height=\"580\" src=\"https:\/\/www.santamonica.com\/wp-content\/uploads\/2022\/07\/Bike-Santa-Monica-Third-Street-Promenade-1024x580-1.jpg\" class=\"swiper-slide__image\" alt=\"\" loading=\"lazy\" srcset=\"https:\/\/www.santamonica.com\/wp-content\/uploads\/2022\/07\/Bike-Santa-Monica-Third-Street-Promenade-1024x580-1.jpg 1024w, https:\/\/www.santamonica.com\/wp-content\/uploads\/2022\/07\/Bike-Santa-Monica-Third-Street-Promenade-1024x580-1-300x170.jpg 300w, https:\/\/www.santamonica.com\/wp-content\/uploads\/2022\/07\/Bike-Santa-Monica-Third-Street-Promenade-1024x580-1-265x150.jpg 265w, https:\/\/www.santamonica.com\/wp-content\/uploads\/2022\/07\/Bike-Santa-Monica-Third-Street-Promenade-1024x580-1-768x435.jpg 768w\" sizes=\"auto, (max-width: 1024px) 100vw, 1024px\" title=\"\">                                \n\n                            <\/div>\n                                            <\/div>\n                                    <\/div>\n                    <\/div>\n    <\/div>\n<\/section>\n\n\n<section class=\"sun-title sm-block --theme6 sm-block\">\n            <h2 class=\"sun-title__headline\">La seguridad es lo primero<\/h2>    \n            <div class=\"sun-title__body  wysiwyg\">\n                    <p>Ya sea que te desplaces en coche, tren, bicicleta, patineta el\u00e9ctrica o a pie, \u00a1Santa M\u00f3nica siempre pone la seguridad en primer lugar! Aseg\u00farate de leer nuestra <a href=\"https:\/\/www.santamonica.com\/es\/transporte\/informacion-de-seguridad-para-desplazarse-por-santa-monica\/\">consejos de seguridad<\/a> para ayudarte a moverte por la ciudad.<\/p>\n<p>Para obtener m\u00e1s informaci\u00f3n sobre las oportunidades de movilidad en Santa M\u00f3nica, visite el sitio web <a href=\"https:\/\/www.santamonica.gov\/categories\/getting-around\" target=\"_blank\" rel=\"noopener\">Sitio web de la ciudad de Santa M\u00f3nica<\/a>.<\/p>\n                        <\/div>\n    <\/section>\n\n\n<section class=\"blog-feed --theme8 sm-block\">\n    <div class=\"blog-feed__content\">\n        <div class=\"blog-feed__intro\">\n                            <div class=\"blog-feed__eyebrow eyebrow\">Blogs<\/div>                                        <h2 class=\"blog-feed__headline\">Descubre Santa M\u00f3nica<\/h2>                                        <div class=\"blog-feed__body\"><p>Explore itinerarios, consejos locales, lugares de inter\u00e9s y aventuras seleccionadas para sacar el m\u00e1ximo partido a su experiencia en Santa M\u00f3nica.<\/p>\n<\/div>\n                                        <a class=\"blog-feed__cta\" href=\"https:\/\/www.santamonica.com\/es\/entradas-de-blog\/\">Ver todos los blogs<\/a>\n                    <\/div>\n\n        <ul class=\"blog-feed__list\">\n                                                <li class=\"blog-feed__item\">\n                        <a href=\"https:\/\/www.santamonica.com\/es\/mother-road-modern-meetings-route-66-meeting-spaces-set-to-shine-for-centennial-in-santa-monica\/\" class=\"blog-feed__item-link\">\n                            <div class=\"blog-feed__image-ratio\">\n                                <img decoding=\"async\" class=\"blog-feed__image\" src=\"https:\/\/www.santamonica.com\/wp-content\/uploads\/2025\/12\/untitledJuly20162C2020180010-182-2-400x400.jpg\" alt=\"MOTHER ROAD, REUNIONES MODERNAS: LOS ESPACIOS DE REUNI\u00d3N DE LA RUTA 66 LISTOS PARA BRILLAR EN EL CENTENARIO EN SANTA M\u00d3NICA\" title=\"\">\n                            <\/div>\n                            <div class=\"blog-feed__card-title\">MOTHER ROAD, REUNIONES MODERNAS: LOS ESPACIOS DE REUNI\u00d3N DE LA RUTA 66 LISTOS PARA BRILLAR EN EL CENTENARIO EN SANTA M\u00d3NICA<\/div>\n                        <\/a>\n                    <\/li>\n                                                                <li class=\"blog-feed__item\">\n                        <a href=\"https:\/\/www.santamonica.com\/es\/media\/news-release\/santa-monica-announces-song-contest-in-celebration-of-route-66-centennial\/\" class=\"blog-feed__item-link\">\n                            <div class=\"blog-feed__image-ratio\">\n                                <img decoding=\"async\" class=\"blog-feed__image\" src=\"https:\/\/www.santamonica.com\/wp-content\/uploads\/2025\/11\/DSC01084-400x400.jpg\" alt=\"SANTA M\u00d3NICA ANUNCIA UN CONCURSO DE CANCIONES PARA CELEBRAR EL CENTENARIO DE LA RUTA 66\" title=\"\">\n                            <\/div>\n                            <div class=\"blog-feed__card-title\">SANTA M\u00d3NICA ANUNCIA UN CONCURSO DE CANCIONES PARA CELEBRAR EL CENTENARIO DE LA RUTA 66<\/div>\n                        <\/a>\n                    <\/li>\n                                                                <li class=\"blog-feed__item\">\n                        <a href=\"https:\/\/www.santamonica.com\/es\/media\/news-release\/where-to-watch-the-world-series-in-santa-monica\/\" class=\"blog-feed__item-link\">\n                            <div class=\"blog-feed__image-ratio\">\n                                <img decoding=\"async\" class=\"blog-feed__image\" src=\"https:\/\/www.santamonica.com\/wp-content\/uploads\/2025\/10\/dodgers-logo-1-400x400.jpg\" alt=\"D\u00d3NDE VER LAS SERIES MUNDIALES EN SANTA MONICA\" title=\"\">\n                            <\/div>\n                            <div class=\"blog-feed__card-title\">D\u00d3NDE VER LAS SERIES MUNDIALES EN SANTA MONICA<\/div>\n                        <\/a>\n                    <\/li>\n                                    <\/ul>\n    <\/div>\n<\/section>","protected":false},"excerpt":{"rendered":"","protected":false},"author":1450,"featured_media":350243,"parent":0,"menu_order":0,"comment_status":"closed","ping_status":"closed","template":"template-meetings-editorial-detail.php","meta":{"_acf_changed":false,"inline_featured_image":false,"footnotes":""},"silos":[3894],"class_list":["post-342651","page","type-page","status-publish","has-post-thumbnail","hentry"],"acf":[],"_links":{"self":[{"href":"https:\/\/www.santamonica.com\/es\/wp-json\/wp\/v2\/pages\/342651","targetHints":{"allow":["GET"]}}],"collection":[{"href":"https:\/\/www.santamonica.com\/es\/wp-json\/wp\/v2\/pages"}],"about":[{"href":"https:\/\/www.santamonica.com\/es\/wp-json\/wp\/v2\/types\/page"}],"author":[{"embeddable":true,"href":"https:\/\/www.santamonica.com\/es\/wp-json\/wp\/v2\/users\/1450"}],"replies":[{"embeddable":true,"href":"https:\/\/www.santamonica.com\/es\/wp-json\/wp\/v2\/comments?post=342651"}],"version-history":[{"count":62,"href":"https:\/\/www.santamonica.com\/es\/wp-json\/wp\/v2\/pages\/342651\/revisions"}],"predecessor-version":[{"id":424599,"href":"https:\/\/www.santamonica.com\/es\/wp-json\/wp\/v2\/pages\/342651\/revisions\/424599"}],"wp:featuredmedia":[{"embeddable":true,"href":"https:\/\/www.santamonica.com\/es\/wp-json\/wp\/v2\/media\/350243"}],"wp:attachment":[{"href":"https:\/\/www.santamonica.com\/es\/wp-json\/wp\/v2\/media?parent=342651"}],"wp:term":[{"taxonomy":"silos","embeddable":true,"href":"https:\/\/www.santamonica.com\/es\/wp-json\/wp\/v2\/silos?post=342651"}],"curies":[{"name":"wp","href":"https:\/\/api.w.org\/{rel}","templated":true}]}}