{"id":342619,"date":"2022-06-23T17:53:47","date_gmt":"2022-06-24T00:53:47","guid":{"rendered":"https:\/\/www.santamonica.com\/?page_id=342619"},"modified":"2022-07-26T22:51:00","modified_gmt":"2022-07-27T05:51:00","slug":"visitar-santa-monica","status":"publish","type":"page","link":"https:\/\/www.santamonica.com\/es\/visit-santa-monica\/","title":{"rendered":"Establezca su base aqu\u00ed"},"content":{"rendered":"<section class=\"links-grid --theme3 sm-block\">\n    <div class=\"links-grid__wrapper\">\n                                                    <a href=\"https:\/\/www.santamonica.com\/es\/transportation\/\" class=\"links-grid__card-link\" aria-label=\"Transporte - C\u00f3mo desplazarse\" >\n                    <div class=\"links-grid__card\">\n                                                    <div class=\"links-grid__card-image-wrapper\">\n                                <img decoding=\"async\" width=\"400\" height=\"400\" src=\"https:\/\/www.santamonica.com\/wp-content\/uploads\/2022\/06\/santa-monica-directions-400x400.jpg\" class=\"links-grid__card-image\" alt=\"Viaje desde LAX a Santa M\u00f3nica\" loading=\"lazy\" title=\"\">                            <\/div>\n                                                <div class=\"links-grid__card-text\">\n                                                            <div class=\"links-grid__card-title\">Transporte: c\u00f3mo desplazarse<\/div>\n                                                                                <\/div>\n                    <\/div>\n                <\/a>\n                                            <a href=\"https:\/\/www.santamonica.com\/es\/experience-santa-monica\/best-time-to-visit\/\" class=\"links-grid__card-link\" aria-label=\"Mejor \u00e9poca para visitar\" >\n                    <div class=\"links-grid__card\">\n                                                    <div class=\"links-grid__card-image-wrapper\">\n                                <img decoding=\"async\" width=\"400\" height=\"400\" src=\"https:\/\/www.santamonica.com\/wp-content\/uploads\/2022\/06\/santa-monica-los-angeles-400x400.jpg\" class=\"links-grid__card-image\" alt=\"Mejor \u00e9poca para visitar\" loading=\"lazy\" title=\"\">                            <\/div>\n                                                <div class=\"links-grid__card-text\">\n                                                            <div class=\"links-grid__card-title\">Mejor \u00e9poca para visitar<\/div>\n                                                                                <\/div>\n                    <\/div>\n                <\/a>\n                                            <a href=\"https:\/\/www.santamonica.com\/es\/experience-santa-monica\/neighborhoods\/\" class=\"links-grid__card-link\" aria-label=\"Barrios de Santa M\u00f3nica\" >\n                    <div class=\"links-grid__card\">\n                                                    <div class=\"links-grid__card-image-wrapper\">\n                                <img decoding=\"async\" width=\"400\" height=\"400\" src=\"https:\/\/www.santamonica.com\/wp-content\/uploads\/2022\/06\/neighborhoods-400x400.jpg\" class=\"links-grid__card-image\" alt=\"barrios\" loading=\"lazy\" title=\"\">                            <\/div>\n                                                <div class=\"links-grid__card-text\">\n                                                            <div class=\"links-grid__card-title\">Barrios de Santa M\u00f3nica<\/div>\n                                                                                <\/div>\n                    <\/div>\n                <\/a>\n                                            <a href=\"https:\/\/www.santamonica.com\/es\/about\/visitor-centers\/\" class=\"links-grid__card-link\" aria-label=\"Centros de informaci\u00f3n para visitantes\" >\n                    <div class=\"links-grid__card\">\n                                                    <div class=\"links-grid__card-image-wrapper\">\n                                <img decoding=\"async\" width=\"400\" height=\"400\" src=\"https:\/\/www.santamonica.com\/wp-content\/uploads\/2022\/06\/visitor-centers-santa-monica-400x400.jpg\" class=\"links-grid__card-image\" alt=\"centros de visitantes santa m\u00f3nica\" loading=\"lazy\" title=\"\">                            <\/div>\n                                                <div class=\"links-grid__card-text\">\n                                                            <div class=\"links-grid__card-title\">Centros de informaci\u00f3n para visitantes<\/div>\n                                                                                <\/div>\n                    <\/div>\n                <\/a>\n                                            <a href=\"https:\/\/www.santamonica.com\/es\/transportation\/\" class=\"links-grid__card-link\" aria-label=\"Transporte - C\u00f3mo desplazarse\" >\n                    <div class=\"links-grid__card\">\n                                                    <div class=\"links-grid__card-image-wrapper\">\n                                <img decoding=\"async\" width=\"400\" height=\"400\" src=\"https:\/\/www.santamonica.com\/wp-content\/uploads\/2022\/06\/public-transportation-400x400.jpg\" class=\"links-grid__card-image\" alt=\"transporte p\u00fablico\" loading=\"lazy\" title=\"\">                            <\/div>\n                                                <div class=\"links-grid__card-text\">\n                                                            <div class=\"links-grid__card-title\">Transporte: c\u00f3mo desplazarse<\/div>\n                                                                                <\/div>\n                    <\/div>\n                <\/a>\n                                            <a href=\"https:\/\/www.santamonica.com\/es\/experience-santa-monica\/lgbtq\/\" class=\"links-grid__card-link\" aria-label=\"LGBTQ+\" >\n                    <div class=\"links-grid__card\">\n                                                    <div class=\"links-grid__card-image-wrapper\">\n                                <img decoding=\"async\" width=\"400\" height=\"400\" src=\"https:\/\/www.santamonica.com\/wp-content\/uploads\/2022\/07\/Santa_Monica_Hotel_Shangri_La_02-400x400.png\" class=\"links-grid__card-image\" alt=\"Junto a la piscina lgbtq\" loading=\"lazy\" srcset=\"https:\/\/www.santamonica.com\/wp-content\/uploads\/2022\/07\/Santa_Monica_Hotel_Shangri_La_02-400x400.png 400w, https:\/\/www.santamonica.com\/wp-content\/uploads\/2022\/07\/Santa_Monica_Hotel_Shangri_La_02-300x300.png 300w, https:\/\/www.santamonica.com\/wp-content\/uploads\/2022\/07\/Santa_Monica_Hotel_Shangri_La_02-150x150.png 150w, https:\/\/www.santamonica.com\/wp-content\/uploads\/2022\/07\/Santa_Monica_Hotel_Shangri_La_02.png 540w\" sizes=\"auto, (max-width: 400px) 100vw, 400px\" title=\"\">                            <\/div>\n                                                <div class=\"links-grid__card-text\">\n                                                            <div class=\"links-grid__card-title\">LGBTQ+<\/div>\n                                                                                <\/div>\n                    <\/div>\n                <\/a>\n                                            <a href=\"https:\/\/www.santamonica.com\/es\/experience-santa-monica\/accessibility\/\" class=\"links-grid__card-link\" aria-label=\"Accesibilidad\" >\n                    <div class=\"links-grid__card\">\n                                                    <div class=\"links-grid__card-image-wrapper\">\n                                <img decoding=\"async\" width=\"400\" height=\"400\" src=\"https:\/\/www.santamonica.com\/wp-content\/uploads\/2025\/02\/Tongva_Accessibility-400x400.png\" class=\"links-grid__card-image\" alt=\"Lugares accesibles para sillas de ruedas en Santa M\u00f3nica\" loading=\"lazy\" title=\"\">                            <\/div>\n                                                <div class=\"links-grid__card-text\">\n                                                            <div class=\"links-grid__card-title\">Accesibilidad<\/div>\n                                                                                <\/div>\n                    <\/div>\n                <\/a>\n                                            <a href=\"https:\/\/www.santamonica.com\/es\/experience-santa-monica\/sustainability\/\" class=\"links-grid__card-link\" aria-label=\"Viajes sostenibles\" >\n                    <div class=\"links-grid__card\">\n                                                    <div class=\"links-grid__card-image-wrapper\">\n                                <img decoding=\"async\" width=\"400\" height=\"400\" src=\"https:\/\/www.santamonica.com\/wp-content\/uploads\/2022\/06\/santa-monica-sustainable-travel-400x400.jpg\" class=\"links-grid__card-image\" alt=\"viajes sostenibles en Santa M\u00f3nica\" loading=\"lazy\" title=\"\">                            <\/div>\n                                                <div class=\"links-grid__card-text\">\n                                                            <div class=\"links-grid__card-title\">Viajes sostenibles<\/div>\n                                                                                <\/div>\n                    <\/div>\n                <\/a>\n                        <\/div>\n<\/section>\n\n\n\n\n<section class=\"two-images container-max sm-block  sm-block\">\n    <div class=\"two-images__container\">\n\n        <div class=\"two-images__column\">\n            <div class=\"two-images__content\">\n                <div class=\"two-images__content-header-container\">\n                                            <h2 class=\"two-images__content-header\">Cosas que hacer en Santa M\u00f3nica<\/h2>                                    <\/div>\n                                    <div class=\"two-images__content-body wysiwyg\">\n                        <p>En <a href=\"https:\/\/www.santamonica.com\/es\/cosas-que-hacer\/playa-de-santa-monica\/\">playas de Santa M\u00f3nica<\/a> atraen a todo tipo de visitantes, y en un d\u00eda normal en la playa, es probable que veas a familias jugando en la arena junto a las colchonetas dispuestas para una clase de yoga. Adem\u00e1s, no te sorprendas si ves a alg\u00fan famoso de compras o tomando un caf\u00e9 en alguna de las tiendas locales.<\/p>\n                    <\/div>\n                                            <\/div>\n        <\/div>\n\n        <div class=\"two-images__column\">\n                            <div class=\"two-images__image-container\">\n                    <img decoding=\"async\" width=\"425\" height=\"505\" src=\"https:\/\/www.santamonica.com\/wp-content\/uploads\/2022\/06\/la-to-santa-monica.jpg\" class=\"two-images__image\" alt=\"de Los \u00c1ngeles a Santa M\u00f3nica\" loading=\"lazy\" srcset=\"https:\/\/www.santamonica.com\/wp-content\/uploads\/2022\/06\/la-to-santa-monica.jpg 425w, https:\/\/www.santamonica.com\/wp-content\/uploads\/2022\/06\/la-to-santa-monica-252x300.jpg 252w, https:\/\/www.santamonica.com\/wp-content\/uploads\/2022\/06\/la-to-santa-monica-126x150.jpg 126w\" sizes=\"auto, (max-width: 425px) 100vw, 425px\" title=\"\">                    \n\n                <\/div>\n                    <\/div>\n\n        <div class=\"two-images__column\">\n                            <div class=\"two-images__image-container\">\n                    <img decoding=\"async\" width=\"600\" height=\"565\" src=\"https:\/\/www.santamonica.com\/wp-content\/uploads\/2022\/06\/santa-monica-to-los-angeles.jpg\" class=\"two-images__image\" alt=\"De Santa M\u00f3nica a Los \u00c1ngeles\" loading=\"lazy\" srcset=\"https:\/\/www.santamonica.com\/wp-content\/uploads\/2022\/06\/santa-monica-to-los-angeles.jpg 600w, https:\/\/www.santamonica.com\/wp-content\/uploads\/2022\/06\/santa-monica-to-los-angeles-300x283.jpg 300w, https:\/\/www.santamonica.com\/wp-content\/uploads\/2022\/06\/santa-monica-to-los-angeles-159x150.jpg 159w\" sizes=\"auto, (max-width: 600px) 100vw, 600px\" title=\"\">                    \n\n            <div class=\"img-lctn-tag --no-link two-images__image-caption --right\">Cosas que hacer<\/div>\n                    <\/div>\n                    <\/div>\n\n    <\/div>\n<\/section>\n\n\n<section class=\"image-slider --theme1 sm-block\" >\n    <div class=\"image-slider__wrapper\">\n                    <div class=\"image-slider__copy wysiwyg\"><p>Cuando pienses en cosas que hacer en Los \u00c1ngeles, no te olvides de Santa M\u00f3nica. Aseg\u00farate de <a href=\"https:\/\/www.santamonica.com\/es\/cosas-que-hacer\/visitar-el-muelle-de-santa-monica\/\">visitar el muelle de Santa M\u00f3nica<\/a>, donde hay una gran variedad de tiendas, restaurantes y atracciones de feria (incluida una noria que funciona con energ\u00eda solar) en lo alto de un muelle hist\u00f3rico de madera. Para <a href=\"https:\/\/www.santamonica.com\/es\/vida-nocturna\/guia-de-bares-de-santa-monica\/\">Vida nocturna en Santa M\u00f3nica<\/a>, el <a href=\"https:\/\/www.santamonica.com\/es\/vivir-santa-monica\/barrios\/centro-de-santa-monica-paseo-maritimo-de-la-calle-3\/\">Paseo de la calle Tercera<\/a> es el lugar ideal, lleno de actividad gracias a los cin\u00e9filos, los fiesteros, la vida nocturna y los bares, y los talentosos artistas callejeros.<\/p>\n<p>Santa M\u00f3nica tambi\u00e9n es conocida por ser una ciudad transitable a pie, aunque muchos optan por desplazarse en coche o en bicicleta por los 35 km de carriles bici que ofrece la zona. Echa un vistazo a <a href=\"https:\/\/www.santamonica.com\/es\/cosas-que-hacer\/excursiones\/\">Recorrido por Santa M\u00f3nica<\/a> \u00a1A pie, en bicicleta o en autob\u00fas!<\/p>\n<\/div>\n                <div class=\"image-slider__slider right\">\n                            <!-- Slider main container -->\n                <div class=\"swiper js-image-slider\">\n                    <!-- Additional required wrapper -->\n                    <div class=\"swiper-wrapper\">\n                        <!-- Slides -->\n                                                    <div class=\"swiper-slide\">\n                                <img decoding=\"async\" width=\"1024\" height=\"609\" src=\"https:\/\/www.santamonica.com\/wp-content\/uploads\/2022\/06\/things-to-do-in-santa-monica-1024x609.jpg\" class=\"swiper-slide__image\" alt=\"cosas que hacer en Santa M\u00f3nica\" loading=\"lazy\" srcset=\"https:\/\/www.santamonica.com\/wp-content\/uploads\/2022\/06\/things-to-do-in-santa-monica-1024x609.jpg 1024w, https:\/\/www.santamonica.com\/wp-content\/uploads\/2022\/06\/things-to-do-in-santa-monica-300x178.jpg 300w, https:\/\/www.santamonica.com\/wp-content\/uploads\/2022\/06\/things-to-do-in-santa-monica-252x150.jpg 252w, https:\/\/www.santamonica.com\/wp-content\/uploads\/2022\/06\/things-to-do-in-santa-monica-768x456.jpg 768w, https:\/\/www.santamonica.com\/wp-content\/uploads\/2022\/06\/things-to-do-in-santa-monica.jpg 1400w\" sizes=\"auto, (max-width: 1024px) 100vw, 1024px\" title=\"\">                                \n\n            <a href=\"https:\/\/www.santamonica.com\/es\/cosas-que-hacer\/visitar-el-muelle-de-santa-monica\/\"  class=\"img-lctn-tag --right\">\n            <div class=\"img-lctn-tag-inside-link image-slider__image-caption right\">Muelle de Santa M\u00f3nica<\/div>\n        <\/a>\n                                <\/div>\n                                                    <div class=\"swiper-slide\">\n                                <img decoding=\"async\" width=\"1024\" height=\"576\" src=\"https:\/\/www.santamonica.com\/wp-content\/uploads\/2022\/06\/third-street-promenade.jpg\" class=\"swiper-slide__image\" alt=\"paseo mar\u00edtimo de la tercera calle\" loading=\"lazy\" srcset=\"https:\/\/www.santamonica.com\/wp-content\/uploads\/2022\/06\/third-street-promenade.jpg 1024w, https:\/\/www.santamonica.com\/wp-content\/uploads\/2022\/06\/third-street-promenade-300x169.jpg 300w, https:\/\/www.santamonica.com\/wp-content\/uploads\/2022\/06\/third-street-promenade-267x150.jpg 267w, https:\/\/www.santamonica.com\/wp-content\/uploads\/2022\/06\/third-street-promenade-768x432.jpg 768w\" sizes=\"auto, (max-width: 1024px) 100vw, 1024px\" title=\"\">                                \n\n            <a href=\"https:\/\/www.santamonica.com\/es\/vivir-santa-monica\/barrios\/centro-de-santa-monica-paseo-maritimo-de-la-calle-3\/\"  class=\"img-lctn-tag --right\">\n            <div class=\"img-lctn-tag-inside-link image-slider__image-caption right\">Paseo de la calle Tercera<\/div>\n        <\/a>\n                                <\/div>\n                                            <\/div>\n                                            <div class=\"image-slider__swiper-controls-wrapper-relocator\">\n                            <div class=\"image-slider__swiper-controls-wrapper\">\n                                <div class=\"swiper-pagination\"><\/div>\n                                <div class=\"swiper-button-prev-custom\">\n                                    <div class=\"arrow-button-left\"><\/div>\n                                <\/div>\n                                <div class=\"swiper-button-next-custom\">\n                                    <div class=\"arrow-button-right\"><\/div>\n                                <\/div>\n                            <\/div>\n                        <\/div>\n                                    <\/div>\n                    <\/div>\n    <\/div>\n<\/section>\n\n\n<section class=\"blog-feed --theme8 sm-block\">\n    <div class=\"blog-feed__content\">\n        <div class=\"blog-feed__intro\">\n                            <div class=\"blog-feed__eyebrow eyebrow\">Blogs<\/div>                                        <h2 class=\"blog-feed__headline\">Descubre Santa M\u00f3nica<\/h2>                                        <div class=\"blog-feed__body\"><p>Explore itinerarios, consejos locales, lugares de inter\u00e9s y aventuras seleccionadas para sacar el m\u00e1ximo partido a su experiencia en Santa M\u00f3nica.<\/p>\n<\/div>\n                                        <a class=\"blog-feed__cta\" href=\"https:\/\/www.santamonica.com\/es\/entradas-de-blog\/\">Ver todos los blogs<\/a>\n                    <\/div>\n\n        <ul class=\"blog-feed__list\">\n                                                <li class=\"blog-feed__item\">\n                        <a href=\"https:\/\/www.santamonica.com\/es\/mother-road-modern-meetings-route-66-meeting-spaces-set-to-shine-for-centennial-in-santa-monica\/\" class=\"blog-feed__item-link\">\n                            <div class=\"blog-feed__image-ratio\">\n                                <img decoding=\"async\" class=\"blog-feed__image\" src=\"https:\/\/www.santamonica.com\/wp-content\/uploads\/2025\/12\/untitledJuly20162C2020180010-182-2-400x400.jpg\" alt=\"MOTHER ROAD, REUNIONES MODERNAS: LOS ESPACIOS DE REUNI\u00d3N DE LA RUTA 66 LISTOS PARA BRILLAR EN EL CENTENARIO EN SANTA M\u00d3NICA\" title=\"\">\n                            <\/div>\n                            <div class=\"blog-feed__card-title\">MOTHER ROAD, REUNIONES MODERNAS: LOS ESPACIOS DE REUNI\u00d3N DE LA RUTA 66 LISTOS PARA BRILLAR EN EL CENTENARIO EN SANTA M\u00d3NICA<\/div>\n                        <\/a>\n                    <\/li>\n                                                                <li class=\"blog-feed__item\">\n                        <a href=\"https:\/\/www.santamonica.com\/es\/media\/news-release\/santa-monica-announces-song-contest-in-celebration-of-route-66-centennial\/\" class=\"blog-feed__item-link\">\n                            <div class=\"blog-feed__image-ratio\">\n                                <img decoding=\"async\" class=\"blog-feed__image\" src=\"https:\/\/www.santamonica.com\/wp-content\/uploads\/2025\/11\/DSC01084-400x400.jpg\" alt=\"SANTA M\u00d3NICA ANUNCIA UN CONCURSO DE CANCIONES PARA CELEBRAR EL CENTENARIO DE LA RUTA 66\" title=\"\">\n                            <\/div>\n                            <div class=\"blog-feed__card-title\">SANTA M\u00d3NICA ANUNCIA UN CONCURSO DE CANCIONES PARA CELEBRAR EL CENTENARIO DE LA RUTA 66<\/div>\n                        <\/a>\n                    <\/li>\n                                                                <li class=\"blog-feed__item\">\n                        <a href=\"https:\/\/www.santamonica.com\/es\/media\/news-release\/where-to-watch-the-world-series-in-santa-monica\/\" class=\"blog-feed__item-link\">\n                            <div class=\"blog-feed__image-ratio\">\n                                <img decoding=\"async\" class=\"blog-feed__image\" src=\"https:\/\/www.santamonica.com\/wp-content\/uploads\/2025\/10\/dodgers-logo-1-400x400.jpg\" alt=\"D\u00d3NDE VER LAS SERIES MUNDIALES EN SANTA MONICA\" title=\"\">\n                            <\/div>\n                            <div class=\"blog-feed__card-title\">D\u00d3NDE VER LAS SERIES MUNDIALES EN SANTA MONICA<\/div>\n                        <\/a>\n                    <\/li>\n                                    <\/ul>\n    <\/div>\n<\/section>\n\n\n\n<p class=\"base-block\"><\/p>","protected":false},"excerpt":{"rendered":"","protected":false},"author":1450,"featured_media":342635,"parent":0,"menu_order":0,"comment_status":"closed","ping_status":"closed","template":"template-editorial.php","meta":{"_acf_changed":false,"inline_featured_image":false,"footnotes":""},"silos":[],"class_list":["post-342619","page","type-page","status-publish","has-post-thumbnail","hentry"],"acf":[],"_links":{"self":[{"href":"https:\/\/www.santamonica.com\/es\/wp-json\/wp\/v2\/pages\/342619","targetHints":{"allow":["GET"]}}],"collection":[{"href":"https:\/\/www.santamonica.com\/es\/wp-json\/wp\/v2\/pages"}],"about":[{"href":"https:\/\/www.santamonica.com\/es\/wp-json\/wp\/v2\/types\/page"}],"author":[{"embeddable":true,"href":"https:\/\/www.santamonica.com\/es\/wp-json\/wp\/v2\/users\/1450"}],"replies":[{"embeddable":true,"href":"https:\/\/www.santamonica.com\/es\/wp-json\/wp\/v2\/comments?post=342619"}],"version-history":[{"count":48,"href":"https:\/\/www.santamonica.com\/es\/wp-json\/wp\/v2\/pages\/342619\/revisions"}],"predecessor-version":[{"id":350760,"href":"https:\/\/www.santamonica.com\/es\/wp-json\/wp\/v2\/pages\/342619\/revisions\/350760"}],"wp:featuredmedia":[{"embeddable":true,"href":"https:\/\/www.santamonica.com\/es\/wp-json\/wp\/v2\/media\/342635"}],"wp:attachment":[{"href":"https:\/\/www.santamonica.com\/es\/wp-json\/wp\/v2\/media?parent=342619"}],"wp:term":[{"taxonomy":"silos","embeddable":true,"href":"https:\/\/www.santamonica.com\/es\/wp-json\/wp\/v2\/silos?post=342619"}],"curies":[{"name":"wp","href":"https:\/\/api.w.org\/{rel}","templated":true}]}}