{"id":341396,"date":"2022-06-22T16:06:57","date_gmt":"2022-06-22T23:06:57","guid":{"rendered":"https:\/\/www.santamonica.com\/?page_id=341396"},"modified":"2023-02-15T10:33:18","modified_gmt":"2023-02-15T18:33:18","slug":"grupos-grandes","status":"publish","type":"page","link":"https:\/\/www.santamonica.com\/es\/meetings-conventions\/large-groups\/","title":{"rendered":"Grupos grandes"},"content":{"rendered":"<section class=\"links-grid --theme3 sm-block\">\n    <div class=\"links-grid__wrapper\">\n                                                    <a href=\"https:\/\/www.santamonica.com\/es\/hotels\/\" class=\"links-grid__card-link\" aria-label=\"Encuentre su hotel perfecto\" >\n                    <div class=\"links-grid__card\">\n                                                    <div class=\"links-grid__card-image-wrapper\">\n                                <img decoding=\"async\" width=\"366\" height=\"330\" src=\"https:\/\/www.santamonica.com\/wp-content\/uploads\/2022\/07\/Hotel366x330.jpg\" class=\"links-grid__card-image\" alt=\"Dos hoteles uno al lado del otro en la playa con palmeras.\" loading=\"lazy\" srcset=\"https:\/\/www.santamonica.com\/wp-content\/uploads\/2022\/07\/Hotel366x330.jpg 366w, https:\/\/www.santamonica.com\/wp-content\/uploads\/2022\/07\/Hotel366x330-300x270.jpg 300w, https:\/\/www.santamonica.com\/wp-content\/uploads\/2022\/07\/Hotel366x330-166x150.jpg 166w\" sizes=\"auto, (max-width: 366px) 100vw, 366px\" title=\"\">                            <\/div>\n                                                <div class=\"links-grid__card-text\">\n                                                            <div class=\"links-grid__card-title\">Encuentre su hotel perfecto<\/div>\n                                                                                        <div class=\"links-grid__card-description\">Olv\u00eddate de las reuniones fuera de la oficina cuando reservas en un hotel a solo unos pasos de la playa y disfruta de lujosas comodidades, restaurantes y un ambiente ideal para cualquier ocasi\u00f3n.<\/div>\n                                                    <\/div>\n                    <\/div>\n                <\/a>\n                                            <a href=\"https:\/\/www.santamonica.com\/es\/meetings-conventions\/team-building-activities\/\" class=\"links-grid__card-link\" aria-label=\"Actividades de formaci\u00f3n de equipos\" >\n                    <div class=\"links-grid__card\">\n                                                    <div class=\"links-grid__card-image-wrapper\">\n                                <img decoding=\"async\" width=\"366\" height=\"330\" src=\"https:\/\/www.santamonica.com\/wp-content\/uploads\/2022\/07\/TeamBuilding366x330.jpg\" class=\"links-grid__card-image\" alt=\"Grupo de personas con ropa profesional aprendiendo a surfear en la playa.\" loading=\"lazy\" srcset=\"https:\/\/www.santamonica.com\/wp-content\/uploads\/2022\/07\/TeamBuilding366x330.jpg 366w, https:\/\/www.santamonica.com\/wp-content\/uploads\/2022\/07\/TeamBuilding366x330-300x270.jpg 300w, https:\/\/www.santamonica.com\/wp-content\/uploads\/2022\/07\/TeamBuilding366x330-166x150.jpg 166w\" sizes=\"auto, (max-width: 366px) 100vw, 366px\" title=\"\">                            <\/div>\n                                                <div class=\"links-grid__card-text\">\n                                                            <div class=\"links-grid__card-title\">Actividades de formaci\u00f3n de equipos<\/div>\n                                                                                        <div class=\"links-grid__card-description\">Haz que tu pr\u00f3xima reuni\u00f3n sea inolvidable reservando actividades \u00fanicas de team building.<\/div>\n                                                    <\/div>\n                    <\/div>\n                <\/a>\n                                            <a href=\"https:\/\/www.santamonica.com\/es\/things-to-do\/wellness-activities\/\" class=\"links-grid__card-link\" aria-label=\"Bienestar\" >\n                    <div class=\"links-grid__card\">\n                                                    <div class=\"links-grid__card-image-wrapper\">\n                                <img decoding=\"async\" width=\"366\" height=\"330\" src=\"https:\/\/www.santamonica.com\/wp-content\/uploads\/2022\/07\/Wellness366x330.jpg\" class=\"links-grid__card-image\" alt=\"Grupo practicando yoga en la playa\" loading=\"lazy\" srcset=\"https:\/\/www.santamonica.com\/wp-content\/uploads\/2022\/07\/Wellness366x330.jpg 366w, https:\/\/www.santamonica.com\/wp-content\/uploads\/2022\/07\/Wellness366x330-300x270.jpg 300w, https:\/\/www.santamonica.com\/wp-content\/uploads\/2022\/07\/Wellness366x330-166x150.jpg 166w\" sizes=\"auto, (max-width: 366px) 100vw, 366px\" title=\"\">                            <\/div>\n                                                <div class=\"links-grid__card-text\">\n                                                            <div class=\"links-grid__card-title\">Bienestar<\/div>\n                                                                                        <div class=\"links-grid__card-description\">Descansa y recarga energ\u00edas con una experiencia de bienestar para tu grupo y rel\u00e1jate lejos de la oficina. \u00a1Hay mucho zen junto a la playa por descubrir!<\/div>\n                                                    <\/div>\n                    <\/div>\n                <\/a>\n                                            <a href=\"https:\/\/www.santamonica.com\/es\/meetings-conventions\/submit-an-rfp\/\" class=\"links-grid__card-link\" aria-label=\"Enviar una solicitud de propuesta\" >\n                    <div class=\"links-grid__card\">\n                                                    <div class=\"links-grid__card-image-wrapper\">\n                                <img decoding=\"async\" width=\"366\" height=\"330\" src=\"https:\/\/www.santamonica.com\/wp-content\/uploads\/2022\/07\/Hotel366x330-1.jpg\" class=\"links-grid__card-image\" alt=\"Imagen del espacio para reuniones del hotel con iluminaci\u00f3n natural y espacio interior\/exterior; fruta y desayuno dispuestos en la barra.\" loading=\"lazy\" srcset=\"https:\/\/www.santamonica.com\/wp-content\/uploads\/2022\/07\/Hotel366x330-1.jpg 366w, https:\/\/www.santamonica.com\/wp-content\/uploads\/2022\/07\/Hotel366x330-1-300x270.jpg 300w, https:\/\/www.santamonica.com\/wp-content\/uploads\/2022\/07\/Hotel366x330-1-166x150.jpg 166w\" sizes=\"auto, (max-width: 366px) 100vw, 366px\" title=\"\">                            <\/div>\n                                                <div class=\"links-grid__card-text\">\n                                                            <div class=\"links-grid__card-title\">Enviar una solicitud de propuesta<\/div>\n                                                                                        <div class=\"links-grid__card-description\">Deje que Santa Monica Travel &amp; Tourism le ayude a recomendarle las empresas y servicios que mejor se adapten a las necesidades de su grupo.<\/div>\n                                                    <\/div>\n                    <\/div>\n                <\/a>\n                        <\/div>\n<\/section>\n\n\n\n<section class=\"sun-title sm-block --theme6 sm-block\">\n            <h2 class=\"sun-title__headline\">Comedor<\/h2>    \n            <div class=\"sun-title__body  wysiwyg\">\n                    <p>Desde locales populares hasta cocina con estrellas Michelin, hay mucho donde elegir. <a href=\"https:\/\/www.santamonica.com\/es\/restaurantes\/\">cena grupal<\/a> opciones disponibles en toda la ciudad. Explore sus restaurantes favoritos, terrazas en azoteas y mucho m\u00e1s mientras recorre Santa M\u00f3nica. <a href=\"https:\/\/www.santamonica.com\/es\/restaurantes\/guia-gastronomica\/\">gu\u00eda gastron\u00f3mica<\/a> y descubrir <a href=\"https:\/\/www.santamonica.com\/es\/restaurantes\/comida-al-aire-libre\/\">comida al aire libre<\/a> Opciones que sin duda permitir\u00e1n a los grupos disfrutar de la fresca brisa marina. Con comida y bebida que satisfar\u00e1 los paladares m\u00e1s refinados o los antojos tradicionales, cualquier reuni\u00f3n ser\u00e1 todo un \u00e9xito.<\/p>\n                        <\/div>\n    <\/section>\n\n\n<section class=\"meetings-contact-us sm-block\">\n    <div class=\"meetings-contact-us__inner\">\n        <div class=\"meetings-contact-us__image-wrap\">\n            <img decoding=\"async\" width=\"1024\" height=\"304\" src=\"https:\/\/www.santamonica.com\/wp-content\/uploads\/2022\/07\/Help1280x380-1024x304.jpg\" class=\"attachment-large size-large\" alt=\"Imagen del edificio del centro de visitantes; edificio gris con un letrero informativo en la parte superior.\" srcset=\"https:\/\/www.santamonica.com\/wp-content\/uploads\/2022\/07\/Help1280x380-1024x304.jpg 1024w, https:\/\/www.santamonica.com\/wp-content\/uploads\/2022\/07\/Help1280x380-300x89.jpg 300w, https:\/\/www.santamonica.com\/wp-content\/uploads\/2022\/07\/Help1280x380-270x80.jpg 270w, https:\/\/www.santamonica.com\/wp-content\/uploads\/2022\/07\/Help1280x380-768x228.jpg 768w, https:\/\/www.santamonica.com\/wp-content\/uploads\/2022\/07\/Help1280x380.jpg 1280w\" sizes=\"(max-width: 1024px) 100vw, 1024px\" title=\"\">        <\/div>\n        <div class=\"meetings-contact-us__body\">\n            <h1 class=\"meetings-contact-us__heading\">\n                \u00bfTiene alguna pregunta?            <\/h1>\n            <p class=\"meetings-contact-us__intro\">\n                \u00a1Si\u00e9ntete respaldado al contactar hoy mismo con el equipo de expertos de Santa Monica Travel &amp; Tourism!            <\/p>\n            <div class=\"meetings-contact-us__phone-numbers wysiwyg\">\n                                                            <\/div>\n            <div class=\"meetings-contact-us__ctas\">\n                                            <a class=\"meetings-contact-us__primary-cta\" href=\"https:\/\/www.santamonica.com\/es\/reuniones-convenciones\/reuniones-contactenos\/\">P\u00f3ngase en contacto con nosotros<\/a>\n                                                    <\/div>\n        <\/div>\n    <\/div>\n\n<\/section>\n\n\n<section class=\"blog-feed --theme8 sm-block\">\n    <div class=\"blog-feed__content\">\n        <div class=\"blog-feed__intro\">\n                            <div class=\"blog-feed__eyebrow eyebrow\">Blogs<\/div>                                        <h2 class=\"blog-feed__headline\">Descubre Santa M\u00f3nica<\/h2>                                        <div class=\"blog-feed__body\"><p>Explore itinerarios, consejos locales, lugares de inter\u00e9s y aventuras seleccionadas para sacar el m\u00e1ximo partido a su experiencia en Santa M\u00f3nica.<\/p>\n<\/div>\n                                        <a class=\"blog-feed__cta\" href=\"https:\/\/www.santamonica.com\/es\/entradas-de-blog\/\">Ver todos los blogs<\/a>\n                    <\/div>\n\n        <ul class=\"blog-feed__list\">\n                                                <li class=\"blog-feed__item\">\n                        <a href=\"https:\/\/www.santamonica.com\/es\/shopping\/most-loved-ways-to-buy-local\/\" class=\"blog-feed__item-link\">\n                            <div class=\"blog-feed__image-ratio\">\n                                <img decoding=\"async\" class=\"blog-feed__image\" src=\"https:\/\/www.santamonica.com\/wp-content\/uploads\/2021\/06\/ShoppingFeature520x546-400x400.jpg\" alt=\"Las formas m\u00e1s populares de comprar productos locales en Santa M\u00f3nica\" title=\"\">\n                            <\/div>\n                            <div class=\"blog-feed__card-title\">Las formas m\u00e1s populares de comprar productos locales en Santa M\u00f3nica<\/div>\n                        <\/a>\n                    <\/li>\n                                                                <li class=\"blog-feed__item\">\n                        <a href=\"https:\/\/www.santamonica.com\/es\/restaurants\/quick-lunches-on-the-go\/\" class=\"blog-feed__item-link\">\n                            <div class=\"blog-feed__image-ratio\">\n                                <img decoding=\"async\" class=\"blog-feed__image\" src=\"https:\/\/www.santamonica.com\/wp-content\/uploads\/2019\/08\/feature-e1565290970211-400x400.jpg\" alt=\"Almuerzos r\u00e1pidos para llevar\" title=\"\">\n                            <\/div>\n                            <div class=\"blog-feed__card-title\">Almuerzos r\u00e1pidos para llevar<\/div>\n                        <\/a>\n                    <\/li>\n                                                                <li class=\"blog-feed__item\">\n                        <a href=\"https:\/\/www.santamonica.com\/es\/shopping\/noteworthy-santa-monica-shopping-experiences\/\" class=\"blog-feed__item-link\">\n                            <div class=\"blog-feed__image-ratio\">\n                                <img decoding=\"async\" class=\"blog-feed__image\" src=\"https:\/\/www.santamonica.com\/wp-content\/uploads\/2019\/07\/feature-2-400x400.jpg\" alt=\"Experiencias de compras destacadas en Santa M\u00f3nica\" title=\"\">\n                            <\/div>\n                            <div class=\"blog-feed__card-title\">Experiencias de compras destacadas en Santa M\u00f3nica<\/div>\n                        <\/a>\n                    <\/li>\n                                    <\/ul>\n    <\/div>\n<\/section>","protected":false},"excerpt":{"rendered":"","protected":false},"author":1421,"featured_media":348621,"parent":0,"menu_order":0,"comment_status":"closed","ping_status":"closed","template":"template-meetings-editorial-detail.php","meta":{"_acf_changed":false,"inline_featured_image":false,"footnotes":""},"silos":[3894],"class_list":["post-341396","page","type-page","status-publish","has-post-thumbnail","hentry"],"acf":[],"_links":{"self":[{"href":"https:\/\/www.santamonica.com\/es\/wp-json\/wp\/v2\/pages\/341396","targetHints":{"allow":["GET"]}}],"collection":[{"href":"https:\/\/www.santamonica.com\/es\/wp-json\/wp\/v2\/pages"}],"about":[{"href":"https:\/\/www.santamonica.com\/es\/wp-json\/wp\/v2\/types\/page"}],"author":[{"embeddable":true,"href":"https:\/\/www.santamonica.com\/es\/wp-json\/wp\/v2\/users\/1421"}],"replies":[{"embeddable":true,"href":"https:\/\/www.santamonica.com\/es\/wp-json\/wp\/v2\/comments?post=341396"}],"version-history":[{"count":36,"href":"https:\/\/www.santamonica.com\/es\/wp-json\/wp\/v2\/pages\/341396\/revisions"}],"predecessor-version":[{"id":375346,"href":"https:\/\/www.santamonica.com\/es\/wp-json\/wp\/v2\/pages\/341396\/revisions\/375346"}],"wp:featuredmedia":[{"embeddable":true,"href":"https:\/\/www.santamonica.com\/es\/wp-json\/wp\/v2\/media\/348621"}],"wp:attachment":[{"href":"https:\/\/www.santamonica.com\/es\/wp-json\/wp\/v2\/media?parent=341396"}],"wp:term":[{"taxonomy":"silos","embeddable":true,"href":"https:\/\/www.santamonica.com\/es\/wp-json\/wp\/v2\/silos?post=341396"}],"curies":[{"name":"wp","href":"https:\/\/api.w.org\/{rel}","templated":true}]}}