{"id":341277,"date":"2022-06-22T14:05:37","date_gmt":"2022-06-22T21:05:37","guid":{"rendered":"https:\/\/www.santamonica.com\/?page_id=341277"},"modified":"2022-08-18T12:05:39","modified_gmt":"2022-08-18T19:05:39","slug":"hoteles-lugares","status":"publish","type":"page","link":"https:\/\/www.santamonica.com\/es\/meetings-conventions\/hotels-venues\/","title":{"rendered":"Hoteles y lugares de celebraci\u00f3n"},"content":{"rendered":"<section class=\"two-images container-max sm-block  sm-block\">\n    <div class=\"two-images__container\">\n\n        <div class=\"two-images__column\">\n            <div class=\"two-images__content\">\n                <div class=\"two-images__content-header-container\">\n                                            <h2 class=\"two-images__content-header\">Espacios \u00fanicos para eventos en Santa M\u00f3nica<\/h2>                                    <\/div>\n                                    <div class=\"two-images__content-body wysiwyg\">\n                        <p>Santa M\u00f3nica no solo es un destino \u00fanico, sino que su selecci\u00f3n de salas de reuniones, lugares para eventos especiales y espacios al aire libre aportan un toque distintivo que no se encuentra en ning\u00fan otro lugar. Con m\u00e1s de 11 000 metros cuadrados de espacios creativos y restaurantes, espacios para actividades de equipo, galer\u00edas de arte y mucho m\u00e1s, puede organizar una recepci\u00f3n privada, un evento o una gran conferencia, todo ello cerca de servicios muy solicitados como el mar., <a href=\"https:\/\/www.santamonica.com\/es\/cosas-que-hacer\/visitar-el-muelle-de-santa-monica\/\">Muelle de Santa M\u00f3nica<\/a> y <a href=\"https:\/\/www.santamonica.com\/es\/vivir-santa-monica\/barrios\/centro-de-santa-monica-paseo-maritimo-de-la-calle-3\/\">Paseo de la Tercera Calle.<\/a><\/p>\n                    <\/div>\n                                                    <div class=\"two-images__content-cta\">\n                        <a class=\"two-images__cta\" href=\"https:\/\/www.santamonica.com\/es\/reuniones-convenciones\/planifique-su-reunion\/\" target=\"\">Planifique su reuni\u00f3n<\/a>\n                    <\/div>\n                            <\/div>\n        <\/div>\n\n        <div class=\"two-images__column\">\n                            <div class=\"two-images__image-container\">\n                    <img decoding=\"async\" width=\"425\" height=\"505\" src=\"https:\/\/www.santamonica.com\/wp-content\/uploads\/2022\/06\/meeting-venues.jpg\" class=\"two-images__image\" alt=\"lugares de reuni\u00f3n\" loading=\"lazy\" srcset=\"https:\/\/www.santamonica.com\/wp-content\/uploads\/2022\/06\/meeting-venues.jpg 425w, https:\/\/www.santamonica.com\/wp-content\/uploads\/2022\/06\/meeting-venues-252x300.jpg 252w, https:\/\/www.santamonica.com\/wp-content\/uploads\/2022\/06\/meeting-venues-126x150.jpg 126w\" sizes=\"auto, (max-width: 425px) 100vw, 425px\" title=\"\">                    \n\n                <\/div>\n                    <\/div>\n\n        <div class=\"two-images__column\">\n                            <div class=\"two-images__image-container\">\n                    <img decoding=\"async\" width=\"600\" height=\"565\" src=\"https:\/\/www.santamonica.com\/wp-content\/uploads\/2022\/06\/event-spaces-santa-monica.jpg\" class=\"two-images__image\" alt=\"espacios para eventos en Santa M\u00f3nica\" loading=\"lazy\" srcset=\"https:\/\/www.santamonica.com\/wp-content\/uploads\/2022\/06\/event-spaces-santa-monica.jpg 600w, https:\/\/www.santamonica.com\/wp-content\/uploads\/2022\/06\/event-spaces-santa-monica-300x283.jpg 300w, https:\/\/www.santamonica.com\/wp-content\/uploads\/2022\/06\/event-spaces-santa-monica-159x150.jpg 159w\" sizes=\"auto, (max-width: 600px) 100vw, 600px\" title=\"\">                    \n\n                <\/div>\n                    <\/div>\n\n    <\/div>\n<\/section>\n\n\n<section class=\"blog-feed --theme8 sm-block\">\n    <div class=\"blog-feed__content\">\n        <div class=\"blog-feed__intro\">\n                            <div class=\"blog-feed__eyebrow eyebrow\">Blogs<\/div>                                        <h3 class=\"blog-feed__headline\">Encuentre su Santa M\u00f3nica<\/h3>                                        <div class=\"blog-feed__body\"><p>Explora los alrededores, descubre consejos locales y organiza tu pr\u00f3xima aventura en Santa M\u00f3nica.<\/p>\n<\/div>\n                                        <a class=\"blog-feed__cta\" href=\"https:\/\/www.santamonica.com\/es\/entradas-de-blog\/\">Ver todos los blogs<\/a>\n                    <\/div>\n\n        <ul class=\"blog-feed__list\">\n                                                <li class=\"blog-feed__item\">\n                        <a href=\"https:\/\/www.santamonica.com\/es\/shopping\/most-loved-ways-to-buy-local\/\" class=\"blog-feed__item-link\">\n                            <div class=\"blog-feed__image-ratio\">\n                                <img decoding=\"async\" class=\"blog-feed__image\" src=\"https:\/\/www.santamonica.com\/wp-content\/uploads\/2021\/06\/ShoppingFeature520x546-400x400.jpg\" alt=\"Las formas m\u00e1s populares de comprar productos locales en Santa M\u00f3nica\" title=\"\">\n                            <\/div>\n                            <div class=\"blog-feed__card-title\">Las formas m\u00e1s populares de comprar productos locales en Santa M\u00f3nica<\/div>\n                        <\/a>\n                    <\/li>\n                                                                <li class=\"blog-feed__item\">\n                        <a href=\"https:\/\/www.santamonica.com\/es\/restaurants\/quick-lunches-on-the-go\/\" class=\"blog-feed__item-link\">\n                            <div class=\"blog-feed__image-ratio\">\n                                <img decoding=\"async\" class=\"blog-feed__image\" src=\"https:\/\/www.santamonica.com\/wp-content\/uploads\/2019\/08\/feature-e1565290970211-400x400.jpg\" alt=\"Almuerzos r\u00e1pidos para llevar\" title=\"\">\n                            <\/div>\n                            <div class=\"blog-feed__card-title\">Almuerzos r\u00e1pidos para llevar<\/div>\n                        <\/a>\n                    <\/li>\n                                                                <li class=\"blog-feed__item\">\n                        <a href=\"https:\/\/www.santamonica.com\/es\/shopping\/noteworthy-santa-monica-shopping-experiences\/\" class=\"blog-feed__item-link\">\n                            <div class=\"blog-feed__image-ratio\">\n                                <img decoding=\"async\" class=\"blog-feed__image\" src=\"https:\/\/www.santamonica.com\/wp-content\/uploads\/2019\/07\/feature-2-400x400.jpg\" alt=\"Experiencias de compras destacadas en Santa M\u00f3nica\" title=\"\">\n                            <\/div>\n                            <div class=\"blog-feed__card-title\">Experiencias de compras destacadas en Santa M\u00f3nica<\/div>\n                        <\/a>\n                    <\/li>\n                                    <\/ul>\n    <\/div>\n<\/section>","protected":false},"excerpt":{"rendered":"","protected":false},"author":1450,"featured_media":342145,"parent":0,"menu_order":0,"comment_status":"closed","ping_status":"closed","template":"template-venue-listing.php","meta":{"_acf_changed":false,"inline_featured_image":false,"footnotes":""},"silos":[3894],"class_list":["post-341277","page","type-page","status-publish","has-post-thumbnail","hentry"],"acf":[],"_links":{"self":[{"href":"https:\/\/www.santamonica.com\/es\/wp-json\/wp\/v2\/pages\/341277","targetHints":{"allow":["GET"]}}],"collection":[{"href":"https:\/\/www.santamonica.com\/es\/wp-json\/wp\/v2\/pages"}],"about":[{"href":"https:\/\/www.santamonica.com\/es\/wp-json\/wp\/v2\/types\/page"}],"author":[{"embeddable":true,"href":"https:\/\/www.santamonica.com\/es\/wp-json\/wp\/v2\/users\/1450"}],"replies":[{"embeddable":true,"href":"https:\/\/www.santamonica.com\/es\/wp-json\/wp\/v2\/comments?post=341277"}],"version-history":[{"count":24,"href":"https:\/\/www.santamonica.com\/es\/wp-json\/wp\/v2\/pages\/341277\/revisions"}],"predecessor-version":[{"id":358165,"href":"https:\/\/www.santamonica.com\/es\/wp-json\/wp\/v2\/pages\/341277\/revisions\/358165"}],"wp:featuredmedia":[{"embeddable":true,"href":"https:\/\/www.santamonica.com\/es\/wp-json\/wp\/v2\/media\/342145"}],"wp:attachment":[{"href":"https:\/\/www.santamonica.com\/es\/wp-json\/wp\/v2\/media?parent=341277"}],"wp:term":[{"taxonomy":"silos","embeddable":true,"href":"https:\/\/www.santamonica.com\/es\/wp-json\/wp\/v2\/silos?post=341277"}],"curies":[{"name":"wp","href":"https:\/\/api.w.org\/{rel}","templated":true}]}}