{"id":341076,"date":"2022-06-22T10:32:46","date_gmt":"2022-06-22T17:32:46","guid":{"rendered":"https:\/\/www.santamonica.com\/?page_id=341076"},"modified":"2024-05-01T15:51:14","modified_gmt":"2024-05-01T22:51:14","slug":"planifique-su-reunion","status":"publish","type":"page","link":"https:\/\/www.santamonica.com\/es\/meetings-conventions\/plan-your-meeting\/","title":{"rendered":"Planifique su reuni\u00f3n"},"content":{"rendered":"<section class=\"travel-tips --theme7 sm-block\">\n    <div class=\"travel-tips__inner\">\n        <div class=\"travel-tips__body-col\">\n                            <img decoding=\"async\" src=\"https:\/\/www.santamonica.com\/wp-content\/uploads\/2022\/06\/responsible-badge-1.svg\" alt=\"Viaja por Santa M\u00f3nica con responsabilidad\" title=\"\">\n                                        <p class=\"travel-tips__intro\">Queda en Santa M\u00f3nica y disfruta de un rato agradable con tus compa\u00f1eros de trabajo, colegas, amigos o familiares, o con todos ellos, gracias a estos \u00fatiles consejos.<\/p>\n                    <\/div>\n        <div class=\"travel-tips__links-col\">\n                        <div class=\"travel-tips__link-row\">\n                                    <img decoding=\"async\" src=\"https:\/\/www.santamonica.com\/wp-content\/uploads\/2022\/06\/Parking-Information.svg\" alt=\"Aparcamiento en Santa M\u00f3nica\" title=\"\">\n                                                    <a class=\"travel-tips__link\" href=\"https:\/\/www.santamonica.com\/es\/transporte\/estacionamiento\/\">\n                        Informaci\u00f3n sobre el aparcamiento                    <\/a>\n                            <\/div>\n                        <div class=\"travel-tips__link-row\">\n                                    <img decoding=\"async\" src=\"https:\/\/www.santamonica.com\/wp-content\/uploads\/2022\/06\/What-to-Pack.svg\" alt=\"C\u00f3mo hacer la maleta para viajar a Santa M\u00f3nica\" title=\"\">\n                                                    <a class=\"travel-tips__link\" href=\"https:\/\/www.santamonica.com\/es\/vivir-santa-monica\/que-llevar\/\">\n                        Qu\u00e9 meter en la maleta                    <\/a>\n                            <\/div>\n                        <div class=\"travel-tips__link-row\">\n                                    <img decoding=\"async\" src=\"https:\/\/www.santamonica.com\/wp-content\/uploads\/2022\/06\/Health-and-Safety.svg\" alt=\"Consejos de seguridad para viajar a Santa M\u00f3nica\" title=\"\">\n                                                    <a class=\"travel-tips__link\" href=\"https:\/\/www.santamonica.com\/es\/vivir-santa-monica\/seguridad\/\">\n                        Salud y seguridad                    <\/a>\n                            <\/div>\n                        <div class=\"travel-tips__link-row\">\n                                    <img decoding=\"async\" src=\"https:\/\/www.santamonica.com\/wp-content\/uploads\/2022\/06\/The-Essentials.svg\" alt=\"Lo esencial del viaje a Santa M\u00f3nica\" title=\"\">\n                                                    <a class=\"travel-tips__link\" href=\"https:\/\/www.santamonica.com\/es\/vivir-santa-monica\/elementos-esenciales\/\">\n                        Lo esencial                    <\/a>\n                            <\/div>\n                    <\/div>\n\n    <\/div>\n<\/section>\n\n\n<section class=\"sun-title sm-block --theme6 sm-block\">\n            <h2 class=\"sun-title__headline\">Experiencias inolvidables <\/h2>    \n            <div class=\"sun-title__body  wysiwyg\">\n                    <p>Quiz\u00e1s pienses que el oc\u00e9ano Pac\u00edfico es el principal atractivo de Santa M\u00f3nica, pero lo que realmente hace que esta ciudad costera sea el lugar perfecto para alojarse es su proximidad a tantas atracciones del sur de California. Situada a solo 24 km del centro de Los \u00c1ngeles, a menos de 16 km del Aeropuerto Internacional de Los \u00c1ngeles (LAX) y con f\u00e1cil acceso a muchos otros lugares emblem\u00e1ticos, Santa M\u00f3nica se encuentra en pleno centro de la acci\u00f3n. Los visitantes se sienten como en casa en lujosos alojamientos, con acceso a innumerables restaurantes galardonados y un sinf\u00edn de emocionantes <a href=\"https:\/\/www.santamonica.com\/es\/reuniones-convenciones\/actividades-grupales\/\">experiencias grupales<\/a> y muchas actividades al aire libre para disfrutar plenamente del sol de California.<\/p>\n                        <\/div>\n    <\/section>\n\n\n\n    \n    <section class=\"subpage-links container-max sm-block\">\n        <div class=\"subpage-links__diamonds\"><\/div>\n                <div class=\"subpage-links__content\">\n            <div class=\"subpage-links__card\">\n                <div class=\"subpage-links__card-wrapper\">\n                    <a href=\"https:\/\/www.santamonica.com\/es\/reuniones-convenciones\/grupos-pequenos\/\" class=\"subpage-links__card-link\" aria-label=\"Grupos peque\u00f1os\">\n                                                    <img decoding=\"async\" width=\"550\" height=\"785\" src=\"https:\/\/www.santamonica.com\/wp-content\/uploads\/2022\/06\/small-group-meeting-planners.jpg\" class=\"subpage-links__card-image\" alt=\"organizadores de reuniones para grupos peque\u00f1os\" loading=\"lazy\" srcset=\"https:\/\/www.santamonica.com\/wp-content\/uploads\/2022\/06\/small-group-meeting-planners.jpg 550w, https:\/\/www.santamonica.com\/wp-content\/uploads\/2022\/06\/small-group-meeting-planners-210x300.jpg 210w, https:\/\/www.santamonica.com\/wp-content\/uploads\/2022\/06\/small-group-meeting-planners-105x150.jpg 105w\" sizes=\"auto, (max-width: 550px) 100vw, 550px\" title=\"\">                                                                            <div class=\"subpage-links__card-description\">\n                                <span class=\"subpage-links__card-title\">Grupos peque\u00f1os<\/span>\n                                <div class=\"subpage-links__card-button card-arrow\">Explore<\/div>\n                            <\/div>\n                                            <\/a>\n                <\/div>\n            <\/div>\n            <div class=\"subpage-links__card\">\n                <div class=\"subpage-links__card-wrapper\">\n                    <a href=\"https:\/\/www.santamonica.com\/es\/reuniones-convenciones\/grupos-grandes\/\" class=\"subpage-links__card-link\" aria-label=\"Grupos grandes\">\n                                                    <img decoding=\"async\" width=\"550\" height=\"785\" src=\"https:\/\/www.santamonica.com\/wp-content\/uploads\/2022\/06\/large-groups-2.jpg\" class=\"subpage-links__card-image\" alt=\"grupos grandes\" loading=\"lazy\" srcset=\"https:\/\/www.santamonica.com\/wp-content\/uploads\/2022\/06\/large-groups-2.jpg 550w, https:\/\/www.santamonica.com\/wp-content\/uploads\/2022\/06\/large-groups-2-210x300.jpg 210w, https:\/\/www.santamonica.com\/wp-content\/uploads\/2022\/06\/large-groups-2-105x150.jpg 105w\" sizes=\"auto, (max-width: 550px) 100vw, 550px\" title=\"\">                                                                            <div class=\"subpage-links__card-description\">\n                                <div class=\"subpage-links__card-title\">Grupos grandes<\/div>\n                                <div class=\"subpage-links__card-button card-arrow\">Explore<\/div>\n                            <\/div>\n                                            <\/a>\n                <\/div>\n            <\/div>\n            <div class=\"subpage-links__card\">\n                <div class=\"subpage-links__card-wrapper\">\n                    <a href=\"https:\/\/www.santamonica.com\/es\/reuniones-convenciones\/actividades-de-formacion-de-equipos\/\" class=\"subpage-links__card-link\" aria-label=\"Formaci\u00f3n de equipos\">\n                                                    <img decoding=\"async\" width=\"550\" height=\"785\" src=\"https:\/\/www.santamonica.com\/wp-content\/uploads\/2022\/06\/group-incentives-1.jpg\" class=\"subpage-links__card-image\" alt=\"incentivos para grupos\" loading=\"lazy\" srcset=\"https:\/\/www.santamonica.com\/wp-content\/uploads\/2022\/06\/group-incentives-1.jpg 550w, https:\/\/www.santamonica.com\/wp-content\/uploads\/2022\/06\/group-incentives-1-210x300.jpg 210w, https:\/\/www.santamonica.com\/wp-content\/uploads\/2022\/06\/group-incentives-1-105x150.jpg 105w\" sizes=\"auto, (max-width: 550px) 100vw, 550px\" title=\"\">                                                                            <div class=\"subpage-links__card-description\">\n                                <div class=\"subpage-links__card-title\">Formaci\u00f3n de equipos<\/div>\n                                <div class=\"subpage-links__card-button card-arrow\">Explore<\/div>\n                            <\/div>\n                                            <\/a>\n                <\/div>\n            <\/div>\n        <\/div>\n            <\/section>\n\n\n<section class=\"links-grid --theme3 sm-block\">\n    <div class=\"links-grid__wrapper\">\n                                                    <a href=\"https:\/\/www.santamonica.com\/es\/meetings-conventions\/outdoor-venues\/\" class=\"links-grid__card-link\" aria-label=\"Reuniones al aire libre\" >\n                    <div class=\"links-grid__card\">\n                                                    <div class=\"links-grid__card-image-wrapper\">\n                                <img decoding=\"async\" width=\"400\" height=\"400\" src=\"https:\/\/www.santamonica.com\/wp-content\/uploads\/2022\/06\/hotels-with-meeting-spaces-400x400.jpg\" class=\"links-grid__card-image\" alt=\"hoteles con espacios para reuniones\" loading=\"lazy\" title=\"\">                            <\/div>\n                                                <div class=\"links-grid__card-text\">\n                                                            <div class=\"links-grid__card-title\">Reuniones al aire libre<\/div>\n                                                                                <\/div>\n                    <\/div>\n                <\/a>\n                                            <a href=\"https:\/\/www.santamonica.com\/es\/meetings-conventions\/transportation-accessibility\/\" class=\"links-grid__card-link\" aria-label=\"Accesibilidad y transporte\" >\n                    <div class=\"links-grid__card\">\n                                                    <div class=\"links-grid__card-image-wrapper\">\n                                <img decoding=\"async\" width=\"400\" height=\"400\" src=\"https:\/\/www.santamonica.com\/wp-content\/uploads\/2022\/07\/Santa-Monica-Circuit-540x540-1-400x400.jpg\" class=\"links-grid__card-image\" alt=\"Transporte p\u00fablico de Santa M\u00f3nica\" loading=\"lazy\" srcset=\"https:\/\/www.santamonica.com\/wp-content\/uploads\/2022\/07\/Santa-Monica-Circuit-540x540-1-400x400.jpg 400w, https:\/\/www.santamonica.com\/wp-content\/uploads\/2022\/07\/Santa-Monica-Circuit-540x540-1-300x300.jpg 300w, https:\/\/www.santamonica.com\/wp-content\/uploads\/2022\/07\/Santa-Monica-Circuit-540x540-1-150x150.jpg 150w, https:\/\/www.santamonica.com\/wp-content\/uploads\/2022\/07\/Santa-Monica-Circuit-540x540-1.jpg 540w\" sizes=\"auto, (max-width: 400px) 100vw, 400px\" title=\"\">                            <\/div>\n                                                <div class=\"links-grid__card-text\">\n                                                            <div class=\"links-grid__card-title\">Accesibilidad y transporte<\/div>\n                                                                                <\/div>\n                    <\/div>\n                <\/a>\n                                            <a href=\"https:\/\/www.santamonica.com\/es\/travel-trade\/group-tours\/\" class=\"links-grid__card-link\" aria-label=\"Viajes en grupo\" >\n                    <div class=\"links-grid__card\">\n                                                    <div class=\"links-grid__card-image-wrapper\">\n                                <img decoding=\"async\" width=\"400\" height=\"400\" src=\"https:\/\/www.santamonica.com\/wp-content\/uploads\/2022\/06\/tours-400x400.jpg\" class=\"links-grid__card-image\" alt=\"excursiones\" loading=\"lazy\" title=\"\">                            <\/div>\n                                                <div class=\"links-grid__card-text\">\n                                                            <div class=\"links-grid__card-title\">Viajes en grupo<\/div>\n                                                                                <\/div>\n                    <\/div>\n                <\/a>\n                                            <a href=\"https:\/\/www.santamonica.com\/es\/meetings-conventions\/group-dining\/\" class=\"links-grid__card-link\" aria-label=\"Cenas para grupos\" >\n                    <div class=\"links-grid__card\">\n                                                    <div class=\"links-grid__card-image-wrapper\">\n                                <img decoding=\"async\" width=\"400\" height=\"400\" src=\"https:\/\/www.santamonica.com\/wp-content\/uploads\/2022\/07\/Group-dining-540x540-1-400x400.jpg\" class=\"links-grid__card-image\" alt=\"Restaurantes en Santa M\u00f3nica para grupos grandes\" loading=\"lazy\" srcset=\"https:\/\/www.santamonica.com\/wp-content\/uploads\/2022\/07\/Group-dining-540x540-1-400x400.jpg 400w, https:\/\/www.santamonica.com\/wp-content\/uploads\/2022\/07\/Group-dining-540x540-1-300x300.jpg 300w, https:\/\/www.santamonica.com\/wp-content\/uploads\/2022\/07\/Group-dining-540x540-1-150x150.jpg 150w, https:\/\/www.santamonica.com\/wp-content\/uploads\/2022\/07\/Group-dining-540x540-1.jpg 540w\" sizes=\"auto, (max-width: 400px) 100vw, 400px\" title=\"\">                            <\/div>\n                                                <div class=\"links-grid__card-text\">\n                                                            <div class=\"links-grid__card-title\">Cenas para grupos<\/div>\n                                                                                <\/div>\n                    <\/div>\n                <\/a>\n                                            <a href=\"https:\/\/www.santamonica.com\/es\/experience-santa-monica\/sustainability\/\" class=\"links-grid__card-link\" aria-label=\"Viajes sostenibles\" >\n                    <div class=\"links-grid__card\">\n                                                    <div class=\"links-grid__card-image-wrapper\">\n                                <img decoding=\"async\" width=\"400\" height=\"400\" src=\"https:\/\/www.santamonica.com\/wp-content\/uploads\/2022\/06\/santa-monica-sustainable-travel-400x400.jpg\" class=\"links-grid__card-image\" alt=\"viajes sostenibles en Santa M\u00f3nica\" loading=\"lazy\" title=\"\">                            <\/div>\n                                                <div class=\"links-grid__card-text\">\n                                                            <div class=\"links-grid__card-title\">Viajes sostenibles<\/div>\n                                                                                <\/div>\n                    <\/div>\n                <\/a>\n                                            <a href=\"https:\/\/www.santamonica.com\/es\/travel-responsibly\/\" class=\"links-grid__card-link\" aria-label=\"Viajar con responsabilidad\" >\n                    <div class=\"links-grid__card\">\n                                                    <div class=\"links-grid__card-image-wrapper\">\n                                <img decoding=\"async\" width=\"400\" height=\"400\" src=\"https:\/\/www.santamonica.com\/wp-content\/uploads\/2022\/06\/los-angeles-santa-monica-1-400x400.jpg\" class=\"links-grid__card-image\" alt=\"Los \u00c1ngeles Santa M\u00f3nica\" loading=\"lazy\" title=\"\">                            <\/div>\n                                                <div class=\"links-grid__card-text\">\n                                                            <div class=\"links-grid__card-title\">Viajar con responsabilidad<\/div>\n                                                                                <\/div>\n                    <\/div>\n                <\/a>\n                                            <a href=\"https:\/\/www.santamonica.com\/es\/request-santa-monica-vistors-guide\/\" class=\"links-grid__card-link\" aria-label=\"Gu\u00eda del visitante\" >\n                    <div class=\"links-grid__card\">\n                                                    <div class=\"links-grid__card-image-wrapper\">\n                                <img decoding=\"async\" width=\"400\" height=\"400\" src=\"https:\/\/www.santamonica.com\/wp-content\/uploads\/2022\/06\/visitor-guide-400x400.jpg\" class=\"links-grid__card-image\" alt=\"Consigue la gu\u00eda de viaje de Santa M\u00f3nica\" loading=\"lazy\" title=\"\">                            <\/div>\n                                                <div class=\"links-grid__card-text\">\n                                                            <div class=\"links-grid__card-title\">Gu\u00eda del visitante<\/div>\n                                                                                <\/div>\n                    <\/div>\n                <\/a>\n                                            <a href=\"https:\/\/www.santamonica.com\/es\/about\/contact-us\/\" class=\"links-grid__card-link\" aria-label=\"P\u00f3ngase en contacto con nosotros\" >\n                    <div class=\"links-grid__card\">\n                                                    <div class=\"links-grid__card-image-wrapper\">\n                                <img decoding=\"async\" width=\"400\" height=\"400\" src=\"https:\/\/www.santamonica.com\/wp-content\/uploads\/2022\/06\/smtt-contact-400x400.jpg\" class=\"links-grid__card-image\" alt=\"Contacto SMTT\" loading=\"lazy\" title=\"\">                            <\/div>\n                                                <div class=\"links-grid__card-text\">\n                                                            <div class=\"links-grid__card-title\">P\u00f3ngase en contacto con nosotros<\/div>\n                                                                                <\/div>\n                    <\/div>\n                <\/a>\n                        <\/div>\n<\/section>\n\n\n\n\n<section class=\"two-images container-max sm-block  sm-block\">\n    <div class=\"two-images__container\">\n\n        <div class=\"two-images__column\">\n            <div class=\"two-images__content\">\n                <div class=\"two-images__content-header-container\">\n                                            <h3 class=\"two-images__content-header\">Historias de \u00e9xito de las reuniones de Santa M\u00f3nica<\/h3>                                    <\/div>\n                                    <div class=\"two-images__content-body wysiwyg\">\n                        <p>Las reuniones y eventos que se celebran en Santa M\u00f3nica son inolvidables, pero no se limite a creer en nuestra palabra.<\/p>\n                    <\/div>\n                                                    <div class=\"two-images__content-cta\">\n                        <a class=\"two-images__cta\" href=\"https:\/\/www.santamonica.com\/es\/reuniones-convenciones\/testimonios-casos-practicos\/\" target=\"\">Cu\u00e9ntanos tu historia<\/a>\n                    <\/div>\n                            <\/div>\n        <\/div>\n\n        <div class=\"two-images__column\">\n                            <div class=\"two-images__image-container\">\n                    <img decoding=\"async\" width=\"425\" height=\"505\" src=\"https:\/\/www.santamonica.com\/wp-content\/uploads\/2022\/06\/santa-monica-testimonials.jpg\" class=\"two-images__image\" alt=\"Testimonios de Santa M\u00f3nica\" loading=\"lazy\" srcset=\"https:\/\/www.santamonica.com\/wp-content\/uploads\/2022\/06\/santa-monica-testimonials.jpg 425w, https:\/\/www.santamonica.com\/wp-content\/uploads\/2022\/06\/santa-monica-testimonials-252x300.jpg 252w, https:\/\/www.santamonica.com\/wp-content\/uploads\/2022\/06\/santa-monica-testimonials-126x150.jpg 126w\" sizes=\"auto, (max-width: 425px) 100vw, 425px\" title=\"\">                    \n\n                <\/div>\n                    <\/div>\n\n        <div class=\"two-images__column\">\n                            <div class=\"two-images__image-container\">\n                    <img decoding=\"async\" width=\"600\" height=\"565\" src=\"https:\/\/www.santamonica.com\/wp-content\/uploads\/2022\/06\/meeting-planners-testimonials.jpg\" class=\"two-images__image\" alt=\"Testimonios de organizadores de eventos\" loading=\"lazy\" srcset=\"https:\/\/www.santamonica.com\/wp-content\/uploads\/2022\/06\/meeting-planners-testimonials.jpg 600w, https:\/\/www.santamonica.com\/wp-content\/uploads\/2022\/06\/meeting-planners-testimonials-300x283.jpg 300w, https:\/\/www.santamonica.com\/wp-content\/uploads\/2022\/06\/meeting-planners-testimonials-159x150.jpg 159w\" sizes=\"auto, (max-width: 600px) 100vw, 600px\" title=\"\">                    \n\n                <\/div>\n                    <\/div>\n\n    <\/div>\n<\/section>\n\n\n<section class=\"crowdriff-stories --theme6  sm-block\" >\n    <div class=\"crowdriff-stories__content\">\n                    <h3 class=\"crowdriff-stories__headline\">Historias visuales<\/h3>        \n        <!-- Begin amp.travel gallery code -->\n                    <script>\n                (function(u, w, d, a, q, e) {\n                    if (w.amptravel) return;\n                    q = [];\n                    a = w.amptravel = function(a, p) {\n                        w.amptravel.q.push({\n                            a: a,\n                            p: p\n                        });\n                    };\n                    a.q = q;\n                    a.v = \"2\";\n                    e = d.createElement(\"script\");\n                    e.setAttribute(\"src\", u + \"\/v\" + a.v + \"\/js\");\n                    d.head.appendChild(e);\n                })(\n                    \"https:\/\/g.amp.travel\",\n                    window,\n                    document\n                );\n            <\/script>\n            <div data-amp-travel-gallery-id=\"f6a6909f-a821-4445-ae20-d9801a7b4ee2\" data-amp-travel=\"gallery-container\"><\/div>\n            <!-- End amp.travel gallery code -->\n            <\/div>\n<\/section>\n\n\n<section class=\"blog-feed --theme8 sm-block\">\n    <div class=\"blog-feed__content\">\n        <div class=\"blog-feed__intro\">\n                            <div class=\"blog-feed__eyebrow eyebrow\">Blogs<\/div>                                        <h2 class=\"blog-feed__headline\">Descubre Santa M\u00f3nica<\/h2>                                        <div class=\"blog-feed__body\"><p>Explore itinerarios, consejos locales, lugares de inter\u00e9s y aventuras seleccionadas para sacar el m\u00e1ximo partido a su experiencia en Santa M\u00f3nica.<\/p>\n<\/div>\n                                        <a class=\"blog-feed__cta\" href=\"https:\/\/www.santamonica.com\/es\/entradas-de-blog\/\">Ver todos los blogs<\/a>\n                    <\/div>\n\n        <ul class=\"blog-feed__list\">\n                                                <li class=\"blog-feed__item\">\n                        <a href=\"https:\/\/www.santamonica.com\/es\/shopping\/most-loved-ways-to-buy-local\/\" class=\"blog-feed__item-link\">\n                            <div class=\"blog-feed__image-ratio\">\n                                <img decoding=\"async\" class=\"blog-feed__image\" src=\"https:\/\/www.santamonica.com\/wp-content\/uploads\/2021\/06\/ShoppingFeature520x546-400x400.jpg\" alt=\"Las formas m\u00e1s populares de comprar productos locales en Santa M\u00f3nica\" title=\"\">\n                            <\/div>\n                            <div class=\"blog-feed__card-title\">Las formas m\u00e1s populares de comprar productos locales en Santa M\u00f3nica<\/div>\n                        <\/a>\n                    <\/li>\n                                                                <li class=\"blog-feed__item\">\n                        <a href=\"https:\/\/www.santamonica.com\/es\/restaurants\/quick-lunches-on-the-go\/\" class=\"blog-feed__item-link\">\n                            <div class=\"blog-feed__image-ratio\">\n                                <img decoding=\"async\" class=\"blog-feed__image\" src=\"https:\/\/www.santamonica.com\/wp-content\/uploads\/2019\/08\/feature-e1565290970211-400x400.jpg\" alt=\"Almuerzos r\u00e1pidos para llevar\" title=\"\">\n                            <\/div>\n                            <div class=\"blog-feed__card-title\">Almuerzos r\u00e1pidos para llevar<\/div>\n                        <\/a>\n                    <\/li>\n                                                                <li class=\"blog-feed__item\">\n                        <a href=\"https:\/\/www.santamonica.com\/es\/shopping\/noteworthy-santa-monica-shopping-experiences\/\" class=\"blog-feed__item-link\">\n                            <div class=\"blog-feed__image-ratio\">\n                                <img decoding=\"async\" class=\"blog-feed__image\" src=\"https:\/\/www.santamonica.com\/wp-content\/uploads\/2019\/07\/feature-2-400x400.jpg\" alt=\"Experiencias de compras destacadas en Santa M\u00f3nica\" title=\"\">\n                            <\/div>\n                            <div class=\"blog-feed__card-title\">Experiencias de compras destacadas en Santa M\u00f3nica<\/div>\n                        <\/a>\n                    <\/li>\n                                    <\/ul>\n    <\/div>\n<\/section>","protected":false},"excerpt":{"rendered":"","protected":false},"author":1450,"featured_media":342580,"parent":0,"menu_order":0,"comment_status":"closed","ping_status":"closed","template":"template-meetings-editorial-hub.php","meta":{"_acf_changed":false,"inline_featured_image":false,"footnotes":""},"silos":[3894],"class_list":["post-341076","page","type-page","status-publish","has-post-thumbnail","hentry"],"acf":[],"_links":{"self":[{"href":"https:\/\/www.santamonica.com\/es\/wp-json\/wp\/v2\/pages\/341076","targetHints":{"allow":["GET"]}}],"collection":[{"href":"https:\/\/www.santamonica.com\/es\/wp-json\/wp\/v2\/pages"}],"about":[{"href":"https:\/\/www.santamonica.com\/es\/wp-json\/wp\/v2\/types\/page"}],"author":[{"embeddable":true,"href":"https:\/\/www.santamonica.com\/es\/wp-json\/wp\/v2\/users\/1450"}],"replies":[{"embeddable":true,"href":"https:\/\/www.santamonica.com\/es\/wp-json\/wp\/v2\/comments?post=341076"}],"version-history":[{"count":124,"href":"https:\/\/www.santamonica.com\/es\/wp-json\/wp\/v2\/pages\/341076\/revisions"}],"predecessor-version":[{"id":413876,"href":"https:\/\/www.santamonica.com\/es\/wp-json\/wp\/v2\/pages\/341076\/revisions\/413876"}],"wp:featuredmedia":[{"embeddable":true,"href":"https:\/\/www.santamonica.com\/es\/wp-json\/wp\/v2\/media\/342580"}],"wp:attachment":[{"href":"https:\/\/www.santamonica.com\/es\/wp-json\/wp\/v2\/media?parent=341076"}],"wp:term":[{"taxonomy":"silos","embeddable":true,"href":"https:\/\/www.santamonica.com\/es\/wp-json\/wp\/v2\/silos?post=341076"}],"curies":[{"name":"wp","href":"https:\/\/api.w.org\/{rel}","templated":true}]}}