{"id":340563,"date":"2022-06-21T13:43:32","date_gmt":"2022-06-21T20:43:32","guid":{"rendered":"https:\/\/www.santamonica.com\/?page_id=340563"},"modified":"2025-10-03T09:16:30","modified_gmt":"2025-10-03T16:16:30","slug":"estacionamiento","status":"publish","type":"page","link":"https:\/\/www.santamonica.com\/es\/transportation\/parking\/","title":{"rendered":"Estacionamiento"},"content":{"rendered":"<section class=\"sun-title sm-block --theme6 --2col sm-block\">\n            <h2 class=\"sun-title__headline\">Estacionamiento en la playa de Santa M\u00f3nica<\/h2>    \n            <div class=\"sun-title__body  --2col wysiwyg\">\n                    <div class=\"column-1\">\n                <p>El estacionamiento de la playa de Santa M\u00f3nica se divide en las siguientes tres zonas:<\/p>\n<ul>\n<li>Zona Sur: Lote 4 Sur y Lote 5 Sur<\/li>\n<li>Zona central: Lote 1 Norte (tambi\u00e9n conocido como \u201clote de playa\u201d), Lote 3 Norte, Lote 1 Sur, Lote 2 Sur y Lote 3 Sur.<\/li>\n<li>Zona Norte: Lote 4 Norte hasta Lote 9 Norte<\/li>\n<\/ul>\n                            <\/div>\n            <div class=\"column-2\">\n                <p><strong><a href=\"https:\/\/www.parkme.com\/santa-monica-parking\" target=\"_blank\" rel=\"noopener\">Informaci\u00f3n sobre estacionamiento en tiempo real<\/a><\/strong> y una aplicaci\u00f3n descargable est\u00e1n disponibles a trav\u00e9s del Ayuntamiento. Muchos estacionamientos de la playa de Santa M\u00f3nica ofrecen opciones de enchufe el\u00e9ctrico y son:<\/p>\n<ul>\n<li>Abierto desde el amanecer hasta el atardecer (excepto el Lote 1 Norte, que est\u00e1 abierto de 6:00 a. m. a 2:00 a. m.).<\/li>\n<li><span style=\"font-weight: 400;\">De $7 a $18 por d\u00eda (el precio var\u00eda seg\u00fan el d\u00eda y la temporada; sin privilegios de entrada y salida).<\/span><\/li>\n<\/ul>\n                            <\/div>\n            <\/div>\n    <\/section>\n\n\n\n<section class=\"two-images container-max sm-block  sm-block\">\n    <div class=\"two-images__container\">\n\n        <div class=\"two-images__column\">\n            <div class=\"two-images__content\">\n                <div class=\"two-images__content-header-container\">\n                                            <h3 class=\"two-images__content-header\">Estacionamiento del muelle de Santa M\u00f3nica<\/h3>                                    <\/div>\n                                    <div class=\"two-images__content-body wysiwyg\">\n                        <p>Existen otras opciones de estacionamiento para acceder al muelle de Santa M\u00f3nica y a la cercana playa de Santa M\u00f3nica:<\/p>\n<ul>\n<li>Estacionamiento del muelle: Por lo general, hay estacionamiento limitado disponible de lunes a jueves, de 9:00 a. m. a 8:00 p. m.<\/li>\n<li>Garaje del Centro C\u00edvico: Este estacionamiento de Santa M\u00f3nica est\u00e1 ubicado justo a la salida de la autopista 10 Oeste, en la 4\u00aa y Olympic, frente al Ayuntamiento.<\/li>\n<li><a href=\"https:\/\/www.santamonica.com\/es\/transporte\/metro-de-santa-monica\/\">La l\u00ednea E del metro<\/a>Si quieres acceder c\u00f3modamente al muelle de Santa M\u00f3nica, prueba a aparcar en uno de los estacionamientos de la parada Metro Expo y s\u00fabete al tren. El estacionamiento cuesta a partir de $3 y, como no hay multas por pasar la noche, es un lugar ideal para explorar Santa M\u00f3nica a tu aire.<\/li>\n<\/ul>\n                    <\/div>\n                                            <\/div>\n        <\/div>\n\n        <div class=\"two-images__column\">\n                            <div class=\"two-images__image-container\">\n                    <img decoding=\"async\" width=\"425\" height=\"505\" src=\"https:\/\/www.santamonica.com\/wp-content\/uploads\/2022\/06\/santa-monica-beach-parking.jpg\" class=\"two-images__image\" alt=\"Estacionamiento en la playa de Santa M\u00f3nica\" loading=\"lazy\" srcset=\"https:\/\/www.santamonica.com\/wp-content\/uploads\/2022\/06\/santa-monica-beach-parking.jpg 425w, https:\/\/www.santamonica.com\/wp-content\/uploads\/2022\/06\/santa-monica-beach-parking-252x300.jpg 252w, https:\/\/www.santamonica.com\/wp-content\/uploads\/2022\/06\/santa-monica-beach-parking-126x150.jpg 126w\" sizes=\"auto, (max-width: 425px) 100vw, 425px\" title=\"\">                    \n\n                <\/div>\n                    <\/div>\n\n        <div class=\"two-images__column\">\n                            <div class=\"two-images__image-container\">\n                    <img decoding=\"async\" width=\"600\" height=\"565\" src=\"https:\/\/www.santamonica.com\/wp-content\/uploads\/2022\/06\/santa-monica-pier-parking.jpg\" class=\"two-images__image\" alt=\"Estacionamiento del muelle de Santa M\u00f3nica\" loading=\"lazy\" srcset=\"https:\/\/www.santamonica.com\/wp-content\/uploads\/2022\/06\/santa-monica-pier-parking.jpg 600w, https:\/\/www.santamonica.com\/wp-content\/uploads\/2022\/06\/santa-monica-pier-parking-300x283.jpg 300w, https:\/\/www.santamonica.com\/wp-content\/uploads\/2022\/06\/santa-monica-pier-parking-159x150.jpg 159w\" sizes=\"auto, (max-width: 600px) 100vw, 600px\" title=\"\">                    \n\n            <div class=\"img-lctn-tag --no-link two-images__image-caption --right\">Muelle de Santa M\u00f3nica<\/div>\n                    <\/div>\n                    <\/div>\n\n    <\/div>\n<\/section>\n\n\n<section class=\"image-slider --theme1 sm-block\" >\n    <div class=\"image-slider__wrapper\">\n                    <div class=\"image-slider__copy wysiwyg\"><h2>Estacionamiento en el centro de Santa M\u00f3nica<\/h2>\n<p>Hay varios estacionamientos y estructuras p\u00fablicos a lo largo de la calle 2 y la calle 4 dentro de <strong><a href=\"https:\/\/www.santamonica.com\/es\/vivir-santa-monica\/barrios\/centro-de-santa-monica-paseo-maritimo-de-la-calle-3\/\">Centro de Santa M\u00f3nica<\/a><\/strong> que permiten un f\u00e1cil acceso al paseo mar\u00edtimo Third Street Promenade y al barrio del centro de Santa M\u00f3nica.<\/p>\n<p>Los estacionamientos disponibles en el centro de Santa M\u00f3nica incluyen #1-2, 4-8 y el Ken Edwards Center, y son:<\/p>\n<ul>\n<li>Operativo las 24 horas del d\u00eda.<\/li>\n<li>Gratis durante los primeros 90 minutos; despu\u00e9s, las tarifas de estacionamiento var\u00edan seg\u00fan el d\u00eda y la duraci\u00f3n del estacionamiento. <strong><a href=\"https:\/\/www.santamonica.gov\/places\/parking-lots\" target=\"_blank\" rel=\"noopener\">Ver tarifas espec\u00edficas<\/a><\/strong> proporcionado por la ciudad de Santa M\u00f3nica.<\/li>\n<\/ul>\n<\/div>\n                <div class=\"image-slider__slider right\">\n                            <!-- Slider main container -->\n                <div class=\"swiper\">\n                    <!-- Additional required wrapper -->\n                    <div class=\"swiper-wrapper\">\n                        <!-- Slides -->\n                                                    <div class=\"swiper-slide\">\n                                <img decoding=\"async\" width=\"1024\" height=\"576\" src=\"https:\/\/www.santamonica.com\/wp-content\/uploads\/2022\/06\/parking-santa-monica.jpg\" class=\"swiper-slide__image\" alt=\"estacionamiento santa monica\" loading=\"lazy\" srcset=\"https:\/\/www.santamonica.com\/wp-content\/uploads\/2022\/06\/parking-santa-monica.jpg 1024w, https:\/\/www.santamonica.com\/wp-content\/uploads\/2022\/06\/parking-santa-monica-300x169.jpg 300w, https:\/\/www.santamonica.com\/wp-content\/uploads\/2022\/06\/parking-santa-monica-267x150.jpg 267w, https:\/\/www.santamonica.com\/wp-content\/uploads\/2022\/06\/parking-santa-monica-768x432.jpg 768w\" sizes=\"auto, (max-width: 1024px) 100vw, 1024px\" title=\"\">                                \n\n            <a href=\"https:\/\/www.santamonica.com\/es\/vivir-santa-monica\/barrios\/centro-de-santa-monica-paseo-maritimo-de-la-calle-3\/\" class=\"img-lctn-tag --right\">\n            <div class=\"img-lctn-tag-inside-link image-slider__image-caption right\">Centro de la ciudad \/ Third Street Promenade<\/div>\n        <\/a>\n                                <\/div>\n                                            <\/div>\n                                    <\/div>\n                    <\/div>\n    <\/div>\n<\/section>\n\n\n<section class=\"sun-title sm-block --theme6 sm-block\">\n            <h2 class=\"sun-title__headline\">Informaci\u00f3n importante sobre estacionamiento<\/h2>    \n            <div class=\"sun-title__body  wysiwyg\">\n                    <p>Santa M\u00f3nica cuenta con parqu\u00edmetros en toda la ciudad, todos los cuales aceptan pagos con monedas o tarjetas de cr\u00e9dito.<\/p>\n                        <\/div>\n    <\/section>\n\n\n\n<div class=\"wp-block-columns is-layout-flex wp-container-core-columns-is-layout-28f84493 wp-block-columns-is-layout-flex base-block\">\n<div class=\"wp-block-column is-layout-flow wp-block-column-is-layout-flow base-block\">\n<h3 class=\"wp-block-heading base-block\">Parqu\u00edmetros en Santa M\u00f3nica<\/h3>\n\n\n\n<p class=\"base-block\">Los parqu\u00edmetros en la calle y las m\u00e1quinas de pago en los estacionamientos municipales suelen costar $2 por hora en las zonas del centro y de la playa, y $1 por hora en todas las dem\u00e1s zonas de la ciudad.<\/p>\n\n\n\n<p class=\"base-block\">Para evitar multas al estacionarse en parqu\u00edmetros, tenga en cuenta que los domingos no hay estacionamiento gratuito en Santa M\u00f3nica, as\u00ed que no olvide pagar el parqu\u00edmetro cuando salga el fin de semana.<\/p>\n<\/div>\n\n\n\n<div class=\"wp-block-column is-layout-flow wp-block-column-is-layout-flow base-block\">\n<h3 class=\"wp-block-heading base-block\">Permisos de estacionamiento en Santa M\u00f3nica y estacionamiento ADA<\/h3>\n\n\n\n<p class=\"base-block\">El estacionamiento en Santa M\u00f3nica para visitantes con placas o letreros de discapacidad es gratuito en las zonas de estacionamiento mencionadas anteriormente.<\/p>\n\n\n\n<p class=\"base-block\">Los visitantes que necesiten permisos especiales de estacionamiento por cualquier motivo deben ponerse en contacto con la ciudad. <a href=\"https:\/\/www.santamonica.gov\/categories\/getting-around\/parking\" target=\"_blank\" rel=\"noopener\">departamento de estacionamiento<\/a> para permitir opciones.<\/p>\n<\/div>\n\n\n\n<div class=\"wp-block-column is-layout-flow wp-block-column-is-layout-flow base-block\">\n<h3 class=\"wp-block-heading base-block\">Estacionamiento para veh\u00edculos el\u00e9ctricos<\/h3>\n\n\n\n<p class=\"base-block\">Si tienes un auto el\u00e9ctrico, \u00a1hay varios lugares donde puedes recargar tu veh\u00edculo mientras exploras la ciudad a pie! Busca estaciones de recarga en uno de los m\u00e1s de 20 lugares de la ciudad.<\/p>\n\n\n\n<p class=\"base-block\">Adem\u00e1s, hay estaciones de carga r\u00e1pida EVgo DC ubicadas en el Lote 29, el Lote 27 y el estacionamiento del Centro C\u00edvico.<\/p>\n\n\n\n<p class=\"base-block\">Ver todos los de la ciudad <a href=\"https:\/\/santamonica.gov\/topic-explainers\/electric-vehicles\" target=\"_blank\" rel=\"noreferrer noopener\">Puertos de carga para veh\u00edculos el\u00e9ctricos<\/a>.<\/p>\n<\/div>\n<\/div>\n\n\n<section class=\"sun-title sm-block --theme6 sm-block\">\n            <h2 class=\"sun-title__headline\">Preguntas frecuentes sobre el estacionamiento en Santa M\u00f3nica <\/h2>    \n            <div class=\"sun-title__body  wysiwyg\">\n                    <h3>\u00bfHay estacionamiento gratuito en la playa de Santa M\u00f3nica?<\/h3>\n<p>La playa de Santa M\u00f3nica no cuenta con estacionamiento gratuito. La playa de Santa M\u00f3nica tiene muchos estacionamientos diferentes, as\u00ed como estacionamiento disponible en la calle. Los costos de estacionamiento oscilan entre $6 y $15 por un d\u00eda completo.<\/p>\n<h3>\u00bfC\u00f3mo se paga el estacionamiento en la calle en Santa M\u00f3nica?<\/h3>\n<p>Para estacionarse en la calle y en estacionamientos p\u00fablicos en Santa M\u00f3nica, busque parqu\u00edmetros o m\u00e1quinas expendedoras de boletos de estacionamiento que acepten tarjetas de cr\u00e9dito o monedas.<\/p>\n<h3>\u00bfSe puede estacionar gratis con una placa de discapacidad en Santa M\u00f3nica?<\/h3>\n<p>El estacionamiento p\u00fablico en California es gratuito en cualquier lugar con parqu\u00edmetro si se cuenta con una placa de discapacidad. El estacionamiento en los estacionamientos de playa es gratuito los d\u00edas no festivos y entre semana si se cuenta con una placa visible. Para estacionarse en los estacionamientos de playa en cualquier otro momento, consulte la <strong><a href=\"https:\/\/www.santamonica.gov\/categories\/getting-around\/parking\" target=\"_blank\" rel=\"noopener\">P\u00e1gina de estacionamiento de la ciudad de Santa M\u00f3nica<\/a><\/strong> para obtener la informaci\u00f3n m\u00e1s actualizada sobre estacionamiento.<\/p>\n                        <\/div>\n    <\/section>\n\n\n<section class=\"blog-feed --theme8 sm-block\">\n    <div class=\"blog-feed__content\">\n        <div class=\"blog-feed__intro\">\n                            <div class=\"blog-feed__eyebrow eyebrow\">Blogs<\/div>                                        <h2 class=\"blog-feed__headline\">Descubre Santa M\u00f3nica<\/h2>                                        <div class=\"blog-feed__body\"><p>Explore itinerarios, consejos locales, lugares de inter\u00e9s y aventuras seleccionadas para sacar el m\u00e1ximo partido a su experiencia en Santa M\u00f3nica.<\/p>\n<\/div>\n                                        <a class=\"blog-feed__cta\" href=\"https:\/\/www.santamonica.com\/es\/entradas-de-blog\/\">Ver todos los blogs<\/a>\n                    <\/div>\n\n        <ul class=\"blog-feed__list\">\n                                                <li class=\"blog-feed__item\">\n                        <a href=\"https:\/\/www.santamonica.com\/es\/mother-road-modern-meetings-route-66-meeting-spaces-set-to-shine-for-centennial-in-santa-monica\/\" class=\"blog-feed__item-link\">\n                            <div class=\"blog-feed__image-ratio\">\n                                <img decoding=\"async\" class=\"blog-feed__image\" src=\"https:\/\/www.santamonica.com\/wp-content\/uploads\/2025\/12\/untitledJuly20162C2020180010-182-2-400x400.jpg\" alt=\"MOTHER ROAD, REUNIONES MODERNAS: LOS ESPACIOS DE REUNI\u00d3N DE LA RUTA 66 LISTOS PARA BRILLAR EN EL CENTENARIO EN SANTA M\u00d3NICA\" title=\"\">\n                            <\/div>\n                            <div class=\"blog-feed__card-title\">MOTHER ROAD, REUNIONES MODERNAS: LOS ESPACIOS DE REUNI\u00d3N DE LA RUTA 66 LISTOS PARA BRILLAR EN EL CENTENARIO EN SANTA M\u00d3NICA<\/div>\n                        <\/a>\n                    <\/li>\n                                                                <li class=\"blog-feed__item\">\n                        <a href=\"https:\/\/www.santamonica.com\/es\/media\/news-release\/santa-monica-announces-song-contest-in-celebration-of-route-66-centennial\/\" class=\"blog-feed__item-link\">\n                            <div class=\"blog-feed__image-ratio\">\n                                <img decoding=\"async\" class=\"blog-feed__image\" src=\"https:\/\/www.santamonica.com\/wp-content\/uploads\/2025\/11\/DSC01084-400x400.jpg\" alt=\"SANTA M\u00d3NICA ANUNCIA UN CONCURSO DE CANCIONES PARA CELEBRAR EL CENTENARIO DE LA RUTA 66\" title=\"\">\n                            <\/div>\n                            <div class=\"blog-feed__card-title\">SANTA M\u00d3NICA ANUNCIA UN CONCURSO DE CANCIONES PARA CELEBRAR EL CENTENARIO DE LA RUTA 66<\/div>\n                        <\/a>\n                    <\/li>\n                                                                <li class=\"blog-feed__item\">\n                        <a href=\"https:\/\/www.santamonica.com\/es\/media\/news-release\/where-to-watch-the-world-series-in-santa-monica\/\" class=\"blog-feed__item-link\">\n                            <div class=\"blog-feed__image-ratio\">\n                                <img decoding=\"async\" class=\"blog-feed__image\" src=\"https:\/\/www.santamonica.com\/wp-content\/uploads\/2025\/10\/dodgers-logo-1-400x400.jpg\" alt=\"D\u00d3NDE VER LAS SERIES MUNDIALES EN SANTA MONICA\" title=\"\">\n                            <\/div>\n                            <div class=\"blog-feed__card-title\">D\u00d3NDE VER LAS SERIES MUNDIALES EN SANTA MONICA<\/div>\n                        <\/a>\n                    <\/li>\n                                    <\/ul>\n    <\/div>\n<\/section>","protected":false},"excerpt":{"rendered":"<p>Street Meters in Santa Monica On-street parking meters and pay machines at City lots are typically $2 per hour in the Downtown and Beach Meter Zones and $1 per hour [&hellip;]<\/p>\n","protected":false},"author":1450,"featured_media":340650,"parent":0,"menu_order":0,"comment_status":"closed","ping_status":"closed","template":"template-editorial.php","meta":{"_acf_changed":false,"inline_featured_image":false,"footnotes":""},"silos":[3906],"class_list":["post-340563","page","type-page","status-publish","has-post-thumbnail","hentry"],"acf":[],"_links":{"self":[{"href":"https:\/\/www.santamonica.com\/es\/wp-json\/wp\/v2\/pages\/340563","targetHints":{"allow":["GET"]}}],"collection":[{"href":"https:\/\/www.santamonica.com\/es\/wp-json\/wp\/v2\/pages"}],"about":[{"href":"https:\/\/www.santamonica.com\/es\/wp-json\/wp\/v2\/types\/page"}],"author":[{"embeddable":true,"href":"https:\/\/www.santamonica.com\/es\/wp-json\/wp\/v2\/users\/1450"}],"replies":[{"embeddable":true,"href":"https:\/\/www.santamonica.com\/es\/wp-json\/wp\/v2\/comments?post=340563"}],"version-history":[{"count":88,"href":"https:\/\/www.santamonica.com\/es\/wp-json\/wp\/v2\/pages\/340563\/revisions"}],"predecessor-version":[{"id":419938,"href":"https:\/\/www.santamonica.com\/es\/wp-json\/wp\/v2\/pages\/340563\/revisions\/419938"}],"wp:featuredmedia":[{"embeddable":true,"href":"https:\/\/www.santamonica.com\/es\/wp-json\/wp\/v2\/media\/340650"}],"wp:attachment":[{"href":"https:\/\/www.santamonica.com\/es\/wp-json\/wp\/v2\/media?parent=340563"}],"wp:term":[{"taxonomy":"silos","embeddable":true,"href":"https:\/\/www.santamonica.com\/es\/wp-json\/wp\/v2\/silos?post=340563"}],"curies":[{"name":"wp","href":"https:\/\/api.w.org\/{rel}","templated":true}]}}