{"id":340039,"date":"2022-06-21T04:26:16","date_gmt":"2022-06-21T11:26:16","guid":{"rendered":"https:\/\/www.santamonica.com\/?page_id=340039"},"modified":"2025-09-08T07:26:10","modified_gmt":"2025-09-08T14:26:10","slug":"por-que-santa-monica","status":"publish","type":"page","link":"https:\/\/www.santamonica.com\/es\/travel-trade\/why-santa-monica\/","title":{"rendered":"\u00bfPor qu\u00e9 Santa M\u00f3nica?"},"content":{"rendered":"<section class=\"sun-title sm-block --theme6 sm-block\">\n            <h2 class=\"sun-title__headline\">C\u00f3mo disfrutar de verdad de la playa de Santa M\u00f3nica<\/h2>    \n            <div class=\"sun-title__body  wysiwyg\">\n                    <p>Situada a orillas del oc\u00e9ano Pac\u00edfico y con una costa resplandeciente de cinco kil\u00f3metros y medio, la ciudad costera de Santa M\u00f3nica ofrece a sus clientes infinitas oportunidades para disfrutar plenamente del estilo de vida de Santa M\u00f3nica y de la amplia gama de actividades frente al mar que este conlleva. Si a esto le sumamos el clima templado y agradable de Santa M\u00f3nica durante todo el a\u00f1o y sus m\u00e1s de 280 d\u00edas de sol anuales, no es de extra\u00f1ar que National Geographic haya incluido a Santa M\u00f3nica en la lista de las \u201cDiez mejores ciudades costeras del mundo\u201d y que un lugar as\u00ed cuente con algunos de los\u00a0<a title=\"Visitando la playa de Santa M\u00f3nica\" href=\"https:\/\/www.santamonica.com\/es\/cosas-que-hacer\/playa-de-santa-monica\/\">Las mejores actividades en la playa<\/a>\u00a0disponible para quienes pisan su costa.\u00a0<a href=\"https:\/\/www.santamonica.com\/es\/cosas-que-hacer\/video-en-360o-una-visita-a-santa-monica\/\">Explora Santa M\u00f3nica a trav\u00e9s de la realidad virtual (RV).<\/a><\/p>\n                        <\/div>\n    <\/section>\n\n\n\n<section class=\"image-section-break sm-block\">\n    <div class=\"image-section-break__image-wrapper\">\n                    <picture>\n                    <source\n                        media=\"(min-width: 768px)\"\n                        srcset=\"https:\/\/www.santamonica.com\/wp-content\/uploads\/2022\/06\/the-penthouse-santa-monica-scaled.jpg\"\n                    >\n                    <img decoding=\"async\" src=\"https:\/\/www.santamonica.com\/wp-content\/uploads\/2022\/06\/the-penthouse-santa-monica-scaled.jpg\" class=\"image-section-break__image\" alt=\"El Penthouse Santa M\u00f3nica\" title=\"\">\n            <\/picture>\n                \n\n            <a href=\"https:\/\/www.santamonica.com\/es\/restaurantes\/el-atico\/\"  class=\"img-lctn-tag --right\">\n            <div class=\"img-lctn-tag-inside-link image-section-break__image-caption right\">El \u00e1tico<\/div>\n        <\/a>\n        <\/div>\n    <div class=\"image-section-break__text-content\">\n        <div class=\"image-section-break__first-content --theme3\">\n                                        <h2 class=\"image-section-break__title\">Una muestra de las experiencias culinarias de Santa M\u00f3nica<\/h2>\n                                        <div class=\"image-section-break__body-copy wysiwyg\"><p>Santa M\u00f3nica es un destino culinario internacional y se mantiene en la \u00e9lite de la gastronom\u00eda estadounidense gracias a sus numerosos chefs famosos y a los nuevos innovadores culinarios que siguen dinamizando el sector.\u00a0<a title=\"Comida y bebida\" href=\"https:\/\/www.santamonica.com\/es\/restaurantes\/\">la escena gastron\u00f3mica de la ciudad<\/a>.<\/p>\n<\/div>\n                                <\/div>\n        <div class=\"image-section-break__second-content\">\n                            <div class=\"image-section-break__body-copy wysiwyg\"><p>Santa M\u00f3nica estuvo a la vanguardia del movimiento de alimentos locales mucho antes de que se convirtiera en una tendencia generalizada, y el uso de ingredientes org\u00e1nicos y sostenibles es fundamental en el enfoque culinario de los chefs m\u00e1s destacados de la ciudad. <a href=\"https:\/\/www.santamonica.com\/es\/reuniones-convenciones\/cena-grupal\/\">Explora las opciones para cenas grupales.<\/a><\/p>\n<\/div>\n                                <\/div>\n    <\/div>\n<\/section>\n\n\n\n<section class=\"two-images container-max sm-block  sm-block\">\n    <div class=\"two-images__container\">\n\n        <div class=\"two-images__column\">\n            <div class=\"two-images__content\">\n                <div class=\"two-images__content-header-container\">\n                                            <h2 class=\"two-images__content-header\">Escapada a la playa con un toque de historia<\/h2>                                    <\/div>\n                                    <div class=\"two-images__content-body wysiwyg\">\n                        <p>Santa M\u00f3nica se ha ido ganando poco a poco un lugar en la historia como uno de los destinos de playa m\u00e1s queridos del mundo desde su creaci\u00f3n en 1875, cuando el fundador de Santa M\u00f3nica, John P. Jones, compr\u00f3 y traz\u00f3 los 21,5 km\u00b2 de la ciudad. Desde la inauguraci\u00f3n del primer muelle recreativo del oeste en 1909, pasando por su conversi\u00f3n en lugar de recreo para las estrellas de Hollywood y sede de la moda internacional del fitness en la d\u00e9cada de 1920, hasta el nacimiento de una legendaria colecci\u00f3n de hoteles durante la d\u00e9cada de 1980, la rica historia de Santa M\u00f3nica sigue influyendo en esta encantadora ciudad costera que se ha convertido en uno de los destinos tur\u00edsticos favoritos de personas de todo el mundo.<\/p>\n                    <\/div>\n                                            <\/div>\n        <\/div>\n\n        <div class=\"two-images__column\">\n                            <div class=\"two-images__image-container\">\n                    <img decoding=\"async\" width=\"424\" height=\"504\" src=\"https:\/\/www.santamonica.com\/wp-content\/uploads\/2022\/08\/shutters-on-the-beach424x504.jpg\" class=\"two-images__image\" alt=\"Vista del comedor del hotel hacia las puertas dobles abiertas; dos sillas lujosas colocadas en la terraza exterior con mesa y rosas; playa al fondo; cena al atardecer.\" loading=\"lazy\" srcset=\"https:\/\/www.santamonica.com\/wp-content\/uploads\/2022\/08\/shutters-on-the-beach424x504.jpg 424w, https:\/\/www.santamonica.com\/wp-content\/uploads\/2022\/08\/shutters-on-the-beach424x504-252x300.jpg 252w, https:\/\/www.santamonica.com\/wp-content\/uploads\/2022\/08\/shutters-on-the-beach424x504-126x150.jpg 126w\" sizes=\"auto, (max-width: 424px) 100vw, 424px\" title=\"\">                    \n\n                <\/div>\n                    <\/div>\n\n        <div class=\"two-images__column\">\n                            <div class=\"two-images__image-container\">\n                    <img decoding=\"async\" width=\"600\" height=\"464\" src=\"https:\/\/www.santamonica.com\/wp-content\/uploads\/2022\/07\/Beach600x464.jpg\" class=\"two-images__image\" alt=\"Playa de Santa M\u00f3nica\" loading=\"lazy\" srcset=\"https:\/\/www.santamonica.com\/wp-content\/uploads\/2022\/07\/Beach600x464.jpg 600w, https:\/\/www.santamonica.com\/wp-content\/uploads\/2022\/07\/Beach600x464-300x232.jpg 300w, https:\/\/www.santamonica.com\/wp-content\/uploads\/2022\/07\/Beach600x464-194x150.jpg 194w\" sizes=\"auto, (max-width: 600px) 100vw, 600px\" title=\"\">                    \n\n                <\/div>\n                    <\/div>\n\n    <\/div>\n<\/section>\n\n\n\n<section class=\"two-images container-max sm-block --flip sm-block\">\n    <div class=\"two-images__container --flip\">\n\n        <div class=\"two-images__column\">\n            <div class=\"two-images__content\">\n                <div class=\"two-images__content-header-container\">\n                                            <h2 class=\"two-images__content-header\">Lo mejor de Santa M\u00f3nica<\/h2>                                    <\/div>\n                                    <div class=\"two-images__content-body wysiwyg\">\n                        <section class=\"content-block\">\n<div class=\"width-restrict --content\">\n<article class=\"post-content \/ subpage-intro\">\n<div class=\"subpage-intro__content wizzywig\">\n<p>La combinaci\u00f3n de belleza natural, restaurantes galardonados y opciones incomparables de hoteles y tiendas de Santa M\u00f3nica crean el destino perfecto para que los grupos disfruten del lujo. Ya sea disfrutando de uno de los\u00a0<a title=\"Hoteles\" href=\"https:\/\/www.santamonica.com\/es\/hoteles\/\">los hoteles de lujo de la ciudad<\/a>, Ya sea jugando al golf en uno de los campos cercanos o pasando un d\u00eda de relax en un lujoso spa, este emblem\u00e1tico tramo de costa californiana es el lugar ideal para que sus asistentes disfruten de lo mejor del sur de California.<\/p>\n<\/div>\n<\/article>\n<\/div>\n<\/section>\n                    <\/div>\n                                            <\/div>\n        <\/div>\n\n        <div class=\"two-images__column\">\n                            <div class=\"two-images__image-container\">\n                    <img decoding=\"async\" width=\"937\" height=\"700\" src=\"https:\/\/www.santamonica.com\/wp-content\/uploads\/2022\/06\/the-ambrose-hotel-premium-hotels.jpg\" class=\"two-images__image\" alt=\"The Ambrose Hotel Hoteles Premium\" loading=\"lazy\" srcset=\"https:\/\/www.santamonica.com\/wp-content\/uploads\/2022\/06\/the-ambrose-hotel-premium-hotels.jpg 937w, https:\/\/www.santamonica.com\/wp-content\/uploads\/2022\/06\/the-ambrose-hotel-premium-hotels-300x224.jpg 300w, https:\/\/www.santamonica.com\/wp-content\/uploads\/2022\/06\/the-ambrose-hotel-premium-hotels-201x150.jpg 201w, https:\/\/www.santamonica.com\/wp-content\/uploads\/2022\/06\/the-ambrose-hotel-premium-hotels-768x574.jpg 768w\" sizes=\"auto, (max-width: 937px) 100vw, 937px\" title=\"\">                    \n\n                <\/div>\n                    <\/div>\n\n        <div class=\"two-images__column\">\n                            <div class=\"two-images__image-container\">\n                    <img decoding=\"async\" width=\"650\" height=\"866\" src=\"https:\/\/www.santamonica.com\/wp-content\/uploads\/2022\/06\/ocean-santa-monica-hotels-premium-expereince.jpg\" class=\"two-images__image\" alt=\"Experiencia Premium en el Hotel Oceana\" loading=\"lazy\" srcset=\"https:\/\/www.santamonica.com\/wp-content\/uploads\/2022\/06\/ocean-santa-monica-hotels-premium-expereince.jpg 650w, https:\/\/www.santamonica.com\/wp-content\/uploads\/2022\/06\/ocean-santa-monica-hotels-premium-expereince-225x300.jpg 225w, https:\/\/www.santamonica.com\/wp-content\/uploads\/2022\/06\/ocean-santa-monica-hotels-premium-expereince-113x150.jpg 113w\" sizes=\"auto, (max-width: 650px) 100vw, 650px\" title=\"\">                    \n\n                <\/div>\n                    <\/div>\n\n    <\/div>\n<\/section>\n\n\n\n<div class=\"wp-block-columns is-layout-flex wp-container-core-columns-is-layout-28f84493 wp-block-columns-is-layout-flex base-block\">\n<div class=\"wp-block-column is-layout-flow wp-block-column-is-layout-flow base-block\">\n<figure class=\"wp-block-image size-full base-block\"><img decoding=\"async\" width=\"200\" height=\"140\" src=\"https:\/\/www.santamonica.com\/wp-content\/uploads\/2022\/06\/Travel_USA_.png\" alt=\"Viaje a EE. UU.\" class=\"wp-image-340158\" title=\"\"><\/figure>\n\n\n<\/figure><\/div>\n\n\n\n<div class=\"wp-block-column is-layout-flow wp-block-column-is-layout-flow base-block\">\n<figure class=\"wp-block-image size-large is-resized base-block\"><img decoding=\"async\" width=\"1024\" height=\"321\" src=\"https:\/\/www.santamonica.com\/wp-content\/uploads\/2022\/06\/Visit-California-Travel-Logo-1024x321.png\" alt=\"\" class=\"wp-image-340161\" style=\"width:292px;height:92px\" title=\"\" srcset=\"https:\/\/www.santamonica.com\/wp-content\/uploads\/2022\/06\/Visit-California-Travel-Logo-1024x321.png 1024w, https:\/\/www.santamonica.com\/wp-content\/uploads\/2022\/06\/Visit-California-Travel-Logo-300x94.png 300w, https:\/\/www.santamonica.com\/wp-content\/uploads\/2022\/06\/Visit-California-Travel-Logo-270x85.png 270w, https:\/\/www.santamonica.com\/wp-content\/uploads\/2022\/06\/Visit-California-Travel-Logo-768x241.png 768w, https:\/\/www.santamonica.com\/wp-content\/uploads\/2022\/06\/Visit-California-Travel-Logo-1536x481.png 1536w, https:\/\/www.santamonica.com\/wp-content\/uploads\/2022\/06\/Visit-California-Travel-Logo-2048x642.png 2048w\" sizes=\"(max-width: 1024px) 100vw, 1024px\" \/><\/figure>\n\n\n<\/figure><\/div>\n<\/div>\n\n\n<section class=\"meetings-contact-us sm-block\">\n    <div class=\"meetings-contact-us__inner\">\n        <div class=\"meetings-contact-us__image-wrap\">\n            <img decoding=\"async\" width=\"1024\" height=\"304\" src=\"https:\/\/www.santamonica.com\/wp-content\/uploads\/2022\/07\/Help1280x380-1024x304.jpg\" class=\"attachment-large size-large\" alt=\"Imagen del edificio del centro de visitantes; edificio gris con un letrero informativo en la parte superior.\" srcset=\"https:\/\/www.santamonica.com\/wp-content\/uploads\/2022\/07\/Help1280x380-1024x304.jpg 1024w, https:\/\/www.santamonica.com\/wp-content\/uploads\/2022\/07\/Help1280x380-300x89.jpg 300w, https:\/\/www.santamonica.com\/wp-content\/uploads\/2022\/07\/Help1280x380-270x80.jpg 270w, https:\/\/www.santamonica.com\/wp-content\/uploads\/2022\/07\/Help1280x380-768x228.jpg 768w, https:\/\/www.santamonica.com\/wp-content\/uploads\/2022\/07\/Help1280x380.jpg 1280w\" sizes=\"(max-width: 1024px) 100vw, 1024px\" title=\"\">        <\/div>\n        <div class=\"meetings-contact-us__body\">\n            <h1 class=\"meetings-contact-us__heading\">\n                \u00bfTiene alguna pregunta?            <\/h1>\n            <p class=\"meetings-contact-us__intro\">\n                \u00a1Si\u00e9ntete respaldado al contactar hoy mismo con el equipo de expertos de Santa Monica Travel &amp; Tourism!            <\/p>\n            <div class=\"meetings-contact-us__phone-numbers wysiwyg\">\n                                                            <\/div>\n            <div class=\"meetings-contact-us__ctas\">\n                                            <a class=\"meetings-contact-us__primary-cta\" href=\"https:\/\/www.santamonica.com\/es\/sector-turistico\/contactar-con-ventas\/\">P\u00f3ngase en contacto con nosotros<\/a>\n                                                    <\/div>\n        <\/div>\n    <\/div>\n\n<\/section>","protected":false},"excerpt":{"rendered":"","protected":false},"author":1450,"featured_media":343993,"parent":0,"menu_order":0,"comment_status":"closed","ping_status":"closed","template":"template-meetings-editorial-detail.php","meta":{"_acf_changed":false,"inline_featured_image":false,"footnotes":""},"silos":[3908],"class_list":["post-340039","page","type-page","status-publish","has-post-thumbnail","hentry"],"acf":[],"_links":{"self":[{"href":"https:\/\/www.santamonica.com\/es\/wp-json\/wp\/v2\/pages\/340039","targetHints":{"allow":["GET"]}}],"collection":[{"href":"https:\/\/www.santamonica.com\/es\/wp-json\/wp\/v2\/pages"}],"about":[{"href":"https:\/\/www.santamonica.com\/es\/wp-json\/wp\/v2\/types\/page"}],"author":[{"embeddable":true,"href":"https:\/\/www.santamonica.com\/es\/wp-json\/wp\/v2\/users\/1450"}],"replies":[{"embeddable":true,"href":"https:\/\/www.santamonica.com\/es\/wp-json\/wp\/v2\/comments?post=340039"}],"version-history":[{"count":65,"href":"https:\/\/www.santamonica.com\/es\/wp-json\/wp\/v2\/pages\/340039\/revisions"}],"predecessor-version":[{"id":772339,"href":"https:\/\/www.santamonica.com\/es\/wp-json\/wp\/v2\/pages\/340039\/revisions\/772339"}],"wp:featuredmedia":[{"embeddable":true,"href":"https:\/\/www.santamonica.com\/es\/wp-json\/wp\/v2\/media\/343993"}],"wp:attachment":[{"href":"https:\/\/www.santamonica.com\/es\/wp-json\/wp\/v2\/media?parent=340039"}],"wp:term":[{"taxonomy":"silos","embeddable":true,"href":"https:\/\/www.santamonica.com\/es\/wp-json\/wp\/v2\/silos?post=340039"}],"curies":[{"name":"wp","href":"https:\/\/api.w.org\/{rel}","templated":true}]}}