{"id":340029,"date":"2022-06-21T04:20:19","date_gmt":"2022-06-21T11:20:19","guid":{"rendered":"https:\/\/www.santamonica.com\/?page_id=340029"},"modified":"2026-01-20T14:43:58","modified_gmt":"2026-01-20T22:43:58","slug":"centros-de-visitantes","status":"publish","type":"page","link":"https:\/\/www.santamonica.com\/es\/about\/visitor-centers\/","title":{"rendered":"Centros de informaci\u00f3n para visitantes"},"content":{"rendered":"<div class=\"wp-block-columns is-layout-flex wp-container-core-columns-is-layout-28f84493 wp-block-columns-is-layout-flex base-block\">\n<div class=\"wp-block-column is-vertically-aligned-top is-layout-flow wp-block-column-is-layout-flow base-block\">\n<h5 class=\"wp-block-heading has-text-align-center base-block\" style=\"text-transform:capitalize\"><a href=\"https:\/\/www.santamonica.com\/es\/ir-de-compras\/centro-de-informacion-turistica-de-santa-monica\/\">Informaci\u00f3n principal para visitantes <\/a><br><a href=\"https:\/\/www.santamonica.com\/es\/ir-de-compras\/centro-de-informacion-turistica-de-santa-monica\/\">Centro<\/a><\/h5>\n\n\n\n<figure class=\"wp-block-image size-full base-block\"><img decoding=\"async\" width=\"2560\" height=\"2560\" src=\"https:\/\/www.santamonica.com\/wp-content\/uploads\/2025\/01\/MainStreetVIC-copy-scaled.jpg\" alt=\"\" class=\"wp-image-758593\" title=\"\" srcset=\"https:\/\/www.santamonica.com\/wp-content\/uploads\/2025\/01\/MainStreetVIC-copy-scaled.jpg 2560w, https:\/\/www.santamonica.com\/wp-content\/uploads\/2025\/01\/MainStreetVIC-copy-300x300.jpg 300w, https:\/\/www.santamonica.com\/wp-content\/uploads\/2025\/01\/MainStreetVIC-copy-1024x1024.jpg 1024w, https:\/\/www.santamonica.com\/wp-content\/uploads\/2025\/01\/MainStreetVIC-copy-150x150.jpg 150w, https:\/\/www.santamonica.com\/wp-content\/uploads\/2025\/01\/MainStreetVIC-copy-768x768.jpg 768w, https:\/\/www.santamonica.com\/wp-content\/uploads\/2025\/01\/MainStreetVIC-copy-1536x1536.jpg 1536w, https:\/\/www.santamonica.com\/wp-content\/uploads\/2025\/01\/MainStreetVIC-copy-2048x2048.jpg 2048w, https:\/\/www.santamonica.com\/wp-content\/uploads\/2025\/01\/MainStreetVIC-copy-400x400.jpg 400w\" sizes=\"(max-width: 2560px) 100vw, 2560px\" \/><\/figure>\n\n\n<\/figure>\n\n\n<p class=\"base-block\"><\/p>\n\n\n\n<p class=\"has-text-align-center base-block\">Edificio Edgemar<br>2427 Calle Principal<br>Santa Monica, CA 90405<\/p>\n\n\n\n<p class=\"has-text-align-center base-block\"><strong>HORARIO: De lunes a viernes, de 9:00 a. m. a 5:30 p. m.;<\/strong><br><strong>S\u00e1bado y domingo, de 9:00 a. m. a 5:00 p. m.<\/strong><\/p>\n<\/div>\n\n\n\n<div class=\"wp-block-column is-vertically-aligned-top is-layout-flow wp-block-column-is-layout-flow base-block\">\n<h5 class=\"wp-block-heading has-text-align-center base-block\" style=\"text-transform:capitalize\"><a href=\"https:\/\/www.santamonica.com\/es\/ir-de-compras\/centro-de-visitantes-de-la-tienda-del-muelle-de-santa-monica\/\">Tienda del muelle y visitantes <\/a><br><a href=\"https:\/\/www.santamonica.com\/es\/ir-de-compras\/centro-de-visitantes-de-la-tienda-del-muelle-de-santa-monica\/\">Centro<\/a><\/h5>\n\n\n\n<figure class=\"wp-block-image size-full base-block\"><img decoding=\"async\" width=\"500\" height=\"500\" src=\"https:\/\/www.santamonica.com\/wp-content\/uploads\/2024\/07\/Pier-Visitor-Information-Center-Resized.png\" alt=\"\" class=\"wp-image-420974\" title=\"\" srcset=\"https:\/\/www.santamonica.com\/wp-content\/uploads\/2024\/07\/Pier-Visitor-Information-Center-Resized.png 500w, https:\/\/www.santamonica.com\/wp-content\/uploads\/2024\/07\/Pier-Visitor-Information-Center-Resized-300x300.png 300w, https:\/\/www.santamonica.com\/wp-content\/uploads\/2024\/07\/Pier-Visitor-Information-Center-Resized-150x150.png 150w, https:\/\/www.santamonica.com\/wp-content\/uploads\/2024\/07\/Pier-Visitor-Information-Center-Resized-400x400.png 400w\" sizes=\"(max-width: 500px) 100vw, 500px\" \/><\/figure>\n\n\n<\/figure>\n\n\n<p class=\"base-block\"><\/p>\n\n\n\n<p class=\"has-text-align-center base-block\">Hip\u00f3dromo Looff<br>200 Muelle de Santa M\u00f3nica<br>Santa M\u00f3nica, CA 90401<\/p>\n\n\n\n<p class=\"has-text-align-center base-block\"><strong>HORARIO: Jueves a lunes, de 9:00 a. m. a 5:00 p. m.<\/strong><br><strong>CERRADO: Martes<\/strong> <strong>&amp; Mi\u00e9rcoles<\/strong><\/p>\n<\/div>\n\n\n\n<div class=\"wp-block-column is-vertically-aligned-top is-layout-flow wp-block-column-is-layout-flow base-block\">\n<h5 class=\"wp-block-heading has-text-align-center base-block\" style=\"text-transform:capitalize\"><a href=\"https:\/\/www.santamonica.com\/es\/ir-de-compras\/quiosco-de-informacion-turistica-de-santa-monica\/\">Informaci\u00f3n para visitantes <\/a><br><a href=\"https:\/\/www.santamonica.com\/es\/ir-de-compras\/quiosco-de-informacion-turistica-de-santa-monica\/\">Quiosco<\/a><\/h5>\n\n\n\n<figure class=\"wp-block-image size-full base-block\"><img decoding=\"async\" width=\"500\" height=\"500\" src=\"https:\/\/www.santamonica.com\/wp-content\/uploads\/2024\/07\/Visitor-Information-Kiosk-Resized.png\" alt=\"\" class=\"wp-image-420975\" title=\"\" srcset=\"https:\/\/www.santamonica.com\/wp-content\/uploads\/2024\/07\/Visitor-Information-Kiosk-Resized.png 500w, https:\/\/www.santamonica.com\/wp-content\/uploads\/2024\/07\/Visitor-Information-Kiosk-Resized-300x300.png 300w, https:\/\/www.santamonica.com\/wp-content\/uploads\/2024\/07\/Visitor-Information-Kiosk-Resized-150x150.png 150w, https:\/\/www.santamonica.com\/wp-content\/uploads\/2024\/07\/Visitor-Information-Kiosk-Resized-400x400.png 400w\" sizes=\"(max-width: 500px) 100vw, 500px\" \/><\/figure>\n\n\n<\/figure>\n\n\n<p class=\"base-block\"><\/p>\n\n\n\n<p class=\"has-text-align-center base-block\">Ubicado en Palisades Park<br>1400 Ocean Avenue<br>Santa Monica, CA 90401<\/p>\n\n\n\n<p class=\"has-text-align-center base-block\"><strong>HORARIO: Martes a viernes, de 9:00 a. m. a 5:00 p. m.<\/strong> <br><strong>CERRADO: S\u00e1bado \u2013 Lunes<\/strong><\/p>\n<\/div>\n<\/div>\n\n\n\n<center><div class=\"map-responsive base-block\"><iframe src=\"https:\/\/www.google.com\/maps\/d\/embed?mid=12Up4_Trwe_KHep5kLfR9apFAba0\" width=\"400\" height=\"300\"><\/iframe><\/div><\/center>\n\n\n\n<p class=\"base-block\"><\/p>\n\n\n    <section class=\"booking-cta --theme5 sm-block\">\n    <div id=\"widget-container-2070\"><\/div>\n<script type=\"text\/javascript\">\n  (function() {\n    var script = document.createElement('script');\n    script.type = 'text\/javascript';\n    script.async = 'true';\n    script.src = \"https:\/\/admin.bookdirect.net\/hs4\/widgets\/2070.js?widget_element=widget-container-2070\";\n    document.body.appendChild(script);\n  })();\n<\/script>\n    <\/section>","protected":false},"excerpt":{"rendered":"<p>Main Visitor Information Center Edgemar Building2427 Main StreetSanta Monica, CA 90405 OPEN: Monday \u2013 Friday, 9:00 a.m. to 5:30 p.m.;Saturday &#038; Sunday, 9:00am to 5:00pm Pier Shop &#038; Visitor Center Looff Hippodrome200 Santa Monica PierSanta Monica, CA\u00a090401 OPEN: Thursday \u2013 Monday 11:00 a.m. to 4:00 p.m.CLOSED: Tuesday &#038; Wednesday Visitor Information Kiosk Located in Palisades Park1400 Ocean AvenueSanta Monica, CA 90401 OPEN: Tuesday \u2013 Friday 11:00 a.m. to 4:00 p.m. CLOSED: Saturday \u2013 Monday<\/p>","protected":false},"author":1450,"featured_media":343174,"parent":0,"menu_order":0,"comment_status":"closed","ping_status":"closed","template":"template-editorial.php","meta":{"_acf_changed":false,"inline_featured_image":false,"footnotes":""},"silos":[3909],"class_list":["post-340029","page","type-page","status-publish","has-post-thumbnail","hentry"],"acf":[],"_links":{"self":[{"href":"https:\/\/www.santamonica.com\/es\/wp-json\/wp\/v2\/pages\/340029","targetHints":{"allow":["GET"]}}],"collection":[{"href":"https:\/\/www.santamonica.com\/es\/wp-json\/wp\/v2\/pages"}],"about":[{"href":"https:\/\/www.santamonica.com\/es\/wp-json\/wp\/v2\/types\/page"}],"author":[{"embeddable":true,"href":"https:\/\/www.santamonica.com\/es\/wp-json\/wp\/v2\/users\/1450"}],"replies":[{"embeddable":true,"href":"https:\/\/www.santamonica.com\/es\/wp-json\/wp\/v2\/comments?post=340029"}],"version-history":[{"count":96,"href":"https:\/\/www.santamonica.com\/es\/wp-json\/wp\/v2\/pages\/340029\/revisions"}],"predecessor-version":[{"id":782639,"href":"https:\/\/www.santamonica.com\/es\/wp-json\/wp\/v2\/pages\/340029\/revisions\/782639"}],"wp:featuredmedia":[{"embeddable":true,"href":"https:\/\/www.santamonica.com\/es\/wp-json\/wp\/v2\/media\/343174"}],"wp:attachment":[{"href":"https:\/\/www.santamonica.com\/es\/wp-json\/wp\/v2\/media?parent=340029"}],"wp:term":[{"taxonomy":"silos","embeddable":true,"href":"https:\/\/www.santamonica.com\/es\/wp-json\/wp\/v2\/silos?post=340029"}],"curies":[{"name":"wp","href":"https:\/\/api.w.org\/{rel}","templated":true}]}}