{"id":340025,"date":"2022-06-21T04:11:23","date_gmt":"2022-06-21T11:11:23","guid":{"rendered":"https:\/\/www.santamonica.com\/?page_id=340025"},"modified":"2026-03-19T12:12:57","modified_gmt":"2026-03-19T19:12:57","slug":"consejos-y-comites","status":"publish","type":"page","link":"https:\/\/www.santamonica.com\/es\/about\/boards-and-committees\/","title":{"rendered":"Consejos y Comit\u00e9s"},"content":{"rendered":"<section class=\"sun-title sm-block --theme6 sm-block\">\n            <h2 class=\"sun-title__headline\">Conoce a la Junta Directiva de SMTT para el per\u00edodo 2026\/2027<\/h2>    \n    <\/section>\n\n\n\n<p class=\"base-block\"><br><br><strong>Charlie L\u00f3pez-Quintana<\/strong>&nbsp;\u2013 Silla<em><br>Vicepresidente y director general, ETC Hotels<\/em><\/p>\n\n\n\n<p class=\"base-block\"><strong>Jeff Klocke<\/strong>&nbsp;\u2013 Vicepresidente<br><em>Director general, Pacific Park<\/em><\/p>\n\n\n\n<p class=\"base-block\"><strong>Sim\u00f3n Fricker<\/strong>&nbsp;\u2013 Tesorero<br><em>Gerente general, Fairmont Miramar Hotel &amp; Bungalows<\/em><\/p>\n\n\n\n<p class=\"base-block\"><strong>Karen Ginsberg<\/strong>&nbsp;\u2013 Secretario<br><em>Residente<\/em><\/p>\n\n\n\n<p class=\"base-block\"><strong>Neil Carrey<\/strong>&nbsp;\u2013 Miembro<br><em>Residente<\/em><\/p>\n\n\n\n<p class=\"base-block\"><strong>Darlene Evans<\/strong>&nbsp;\u2013 Miembro<br><em>Residente<\/em><\/p>\n\n\n\n<p class=\"base-block\"><strong>Tim Defuria<\/strong>&nbsp;\u2013 Miembro<br><em>Residente<\/em><\/p>\n\n\n\n<p class=\"base-block\"><strong>Lauralee Asch<\/strong>&nbsp;\u2013 Miembro<br><em>Residente<\/em><\/p>\n\n\n\n<p class=\"base-block\"><strong>Jan Williamson<\/strong>&nbsp;\u2013 Miembro<br><em>Director ejecutivo, 18th Street Arts Center<\/em>r<\/p>\n\n\n\n<p class=\"base-block\"><strong>Jessica Rinc\u00f3n<\/strong>&nbsp;\u2013 Miembro<br><em>Director general,<\/em> <em>Sandbourne Santa Monica<\/em><\/p>\n\n\n\n<p class=\"base-block\"><strong>Oliver Chi<\/strong>&nbsp;\u2013 Miembro<br><em>Administrador municipal, ciudad de Santa M\u00f3nica<\/em><\/p>\n\n\n\n<p class=\"base-block\"><strong>Judy Kruger<\/strong>&nbsp;\u2013 Enlace con la C\u00e1mara<br><em>Presidente y director ejecutivo de la C\u00e1mara de Comercio de Santa M\u00f3nica<\/em><\/p>\n\n\n<section class=\"sun-title sm-block --theme6 sm-block\">\n            <h2 class=\"sun-title__headline\">Conozca a nuestro Comit\u00e9 TMD 2026<\/h2>    \n    <\/section>\n\n\n\n<p class=\"base-block\"><br><br><\/p>\n\n\n\n<p class=\"base-block\"><strong>Aileen Carre\u00f3n<\/strong> \u2013 Silla<br><em>Vicepresidente de Ventas y Marketing, ETC Hotels<\/em><\/p>\n\n\n\n<p class=\"base-block\"><strong>Juan Viramontes<\/strong> \u2013 Vicepresidente<br><em>Gerente general, The Gateway Hotel Santa M\u00f3nica<\/em><\/p>\n\n\n\n<p class=\"base-block\"><strong>Armando Campos<\/strong> \u2013 Secretario\/Tesorero<br><em>Director general,<\/em> <em>Hotel Santa Monica Proper<\/em><\/p>\n\n\n\n<p class=\"base-block\"><strong>Sim\u00f3n Fricker<\/strong> \u2013 Miembro<br><em>Gerente general, Fairmont Miramar Hotel &amp; Bungalows<\/em><\/p>\n\n\n\n<p class=\"base-block\"><strong><strong>Sonia Metz<\/strong><\/strong> \u2013 Miembro<br><em>Administraci\u00f3n, Sea Shore Motel<\/em><\/p>\n\n\n\n<p class=\"base-block\"><strong><strong>Karina Sedigh<\/strong><\/strong> \u2013 Miembro<br><em>Gerente general, The Pierside Hotel<\/em><\/p>\n\n\n\n<p class=\"base-block\"><strong>Shahid Kayani<\/strong> \u2013 Miembro<br><em>Director Regional de Operaciones,<\/em> <em>Hilton Santa Monica Hotel &amp; Suites<\/em><\/p>\n\n\n\n<p class=\"base-block\"><strong>Kenneth Clark<\/strong> \u2013 Miembro<br><em>Gerente general del complejo,<\/em> <em>Hampton Inn &amp; Suites Santa M\u00f3nica<\/em><\/p>\n\n\n\n<p class=\"base-block\"><strong>Inessa Udovchenko<\/strong> \u2013 Miembro<br><em>Gerente general,<\/em> <em>Hotel Shore<\/em><\/p>\n\n\n<section class=\"sun-title sm-block --theme6 sm-block\">\n            <h2 class=\"sun-title__headline\">Archivo de agendas y actas de las reuniones del Comit\u00e9 TMD<\/h2>    \n            <div class=\"sun-title__body  wysiwyg\">\n                    <p>&nbsp;<\/p>\n<p>&nbsp;<\/p>\n                        <\/div>\n    <\/section>\n\n\n\n<div class=\"wp-block-columns is-layout-flex wp-container-core-columns-is-layout-28f84493 wp-block-columns-is-layout-flex base-block\">\n<div class=\"wp-block-column is-layout-flow wp-block-column-is-layout-flow base-block\">\n<p class=\"base-block\">17 de marzo de 2026 \u2013 <a href=\"https:\/\/www.santamonica.com\/wp-content\/uploads\/2026\/03\/1.-3.17.26-Special-Tourism-Marketing-District-Agenda.pdf\" target=\"_blank\" rel=\"noreferrer noopener\">Orden del d\u00eda<\/a> <br><br>12 de noviembre de 2025 \u2013 <a href=\"https:\/\/www.santamonica.com\/wp-content\/uploads\/2025\/11\/11.12-Special-Tourism-Marketing-District-Agenda-2.pdf\" target=\"_blank\" rel=\"noreferrer noopener\">Orden del d\u00eda<\/a> | <a href=\"https:\/\/www.santamonica.com\/wp-content\/uploads\/2026\/03\/11.12.25-Special-TMD-Meeting-Minutes.pdf\" data-type=\"link\" data-id=\"https:\/\/www.santamonica.com\/wp-content\/uploads\/2026\/03\/11.12.25-Special-TMD-Meeting-Minutes.pdf\">Actas<\/a><br><br>16 de septiembre de 2025 \u2013 <a href=\"https:\/\/www.santamonica.com\/wp-content\/uploads\/2025\/09\/9.16-Special-Tourism-Marketing-District-Agenda-.pdf\">Orden del d\u00eda<\/a> | <a href=\"https:\/\/www.santamonica.com\/wp-content\/uploads\/2025\/11\/2.-9.16-Special-TMD-Meeting-Minutes.pdf\" target=\"_blank\" rel=\"noreferrer noopener\">Actas<\/a><br><br>4 de junio de 2025 \u2013 <a href=\"https:\/\/www.santamonica.com\/wp-content\/uploads\/2025\/08\/6.4.25-Annual-Joint-BOD-and-TMD-Meeting-Agenda-copy.pdf\" target=\"_blank\" rel=\"noreferrer noopener\">Orden del d\u00eda<\/a> | <a href=\"https:\/\/www.santamonica.com\/wp-content\/uploads\/2026\/01\/2.-Annual-Joint-Board-of-Directors-TMD-Meeting-Minutes_6.4.25-.pdf\" target=\"_blank\" rel=\"noreferrer noopener\">Actas<\/a><br><br>8 de abril de 2025 \u2013 <a href=\"https:\/\/www.santamonica.com\/wp-content\/uploads\/2025\/08\/4.8.25-Regular-Tourism-Marketing-District-Agenda.pdf\" target=\"_blank\" rel=\"noreferrer noopener\">Orden del d\u00eda<\/a> | <a href=\"https:\/\/www.santamonica.com\/wp-content\/uploads\/2025\/08\/4.8.25-TMD-Meeting-Minutes.pdf\" target=\"_blank\" rel=\"noreferrer noopener\">Actas<\/a><br><br>6 de marzo de 2025 \u2013 <a href=\"https:\/\/www.santamonica.com\/wp-content\/uploads\/2025\/08\/3.6.25-Special-TOURISM-MARKETING-DISTRICT-COMMITTEE-MEETING-AGENDA-copy.pdf\" target=\"_blank\" rel=\"noreferrer noopener\">Orden del d\u00eda<\/a> | <a href=\"https:\/\/www.santamonica.com\/wp-content\/uploads\/2025\/08\/3.6.25-Special-TMD-Meeting-Minutes-.pdf\" target=\"_blank\" rel=\"noreferrer noopener\">Actas<\/a><br><br>11 de febrero de 2025 \u2013 <a href=\"https:\/\/www.santamonica.com\/wp-content\/uploads\/2025\/02\/1.-REGULAR-TOURISM-MARKETING-DISTRICT-COMMITTEE-MEETING-AGENDA-2-11-251.pdf\" target=\"_blank\" rel=\"noreferrer noopener\">Orden del d\u00eda<\/a> | <a href=\"https:\/\/www.santamonica.com\/wp-content\/uploads\/2025\/08\/2.11.25-TMD-MEETING-MINUTES.pdf\" target=\"_blank\" rel=\"noreferrer noopener\">Actas<\/a><br><br>12 de noviembre de 2024 \u2013 <a href=\"https:\/\/www.santamonica.com\/wp-content\/uploads\/2025\/01\/4.-REGULAR-TOURISM-MARKETING-DISTRICT-COMMITTEE-MEETING-AGENDA-11-12-241-1.pdf\" target=\"_blank\" rel=\"noreferrer noopener\">Orden del d\u00eda<\/a> | <a href=\"https:\/\/www.santamonica.com\/wp-content\/uploads\/2025\/02\/TMD-Meeting-Minutes-11.12.24.pdf\">Actas<\/a><br><br>2 de octubre de 2024 \u2013 <a href=\"https:\/\/www.santamonica.com\/wp-content\/uploads\/2024\/09\/1.-TMD-Agenda-Oct-2-20241.pdf\">Orden del d\u00eda<\/a> | <a href=\"https:\/\/www.santamonica.com\/wp-content\/uploads\/2025\/01\/5.-Special-TMD-Meeting-Minutes-Oct-2-2024.pdf\" target=\"_blank\" rel=\"noreferrer noopener\">Actas<\/a><br><br><\/p>\n<\/div>\n\n\n\n<div class=\"wp-block-column is-layout-flow wp-block-column-is-layout-flow base-block\">\n<p class=\"base-block\">29 de mayo de 2024 \u2013 <a href=\"https:\/\/www.santamonica.com\/wp-content\/uploads\/2024\/07\/1.-May-29-2024-Joint-Board-of-Directors-and-TMD-Committee-Meeting-Agenda.pdf\" target=\"_blank\" rel=\"noreferrer noopener\">Orden del d\u00eda<\/a> | <a href=\"https:\/\/www.santamonica.com\/wp-content\/uploads\/2024\/07\/2.-APPROVED-Meeting-Minutes-Joint-BOD-TMD-May-29-2024.pdf\" target=\"_blank\" rel=\"noreferrer noopener\">Actas<\/a><br><br>6 de marzo de 2024 \u2013 <a href=\"https:\/\/www.santamonica.com\/wp-content\/uploads\/2024\/03\/1.-March-6-2024-TMD-Committee-Meeting-Agenda.pdf\" target=\"_blank\" rel=\"noreferrer noopener\">Orden del d\u00eda<\/a> | <a href=\"https:\/\/www.santamonica.com\/wp-content\/uploads\/2024\/07\/2.-Mar-6-Special-TMD-Committee-Meeting-Minutes.pdf\" target=\"_blank\" rel=\"noreferrer noopener\">Actas<\/a><br><br>10 de mayo de 2023 \u2013 <a href=\"https:\/\/www.santamonica.com\/wp-content\/uploads\/2023\/05\/1.-May-10-2023-Joint-Board-of-Directors-and-TMD-Committee-Meeting-Agenda1.pdf\" target=\"_blank\" rel=\"noreferrer noopener\">Orden del d\u00eda<\/a> | <a href=\"https:\/\/www.santamonica.com\/wp-content\/uploads\/2024\/03\/2.-May-10-2023-Special-Annual-Joint-Board-of-Directors-TMD-Committee-Meeting-Minutes-.pdf\" target=\"_blank\" rel=\"noreferrer noopener\">Actas<\/a><br><br>18 de abril de 2023 \u2013 <a href=\"https:\/\/www.santamonica.com\/wp-content\/uploads\/2023\/05\/1.-April-18-2023-TMD-Committee-Meeting-Agenda.pdf\" target=\"_blank\" rel=\"noreferrer noopener\">Orden del d\u00eda<\/a> | <a href=\"https:\/\/www.santamonica.com\/wp-content\/uploads\/2023\/05\/2.-TMD-Meeting-Minutes-April-18-2023.pdf\" target=\"_blank\" rel=\"noreferrer noopener\">Actas<\/a><br><br>14 de febrero de 2023 \u2013 <a href=\"https:\/\/www.santamonica.com\/wp-content\/uploads\/2023\/02\/1.-February-14-2023-TMD-Committee-Meeting-Agenda.pdf\" target=\"_blank\" rel=\"noreferrer noopener\">Orden del d\u00eda<\/a> | <a href=\"https:\/\/www.santamonica.com\/wp-content\/uploads\/2023\/04\/2.February-14-2023-TMD-Meeting-Minutes.pdf\" target=\"_blank\" rel=\"noreferrer noopener\">Actas<\/a><br><br>8 de noviembre de 2022 \u2013 <a href=\"https:\/\/www.santamonica.com\/wp-content\/uploads\/2022\/11\/1.-November-8-2022-TMD-Commitee-Meeting-Agenda.pdf\">Orden del d\u00eda<\/a> | <a href=\"https:\/\/www.santamonica.com\/wp-content\/uploads\/2023\/02\/2.-November-8-2022-TMD-Meeting-Minutes.pdf\" target=\"_blank\" rel=\"noreferrer noopener\">Actas<\/a><br><br>13 de septiembre de 2022 \u2013 <a href=\"https:\/\/www.santamonica.com\/wp-content\/uploads\/2022\/09\/1.-September-13-2022-TMD-Agenda.pdf\">Orden del d\u00eda<\/a> | <a href=\"https:\/\/www.santamonica.com\/wp-content\/uploads\/2022\/11\/2.-TMD-Minutes-September-13-2022.pdf\" target=\"_blank\" rel=\"noreferrer noopener\">Actas<\/a><br><br>21 de junio de 2022 \u2013&nbsp;<a href=\"https:\/\/www.santamonica.com\/wp-content\/uploads\/2022\/08\/June-21-2022-Joint-BODTMD-Agenda.pdf\" target=\"_blank\" rel=\"noreferrer noopener\">Orden del d\u00eda<\/a> | <a href=\"https:\/\/www.santamonica.com\/wp-content\/uploads\/2022\/09\/Approved-June-21-2022-Joint-Board-TMD-Meeting-Minutes.pdf\" target=\"_blank\" rel=\"noreferrer noopener\">Actas<\/a><br><br>8 de febrero de 2022 \u2013&nbsp;<a href=\"https:\/\/www.santamonica.com\/wp-content\/uploads\/2022\/08\/February-8-2022-TMD-Agenda.pdf\" target=\"_blank\" rel=\"noreferrer noopener\">Orden del d\u00eda<\/a>&nbsp;| <a href=\"https:\/\/www.santamonica.com\/wp-content\/uploads\/2022\/08\/February-8-2022-TMD-Minutes.pdf\" target=\"_blank\" rel=\"noreferrer noopener\">Actas<\/a><\/p>\n<\/div>\n<\/div>\n\n\n<section class=\"sun-title sm-block --theme6 sm-block\">\n            <h2 class=\"sun-title__headline\">Agenda\/Actas de las reuniones del Consejo de Administraci\u00f3n<\/h2>    \n    <\/section>\n\n\n\n<div class=\"wp-block-columns is-layout-flex wp-container-core-columns-is-layout-28f84493 wp-block-columns-is-layout-flex base-block\">\n<div class=\"wp-block-column is-layout-flow wp-block-column-is-layout-flow base-block\">\n<p class=\"base-block\">18 de marzo de 2026 \u2013 <a href=\"https:\/\/www.santamonica.com\/wp-content\/uploads\/2026\/03\/3.18.26-SPECIAL-BOARD-OF-DIRECTORS-MEETING-AGENDA.pdf\" target=\"_blank\" rel=\"noreferrer noopener\">Orden del d\u00eda<\/a><br><br>14 de enero de 2026 \u2013 <a href=\"https:\/\/www.santamonica.com\/wp-content\/uploads\/2026\/01\/1.14.26-REGULAR-BOARD-OF-DIRECTORS-MEETING-AGENDA.pdf\" target=\"_blank\" rel=\"noreferrer noopener\">Orden del d\u00eda<\/a> | <a href=\"https:\/\/www.santamonica.com\/wp-content\/uploads\/2026\/03\/SMTT-BOD_1.14.26-Meeting-Minutes.pdf\" data-type=\"link\" data-id=\"https:\/\/www.santamonica.com\/wp-content\/uploads\/2026\/03\/SMTT-BOD_1.14.26-Meeting-Minutes.pdf\">Actas<\/a><br><br>12 de noviembre de 2025 \u2013 <a href=\"https:\/\/www.santamonica.com\/wp-content\/uploads\/2025\/11\/11.12-REGULAR-BOARD-OF-DIRECTORS-MEETING-AGENDA-2.pdf\" target=\"_blank\" rel=\"noreferrer noopener\">Orden del d\u00eda<\/a> | <a href=\"https:\/\/www.santamonica.com\/wp-content\/uploads\/2026\/03\/2.-11.12.25-Regular-BOD-Meeting-Minutes.pdf\" target=\"_blank\" rel=\"noreferrer noopener\">Actas<\/a><br><br>10 de septiembre de 2025 \u2013 <a href=\"https:\/\/www.santamonica.com\/wp-content\/uploads\/2025\/10\/REGULAR-BOARD-OF-DIRECTORS-MEETING-AGENDA.pdf\">Orden del d\u00eda<\/a> | <a href=\"https:\/\/www.santamonica.com\/wp-content\/uploads\/2025\/11\/9.10-BOD-Meeting-Minutes-Updated.pdf\" target=\"_blank\" rel=\"noreferrer noopener\">Actas<\/a><br><br>9 de julio de 2025 \u2013 <a href=\"https:\/\/www.santamonica.com\/wp-content\/uploads\/2025\/07\/BOARD-OF-DIRECTORS-MEETING-AGENDA-7.9.25.pdf\">Orden del d\u00eda<\/a> | <a href=\"https:\/\/www.santamonica.com\/wp-content\/uploads\/2025\/09\/7.9-BOD-Meeting-Minutes-Edits1.pdf\" target=\"_blank\" rel=\"noreferrer noopener\">Actas<\/a><br><br>4 de junio de 2025 \u2013 <a href=\"https:\/\/www.santamonica.com\/wp-content\/uploads\/2025\/06\/1.-Annual-Joint-BOD-and-TMD-Meeting-Agenda-6.4.25.pdf\" target=\"_blank\" rel=\"noreferrer noopener\">Orden del d\u00eda<\/a> | <a href=\"https:\/\/www.santamonica.com\/wp-content\/uploads\/2025\/07\/1.-Annual-Joint-BOD-and-TMD-Meeting-Agenda-6.4.25.pdf\">Actas<\/a><br><br>5 de febrero de 2025 \u2013 <a href=\"https:\/\/www.santamonica.com\/wp-content\/uploads\/2025\/02\/1.-Regular-Board-of-Directors-Meeting-Agenda-2-5-25.pdf\" target=\"_blank\" rel=\"noreferrer noopener\">Orden del d\u00eda<\/a> | <a href=\"https:\/\/www.santamonica.com\/wp-content\/uploads\/2025\/03\/2.-BOD-Meeting-Minutes-2.5.25-.pdf\">Actas<\/a><br><br>13 de noviembre de 2024 \u2013 <a href=\"https:\/\/www.santamonica.com\/wp-content\/uploads\/2025\/01\/3.-REGULAR-BOARD-OF-DIRECTORS-MEETING-AGENDA-11-13-241.pdf\" target=\"_blank\" rel=\"noreferrer noopener\">Orden del d\u00eda<\/a> | <a href=\"https:\/\/www.santamonica.com\/wp-content\/uploads\/2025\/01\/2.-Regular-Board-of-Directors-Meeting-Minutes-11.13.24-1.pdf\" target=\"_blank\" rel=\"noreferrer noopener\">Actas<\/a><br><br>18 de septiembre de 2024 \u2013 <a href=\"https:\/\/www.santamonica.com\/wp-content\/uploads\/2024\/09\/1.-BOD-Agenda-Sept-18-2024.pdf\" target=\"_blank\" rel=\"noreferrer noopener\">Orden del d\u00eda<\/a> | <a href=\"https:\/\/www.santamonica.com\/wp-content\/uploads\/2025\/01\/2.-BOD-Minutes-Sept-18-2024-11.pdf\" target=\"_blank\" rel=\"noreferrer noopener\">Actas<\/a><br><br>17 de julio de 2024 \u2013 <a href=\"https:\/\/www.santamonica.com\/wp-content\/uploads\/2024\/07\/7.17-BOD-Meeting-Agenda-approved.pdf\" target=\"_blank\" rel=\"noreferrer noopener\">Orden del d\u00eda<\/a> | <a href=\"https:\/\/www.santamonica.com\/wp-content\/uploads\/2024\/09\/2.-BOD-Minutes-July-17-2024.pdf\" target=\"_blank\" rel=\"noreferrer noopener\">Actas<\/a><br><br>29 de mayo de 2024 \u2013 <a href=\"https:\/\/www.santamonica.com\/wp-content\/uploads\/2024\/07\/1.-May-29-2024-Joint-Board-of-Directors-and-TMD-Committee-Meeting-Agenda.pdf\" target=\"_blank\" rel=\"noreferrer noopener\">Orden del d\u00eda<\/a> | <a href=\"https:\/\/www.santamonica.com\/wp-content\/uploads\/2024\/07\/2.-APPROVED-Meeting-Minutes-Joint-BOD-TMD-May-29-2024.pdf\" target=\"_blank\" rel=\"noreferrer noopener\">Actas<\/a><br><br>20 de marzo de 2024 \u2013 <a href=\"https:\/\/www.santamonica.com\/wp-content\/uploads\/2024\/03\/1.-March-20-2024-Board-of-Directors-Meeting-Agenda.pdf\" target=\"_blank\" rel=\"noreferrer noopener\">Orden del d\u00eda<\/a> | <a href=\"https:\/\/www.santamonica.com\/wp-content\/uploads\/2024\/07\/4.-BOD-Minutes-March-20-2024.pdf\" target=\"_blank\" rel=\"noreferrer noopener\">Actas<\/a><br><br>10 de enero de 2024 \u2013 <a href=\"https:\/\/www.santamonica.com\/wp-content\/uploads\/2024\/03\/1.-January-10-2024-Board-of-Directors-Meeting-Agenda.pdf\" target=\"_blank\" rel=\"noreferrer noopener\">Orden del d\u00eda<\/a> | <a href=\"https:\/\/www.santamonica.com\/wp-content\/uploads\/2024\/03\/4.-Jan-10-2024-Board-of-Directors-Meeting-Minutes.pdf\" target=\"_blank\" rel=\"noreferrer noopener\">Actas<\/a><br><\/p>\n<\/div>\n\n\n\n<div class=\"wp-block-column is-layout-flow wp-block-column-is-layout-flow base-block\">\n<p class=\"base-block\">8 de noviembre de 2023 \u2013 <a href=\"https:\/\/www.santamonica.com\/wp-content\/uploads\/2024\/03\/1.-November-8-2023-Board-of-Directors-Meeting-Agenda.pdf\" target=\"_blank\" rel=\"noreferrer noopener\">Orden del d\u00eda<\/a> | <a href=\"https:\/\/www.santamonica.com\/wp-content\/uploads\/2024\/03\/2.-Nov-8-2023-Board-of-Directors-Meeting-Minutes.pdf\" target=\"_blank\" rel=\"noreferrer noopener\">Actas<\/a><br><br>13 de septiembre de 2023 \u2013 <a href=\"https:\/\/www.santamonica.com\/wp-content\/uploads\/2024\/03\/1.-September-13-2023-Board-of-Directors-Meeting-Agenda.pdf\" target=\"_blank\" rel=\"noreferrer noopener\">Orden del d\u00eda<\/a> | <a href=\"https:\/\/www.santamonica.com\/wp-content\/uploads\/2024\/03\/2.-Sept-13-2023-Minutes.pdf\" target=\"_blank\" rel=\"noreferrer noopener\">Actas<\/a><br><br>12 de julio de 2023 \u2013 <a href=\"https:\/\/www.santamonica.com\/wp-content\/uploads\/2023\/07\/1.-July-12-2023-Board-of-Directors-Meeting-Agenda.pdf\" target=\"_blank\" rel=\"noreferrer noopener\">Orden del d\u00eda<\/a> | <a href=\"https:\/\/www.santamonica.com\/wp-content\/uploads\/2024\/03\/2.-July-12-2023-Board-of-Directors-Meeting-Minutes.pdf\" target=\"_blank\" rel=\"noreferrer noopener\">Actas<\/a><br><br>10 de mayo de 2023 \u2013 <a href=\"https:\/\/www.santamonica.com\/wp-content\/uploads\/2023\/05\/1.-May-10-2023-Joint-Board-of-Directors-and-TMD-Committee-Meeting-Agenda1.pdf\" target=\"_blank\" rel=\"noreferrer noopener\">Orden del d\u00eda<\/a> | <a href=\"https:\/\/www.santamonica.com\/wp-content\/uploads\/2023\/07\/2.-May-10-2023-Special-Annual-Joint-Board-of-Directors-TMD-Committee-Meeting-Minutes-.pdf\" target=\"_blank\" rel=\"noreferrer noopener\">Actas<\/a><br><br>8 de marzo de 2023 \u2013 <a href=\"https:\/\/www.santamonica.com\/wp-content\/uploads\/2023\/03\/1.-March-8-2023-Board-of-Directors-Agenda1.pdf\" target=\"_blank\" rel=\"noreferrer noopener\">Orden del d\u00eda<\/a> | <a href=\"https:\/\/www.santamonica.com\/wp-content\/uploads\/2023\/05\/4.-Board-of-Directors-Meeting-Minutes-March-8-2023-.pdf\" target=\"_blank\" rel=\"noreferrer noopener\">Actas<\/a><br><br>11 de enero de 2023 \u2013 <a href=\"https:\/\/www.santamonica.com\/wp-content\/uploads\/2023\/01\/1.-January-11-2023-Board-of-Directors-Agenda.pdf\" target=\"_blank\" rel=\"noreferrer noopener\">Orden del d\u00eda<\/a> | <a href=\"https:\/\/www.santamonica.com\/wp-content\/uploads\/2023\/03\/2.January-11-2023-Board-of-Directors-Meeting-Minutes.pdf\" target=\"_blank\" rel=\"noreferrer noopener\">Actas<\/a><br><br>9 de noviembre de 2022 \u2013 <a href=\"https:\/\/www.santamonica.com\/wp-content\/uploads\/2022\/11\/1.-November-9-2022-Board-of-Directors-Agenda.pdf\" target=\"_blank\" rel=\"noreferrer noopener\">Orden del d\u00eda<\/a> | <a href=\"https:\/\/www.santamonica.com\/wp-content\/uploads\/2023\/01\/2.-November-9-2022-Board-of-Directors-Meeting-Minutes.pdf\" target=\"_blank\" rel=\"noreferrer noopener\">Actas<\/a><br><br>14 de septiembre de 2022 \u2013 <a href=\"https:\/\/www.santamonica.com\/wp-content\/uploads\/2022\/09\/1.-September-14-2022-Board-of-Directors-Agenda.pdf\">Orden del d\u00eda<\/a> | <a href=\"https:\/\/www.santamonica.com\/wp-content\/uploads\/2022\/11\/2.-September-14-2022-Board-of-Directors-Meeting-Minutes.pdf\" target=\"_blank\" rel=\"noreferrer noopener\">Actas<\/a><br><br>21 de junio de 2022 \u2013&nbsp;<a href=\"https:\/\/www.santamonica.com\/wp-content\/uploads\/2022\/08\/June-21-2022-Joint-BODTMD-Agenda.pdf\" target=\"_blank\" rel=\"noreferrer noopener\">Orden del d\u00eda<\/a> | <a href=\"https:\/\/www.santamonica.com\/wp-content\/uploads\/2022\/09\/Approved-June-21-2022-Joint-Board-TMD-Meeting-Minutes.pdf\" target=\"_blank\" rel=\"noreferrer noopener\">Actas<\/a><br><br>9 de marzo de 2022 \u2013 <a href=\"https:\/\/www.santamonica.com\/wp-content\/uploads\/2022\/08\/March-9-2022-Board-Agenda.pdf\" target=\"_blank\" rel=\"noreferrer noopener\">Orden del d\u00eda<\/a> | <a href=\"https:\/\/www.santamonica.com\/wp-content\/uploads\/2022\/08\/March-9-2022-Board-Minutes.pdf\" target=\"_blank\" rel=\"noreferrer noopener\">Actas<\/a><br><br>12 de enero de 2022 \u2013&nbsp;<a href=\"https:\/\/www.santamonica.com\/wp-content\/uploads\/2022\/08\/January-12-2022-Board-Agenda.pdf\" target=\"_blank\" rel=\"noreferrer noopener\">Orden del d\u00eda<\/a> | <a href=\"https:\/\/www.santamonica.com\/wp-content\/uploads\/2022\/08\/January-12-2022-Board-Minutes.pdf\" target=\"_blank\" rel=\"noreferrer noopener\">Actas<\/a><\/p>\n<\/div>\n<\/div>\n\n\n\n<p class=\"base-block\">Para solicitar agendas y\/o actas anteriores, p\u00f3ngase en contacto con Haylee Miller, asistente ejecutiva de SMTT, enviando un correo electr\u00f3nico a <a href=\"mailto:hmiller@santamonica.com\">hmiller@santamonica.com<\/a>.<\/p>\n\n\n\n<p class=\"base-block\"><\/p>","protected":false},"excerpt":{"rendered":"<p>Younes Atallah \u2013 ChairGeneral Manager, Regent Santa Monica Beach Hotel Charlie Lopez-Quintana \u2013 Vice ChairVP &#038; Managing Director, ETC Hotels Karen Ginsberg \u2013 TreasurerResident Lauralee Asch \u2013\u00a0SecretaryResident Neil Carrey \u2013 MemberResident Darlene Evans \u2013 MemberResident Tim Defuria \u2013 MemberResident Simon Fricker \u2013 MemberGeneral Manager, Fairmont Miramar Hotel &#038; Bungalows Jeff Klocke \u2013 MemberVice President &#038; General Manager, Pacific Park Jan Williamson \u2013 MemberExecutive Director, 18th Street Arts Center Judy Kruger \u2013 Chamber LiaisonPresident &#038; CEO, Santa Monica Chamber of Commerce Younes Atallah \u2013 ChairGeneral Manager, Regent Santa Monica Beach Aileen Carreon \u2013 Vice ChairVP of Sales and Marketing, ETC Hotels [\u2026]<\/p>\n","protected":false},"author":1450,"featured_media":343000,"parent":0,"menu_order":0,"comment_status":"closed","ping_status":"closed","template":"template-editorial.php","meta":{"_acf_changed":false,"inline_featured_image":false,"footnotes":""},"silos":[3909],"class_list":["post-340025","page","type-page","status-publish","has-post-thumbnail","hentry"],"acf":[],"_links":{"self":[{"href":"https:\/\/www.santamonica.com\/es\/wp-json\/wp\/v2\/pages\/340025","targetHints":{"allow":["GET"]}}],"collection":[{"href":"https:\/\/www.santamonica.com\/es\/wp-json\/wp\/v2\/pages"}],"about":[{"href":"https:\/\/www.santamonica.com\/es\/wp-json\/wp\/v2\/types\/page"}],"author":[{"embeddable":true,"href":"https:\/\/www.santamonica.com\/es\/wp-json\/wp\/v2\/users\/1450"}],"replies":[{"embeddable":true,"href":"https:\/\/www.santamonica.com\/es\/wp-json\/wp\/v2\/comments?post=340025"}],"version-history":[{"count":243,"href":"https:\/\/www.santamonica.com\/es\/wp-json\/wp\/v2\/pages\/340025\/revisions"}],"predecessor-version":[{"id":791515,"href":"https:\/\/www.santamonica.com\/es\/wp-json\/wp\/v2\/pages\/340025\/revisions\/791515"}],"wp:featuredmedia":[{"embeddable":true,"href":"https:\/\/www.santamonica.com\/es\/wp-json\/wp\/v2\/media\/343000"}],"wp:attachment":[{"href":"https:\/\/www.santamonica.com\/es\/wp-json\/wp\/v2\/media?parent=340025"}],"wp:term":[{"taxonomy":"silos","embeddable":true,"href":"https:\/\/www.santamonica.com\/es\/wp-json\/wp\/v2\/silos?post=340025"}],"curies":[{"name":"wp","href":"https:\/\/api.w.org\/{rel}","templated":true}]}}