{"id":339968,"date":"2022-06-23T12:21:24","date_gmt":"2022-06-23T19:21:24","guid":{"rendered":"https:\/\/www.santamonica.com\/?page_id=339968"},"modified":"2025-08-21T16:23:54","modified_gmt":"2025-08-21T23:23:54","slug":"promocione-su-negocio","status":"publish","type":"page","link":"https:\/\/www.santamonica.com\/es\/partners\/promote-your-business\/","title":{"rendered":"Promocione su empresa"},"content":{"rendered":"<section class=\"image-section-break sm-block\">\n    <div class=\"image-section-break__image-wrapper\">\n                    <picture>\n                    <source\n                        media=\"(min-width: 768px)\"\n                        srcset=\"https:\/\/www.santamonica.com\/wp-content\/uploads\/2025\/06\/MainStreetVIC-hor.jpg\"\n                    >\n                    <img decoding=\"async\" src=\"https:\/\/www.santamonica.com\/wp-content\/uploads\/2025\/06\/MainStreetVIC-650x866-1.jpg\" class=\"image-section-break__image\" alt=\"\" title=\"\">\n            <\/picture>\n                \n\n    <\/div>\n    <div class=\"image-section-break__text-content\">\n        <div class=\"image-section-break__first-content --theme3\">\n                                        <h2 class=\"image-section-break__title\">Comercializaci\u00f3n<\/h2>\n                                        <div class=\"image-section-break__body-copy wysiwyg\"><p><span style=\"font-weight: 400;\">Hay varias formas de promocionarse con Santa Monica Travel &amp; Tourism:<\/span><\/p>\n<p><span style=\"font-weight: 400;\"><strong>Sitio web oficial<\/strong><\/span><\/p>\n<p><span style=\"font-weight: 400;\"><a href=\"https:\/\/www.santamonica.com\/es\/\">SantaMonica.com<\/a> ofrece informaci\u00f3n sobre alojamientos, restaurantes, tiendas, actividades y mucho m\u00e1s. Con m\u00e1s de 100 000 visitas mensuales al sitio web, es una fuente principal para los visitantes en l\u00ednea que planean sus vacaciones en Los \u00c1ngeles y la playa. Aproveche estas oportunidades gratuitas y muy promocionadas para dar a conocer su negocio en nuestro sitio web.<\/span><\/p>\n<\/div>\n                                <\/div>\n        <div class=\"image-section-break__second-content\">\n                            <div class=\"image-section-break__body-copy wysiwyg\"><p><span style=\"font-weight: 400;\"><strong>*P\u00e1ginas de listados de empresas<\/strong><\/span><\/p>\n<p><span style=\"font-weight: 400;\">Cree una p\u00e1gina de anuncios dedicada en santamonica.com a trav\u00e9s de nuestro <a href=\"https:\/\/www.santamonica.com\/es\/socios\/portal-para-socios\/\">Portal para socios<\/a>. Est\u00e1 disponible para las empresas dedicadas al turismo que cuenten con una licencia comercial de la ciudad de Santa M\u00f3nica. Las empresas pueden compartir informaci\u00f3n operativa, v\u00eddeos y fotos. Para obtener m\u00e1s informaci\u00f3n, env\u00ede un correo electr\u00f3nico a <a href=\"mailto:partnerportal@santamonica.com\">partnerportal@santamonica.com<\/a> o llame al 310-319-6263.<\/span><\/p>\n<p><span style=\"font-weight: 400;\"><strong>Publicidad<\/strong><\/span><\/p>\n<p><span style=\"font-weight: 400;\">Para solicitar informaci\u00f3n sobre oportunidades publicitarias en la Gu\u00eda y mapa oficial para visitantes de Santa M\u00f3nica, en santamonica.com, en redes sociales y otras oportunidades directas para visitantes, p\u00f3ngase en contacto con <a href=\"mailto:marketing@santamonica.com\">marketing@santamonica.com<\/a>.<\/span><\/p>\n<\/div>\n                                <\/div>\n    <\/div>\n<\/section>\n\n\n\n<div class=\"wp-block-columns is-layout-flex wp-container-core-columns-is-layout-28f84493 wp-block-columns-is-layout-flex base-block\">\n<div class=\"wp-block-column is-layout-flow wp-block-column-is-layout-flow base-block\">\n<p class=\"base-block\"><strong>*Ofertas de acciones<\/strong><\/p>\n\n\n\n<p class=\"base-block\">Recopilamos constantemente ofertas y promociones especiales para los visitantes con el fin de dar a conocer las ofertas comerciales actuales. Por favor, rellene este formulario. <a href=\"https:\/\/www.santamonica.com\/es\/formulario-de-envio-de-ofertas-especiales-para-empresas\/\">formulario en l\u00ednea<\/a> para que podamos promocionar sus ofertas especiales en nuestras p\u00e1ginas de destino espec\u00edficas y canales de redes sociales. Si tiene que realizar cambios en su oferta una vez enviada, env\u00edenos un correo electr\u00f3nico a <a href=\"mailto:marketing@santamonica.com\">marketing@santamonica.com<\/a>.<\/p>\n<\/div>\n\n\n\n<div class=\"wp-block-column is-layout-flow wp-block-column-is-layout-flow base-block\">\n<p class=\"base-block\"><strong>*Promocionar eventos<\/strong><\/p>\n\n\n\n<p class=\"base-block\">El calendario de eventos es una de las p\u00e1ginas m\u00e1s visitadas de SantaMonica.com. Se invita a las empresas a enviar eventos para incluirlos en el calendario. Nota: pueden aplicarse algunas exclusiones. Consulte los requisitos de los eventos en la parte inferior del formulario de env\u00edo. <a href=\"https:\/\/www.santamonica.com\/es\/events-listing\/comunidad\/agregar\/\">Env\u00eda un evento.<\/a><\/p>\n<\/div>\n\n\n\n<div class=\"wp-block-column is-layout-flow wp-block-column-is-layout-flow base-block\">\n<p class=\"base-block\"><strong>*Planificador de viajes<\/strong><\/p>\n\n\n\n<p class=\"base-block\">Los visitantes en l\u00ednea pueden utilizar un planificador interactivo que les ayudar\u00e1 a planificar un viaje a Santa M\u00f3nica, recomend\u00e1ndoles restaurantes, tiendas y actividades en funci\u00f3n de sus intereses. Para aparecer en esta herramienta, actualice su perfil en el sitio web de SMTT y actualice su p\u00e1gina con la informaci\u00f3n m\u00e1s reciente, promociones, fotos y contenido de video.<\/p>\n<\/div>\n<\/div>\n\n\n\n<div class=\"wp-block-columns is-layout-flex wp-container-core-columns-is-layout-28f84493 wp-block-columns-is-layout-flex base-block\">\n<div class=\"wp-block-column is-layout-flow wp-block-column-is-layout-flow base-block\">\n<p class=\"base-block\">*<strong>Visitas virtuales en 360\u00b0<\/strong><\/p>\n\n\n\n<p class=\"base-block\">SMTT se ha asociado con Threshold 360 para realizar un recorrido virtual por su negocio tur\u00edstico sin costo alguno para usted. Las im\u00e1genes se muestran en la p\u00e1gina de su negocio en nuestro sitio web, en su ficha de Google My Business y en las presentaciones de SMTT. <a href=\"https:\/\/www.threshold360.com\/schedule\" target=\"_blank\" rel=\"noreferrer noopener\">Programa ahora.<\/a> Si tiene alguna pregunta, env\u00ede un correo electr\u00f3nico a <a href=\"mailto:marketing@santamonica.com\">marketing@santamonica.com<\/a>.<\/p>\n<\/div>\n\n\n\n<div class=\"wp-block-column is-layout-flow wp-block-column-is-layout-flow base-block\">\n<p class=\"base-block\"><strong>*Redes sociales<\/strong><\/p>\n\n\n\n<p class=\"base-block\">SMTT se complace en aprovechar nuestras plataformas de redes sociales para destacar los eventos y\/o la cobertura medi\u00e1tica que recibe su empresa. Publique, etiquete o env\u00ede un correo electr\u00f3nico. <a href=\"mailto:media@santamonica.com\">media@santamonica.com<\/a> tus eventos y cobertura para oportunidades promocionales a trav\u00e9s de nuestra presencia en el destino en <a href=\"https:\/\/www.instagram.com\/seesantamonica\/\" target=\"_blank\" rel=\"noreferrer noopener\">Instagram<\/a>, <a href=\"https:\/\/www.facebook.com\/visitsantamonica\" target=\"_blank\" rel=\"noreferrer noopener\">Facebook<\/a>, <a href=\"https:\/\/twitter.com\/GoSantaMonica\" target=\"_blank\" rel=\"noopener\">X<\/a> (antes conocido como Twitter) y <a href=\"https:\/\/www.youtube.com\/user\/TravelSantaMonica\" target=\"_blank\" rel=\"noreferrer noopener\">YouTube<\/a>.<\/p>\n<\/div>\n\n\n\n<div class=\"wp-block-column is-layout-flow wp-block-column-is-layout-flow base-block\">\n<p class=\"base-block\"><strong>*Contenido generado por los usuarios<\/strong><\/p>\n\n\n\n<p class=\"base-block\">SMTT invita a nuestros socios locales a enviar fotos de sus negocios para su posible publicaci\u00f3n en las cuentas de redes sociales de SMTT y\/o en SantaMonica.com. Las fotos deben: ser de alta resoluci\u00f3n; estar en su formato original (es decir, sin filtros); parecer espont\u00e1neas y aut\u00e9nticas, como si pudieran ser contenido generado por otros usuarios (UGC). <a href=\"https:\/\/upload.crowdriff.com\/santa-monica-ugc\" target=\"_blank\" rel=\"noreferrer noopener\">Env\u00eda tus fotos aqu\u00ed.<\/a><\/p>\n<\/div>\n<\/div>\n\n\n\n<section class=\"image-section-break sm-block\">\n    <div class=\"image-section-break__image-wrapper\">\n                    <picture>\n                    <source\n                        media=\"(min-width: 768px)\"\n                        srcset=\"https:\/\/www.santamonica.com\/wp-content\/uploads\/2022\/07\/Santa-Monica-Viceroy-Sugar-Palm_1656x574.png\"\n                    >\n                    <img decoding=\"async\" src=\"https:\/\/www.santamonica.com\/wp-content\/uploads\/2022\/07\/Santa-Monica-Viceroy-Sugar-Palm_650x866.png\" class=\"image-section-break__image\" alt=\"Comida en grupo al aire libre en un d\u00eda soleado en Sugar Palm, en el hotel Viceroy de Santa M\u00f3nica.\" title=\"\">\n            <\/picture>\n                \n\n            <div class=\"img-lctn-tag --no-link image-section-break__image-caption --right\">Palma de az\u00facar<\/div>\n        <\/div>\n    <div class=\"image-section-break__text-content\">\n        <div class=\"image-section-break__first-content --theme3\">\n                                        <h2 class=\"image-section-break__title\">Relaciones P\u00fablicas<\/h2>\n                                        <div class=\"image-section-break__body-copy wysiwyg\"><p><span style=\"font-weight: 400;\"><strong>Visitas de familiarizaci\u00f3n (FAM) y visitas de los medios de comunicaci\u00f3n<\/strong><\/span><\/p>\n<p><span style=\"font-weight: 400;\">Aumente sus menciones en los medios de comunicaci\u00f3n invitando a medios cualificados para que conozcan su negocio. SMTT tambi\u00e9n ofrece formas de participar en visitas FAM \u201cvirtuales\u201d a su propiedad o negocio.<\/span><\/p>\n<p><span style=\"font-weight: 400;\"><strong>*Cobertura medi\u00e1tica<\/strong><\/span><\/p>\n<p><span style=\"font-weight: 400;\">El equipo de Relaciones P\u00fablicas de SMTT trabaja para garantizar <a href=\"https:\/\/www.santamonica.com\/es\/medios-de-comunicacion\/articulo-de-prensa\/\">cobertura medi\u00e1tica<\/a> en el destino mediante diversas estrategias.\u00a0<\/span><\/p>\n<\/div>\n                                <\/div>\n        <div class=\"image-section-break__second-content\">\n                            <div class=\"image-section-break__body-copy wysiwyg\"><p><span style=\"font-weight: 400;\"><strong>*Comunicados de prensa y presentaciones<\/strong><\/span><\/p>\n<p><span style=\"font-weight: 400;\">Env\u00ede informaci\u00f3n, fotos y comunicados de prensa o noticias actuales sobre su negocio para que se incluyan en nuevas propuestas y art\u00edculos en desarrollo que SMTT utiliza para generar inter\u00e9s medi\u00e1tico en Santa M\u00f3nica como destino tur\u00edstico de primer orden.\u00a0<\/span><\/p>\n<p><span style=\"font-weight: 400;\">Para obtener m\u00e1s informaci\u00f3n o consultar sobre oportunidades en relaciones p\u00fablicas, env\u00ede un correo electr\u00f3nico a <\/span><a href=\"mailto:media@santamonica.com\"><strong>media@santamonica.com<\/strong><\/a><span style=\"font-weight: 400;\">.<\/span><\/p>\n<\/div>\n                                <\/div>\n    <\/div>\n<\/section>\n\n\n\n<section class=\"image-section-break sm-block\">\n    <div class=\"image-section-break__image-wrapper\">\n                    <picture>\n                    <source\n                        media=\"(min-width: 768px)\"\n                        srcset=\"https:\/\/www.santamonica.com\/wp-content\/uploads\/2022\/07\/Santa-Monica-IPW-Booth-2022-1656x574-1.png\"\n                    >\n                    <img decoding=\"async\" src=\"https:\/\/www.santamonica.com\/wp-content\/uploads\/2022\/07\/Santa-Monica-IPW-Booth-2022-650x866-1.png\" class=\"image-section-break__image\" alt=\"Stand de Santa M\u00f3nica en la IPW de 2022.\" title=\"\">\n            <\/picture>\n                \n\n    <\/div>\n    <div class=\"image-section-break__text-content\">\n        <div class=\"image-section-break__first-content --theme3\">\n                                        <h2 class=\"image-section-break__title\">Ventas<\/h2>\n                                        <div class=\"image-section-break__body-copy wysiwyg\"><p><span style=\"font-weight: 400;\">El equipo de ventas ofrece diversas formas de promocionar su negocio ante un p\u00fablico m\u00e1s amplio:<\/span><\/p>\n<p><span style=\"font-weight: 400;\"><strong>*Oportunidades de negocio y contactos en el sector<\/strong><\/span><\/p>\n<p><span style=\"font-weight: 400;\">Reciba clientes potenciales cualificados para noches de hotel para grupos, espacios para eventos, cenas para grupos y actividades fuera del hotel. Obtenga acceso directo a reuniones, conferencias y oportunidades de actividades para grupos. Si tiene alguna pregunta o desea m\u00e1s informaci\u00f3n, env\u00ede un correo electr\u00f3nico a <a href=\"mailto:meet@santamonica.com\">meet@santamonica.com<\/a>.<\/span><\/p>\n<p><span style=\"font-weight: 400;\"><strong>Misiones comerciales y ferias comerciales<\/strong><\/span><\/p>\n<p><span style=\"font-weight: 400;\">Trabajamos con operadores tur\u00edsticos, agencias de viajes y profesionales del sector de reuniones e incentivos, tanto a nivel nacional como internacional, para promocionar Santa M\u00f3nica como un destino de primer nivel para negocios y ocio. SMTT ofrece a las empresas locales la oportunidad de participar en misiones y ferias. <a href=\"https:\/\/www.santamonica.com\/es\/socios\/formulario-de-oportunidades-de-colaboracion\/\">Vea las pr\u00f3ximas oportunidades.<\/a><\/span><\/p>\n<\/div>\n                                <\/div>\n        <div class=\"image-section-break__second-content\">\n                            <div class=\"image-section-break__body-copy wysiwyg\"><p><span style=\"font-weight: 400;\"><strong>Viajes de familiarizaci\u00f3n (FAM)<\/strong><\/span><\/p>\n<p><span class=\"s1\">SMTT se enorgullece de colaborar con empresas tur\u00edsticas acreditadas de Santa M\u00f3nica a trav\u00e9s de viajes de familiarizaci\u00f3n (FAM). Los FAM est\u00e1n dise\u00f1ados para que los participantes, desde agentes de viajes hasta periodistas e influencers, experimenten de primera mano lo que Santa M\u00f3nica tiene para ofrecer, lo que les permite promocionar y vender mejor la ciudad a sus clientes, lectores de publicaciones, seguidores en redes sociales y m\u00e1s. SMTT organiza el tour FAM de principio a fin y colabora con empresas locales para ofrecer a los participantes experiencias gratuitas o con descuento durante su estancia en la ciudad. Los tours FAM ofrecen a las empresas participantes la oportunidad no solo de darse a conocer y establecer relaciones, sino tambi\u00e9n de mostrar sus productos y experiencias m\u00e1s recientes, entre otras cosas.\u00a0<\/span><span style=\"font-weight: 400;\">Si tiene alguna pregunta o desea obtener m\u00e1s informaci\u00f3n, env\u00ede un correo electr\u00f3nico a <a title=\"mailto:clientservices@santamonica.com\" contenteditable=\"false\" href=\"mailto:clientservices@santamonica.com\">clientservices@santamonica.com<\/a>.<\/span><\/p>\n<\/div>\n                                <\/div>\n    <\/div>\n<\/section>\n\n\n\n<section class=\"image-section-break sm-block\">\n    <div class=\"image-section-break__image-wrapper\">\n                    <picture>\n                    <source\n                        media=\"(min-width: 768px)\"\n                        srcset=\"https:\/\/www.santamonica.com\/wp-content\/uploads\/2022\/07\/Santa-Monica-Pier-Aerial-1656x574-1.png\"\n                    >\n                    <img decoding=\"async\" src=\"https:\/\/www.santamonica.com\/wp-content\/uploads\/2022\/07\/Santa-Monica-Pier-Aerial-650x866-1.png\" class=\"image-section-break__image\" alt=\"Vista a\u00e9rea del muelle de Santa M\u00f3nica y Pacific Park.\" title=\"\">\n            <\/picture>\n                \n\n            <div class=\"img-lctn-tag --no-link image-section-break__image-caption --right\">Muelle de Santa M\u00f3nica<\/div>\n        <\/div>\n    <div class=\"image-section-break__text-content\">\n        <div class=\"image-section-break__first-content --theme3\">\n                                        <h2 class=\"image-section-break__title\">Servicios<\/h2>\n                                        <div class=\"image-section-break__body-copy wysiwyg\"><p><span style=\"font-weight: 400;\">*<strong>Soy Santa M\u00f3nica<\/strong><\/span><\/p>\n<p><span style=\"font-weight: 400;\">Un taller para quienes est\u00e9n interesados en aprender m\u00e1s sobre la ciudad en la que trabajan y viven. <a href=\"https:\/\/www.santamonica.com\/es\/soy-santa-monica\/\">M\u00e1s informaci\u00f3n<\/a> sobre c\u00f3mo convertirse en embajador oficial de informaci\u00f3n.<\/span><\/p>\n<p><span style=\"font-weight: 400;\">*<strong>Talleres y eventos educativos<\/strong><\/span><\/p>\n<p><span style=\"font-weight: 400;\">Mesas redondas para ense\u00f1ar a las empresas locales c\u00f3mo maximizar sus actividades tur\u00edsticas y de negocios grupales. Adem\u00e1s, SMTT organiza diversos eventos a lo largo del a\u00f1o que le permiten establecer contactos con profesionales del sector local. Si tiene alguna pregunta o desea m\u00e1s informaci\u00f3n, env\u00ede un correo electr\u00f3nico a <a href=\"mailto:clientservices@santamonica.com\">clientservices@santamonica.com<\/a>.<\/span><\/p>\n<\/div>\n                                <\/div>\n        <div class=\"image-section-break__second-content\">\n                            <div class=\"image-section-break__body-copy wysiwyg\"><p><span style=\"font-weight: 400;\">*<strong>Premio Thelma Parks al Esp\u00edritu Tur\u00edstico<\/strong><\/span><\/p>\n<p><span style=\"font-weight: 400;\">Nomina a un empleado para el premio de Santa M\u00f3nica. <a href=\"https:\/\/www.santamonica.com\/es\/premio-al-espiritu\/\">Premio Thelma Parks al Esp\u00edritu Tur\u00edstico<\/a> para su reconocimiento en nuestra <a href=\"https:\/\/www.santamonica.com\/es\/cumbre-de-turismo-y-viajes\/\">Cumbre de Turismo<\/a>.<\/span><\/p>\n<p><span style=\"font-weight: 400;\">*<strong>Gu\u00edas y mapas oficiales para visitantes de Santa M\u00f3nica<\/strong><\/span><\/p>\n<p><span style=\"font-weight: 400;\">Para ofrecer a nuestros visitantes gu\u00edas y mapas de forma gratuita como servicio a sus clientes, env\u00ede un correo electr\u00f3nico a <a href=\"mailto:marketing@santamonica.com\">marketing@santamonica.com<\/a> o llame al 310-319-6263. Tambi\u00e9n hay disponibles soportes de mostrador con la marca para exhibir los mapas de forma gratuita. <a href=\"https:\/\/www.santamonica.com\/es\/solicitar-guia-para-visitantes-de-santa-monica\/\">Descargar o ver<\/a> la Gu\u00eda del visitante y el mapa.<\/span><\/p>\n<\/div>\n                                <\/div>\n    <\/div>\n<\/section>","protected":false},"excerpt":{"rendered":"<p>*Share Offers We are constantly collecting specials and deals for visitors to help spread the word about current business offerings. Please fill out this online form so we can help [&hellip;]<\/p>\n","protected":false},"author":1421,"featured_media":336928,"parent":0,"menu_order":0,"comment_status":"closed","ping_status":"closed","template":"template-editorial.php","meta":{"_acf_changed":false,"inline_featured_image":false,"footnotes":""},"silos":[3910],"class_list":["post-339968","page","type-page","status-publish","has-post-thumbnail","hentry"],"acf":[],"_links":{"self":[{"href":"https:\/\/www.santamonica.com\/es\/wp-json\/wp\/v2\/pages\/339968","targetHints":{"allow":["GET"]}}],"collection":[{"href":"https:\/\/www.santamonica.com\/es\/wp-json\/wp\/v2\/pages"}],"about":[{"href":"https:\/\/www.santamonica.com\/es\/wp-json\/wp\/v2\/types\/page"}],"author":[{"embeddable":true,"href":"https:\/\/www.santamonica.com\/es\/wp-json\/wp\/v2\/users\/1421"}],"replies":[{"embeddable":true,"href":"https:\/\/www.santamonica.com\/es\/wp-json\/wp\/v2\/comments?post=339968"}],"version-history":[{"count":127,"href":"https:\/\/www.santamonica.com\/es\/wp-json\/wp\/v2\/pages\/339968\/revisions"}],"predecessor-version":[{"id":771374,"href":"https:\/\/www.santamonica.com\/es\/wp-json\/wp\/v2\/pages\/339968\/revisions\/771374"}],"wp:featuredmedia":[{"embeddable":true,"href":"https:\/\/www.santamonica.com\/es\/wp-json\/wp\/v2\/media\/336928"}],"wp:attachment":[{"href":"https:\/\/www.santamonica.com\/es\/wp-json\/wp\/v2\/media?parent=339968"}],"wp:term":[{"taxonomy":"silos","embeddable":true,"href":"https:\/\/www.santamonica.com\/es\/wp-json\/wp\/v2\/silos?post=339968"}],"curies":[{"name":"wp","href":"https:\/\/api.w.org\/{rel}","templated":true}]}}