{"id":339940,"date":"2022-06-20T21:02:10","date_gmt":"2022-06-21T04:02:10","guid":{"rendered":"https:\/\/www.santamonica.com\/?page_id=339940"},"modified":"2025-06-11T19:31:17","modified_gmt":"2025-06-12T02:31:17","slug":"cumbre-de-turismo-y-viajes","status":"publish","type":"page","link":"https:\/\/www.santamonica.com\/es\/travel-tourism-summit\/","title":{"rendered":"16.\u00aa Cumbre Anual de Turismo"},"content":{"rendered":"<section class=\"sun-title sm-block --theme6 --2col sm-block\">\n            <h3 class=\"sun-title__headline\">Detalles del evento<\/h3>    \n            <div class=\"sun-title__body  --2col wysiwyg\">\n                    <div class=\"column-1\">\n                <h5><strong>Cuando<\/strong><\/h5>\n<p>Jueves, 12 de junio de 2025<br \/>\n2:00 p. m. \u2013 5:00 p. m.<\/p>\n<h5>\u00bfD\u00f3nde?<\/h5>\n<p>Club de playa Jonathan<br \/>\n850 Palisades Beach Rd.<br \/>\nSanta Monica, CA 90403<\/p>\n<h5>Vestimenta<\/h5>\n<p>Ropa de resort<\/p>\n                            <\/div>\n            <div class=\"column-2\">\n                <h5>Aspectos destacados del programa<\/h5>\n<div class=\"column-1\">\n<ul>\n<li>Oradora principal: Caroline Beteta, presidenta y directora ejecutiva de Visit California.<\/li>\n<li>Previsiones de viaje y actualizaciones econ\u00f3micas.<\/li>\n<li>Actualizaciones del mercado internacional con representantes de SMTT de Australia\/Nueva Zelanda, Canad\u00e1, Francia, Alemania y Reino Unido\/Irlanda.<\/li>\n<li>Actualizaciones de Geoff Freeman, presidente y director ejecutivo de la Asociaci\u00f3n de Viajes de Estados Unidos.<\/li>\n<li>Actualizaciones de Erin Francis-Cummings, presidenta y directora ejecutiva de Future Partners.<\/li>\n<li>Panel de expertos de la industria tur\u00edstica con la participaci\u00f3n de:\n<ul>\n<li>Rachel Michelin, presidenta y directora ejecutiva de la Asociaci\u00f3n de Minoristas de California<\/li>\n<li>Jot Condie, presidente y director ejecutivo de la Asociaci\u00f3n de Restaurantes de California<\/li>\n<li>Lynn Mohrfeld, presidenta y directora ejecutiva de la Asociaci\u00f3n de Hoteles y Alojamientos de California<\/li>\n<\/ul>\n<\/li>\n<\/ul>\n<\/div>\n                            <\/div>\n            <\/div>\n    <\/section>\n\n\n\n<section class=\"two-images container-max sm-block --flip sm-block\">\n    <div class=\"two-images__container --flip\">\n\n        <div class=\"two-images__column\">\n            <div class=\"two-images__content\">\n                <div class=\"two-images__content-header-container\">\n                                            <h1 class=\"two-images__content-header\">Nomina al ganador del Premio Thelma Parks al Esp\u00edritu Tur\u00edstico de este a\u00f1o.<\/h1>                                    <\/div>\n                                    <div class=\"two-images__content-body wysiwyg\">\n                        <p data-start=\"32\" data-end=\"181\"><strong>*El plazo de presentaci\u00f3n de solicitudes finaliz\u00f3 el lunes 1 de junio.*<\/strong><\/p>\n<p class=\"\" data-start=\"32\" data-end=\"181\">\u00bfConoce a alguien que hace que Santa M\u00f3nica sea inolvidable para los visitantes? Reconozca su excelente servicio con el <strong data-start=\"141\" data-end=\"179\"><a href=\"https:\/\/www.santamonica.com\/es\/reserva-tu-lugar-en-la-cumbre-de-turismo-2025\/\">Premio Thelma Parks al Esp\u00edritu Tur\u00edstico<\/a><\/strong>Este premio reconoce a los profesionales del sector hotelero m\u00e1s destacados, tanto directivos como no directivos, nominados por empresas, compa\u00f1eros de trabajo y visitantes.<\/p>\n<p class=\"\" data-start=\"326\" data-end=\"489\">Este premio, que lleva el nombre de Thelma Parks, una querida empleada de Santa Monica Travel &amp; Tourism durante 23 a\u00f1os, celebra la excelencia, la innovaci\u00f3n y el compromiso en nuestro sector. Un comit\u00e9 formado por l\u00edderes del sector seleccionar\u00e1 a los ganadores, que ser\u00e1n homenajeados en <strong data-start=\"567\" data-end=\"619\">12 de junio en la 16.\u00aa Cumbre Anual de Turismo de 2025<\/strong>, en colaboraci\u00f3n con la C\u00e1mara de Comercio de Santa M\u00f3nica.<\/p>\n                    <\/div>\n                                            <\/div>\n        <\/div>\n\n        <div class=\"two-images__column\">\n                            <div class=\"two-images__image-container\">\n                    <img decoding=\"async\" width=\"424\" height=\"504\" src=\"https:\/\/www.santamonica.com\/wp-content\/uploads\/2024\/05\/2024-Santa-Monica-Thelma-Parks-Tourism-Spirit-Award-Winner-Ramon-Jimenez-Bravo.png\" class=\"two-images__image\" alt=\"\" loading=\"lazy\" srcset=\"https:\/\/www.santamonica.com\/wp-content\/uploads\/2024\/05\/2024-Santa-Monica-Thelma-Parks-Tourism-Spirit-Award-Winner-Ramon-Jimenez-Bravo.png 424w, https:\/\/www.santamonica.com\/wp-content\/uploads\/2024\/05\/2024-Santa-Monica-Thelma-Parks-Tourism-Spirit-Award-Winner-Ramon-Jimenez-Bravo-252x300.png 252w, https:\/\/www.santamonica.com\/wp-content\/uploads\/2024\/05\/2024-Santa-Monica-Thelma-Parks-Tourism-Spirit-Award-Winner-Ramon-Jimenez-Bravo-126x150.png 126w\" sizes=\"auto, (max-width: 424px) 100vw, 424px\" title=\"\">                    \n\n                <\/div>\n                    <\/div>\n\n        <div class=\"two-images__column\">\n                            <div class=\"two-images__image-container\">\n                    <img decoding=\"async\" width=\"600\" height=\"564\" src=\"https:\/\/www.santamonica.com\/wp-content\/uploads\/2024\/05\/Untitled-design-52.jpg\" class=\"two-images__image\" alt=\"\" loading=\"lazy\" srcset=\"https:\/\/www.santamonica.com\/wp-content\/uploads\/2024\/05\/Untitled-design-52.jpg 600w, https:\/\/www.santamonica.com\/wp-content\/uploads\/2024\/05\/Untitled-design-52-300x282.jpg 300w, https:\/\/www.santamonica.com\/wp-content\/uploads\/2024\/05\/Untitled-design-52-160x150.jpg 160w\" sizes=\"auto, (max-width: 600px) 100vw, 600px\" title=\"\">                    \n\n                <\/div>\n                    <\/div>\n\n    <\/div>\n<\/section>\n\n\n<section class=\"sun-title sm-block --theme6 --2col sm-block\" id=\"directions\">\n            <h2 class=\"sun-title__headline\">Indicaciones<\/h2>    \n            <div class=\"sun-title__body  --2col wysiwyg\">\n                    <div class=\"column-1\">\n                <p style=\"font-weight: 400;\"><strong>Desde el Aeropuerto Internacional de Los \u00c1ngeles (LAX)<br \/>\n<\/strong>Tome la autopista I-405 N hacia Santa M\u00f3nica.<br \/>\nTome la I-10 W hacia Santa M\u00f3nica.<br \/>\nContin\u00fae por la CA-1 N.<br \/>\nGire a la izquierda hacia el club.<\/p>\n<p style=\"font-weight: 400;\"><strong>Desde el norte de Santa M\u00f3nica<br \/>\n<\/strong>Tome la autopista US-101 S.<br \/>\nTome la I-405 S hacia Santa M\u00f3nica.<br \/>\nTome la I-10 W hacia Santa M\u00f3nica.<br \/>\nContin\u00fae por la CA-1 N.<br \/>\nGire a la izquierda hacia el club.<\/p>\n                            <\/div>\n            <div class=\"column-2\">\n                <p><strong>Desde el sur de Santa M\u00f3nica<br \/>\n<\/strong>Tome la autopista I-405 N hacia Santa M\u00f3nica.<br \/>\nTome la I-10 W hacia Santa M\u00f3nica.<br \/>\nContin\u00fae por la CA-1 N.<br \/>\nGire a la izquierda hacia el club.<\/p>\n<p style=\"font-weight: 400;\"><strong>Desde el este de Santa M\u00f3nica<br \/>\n<\/strong>Tome la I-10 W hacia Santa M\u00f3nica.<br \/>\nContin\u00fae por la CA-1 N.<br \/>\nGire a la izquierda hacia el club.<\/p>\n                            <\/div>\n            <\/div>\n    <\/section>\n\n\n<section class=\"sun-title sm-block --theme6 sm-block\" id=\"directions\">\n            <h2 class=\"sun-title__headline\">Estacionamiento<\/h2>    \n            <div class=\"sun-title__body  wysiwyg\">\n                    <p>Hay estacionamiento disponible en North Lot 8, en 772-798 Pacific Coast Hwy, Santa M\u00f3nica, CA 90403.<br \/>\nAseg\u00farate de informar al asistente que vas a asistir a la Cumbre de Turismo de Santa M\u00f3nica cuando llegues.<\/p>\n                        <\/div>\n    <\/section>\n\n\n\n<section class=\"image-section-break sm-block\">\n    <div class=\"image-section-break__image-wrapper\">\n                    <picture>\n                    <source\n                        media=\"(min-width: 768px)\"\n                        srcset=\"https:\/\/www.santamonica.com\/wp-content\/uploads\/2022\/06\/santa-monica-speaker-scaled.jpg\"\n                    >\n                    <img decoding=\"async\" src=\"https:\/\/www.santamonica.com\/wp-content\/uploads\/2022\/06\/Santa-monica-speaker-at-event.jpg\" class=\"image-section-break__image\" alt=\"\" title=\"\">\n            <\/picture>\n                \n\n    <\/div>\n    <div class=\"image-section-break__text-content\">\n        <div class=\"image-section-break__first-content --theme3\">\n                                        <h2 class=\"image-section-break__title\">Orador principal<\/h2>\n                                            <\/div>\n        <div class=\"image-section-break__second-content\">\n                                <\/div>\n    <\/div>\n<\/section>\n\n\n<section class=\"sun-title sm-block --theme1 --2col sm-block\" id=\"caroline\">\n            <h5 class=\"sun-title__headline\">Caroline Beteta, Visita California<\/h5>    \n            <div class=\"sun-title__body  --2col wysiwyg\">\n                    <div class=\"column-1\">\n                <p>Caroline Beteta es presidenta y directora ejecutiva de Visit California, una organizaci\u00f3n sin fines de lucro creada para promocionar California como destino tur\u00edstico de primer orden con el fin de aumentar la participaci\u00f3n del estado en los ingresos relacionados con el turismo. Al mismo tiempo, es asesora estrat\u00e9gica de la Oficina de Desarrollo Empresarial y Econ\u00f3mico del Gobernador (GO-Biz). Beteta es responsable de implementar el programa de marketing global de Visit California en nombre de los 21,000 inversionistas de la organizaci\u00f3n y es la portavoz principal de la industria tur\u00edstica de California. Durante su mandato, ha supervisado una d\u00e9cada de crecimiento de la industria tur\u00edstica de California, que alcanz\u00f3 su punto \u00e1lgido en 2019 con un beneficio econ\u00f3mico r\u00e9cord de $144 900 millones de d\u00f3lares para el estado. Ha impulsado el crecimiento de Visit California hasta convertirla en una franquicia de marketing global y ha contribuido a la recuperaci\u00f3n de los viajes y el turismo tras numerosas crisis naturales y econ\u00f3micas.<\/p>\n<p>Caroline ha recibido numerosos premios por su trabajo creativo y su liderazgo en la industria del turismo, entre ellos su incorporaci\u00f3n al Sal\u00f3n de L\u00edderes de la Asociaci\u00f3n de Turismo de Estados Unidos.<\/p>\n<p>Caroline es licenciada en Relaciones Internacionales por la Universidad de California, Los \u00c1ngeles, y tiene un m\u00e1ster en Administraci\u00f3n P\u00fablica\/Asuntos Intergubernamentales por la Universidad del Sur de California. Tambi\u00e9n ha completado el Programa Ejecutivo de Gesti\u00f3n de Marketing de la Escuela de Negocios de Stanford.<\/p>\n                            <\/div>\n            <div class=\"column-2\">\n                <p><img decoding=\"async\" class=\"aligncenter wp-image-380254 size-full\" src=\"https:\/\/www.santamonica.com\/wp-content\/uploads\/2023\/05\/Caroline-Beteta-Web.jpg\" alt=\"\" width=\"300\" height=\"350\" srcset=\"https:\/\/www.santamonica.com\/wp-content\/uploads\/2023\/05\/Caroline-Beteta-Web.jpg 300w, https:\/\/www.santamonica.com\/wp-content\/uploads\/2023\/05\/Caroline-Beteta-Web-257x300.jpg 257w, https:\/\/www.santamonica.com\/wp-content\/uploads\/2023\/05\/Caroline-Beteta-Web-129x150.jpg 129w\" sizes=\"(max-width: 300px) 100vw, 300px\" title=\"\"><\/p>\n                            <\/div>\n            <\/div>\n    <\/section>","protected":false},"excerpt":{"rendered":"","protected":false},"author":1450,"featured_media":765699,"parent":0,"menu_order":0,"comment_status":"closed","ping_status":"closed","template":"template-editorial.php","meta":{"_acf_changed":false,"inline_featured_image":false,"footnotes":""},"silos":[],"class_list":["post-339940","page","type-page","status-publish","has-post-thumbnail","hentry"],"acf":[],"_links":{"self":[{"href":"https:\/\/www.santamonica.com\/es\/wp-json\/wp\/v2\/pages\/339940","targetHints":{"allow":["GET"]}}],"collection":[{"href":"https:\/\/www.santamonica.com\/es\/wp-json\/wp\/v2\/pages"}],"about":[{"href":"https:\/\/www.santamonica.com\/es\/wp-json\/wp\/v2\/types\/page"}],"author":[{"embeddable":true,"href":"https:\/\/www.santamonica.com\/es\/wp-json\/wp\/v2\/users\/1450"}],"replies":[{"embeddable":true,"href":"https:\/\/www.santamonica.com\/es\/wp-json\/wp\/v2\/comments?post=339940"}],"version-history":[{"count":272,"href":"https:\/\/www.santamonica.com\/es\/wp-json\/wp\/v2\/pages\/339940\/revisions"}],"predecessor-version":[{"id":778156,"href":"https:\/\/www.santamonica.com\/es\/wp-json\/wp\/v2\/pages\/339940\/revisions\/778156"}],"wp:featuredmedia":[{"embeddable":true,"href":"https:\/\/www.santamonica.com\/es\/wp-json\/wp\/v2\/media\/765699"}],"wp:attachment":[{"href":"https:\/\/www.santamonica.com\/es\/wp-json\/wp\/v2\/media?parent=339940"}],"wp:term":[{"taxonomy":"silos","embeddable":true,"href":"https:\/\/www.santamonica.com\/es\/wp-json\/wp\/v2\/silos?post=339940"}],"curies":[{"name":"wp","href":"https:\/\/api.w.org\/{rel}","templated":true}]}}