{"id":339851,"date":"2022-06-17T10:05:48","date_gmt":"2022-06-17T17:05:48","guid":{"rendered":"https:\/\/www.santamonica.com\/?page_id=339851"},"modified":"2025-05-07T16:48:44","modified_gmt":"2025-05-07T23:48:44","slug":"cabanas-de-piscina","status":"publish","type":"page","link":"https:\/\/www.santamonica.com\/es\/hotels\/pool-cabanas\/","title":{"rendered":"Piscinas y caba\u00f1as"},"content":{"rendered":"<section class=\"two-images container-max sm-block --flip sm-block\">\n    <div class=\"two-images__container --flip\">\n\n        <div class=\"two-images__column\">\n            <div class=\"two-images__content\">\n                <div class=\"two-images__content-header-container\">\n                                            <h2 class=\"two-images__content-header\">Alquiler de caba\u00f1as en Santa M\u00f3nica<\/h2>                                    <\/div>\n                                    <div class=\"two-images__content-body wysiwyg\">\n                        <p>\u00bfBuscas un lugar donde puedas salir por la puerta y estar a poca distancia de la arena? No busques m\u00e1s. Hay varios alquileres de caba\u00f1as junto a la playa en Santa M\u00f3nica, por lo que no tendr\u00e1s que ir muy lejos para encontrar el alquiler vacacional perfecto para tu viaje a la costa de California. Echa un vistazo a algunos de nuestros favoritos y recuerda reservar con anticipaci\u00f3n, ya que estas impresionantes instalaciones se llenan r\u00e1pidamente.<\/p>\n                    <\/div>\n                                            <\/div>\n        <\/div>\n\n        <div class=\"two-images__column\">\n                            <div class=\"two-images__image-container\">\n                    <img decoding=\"async\" width=\"425\" height=\"505\" src=\"https:\/\/www.santamonica.com\/wp-content\/uploads\/2022\/06\/santa-monica-day-beachfront-pool.jpg\" class=\"two-images__image\" alt=\"Hotel Shore Pool Santa M\u00f3nica\" loading=\"lazy\" srcset=\"https:\/\/www.santamonica.com\/wp-content\/uploads\/2022\/06\/santa-monica-day-beachfront-pool.jpg 425w, https:\/\/www.santamonica.com\/wp-content\/uploads\/2022\/06\/santa-monica-day-beachfront-pool-252x300.jpg 252w, https:\/\/www.santamonica.com\/wp-content\/uploads\/2022\/06\/santa-monica-day-beachfront-pool-126x150.jpg 126w\" sizes=\"auto, (max-width: 425px) 100vw, 425px\" title=\"\">                    \n\n                <\/div>\n                    <\/div>\n\n        <div class=\"two-images__column\">\n                            <div class=\"two-images__image-container\">\n                    <img decoding=\"async\" width=\"1024\" height=\"765\" src=\"https:\/\/www.santamonica.com\/wp-content\/uploads\/2022\/06\/los-angeles-area-poolside-cabanas-1024x765.jpg\" class=\"two-images__image\" alt=\"\" loading=\"lazy\" srcset=\"https:\/\/www.santamonica.com\/wp-content\/uploads\/2022\/06\/los-angeles-area-poolside-cabanas-1024x765.jpg 1024w, https:\/\/www.santamonica.com\/wp-content\/uploads\/2022\/06\/los-angeles-area-poolside-cabanas-300x224.jpg 300w, https:\/\/www.santamonica.com\/wp-content\/uploads\/2022\/06\/los-angeles-area-poolside-cabanas-201x150.jpg 201w, https:\/\/www.santamonica.com\/wp-content\/uploads\/2022\/06\/los-angeles-area-poolside-cabanas-768x574.jpg 768w, https:\/\/www.santamonica.com\/wp-content\/uploads\/2022\/06\/los-angeles-area-poolside-cabanas.jpg 1339w\" sizes=\"auto, (max-width: 1024px) 100vw, 1024px\" title=\"\">                    \n\n                <\/div>\n                    <\/div>\n\n    <\/div>\n<\/section>\n\n\n<section class=\"sun-title sm-block --theme6 sm-block\">\n            <h3 class=\"sun-title__headline\">Viceroy Santa M\u00f3nica<\/h3>    \n            <div class=\"sun-title__body  wysiwyg\">\n                    <p>A<a href=\"https:\/\/www.santamonica.com\/es\/hoteles\/virrey-santa-monica\/\">\u00a0Viceroy Santa M\u00f3nica<\/a>\u00a0El alquiler de caba\u00f1as ofrece la oportunidad de disfrutar de lujosas caba\u00f1as de dise\u00f1o creativo situadas junto a la playa de Santa M\u00f3nica y los mejores restaurantes y tiendas de la ciudad. Con m\u00faltiples unidades, muchas de las caba\u00f1as de alquiler de Viceroy son al aire libre (para que pueda disfrutar de la brisa del mar) y ofrecen amplias vistas al oc\u00e9ano. Adem\u00e1s, Viceroy Santa M\u00f3nica le invita a disfrutar de la mejor experiencia de relajaci\u00f3n con una impecable piscina al aire libre, tumbonas de cortes\u00eda y un restaurante interior y exterior. Las caba\u00f1as y el acceso a la piscina est\u00e1n disponibles mediante pases diarios para los hu\u00e9spedes que no se alojan en el hotel.<\/p>\n                        <\/div>\n    <\/section>\n\n\n<section class=\"sun-title sm-block --theme6 sm-block\">\n            <h3 class=\"sun-title__headline\">Sandbourne Santa Monica<\/h3>    \n            <div class=\"sun-title__body  wysiwyg\">\n                    <p class=\"p1\">Ubicado en 1740 Ocean Avenue, <a href=\"https:\/\/www.santamonica.com\/es\/hoteles\/le-merigot-santa-monica\/\">Sandbourne Santa Monica<\/a> cuenta con 175 habitaciones y suites meticulosamente dise\u00f1adas. La lujosa piscina, adornada con caba\u00f1as, complementa el emblem\u00e1tico tel\u00f3n de fondo de la playa de Santa M\u00f3nica. Nuestro moderno gimnasio interior\/exterior est\u00e1 pensado para los amantes del bienestar, mientras que el parque para perros y la colmena de abejas que hay en las instalaciones refuerzan nuestro compromiso con una experiencia diversa y sostenible para nuestros hu\u00e9spedes.<\/p>\n                        <\/div>\n    <\/section>\n\n\n<section class=\"sun-title sm-block --theme6 sm-block\">\n            <h3 class=\"sun-title__headline\">Hotel Pierside<\/h3>    \n            <div class=\"sun-title__body  wysiwyg\">\n                    <p>Rel\u00e1jese en el agua despu\u00e9s de un d\u00eda de turismo en <a href=\"https:\/\/www.santamonica.com\/es\/hoteles\/el-hotel-pierside-santa-monica\/\">Hotel Pierside<\/a>\u2019. El Pierside Hotel, un destino de ensue\u00f1o para darse un chapuz\u00f3n y disfrutar de un respiro a la sombra del sol de Santa M\u00f3nica, ofrece alquiler de sof\u00e1s y sillas para acompa\u00f1ar las bebidas y aperitivos junto a la piscina de <a href=\"https:\/\/www.santamonica.com\/es\/restaurantes\/el-zorro-surfista\/\">El zorro surfero<\/a>. Los hu\u00e9spedes que no se alojen en el hotel pueden alquilar muebles y acceder a la piscina mediante pases diarios.<\/p>\n                        <\/div>\n    <\/section>\n\n\n\n<section class=\"two-images container-max sm-block  sm-block\">\n    <div class=\"two-images__container\">\n\n        <div class=\"two-images__column\">\n            <div class=\"two-images__content\">\n                <div class=\"two-images__content-header-container\">\n                                            <h2 class=\"two-images__content-header\">Encuentre un alquiler de caba\u00f1as para alberca cerca de Los \u00c1ngeles<\/h2>                                    <\/div>\n                                    <div class=\"two-images__content-body wysiwyg\">\n                        <p>Aclaremos las cosas. Hay muchas caba\u00f1as en alquiler en Santa M\u00f3nica. \u00a1Santa M\u00f3nica est\u00e1 a solo 24 km en coche del centro de Los \u00c1ngeles! Si quieres alejarte del ajetreo de la metr\u00f3poli, pero sin renunciar a la facilidad de acceso a todas las ofertas urbanas, alquilar una caba\u00f1a en Santa M\u00f3nica es la opci\u00f3n perfecta. Estas son algunas de las mejores caba\u00f1as en alquiler en Santa M\u00f3nica con piscinas climatizadas al aire libre.<\/p>\n                    <\/div>\n                                            <\/div>\n        <\/div>\n\n        <div class=\"two-images__column\">\n                            <div class=\"two-images__image-container\">\n                    <img decoding=\"async\" width=\"425\" height=\"505\" src=\"https:\/\/www.santamonica.com\/wp-content\/uploads\/2022\/06\/downtown-hotels-with-pool.jpg\" class=\"two-images__image\" alt=\"Hoteles con piscina en el centro de Santa M\u00f3nica\" loading=\"lazy\" srcset=\"https:\/\/www.santamonica.com\/wp-content\/uploads\/2022\/06\/downtown-hotels-with-pool.jpg 425w, https:\/\/www.santamonica.com\/wp-content\/uploads\/2022\/06\/downtown-hotels-with-pool-252x300.jpg 252w, https:\/\/www.santamonica.com\/wp-content\/uploads\/2022\/06\/downtown-hotels-with-pool-126x150.jpg 126w\" sizes=\"auto, (max-width: 425px) 100vw, 425px\" title=\"\">                    \n\n                <\/div>\n                    <\/div>\n\n        <div class=\"two-images__column\">\n                            <div class=\"two-images__image-container\">\n                    <img decoding=\"async\" width=\"1024\" height=\"765\" src=\"https:\/\/www.santamonica.com\/wp-content\/uploads\/2022\/06\/downtown-santa-monica-hotel-with-pool-1024x765.jpg\" class=\"two-images__image\" alt=\"\" loading=\"lazy\" srcset=\"https:\/\/www.santamonica.com\/wp-content\/uploads\/2022\/06\/downtown-santa-monica-hotel-with-pool-1024x765.jpg 1024w, https:\/\/www.santamonica.com\/wp-content\/uploads\/2022\/06\/downtown-santa-monica-hotel-with-pool-300x224.jpg 300w, https:\/\/www.santamonica.com\/wp-content\/uploads\/2022\/06\/downtown-santa-monica-hotel-with-pool-201x150.jpg 201w, https:\/\/www.santamonica.com\/wp-content\/uploads\/2022\/06\/downtown-santa-monica-hotel-with-pool-768x574.jpg 768w, https:\/\/www.santamonica.com\/wp-content\/uploads\/2022\/06\/downtown-santa-monica-hotel-with-pool.jpg 1339w\" sizes=\"auto, (max-width: 1024px) 100vw, 1024px\" title=\"\">                    \n\n                <\/div>\n                    <\/div>\n\n    <\/div>\n<\/section>\n\n\n<section class=\"sun-title sm-block --theme6 sm-block\">\n            <h3 class=\"sun-title__headline\">Hotel Santa Monica Proper<\/h3>    \n            <div class=\"sun-title__body  wysiwyg\">\n                    <p>El moderno<a href=\"https:\/\/www.santamonica.com\/es\/hoteles\/hotel-en-santa-monica\/\">\u00a0Hotel Santa Monica Proper<\/a>\u00a0ofrece alquiler de caba\u00f1as que se caracterizan por su opulencia org\u00e1nica. El hotel aprovech\u00f3 la luz natural y la brisa marina de la ciudad para ofrecer caba\u00f1as privadas con habitaciones bellamente decoradas y muy luminosas. Con una terraza con piscina en la azotea, un restaurante y bar, y el Surya Spa, que ofrece programas orientados a la salud espiritual, mental y emocional, \u00a1reserve su estancia con antelaci\u00f3n porque el alquiler de caba\u00f1as en el Santa Monica Proper Hotel tiene una gran demanda!<\/p>\n                        <\/div>\n    <\/section>\n\n\n<section class=\"sun-title sm-block --theme6 sm-block\">\n            <h3 class=\"sun-title__headline\">Courtyard By Marriott Santa M\u00f3nica<\/h3>    \n            <div class=\"sun-title__body  wysiwyg\">\n                    <p>Ubicado en el coraz\u00f3n del centro de Santa M\u00f3nica, a poca distancia del muelle y la playa, el<a href=\"https:\/\/www.santamonica.com\/es\/hoteles\/courtyard-by-marriott-santa-monica\/\"> Courtyard by Marriott Santa M\u00f3nica<\/a>\u00a0es famoso por sus modernas instalaciones y su lujosa ropa de cama. En la terraza de la piscina, el Courtyard Hotel ofrece caba\u00f1as privadas que no es necesario reservar con antelaci\u00f3n. Disfrute de una comida y bebida excelentes en el centro de la ciudad, d\u00e9 un paseo hasta la playa de Santa M\u00f3nica para ver la puesta de sol o simplemente rel\u00e1jese junto a la piscina climatizada. \u00a1La elecci\u00f3n es suya cuando se aloje en el Courtyard by Marriott!<\/p>\n                        <\/div>\n    <\/section>\n\n\n<section class=\"sun-title sm-block --theme6 sm-block\">\n            <h3 class=\"sun-title__headline\">Hilton Santa Monica Hotel &amp; Suites<\/h3>    \n            <div class=\"sun-title__body  wysiwyg\">\n                    <p>Con una ubicaci\u00f3n ideal a pocos pasos de la playa, en la calle 4, el<a href=\"https:\/\/www.santamonica.com\/es\/hoteles\/hilton-santa-monica-hotel-and-suites\/\"> Hilton Santa Monica Hotel &amp; Suites<\/a>\u00a0ha inaugurado nuevas instalaciones en abril de 2021, que incluyen una piscina para hu\u00e9spedes y hermosas caba\u00f1as privadas. Echa un vistazo a esta terraza con piscina ideal para familias y disfruta de un d\u00eda de relajaci\u00f3n.\u00a0\u00a0<b>\u00a0<\/b><\/p>\n                        <\/div>\n    <\/section>\n\n\n\n<section class=\"two-images container-max sm-block --flip sm-block\">\n    <div class=\"two-images__container --flip\">\n\n        <div class=\"two-images__column\">\n            <div class=\"two-images__content\">\n                <div class=\"two-images__content-header-container\">\n                                            <h2 class=\"two-images__content-header\">M\u00e1s opciones de caba\u00f1as de lujo en Santa M\u00f3nica<\/h2>                                    <\/div>\n                                    <div class=\"two-images__content-body wysiwyg\">\n                        <p>\u00bfSigues buscando el lugar perfecto para tu escapada? Hay muchos hoteles de lujo a lo largo de la costa de Santa M\u00f3nica que ofrecen suites de varias habitaciones para familias o amigos. Tanto si quieres disfrutar de una piscina en la azotea como relajarte en la playa, aqu\u00ed encontrar\u00e1s los mejores alojamientos de lujo.<\/p>\n                    <\/div>\n                                            <\/div>\n        <\/div>\n\n        <div class=\"two-images__column\">\n                            <div class=\"two-images__image-container\">\n                    <img decoding=\"async\" width=\"425\" height=\"505\" src=\"https:\/\/www.santamonica.com\/wp-content\/uploads\/2022\/06\/poolside-santa-monica-downtown.jpg\" class=\"two-images__image\" alt=\"\" loading=\"lazy\" srcset=\"https:\/\/www.santamonica.com\/wp-content\/uploads\/2022\/06\/poolside-santa-monica-downtown.jpg 425w, https:\/\/www.santamonica.com\/wp-content\/uploads\/2022\/06\/poolside-santa-monica-downtown-252x300.jpg 252w, https:\/\/www.santamonica.com\/wp-content\/uploads\/2022\/06\/poolside-santa-monica-downtown-126x150.jpg 126w\" sizes=\"auto, (max-width: 425px) 100vw, 425px\" title=\"\">                    \n\n                <\/div>\n                    <\/div>\n\n        <div class=\"two-images__column\">\n                            <div class=\"two-images__image-container\">\n                    <img decoding=\"async\" width=\"1024\" height=\"765\" src=\"https:\/\/www.santamonica.com\/wp-content\/uploads\/2022\/06\/luxury-hotel-pools-la-1024x765.jpg\" class=\"two-images__image\" alt=\"\" loading=\"lazy\" srcset=\"https:\/\/www.santamonica.com\/wp-content\/uploads\/2022\/06\/luxury-hotel-pools-la-1024x765.jpg 1024w, https:\/\/www.santamonica.com\/wp-content\/uploads\/2022\/06\/luxury-hotel-pools-la-300x224.jpg 300w, https:\/\/www.santamonica.com\/wp-content\/uploads\/2022\/06\/luxury-hotel-pools-la-201x150.jpg 201w, https:\/\/www.santamonica.com\/wp-content\/uploads\/2022\/06\/luxury-hotel-pools-la-768x574.jpg 768w, https:\/\/www.santamonica.com\/wp-content\/uploads\/2022\/06\/luxury-hotel-pools-la.jpg 1339w\" sizes=\"auto, (max-width: 1024px) 100vw, 1024px\" title=\"\">                    \n\n                <\/div>\n                    <\/div>\n\n    <\/div>\n<\/section>\n\n\n<section class=\"sun-title sm-block --theme6 sm-block\">\n            <h3 class=\"sun-title__headline\">Persianas en la playa<\/h3>    \n            <div class=\"sun-title__body  wysiwyg\">\n                    <p>Con kil\u00f3metros de felicidad junto a la playa,<a href=\"https:\/\/www.santamonica.com\/es\/hoteles\/persianas-en-la-playa\/\">\u00a0Contraventanas en la playa<\/a>\u00a0en Santa M\u00f3nica es tu hogar junto al mar lejos de casa. C\u00f3modo y lujoso, el hotel Shutters on the Beach ofrece amplias habitaciones y suites con vistas al mar y una elegante decoraci\u00f3n inspirada en las casas de playa. Adem\u00e1s, este elegante refugio cuenta con restaurantes de alta cocina con platos t\u00edpicos de la costa y servicios de conserjer\u00eda. Shutters on the Beach, uno de los pocos hoteles de Santa M\u00f3nica con piscina con vistas a la playa, tambi\u00e9n ofrece a sus hu\u00e9spedes tumbonas y sombrillas en la arena.<\/p>\n                        <\/div>\n    <\/section>\n\n\n<section class=\"sun-title sm-block --theme6 sm-block\">\n            <h3 class=\"sun-title__headline\">Hotel Casa Del Mar<\/h3>    \n            <div class=\"sun-title__body  wysiwyg\">\n                    <p><a href=\"https:\/\/www.santamonica.com\/es\/hoteles\/hotel-casa-del-mar\/\">Hotel Casa Del Mar<\/a>\u00a0ofrece a sus hu\u00e9spedes la opci\u00f3n de una \u201cmini caba\u00f1a\u201d con silla de playa y sombrilla en la arena de la playa estatal de Santa M\u00f3nica para que disfruten de las olas con todo lujo.<\/p>\n                        <\/div>\n    <\/section>\n\n\n<section class=\"sun-title sm-block --theme6 sm-block\">\n            <h3 class=\"sun-title__headline\">HYATT CENTRIC DELFINA SANTA M\u00d3NICA<\/h3>    \n            <div class=\"sun-title__body  wysiwyg\">\n                    <section class=\"content-block\">\n<div class=\"width-restrict --content\">\n<article class=\"post-content \/ subpage-intro\">\n<div class=\"subpage-intro__content wizzywig\">\n<p>Disfrute de las vistas de la ciudad y del oc\u00e9ano Pac\u00edfico durante su estancia en <a href=\"https:\/\/www.santamonica.com\/es\/hoteles\/hyatt-centric-delfina-santa-monica\/\">Hyatt Centric Delfina Santa Monica<\/a>. Este moderno hotel se encuentra a poca distancia a pie del muelle de Santa M\u00f3nica y ofrece a sus hu\u00e9spedes alquiler gratuito de bicicletas, servicio de aparcacoches gratuito y champ\u00e1n. Las habitaciones y suites cuentan con vistas al mar, balcones privados y mobiliario moderno.<\/p>\n<\/div>\n<\/article>\n<\/div>\n<\/section>\n                        <\/div>\n    <\/section>","protected":false},"excerpt":{"rendered":"","protected":false},"author":1450,"featured_media":340926,"parent":0,"menu_order":0,"comment_status":"closed","ping_status":"closed","template":"template-editorial.php","meta":{"_acf_changed":false,"inline_featured_image":false,"footnotes":""},"silos":[3890],"class_list":["post-339851","page","type-page","status-publish","has-post-thumbnail","hentry"],"acf":[],"_links":{"self":[{"href":"https:\/\/www.santamonica.com\/es\/wp-json\/wp\/v2\/pages\/339851","targetHints":{"allow":["GET"]}}],"collection":[{"href":"https:\/\/www.santamonica.com\/es\/wp-json\/wp\/v2\/pages"}],"about":[{"href":"https:\/\/www.santamonica.com\/es\/wp-json\/wp\/v2\/types\/page"}],"author":[{"embeddable":true,"href":"https:\/\/www.santamonica.com\/es\/wp-json\/wp\/v2\/users\/1450"}],"replies":[{"embeddable":true,"href":"https:\/\/www.santamonica.com\/es\/wp-json\/wp\/v2\/comments?post=339851"}],"version-history":[{"count":106,"href":"https:\/\/www.santamonica.com\/es\/wp-json\/wp\/v2\/pages\/339851\/revisions"}],"predecessor-version":[{"id":766078,"href":"https:\/\/www.santamonica.com\/es\/wp-json\/wp\/v2\/pages\/339851\/revisions\/766078"}],"wp:featuredmedia":[{"embeddable":true,"href":"https:\/\/www.santamonica.com\/es\/wp-json\/wp\/v2\/media\/340926"}],"wp:attachment":[{"href":"https:\/\/www.santamonica.com\/es\/wp-json\/wp\/v2\/media?parent=339851"}],"wp:term":[{"taxonomy":"silos","embeddable":true,"href":"https:\/\/www.santamonica.com\/es\/wp-json\/wp\/v2\/silos?post=339851"}],"curies":[{"name":"wp","href":"https:\/\/api.w.org\/{rel}","templated":true}]}}