{"id":338406,"date":"2022-06-21T13:08:16","date_gmt":"2022-06-21T20:08:16","guid":{"rendered":"https:\/\/www.santamonica.com\/?page_id=338406"},"modified":"2025-12-09T08:38:24","modified_gmt":"2025-12-09T16:38:24","slug":"informacion-de-seguridad-para-desplazarse-por-santa-monica","status":"publish","type":"page","link":"https:\/\/www.santamonica.com\/es\/transportation\/safety-information-getting-around-santa-monica\/","title":{"rendered":"Desplazarse con seguridad"},"content":{"rendered":"<section class=\"image-section-break sm-block\" id=\"Walking\">\n    <div class=\"image-section-break__image-wrapper\">\n                    <picture>\n                    <source\n                        media=\"(min-width: 768px)\"\n                        srcset=\"https:\/\/www.santamonica.com\/wp-content\/uploads\/2022\/07\/Santa-Monica-Crosswalk-Pedestrians.png\"\n                    >\n                    <img decoding=\"async\" src=\"https:\/\/www.santamonica.com\/wp-content\/uploads\/2022\/07\/Santa-Monica-Crosswalk-Pedestrians-mobile.png\" class=\"image-section-break__image\" alt=\"Cruce peatonal en Santa M\u00f3nica con peatones\" title=\"\">\n            <\/picture>\n                \n\n    <\/div>\n    <div class=\"image-section-break__text-content\">\n        <div class=\"image-section-break__first-content --theme3\">\n                            <div class=\"image-section-break__eyebrow-text\">Consejos de seguridad<\/div>\n                                        <h2 class=\"image-section-break__title\">Caminar<\/h2>\n                                        <div class=\"image-section-break__body-copy wysiwyg\"><ul>\n<li><span style=\"font-weight: 400;\">Aunque los peatones tienen prioridad en los cruces peatonales, tenga cuidado y establezca contacto visual con los conductores para asegurarse de que lo han visto y est\u00e1n deteniendo su veh\u00edculo.<\/span><\/li>\n<li><span style=\"font-weight: 400;\">Enviar mensajes de texto o llevar aud\u00edfonos o auriculares y escuchar m\u00fasica mientras caminas dificulta tu audici\u00f3n y puede distraerte.<\/span><\/li>\n<li><span style=\"font-weight: 400;\">Los peatones solo pueden cruzar en los cruces peatonales se\u00f1alizados. Cruzar fuera de un cruce peatonal se\u00f1alizado (cruzar imprudentemente) es una infracci\u00f3n que puede dar lugar a una multa policial por violaci\u00f3n.<\/span><\/li>\n<\/ul>\n<\/div>\n                                <\/div>\n        <div class=\"image-section-break__second-content\">\n                            <div class=\"image-section-break__body-copy wysiwyg\"><ul>\n<li><span style=\"font-weight: 400;\">Cruza solo cuando el sem\u00e1foro est\u00e9 en verde o cuando se active la se\u00f1al de \u201cwalk\u201d (cruzar). Las intersecciones con prioridad para peatones est\u00e1n en funcionamiento en todo el centro de Santa M\u00f3nica. En estas intersecciones, el ciclo del sem\u00e1foro incluye una fase exclusiva para peatones, lo que permite a las personas que van a pie o en bicicleta cruzar en todas las direcciones, incluso en diagonal, al mismo tiempo.<\/span><\/li>\n<li><span style=\"font-weight: 400;\">Ten mucho cuidado al cruzar con ni\u00f1os. Recuerda que los conductores pueden no ver a los m\u00e1s peque\u00f1os; t\u00f3malos de la mano mientras cruzan.<\/span><\/li>\n<li><span style=\"font-weight: 400;\">No reclame el derecho de paso con un veh\u00edculo que circula a gran velocidad. Deje tiempo suficiente para que los veh\u00edculos puedan detenerse.<\/span><\/li>\n<\/ul>\n<\/div>\n                                <\/div>\n    <\/div>\n<\/section>\n\n\n\n<section class=\"image-section-break sm-block\" id=\"Biking\">\n    <div class=\"image-section-break__image-wrapper\">\n                    <picture>\n                    <source\n                        media=\"(min-width: 768px)\"\n                        srcset=\"https:\/\/www.santamonica.com\/wp-content\/uploads\/2022\/07\/Santa-Monica-Bike-Path-1.png\"\n                    >\n                    <img decoding=\"async\" src=\"https:\/\/www.santamonica.com\/wp-content\/uploads\/2022\/07\/Santa-Monica-Bike-Path-Mobile-1.png\" class=\"image-section-break__image\" alt=\"Carril bici de Santa M\u00f3nica\" title=\"\">\n            <\/picture>\n                \n\n    <\/div>\n    <div class=\"image-section-break__text-content\">\n        <div class=\"image-section-break__first-content --theme3\">\n                            <div class=\"image-section-break__eyebrow-text\">Conducir con seguridad<\/div>\n                                        <h2 class=\"image-section-break__title\">En bicicleta<\/h2>\n                                        <div class=\"image-section-break__body-copy wysiwyg\"><ul>\n<li style=\"font-weight: 400;\" aria-level=\"1\"><span style=\"font-weight: 400;\">Presta atenci\u00f3n y mantente alerta.<\/span><\/li>\n<li style=\"font-weight: 400;\" aria-level=\"1\"><span style=\"font-weight: 400;\">Utilice siempre casco. (Los menores de 18 a\u00f1os deben llevar casco por ley). Los tres de Santa Monica Travel &amp; Tourism\u00a0<a href=\"https:\/\/www.santamonica.com\/es\/acerca-de\/centros-de-visitantes\/\">Centros de informaci\u00f3n para visitantes<\/a> Ofrecemos cascos gratuitos de talla \u00fanica y reciclaje gratuito de cascos.<\/span><\/li>\n<li><span style=\"font-weight: 400;\">Respete todas las leyes y se\u00f1ales de tr\u00e1nsito. Det\u00e9ngase en las se\u00f1ales de alto y los sem\u00e1foros en rojo.<\/span><\/li>\n<\/ul>\n<\/div>\n                                <\/div>\n        <div class=\"image-section-break__second-content\">\n                            <div class=\"image-section-break__body-copy wysiwyg\"><ul>\n<li><span style=\"font-weight: 400;\">Conducir en sentido contrario al tr\u00e1fico es ilegal y peligroso. Conduce por el lado derecho de la carretera, en el sentido del tr\u00e1fico, y utiliza el carril bici cuando est\u00e9 disponible.<\/span><\/li>\n<li style=\"font-weight: 400;\" aria-level=\"1\"><span style=\"font-weight: 400;\">Utilice se\u00f1ales manuales y contacto visual para comunicarse con los conductores, otros ciclistas y peatones.<\/span><\/li>\n<li style=\"font-weight: 400;\" aria-level=\"1\"><span style=\"font-weight: 400;\">Hazte visible para los conductores, especialmente de noche. Usa luces y reflectores y v\u00edstete con ropa de colores vivos.<\/span><\/li>\n<li style=\"font-weight: 400;\" aria-level=\"1\"><span style=\"font-weight: 400;\">En los cruces peatonales, cruza cuando la luz de tr\u00e1fico espec\u00edfica para bicicletas se encienda con un s\u00edmbolo verde de bicicleta.<\/span><\/li>\n<\/ul>\n<\/div>\n                                <\/div>\n    <\/div>\n<\/section>\n\n\n\n<section class=\"image-section-break sm-block\" id=\"Driving\">\n    <div class=\"image-section-break__image-wrapper\">\n                \n\n    <\/div>\n    <div class=\"image-section-break__text-content\">\n        <div class=\"image-section-break__first-content --theme3\">\n                            <div class=\"image-section-break__eyebrow-text\">Desplazarse con seguridad<\/div>\n                                        <h2 class=\"image-section-break__title\">Conducir<\/h2>\n                                        <div class=\"image-section-break__body-copy wysiwyg\"><ul>\n<li><span style=\"font-weight: 400;\">Santa M\u00f3nica es una ciudad muy activa. Mant\u00e9n la atenci\u00f3n en la carretera en todo momento.<\/span><\/li>\n<li><span style=\"font-weight: 400;\">Los conductores y pasajeros deben llevar siempre puesto el cintur\u00f3n de seguridad. Los ni\u00f1os menores de 8 a\u00f1os y con una estatura inferior a 1,45 metros deben utilizar un asiento de seguridad.<\/span><\/li>\n<li><span style=\"font-weight: 400;\">Los peatones tienen prioridad en los cruces peatonales. Las luces rojas intermitentes indican que los conductores deben detenerse. Espere siempre a que los peatones crucen de forma segura.<\/span><\/li>\n<li><span style=\"font-weight: 400;\">Cuando estacione, mantenga sus objetos de valor fuera de la vista o ll\u00e9velos consigo.<\/span><\/li>\n<\/ul>\n<\/div>\n                                <\/div>\n        <div class=\"image-section-break__second-content\">\n                            <div class=\"image-section-break__body-copy wysiwyg\"><ul>\n<li><span style=\"font-weight: 400;\">Excepto en los cruces peatonales cuando la luz de \u201cwalk\u201d (caminar) est\u00e1 encendida, o cuando hay se\u00f1ales indicativas, los conductores pueden girar a la derecha en un sem\u00e1foro en rojo despu\u00e9s de detenerse completamente, siempre y cuando no haya tr\u00e1fico.\u00a0<\/span><\/li>\n<li><span style=\"font-weight: 400;\">No se permite circular con autom\u00f3viles por los carriles bus, excepto para girar a la derecha, lo cual est\u00e1 restringido durante las horas pico.<\/span><\/li>\n<li><span style=\"font-weight: 400;\">Respete los l\u00edmites de velocidad establecidos.<\/span><\/li>\n<li><span style=\"font-weight: 400;\">Los conductores deben detenerse ante los veh\u00edculos policiales y de emergencia con luces y sirenas encendidas.<\/span><\/li>\n<li><span style=\"font-weight: 400;\">No env\u00edes mensajes de texto ni utilices el tel\u00e9fono mientras conduces: es ilegal y aumenta la probabilidad de sufrir un accidente 23,2 veces m\u00e1s que cuando se conduce sin estar bajo los efectos del alcohol.<\/span><\/li>\n<\/ul>\n<\/div>\n                                <\/div>\n    <\/div>\n<\/section>\n\n\n\n<section class=\"image-section-break sm-block\" id=\"Riding\">\n    <div class=\"image-section-break__image-wrapper\">\n                    <picture>\n                    <source\n                        media=\"(min-width: 768px)\"\n                        srcset=\"https:\/\/www.santamonica.com\/wp-content\/uploads\/2022\/07\/Santa-Monica-Metro-2.png\"\n                    >\n                    <img decoding=\"async\" src=\"https:\/\/www.santamonica.com\/wp-content\/uploads\/2022\/07\/Santa-Monica-Metro-Mobile-2.png\" class=\"image-section-break__image\" alt=\"Estaci\u00f3n de metro de Santa M\u00f3nica\" title=\"\">\n            <\/picture>\n                \n\n    <\/div>\n    <div class=\"image-section-break__text-content\">\n        <div class=\"image-section-break__first-content --theme3\">\n                            <div class=\"image-section-break__eyebrow-text\">Consejos para el metro<\/div>\n                                        <h2 class=\"image-section-break__title\">Viajando en tren<\/h2>\n                                        <div class=\"image-section-break__body-copy wysiwyg\"><ul>\n<li style=\"font-weight: 400;\" aria-level=\"1\"><span style=\"font-weight: 400;\">Mant\u00e9n siempre la distancia con respecto a un tren en movimiento. Mantente alejado del borde del and\u00e9n, nunca corras detr\u00e1s ni junto a un tren en movimiento y espera a que el tren se detenga por completo antes de acercarte.<\/span><\/li>\n<li style=\"font-weight: 400;\" aria-level=\"1\"><span style=\"font-weight: 400;\">Sujete a sus hijos cuando se acerque un tren para evitar que se acerquen demasiado a las v\u00edas.<\/span><\/li>\n<li style=\"font-weight: 400;\" aria-level=\"1\"><span style=\"font-weight: 400;\">No patines ni andes en bicicleta en el and\u00e9n, las escaleras o las escaleras mec\u00e1nicas.<\/span><\/li>\n<\/ul>\n<\/div>\n                                <\/div>\n        <div class=\"image-section-break__second-content\">\n                            <div class=\"image-section-break__body-copy wysiwyg\"><ul>\n<li><span style=\"font-weight: 400;\">Al subir al tren, tenga cuidado al cruzar el espacio entre el and\u00e9n y el tren.<\/span><\/li>\n<li style=\"font-weight: 400;\" aria-level=\"1\"><span style=\"font-weight: 400;\">Mant\u00e9ngase alejado de las puertas del tren; tocarlas o apoyarse en ellas podr\u00eda obstruir su movimiento.<\/span><\/li>\n<li style=\"font-weight: 400;\" aria-level=\"1\"><span style=\"font-weight: 400;\">Nunca se suba a los veh\u00edculos ferroviarios ni camine por las v\u00edas.<\/span><\/li>\n<li style=\"font-weight: 400;\" aria-level=\"1\"><span style=\"font-weight: 400;\">Presta atenci\u00f3n a las barreras bajadas. Nunca intentes adelantar al tren rodeando las barreras. En su lugar, espera a que se levanten despu\u00e9s de que pase el tren.<\/span><\/li>\n<li style=\"font-weight: 400;\" aria-level=\"1\"><span style=\"font-weight: 400;\">Como peat\u00f3n, mire y escuche si vienen trenes en todas las direcciones.<\/span><\/li>\n<\/ul>\n<\/div>\n                                <\/div>\n    <\/div>\n<\/section>\n\n\n\n<section class=\"image-section-break sm-block\" id=\"Scootering\">\n    <div class=\"image-section-break__image-wrapper\">\n                    <picture>\n                    <source\n                        media=\"(min-width: 768px)\"\n                        srcset=\"https:\/\/www.santamonica.com\/wp-content\/uploads\/2023\/08\/Veo-scooter-Santa-Monica-1656x574-1.jpg\"\n                    >\n                    <img decoding=\"async\" src=\"https:\/\/www.santamonica.com\/wp-content\/uploads\/2023\/08\/Veo-scooter-Santa-Monica-650x866-1.jpg\" class=\"image-section-break__image\" alt=\"\" title=\"\">\n            <\/picture>\n                \n\n    <\/div>\n    <div class=\"image-section-break__text-content\">\n        <div class=\"image-section-break__first-content --theme3\">\n                            <div class=\"image-section-break__eyebrow-text\">Conduce con precauci\u00f3n<\/div>\n                                        <h2 class=\"image-section-break__title\">Andar en patineta<\/h2>\n                                        <div class=\"image-section-break__body-copy wysiwyg\"><ul>\n<li style=\"font-weight: 400;\" aria-level=\"1\"><span style=\"font-weight: 400;\">Los cascos son <\/span><span style=\"font-weight: 400;\">necesario para <\/span><span style=\"font-weight: 400;\">menores de 18 a\u00f1os. Los tres de Santa Monica Travel &amp; Tourism <a href=\"https:\/\/www.santamonica.com\/es\/acerca-de\/centros-de-visitantes\/\">Centros de informaci\u00f3n para visitantes<\/a> Ofrecemos cascos gratuitos de talla \u00fanica y reciclaje gratuito de cascos.<\/span><\/li>\n<li style=\"font-weight: 400;\" aria-level=\"1\"><span style=\"font-weight: 400;\">Est\u00e1 prohibido viajar con m\u00e1s de un pasajero en la motocicleta.<\/span><\/li>\n<\/ul>\n<\/div>\n                                <\/div>\n        <div class=\"image-section-break__second-content\">\n                            <div class=\"image-section-break__body-copy wysiwyg\"><ul>\n<li><span style=\"font-weight: 400;\">Las motos el\u00e9ctricas deben circular por la carretera, nunca por la acera, y no pueden estacionarse en la acera obstaculizando el paso de los peatones. Los conductores deben respetar las normas de tr\u00e1nsito.<\/span><\/li>\n<li style=\"font-weight: 400;\" aria-level=\"1\"><span style=\"font-weight: 400;\">No se permite el uso de patinetes motorizados en los carriles bici de la playa, el muelle de Santa M\u00f3nica, el paseo mar\u00edtimo Third Street Promenade ni en los parques municipales, incluido el parque Palisades.<\/span><\/li>\n<li style=\"font-weight: 400;\" aria-level=\"1\"><span style=\"font-weight: 400;\">El uso nocturno de scooters motorizados que carezcan del equipo de iluminaci\u00f3n adecuado es ilegal.<\/span><\/li>\n<\/ul>\n<\/div>\n                                <\/div>\n    <\/div>\n<\/section>\n\n\n<section class=\"travel-tips --theme7 sm-block base-block\">\n    <div class=\"travel-tips__inner\">\n        <div class=\"travel-tips__body-col\">\n                            <img decoding=\"async\" src=\"https:\/\/www.santamonica.com\/wp-content\/uploads\/2022\/06\/responsible-badge-1.svg\" alt=\"Viaja por Santa M\u00f3nica con responsabilidad\" title=\"\">\n                                        <p class=\"travel-tips__intro\">Viaja de forma segura y sostenible para ayudar a mantener la belleza de Santa M\u00f3nica al tiempo que te mantienes sano con estos consejos.<\/p>\n                    <\/div>\n        <div class=\"travel-tips__links-col\">\n                        <div class=\"travel-tips__link-row\">\n                                    <img decoding=\"async\" src=\"https:\/\/www.santamonica.com\/wp-content\/uploads\/2022\/06\/Parking-Information.svg\" alt=\"Aparcamiento en Santa M\u00f3nica\" title=\"\">\n                                                    <a class=\"travel-tips__link\" href=\"https:\/\/www.santamonica.com\/es\/transporte\/estacionamiento\/\">\n                        Informaci\u00f3n sobre el aparcamiento                    <\/a>\n                            <\/div>\n                        <div class=\"travel-tips__link-row\">\n                                    <img decoding=\"async\" src=\"https:\/\/www.santamonica.com\/wp-content\/uploads\/2022\/06\/What-to-Pack.svg\" alt=\"C\u00f3mo hacer la maleta para viajar a Santa M\u00f3nica\" title=\"\">\n                                                    <a class=\"travel-tips__link\" href=\"https:\/\/www.santamonica.com\/es\/vivir-santa-monica\/que-llevar\/\">\n                        Qu\u00e9 meter en la maleta                    <\/a>\n                            <\/div>\n                        <div class=\"travel-tips__link-row\">\n                                    <img decoding=\"async\" src=\"https:\/\/www.santamonica.com\/wp-content\/uploads\/2022\/06\/Health-and-Safety.svg\" alt=\"Consejos de seguridad para viajar a Santa M\u00f3nica\" title=\"\">\n                                                    <a class=\"travel-tips__link\" href=\"https:\/\/www.santamonica.com\/es\/vivir-santa-monica\/seguridad\/\">\n                        Salud y seguridad                    <\/a>\n                            <\/div>\n                        <div class=\"travel-tips__link-row\">\n                                    <img decoding=\"async\" src=\"https:\/\/www.santamonica.com\/wp-content\/uploads\/2022\/06\/The-Essentials.svg\" alt=\"Lo esencial del viaje a Santa M\u00f3nica\" title=\"\">\n                                                    <a class=\"travel-tips__link\" href=\"https:\/\/www.santamonica.com\/es\/vivir-santa-monica\/elementos-esenciales\/\">\n                        Lo esencial                    <\/a>\n                            <\/div>\n                    <\/div>\n\n    <\/div>\n<\/section>\n\n\n<section class=\"blog-feed --theme8 sm-block\">\n    <div class=\"blog-feed__content\">\n        <div class=\"blog-feed__intro\">\n                            <div class=\"blog-feed__eyebrow eyebrow\">Blogs<\/div>                                        <h1 class=\"blog-feed__headline\">Descubre Santa M\u00f3nica<\/h1>                                        <div class=\"blog-feed__body\"><p>Explore itinerarios, consejos locales, lugares de inter\u00e9s y aventuras seleccionadas para sacar el m\u00e1ximo partido a su experiencia en Santa M\u00f3nica.<\/p>\n<\/div>\n                                        <a class=\"blog-feed__cta\" href=\"https:\/\/www.santamonica.com\/es\/entradas-de-blog\/\">Ver todos los blogs<\/a>\n                    <\/div>\n\n        <ul class=\"blog-feed__list\">\n                                                <li class=\"blog-feed__item\">\n                        <a href=\"https:\/\/www.santamonica.com\/es\/things-to-do\/outdoors\/\" class=\"blog-feed__item-link\">\n                            <div class=\"blog-feed__image-ratio\">\n                                <img decoding=\"async\" class=\"blog-feed__image\" src=\"https:\/\/www.santamonica.com\/wp-content\/uploads\/2020\/04\/Santa-Monica-Virtual-Beach-blog-post-featured-400x400.jpg\" alt=\"Salga al aire libre y disfrute del aire fresco y la brisa marina en Santa M\u00f3nica\" title=\"\">\n                            <\/div>\n                            <div class=\"blog-feed__card-title\">Salga al aire libre y disfrute del aire fresco y la brisa marina en Santa M\u00f3nica<\/div>\n                        <\/a>\n                    <\/li>\n                                                                <li class=\"blog-feed__item\">\n                        <a href=\"https:\/\/www.santamonica.com\/es\/things-to-do\/coastal-chronicles-the-history-of-santa-monicas-libraries\/\" class=\"blog-feed__item-link\">\n                            <div class=\"blog-feed__image-ratio\">\n                                <img decoding=\"async\" class=\"blog-feed__image\" src=\"https:\/\/www.santamonica.com\/wp-content\/uploads\/2024\/04\/Untitled-design-34-400x400.jpg\" alt=\"Cr\u00f3nicas costeras: La historia de las bibliotecas de Santa M\u00f3nica\" title=\"\">\n                            <\/div>\n                            <div class=\"blog-feed__card-title\">Cr\u00f3nicas costeras: La historia de las bibliotecas de Santa M\u00f3nica<\/div>\n                        <\/a>\n                    <\/li>\n                                                                <li class=\"blog-feed__item\">\n                        <a href=\"https:\/\/www.santamonica.com\/es\/experience-santa-monica\/15-movies-to-satiate-your-santa-monica-wanderlust\/\" class=\"blog-feed__item-link\">\n                            <div class=\"blog-feed__image-ratio\">\n                                <img decoding=\"async\" class=\"blog-feed__image\" src=\"https:\/\/www.santamonica.com\/wp-content\/uploads\/2020\/03\/Movies-Filmed-in-Santa-Monica-blog-post-featured-400x400.jpg\" alt=\"Pel\u00edculas y programas de televisi\u00f3n para saciar su apetito por Santa M\u00f3nica\" title=\"\">\n                            <\/div>\n                            <div class=\"blog-feed__card-title\">Pel\u00edculas y programas de televisi\u00f3n para saciar su apetito por Santa M\u00f3nica<\/div>\n                        <\/a>\n                    <\/li>\n                                    <\/ul>\n    <\/div>\n<\/section>","protected":false},"excerpt":{"rendered":"","protected":false},"author":1421,"featured_media":350184,"parent":0,"menu_order":0,"comment_status":"closed","ping_status":"closed","template":"template-editorial.php","meta":{"_acf_changed":false,"inline_featured_image":false,"footnotes":""},"silos":[3906],"class_list":["post-338406","page","type-page","status-publish","has-post-thumbnail","hentry"],"acf":[],"_links":{"self":[{"href":"https:\/\/www.santamonica.com\/es\/wp-json\/wp\/v2\/pages\/338406","targetHints":{"allow":["GET"]}}],"collection":[{"href":"https:\/\/www.santamonica.com\/es\/wp-json\/wp\/v2\/pages"}],"about":[{"href":"https:\/\/www.santamonica.com\/es\/wp-json\/wp\/v2\/types\/page"}],"author":[{"embeddable":true,"href":"https:\/\/www.santamonica.com\/es\/wp-json\/wp\/v2\/users\/1421"}],"replies":[{"embeddable":true,"href":"https:\/\/www.santamonica.com\/es\/wp-json\/wp\/v2\/comments?post=338406"}],"version-history":[{"count":140,"href":"https:\/\/www.santamonica.com\/es\/wp-json\/wp\/v2\/pages\/338406\/revisions"}],"predecessor-version":[{"id":387365,"href":"https:\/\/www.santamonica.com\/es\/wp-json\/wp\/v2\/pages\/338406\/revisions\/387365"}],"wp:featuredmedia":[{"embeddable":true,"href":"https:\/\/www.santamonica.com\/es\/wp-json\/wp\/v2\/media\/350184"}],"wp:attachment":[{"href":"https:\/\/www.santamonica.com\/es\/wp-json\/wp\/v2\/media?parent=338406"}],"wp:term":[{"taxonomy":"silos","embeddable":true,"href":"https:\/\/www.santamonica.com\/es\/wp-json\/wp\/v2\/silos?post=338406"}],"curies":[{"name":"wp","href":"https:\/\/api.w.org\/{rel}","templated":true}]}}